{"id":35486,"date":"2025-07-09T23:13:21","date_gmt":"2025-07-09T23:13:21","guid":{"rendered":"https:\/\/bazaar.express\/zasady-dorucovani\/"},"modified":"2025-11-19T19:22:12","modified_gmt":"2025-11-19T19:22:12","slug":"zasady-dorucovani","status":"publish","type":"page","link":"https:\/\/bazaar.express\/cs\/zasady-dorucovani\/","title":{"rendered":"Z\u00e1sady doru\u010dov\u00e1n\u00ed"},"content":{"rendered":"\n<div id=\"wd-2224c909\" class=\"wp-block-wd-section\">\n<div id=\"wd-9e66acd2\" class=\"wp-block-wd-row wd-custom-width\">\n<div id=\"wd-028f0595\" class=\"wp-block-wd-column wd-align-is-sm-flex-start wd-parallax-on-scroll wd_scroll_x_80 wd_scroll_y_-1 wd_scroll_z_0 wd_scroll_smoothness_30\">\n<div id=\"wd-3e48b85d\" class=\"wp-block-wd-container wd-dir-col wd-custom-width wd-align-s-center\">\n<p id=\"wd-9fab6704\" class=\"wp-block-wd-paragraph wd-align wd-hide-sm\">D\u016eV\u011aRYHODN\u00dd<\/p>\n\n\n\n<p id=\"wd-c27c0a1a\" class=\"wp-block-wd-paragraph wd-align-s-start\">Rychl\u00e1 a spolehliv\u00e1 p\u0159eprava z Egypta a\u017e k va\u0161im dve\u0159\u00edm<\/p>\n\n\n\n<h2 id=\"wd-e68f6a6e\" class=\"wp-block-wd-title title wd-align-s-start\">Rychl\u00e1 <span class=\"wd-highlight\">mezin\u00e1rodn\u00ed p\u0159eprava<\/span> &#8211; p\u0159\u00edmo k va\u0161im dve\u0159\u00edm<\/h2>\n\n\n\n<p id=\"wd-31a61dfc\" class=\"wp-block-wd-paragraph\"><strong>\ud83d\ude9a Dopravujeme p\u0159\u00edmo z Egypta a\u017e k v\u00e1m dom\u016f prost\u0159ednictv\u00edm d\u016fv\u011bryhodn\u00fdch sv\u011btov\u00fdch dopravc\u016f<\/strong><br\/><br\/><strong>\ud83d\udce6 DHL a FedEx<\/strong> &#8211; <strong>spolehliv\u011b, rychle a bezpe\u010dn\u011b.<\/strong><br\/><br\/><strong>\ud83d\uddd3\ufe0f Zpracov\u00e1n\u00ed objedn\u00e1vky:<\/strong> Od ned\u011ble do \u010dtvrtka<br\/>V p\u00e1tek a sobotu se z\u00e1silky nepos\u00edlaj\u00ed <em>(kur\u00fdrn\u00ed kancel\u00e1\u0159e jsou zav\u0159en\u00e9)<\/em><br\/>V\u0161echny z\u00e1silky jsou <strong>profesion\u00e1ln\u011b zabaleny pro maxim\u00e1ln\u00ed ochranu.<\/strong><\/p>\n<\/div>\n<\/div>\n\n\n\n<div id=\"wd-e6639068\" class=\"wp-block-wd-column wd-align-is-sm-center wd-align\">\n<div id=\"wd-f2f31493\" class=\"wp-block-wd-image wd-block-image\"><img loading=\"lazy\" decoding=\"async\" width=\"430\" height=\"645\" class=\"wp-image-34921\" src=\"https:\/\/bazaar.express\/wp-content\/uploads\/2025\/08\/Real-Smiles-from-Real-Customers-430x645.webp\" alt=\"\" title=\"\" srcset=\"https:\/\/bazaar.express\/wp-content\/uploads\/2025\/08\/Real-Smiles-from-Real-Customers-430x645.webp 430w, https:\/\/bazaar.express\/wp-content\/uploads\/2025\/08\/Real-Smiles-from-Real-Customers-200x300.webp 200w, https:\/\/bazaar.express\/wp-content\/uploads\/2025\/08\/Real-Smiles-from-Real-Customers-533x800.webp 533w, https:\/\/bazaar.express\/wp-content\/uploads\/2025\/08\/Real-Smiles-from-Real-Customers-768x1152.webp 768w, https:\/\/bazaar.express\/wp-content\/uploads\/2025\/08\/Real-Smiles-from-Real-Customers-700x1050.webp 700w, https:\/\/bazaar.express\/wp-content\/uploads\/2025\/08\/Real-Smiles-from-Real-Customers-150x225.webp 150w, https:\/\/bazaar.express\/wp-content\/uploads\/2025\/08\/Real-Smiles-from-Real-Customers.webp 1024w\" sizes=\"auto, (max-width: 430px) 100vw, 430px\" \/><\/div>\n<\/div>\n<\/div>\n\n\n\n<div id=\"wd-10bcde3c\" class=\"wp-block-wd-row wd-custom-width\">\n<div id=\"wd-84672fc3\" class=\"wp-block-wd-column wd-align-is-sm-center wd-align\">\n<div id=\"wd-003e240f\" class=\"wp-block-wd-image wd-block-image\"><img loading=\"lazy\" decoding=\"async\" width=\"430\" height=\"645\" class=\"wp-image-34937\" src=\"https:\/\/bazaar.express\/wp-content\/uploads\/2025\/08\/Delivery-Time-430x645.webp\" alt=\"\" title=\"\" srcset=\"https:\/\/bazaar.express\/wp-content\/uploads\/2025\/08\/Delivery-Time-430x645.webp 430w, https:\/\/bazaar.express\/wp-content\/uploads\/2025\/08\/Delivery-Time-200x300.webp 200w, https:\/\/bazaar.express\/wp-content\/uploads\/2025\/08\/Delivery-Time-533x800.webp 533w, https:\/\/bazaar.express\/wp-content\/uploads\/2025\/08\/Delivery-Time-768x1152.webp 768w, https:\/\/bazaar.express\/wp-content\/uploads\/2025\/08\/Delivery-Time-700x1050.webp 700w, https:\/\/bazaar.express\/wp-content\/uploads\/2025\/08\/Delivery-Time-150x225.webp 150w, https:\/\/bazaar.express\/wp-content\/uploads\/2025\/08\/Delivery-Time.webp 1024w\" sizes=\"auto, (max-width: 430px) 100vw, 430px\" \/><\/div>\n<\/div>\n\n\n\n<div id=\"wd-d628cde6\" class=\"wp-block-wd-column wd-align-is-sm-flex-start wd-parallax-on-scroll wd_scroll_x_80 wd_scroll_y_-1 wd_scroll_z_0 wd_scroll_smoothness_30\">\n<div id=\"wd-e41e9d73\" class=\"wp-block-wd-container wd-dir-col wd-custom-width wd-align-s-center\">\n<p id=\"wd-1de11508\" class=\"wp-block-wd-paragraph wd-align wd-hide-sm\">DELIVERED<\/p>\n\n\n\n<p id=\"wd-a470ef36\" class=\"wp-block-wd-paragraph wd-align-s-start\">Sledujte svou objedn\u00e1vku &#8211; bu\u010fte aktualizov\u00e1ni<\/p>\n\n\n\n<h2 id=\"wd-ba0f3522\" class=\"wp-block-wd-title title wd-align-s-start\">Odhadovan\u00e1 doba dod\u00e1n\u00ed<\/h2>\n\n\n\n<p id=\"wd-0d454d10\" class=\"wp-block-wd-paragraph\"><br\/>\ud83d\udd50 <strong>5 a\u017e 10 pracovn\u00edch dn\u016f<\/strong>. V z\u00e1vislosti na zemi. <br\/><br\/><strong>\ud83d\udccd Vzd\u00e1len\u00e9 oblasti<\/strong> mohou vy\u017eadovat n\u011bkolik dn\u00ed nav\u00edc.<br\/><br\/>\ud83d\udd0e <strong>Obdr\u017e\u00edte \u010d\u00edslo pro sledov\u00e1n\u00ed<\/strong> z\u00e1silky v re\u00e1ln\u00e9m \u010dase.<\/p>\n<\/div>\n<\/div>\n<\/div>\n<\/div>\n\n<div id=\"wd-be3bdbeb\" class=\"wp-block-wd-section\">\n<div id=\"wd-03578b9d\" class=\"wp-block-wd-row\">\n<div id=\"wd-3533f18b\" class=\"wp-block-wd-column\">\n<p id=\"wd-21c00905\" class=\"wp-block-wd-paragraph wd-align\">U\u0161et\u0159ete v\u00edce, kdy\u017e v\u00edce utr\u00e1c\u00edte<\/p>\n\n\n\n<div id=\"wd-bd98f0b3\" class=\"wp-block-wd-divider wd-style-line wd-added-title\"><div class=\"wd-divider-inner\">\n<h2 id=\"wd-b277538e\" class=\"wp-block-wd-title title wd-align\">Sazby za p\u0159epravu na z\u00e1klad\u011b celkov\u00e9 objedn\u00e1vky<\/h2>\n<\/div><\/div>\n<\/div>\n<\/div>\n\n\n\n<div id=\"wd-a80ddc21\" class=\"wp-block-wd-row\">\n<div id=\"wd-6f131add\" class=\"wp-block-wd-column\">\n<div id=\"wd-7ed4c122\" class=\"wp-block-wd-menu-price wd-menu-price\">\n<div id=\"wd-baf155a3\" class=\"wp-block-wd-container wd-dir-row wd-menu-price-content\">\n<h2 id=\"wd-a7001cd3\" class=\"wp-block-wd-title title wd-entities-title\">Objedn\u00e1vka celkem:  <\/h2>\n\n\n\n<p id=\"wd-98844f38\" class=\"wp-block-wd-paragraph amount\">$0 &#8211; $49.99<\/p>\n\n\n\n<p id=\"wd-b28faf78\" class=\"wp-block-wd-paragraph wd-menu-price-desc wd-custom-width\"><em>Poplatek za dopravu<\/em>: <mark style=\"background-color:#ff6900\" class=\"has-inline-color has-white-color\"> 20 USD<\/mark><\/p>\n<\/div>\n<\/div>\n<\/div>\n\n\n\n<div id=\"wd-507932cd\" class=\"wp-block-wd-column\">\n<div id=\"wd-f183d9ac\" class=\"wp-block-wd-menu-price wd-menu-price\">\n<div id=\"wd-710b3d95\" class=\"wp-block-wd-container wd-dir-row wd-menu-price-content\">\n<h2 id=\"wd-52218457\" class=\"wp-block-wd-title title wd-entities-title\">Objedn\u00e1vka celkem:  <\/h2>\n\n\n\n<p id=\"wd-9ed90456\" class=\"wp-block-wd-paragraph amount\">$50 &#8211; $74.99<\/p>\n\n\n\n<p id=\"wd-49be6a5b\" class=\"wp-block-wd-paragraph wd-menu-price-desc wd-custom-width\"><em>Poplatek za dopravu<\/em>: <mark style=\"background-color:#ff6900\" class=\"has-inline-color has-white-color\"> 10 USD<\/mark><\/p>\n<\/div>\n<\/div>\n<\/div>\n<\/div>\n\n\n\n<div id=\"wd-5add4e98\" class=\"wp-block-wd-row\">\n<div id=\"wd-a7a7af30\" class=\"wp-block-wd-column\">\n<div id=\"wd-b9958a5e\" class=\"wp-block-wd-menu-price wd-menu-price\">\n<div id=\"wd-c0d405dd\" class=\"wp-block-wd-container wd-dir-row wd-menu-price-content\">\n<h2 id=\"wd-87a29467\" class=\"wp-block-wd-title title wd-entities-title\">Objedn\u00e1vka celkem:  <\/h2>\n\n\n\n<p id=\"wd-157349c1\" class=\"wp-block-wd-paragraph amount\">$75 &#8211; $119.99<\/p>\n\n\n\n<p id=\"wd-dc0b5067\" class=\"wp-block-wd-paragraph wd-menu-price-desc wd-custom-width\"><em>P\u0159epravn\u00ed poplatek<\/em>: pouze <mark style=\"background-color:#ff6900\" class=\"has-inline-color has-white-color\"> 5 USD<\/mark> <\/p>\n<\/div>\n<\/div>\n<\/div>\n\n\n\n<div id=\"wd-991e1e12\" class=\"wp-block-wd-column\">\n<div id=\"wd-ab884162\" class=\"wp-block-wd-menu-price wd-menu-price\">\n<div id=\"wd-da6e4ce8\" class=\"wp-block-wd-container wd-dir-row wd-menu-price-content\">\n<h2 id=\"wd-dfe1884c\" class=\"wp-block-wd-title title wd-entities-title\">Objedn\u00e1vka celkem:  <\/h2>\n\n\n\n<p id=\"wd-aa6c8993\" class=\"wp-block-wd-paragraph amount\">120 USD a v\u00edce<\/p>\n\n\n\n<p id=\"wd-8ae44bd8\" class=\"wp-block-wd-paragraph wd-menu-price-desc wd-custom-width\"><em>Poplatek za dopravu<\/em>: Doprava po cel\u00e9m sv\u011bt\u011b <mark style=\"background-color:#ff6900\" class=\"has-inline-color has-white-color\">ZDARMA<\/mark> <\/p>\n<\/div>\n<\/div>\n<\/div>\n<\/div>\n<\/div>\n\n<div id=\"wd-4ca789da\" class=\"wp-block-wd-section\">\n<div id=\"wd-dd23b235\" class=\"wp-block-wd-row wd-custom-width\">\n<div id=\"wd-a107a73e\" class=\"wp-block-wd-column wd-align-is-sm-flex-start wd-parallax-on-scroll wd_scroll_x_80 wd_scroll_y_-1 wd_scroll_z_0 wd_scroll_smoothness_30\">\n<div id=\"wd-e1737118\" class=\"wp-block-wd-container wd-dir-col wd-custom-width wd-align-s-center\">\n<p id=\"wd-4da06010\" class=\"wp-block-wd-paragraph wd-align wd-hide-sm\">ZDARMA<\/p>\n\n\n\n<p id=\"wd-4609f74c\" class=\"wp-block-wd-paragraph wd-align-s-start\">U\u0161et\u0159ete v\u00edce s dopravou zdarma!<\/p>\n\n\n\n<h2 id=\"wd-431550ea\" class=\"wp-block-wd-title title wd-align-s-start\">Objednejte si zbo\u017e\u00ed <span class=\"wd-highlight\">v hodnot\u011b 120 dolar\u016f nebo vy\u0161\u0161\u00ed<\/span> a u\u017eijte si ho:<\/h2>\n\n\n\n<ul class=\"wp-block-list has-medium-font-size\">\n<li>Doprava zdarma po cel\u00e9m sv\u011bt\u011b<\/li>\n\n\n\n<li>Pr\u00e9miov\u00e9 balen\u00ed<\/li>\n\n\n\n<li>Rychl\u00e1 z\u00e1kaznick\u00e1 podpora<\/li>\n<\/ul>\n\n\n\n<p id=\"wd-9a8b7ab1\" class=\"wp-block-wd-paragraph color-scheme-light\">Tip: Spojte sv\u00e9 produkty do jedn\u00e9 objedn\u00e1vky, abyste se vyhnuli dal\u0161\u00edm poplatk\u016fm za dopravu a z\u00edskali v\u011bt\u0161\u00ed hodnotu!<\/p>\n<\/div>\n<\/div>\n\n\n\n<div id=\"wd-0abe29c7\" class=\"wp-block-wd-column wd-align-is-sm-center wd-align\">\n<div id=\"wd-a8c58773\" class=\"wp-block-wd-image wd-block-image\"><img loading=\"lazy\" decoding=\"async\" width=\"1024\" height=\"1536\" class=\"wp-image-34981\" src=\"https:\/\/bazaar.express\/wp-content\/uploads\/2025\/08\/bazaar-free-shipping.webp\" alt=\"\" title=\"\" srcset=\"https:\/\/bazaar.express\/wp-content\/uploads\/2025\/08\/bazaar-free-shipping.webp 1024w, https:\/\/bazaar.express\/wp-content\/uploads\/2025\/08\/bazaar-free-shipping-200x300.webp 200w, https:\/\/bazaar.express\/wp-content\/uploads\/2025\/08\/bazaar-free-shipping-533x800.webp 533w, https:\/\/bazaar.express\/wp-content\/uploads\/2025\/08\/bazaar-free-shipping-768x1152.webp 768w, https:\/\/bazaar.express\/wp-content\/uploads\/2025\/08\/bazaar-free-shipping-430x645.webp 430w, https:\/\/bazaar.express\/wp-content\/uploads\/2025\/08\/bazaar-free-shipping-700x1050.webp 700w, https:\/\/bazaar.express\/wp-content\/uploads\/2025\/08\/bazaar-free-shipping-150x225.webp 150w\" sizes=\"auto, (max-width: 1024px) 100vw, 1024px\" \/><\/div>\n<\/div>\n<\/div>\n\n\n\n<div id=\"wd-66d0f73e\" class=\"wp-block-wd-row wd-custom-width\">\n<div id=\"wd-19d69b29\" class=\"wp-block-wd-column wd-align-is-sm-center wd-align\">\n<div id=\"wd-7fed1f98\" class=\"wp-block-wd-image wd-block-image wd-parallax-on-scroll wd_scroll_x_0 wd_scroll_y_-80 wd_scroll_z_0 wd_scroll_smoothness_30\"><img loading=\"lazy\" decoding=\"async\" width=\"1024\" height=\"1536\" class=\"wp-image-34990\" src=\"https:\/\/bazaar.express\/wp-content\/uploads\/2025\/08\/Return-Replacement-Policy.webp\" alt=\"\" title=\"\" srcset=\"https:\/\/bazaar.express\/wp-content\/uploads\/2025\/08\/Return-Replacement-Policy.webp 1024w, https:\/\/bazaar.express\/wp-content\/uploads\/2025\/08\/Return-Replacement-Policy-200x300.webp 200w, https:\/\/bazaar.express\/wp-content\/uploads\/2025\/08\/Return-Replacement-Policy-533x800.webp 533w, https:\/\/bazaar.express\/wp-content\/uploads\/2025\/08\/Return-Replacement-Policy-768x1152.webp 768w, https:\/\/bazaar.express\/wp-content\/uploads\/2025\/08\/Return-Replacement-Policy-430x645.webp 430w, https:\/\/bazaar.express\/wp-content\/uploads\/2025\/08\/Return-Replacement-Policy-700x1050.webp 700w, https:\/\/bazaar.express\/wp-content\/uploads\/2025\/08\/Return-Replacement-Policy-150x225.webp 150w\" sizes=\"auto, (max-width: 1024px) 100vw, 1024px\" \/><\/div>\n<\/div>\n\n\n\n<div id=\"wd-ef463543\" class=\"wp-block-wd-column wd-align-is-sm-flex-start wd-parallax-on-scroll wd_scroll_x_80 wd_scroll_y_-1 wd_scroll_z_0 wd_scroll_smoothness_30\">\n<div id=\"wd-b2492b61\" class=\"wp-block-wd-container wd-dir-col wd-custom-width wd-align-s-center\">\n<p id=\"wd-99d8a97f\" class=\"wp-block-wd-paragraph wd-align wd-hide-sm\">Bezprobl\u00e9mov\u00e9<\/p>\n\n\n\n<p id=\"wd-ad8646f1\" class=\"wp-block-wd-paragraph wd-align-s-start\">Bezprobl\u00e9mov\u00e9 vr\u00e1cen\u00ed a v\u00fdm\u011bna po\u0161kozen\u00e9ho nebo nespr\u00e1vn\u00e9ho zbo\u017e\u00ed<\/p>\n\n\n\n<h2 id=\"wd-4283ad34\" class=\"wp-block-wd-title title wd-align-s-start\">Pravidla pro vracen\u00ed a v\u00fdm\u011bnu zbo\u017e\u00ed<\/h2>\n\n\n\n<p id=\"wd-c71febf7\" class=\"wp-block-wd-paragraph\">Pokud obdr\u017e\u00edte po\u0161kozen\u00fd produkt, nespr\u00e1vn\u00e9 zbo\u017e\u00ed nebo dojde k chyb\u011b na na\u0161\u00ed stran\u011b, za\u0161leme v\u00e1m spr\u00e1vn\u00e9 zbo\u017e\u00ed na<br\/>zdarma &#8211; bez dal\u0161\u00edch poplatk\u016f.<br\/>Kontaktujte n\u00e1s do 48 hodin od obdr\u017een\u00ed objedn\u00e1vky s jasn\u00fdmi fotografiemi.<\/p>\n<\/div>\n<\/div>\n<\/div>\n<\/div>\n\n<div id=\"wd-c9e378c5\" class=\"wp-block-wd-section\">\n<div id=\"wd-dbe0b404\" class=\"wp-block-wd-row\">\n<div id=\"wd-7c8b8068\" class=\"wp-block-wd-column wd-align\">\n<p id=\"wd-c2610ea5\" class=\"wp-block-wd-title title\">Kontaktujte n\u00e1s kdykoli<\/p>\n\n\n\n<h2 id=\"wd-c5cb5939\" class=\"wp-block-wd-title title\">M\u00e1te dotaz? Pot\u0159ebujete pomoci s objedn\u00e1vkou? Chcete si vy\u017e\u00e1dat polo\u017eku na zak\u00e1zku?  <\/h2>\n\n\n\n<div id=\"wd-d6995e1f\" class=\"wp-block-wd-row\">\n<div id=\"wd-13a53c51\" class=\"wp-block-wd-column\">\n<div id=\"wd-91fe3b16\" class=\"wp-block-wd-infobox wd-hover-parent wd-icon-top\">\n<div id=\"wd-6ddfe9da\" class=\"wp-block-wd-icon\"><img decoding=\"async\" class=\"wp-image-34966\" src=\"https:\/\/bazaar.express\/wp-content\/uploads\/2025\/08\/w-repair-infobox-element.svg\" alt=\"\" title=\"\"><\/div>\n\n\n\n<div id=\"wd-98d9c0fb\" class=\"wp-block-wd-container wd-dir-col\">\n<h2 id=\"wd-39426773\" class=\"wp-block-wd-title title\">WhatsApp \/ Viber:<\/h2>\n\n\n\n<p id=\"wd-2cbda732\" class=\"wp-block-wd-paragraph\">+20 150 355 5598<\/p>\n<\/div>\n<\/div>\n<\/div>\n\n\n\n<div id=\"wd-1cdf31dc\" class=\"wp-block-wd-column\">\n<div id=\"wd-9d1493b6\" class=\"wp-block-wd-infobox wd-hover-parent wd-icon-top\">\n<div id=\"wd-b8e6c497\" class=\"wp-block-wd-icon\"><img decoding=\"async\" class=\"wp-image-34966\" src=\"https:\/\/bazaar.express\/wp-content\/uploads\/2025\/08\/w-repair-infobox-element.svg\" alt=\"\" title=\"\"><\/div>\n\n\n\n<div id=\"wd-aadff8ea\" class=\"wp-block-wd-container wd-dir-col\">\n<h2 id=\"wd-b85ce3db\" class=\"wp-block-wd-title title\"><a href=\"E-mail:\">E-mail:<\/a><\/h2>\n\n\n\n<p id=\"wd-8ce7aef7\" class=\"wp-block-wd-paragraph\">bazaarexpressapp@gmail.com<\/p>\n<\/div>\n<\/div>\n<\/div>\n<\/div>\n<\/div>\n<\/div>\n<\/div>\n","protected":false},"excerpt":{"rendered":"","protected":false},"author":174,"featured_media":0,"parent":0,"menu_order":0,"comment_status":"closed","ping_status":"closed","template":"","meta":{"footnotes":""},"class_list":["post-35486","page","type-page","status-publish","hentry"],"_links":{"self":[{"href":"https:\/\/bazaar.express\/cs\/wp-json\/wp\/v2\/pages\/35486","targetHints":{"allow":["GET"]}}],"collection":[{"href":"https:\/\/bazaar.express\/cs\/wp-json\/wp\/v2\/pages"}],"about":[{"href":"https:\/\/bazaar.express\/cs\/wp-json\/wp\/v2\/types\/page"}],"author":[{"embeddable":true,"href":"https:\/\/bazaar.express\/cs\/wp-json\/wp\/v2\/users\/174"}],"replies":[{"embeddable":true,"href":"https:\/\/bazaar.express\/cs\/wp-json\/wp\/v2\/comments?post=35486"}],"version-history":[{"count":2,"href":"https:\/\/bazaar.express\/cs\/wp-json\/wp\/v2\/pages\/35486\/revisions"}],"predecessor-version":[{"id":36923,"href":"https:\/\/bazaar.express\/cs\/wp-json\/wp\/v2\/pages\/35486\/revisions\/36923"}],"wp:attachment":[{"href":"https:\/\/bazaar.express\/cs\/wp-json\/wp\/v2\/media?parent=35486"}],"curies":[{"name":"wp","href":"https:\/\/api.w.org\/{rel}","templated":true}]}}