{"id":35505,"date":"2017-06-21T08:08:52","date_gmt":"2017-06-21T08:08:52","guid":{"rendered":"https:\/\/bazaar.express\/seznam-prani\/"},"modified":"2025-10-18T08:03:29","modified_gmt":"2025-10-18T08:03:29","slug":"seznam-prani","status":"publish","type":"page","link":"https:\/\/bazaar.express\/cs\/seznam-prani\/","title":{"rendered":"Seznam p\u0159\u00e1n\u00ed"},"content":{"rendered":"\t\t\n\t\t\n\n\t\t\t\t<div class=\"\" >\n\t\t\t\t\t\t<div class=\"wd-wishlist-content\">\n\t\t\t\t\t\t\t\t\t\n\t\t<div class=\"wd-empty-block wd-empty-wishlist\">\n\n\t\t<h2 class=\"wd-empty-block-title\">\n\t\t\tTento seznam p\u0159\u00e1n\u00ed je pr\u00e1zdn\u00fd.\t\t<\/h2>\n\n\t\t\t\t\t<p class=\"wd-empty-block-text\">\n\t\t\t\tV seznamu p\u0159\u00e1n\u00ed zat\u00edm nem\u00e1te \u017e\u00e1dn\u00e9 produkty. Na na\u0161\u00ed str\u00e1nce \u201eObchod\u201c najdete spoustu zaj\u00edmav\u00fdch produkt\u016f.\t\t\t<\/p>\n\t\t\n\t\t\n\t\t\t\t\t<a class=\"button btn btn-accent wd-empty-block-btn\" href=\"https:\/\/bazaar.express\/cs\/obchod\/\">\n\t\t\t\tZp\u011bt do obchodu\t\t\t<\/a>\n\t\t\n\t\t\t\t\t<\/div>\n\t\t\t\t\t\t\t\t\t\t\t<\/div>\n\t\t\t\t<\/div>\n\t\t\n","protected":false},"excerpt":{"rendered":"","protected":false},"author":174,"featured_media":0,"parent":0,"menu_order":0,"comment_status":"closed","ping_status":"closed","template":"","meta":{"footnotes":""},"class_list":["post-35505","page","type-page","status-publish","hentry"],"_links":{"self":[{"href":"https:\/\/bazaar.express\/cs\/wp-json\/wp\/v2\/pages\/35505","targetHints":{"allow":["GET"]}}],"collection":[{"href":"https:\/\/bazaar.express\/cs\/wp-json\/wp\/v2\/pages"}],"about":[{"href":"https:\/\/bazaar.express\/cs\/wp-json\/wp\/v2\/types\/page"}],"author":[{"embeddable":true,"href":"https:\/\/bazaar.express\/cs\/wp-json\/wp\/v2\/users\/174"}],"replies":[{"embeddable":true,"href":"https:\/\/bazaar.express\/cs\/wp-json\/wp\/v2\/comments?post=35505"}],"version-history":[{"count":1,"href":"https:\/\/bazaar.express\/cs\/wp-json\/wp\/v2\/pages\/35505\/revisions"}],"predecessor-version":[{"id":35506,"href":"https:\/\/bazaar.express\/cs\/wp-json\/wp\/v2\/pages\/35505\/revisions\/35506"}],"wp:attachment":[{"href":"https:\/\/bazaar.express\/cs\/wp-json\/wp\/v2\/media?parent=35505"}],"curies":[{"name":"wp","href":"https:\/\/api.w.org\/{rel}","templated":true}]}}