{"id":35508,"date":"2025-02-17T21:04:23","date_gmt":"2025-02-17T21:04:23","guid":{"rendered":"https:\/\/bazaar.express\/zasady-ochrany-osobnich-udaju\/"},"modified":"2025-11-17T14:47:54","modified_gmt":"2025-11-17T14:47:54","slug":"zasady-ochrany-osobnich-udaju","status":"publish","type":"page","link":"https:\/\/bazaar.express\/cs\/zasady-ochrany-osobnich-udaju\/","title":{"rendered":"Z\u00e1sady ochrany osobn\u00edch \u00fadaj\u016f"},"content":{"rendered":"\n<div id=\"wd-42f375a5\" class=\"wp-block-wd-row\">\n<div id=\"wd-ab37dd53\" class=\"wp-block-wd-column\">\n<div id=\"wd-0d2d2dc8\" class=\"wp-block-wd-container wd-dir-col\">\n<p id=\"wd-4fb3546f\" class=\"wp-block-wd-paragraph\">Ve spole\u010dnosti <strong>Bazaar Express<\/strong> je pro n\u00e1s va\u0161e soukrom\u00ed d\u016fle\u017eit\u00e9. Tyto z\u00e1sady ochrany osobn\u00edch \u00fadaj\u016f popisuj\u00ed, jak shroma\u017e\u010fujeme, pou\u017e\u00edv\u00e1me a chr\u00e1n\u00edme va\u0161e osobn\u00ed \u00fadaje p\u0159i interakci s na\u0161imi slu\u017ebami. <\/p>\n\n\n\n<p>Pou\u017e\u00edv\u00e1n\u00edm na\u0161ich webov\u00fdch str\u00e1nek souhlas\u00edte se shroma\u017e\u010fov\u00e1n\u00edm a pou\u017e\u00edv\u00e1n\u00edm informac\u00ed, jak je pops\u00e1no v t\u011bchto Z\u00e1sad\u00e1ch ochrany osobn\u00edch \u00fadaj\u016f.<\/p>\n<\/div>\n\n\n\n<div id=\"wd-2e8e2c97\" class=\"wp-block-wd-container wd-dir-col\">\n<h2 id=\"wd-17f5a82f\" class=\"wp-block-wd-title title\"><strong>1. Informace, kter\u00e9 shroma\u017e\u010fujeme<\/strong><\/h2>\n\n\n\n<p id=\"wd-6651562e\" class=\"wp-block-wd-paragraph\">P\u0159i pou\u017e\u00edv\u00e1n\u00ed na\u0161ich webov\u00fdch str\u00e1nek m\u016f\u017eeme shroma\u017e\u010fovat n\u00e1sleduj\u00edc\u00ed typy informac\u00ed:<\/p>\n\n\n\n<ul class=\"wp-block-list\">\n<li><strong>Osobn\u00ed \u00fadaje:<\/strong> V\u010detn\u011b va\u0161eho jm\u00e9na, e-mailov\u00e9 adresy, telefonn\u00edho \u010d\u00edsla a fyzick\u00e9 adresy (m\u011bsto, st\u00e1t a PS\u010c).<\/li>\n\n\n\n<li><strong>\u00dadaje o pou\u017e\u00edv\u00e1n\u00ed:<\/strong> Jako je va\u0161e IP adresa, typ prohl\u00ed\u017ee\u010de, informace o za\u0159\u00edzen\u00ed, nav\u0161t\u00edven\u00e9 str\u00e1nky a \u010das str\u00e1ven\u00fd na webov\u00fdch str\u00e1nk\u00e1ch.<\/li>\n\n\n\n<li><strong>Soubory cookie:<\/strong> Mal\u00e9 datov\u00e9 soubory, kter\u00e9 se ukl\u00e1daj\u00ed do va\u0161eho za\u0159\u00edzen\u00ed a slou\u017e\u00ed k lep\u0161\u00edmu prohl\u00ed\u017een\u00ed. Nastaven\u00ed soubor\u016f cookie m\u016f\u017eete spravovat prost\u0159ednictv\u00edm prohl\u00ed\u017ee\u010de. <\/li>\n<\/ul>\n<\/div>\n\n\n\n<div id=\"wd-a950211d\" class=\"wp-block-wd-container wd-dir-col\">\n<h2 id=\"wd-dcfd94af\" class=\"wp-block-wd-title title\"><strong><strong>2. Jak pou\u017e\u00edv\u00e1me va\u0161e informace<\/strong><\/strong><\/h2>\n\n\n\n<p id=\"wd-fdbc0309\" class=\"wp-block-wd-paragraph\">Va\u0161e \u00fadaje m\u016f\u017eeme sd\u00edlet za n\u00e1sleduj\u00edc\u00edch okolnost\u00ed:<\/p>\n\n\n\n<ul class=\"wp-block-list\">\n<li><strong>S d\u016fv\u011bryhodn\u00fdmi poskytovateli slu\u017eeb t\u0159et\u00edch stran:<\/strong> Pro funkce, jako je p\u0159eprava, zpracov\u00e1n\u00ed plateb a technick\u00e1 podpora.<\/li>\n\n\n\n<li><strong>V obchodn\u00edch transakc\u00edch:<\/strong> Nap\u0159\u00edklad p\u0159i f\u00fazi, akvizici nebo prodeji majetku.<\/li>\n\n\n\n<li><strong>S va\u0161\u00edm souhlasem:<\/strong> Kdy\u017e n\u00e1m d\u00e1te souhlas ke sd\u00edlen\u00ed va\u0161ich \u00fadaj\u016f za ur\u010dit\u00fdm \u00fa\u010delem.<\/li>\n<\/ul>\n<\/div>\n\n\n\n<div id=\"wd-3831fc1b\" class=\"wp-block-wd-container wd-dir-col\">\n<h3 id=\"wd-c9a181ee\" class=\"wp-block-wd-title title\"><strong><strong><strong>3. Sd\u00edlen\u00ed va\u0161ich informac\u00ed<\/strong><\/strong><\/strong><\/h3>\n\n\n\n<p id=\"wd-6bc5be54\" class=\"wp-block-wd-paragraph\">Va\u0161e \u00fadaje m\u016f\u017eeme sd\u00edlet za n\u00e1sleduj\u00edc\u00edch okolnost\u00ed:<\/p>\n\n\n\n<ul class=\"wp-block-list\">\n<li><strong>S d\u016fv\u011bryhodn\u00fdmi poskytovateli slu\u017eeb t\u0159et\u00edch stran:<\/strong> Pro funkce, jako je p\u0159eprava, zpracov\u00e1n\u00ed plateb a technick\u00e1 podpora.<\/li>\n\n\n\n<li><strong>V obchodn\u00edch transakc\u00edch:<\/strong> Nap\u0159\u00edklad p\u0159i f\u00fazi, akvizici nebo prodeji majetku.<\/li>\n\n\n\n<li><strong>S va\u0161\u00edm souhlasem:<\/strong> Kdy\u017e n\u00e1m d\u00e1te souhlas ke sd\u00edlen\u00ed va\u0161ich \u00fadaj\u016f za ur\u010dit\u00fdm \u00fa\u010delem.<\/li>\n<\/ul>\n<\/div>\n\n\n\n<div id=\"wd-4322fe97\" class=\"wp-block-wd-container wd-dir-col\">\n<h2 id=\"wd-70a5fe0b\" class=\"wp-block-wd-title title\"><strong><strong><strong>4. Soubory cookie a sledovac\u00ed technologie<\/strong><\/strong><\/strong><\/h2>\n\n\n\n<p id=\"wd-a16e4855\" class=\"wp-block-wd-paragraph\">Soubory cookie a podobn\u00e9 technologie (nap\u0159. webov\u00e9 maj\u00e1ky, zna\u010dky) pou\u017e\u00edv\u00e1me ke sledov\u00e1n\u00ed chov\u00e1n\u00ed u\u017eivatel\u016f a ke zlep\u0161en\u00ed v\u00fdkonu webov\u00fdch str\u00e1nek.<\/p>\n\n\n\n<p id=\"wd-d2199e39\" class=\"wp-block-wd-paragraph\"><strong>Typy soubor\u016f cookie, kter\u00e9 pou\u017e\u00edv\u00e1me:<\/strong><\/p>\n\n\n\n<ul class=\"wp-block-list\">\n<li><strong>Z\u00e1kladn\u00ed soubory cookie:<\/strong> Vy\u017eaduj\u00ed se pro z\u00e1kladn\u00ed funkce webu, jako je p\u0159ihl\u00e1\u0161en\u00ed a spr\u00e1va \u00fa\u010dtu.<\/li>\n\n\n\n<li><strong>V\u00fdkonnostn\u00ed soubory cookie:<\/strong> Pom\u00e1haj\u00ed n\u00e1m porozum\u011bt pou\u017e\u00edv\u00e1n\u00ed webov\u00fdch str\u00e1nek a zlep\u0161ovat jejich funk\u010dnost.<\/li>\n\n\n\n<li><strong>Funk\u010dn\u00ed soubory cookie:<\/strong> Ukl\u00e1daj\u00ed va\u0161e p\u0159edvolby, nap\u0159\u00edklad v\u00fdb\u011br jazyka nebo ulo\u017een\u00e9 p\u0159ihla\u0161ovac\u00ed \u00fadaje.<\/li>\n<\/ul>\n\n\n\n<p id=\"wd-b6a09fb4\" class=\"wp-block-wd-paragraph\">Soubory cookie m\u016f\u017eete kontrolovat nebo zak\u00e1zat v nastaven\u00ed prohl\u00ed\u017ee\u010de. Vezm\u011bte pros\u00edm na v\u011bdom\u00ed, \u017ee vypnut\u00ed soubor\u016f cookie m\u016f\u017ee ovlivnit n\u011bkter\u00e9 funkce webu. <\/p>\n<\/div>\n\n\n\n<div id=\"wd-68365372\" class=\"wp-block-wd-container wd-dir-col\">\n<h2 id=\"wd-2a8510f9\" class=\"wp-block-wd-title title\"><strong><strong>5. Zabezpe\u010den\u00ed dat<\/strong><\/strong><\/h2>\n\n\n\n<p id=\"wd-a636f4b4\" class=\"wp-block-wd-paragraph\">P\u0159ij\u00edm\u00e1me vhodn\u00e1 technick\u00e1 a organiza\u010dn\u00ed opat\u0159en\u00ed na ochranu va\u0161ich osobn\u00edch \u00fadaj\u016f. A\u010dkoli \u017e\u00e1dn\u00fd zp\u016fsob p\u0159enosu p\u0159es internet nen\u00ed zcela bezpe\u010dn\u00fd, pou\u017e\u00edv\u00e1me k ochran\u011b va\u0161ich \u00fadaj\u016f standardn\u00ed bezpe\u010dnostn\u00ed protokoly. <\/p>\n<\/div>\n\n\n\n<div id=\"wd-b67ffb5a\" class=\"wp-block-wd-container wd-dir-col\">\n<h2 id=\"wd-b2deac09\" class=\"wp-block-wd-title title\"><strong><strong>6. Uchov\u00e1v\u00e1n\u00ed \u00fadaj\u016f<\/strong><\/strong><\/h2>\n\n\n\n<p id=\"wd-24855ad5\" class=\"wp-block-wd-paragraph\">Va\u0161e osobn\u00ed \u00fadaje uchov\u00e1v\u00e1me pouze tak dlouho, jak je to nezbytn\u00e9 pro spln\u011bn\u00ed \u00fa\u010del\u016f uveden\u00fdch v t\u011bchto z\u00e1sad\u00e1ch nebo jak to vy\u017eaduje z\u00e1kon. \u00dadaje o pou\u017e\u00edv\u00e1n\u00ed jsou obvykle uchov\u00e1v\u00e1ny po krat\u0161\u00ed dobu pro intern\u00ed analytick\u00e9 \u00fa\u010dely. <\/p>\n<\/div>\n\n\n\n<div id=\"wd-5c359b30\" class=\"wp-block-wd-container wd-dir-col\">\n<h2 id=\"wd-64d2d585\" class=\"wp-block-wd-title title\"><strong><strong><strong>7. Ochrana soukrom\u00ed d\u011bt\u00ed<\/strong><\/strong><\/strong><\/h2>\n\n\n\n<p id=\"wd-2d9b9685\" class=\"wp-block-wd-paragraph\">Na\u0161e slu\u017eby nejsou ur\u010deny d\u011btem mlad\u0161\u00edm 13 let. Osobn\u00ed \u00fadaje nezletil\u00fdch v\u011bdom\u011b neshroma\u017e\u010fujeme.   <br\/>Pokud se domn\u00edv\u00e1te, \u017ee n\u00e1m osobn\u00ed \u00fadaje poskytlo d\u00edt\u011b mlad\u0161\u00ed 13 let, neprodlen\u011b n\u00e1s kontaktujte, abychom mohli p\u0159ijmout p\u0159\u00edslu\u0161n\u00e1 opat\u0159en\u00ed.<\/p>\n<\/div>\n\n\n\n<div id=\"wd-0d3a5f62\" class=\"wp-block-wd-container wd-dir-col\">\n<h2 id=\"wd-096de468\" class=\"wp-block-wd-title title\">D\u011bkujeme, \u017ee jste si vybrali <strong>Bazaar Express<\/strong>. Zavazujeme se zajistit va\u0161e soukrom\u00ed a poskytnout v\u00e1m v\u00fdjime\u010dn\u00fd z\u00e1\u017eitek z nakupov\u00e1n\u00ed poka\u017ed\u00e9, kdy\u017e n\u00e1s nav\u0161t\u00edv\u00edte. <\/h2>\n<\/div>\n<\/div>\n\n\n\n<div id=\"wd-7f92c65a\" class=\"wp-block-wd-column wd-sticky-on-lg wd-align-s-start\">\n<h2 id=\"wd-01a6efe1\" class=\"wp-block-wd-title title\">Pot\u0159ebujete pomoc?<\/h2>\n\n\n\n<ul id=\"wd-d5991ee1\" class=\"wp-block-wd-list wd-list wd-type-image wd-style-default\">\n<li id=\"wd-e1629606\" class=\"wp-block-wd-list-item\"><div class=\"wd-icon\"><img loading=\"lazy\" decoding=\"async\" width=\"450\" height=\"450\" src=\"https:\/\/bazaar.express\/wp-content\/uploads\/2025\/07\/free-whatsapp-logo-3d-illustration-download-in-png-blend-fbx-gltf-file-formats-social-media-pack-logos-illustrations-4642760@0.webp\" alt=\"\" class=\"wp-image-34820\" title=\"\" srcset=\"https:\/\/bazaar.express\/wp-content\/uploads\/2025\/07\/free-whatsapp-logo-3d-illustration-download-in-png-blend-fbx-gltf-file-formats-social-media-pack-logos-illustrations-4642760@0.webp 450w, https:\/\/bazaar.express\/wp-content\/uploads\/2025\/07\/free-whatsapp-logo-3d-illustration-download-in-png-blend-fbx-gltf-file-formats-social-media-pack-logos-illustrations-4642760@0-300x300.webp 300w, https:\/\/bazaar.express\/wp-content\/uploads\/2025\/07\/free-whatsapp-logo-3d-illustration-download-in-png-blend-fbx-gltf-file-formats-social-media-pack-logos-illustrations-4642760@0-150x150.webp 150w, https:\/\/bazaar.express\/wp-content\/uploads\/2025\/07\/free-whatsapp-logo-3d-illustration-download-in-png-blend-fbx-gltf-file-formats-social-media-pack-logos-illustrations-4642760@0-430x430.webp 430w\" sizes=\"auto, (max-width: 450px) 100vw, 450px\" \/><\/div><span class=\"wd-list-content\"><a href=\"#https:\/\/wa.me\/+201503555598\" target=\"_blank\" rel=\"noreferrer noopener nofollow\">(+20) 1503555598<\/a><\/span><\/li>\n\n\n\n<li id=\"wd-771a7274\" class=\"wp-block-wd-list-item\"><div class=\"wd-icon\"><img loading=\"lazy\" decoding=\"async\" width=\"1500\" height=\"1500\" src=\"https:\/\/bazaar.express\/wp-content\/uploads\/2025\/07\/Messenger.jpg\" alt=\"\" class=\"wp-image-34852\" title=\"\" srcset=\"https:\/\/bazaar.express\/wp-content\/uploads\/2025\/07\/Messenger.jpg 1500w, https:\/\/bazaar.express\/wp-content\/uploads\/2025\/07\/Messenger-300x300.jpg 300w, https:\/\/bazaar.express\/wp-content\/uploads\/2025\/07\/Messenger-800x800.jpg 800w, https:\/\/bazaar.express\/wp-content\/uploads\/2025\/07\/Messenger-150x150.jpg 150w, https:\/\/bazaar.express\/wp-content\/uploads\/2025\/07\/Messenger-768x768.jpg 768w, https:\/\/bazaar.express\/wp-content\/uploads\/2025\/07\/Messenger-430x430.jpg 430w, https:\/\/bazaar.express\/wp-content\/uploads\/2025\/07\/Messenger-700x700.jpg 700w\" sizes=\"auto, (max-width: 1500px) 100vw, 1500px\" \/><\/div><span class=\"wd-list-content\"><a href=\"https:\/\/m.me\/BazaarExpressOnlineApp\" target=\"_blank\" data-type=\"link\" data-id=\"https:\/\/m.me\/BazaarExpressOnlineApp\" rel=\"noreferrer noopener nofollow\">Messenger<\/a><\/span><\/li>\n\n\n\n<li id=\"wd-4e13e4ae\" class=\"wp-block-wd-list-item\"><div class=\"wd-icon\"><img loading=\"lazy\" decoding=\"async\" width=\"735\" height=\"667\" src=\"https:\/\/bazaar.express\/wp-content\/uploads\/2025\/07\/d7ddf0e936c39db320e15869d30eda95.jpg\" alt=\"\" class=\"wp-image-34823\" title=\"\" srcset=\"https:\/\/bazaar.express\/wp-content\/uploads\/2025\/07\/d7ddf0e936c39db320e15869d30eda95.jpg 735w, https:\/\/bazaar.express\/wp-content\/uploads\/2025\/07\/d7ddf0e936c39db320e15869d30eda95-331x300.jpg 331w, https:\/\/bazaar.express\/wp-content\/uploads\/2025\/07\/d7ddf0e936c39db320e15869d30eda95-430x390.jpg 430w, https:\/\/bazaar.express\/wp-content\/uploads\/2025\/07\/d7ddf0e936c39db320e15869d30eda95-700x635.jpg 700w, https:\/\/bazaar.express\/wp-content\/uploads\/2025\/07\/d7ddf0e936c39db320e15869d30eda95-150x136.jpg 150w\" sizes=\"auto, (max-width: 735px) 100vw, 735px\" \/><\/div><span class=\"wd-list-content\"><a href=\"bazaarexpressapp@gmail.com\" target=\"_blank\" data-type=\"link\" data-id=\"bazaarexpressapp@gmail.com\" rel=\"noreferrer noopener nofollow\">E-mail: bazaarexpressapp@gmail.com<\/a><\/span><\/li>\n<\/ul>\n\n\n\t\t\t<div\n\t\t\t\t\t\tid=\"wd-d2c63a01\"\n\t\t\t\t\t\tclass=\" wd-social-icons wd-style-colored wd-size-default social-follow wd-shape-circle  wd-d2c63a01\">\n\t\t\t\t\n\n<span id=\"wd-617d8ed6\" class=\"wp-block-wd-paragraph wd-label\">P\u0159ihlaste se k odb\u011bru<\/span>\n\n\n\t\t\t\t\n\t\t\t\t\t\t\t\t\t<a rel=\"noopener noreferrer nofollow\" href=\"https:\/\/www.facebook.com\/share\/19C6P9wb9Y\/\" target=\"_blank\" class=\" wd-social-icon social-facebook\" aria-label=\"Facebook social link\">\n\t\t\t\t\t\t<span class=\"wd-icon\"><\/span>\n\t\t\t\t\t\t\t\t\t\t\t<\/a>\n\t\t\t\t\n\t\t\t\t\n\t\t\t\t\n\t\t\t\t\n\t\t\t\t\t\t\t\t\t<a rel=\"noopener noreferrer nofollow\" href=\"https:\/\/www.instagram.com\/bazaarexpressapp\/?igsh=YzljYTk1ODg3Zg#\" target=\"_blank\" class=\" wd-social-icon social-instagram\" aria-label=\"Instagram social link\">\n\t\t\t\t\t\t<span class=\"wd-icon\"><\/span>\n\t\t\t\t\t\t\t\t\t\t\t<\/a>\n\t\t\t\t\n\t\t\t\t\n\t\t\t\t\n\t\t\t\t\n\t\t\t\t\n\t\t\t\t\n\t\t\t\t\n\t\t\t\t\n\t\t\t\t\n\t\t\t\t\n\t\t\t\t\n\t\t\t\t\n\t\t\t\t\n\t\t\t\t\n\t\t\t\t\n\t\t\t\t\n\t\t\t\t\n\t\t\t\t\n\t\t\t\t\n\t\t\t\t\n\t\t\t\t\n\t\t\t\t\n\t\t\t<\/div>\n\n\t\t<\/div>\n<\/div>\n","protected":false},"excerpt":{"rendered":"","protected":false},"author":174,"featured_media":0,"parent":0,"menu_order":0,"comment_status":"closed","ping_status":"closed","template":"","meta":{"footnotes":""},"class_list":["post-35508","page","type-page","status-publish","hentry"],"_links":{"self":[{"href":"https:\/\/bazaar.express\/cs\/wp-json\/wp\/v2\/pages\/35508","targetHints":{"allow":["GET"]}}],"collection":[{"href":"https:\/\/bazaar.express\/cs\/wp-json\/wp\/v2\/pages"}],"about":[{"href":"https:\/\/bazaar.express\/cs\/wp-json\/wp\/v2\/types\/page"}],"author":[{"embeddable":true,"href":"https:\/\/bazaar.express\/cs\/wp-json\/wp\/v2\/users\/174"}],"replies":[{"embeddable":true,"href":"https:\/\/bazaar.express\/cs\/wp-json\/wp\/v2\/comments?post=35508"}],"version-history":[{"count":2,"href":"https:\/\/bazaar.express\/cs\/wp-json\/wp\/v2\/pages\/35508\/revisions"}],"predecessor-version":[{"id":36875,"href":"https:\/\/bazaar.express\/cs\/wp-json\/wp\/v2\/pages\/35508\/revisions\/36875"}],"wp:attachment":[{"href":"https:\/\/bazaar.express\/cs\/wp-json\/wp\/v2\/media?parent=35508"}],"curies":[{"name":"wp","href":"https:\/\/api.w.org\/{rel}","templated":true}]}}