{"id":35517,"date":"2025-01-24T21:56:08","date_gmt":"2025-01-24T21:56:08","guid":{"rendered":"https:\/\/bazaar.express\/o-nas\/"},"modified":"2025-11-17T14:46:39","modified_gmt":"2025-11-17T14:46:39","slug":"o-nas","status":"publish","type":"page","link":"https:\/\/bazaar.express\/cs\/o-nas\/","title":{"rendered":"O n\u00e1s"},"content":{"rendered":"\n<div id=\"wd-42f375a5\" class=\"wp-block-wd-row\">\n<div id=\"wd-ab37dd53\" class=\"wp-block-wd-column\">\n<div id=\"wd-0d2d2dc8\" class=\"wp-block-wd-container wd-dir-col\">\n<h2 id=\"wd-162f0ce2\" class=\"wp-block-wd-title title\"><strong>O spole\u010dnosti Bazaar Express<\/strong><\/h2>\n\n\n\n<p id=\"wd-f1441eff\" class=\"wp-block-wd-paragraph\">V\u00edtejte na str\u00e1nk\u00e1ch <strong>Bazaar Express<\/strong> &#8211; va\u0161\u00ed d\u016fv\u011bryhodn\u00e9 destinace pro online nakupov\u00e1n\u00ed.<br\/>Nab\u00edz\u00edme rozmanit\u00fd v\u00fdb\u011br vysoce kvalitn\u00edch produkt\u016f ve spojen\u00ed s v\u00fdjime\u010dn\u00fdmi slu\u017ebami, jejich\u017e c\u00edlem je, aby va\u0161e nakupov\u00e1n\u00ed bylo bezprobl\u00e9mov\u00e9 a p\u0159\u00edjemn\u00e9.<br\/>V Bazaar Express se zavazujeme poskytovat vynikaj\u00edc\u00ed kvalitu, spolehlivost a spokojenost z\u00e1kazn\u00edk\u016f &#8211; na ka\u017ed\u00e9m kroku.<\/p>\n<\/div>\n\n\n\n<div id=\"wd-2e8e2c97\" class=\"wp-block-wd-container wd-dir-col\">\n<h2 id=\"wd-17f5a82f\" class=\"wp-block-wd-title title\"><strong><strong>Kdo jsme<\/strong><\/strong>?<\/h2>\n\n\n\n<p id=\"wd-1651b599\" class=\"wp-block-wd-paragraph\"><strong>Bazaar Express<\/strong> je poh\u00e1n\u011bn t\u00fdmem profesion\u00e1l\u016f v oblasti elektronick\u00e9ho obchodov\u00e1n\u00ed, kte\u0159\u00ed se sna\u017e\u00ed dod\u00e1vat ty nejlep\u0161\u00ed produkty p\u0159\u00edmo k v\u00e1m dom\u016f.<br\/>Sna\u017e\u00edme se poskytovat bezprobl\u00e9mov\u00e9, rychl\u00e9 a bezpe\u010dn\u00e9 nakupov\u00e1n\u00ed, abychom zajistili va\u0161i spokojenost na ka\u017ed\u00e9m kroku.<\/p>\n\n\n\n<p id=\"wd-dc23ad9e\" class=\"wp-block-wd-paragraph\"><strong>Na\u0161e vize<\/strong><br\/>Poskytovat \u0161pi\u010dkov\u00e9 produkty a v\u00fdjime\u010dn\u00e9 slu\u017eby a z\u00e1rove\u0148 se d\u016fsledn\u011b sna\u017eit p\u0159ekon\u00e1vat o\u010dek\u00e1v\u00e1n\u00ed na\u0161ich z\u00e1kazn\u00edk\u016f a nastavovat nov\u00e9 standardy v oblasti online nakupov\u00e1n\u00ed.<\/p>\n<\/div>\n\n\n\n<div id=\"wd-a950211d\" class=\"wp-block-wd-container wd-dir-col\">\n<h2 id=\"wd-dcfd94af\" class=\"wp-block-wd-title title\"><strong>O majiteli<\/strong><\/h2>\n\n\n\n<ul id=\"wd-b6c26136\" class=\"wp-block-wd-list wd-list wd-type-unordered wd-style-default\">\n<li id=\"wd-d438b813\" class=\"wp-block-wd-list-item\"><div class=\"wd-icon\"><\/div><span class=\"wd-list-content\"><strong>Obchodn\u00ed registra\u010dn\u00ed \u010d\u00edslo:<\/strong> 54810<\/span><\/li>\n\n\n\n<li id=\"wd-2039b2bc\" class=\"wp-block-wd-list-item\"><div class=\"wd-icon\"><\/div><span class=\"wd-list-content\"><strong>N\u00e1rodn\u00ed identifika\u010dn\u00ed \u010d\u00edslo (subjekt):<\/strong> 577628364<\/span><\/li>\n\n\n\n<li id=\"wd-ca3205c8\" class=\"wp-block-wd-list-item\"><div class=\"wd-icon\"><\/div><span class=\"wd-list-content\"><strong>Da\u0148ov\u00e9 identifika\u010dn\u00ed \u010d\u00edslo:<\/strong> 4688446260494145<\/span><\/li>\n<\/ul>\n<\/div>\n\n\n\n<div id=\"wd-3831fc1b\" class=\"wp-block-wd-container wd-dir-col\">\n<h2 id=\"wd-f164e140\" class=\"wp-block-wd-title title\"><strong><strong>Um\u00edst\u011bn\u00ed spole\u010dnosti<\/strong><\/strong><\/h2>\n\n\n\n<p id=\"wd-0ca5aa82\" class=\"wp-block-wd-paragraph\">Egypt &#8211; Governor\u00e1t Rud\u00e9 mo\u0159e, Hurghada, Sheraton Street<\/p>\n<\/div>\n\n\n\n<div id=\"wd-4322fe97\" class=\"wp-block-wd-container wd-dir-col\">\n<p id=\"wd-24855ad5\" class=\"wp-block-wd-paragraph\">Ve spole\u010dnosti <strong>Bazaar Express<\/strong> v\u011b\u0159\u00edme, \u017ee v\u00fdjime\u010dn\u00e9 slu\u017eby znamenaj\u00ed v\u00edce ne\u017e jen nab\u00eddku vysoce kvalitn\u00edch produkt\u016f. Na\u0161\u00edm posl\u00e1n\u00edm je zajistit bezprobl\u00e9mov\u00e9 nakupov\u00e1n\u00ed &#8211; od okam\u017eiku, kdy si prohl\u00e9dnete n\u00e1\u0161 obchod, a\u017e po doru\u010den\u00ed va\u0161\u00ed objedn\u00e1vky. Sna\u017e\u00edme se poskytovat spolehlivou podporu a zajistit, aby ka\u017ed\u00fd n\u00e1kup splnil, nebo dokonce p\u0159ed\u010dil va\u0161e o\u010dek\u00e1v\u00e1n\u00ed.  <\/p>\n<\/div>\n\n\n\n<div id=\"wd-68365372\" class=\"wp-block-wd-container wd-dir-col\">\n<h2 id=\"wd-2a8510f9\" class=\"wp-block-wd-title title\"><strong><strong><strong>Na\u0161e vize<\/strong><\/strong><\/strong><\/h2>\n\n\n\n<p id=\"wd-a636f4b4\" class=\"wp-block-wd-paragraph\">Zp\u0159\u00edstupnit vysoce kvalitn\u00ed v\u00fdrobky po cel\u00e9m sv\u011bt\u011b prost\u0159ednictv\u00edm spolehliv\u00e9 mezin\u00e1rodn\u00ed p\u0159epravy a zajistit tak z\u00e1kazn\u00edk\u016fm na cel\u00e9m sv\u011bt\u011b bezprobl\u00e9mov\u00fd a uspokojiv\u00fd z\u00e1\u017eitek z nakupov\u00e1n\u00ed. Jsme odhodl\u00e1ni neust\u00e1le zlep\u0161ovat na\u0161e slu\u017eby a stanovovat nov\u00e9 standardy v oblasti glob\u00e1ln\u00edho elektronick\u00e9ho obchodov\u00e1n\u00ed. <\/p>\n<\/div>\n\n\n\n<div id=\"wd-b67ffb5a\" class=\"wp-block-wd-container wd-dir-col\">\n<h2 id=\"wd-b2deac09\" class=\"wp-block-wd-title title\"><strong><strong>Pro\u010d si vybrat pr\u00e1v\u011b n\u00e1s?<\/strong><\/strong><\/h2>\n\n\n\n<ul id=\"wd-11c5a4c4\" class=\"wp-block-wd-list wd-list wd-type-unordered wd-style-default\">\n<li id=\"wd-e8f12dc1\" class=\"wp-block-wd-list-item\"><div class=\"wd-icon\"><\/div><span class=\"wd-list-content\"><strong>Rychl\u00e9 a spolehliv\u00e9 doru\u010den\u00ed po cel\u00e9m sv\u011bt\u011b<\/strong><br\/>Objedn\u00e1vky dostanete rychle a bezpe\u010dn\u011b &#8211; bez ohledu na to, kde se nach\u00e1z\u00edte.<\/span><\/li>\n\n\n\n<li id=\"wd-2de9b646\" class=\"wp-block-wd-list-item\"><div class=\"wd-icon\"><\/div><span class=\"wd-list-content\"><strong><strong>Flexibiln\u00ed mo\u017enosti platby<\/strong><br\/>Vyberte si, co v\u00e1m nejl\u00e9pe vyhovuje, v\u010detn\u011b <strong>dob\u00edrky<\/strong> a bezpe\u010dn\u00fdch <strong>online plateb<\/strong>.<\/strong><\/span><\/li>\n\n\n\n<li id=\"wd-3066d531\" class=\"wp-block-wd-list-item\"><div class=\"wd-icon\"><\/div><span class=\"wd-list-content\"><strong>\u0160irok\u00fd v\u00fdb\u011br kvalitn\u00edch produkt\u016f<\/strong><br\/>Prozkoumejte vybranou nab\u00eddku produkt\u016f navr\u017een\u00fdch tak, aby spl\u0148ovaly va\u0161e ka\u017edodenn\u00ed pot\u0159eby a preference.<\/span><\/li>\n\n\n\n<li id=\"wd-6eb37cec\" class=\"wp-block-wd-list-item\"><div class=\"wd-icon\"><\/div><span class=\"wd-list-content\"><strong>Vynikaj\u00edc\u00ed z\u00e1kaznick\u00e1 podpora<\/strong><br\/>N\u00e1\u0161 specializovan\u00fd t\u00fdm je v\u017edy p\u0159ipraven v\u00e1m pomoci p\u0159ed n\u00e1kupem, b\u011bhem n\u011bj i po n\u011bm.<\/span><\/li>\n<\/ul>\n<\/div>\n\n\n\n<div id=\"wd-0d3a5f62\" class=\"wp-block-wd-container wd-dir-col\">\n<h2 id=\"wd-096de468\" class=\"wp-block-wd-title title\"><strong>D\u011bkujeme, \u017ee jste si vybrali Bazaar Express.<\/strong><br\/>Jsme r\u00e1di, \u017ee jste s n\u00e1mi, a t\u011b\u0161\u00edme se, \u017ee v\u00e1m p\u0159i ka\u017ed\u00e9 n\u00e1v\u0161t\u011bv\u011b poskytneme v\u00fdjime\u010dn\u00fd z\u00e1\u017eitek z nakupov\u00e1n\u00ed.<\/h2>\n<\/div>\n<\/div>\n\n\n\n<div id=\"wd-7f92c65a\" class=\"wp-block-wd-column wd-sticky-on-lg wd-align-s-start\">\n<h2 id=\"wd-01a6efe1\" class=\"wp-block-wd-title title\">Pot\u0159ebujete pomoc?<\/h2>\n\n\n\n<ul id=\"wd-d5991ee1\" class=\"wp-block-wd-list wd-list wd-type-image wd-style-default\">\n<li id=\"wd-e1629606\" class=\"wp-block-wd-list-item\"><div class=\"wd-icon\"><img loading=\"lazy\" decoding=\"async\" width=\"450\" height=\"450\" src=\"https:\/\/bazaar.express\/wp-content\/uploads\/2025\/07\/free-whatsapp-logo-3d-illustration-download-in-png-blend-fbx-gltf-file-formats-social-media-pack-logos-illustrations-4642760@0.webp\" alt=\"\" class=\"wp-image-34820\" title=\"\" srcset=\"https:\/\/bazaar.express\/wp-content\/uploads\/2025\/07\/free-whatsapp-logo-3d-illustration-download-in-png-blend-fbx-gltf-file-formats-social-media-pack-logos-illustrations-4642760@0.webp 450w, https:\/\/bazaar.express\/wp-content\/uploads\/2025\/07\/free-whatsapp-logo-3d-illustration-download-in-png-blend-fbx-gltf-file-formats-social-media-pack-logos-illustrations-4642760@0-300x300.webp 300w, https:\/\/bazaar.express\/wp-content\/uploads\/2025\/07\/free-whatsapp-logo-3d-illustration-download-in-png-blend-fbx-gltf-file-formats-social-media-pack-logos-illustrations-4642760@0-150x150.webp 150w, https:\/\/bazaar.express\/wp-content\/uploads\/2025\/07\/free-whatsapp-logo-3d-illustration-download-in-png-blend-fbx-gltf-file-formats-social-media-pack-logos-illustrations-4642760@0-430x430.webp 430w\" sizes=\"auto, (max-width: 450px) 100vw, 450px\" \/><\/div><span class=\"wd-list-content\"><a href=\"https:\/\/wa.me\/201503555598\" data-type=\"link\" data-id=\"https:\/\/wa.me\/201503555598\" target=\"_blank\" rel=\"noreferrer noopener nofollow sponsored\">(+20) 1503555598<\/a><\/span><\/li>\n\n\n\n<li id=\"wd-771a7274\" class=\"wp-block-wd-list-item\"><div class=\"wd-icon\"><img loading=\"lazy\" decoding=\"async\" width=\"1500\" height=\"1500\" src=\"https:\/\/bazaar.express\/wp-content\/uploads\/2025\/07\/Messenger.jpg\" alt=\"\" class=\"wp-image-34852\" title=\"\" srcset=\"https:\/\/bazaar.express\/wp-content\/uploads\/2025\/07\/Messenger.jpg 1500w, https:\/\/bazaar.express\/wp-content\/uploads\/2025\/07\/Messenger-300x300.jpg 300w, https:\/\/bazaar.express\/wp-content\/uploads\/2025\/07\/Messenger-800x800.jpg 800w, https:\/\/bazaar.express\/wp-content\/uploads\/2025\/07\/Messenger-150x150.jpg 150w, https:\/\/bazaar.express\/wp-content\/uploads\/2025\/07\/Messenger-768x768.jpg 768w, https:\/\/bazaar.express\/wp-content\/uploads\/2025\/07\/Messenger-430x430.jpg 430w, https:\/\/bazaar.express\/wp-content\/uploads\/2025\/07\/Messenger-700x700.jpg 700w\" sizes=\"auto, (max-width: 1500px) 100vw, 1500px\" \/><\/div><span class=\"wd-list-content\"><a href=\"https:\/\/m.me\/BazaarExpressOnlineApp\" target=\"_blank\" data-type=\"link\" data-id=\"https:\/\/m.me\/BazaarExpressOnlineApp\" rel=\"noreferrer noopener nofollow\">Messenger<\/a><\/span><\/li>\n\n\n\n<li id=\"wd-4e13e4ae\" class=\"wp-block-wd-list-item\"><div class=\"wd-icon\"><img loading=\"lazy\" decoding=\"async\" width=\"735\" height=\"667\" src=\"https:\/\/bazaar.express\/wp-content\/uploads\/2025\/07\/d7ddf0e936c39db320e15869d30eda95.jpg\" alt=\"\" class=\"wp-image-34823\" title=\"\" srcset=\"https:\/\/bazaar.express\/wp-content\/uploads\/2025\/07\/d7ddf0e936c39db320e15869d30eda95.jpg 735w, https:\/\/bazaar.express\/wp-content\/uploads\/2025\/07\/d7ddf0e936c39db320e15869d30eda95-331x300.jpg 331w, https:\/\/bazaar.express\/wp-content\/uploads\/2025\/07\/d7ddf0e936c39db320e15869d30eda95-430x390.jpg 430w, https:\/\/bazaar.express\/wp-content\/uploads\/2025\/07\/d7ddf0e936c39db320e15869d30eda95-700x635.jpg 700w, https:\/\/bazaar.express\/wp-content\/uploads\/2025\/07\/d7ddf0e936c39db320e15869d30eda95-150x136.jpg 150w\" sizes=\"auto, (max-width: 735px) 100vw, 735px\" \/><\/div><span class=\"wd-list-content\"><a href=\"bazaarexpressapp@gmail.com\" data-type=\"link\" data-id=\"bazaarexpressapp@gmail.com\" target=\"_blank\" rel=\"noreferrer noopener nofollow\">E-mail: <\/a><a href=\"bazaarexpressapp@gmail.com\" data-type=\"link\" data-id=\"bazaarexpressapp@gmail.com\" target=\"_blank\" rel=\"noreferrer noopener nofollow sponsored\">bazaarexpressapp@gmail.com<\/a><\/span><\/li>\n<\/ul>\n\n\n\t\t\t<div\n\t\t\t\t\t\tid=\"wd-d2c63a01\"\n\t\t\t\t\t\tclass=\" wd-social-icons wd-style-colored wd-size-default social-follow wd-shape-circle  wd-d2c63a01\">\n\t\t\t\t\n\n<span id=\"wd-617d8ed6\" class=\"wp-block-wd-paragraph wd-label\">P\u0159ihlaste se k odb\u011bru<\/span>\n\n\n\t\t\t\t\n\t\t\t\t\t\t\t\t\t<a rel=\"noopener noreferrer nofollow\" href=\"https:\/\/www.facebook.com\/share\/19C6P9wb9Y\/\" target=\"_blank\" class=\" wd-social-icon social-facebook\" aria-label=\"Facebook social link\">\n\t\t\t\t\t\t<span class=\"wd-icon\"><\/span>\n\t\t\t\t\t\t\t\t\t\t\t<\/a>\n\t\t\t\t\n\t\t\t\t\n\t\t\t\t\n\t\t\t\t\n\t\t\t\t\t\t\t\t\t<a rel=\"noopener noreferrer nofollow\" href=\"https:\/\/www.instagram.com\/bazaarexpressapp\/?igsh=YzljYTk1ODg3Zg#\" target=\"_blank\" class=\" wd-social-icon social-instagram\" aria-label=\"Instagram social link\">\n\t\t\t\t\t\t<span class=\"wd-icon\"><\/span>\n\t\t\t\t\t\t\t\t\t\t\t<\/a>\n\t\t\t\t\n\t\t\t\t\n\t\t\t\t\n\t\t\t\t\n\t\t\t\t\n\t\t\t\t\n\t\t\t\t\n\t\t\t\t\n\t\t\t\t\n\t\t\t\t\n\t\t\t\t\n\t\t\t\t\n\t\t\t\t\n\t\t\t\t\n\t\t\t\t\n\t\t\t\t\n\t\t\t\t\n\t\t\t\t\n\t\t\t\t\n\t\t\t\t\n\t\t\t\t\n\t\t\t\t\n\t\t\t<\/div>\n\n\t\t<\/div>\n<\/div>\n","protected":false},"excerpt":{"rendered":"","protected":false},"author":174,"featured_media":0,"parent":0,"menu_order":0,"comment_status":"closed","ping_status":"closed","template":"","meta":{"footnotes":""},"class_list":["post-35517","page","type-page","status-publish","hentry"],"_links":{"self":[{"href":"https:\/\/bazaar.express\/cs\/wp-json\/wp\/v2\/pages\/35517","targetHints":{"allow":["GET"]}}],"collection":[{"href":"https:\/\/bazaar.express\/cs\/wp-json\/wp\/v2\/pages"}],"about":[{"href":"https:\/\/bazaar.express\/cs\/wp-json\/wp\/v2\/types\/page"}],"author":[{"embeddable":true,"href":"https:\/\/bazaar.express\/cs\/wp-json\/wp\/v2\/users\/174"}],"replies":[{"embeddable":true,"href":"https:\/\/bazaar.express\/cs\/wp-json\/wp\/v2\/comments?post=35517"}],"version-history":[{"count":2,"href":"https:\/\/bazaar.express\/cs\/wp-json\/wp\/v2\/pages\/35517\/revisions"}],"predecessor-version":[{"id":36874,"href":"https:\/\/bazaar.express\/cs\/wp-json\/wp\/v2\/pages\/35517\/revisions\/36874"}],"wp:attachment":[{"href":"https:\/\/bazaar.express\/cs\/wp-json\/wp\/v2\/media?parent=35517"}],"curies":[{"name":"wp","href":"https:\/\/api.w.org\/{rel}","templated":true}]}}