{"id":35526,"date":"2025-03-12T08:26:05","date_gmt":"2025-03-12T08:26:05","guid":{"rendered":"https:\/\/bazaar.express\/podminky-a-pravidla\/"},"modified":"2025-11-26T20:33:30","modified_gmt":"2025-11-26T20:33:30","slug":"podminky-a-pravidla","status":"publish","type":"page","link":"https:\/\/bazaar.express\/cs\/podminky-a-pravidla\/","title":{"rendered":"Podm\u00ednky a pravidla"},"content":{"rendered":"\n<div id=\"wd-42f375a5\" class=\"wp-block-wd-row\">\n<div id=\"wd-ab37dd53\" class=\"wp-block-wd-column\">\n<h2 id=\"wd-f065cc57\" class=\"wp-block-wd-title title\"><strong>  V\u00edtejte na str\u00e1nk\u00e1ch Bazaar Express!<\/strong><\/h2>\n\n\n\n<p id=\"wd-90a70f6b\" class=\"wp-block-wd-paragraph\">Tyto smluvn\u00ed podm\u00ednky popisuj\u00ed pravidla a p\u0159edpisy pro pou\u017e\u00edv\u00e1n\u00ed webov\u00fdch str\u00e1nek Bazaar Express, kter\u00e9 se nach\u00e1zej\u00ed na adrese [Bazaar Express].<\/p>\n\n\n\n<p id=\"wd-fb942a32\" class=\"wp-block-wd-paragraph\">P\u0159\u00edstupem na tyto webov\u00e9 str\u00e1nky souhlas\u00edte s dodr\u017eov\u00e1n\u00edm t\u011bchto smluvn\u00edch podm\u00ednek a zavazujete se jimi. Pokud s n\u011bkterou \u010d\u00e1st\u00ed t\u011bchto podm\u00ednek nesouhlas\u00edte, nepou\u017e\u00edvejte tyto webov\u00e9 str\u00e1nky. <\/p>\n\n\n\n<div id=\"wd-4a9ccf93\" class=\"wp-block-wd-divider wd-style-line\"\/>\n\n\n\n<h3 id=\"wd-d335c877\" class=\"wp-block-wd-title title\"><strong>  1. Terminologie<\/strong><\/h3>\n\n\n\n<p id=\"wd-59a9831b\" class=\"wp-block-wd-paragraph\">V t\u011bchto smluvn\u00edch podm\u00ednk\u00e1ch, z\u00e1sad\u00e1ch ochrany osobn\u00edch \u00fadaj\u016f, ozn\u00e1men\u00ed o odm\u00edtnut\u00ed odpov\u011bdnosti a v\u0161ech souvisej\u00edc\u00edch smlouv\u00e1ch se pou\u017e\u00edv\u00e1 n\u00e1sleduj\u00edc\u00ed terminologie:<\/p>\n\n\n\n<ul class=\"wp-block-list\">\n<li><strong>&#8220;Klient&#8221;, &#8220;Vy&#8221;, &#8220;V\u00e1\u0161&#8221;<\/strong> &#8211; Odkazuje na jednotlivce, kter\u00fd p\u0159istupuje na tyto webov\u00e9 str\u00e1nky a p\u0159ij\u00edm\u00e1 podm\u00ednky spole\u010dnosti.<\/li>\n\n\n\n<li><strong>&#8220;Spole\u010dnost&#8221;, &#8220;My&#8221;, &#8220;Na\u0161e&#8221;, &#8220;N\u00e1s&#8221;<\/strong> &#8211; Vztahuje se na spole\u010dnost Bazaar Express.<\/li>\n\n\n\n<li><strong>&#8220;Strana&#8221;, &#8220;Strany<\/strong> &#8221; &#8211; Ozna\u010duje souhrnn\u011b Klienta i Spole\u010dnost.<\/li>\n<\/ul>\n\n\n\n<p id=\"wd-8c7a279d\" class=\"wp-block-wd-paragraph\">V\u0161echny podm\u00ednky se vztahuj\u00ed na nab\u00eddku, p\u0159ijet\u00ed a \u00fahradu plateb pot\u0159ebn\u00fdch k uskute\u010dn\u011bn\u00ed obchodn\u00edho vztahu s c\u00edlem uspokojit pot\u0159eby klienta v souladu s platn\u00fdmi pr\u00e1vn\u00edmi p\u0159edpisy.<\/p>\n\n\n\n<h2 id=\"wd-696c3da9\" class=\"wp-block-wd-title title\">   <strong>2. Soubory cookie<\/strong><\/h2>\n\n\n\n<p id=\"wd-12d27b18\" class=\"wp-block-wd-paragraph\">Pou\u017e\u00edv\u00e1me soubory cookie v souladu s na\u0161imi Z\u00e1sadami ochrany <a href=\"https:\/\/bazaar.express\/cs\/zasady-ochrany-osobnich-udaju\/\">osobn\u00edch \u00fadaj\u016f.<\/a> Pou\u017e\u00edv\u00e1n\u00edm tohoto webu souhlas\u00edte s pou\u017e\u00edv\u00e1n\u00edm soubor\u016f cookie.<\/p>\n\n\n\n<p id=\"wd-800686f2\" class=\"wp-block-wd-paragraph\">Soubory cookie jsou mal\u00e9 soubory um\u00edst\u011bn\u00e9 ve va\u0161em za\u0159\u00edzen\u00ed, kter\u00e9 pom\u00e1haj\u00ed zlep\u0161it va\u0161e prohl\u00ed\u017een\u00ed, umo\u017e\u0148uj\u00ed fungov\u00e1n\u00ed webov\u00fdch str\u00e1nek a shroma\u017e\u010fuj\u00ed analytick\u00e9 \u00fadaje. Soubory cookie mohou pou\u017e\u00edvat tak\u00e9 n\u011bkte\u0159\u00ed na\u0161i partner\u0161t\u00ed nebo reklamn\u00ed partne\u0159i. <\/p>\n\n\n\n<h2 id=\"wd-5e777221\" class=\"wp-block-wd-title title\">   <strong>3. Du\u0161evn\u00ed vlastnictv\u00ed<\/strong><\/h2>\n\n\n\n<p id=\"wd-b27da598\" class=\"wp-block-wd-paragraph\">Pokud nen\u00ed uvedeno jinak, vlastn\u00ed pr\u00e1va du\u0161evn\u00edho vlastnictv\u00ed k ve\u0161ker\u00e9mu obsahu na webov\u00fdch str\u00e1nk\u00e1ch spole\u010dnost Bazaar Express a\/nebo jej\u00ed poskytovatel\u00e9 licenc\u00ed. V\u0161echna pr\u00e1va jsou vyhrazena. <\/p>\n\n\n\n<p id=\"wd-ae72480c\" class=\"wp-block-wd-paragraph\">P\u0159\u00edstup k obsahu Bazaar Express pro osobn\u00ed pot\u0159ebu je mo\u017en\u00fd s n\u00e1sleduj\u00edc\u00edmi omezen\u00edmi. <strong>Nesm\u00edte<\/strong>: <\/p>\n\n\n\n<ul class=\"wp-block-list\">\n<li>P\u0159epublikov\u00e1n\u00ed materi\u00e1lu z Bazaar Express<\/li>\n\n\n\n<li>Prod\u00e1vat, pronaj\u00edmat nebo poskytovat sublicence na obsah.<\/li>\n\n\n\n<li>Reprodukovat nebo duplikovat obsah pro komer\u010dn\u00ed \u00fa\u010dely.<\/li>\n\n\n\n<li>\u0160\u00ed\u0159en\u00ed obsahu bez povolen\u00ed<\/li>\n<\/ul>\n\n\n\n<h2 id=\"wd-fb6bb4d5\" class=\"wp-block-wd-title title\">   <strong>4. Obsah vytv\u00e1\u0159en\u00fd u\u017eivateli (koment\u00e1\u0159e)<\/strong><\/h2>\n\n\n\n<p id=\"wd-d8f3015e\" class=\"wp-block-wd-paragraph\">N\u011bkter\u00e9 sekce t\u011bchto webov\u00fdch str\u00e1nek mohou u\u017eivatel\u016fm umo\u017e\u0148ovat zve\u0159ej\u0148ov\u00e1n\u00ed obsahu nebo koment\u00e1\u0159\u016f. Bazaar Express koment\u00e1\u0159e p\u0159ed jejich zve\u0159ejn\u011bn\u00edm p\u0159edem nekontroluje, nep\u0159ezkoum\u00e1v\u00e1 ani neupravuje. <\/p>\n\n\n\n<p id=\"wd-dcc925ae\" class=\"wp-block-wd-paragraph\">Upozorn\u011bn\u00ed:<\/p>\n\n\n\n<ul class=\"wp-block-list\">\n<li>Koment\u00e1\u0159e odr\u00e1\u017eej\u00ed n\u00e1zory u\u017eivatel\u016f, nikoliv spole\u010dnosti Bazaar Express nebo jej\u00edch pobo\u010dek.<\/li>\n\n\n\n<li>V rozsahu povolen\u00e9m z\u00e1konem nenese spole\u010dnost Bazaar Express odpov\u011bdnost za jakoukoli odpov\u011bdnost, \u0161kody nebo v\u00fddaje zp\u016fsoben\u00e9 koment\u00e1\u0159i u\u017eivatel\u016f.<\/li>\n<\/ul>\n\n\n\n<p>Vyhrazujeme si pr\u00e1vo sledovat v\u0161echny koment\u00e1\u0159e a odstranit jak\u00fdkoli obsah, kter\u00fd bude pova\u017eov\u00e1n za nevhodn\u00fd, ur\u00e1\u017eliv\u00fd nebo poru\u0161uj\u00edc\u00ed tyto podm\u00ednky.<\/p>\n\n\n\n<div id=\"wd-b67ffb5a\" class=\"wp-block-wd-container wd-dir-col\">\n<h3 id=\"wd-e5504eb7\" class=\"wp-block-wd-title title\"><strong>5. Zastoupen\u00ed u\u017eivatele<\/strong><\/h3>\n\n\n\n<p id=\"wd-b7f6a1db\" class=\"wp-block-wd-paragraph\">Odesl\u00e1n\u00edm koment\u00e1\u0159e nebo obsahu na webov\u00e9 str\u00e1nky prohla\u0161ujete a zaru\u010dujete, \u017ee:<\/p>\n\n\n\n<ul class=\"wp-block-list\">\n<li>Jste leg\u00e1ln\u011b opr\u00e1vn\u011bni zve\u0159ej\u0148ovat obsah a m\u00e1te v\u0161echna pot\u0159ebn\u00e1 povolen\u00ed a licence.<\/li>\n\n\n\n<li>V\u00e1\u0161 obsah neporu\u0161uje pr\u00e1va du\u0161evn\u00edho vlastnictv\u00ed t\u0159et\u00edch stran.<\/li>\n\n\n\n<li>Va\u0161e p\u0159\u00edsp\u011bvky neobsahuj\u00ed hanliv\u00fd, ur\u00e1\u017eliv\u00fd, nez\u00e1konn\u00fd nebo soukrom\u00ed naru\u0161uj\u00edc\u00ed materi\u00e1l.<\/li>\n\n\n\n<li>Obsah nebude pou\u017e\u00edv\u00e1n k z\u00edsk\u00e1v\u00e1n\u00ed obchodn\u00edch nab\u00eddek, propagaci nez\u00e1konn\u00fdch \u010dinnost\u00ed ani k reklam\u011b bez povolen\u00ed.<\/li>\n<\/ul>\n\n\n\n<p id=\"wd-1ba26573\" class=\"wp-block-wd-paragraph\">Ud\u011blujete spole\u010dnosti Bazaar Express nev\u00fdhradn\u00ed celosv\u011btovou licenci na pou\u017e\u00edv\u00e1n\u00ed, reprodukci a \u00fapravu va\u0161ich koment\u00e1\u0159\u016f v jak\u00e9mkoli medi\u00e1ln\u00edm form\u00e1tu.<\/p>\n<\/div>\n\n\n\n<div id=\"wd-9c040c10\" class=\"wp-block-wd-container wd-dir-col\">\n<h3 id=\"wd-5e579f04\" class=\"wp-block-wd-title title\"><strong>6. Kontaktn\u00ed informace<\/strong><\/h3>\n\n\n\n<p id=\"wd-7d23b437\" class=\"wp-block-wd-paragraph\">M\u00e1te-li jak\u00e9koli dotazy nebo p\u0159ipom\u00ednky k t\u011bmto smluvn\u00edm podm\u00ednk\u00e1m, kontaktujte n\u00e1s:<\/p>\n\n\n\n<ul class=\"wp-block-list\">\n<li><strong>E-mail:<\/strong> <a>bazaarexpressapp@gmail.com<\/a><\/li>\n<\/ul>\n\n\n\n<ul class=\"wp-block-list\">\n<li>Telefon:<a> +20 1503555598<\/a><\/li>\n<\/ul>\n\n\n\n<ul class=\"wp-block-list\">\n<li><strong>Webov\u00e9 str\u00e1nky:<\/strong> <a class=\"\" href=\"https:\/\/bazaar.express\/cs\/zasady-ochrany-osobnich-udaju\/\">Bazaar Express Kontakt<\/a><\/li>\n<\/ul>\n<\/div>\n<\/div>\n\n\n\n<div id=\"wd-7f92c65a\" class=\"wp-block-wd-column wd-sticky-on-lg wd-align-s-start\">\n<h2 id=\"wd-01a6efe1\" class=\"wp-block-wd-title title\">Pot\u0159ebujete pomoc?<\/h2>\n\n\n\n<ul id=\"wd-d5991ee1\" class=\"wp-block-wd-list wd-list wd-type-image wd-style-default\">\n<li id=\"wd-e1629606\" class=\"wp-block-wd-list-item\"><div class=\"wd-icon\"><img loading=\"lazy\" decoding=\"async\" width=\"450\" height=\"450\" src=\"https:\/\/bazaar.express\/wp-content\/uploads\/2025\/07\/free-whatsapp-logo-3d-illustration-download-in-png-blend-fbx-gltf-file-formats-social-media-pack-logos-illustrations-4642760@0.webp\" alt=\"\" class=\"wp-image-34820\" title=\"\" srcset=\"https:\/\/bazaar.express\/wp-content\/uploads\/2025\/07\/free-whatsapp-logo-3d-illustration-download-in-png-blend-fbx-gltf-file-formats-social-media-pack-logos-illustrations-4642760@0.webp 450w, https:\/\/bazaar.express\/wp-content\/uploads\/2025\/07\/free-whatsapp-logo-3d-illustration-download-in-png-blend-fbx-gltf-file-formats-social-media-pack-logos-illustrations-4642760@0-300x300.webp 300w, https:\/\/bazaar.express\/wp-content\/uploads\/2025\/07\/free-whatsapp-logo-3d-illustration-download-in-png-blend-fbx-gltf-file-formats-social-media-pack-logos-illustrations-4642760@0-150x150.webp 150w, https:\/\/bazaar.express\/wp-content\/uploads\/2025\/07\/free-whatsapp-logo-3d-illustration-download-in-png-blend-fbx-gltf-file-formats-social-media-pack-logos-illustrations-4642760@0-430x430.webp 430w\" sizes=\"auto, (max-width: 450px) 100vw, 450px\" \/><\/div><span class=\"wd-list-content\"><a href=\"#https:\/\/wa.me\/+201503555598\" target=\"_blank\" rel=\"noreferrer noopener nofollow\">(+20) 1503555598<\/a><\/span><\/li>\n\n\n\n<li id=\"wd-771a7274\" class=\"wp-block-wd-list-item\"><div class=\"wd-icon\"><img loading=\"lazy\" decoding=\"async\" width=\"1500\" height=\"1500\" src=\"https:\/\/bazaar.express\/wp-content\/uploads\/2025\/07\/Messenger.jpg\" alt=\"\" class=\"wp-image-34852\" title=\"\" srcset=\"https:\/\/bazaar.express\/wp-content\/uploads\/2025\/07\/Messenger.jpg 1500w, https:\/\/bazaar.express\/wp-content\/uploads\/2025\/07\/Messenger-300x300.jpg 300w, https:\/\/bazaar.express\/wp-content\/uploads\/2025\/07\/Messenger-800x800.jpg 800w, https:\/\/bazaar.express\/wp-content\/uploads\/2025\/07\/Messenger-150x150.jpg 150w, https:\/\/bazaar.express\/wp-content\/uploads\/2025\/07\/Messenger-768x768.jpg 768w, https:\/\/bazaar.express\/wp-content\/uploads\/2025\/07\/Messenger-430x430.jpg 430w, https:\/\/bazaar.express\/wp-content\/uploads\/2025\/07\/Messenger-700x700.jpg 700w\" sizes=\"auto, (max-width: 1500px) 100vw, 1500px\" \/><\/div><span class=\"wd-list-content\"><a href=\"https:\/\/m.me\/BazaarExpressOnlineApp\" target=\"_blank\" data-type=\"link\" data-id=\"https:\/\/m.me\/BazaarExpressOnlineApp\" rel=\"noreferrer noopener nofollow\">Messenger<\/a><\/span><\/li>\n\n\n\n<li id=\"wd-4e13e4ae\" class=\"wp-block-wd-list-item\"><div class=\"wd-icon\"><img loading=\"lazy\" decoding=\"async\" width=\"735\" height=\"667\" src=\"https:\/\/bazaar.express\/wp-content\/uploads\/2025\/07\/d7ddf0e936c39db320e15869d30eda95.jpg\" alt=\"\" class=\"wp-image-34823\" title=\"\" srcset=\"https:\/\/bazaar.express\/wp-content\/uploads\/2025\/07\/d7ddf0e936c39db320e15869d30eda95.jpg 735w, https:\/\/bazaar.express\/wp-content\/uploads\/2025\/07\/d7ddf0e936c39db320e15869d30eda95-331x300.jpg 331w, https:\/\/bazaar.express\/wp-content\/uploads\/2025\/07\/d7ddf0e936c39db320e15869d30eda95-430x390.jpg 430w, https:\/\/bazaar.express\/wp-content\/uploads\/2025\/07\/d7ddf0e936c39db320e15869d30eda95-700x635.jpg 700w, https:\/\/bazaar.express\/wp-content\/uploads\/2025\/07\/d7ddf0e936c39db320e15869d30eda95-150x136.jpg 150w\" sizes=\"auto, (max-width: 735px) 100vw, 735px\" \/><\/div><span class=\"wd-list-content\"><a href=\"bazaarexpressapp@gmail.com\" target=\"_blank\" data-type=\"link\" data-id=\"bazaarexpressapp@gmail.com\" rel=\"noreferrer noopener nofollow\">E-mail: bazaarexpressapp@gmail.com<\/a><\/span><\/li>\n<\/ul>\n\n\n\t\t\t<div\n\t\t\t\t\t\tid=\"wd-d2c63a01\"\n\t\t\t\t\t\tclass=\" wd-social-icons wd-style-colored wd-size-default social-follow wd-shape-circle  wd-d2c63a01\">\n\t\t\t\t\n\n<span id=\"wd-617d8ed6\" class=\"wp-block-wd-paragraph wd-label\">P\u0159ihlaste se k odb\u011bru<\/span>\n\n\n\t\t\t\t\n\t\t\t\t\t\t\t\t\t<a rel=\"noopener noreferrer nofollow\" href=\"https:\/\/www.facebook.com\/share\/19C6P9wb9Y\/\" target=\"_blank\" class=\" wd-social-icon social-facebook\" aria-label=\"Facebook social link\">\n\t\t\t\t\t\t<span class=\"wd-icon\"><\/span>\n\t\t\t\t\t\t\t\t\t\t\t<\/a>\n\t\t\t\t\n\t\t\t\t\n\t\t\t\t\n\t\t\t\t\n\t\t\t\t\t\t\t\t\t<a rel=\"noopener noreferrer nofollow\" href=\"https:\/\/www.instagram.com\/bazaarexpressapp\/?igsh=YzljYTk1ODg3Zg#\" target=\"_blank\" class=\" wd-social-icon social-instagram\" aria-label=\"Instagram social link\">\n\t\t\t\t\t\t<span class=\"wd-icon\"><\/span>\n\t\t\t\t\t\t\t\t\t\t\t<\/a>\n\t\t\t\t\n\t\t\t\t\n\t\t\t\t\n\t\t\t\t\n\t\t\t\t\n\t\t\t\t\n\t\t\t\t\n\t\t\t\t\n\t\t\t\t\n\t\t\t\t\n\t\t\t\t\n\t\t\t\t\n\t\t\t\t\n\t\t\t\t\n\t\t\t\t\n\t\t\t\t\n\t\t\t\t\n\t\t\t\t\n\t\t\t\t\n\t\t\t\t\n\t\t\t\t\n\t\t\t\t\n\t\t\t<\/div>\n\n\t\t<\/div>\n<\/div>\n\n<p><\/p>\n","protected":false},"excerpt":{"rendered":"","protected":false},"author":23,"featured_media":0,"parent":0,"menu_order":0,"comment_status":"closed","ping_status":"closed","template":"","meta":{"footnotes":""},"class_list":["post-35526","page","type-page","status-publish","hentry"],"_links":{"self":[{"href":"https:\/\/bazaar.express\/cs\/wp-json\/wp\/v2\/pages\/35526","targetHints":{"allow":["GET"]}}],"collection":[{"href":"https:\/\/bazaar.express\/cs\/wp-json\/wp\/v2\/pages"}],"about":[{"href":"https:\/\/bazaar.express\/cs\/wp-json\/wp\/v2\/types\/page"}],"author":[{"embeddable":true,"href":"https:\/\/bazaar.express\/cs\/wp-json\/wp\/v2\/users\/23"}],"replies":[{"embeddable":true,"href":"https:\/\/bazaar.express\/cs\/wp-json\/wp\/v2\/comments?post=35526"}],"version-history":[{"count":3,"href":"https:\/\/bazaar.express\/cs\/wp-json\/wp\/v2\/pages\/35526\/revisions"}],"predecessor-version":[{"id":38297,"href":"https:\/\/bazaar.express\/cs\/wp-json\/wp\/v2\/pages\/35526\/revisions\/38297"}],"wp:attachment":[{"href":"https:\/\/bazaar.express\/cs\/wp-json\/wp\/v2\/media?parent=35526"}],"curies":[{"name":"wp","href":"https:\/\/api.w.org\/{rel}","templated":true}]}}