{"id":35173,"date":"2024-12-23T17:15:50","date_gmt":"2024-12-23T17:15:50","guid":{"rendered":"https:\/\/bazaar.express\/product\/potapecska-kombineza-maximalni-pohodli\/"},"modified":"2026-01-02T15:06:39","modified_gmt":"2026-01-02T15:06:39","slug":"potapecska-kombineza-maximalni-pohodli","status":"publish","type":"product","link":"https:\/\/bazaar.express\/cs\/produkt\/potapecska-kombineza-maximalni-pohodli\/","title":{"rendered":"Pot\u00e1p\u011b\u010dsk\u00fd neopren \u2013 Maxim\u00e1ln\u00ed pohodl\u00ed"},"content":{"rendered":"<h2 data-start=\"0\" data-end=\"55\">Pono\u0159te se do pohodln\u00e9ho pot\u00e1p\u011bn\u00ed \u2013 P\u0159\u00edzp\u016fsoben\u00fd 3mm pot\u00e1p\u011b\u010dsk\u00fd neopren<\/h2>\n<h3 data-start=\"57\" data-end=\"131\">Za\u010dn\u011bte svou podmo\u0159skou expedici s \u0161pi\u010dkov\u00fdm pohodl\u00edm a ochranou<\/h3>\n<p data-start=\"132\" data-end=\"579\">P\u0159ipravte se na objevov\u00e1n\u00ed hloubek ve stylu a pohodl\u00ed s na\u0161\u00edm <strong data-start=\"194\" data-end=\"216\">3mm pot\u00e1p\u011b\u010dsk\u00fdm neoprenem<\/strong> \u2013 ide\u00e1ln\u00ed volbou pro pot\u00e1p\u011b\u010de, \u0161norchla\u0159e, surfa\u0159e a milovn\u00edky vodn\u00edch sport\u016f. Vyroben\u00fd z pr\u00e9miov\u00fdch materi\u00e1l\u016f s d\u016frazem na v\u00fdkon, tento celot\u011blov\u00fd neopren nab\u00edz\u00ed <strong data-start=\"388\" data-end=\"446\">volnost pohybu, ochranu p\u0159ed sluncem a rychle schnouc\u00ed pohodl\u00ed<\/strong> v jednom elegantn\u00edm bal\u00ed\u010dku. A\u0165 p\u00e1dlujete p\u0159es vlny nebo se pono\u0159\u00edte do vod pln\u00fdch \u00fates\u016f, tento neopren v\u00e1s podpo\u0159\u00ed \u2013 doslova.<\/p>\n<h3 data-start=\"586\" data-end=\"627\">Pro\u010d si zamilujete n\u00e1\u0161 3mm pot\u00e1p\u011b\u010dsk\u00fd neopren<\/h3>\n<h4 data-start=\"629\" data-end=\"678\">3mm sm\u011bs spandexu pro pru\u017enost a pevnost<\/h4>\n<p data-start=\"679\" data-end=\"918\">Vyroben\u00fd z vysoce v\u00fdkonn\u00e9 <strong data-start=\"711\" data-end=\"732\">3mm sm\u011bsi spandexu<\/strong>, tento neopren nab\u00edz\u00ed vynikaj\u00edc\u00ed pru\u017enost a z\u00e1rove\u0148 odolnost proti opot\u0159eben\u00ed. A\u0165 plavete, pot\u00e1p\u00edte se nebo surfujete, pohybujete se p\u0159irozen\u011b a pohodln\u011b bez omezen\u00ed.<\/p>\n<h4 data-start=\"920\" data-end=\"960\">Celot\u011blov\u00e1 UV ochrana (UPF 50+)<\/h4>\n<p data-start=\"961\" data-end=\"1179\">U\u017eijte si bezstarostn\u00e9 hodiny na slunci s <strong data-start=\"1000\" data-end=\"1026\">ochranou UPF 50+ p\u0159ed sluncem<\/strong> zabudovanou p\u0159\u00edmo v neoprenu. Design s dlouh\u00fdmi ruk\u00e1vy chr\u00e1n\u00ed poko\u017eku p\u0159ed \u0161kodliv\u00fdm UV z\u00e1\u0159en\u00edm, sni\u017euje riziko sp\u00e1len\u00ed a udr\u017euje v\u00e1s v chladu a zakryt\u00e9.<\/p>\n<h4 data-start=\"1181\" data-end=\"1224\">Rychle schnouc\u00ed materi\u00e1l pro trval\u00e9 pohodl\u00ed<\/h4>\n<p data-start=\"1225\" data-end=\"1425\">Rozlu\u010dte se s promo\u010den\u00fdmi a lepiv\u00fdmi neopreny. N\u00e1\u0161 model m\u00e1 <strong data-start=\"1284\" data-end=\"1308\">rychle schnouc\u00ed vnit\u0159ek<\/strong>, kter\u00fd v\u00e1s udr\u017e\u00ed v pohodl\u00ed mezi plav\u00e1n\u00edm, minimalizuje podr\u00e1\u017ed\u011bn\u00ed a umo\u017en\u00ed soust\u0159edit se na dal\u0161\u00ed vlnu nebo ponor.<\/p>\n<h4 data-start=\"1427\" data-end=\"1460\">Hladk\u00e9 ploch\u00e9 \u0161vy<\/h4>\n<p data-start=\"1461\" data-end=\"1641\">\u017d\u00e1dn\u00e9 od\u011brky ani sv\u011bdiv\u00e9 \u0161vy \u2013 d\u00edky <strong data-start=\"1502\" data-end=\"1524\">ploch\u00fdm \u0161v\u016fm<\/strong> neopren le\u017e\u00ed hladce na k\u016f\u017ei, poskytuje pocit druh\u00e9 k\u016f\u017ee a z\u016fst\u00e1v\u00e1 odoln\u00fd p\u0159i opakovan\u00e9m pou\u017eit\u00ed.<\/p>\n<h4 data-start=\"1643\" data-end=\"1672\">Snadn\u00fd zadn\u00ed zip<\/h4>\n<p data-start=\"1673\" data-end=\"1847\">Navr\u017een\u00fd s <strong data-start=\"1689\" data-end=\"1709\">dlouh\u00fdm zadn\u00edm zipem<\/strong>, tento neopren se snadno obl\u00e9k\u00e1 i svl\u00e9k\u00e1 \u2013 i kdy\u017e je mokr\u00fd. Je pevn\u00fd, bezpe\u010dn\u00fd a vydr\u017e\u00ed dlouh\u00e9 seance pod vodou.<\/p>\n<h4 data-start=\"1849\" data-end=\"1886\">Vytvo\u0159eno pro ka\u017ed\u00e9 vodn\u00ed dobrodru\u017estv\u00ed<\/h4>\n<p data-start=\"1887\" data-end=\"2122\">A\u0165 se pono\u0159\u00edte do hloubek, klou\u017eete po vln\u00e1ch nebo objevujete \u00fatesy, tento neopren je <strong data-start=\"1970\" data-end=\"2002\">navr\u017een\u00fd p\u0159\u00edmo pro oce\u00e1nsk\u00e9 aktivity<\/strong>. Od za\u010d\u00e1te\u010dn\u00edk\u016f po experty je ide\u00e1ln\u00ed pro ty, kte\u0159\u00ed cht\u011bj\u00ed z\u016fstat pohodln\u00ed, chr\u00e1n\u011bn\u00ed a sebejist\u00ed ve vod\u011b.<\/p>\n<h3 data-start=\"2129\" data-end=\"2153\">Hlavn\u00ed v\u00fdhody produktu<\/h3>\n<ul data-start=\"2154\" data-end=\"2520\">\n<li data-start=\"2154\" data-end=\"2198\">\n<p data-start=\"2156\" data-end=\"2198\"><strong data-start=\"2156\" data-end=\"2169\">Materi\u00e1l:<\/strong> 3mm pru\u017en\u00e1 sm\u011bs spandexu<\/p>\n<\/li>\n<li data-start=\"2199\" data-end=\"2244\">\n<p data-start=\"2201\" data-end=\"2244\"><strong data-start=\"2201\" data-end=\"2216\">Ochrana:<\/strong> UPF 50+ proti UV z\u00e1\u0159en\u00ed<\/p>\n<\/li>\n<li data-start=\"2245\" data-end=\"2296\">\n<p data-start=\"2247\" data-end=\"2296\"><strong data-start=\"2247\" data-end=\"2258\">Design:<\/strong> Celot\u011blov\u00e9 pokryt\u00ed se zadn\u00edm zipem<\/p>\n<\/li>\n<li data-start=\"2297\" data-end=\"2356\">\n<p data-start=\"2299\" data-end=\"2356\"><strong data-start=\"2299\" data-end=\"2311\">Pohodl\u00ed:<\/strong> Hladk\u00e9 ploch\u00e9 \u0161vy a rychle schnouc\u00ed materi\u00e1l<\/p>\n<\/li>\n<li data-start=\"2357\" data-end=\"2445\">\n<p data-start=\"2359\" data-end=\"2445\"><strong data-start=\"2359\" data-end=\"2375\">V\u00fdkon:<\/strong> Ide\u00e1ln\u00ed pro pot\u00e1p\u011bn\u00ed, \u0161norchlov\u00e1n\u00ed, plav\u00e1n\u00ed, surfov\u00e1n\u00ed a paddleboarding<\/p>\n<\/li>\n<li data-start=\"2446\" data-end=\"2520\">\n<p data-start=\"2448\" data-end=\"2520\"><strong data-start=\"2448\" data-end=\"2456\">St\u0159ih:<\/strong> Navr\u017een\u00fd pro p\u0159il\u00e9hav\u00fd, pru\u017en\u00fd pocit bez omezen\u00ed pohybu<\/p>\n<\/li>\n<\/ul>\n<h3 data-start=\"2836\" data-end=\"2873\">Pro\u010d by m\u011bl b\u00fdt v va\u0161\u00ed v\u00fdbav\u011b<\/h3>\n<p data-start=\"2874\" data-end=\"3197\"><strong data-start=\"2878\" data-end=\"2900\">3mm neopren<\/strong> nen\u00ed jen dal\u0161\u00ed oblek \u2013 je to v\u00e1\u0161 spole\u010dn\u00edk na ka\u017ed\u00e9 vodn\u00ed misi. Navr\u017een\u00fd pro pohyb, ochranu a celodenn\u00ed pohodl\u00ed v\u00e1m pom\u016f\u017ee <strong data-start=\"3035\" data-end=\"3082\">p\u0159ekon\u00e1vat hranice, surfovat vlny nebo se pono\u0159it hloub\u011bji<\/strong> s jistotou. A\u0165 jste za\u010d\u00e1te\u010dn\u00edk nebo zku\u0161en\u00fd pr\u016fzkumn\u00edk, je to vybaven\u00ed, po kter\u00e9m budete sahat znovu a znovu.<\/p>\n<p data-start=\"3199\" data-end=\"3342\"><strong data-start=\"3199\" data-end=\"3238\">Ot\u00e1zky k velikostem nebo funkc\u00edm?<\/strong> N\u00e1\u0161 t\u00fdm podpory v\u00e1m r\u00e1d pom\u016f\u017ee vybrat spr\u00e1vn\u00fd st\u0159ih, abyste byli v\u017edy p\u0159ipraveni na dal\u0161\u00ed dobrodru\u017estv\u00ed.<\/p>\n<h5 data-start=\"3344\" data-end=\"3469\">Pono\u0159te se do mo\u0159e s lehkost\u00ed \u2013 vezm\u011bte si sv\u016fj 3mm neopren je\u0161t\u011b dnes a posu\u0148te sv\u00e9 podvodn\u00ed z\u00e1\u017eitky na novou \u00farove\u0148!<\/h5>\n<p style=\"text-align: center;\">D\u011bkujeme za n\u00e1kupy v <em data-start=\"415\" data-end=\"431\"><a href=\"https:\/\/bazaar.express\/cs\/\">Bazaar Express<\/a><\/em> \u2013 jsme nad\u0161en\u00ed, \u017ee jste u n\u00e1s!<\/p>\n<p style=\"text-align: center;\">Od ru\u010dn\u00edk\u016f po ta\u0161ky, na\u0161e <a href=\"https:\/\/bazaar.express\/cs\/?attachment_id=34483\">Pl\u00e1\u017eov\u00e9 pot\u0159eby<\/a> v\u00e1s maj\u00ed pokryt\u00e9.<\/p>\n","protected":false},"excerpt":{"rendered":"<h3 data-start=\"388\" data-end=\"590\">Pono\u0159te se s jistotou do tohoto 3mm neoprenu z pru\u017en\u00e9 sm\u011bsi spandexu. Nab\u00edz\u00ed ochranu UPF 50+ p\u0159ed sluncem, ploch\u00e9 \u0161vy pro pohodl\u00ed a rychle schnouc\u00ed p\u0159il\u00e9hav\u00fd st\u0159ih pro v\u0161echna vodn\u00ed dobrodru\u017estv\u00ed.<\/h3>\n","protected":false},"featured_media":35176,"comment_status":"open","ping_status":"closed","template":"","meta":[],"product_brand":[],"product_cat":[798],"product_tag":[801,803],"class_list":{"0":"post-35173","1":"product","2":"type-product","3":"status-publish","4":"has-post-thumbnail","6":"product_cat-zakladni-vybaveni-na-plaz","7":"product_tag-more","8":"product_tag-plaz","10":"first","11":"instock","12":"shipping-taxable","13":"purchasable","14":"product-type-simple"},"_links":{"self":[{"href":"https:\/\/bazaar.express\/cs\/wp-json\/wp\/v2\/product\/35173","targetHints":{"allow":["GET"]}}],"collection":[{"href":"https:\/\/bazaar.express\/cs\/wp-json\/wp\/v2\/product"}],"about":[{"href":"https:\/\/bazaar.express\/cs\/wp-json\/wp\/v2\/types\/product"}],"replies":[{"embeddable":true,"href":"https:\/\/bazaar.express\/cs\/wp-json\/wp\/v2\/comments?post=35173"}],"wp:featuredmedia":[{"embeddable":true,"href":"https:\/\/bazaar.express\/cs\/wp-json\/wp\/v2\/media\/35176"}],"wp:attachment":[{"href":"https:\/\/bazaar.express\/cs\/wp-json\/wp\/v2\/media?parent=35173"}],"wp:term":[{"taxonomy":"product_brand","embeddable":true,"href":"https:\/\/bazaar.express\/cs\/wp-json\/wp\/v2\/product_brand?post=35173"},{"taxonomy":"product_cat","embeddable":true,"href":"https:\/\/bazaar.express\/cs\/wp-json\/wp\/v2\/product_cat?post=35173"},{"taxonomy":"product_tag","embeddable":true,"href":"https:\/\/bazaar.express\/cs\/wp-json\/wp\/v2\/product_tag?post=35173"}],"curies":[{"name":"wp","href":"https:\/\/api.w.org\/{rel}","templated":true}]}}