{"id":35187,"date":"2024-12-18T16:11:13","date_gmt":"2024-12-18T16:11:13","guid":{"rendered":"https:\/\/bazaar.express\/product\/colocynth-masazni-krem-2\/"},"modified":"2026-03-01T20:41:08","modified_gmt":"2026-03-01T20:41:08","slug":"colocynth-masazni-krem-2","status":"publish","type":"product","link":"https:\/\/bazaar.express\/cs\/produkt\/colocynth-masazni-krem-2\/","title":{"rendered":"Mas\u00e1\u017en\u00ed kr\u00e9m Colocynth"},"content":{"rendered":"<h2 data-start=\"161\" data-end=\"258\"><strong data-start=\"164\" data-end=\"258\">Lotus Massage Colocynth Cream &#8211; p\u0159\u00edrodn\u00ed mas\u00e1\u017en\u00ed kr\u00e9m s kolocintem pro \u00falevu od bolesti kloub\u016f a sval\u016f<\/strong><\/h2>\n<h3 data-start=\"260\" data-end=\"331\"><strong data-start=\"264\" data-end=\"331\">Za\u017eijte uklid\u0148uj\u00edc\u00ed p\u0159\u00edrodn\u00ed \u00falevu s mas\u00e1\u017en\u00edm kr\u00e9mem Colocynth<\/strong><\/h3>\n<p data-start=\"333\" data-end=\"805\">Pokud v\u00e1s tr\u00e1p\u00ed bolesti kloub\u016f, svalov\u00e9 nap\u011bt\u00ed nebo chronick\u00e9 z\u00e1n\u011bty, je pro v\u00e1s <strong data-start=\"412\" data-end=\"445\">kr\u00e9m Lotus Massage Colocynth<\/strong> ide\u00e1ln\u00edm \u0159e\u0161en\u00edm. Tento kr\u00e9m, speci\u00e1ln\u011b navr\u017een\u00fd pro p\u0159irozenou \u00falevu od bolesti, kombinuje siln\u00e9 \u00fa\u010dinky <strong data-start=\"559\" data-end=\"580\">mas\u00e1\u017en\u00ed terapie Colocynth<\/strong> se sm\u011bs\u00ed terapeutick\u00fdch bylinn\u00fdch olej\u016f, kter\u00e9 zklid\u0148uj\u00ed, uklid\u0148uj\u00ed a obnovuj\u00ed bolav\u00e9 svaly a klouby. A\u0165 u\u017e jste sportovec nebo n\u011bkdo, kdo se pot\u00fdk\u00e1 s artritidou \u010di ischiasem, tento kr\u00e9m nab\u00edz\u00ed rychl\u00fd a dlouhotrvaj\u00edc\u00ed komfort.<\/p>\n<h3 data-start=\"812\" data-end=\"868\"><strong data-start=\"816\" data-end=\"868\">Pro\u010d je mas\u00e1\u017en\u00ed kr\u00e9m Colocynth tak \u00fa\u010dinn\u00fd?<\/strong><\/h3>\n<h4 data-start=\"870\" data-end=\"910\"><strong data-start=\"875\" data-end=\"910\">P\u0159\u00edrodn\u00ed protiz\u00e1n\u011btliv\u00e1 s\u00edla<\/strong><\/h4>\n<p data-start=\"912\" data-end=\"1079\">Colocynth, zn\u00e1m\u00fd tak\u00e9 jako ho\u0159k\u00e9 jablko, je bohat\u00fd na protiz\u00e1n\u011btliv\u00e9 l\u00e1tky. Sni\u017euje otoky kloub\u016f a sval\u016f a pom\u00e1h\u00e1 p\u0159i akutn\u00ed artritid\u011b a revmatismu.<\/p>\n<h4 data-start=\"1081\" data-end=\"1131\"><strong data-start=\"1086\" data-end=\"1131\">C\u00edlen\u00e1 \u00faleva od bolesti kloub\u016f a sval\u016f<\/strong><\/h4>\n<p data-start=\"1133\" data-end=\"1334\">D\u00edky sv\u00e9mu \u00fa\u010dinn\u00e9mu slo\u017een\u00ed poskytuje tento kr\u00e9m okam\u017eit\u00fd komfort t\u00edm, \u017ee pronik\u00e1 hluboko do poko\u017eky a p\u016fsob\u00ed proti bolesti u zdroje. Je ide\u00e1ln\u00ed p\u0159i bolestech zad, ztuhlosti kolen, kr\u010dn\u00edch bolestech a dal\u0161\u00edch.<\/p>\n<h4 data-start=\"1336\" data-end=\"1384\"><strong data-start=\"1341\" data-end=\"1384\">Zlep\u0161en\u00fd krevn\u00ed ob\u011bh pro rychlej\u0161\u00ed hojen\u00ed<\/strong><\/h4>\n<p data-start=\"1386\" data-end=\"1532\">Kr\u00e9m s obsahem eukalyptov\u00e9ho a sko\u0159icov\u00e9ho oleje stimuluje krevn\u00ed ob\u011bh, pom\u00e1h\u00e1 t\u011blu rychleji se zotavit a sni\u017euje svalovou \u00fanavu.<\/p>\n<h4 data-start=\"1534\" data-end=\"1577\"><strong data-start=\"1539\" data-end=\"1577\">Zklid\u0148uje svalov\u00e9 k\u0159e\u010de a ischias<\/strong><\/h4>\n<p data-start=\"1579\" data-end=\"1746\">Poci\u0165te chladivou \u00falevu v\u00fdta\u017eku z m\u00e1ty peprn\u00e9 a zklid\u0148uj\u00edc\u00ed \u00fa\u010dinky oleje z hroznov\u00fdch jader. Tyto slo\u017eky zm\u00edr\u0148uj\u00ed nap\u011bt\u00ed a podporuj\u00ed uvoln\u011bn\u00ed nerv\u016f p\u0159i bolestech ischiasu.<\/p>\n<h3 data-start=\"1753\" data-end=\"1809\"><strong data-start=\"1757\" data-end=\"1809\">Kl\u00ed\u010dov\u00e9 slo\u017eky mas\u00e1\u017en\u00edho kr\u00e9mu Lotus Colocynth<\/strong><\/h3>\n<ul data-start=\"1811\" data-end=\"2360\">\n<li data-start=\"1811\" data-end=\"1898\">\n<p data-start=\"1813\" data-end=\"1898\"><strong data-start=\"1813\" data-end=\"1834\">Extrakt z kolocintu<\/strong> &#8211; p\u0159\u00edrodn\u00ed prost\u0159edek proti z\u00e1n\u011bt\u016fm p\u0159i artritid\u011b a kloubn\u00edch pot\u00ed\u017e\u00edch<\/p>\n<\/li>\n<li data-start=\"1899\" data-end=\"1970\">\n<p data-start=\"1901\" data-end=\"1970\"><strong data-start=\"1901\" data-end=\"1915\">Mu\u0161k\u00e1tov\u00fd olej<\/strong> &#8211; zm\u00edr\u0148uje svalov\u00e9 nap\u011bt\u00ed a podporuje \u00falevu od bolesti<\/p>\n<\/li>\n<li data-start=\"1971\" data-end=\"2062\">\n<p data-start=\"1973\" data-end=\"2062\"><strong data-start=\"1973\" data-end=\"2000\">V\u00fdta\u017eky z fenyklu a km\u00ednu<\/strong> &#8211; zklid\u0148uj\u00ed svalov\u00e9 k\u0159e\u010de a pom\u00e1haj\u00ed p\u0159i regeneraci po cvi\u010den\u00ed<\/p>\n<\/li>\n<li data-start=\"2063\" data-end=\"2128\">\n<p data-start=\"2065\" data-end=\"2128\"><strong data-start=\"2065\" data-end=\"2083\">Eukalyptov\u00fd olej<\/strong> &#8211; zklid\u0148uje bolest kloub\u016f a sni\u017euje ztuhlost<\/p>\n<\/li>\n<li data-start=\"2129\" data-end=\"2212\">\n<p data-start=\"2131\" data-end=\"2212\"><strong data-start=\"2131\" data-end=\"2160\">Karafi\u00e1tov\u00fd a sko\u0159icov\u00fd olej<\/strong> &#8211; zlep\u0161uj\u00ed krevn\u00ed ob\u011bh a poskytuj\u00ed h\u0159ejiv\u00fd komfort<\/p>\n<\/li>\n<li data-start=\"2213\" data-end=\"2273\">\n<p data-start=\"2215\" data-end=\"2273\"><strong data-start=\"2215\" data-end=\"2233\">Olej z hroznov\u00fdch sem\u00ednek<\/strong> &#8211; vy\u017eivuje poko\u017eku a sni\u017euje otoky<\/p>\n<\/li>\n<li data-start=\"2274\" data-end=\"2360\">\n<p data-start=\"2276\" data-end=\"2360\"><strong data-start=\"2276\" data-end=\"2298\">V\u00fdta\u017eek z m\u00e1ty peprn\u00e9<\/strong> &#8211; poskytuje osv\u011b\u017euj\u00edc\u00ed, chladiv\u00fd pocit a uklid\u0148uje nervy<\/p>\n<\/li>\n<\/ul>\n<h3 data-start=\"2367\" data-end=\"2409\"><strong data-start=\"2371\" data-end=\"2409\">Jak pou\u017e\u00edvat mas\u00e1\u017en\u00ed kr\u00e9m Colocynth<\/strong><\/h3>\n<ol data-start=\"2411\" data-end=\"2734\">\n<li data-start=\"2411\" data-end=\"2486\">\n<p data-start=\"2414\" data-end=\"2486\">Naneste velk\u00e9 mno\u017estv\u00ed na posti\u017een\u00e9 m\u00edsto (klouby, svaly nebo z\u00e1da).<\/p>\n<\/li>\n<li data-start=\"2487\" data-end=\"2554\">\n<p data-start=\"2490\" data-end=\"2554\">Mas\u00edrujte krou\u017eiv\u00fdmi pohyby po dobu 10 minut, dokud se zcela nevst\u0159eb\u00e1.<\/p>\n<\/li>\n<li data-start=\"2555\" data-end=\"2622\">\n<p data-start=\"2558\" data-end=\"2622\">Pro dosa\u017een\u00ed optim\u00e1ln\u00edch v\u00fdsledk\u016f pou\u017e\u00edvejte <strong data-start=\"2562\" data-end=\"2577\">dvakr\u00e1t denn\u011b<\/strong> &#8211; r\u00e1no a ve\u010der.<\/p>\n<\/li>\n<li data-start=\"2623\" data-end=\"2734\">\n<p data-start=\"2626\" data-end=\"2734\">P\u0159i <strong data-start=\"2635\" data-end=\"2648\">bolestech hlavy<\/strong> naneste mal\u00e9 mno\u017estv\u00ed na \u010delo a jemn\u011b mas\u00edrujte po dobu 5 minut (vyhn\u011bte se o\u010d\u00edm).<\/p>\n<\/li>\n<\/ol>\n<h3 data-start=\"2741\" data-end=\"2771\"><strong data-start=\"2745\" data-end=\"2771\">Bezpe\u010dnostn\u00ed opat\u0159en\u00ed p\u0159ed pou\u017eit\u00edm<\/strong><\/h3>\n<ul data-start=\"2773\" data-end=\"3065\">\n<li data-start=\"2773\" data-end=\"2799\">\n<p data-start=\"2775\" data-end=\"2799\">Pouze pro extern\u00ed pou\u017eit\u00ed.<\/p>\n<\/li>\n<li data-start=\"2800\" data-end=\"2849\">\n<p data-start=\"2802\" data-end=\"2849\">Zabra\u0148te kontaktu s o\u010dima a sliznicemi.<\/p>\n<\/li>\n<li data-start=\"2850\" data-end=\"2894\">\n<p data-start=\"2852\" data-end=\"2894\">Nepou\u017e\u00edvejte na poru\u0161enou nebo zan\u00edcenou poko\u017eku.<\/p>\n<\/li>\n<li data-start=\"2895\" data-end=\"2929\">\n<p data-start=\"2897\" data-end=\"2929\">Uchov\u00e1vejte mimo dosah d\u011bt\u00ed.<\/p>\n<\/li>\n<li data-start=\"2930\" data-end=\"3006\">\n<p data-start=\"2932\" data-end=\"3006\">Pokud dojde k podr\u00e1\u017ed\u011bn\u00ed, p\u0159esta\u0148te p\u0159\u00edpravek pou\u017e\u00edvat a pora\u010fte se s l\u00e9ka\u0159em.<\/p>\n<\/li>\n<li data-start=\"3007\" data-end=\"3065\">\n<p data-start=\"3009\" data-end=\"3065\">T\u011bhotn\u00e1 nebo koj\u00edc\u00ed? Nejprve se pora\u010fte se sv\u00fdm l\u00e9ka\u0159em.<\/p>\n<\/li>\n<\/ul>\n<h3 data-start=\"3464\" data-end=\"3531\"><strong data-start=\"3468\" data-end=\"3531\">Z\u00e1v\u011br: Poci\u0165te s\u00edlu p\u0159\u00edrody s kolocintovou mas\u00e1\u017e\u00ed<\/strong><\/h3>\n<p data-start=\"3533\" data-end=\"3908\">Mas\u00e1\u017en\u00ed kr\u00e9m Lotus Colocynth p\u0159in\u00e1\u0161\u00ed p\u0159\u00edrodn\u00ed a \u00fa\u010dinn\u00fd zp\u016fsob, jak zvl\u00e1dat ka\u017edodenn\u00ed bolesti. A\u0165 u\u017e \u0159e\u0161\u00edte chronick\u00e9 pot\u00ed\u017ee, jako je artritida, nebo pot\u0159ebujete \u00falevu po tr\u00e9ninku, <strong data-start=\"3722\" data-end=\"3743\">mas\u00e1\u017en\u00ed terapie Colocynth<\/strong> ve form\u011b kr\u00e9mu pom\u00e1h\u00e1 p\u0159irozen\u011b obnovit rovnov\u00e1hu a pohodl\u00ed. Nedovolte, aby v\u00e1s bolest brzdila &#8211; dop\u0159ejte sv\u00e9mu t\u011blu dotek p\u0159\u00edrody a poci\u0165te rozd\u00edl je\u0161t\u011b dnes.<\/p>\n<p data-start=\"3910\" data-end=\"3997\"><strong data-start=\"3910\" data-end=\"3997\">Vyzkou\u0161ejte Lotus Massage Colocynth Cream a u\u017e\u00edvejte si \u017eivot bez bolesti &#8211; p\u0159\u00edrodn\u00ed cestou!<\/strong><\/p>\n<p style=\"text-align: center;\">D\u011bkujeme za n\u00e1kupy na <em data-start=\"415\" data-end=\"431\"><a href=\"https:\/\/bazaar.express\/\">Bazaar Express<\/a><\/em> &#8211; Jsme r\u00e1di, \u017ee jste u n\u00e1s!<\/p>\n<p style=\"text-align: center;\">Va\u0161e cesta k lep\u0161\u00ed p\u00e9\u010di o sebe sama za\u010d\u00edn\u00e1 zde &#8211; s <a href=\"https:\/\/bazaar.express\/product-category\/beauty-care\/\">Beauty &amp; Care<\/a>, kter\u00e9 m\u016f\u017eete d\u016fv\u011b\u0159ovat.<\/p>\n","protected":false},"excerpt":{"rendered":"<h3 data-start=\"398\" data-end=\"691\">Lotus Massage Colocynth Cream nab\u00edz\u00ed silnou p\u0159\u00edrodn\u00ed \u00falevu od z\u00e1n\u011bt\u016f kloub\u016f, artritidy a bolesti sval\u016f. Obohacen\u00fd o colocynth, eukalyptov\u00fd olej a m\u00e1tu peprnou zklid\u0148uje ztuhlost, posiluje krevn\u00ed ob\u011bh a zm\u00edr\u0148uje k\u0159e\u010de. Ide\u00e1ln\u00ed pro sportovce a v\u0161echny, kte\u0159\u00ed pot\u0159ebuj\u00ed rychlou a p\u0159irozenou regeneraci.<\/h3>\n","protected":false},"featured_media":35190,"comment_status":"open","ping_status":"closed","template":"","meta":[],"product_brand":[],"product_cat":[786],"product_tag":[813,812,792],"class_list":{"0":"post-35187","1":"product","2":"type-product","3":"status-publish","4":"has-post-thumbnail","6":"product_cat-pece-o-krasu","7":"product_tag-cream","8":"product_tag-kloubni-krem","9":"product_tag-masaz","10":"pa_l-xl-150-g","12":"first","13":"instock","14":"sale","15":"shipping-taxable","16":"purchasable","17":"product-type-simple"},"_links":{"self":[{"href":"https:\/\/bazaar.express\/cs\/wp-json\/wp\/v2\/product\/35187","targetHints":{"allow":["GET"]}}],"collection":[{"href":"https:\/\/bazaar.express\/cs\/wp-json\/wp\/v2\/product"}],"about":[{"href":"https:\/\/bazaar.express\/cs\/wp-json\/wp\/v2\/types\/product"}],"replies":[{"embeddable":true,"href":"https:\/\/bazaar.express\/cs\/wp-json\/wp\/v2\/comments?post=35187"}],"wp:featuredmedia":[{"embeddable":true,"href":"https:\/\/bazaar.express\/cs\/wp-json\/wp\/v2\/media\/35190"}],"wp:attachment":[{"href":"https:\/\/bazaar.express\/cs\/wp-json\/wp\/v2\/media?parent=35187"}],"wp:term":[{"taxonomy":"product_brand","embeddable":true,"href":"https:\/\/bazaar.express\/cs\/wp-json\/wp\/v2\/product_brand?post=35187"},{"taxonomy":"product_cat","embeddable":true,"href":"https:\/\/bazaar.express\/cs\/wp-json\/wp\/v2\/product_cat?post=35187"},{"taxonomy":"product_tag","embeddable":true,"href":"https:\/\/bazaar.express\/cs\/wp-json\/wp\/v2\/product_tag?post=35187"}],"curies":[{"name":"wp","href":"https:\/\/api.w.org\/{rel}","templated":true}]}}