{"id":35188,"date":"2024-12-17T21:39:00","date_gmt":"2024-12-17T21:39:00","guid":{"rendered":"https:\/\/bazaar.express\/product\/eukalyptovy-olej\/"},"modified":"2024-12-17T21:39:00","modified_gmt":"2024-12-17T21:39:00","slug":"eukalyptovy-olej","status":"publish","type":"product","link":"https:\/\/bazaar.express\/cs\/produkt\/eukalyptovy-olej\/","title":{"rendered":"Eukalyptov\u00fd olej"},"content":{"rendered":"<h2 data-start=\"147\" data-end=\"218\">Eukalyptov\u00fd olej Lotus &#8211; p\u0159\u00edrodn\u00ed \u00faleva od bolesti, d\u00fdch\u00e1n\u00ed a dal\u0161\u00edch probl\u00e9m\u016f<\/h2>\n<h3 data-start=\"220\" data-end=\"256\">  Co je Lotus Eucalyptus Oil?<\/h3>\n<p data-start=\"258\" data-end=\"686\">Eukalyptov\u00fd olej Lotus je \u00fa\u010dinn\u00fd esenci\u00e1ln\u00ed olej z\u00edsk\u00e1van\u00fd z list\u016f eukalyptov\u00fdch strom\u016f poch\u00e1zej\u00edc\u00edch z tropick\u00fdch les\u016f And v Ji\u017en\u00ed Americe. Tento l\u00e9\u010debn\u00fd olej, kter\u00fd je v tradi\u010dn\u00ed medic\u00edn\u011b uct\u00edv\u00e1n ji\u017e po stalet\u00ed, je zn\u00e1m\u00fd sv\u00fdm hlubok\u00fdm \u00fa\u010dinkem na bolesti sval\u016f a kloub\u016f, zdrav\u00ed d\u00fdchac\u00edch cest a krevn\u00ed ob\u011bh. D\u00edky vysok\u00e9 koncentraci <strong data-start=\"597\" data-end=\"621\">eukalyptolu (cineolu<\/strong>) p\u0159in\u00e1\u0161\u00ed sv\u011b\u017e\u00ed, ostrou v\u016fni a vlnu p\u0159\u00edrodn\u00ed l\u00e9\u010dby.  <\/p>\n<h3 data-start=\"693\" data-end=\"749\">  Siln\u00e1 p\u0159\u00edrodn\u00ed \u00faleva od bolesti kloub\u016f a sval\u016f<\/h3>\n<p data-start=\"751\" data-end=\"1108\">Tento olej poskytuje okam\u017eitou a \u00fa\u010dinnou \u00falevu p\u0159i bolestech kloub\u016f, svalov\u00fdch k\u0159e\u010d\u00edch, ztuhlosti a z\u00e1n\u011btech. A\u0165 u\u017e se pot\u00fdk\u00e1te s artritidou, revmatismem nebo bolestmi po fyzick\u00e9 aktivit\u011b, pou\u017eit\u00ed <g id=\"gid_0\">eukalyptov\u00e9ho oleje Lotus<\/g> m\u016f\u017ee zm\u00edrnit nep\u0159\u00edjemn\u00e9 pocity a podpo\u0159it rychlej\u0161\u00ed zotaven\u00ed. P\u0159irozen\u011b reguluje nervov\u00e9 reakce a sni\u017euje nap\u011bt\u00ed v posti\u017een\u00fdch oblastech.  <\/p>\n<h3 data-start=\"1115\" data-end=\"1152\">  Podpora d\u00fdchac\u00edho \u00fastroj\u00ed<\/h3>\n<p data-start=\"1154\" data-end=\"1431\">Bojujete s astmatem, bronchitidou nebo ucpan\u00fdm nosem? Tento eukalyptov\u00fd olej m\u016f\u017eete inhalovat p\u0159i parn\u00ed terapii nebo vmas\u00edrovat do hrudn\u00edku, abyste uvolnili d\u00fdchac\u00ed cesty, zm\u00edrnili z\u00e1n\u011bt a podpo\u0159ili \u010dist\u0161\u00ed d\u00fdch\u00e1n\u00ed. Je to spolehliv\u00fd prost\u0159edek proti nachlazen\u00ed a sez\u00f3nn\u00edm d\u00fdchac\u00edm pot\u00ed\u017e\u00edm.  <\/p>\n<h3 data-start=\"1438\" data-end=\"1475\">  Zlep\u0161uje krevn\u00ed ob\u011bh a hojen\u00ed<\/h3>\n<p data-start=\"1477\" data-end=\"1710\">Tento olej je bohat\u00fd na l\u00e9\u010div\u00e9 l\u00e1tky, jako je <strong data-start=\"1510\" data-end=\"1570\">cinchonin, chinin, alkaloidy a kyselina cinchono fulvov\u00e1<\/strong>, a stimuluje krevn\u00ed ob\u011bh. Zlep\u0161en\u00fd pr\u016ftok krve urychluje hojen\u00ed, zvy\u0161uje p\u0159\u00edsun kysl\u00edku do tk\u00e1n\u00ed a sni\u017euje \u00fanavu. <\/p>\n<h3 data-start=\"1717\" data-end=\"1735\">  Kl\u00ed\u010dov\u00e9 v\u00fdhody<\/h3>\n<ul data-start=\"1737\" data-end=\"2096\">\n<li data-start=\"1737\" data-end=\"1845\">\n<p data-start=\"1739\" data-end=\"1845\"><strong data-start=\"1739\" data-end=\"1770\">\u00daleva od bolesti kloub\u016f a sval\u016f:<\/strong> zm\u00edr\u0148uje ztuhlost, z\u00e1n\u011bt a bolestivost p\u0159i artritid\u011b nebo zran\u011bn\u00ed.<\/p>\n<\/li>\n<li data-start=\"1846\" data-end=\"1928\">\n<p data-start=\"1848\" data-end=\"1928\"><strong data-start=\"1848\" data-end=\"1871\">\u00daleva pro d\u00fdchac\u00ed cesty:<\/strong> Pom\u00e1h\u00e1 zm\u00edrnit p\u0159ekrven\u00ed, astma a podr\u00e1\u017ed\u011bn\u00ed pr\u016fdu\u0161ek.<\/p>\n<\/li>\n<li data-start=\"1929\" data-end=\"2004\">\n<p data-start=\"1931\" data-end=\"2004\"><strong data-start=\"1931\" data-end=\"1955\">Posilova\u010d krevn\u00edho ob\u011bhu:<\/strong> Zlep\u0161uje pr\u016ftok krve a urychluje regeneraci.<\/p>\n<\/li>\n<li data-start=\"2005\" data-end=\"2096\">\n<p data-start=\"2007\" data-end=\"2096\"><strong data-start=\"2007\" data-end=\"2028\">Multifunk\u010dn\u00ed:<\/strong> Lze pou\u017e\u00edt k p\u00e9\u010di o \u00fastn\u00ed dutinu (z\u0159ed\u011bn\u00fd), k mas\u00e1\u017ei poko\u017eky nebo k aromaterapii.<\/p>\n<\/li>\n<\/ul>\n<h3 data-start=\"2103\" data-end=\"2125\">  Kl\u00ed\u010dov\u00e9 slo\u017eky<\/h3>\n<ul data-start=\"2127\" data-end=\"2419\">\n<li data-start=\"2127\" data-end=\"2203\">\n<p data-start=\"2129\" data-end=\"2203\"><strong data-start=\"2129\" data-end=\"2153\">Eukalyptol (cineol)<\/strong> &#8211; p\u016fsob\u00ed protiz\u00e1n\u011btliv\u011b a dekongestivn\u011b.<\/p>\n<\/li>\n<li data-start=\"2204\" data-end=\"2283\">\n<p data-start=\"2206\" data-end=\"2283\"><strong data-start=\"2206\" data-end=\"2240\">Cinchonin a chininov\u00e9 alkaloidy<\/strong> &#8211; ke sn\u00ed\u017een\u00ed bolesti a zlep\u0161en\u00ed krevn\u00edho ob\u011bhu<\/p>\n<\/li>\n<li data-start=\"2284\" data-end=\"2357\">\n<p data-start=\"2286\" data-end=\"2357\"><strong data-start=\"2286\" data-end=\"2316\">Cinchonidin a kyselina fulvov\u00e1<\/strong> &#8211; pro hlub\u0161\u00ed hojen\u00ed a detoxika\u010dn\u00ed \u00fa\u010dinky<\/p>\n<\/li>\n<li data-start=\"2358\" data-end=\"2419\">\n<p data-start=\"2360\" data-end=\"2419\"><strong data-start=\"2360\" data-end=\"2377\">Kyselina snotanikov\u00e1<\/strong> &#8211; p\u0159isp\u00edv\u00e1 k antibakteri\u00e1ln\u00edm vlastnostem<\/p>\n<\/li>\n<\/ul>\n<h3 data-start=\"2426\" data-end=\"2443\">  Jak pou\u017e\u00edvat<\/h3>\n<p data-start=\"2445\" data-end=\"2576\"><strong data-start=\"2445\" data-end=\"2473\">Na bolest kloub\u016f a sval\u016f:<\/strong><br data-start=\"2473\" data-end=\"2476\">P\u0159ed span\u00edm naneste n\u011bkolik kapek na posti\u017een\u00e9 m\u00edsto a krou\u017eiv\u00fdmi pohyby 4 minuty mas\u00edrujte.<\/p>\n<p data-start=\"2578\" data-end=\"2703\"><strong data-start=\"2578\" data-end=\"2605\">P\u0159i d\u00fdchac\u00edch pot\u00ed\u017e\u00edch:<\/strong><br data-start=\"2605\" data-end=\"2608\">P\u0159ed span\u00edm si pot\u0159ete hrudn\u00edk a krk nebo p\u0159idejte n\u011bkolik kapek do hork\u00e9 vody a vdechujte p\u00e1ru.<\/p>\n<p data-start=\"2705\" data-end=\"2814\"><strong data-start=\"2705\" data-end=\"2744\">Pro \u00falevu od bolesti zub\u016f (v\u00fdplach \u00fast):<\/strong><br data-start=\"2744\" data-end=\"2747\">Sm\u00edchejte 5-8 kapek do \u00fastn\u00ed vody a dvakr\u00e1t denn\u011b vyplachujte. Nepolykejte. <\/p>\n<h3 data-start=\"2821\" data-end=\"2839\">  Bezpe\u010dnostn\u00ed opat\u0159en\u00ed<\/h3>\n<ul data-start=\"2841\" data-end=\"3065\">\n<li data-start=\"2841\" data-end=\"2901\">\n<p data-start=\"2843\" data-end=\"2901\">Vyhn\u011bte se, pokud m\u00e1te <strong data-start=\"2861\" data-end=\"2884\">vysok\u00fd krevn\u00ed tlak<\/strong> nebo <strong data-start=\"2888\" data-end=\"2900\">cukrovku<\/strong>.<\/p>\n<\/li>\n<li data-start=\"2902\" data-end=\"2958\">\n<p data-start=\"2904\" data-end=\"2958\">Nedoporu\u010duje se b\u011bhem <strong data-start=\"2927\" data-end=\"2957\">t\u011bhotenstv\u00ed a kojen\u00ed<\/strong>.<\/p>\n<\/li>\n<li data-start=\"2959\" data-end=\"3010\">\n<p data-start=\"2961\" data-end=\"3010\">P\u0159ed \u00faplnou aplikac\u00ed prove\u010fte <strong data-start=\"2971\" data-end=\"2985\">n\u00e1plas\u0165ov\u00fd test<\/strong>.<\/p>\n<\/li>\n<\/ul>\n<h3 data-start=\"3382\" data-end=\"3404\">  Z\u00e1v\u011bre\u010dn\u00e9 my\u0161lenky<\/h3>\n<p data-start=\"3406\" data-end=\"3696\"><strong data-start=\"3406\" data-end=\"3430\">Eukalyptov\u00fd olej Lotus<\/strong> nen\u00ed jen produkt &#8211; je to kompletn\u00ed wellness z\u00e1\u017eitek. A\u0165 u\u017e hled\u00e1te p\u0159irozenou \u00falevu od bolesti, komfort pro d\u00fdch\u00e1n\u00ed nebo energizuj\u00edc\u00ed v\u016fni, tento olej nab\u00edz\u00ed bezpe\u010dn\u00e9 a \u00fa\u010dinn\u00e9 \u00fa\u010dinky, kter\u00e9 maj\u00ed ko\u0159eny v p\u0159\u00edrod\u011b. P\u0159idejte jej do sv\u00e9 ka\u017edodenn\u00ed rutiny a poc\u00edt\u00edte rozd\u00edl.  <\/p>\n<p style=\"text-align: center;\">D\u011bkujeme za n\u00e1kupy na <em data-start=\"415\" data-end=\"431\"><a href=\"https:\/\/bazaar.express\/\">Bazaar Express<\/a><\/em> &#8211; Jsme r\u00e1di, \u017ee jste u n\u00e1s!<\/p>\n<p style=\"text-align: center;\">Poci\u0165te s\u00edlu p\u0159\u00edrody &#8211; \u010dist\u00e9 <a href=\"\/?p=34484\">terapeutick\u00e9 oleje<\/a> pro ka\u017edodenn\u00ed wellness.<\/p>\n","protected":false},"excerpt":{"rendered":"<h3 data-start=\"391\" data-end=\"706\">Eukalyptov\u00fd olej Lotus je siln\u00fd esenci\u00e1ln\u00ed olej zn\u00e1m\u00fd sv\u00fdmi siln\u00fdmi \u00fa\u010dinky na bolest a d\u00fdchac\u00ed cesty. D\u00edky vysok\u00e9mu obsahu eukalyptolu a l\u00e9\u010div\u00fdch alkaloid\u016f zklid\u0148uje bolav\u00e9 svaly, zm\u00edr\u0148uje ztuhlost kloub\u016f, uvol\u0148uje p\u0159ekrven\u00ed a posiluje krevn\u00ed ob\u011bh, tak\u017ee je p\u0159irozenou sou\u010d\u00e1st\u00ed va\u0161\u00ed dom\u00e1c\u00ed wellness p\u00e9\u010de. <\/h3>\n","protected":false},"featured_media":35192,"comment_status":"open","ping_status":"closed","template":"","meta":[],"product_brand":[],"product_cat":[787,786],"product_tag":[813,781,793],"class_list":{"0":"post-35188","1":"product","2":"type-product","3":"status-publish","4":"has-post-thumbnail","6":"product_cat-terapeuticke-oleje","7":"product_cat-pece-o-krasu","8":"product_tag-cream","9":"product_tag-olej","10":"product_tag-prirodni-olej","11":"pa_l-xl-125ml","12":"pa_l-xl-250ml","13":"pa_l-xl-60ml","15":"first","16":"instock","17":"sale","18":"shipping-taxable","19":"purchasable","20":"product-type-variable"},"_links":{"self":[{"href":"https:\/\/bazaar.express\/cs\/wp-json\/wp\/v2\/product\/35188","targetHints":{"allow":["GET"]}}],"collection":[{"href":"https:\/\/bazaar.express\/cs\/wp-json\/wp\/v2\/product"}],"about":[{"href":"https:\/\/bazaar.express\/cs\/wp-json\/wp\/v2\/types\/product"}],"replies":[{"embeddable":true,"href":"https:\/\/bazaar.express\/cs\/wp-json\/wp\/v2\/comments?post=35188"}],"wp:featuredmedia":[{"embeddable":true,"href":"https:\/\/bazaar.express\/cs\/wp-json\/wp\/v2\/media\/35192"}],"wp:attachment":[{"href":"https:\/\/bazaar.express\/cs\/wp-json\/wp\/v2\/media?parent=35188"}],"wp:term":[{"taxonomy":"product_brand","embeddable":true,"href":"https:\/\/bazaar.express\/cs\/wp-json\/wp\/v2\/product_brand?post=35188"},{"taxonomy":"product_cat","embeddable":true,"href":"https:\/\/bazaar.express\/cs\/wp-json\/wp\/v2\/product_cat?post=35188"},{"taxonomy":"product_tag","embeddable":true,"href":"https:\/\/bazaar.express\/cs\/wp-json\/wp\/v2\/product_tag?post=35188"}],"curies":[{"name":"wp","href":"https:\/\/api.w.org\/{rel}","templated":true}]}}