{"id":35196,"date":"2024-12-18T15:02:34","date_gmt":"2024-12-18T15:02:34","guid":{"rendered":"https:\/\/bazaar.express\/product\/masazni-gel\/"},"modified":"2025-10-31T18:38:11","modified_gmt":"2025-10-31T18:38:11","slug":"masazni-gel","status":"publish","type":"product","link":"https:\/\/bazaar.express\/cs\/produkt\/masazni-gel\/","title":{"rendered":"Mas\u00e1\u017en\u00ed gel"},"content":{"rendered":"<h2 data-start=\"281\" data-end=\"349\">Mas\u00e1\u017en\u00ed gel Karismooth \u2013 P\u0159\u00edrodn\u00ed \u00faleva p\u0159i bolestech sval\u016f a kloub\u016f<\/h2>\n<h3 data-start=\"351\" data-end=\"404\">P\u0159irozen\u00e9 zklidn\u011bn\u00ed bolesti s mas\u00e1\u017en\u00edm gelem Karismooth<\/h3>\n<p data-start=\"406\" data-end=\"833\">Hled\u00e1te p\u0159\u00edrodn\u00ed \u0159e\u0161en\u00ed pro \u00falevu od bolesti kloub\u016f, svalov\u00fdch k\u0159e\u010d\u00ed nebo ztuhlosti chrupavek? <strong data-start=\"499\" data-end=\"525\">Mas\u00e1\u017en\u00ed gel Karismooth<\/strong> m\u00e1 odborn\u00e9 slo\u017een\u00ed s \u00fa\u010dinnou kombinac\u00ed bylinn\u00fdch v\u00fdta\u017ek\u016f, jako je kolocynth, eukalyptus, h\u0159eb\u00ed\u010dkov\u00fd olej a mentol, kter\u00e9 poskytuj\u00ed <strong data-start=\"661\" data-end=\"687\">rychlou a \u00fa\u010dinnou \u00falevu<\/strong>. A\u0165 u\u017e bojujete s chronickou artritidou nebo svalovou \u00fanavou po cvi\u010den\u00ed, tento <strong data-start=\"770\" data-end=\"785\">mas\u00e1\u017en\u00ed gel<\/strong> je va\u0161\u00edm ka\u017edodenn\u00edm spole\u010dn\u00edkem pro pohyb bez bolesti.<\/p>\n<h3 data-start=\"835\" data-end=\"884\">Siln\u00fd bylinn\u00fd vzorec pro zm\u00edrn\u011bn\u00ed nepohodl\u00ed<\/h3>\n<p data-start=\"886\" data-end=\"1271\">Tento pokro\u010dil\u00fd mas\u00e1\u017en\u00ed gel vyu\u017e\u00edv\u00e1 l\u00e9\u010div\u00e9 vlastnosti extraktu z kolocintu &#8211; starobyl\u00e9 pou\u0161tn\u00ed rostliny zn\u00e1m\u00e9 sv\u00fdmi protiz\u00e1n\u011btliv\u00fdmi \u00fa\u010dinky. V kombinaci se slo\u017ekami, jako je <strong data-start=\"1066\" data-end=\"1097\">h\u0159eb\u00ed\u010dkov\u00fd olej, kafr, mentol<\/strong> a <strong data-start=\"1103\" data-end=\"1126\">extrakt z gran\u00e1tov\u00e9ho jablka<\/strong>, vznik\u00e1 rychle se vst\u0159eb\u00e1vaj\u00edc\u00ed nemastn\u00fd gel, kter\u00fd pronik\u00e1 hluboko do poko\u017eky a sni\u017euje otoky, zvy\u0161uje pru\u017enost a obnovuje pohodl\u00ed.<\/p>\n<p data-start=\"1273\" data-end=\"1451\">A\u0165 u\u017e m\u00e1te probl\u00e9my s <strong data-start=\"1301\" data-end=\"1313\">ischiasem<\/strong>, <strong data-start=\"1315\" data-end=\"1329\">revmatismem<\/strong> nebo <strong data-start=\"1334\" data-end=\"1351\">namo\u017een\u00fdmi svaly<\/strong>, c\u00edlen\u00e1 receptura p\u0159\u00edpravku Karismooth podporuje rychlej\u0161\u00ed hojen\u00ed a uvoln\u011bn\u00ed ztuhl\u00fdch nebo p\u0159et\u00ed\u017een\u00fdch oblast\u00ed.<\/p>\n<h3 data-start=\"1453\" data-end=\"1495\">Hlavn\u00ed v\u00fdhody mas\u00e1\u017en\u00edho gelu Karismooth<\/h3>\n<ul data-start=\"1497\" data-end=\"1836\">\n<li data-start=\"1497\" data-end=\"1562\">\n<p data-start=\"1499\" data-end=\"1562\"> Zm\u00edr\u0148uje ztuhlost kloub\u016f, svalov\u00e9 k\u0159e\u010de a bolesti chrupavek<\/p>\n<\/li>\n<li data-start=\"1563\" data-end=\"1625\">\n<p data-start=\"1565\" data-end=\"1625\"> P\u0159irozen\u011b zklid\u0148uje artritidu, bolesti zad a z\u00e1n\u011bty<\/p>\n<\/li>\n<li data-start=\"1626\" data-end=\"1674\">\n<p data-start=\"1628\" data-end=\"1674\"> Stimuluje pr\u016ftok krve a sni\u017euje otoky<\/p>\n<\/li>\n<li data-start=\"1675\" data-end=\"1724\">\n<p data-start=\"1677\" data-end=\"1724\"> Rychle se vst\u0159eb\u00e1vaj\u00edc\u00ed gel s chladiv\u00fdm pocitem<\/p>\n<\/li>\n<li data-start=\"1725\" data-end=\"1779\">\n<p data-start=\"1727\" data-end=\"1779\"> Ide\u00e1ln\u00ed p\u0159i bolestech po tr\u00e9ninku a chronick\u00e9 bolesti<\/p>\n<\/li>\n<li data-start=\"1780\" data-end=\"1836\">\n<p data-start=\"1782\" data-end=\"1836\"> Bezpe\u010dn\u00e9 pro ka\u017edodenn\u00ed pou\u017eit\u00ed a vhodn\u00e9 pro v\u0161echny typy pleti<\/p>\n<\/li>\n<\/ul>\n<h3 data-start=\"1838\" data-end=\"1871\">P\u0159\u00edrodn\u00ed slo\u017eky, kter\u00e9 funguj\u00ed<\/h3>\n<ul data-start=\"1873\" data-end=\"2397\">\n<li data-start=\"1873\" data-end=\"1939\">\n<p data-start=\"1875\" data-end=\"1939\"><strong data-start=\"1875\" data-end=\"1896\">Extrakt z kolocintu<\/strong> \u2013 Zm\u00edr\u0148uje z\u00e1n\u011bt a ulevuje od bolesti<\/p>\n<\/li>\n<li data-start=\"1940\" data-end=\"2013\">\n<p data-start=\"1942\" data-end=\"2013\"><strong data-start=\"1942\" data-end=\"1965\">Extrakt z gran\u00e1tov\u00e9ho jablka<\/strong> \u2013 P\u016fsob\u00ed proti svalov\u00fdm k\u0159e\u010d\u00edm a podporuje regeneraci<\/p>\n<\/li>\n<li data-start=\"2014\" data-end=\"2079\">\n<p data-start=\"2016\" data-end=\"2079\"><strong data-start=\"2016\" data-end=\"2029\">H\u0159eb\u00ed\u010dkov\u00fd olej<\/strong> \u2013 Zlep\u0161uje krevn\u00ed ob\u011bh a proh\u0159\u00edv\u00e1 bolav\u00e9 svaly<\/p>\n<\/li>\n<li data-start=\"2080\" data-end=\"2131\">\n<p data-start=\"2082\" data-end=\"2131\"><strong data-start=\"2082\" data-end=\"2099\">Gel z aloe vera<\/strong> \u2013 Zklid\u0148uje a hydratuje poko\u017eku<\/p>\n<\/li>\n<li data-start=\"2132\" data-end=\"2197\">\n<p data-start=\"2134\" data-end=\"2197\"><strong data-start=\"2134\" data-end=\"2149\">Kafrov\u00fd olej<\/strong> \u2013 Stimuluje pr\u016ftok krve a sni\u017euje ztuhlost<\/p>\n<\/li>\n<li data-start=\"2198\" data-end=\"2252\">\n<p data-start=\"2200\" data-end=\"2252\"><strong data-start=\"2200\" data-end=\"2211\">Mentol<\/strong> \u2013 Poskytuje osv\u011b\u017euj\u00edc\u00ed chladiv\u00fd \u00fa\u010dinek<\/p>\n<\/li>\n<li data-start=\"2253\" data-end=\"2326\">\n<p data-start=\"2255\" data-end=\"2326\"><strong data-start=\"2255\" data-end=\"2268\">Vitamin C<\/strong> \u2013 Napom\u00e1h\u00e1 regeneraci tk\u00e1n\u00ed a sni\u017euje oxida\u010dn\u00ed stres<\/p>\n<\/li>\n<li data-start=\"2327\" data-end=\"2397\">\n<p data-start=\"2329\" data-end=\"2397\"><strong data-start=\"2329\" data-end=\"2347\">Eukalyptov\u00fd olej<\/strong> \u2013 Analgetick\u00fd \u00fa\u010dinek pro \u00falevu kloub\u016f a sval\u016f<\/p>\n<\/li>\n<\/ul>\n<h3 data-start=\"2399\" data-end=\"2413\">Jak pou\u017e\u00edvat<\/h3>\n<ol data-start=\"2415\" data-end=\"2749\">\n<li data-start=\"2415\" data-end=\"2465\">\n<p data-start=\"2418\" data-end=\"2465\">Na posti\u017een\u00e9 m\u00edsto naneste dostate\u010dn\u00e9 mno\u017estv\u00ed p\u0159\u00edpravku.<\/p>\n<\/li>\n<li data-start=\"2466\" data-end=\"2517\">\n<p data-start=\"2469\" data-end=\"2517\">Krou\u017eiv\u00fdmi pohyby mas\u00edrujte 10\u201315 minut.<\/p>\n<\/li>\n<li data-start=\"2518\" data-end=\"2578\">\n<p data-start=\"2521\" data-end=\"2578\">Pro dosa\u017een\u00ed nejlep\u0161\u00edch v\u00fdsledk\u016f pou\u017e\u00edvejte dvakr\u00e1t denn\u011b (r\u00e1no a ve\u010der).<\/p>\n<\/li>\n<li data-start=\"2579\" data-end=\"2641\">\n<p data-start=\"2582\" data-end=\"2641\">Po aplikaci udr\u017eujte m\u00edsto v teple, aby se l\u00e9pe vst\u0159eb\u00e1valo.<\/p>\n<\/li>\n<li data-start=\"2642\" data-end=\"2749\">\n<p data-start=\"2645\" data-end=\"2749\">P\u0159i bolestech hlavy naneste mal\u00e9 mno\u017estv\u00ed na \u010delo a jemn\u011b mas\u00edrujte po dobu 5 minut. Vyhn\u011bte se kontaktu s o\u010dima.<\/p>\n<\/li>\n<\/ol>\n<h3 data-start=\"2751\" data-end=\"2775\">Bezpe\u010dnost a bezpe\u010dnostn\u00ed opat\u0159en\u00ed<\/h3>\n<ul data-start=\"2777\" data-end=\"3030\">\n<li data-start=\"2777\" data-end=\"2802\">\n<p data-start=\"2779\" data-end=\"2802\">Pouze pro extern\u00ed pou\u017eit\u00ed<\/p>\n<\/li>\n<li data-start=\"2803\" data-end=\"2863\">\n<p data-start=\"2805\" data-end=\"2863\">P\u0159ed pou\u017eit\u00edm se pora\u010fte s l\u00e9ka\u0159em, pokud jste t\u011bhotn\u00e1 nebo koj\u00edte<\/p>\n<\/li>\n<li data-start=\"2864\" data-end=\"2906\">\n<p data-start=\"2866\" data-end=\"2906\">Nepou\u017e\u00edvejte na poru\u0161enou nebo podr\u00e1\u017ed\u011bnou poko\u017eku<\/p>\n<\/li>\n<li data-start=\"2907\" data-end=\"2955\">\n<p data-start=\"2909\" data-end=\"2955\">Vyhn\u011bte se kontaktu s o\u010dima a sliznicemi<\/p>\n<\/li>\n<li data-start=\"2956\" data-end=\"2996\">\n<p data-start=\"2958\" data-end=\"2996\">Pokud dojde k podr\u00e1\u017ed\u011bn\u00ed, p\u0159esta\u0148te p\u0159\u00edpravek pou\u017e\u00edvat<\/p>\n<\/li>\n<li data-start=\"2997\" data-end=\"3030\">\n<p data-start=\"2999\" data-end=\"3030\">Uchov\u00e1vejte mimo dosah d\u011bt\u00ed<\/p>\n<\/li>\n<\/ul>\n<p data-start=\"3346\" data-end=\"3567\"><strong data-start=\"3346\" data-end=\"3382\">Vyzkou\u0161ejte mas\u00e1\u017en\u00ed gel Karismooth je\u0161t\u011b dnes<\/strong> a za\u017eijte uklid\u0148uj\u00edc\u00ed \u00falevu od bolesti d\u00edky nejlep\u0161\u00edm p\u0159\u00edrodn\u00edm bylin\u00e1m. A\u0165 u\u017e pot\u0159ebujete podpo\u0159it rekonvalescenci nebo ka\u017edodenn\u00ed \u00falevu od bolesti, za tento mas\u00e1\u017en\u00ed gel v\u00e1m va\u0161e t\u011blo pod\u011bkuje.<\/p>\n<p style=\"text-align: center;\">D\u011bkujeme za n\u00e1kupy na <em data-start=\"415\" data-end=\"431\"><a href=\"https:\/\/bazaar.express\/\">Bazaar Express<\/a><\/em> \u2013 Jsme r\u00e1di, \u017ee jste u n\u00e1s!<\/p>\n<p style=\"text-align: center;\">Va\u0161e cesta k lep\u0161\u00ed p\u00e9\u010di o sebe sama za\u010d\u00edn\u00e1 zde \u2013 s <a href=\"https:\/\/bazaar.express\/product-category\/beauty-care\/\">Beauty &amp; Care<\/a>, kter\u00e9 m\u016f\u017eete d\u016fv\u011b\u0159ovat.<\/p>\n","protected":false},"excerpt":{"rendered":"<h3 data-start=\"403\" data-end=\"723\">Mas\u00e1\u017en\u00ed gel Karismooth je rychle se vst\u0159eb\u00e1vaj\u00edc\u00ed nemastn\u00fd p\u0159\u00edpravek ur\u010den\u00fd k \u00falev\u011b od bolesti kloub\u016f, svalov\u00fdch k\u0159e\u010d\u00ed a z\u00e1n\u011bt\u016f. Je obohacen o kolocynth, h\u0159eb\u00ed\u010dkov\u00fd olej a mentol, poskytuje p\u0159irozenou a \u00fa\u010dinnou \u00falevu od bolesti a podporuje rychlej\u0161\u00ed regeneraci &#8211; ide\u00e1ln\u00ed pro sportovce a v\u0161echny, kte\u0159\u00ed trp\u00ed chronick\u00fdmi pot\u00ed\u017eemi sval\u016f nebo kloub\u016f.<\/h3>\n","protected":false},"featured_media":35199,"comment_status":"open","ping_status":"closed","template":"","meta":[],"product_brand":[],"product_cat":[786],"product_tag":[813,792],"class_list":{"0":"post-35196","1":"product","2":"type-product","3":"status-publish","4":"has-post-thumbnail","6":"product_cat-pece-o-krasu","7":"product_tag-cream","8":"product_tag-masaz","9":"pa_l-xl-150-g","11":"first","12":"instock","13":"shipping-taxable","14":"purchasable","15":"product-type-simple"},"_links":{"self":[{"href":"https:\/\/bazaar.express\/cs\/wp-json\/wp\/v2\/product\/35196","targetHints":{"allow":["GET"]}}],"collection":[{"href":"https:\/\/bazaar.express\/cs\/wp-json\/wp\/v2\/product"}],"about":[{"href":"https:\/\/bazaar.express\/cs\/wp-json\/wp\/v2\/types\/product"}],"replies":[{"embeddable":true,"href":"https:\/\/bazaar.express\/cs\/wp-json\/wp\/v2\/comments?post=35196"}],"wp:featuredmedia":[{"embeddable":true,"href":"https:\/\/bazaar.express\/cs\/wp-json\/wp\/v2\/media\/35199"}],"wp:attachment":[{"href":"https:\/\/bazaar.express\/cs\/wp-json\/wp\/v2\/media?parent=35196"}],"wp:term":[{"taxonomy":"product_brand","embeddable":true,"href":"https:\/\/bazaar.express\/cs\/wp-json\/wp\/v2\/product_brand?post=35196"},{"taxonomy":"product_cat","embeddable":true,"href":"https:\/\/bazaar.express\/cs\/wp-json\/wp\/v2\/product_cat?post=35196"},{"taxonomy":"product_tag","embeddable":true,"href":"https:\/\/bazaar.express\/cs\/wp-json\/wp\/v2\/product_tag?post=35196"}],"curies":[{"name":"wp","href":"https:\/\/api.w.org\/{rel}","templated":true}]}}