{"id":35197,"date":"2024-12-17T13:41:16","date_gmt":"2024-12-17T13:41:16","guid":{"rendered":"https:\/\/bazaar.express\/product\/kolocyntovy-olej\/"},"modified":"2024-12-17T13:41:16","modified_gmt":"2024-12-17T13:41:16","slug":"kolocyntovy-olej","status":"publish","type":"product","link":"https:\/\/bazaar.express\/cs\/produkt\/kolocyntovy-olej\/","title":{"rendered":"Kolocyntov\u00fd olej"},"content":{"rendered":"<h2 data-start=\"142\" data-end=\"213\">Lotus Colocynth Oil: P\u0159\u00edrodn\u00ed \u00faleva p\u0159i kloubn\u00edch a svalov\u00fdch pot\u00ed\u017e\u00edch<\/h2>\n<h3 data-start=\"215\" data-end=\"276\">  Za\u017eijte hlubokou \u00falevu od bolesti d\u00edky p\u0159\u00edrodn\u00edmu ho\u0159k\u00e9mu jablku<\/h3>\n<p data-start=\"278\" data-end=\"767\">Objevte siln\u00e9 l\u00e9\u010div\u00e9 \u00fa\u010dinky <strong data-start=\"322\" data-end=\"345\">oleje Lotus Colocynth Oil<\/strong>, p\u0159\u00edrodn\u00edho oleje z\u00edskan\u00e9ho z rostliny <strong data-start=\"380\" data-end=\"408\">Colocynth (ho\u0159k\u00e9 jablko<\/strong> ). Tato jedine\u010dn\u00e1 pou\u0161tn\u00ed bylina je po stalet\u00ed oslavov\u00e1na pro sv\u00e9 <strong data-start=\"483\" data-end=\"534\">protiz\u00e1n\u011btliv\u00e9 a bolest zm\u00edr\u0148uj\u00edc\u00ed vlastnosti &#8211; zejm\u00e9na<\/strong>pokud jde o <strong data-start=\"563\" data-end=\"621\">svalovou \u00fanavu, ztuhlost kloub\u016f, artritidu a k\u0159e\u010de<\/strong>. A\u0165 u\u017e se zotavujete po fyzick\u00e9 pr\u00e1ci, sportovn\u00ed aktivit\u011b nebo se pot\u00fdk\u00e1te s chronick\u00fdmi kloubn\u00edmi pot\u00ed\u017eemi, tento olej je va\u0161\u00edm p\u0159\u00edrodn\u00edm l\u00e9kem.  <\/p>\n<h3 data-start=\"769\" data-end=\"811\">  Kl\u00ed\u010dov\u00e9 v\u00fdhody oleje Lotus Colocynth Oil<\/h3>\n<h4 data-start=\"813\" data-end=\"850\">  Ulevuje od bolesti sval\u016f a kloub\u016f<\/h4>\n<p data-start=\"851\" data-end=\"1077\">Tento olej je velmi \u00fa\u010dinn\u00fd p\u0159i <strong data-start=\"883\" data-end=\"914\">zklid\u0148ov\u00e1n\u00ed z\u00e1n\u011bt\u016f kloub\u016f<\/strong>, zm\u00edr\u0148ov\u00e1n\u00ed <strong data-start=\"923\" data-end=\"942\">bolesti sval\u016f<\/strong> a pot\u00ed\u017e\u00ed zp\u016fsoben\u00fdch artritidou nebo nadm\u011brnou fyzickou n\u00e1mahou. Je ide\u00e1ln\u00ed pro <strong data-start=\"1029\" data-end=\"1048\">mas\u00e1\u017en\u00ed terapii<\/strong> a p\u0159\u00edrodn\u00ed l\u00e9\u010dbu bolesti. <\/p>\n<h4 data-start=\"1079\" data-end=\"1116\">  Podporuje regeneraci po tr\u00e9ninku<\/h4>\n<p data-start=\"1117\" data-end=\"1265\">Po intenzivn\u00ed fyzick\u00e9 aktivit\u011b pou\u017e\u00edvejte olej Lotus Colocynth, kter\u00fd pom\u00e1h\u00e1 <strong data-start=\"1187\" data-end=\"1204\">uvolnit svaly<\/strong>, odstranit nahromad\u011bnou kyselinu ml\u00e9\u010dnou a <strong data-start=\"1241\" data-end=\"1264\">obnovit pru\u017enost<\/strong>.<\/p>\n<h4 data-start=\"1267\" data-end=\"1293\">  Zklid\u0148uje svalov\u00e9 k\u0159e\u010de<\/h4>\n<p data-start=\"1294\" data-end=\"1434\">Zah\u0159\u00e1t\u00fd a aplikovan\u00fd olej <strong data-start=\"1340\" data-end=\"1366\">zm\u00edr\u0148uje k\u0159e\u010de,<\/strong> zejm\u00e9na ty, kter\u00e9 jsou vyvol\u00e1ny <strong data-start=\"1398\" data-end=\"1433\">chladem nebo svalov\u00fdm nap\u011bt\u00edm<\/strong>.<\/p>\n<h4 data-start=\"1436\" data-end=\"1472\">  Ide\u00e1ln\u00ed pro osoby trp\u00edc\u00ed artritidou<\/h4>\n<p data-start=\"1473\" data-end=\"1647\">D\u00edky rychl\u00e9mu vst\u0159eb\u00e1v\u00e1n\u00ed a <strong data-start=\"1508\" data-end=\"1535\">hlubok\u00e9mu pronik\u00e1n\u00ed do poko\u017eky<\/strong> nab\u00edz\u00ed Lotus Colocynth Oil <strong data-start=\"1564\" data-end=\"1579\">rychlou \u00falevu<\/strong> lidem s <strong data-start=\"1596\" data-end=\"1614\">artritick\u00fdmi bolestmi<\/strong> kolen, lokt\u016f a ramen.<\/p>\n<h3 data-start=\"1654\" data-end=\"1684\">  Nutri\u010dn\u00ed slo\u017een\u00ed<\/h3>\n<p data-start=\"1686\" data-end=\"1750\">Lotus Colocynth Oil je <strong data-start=\"1709\" data-end=\"1740\">bohat\u00fd na p\u0159\u00edrodn\u00ed mastn\u00e9 kyseliny,<\/strong> jako jsou:<\/p>\n<ul data-start=\"1751\" data-end=\"1826\">\n<li data-start=\"1751\" data-end=\"1770\">\n<p data-start=\"1753\" data-end=\"1770\"><strong data-start=\"1753\" data-end=\"1770\">Kyselina linolov\u00e1<\/strong><\/p>\n<\/li>\n<li data-start=\"1771\" data-end=\"1787\">\n<p data-start=\"1773\" data-end=\"1787\"><strong data-start=\"1773\" data-end=\"1787\">Kyselina olejov\u00e1<\/strong><\/p>\n<\/li>\n<li data-start=\"1788\" data-end=\"1807\">\n<p data-start=\"1790\" data-end=\"1807\"><strong data-start=\"1790\" data-end=\"1807\">Kyselina palmitov\u00e1<\/strong><\/p>\n<\/li>\n<li data-start=\"1808\" data-end=\"1826\">\n<p data-start=\"1810\" data-end=\"1826\"><strong data-start=\"1810\" data-end=\"1826\">Kyselina stearov\u00e1<\/strong><\/p>\n<\/li>\n<\/ul>\n<p data-start=\"1828\" data-end=\"2132\">Tyto \u017eiviny spole\u010dn\u011b <strong data-start=\"1861\" data-end=\"1884\">sni\u017euj\u00ed z\u00e1n\u011bty<\/strong>, podporuj\u00ed <strong data-start=\"1894\" data-end=\"1917\">zdrav\u00fd krevn\u00ed ob\u011bh<\/strong> a napom\u00e1haj\u00ed <strong data-start=\"1930\" data-end=\"1947\">obnov\u011b sval\u016f<\/strong>.<br \/>\nObsahuje tak\u00e9 p\u0159\u00edrodn\u00ed sm\u011bs <strong data-start=\"1985\" data-end=\"2031\">b\u00edlkovin, sacharid\u016f a vl\u00e1kniny, tak\u017ee<\/strong>nen\u00ed jen lok\u00e1ln\u00edm \u0159e\u0161en\u00edm, ale skute\u010dn\u00fdm posilova\u010dem wellness pro proces regenerace va\u0161eho t\u011bla.<\/p>\n<h3 data-start=\"2139\" data-end=\"2176\">  Jak pou\u017e\u00edvat Lotus Colocynth Oil<\/h3>\n<ul data-start=\"2178\" data-end=\"2423\">\n<li data-start=\"2178\" data-end=\"2296\">\n<p data-start=\"2180\" data-end=\"2296\"><strong data-start=\"2180\" data-end=\"2208\">P\u0159i bolestech sval\u016f nebo kloub\u016f<\/strong>: Olej jemn\u011b vmas\u00edrujte na posti\u017een\u00e1 m\u00edsta po <strong data-start=\"2257\" data-end=\"2271\">dobu 10 minut<\/strong>, jedenkr\u00e1t a\u017e dvakr\u00e1t denn\u011b.<\/p>\n<\/li>\n<li data-start=\"2297\" data-end=\"2420\">\n<p data-start=\"2299\" data-end=\"2420\"><strong data-start=\"2299\" data-end=\"2320\">Na svalov\u00e9 k\u0159e\u010de<\/strong>: P\u0159ed pou\u017eit\u00edm olej m\u00edrn\u011b zah\u0159ejte a naneste p\u0159\u00edmo na <strong data-start=\"2381\" data-end=\"2397\">k\u0159e\u010dov\u00e9 m\u00edsto<\/strong>, abyste dos\u00e1hli zklid\u0148uj\u00edc\u00edho \u00fa\u010dinku.<\/p>\n<\/li>\n<\/ul>\n<blockquote data-start=\"2424\" data-end=\"2576\">\n<p data-start=\"2426\" data-end=\"2576\">\u26a0\ufe0f <strong data-start=\"2429\" data-end=\"2437\">Pozn\u00e1mka<\/strong>: <strong data-start=\"2443\" data-end=\"2464\">Pouze pro extern\u00ed pou\u017eit\u00ed<\/strong>. Nepo\u017e\u00edvejte. Nepou\u017e\u00edvejte na poru\u0161enou nebo zan\u00edcenou poko\u017eku. P\u0159ed \u00faplnou aplikac\u00ed v\u017edy prove\u010fte n\u00e1plas\u0165ov\u00fd test.   <\/p>\n<\/blockquote>\n<h3 data-start=\"2887\" data-end=\"2907\">  Z\u00e1v\u011bre\u010dn\u00e9 my\u0161lenky<\/h3>\n<p data-start=\"2909\" data-end=\"3268\"><strong data-start=\"2909\" data-end=\"2932\">Lotus Colocynth Oil<\/strong> je v\u00e1\u0161 p\u0159\u00edrodn\u00ed spole\u010dn\u00edk pro zvl\u00e1d\u00e1n\u00ed ka\u017edodenn\u00edch bolest\u00ed. A\u0165 u\u017e jste sportovec, manu\u00e1ln\u011b pracuj\u00edc\u00ed nebo prost\u011b jen hled\u00e1te <strong data-start=\"3072\" data-end=\"3091\">komplexn\u00ed \u00falevu<\/strong>, tento \u00fa\u010dinn\u00fd olej p\u0159in\u00e1\u0161\u00ed v\u00fdhody starov\u011bk\u00e9 bylinn\u00e9 moudrosti p\u0159\u00edmo do va\u0161\u00ed rutiny. P\u0159idejte jej do sv\u00e9 sady wellness n\u00e1stroj\u016f a poc\u00edt\u00edte prom\u011bnu sv\u00e9ho pohodl\u00ed a pohyblivosti!  <\/p>\n<p style=\"text-align: center;\">D\u011bkujeme za n\u00e1kupy na <em data-start=\"415\" data-end=\"431\"><a href=\"https:\/\/bazaar.express\/\">Bazaar Express<\/a><\/em> &#8211; Jsme r\u00e1di, \u017ee jste u n\u00e1s!<\/p>\n<p style=\"text-align: center;\">Poci\u0165te s\u00edlu p\u0159\u00edrody &#8211; \u010dist\u00e9 <a href=\"\/?p=34484\">terapeutick\u00e9 oleje<\/a> pro ka\u017edodenn\u00ed wellness.<\/p>\n","protected":false},"excerpt":{"rendered":"<h3 data-start=\"425\" data-end=\"703\"><strong data-start=\"425\" data-end=\"448\">Lotus Colocynth Oil<\/strong> je p\u0159\u00edrodn\u00ed l\u00e9\u010debn\u00fd olej z\u00edskan\u00fd z rostliny Bitter Apple. Je ide\u00e1ln\u00ed pro zm\u00edrn\u011bn\u00ed bolesti kloub\u016f, artritidy, svalov\u00e9 \u00fanavy a k\u0159e\u010d\u00ed, pronik\u00e1 do hloubky, sni\u017euje z\u00e1n\u011bt a podporuje rychlej\u0161\u00ed regeneraci. Ide\u00e1ln\u00ed pouze pro mas\u00e1\u017ee a vn\u011bj\u0161\u00ed pou\u017eit\u00ed.  <\/h3>\n","protected":false},"featured_media":35201,"comment_status":"open","ping_status":"closed","template":"","meta":[],"product_brand":[],"product_cat":[786],"product_tag":[813,781,793],"class_list":{"0":"post-35197","1":"product","2":"type-product","3":"status-publish","4":"has-post-thumbnail","6":"product_cat-pece-o-krasu","7":"product_tag-cream","8":"product_tag-olej","9":"product_tag-prirodni-olej","10":"pa_l-xl-125ml","11":"pa_l-xl-250ml","12":"pa_l-xl-60ml","14":"first","15":"instock","16":"sale","17":"shipping-taxable","18":"purchasable","19":"product-type-variable"},"_links":{"self":[{"href":"https:\/\/bazaar.express\/cs\/wp-json\/wp\/v2\/product\/35197","targetHints":{"allow":["GET"]}}],"collection":[{"href":"https:\/\/bazaar.express\/cs\/wp-json\/wp\/v2\/product"}],"about":[{"href":"https:\/\/bazaar.express\/cs\/wp-json\/wp\/v2\/types\/product"}],"replies":[{"embeddable":true,"href":"https:\/\/bazaar.express\/cs\/wp-json\/wp\/v2\/comments?post=35197"}],"wp:featuredmedia":[{"embeddable":true,"href":"https:\/\/bazaar.express\/cs\/wp-json\/wp\/v2\/media\/35201"}],"wp:attachment":[{"href":"https:\/\/bazaar.express\/cs\/wp-json\/wp\/v2\/media?parent=35197"}],"wp:term":[{"taxonomy":"product_brand","embeddable":true,"href":"https:\/\/bazaar.express\/cs\/wp-json\/wp\/v2\/product_brand?post=35197"},{"taxonomy":"product_cat","embeddable":true,"href":"https:\/\/bazaar.express\/cs\/wp-json\/wp\/v2\/product_cat?post=35197"},{"taxonomy":"product_tag","embeddable":true,"href":"https:\/\/bazaar.express\/cs\/wp-json\/wp\/v2\/product_tag?post=35197"}],"curies":[{"name":"wp","href":"https:\/\/api.w.org\/{rel}","templated":true}]}}