{"id":35205,"date":"2024-12-18T14:35:11","date_gmt":"2024-12-18T14:35:11","guid":{"rendered":"https:\/\/bazaar.express\/product\/krem-z-pstrosiho-tuku\/"},"modified":"2026-03-01T20:40:25","modified_gmt":"2026-03-01T20:40:25","slug":"krem-z-pstrosiho-tuku","status":"publish","type":"product","link":"https:\/\/bazaar.express\/cs\/produkt\/krem-z-pstrosiho-tuku\/","title":{"rendered":"Kr\u00e9m z p\u0161tros\u00edho tuku"},"content":{"rendered":"<h2 data-start=\"135\" data-end=\"203\">Kr\u00e9m z p\u0161tros\u00edho tuku &#8211; p\u0159\u00edrodn\u00ed s\u00edla pro \u00falevu kloub\u016f, kost\u00ed a sval\u016f<\/h2>\n<h3 data-start=\"205\" data-end=\"259\">Objevte l\u00e9\u010divou s\u00edlu kr\u00e9mu z p\u0161tros\u00edho tuku<\/h3>\n<p data-start=\"261\" data-end=\"720\">Pokud hled\u00e1te p\u0159\u00edrodn\u00ed a \u00fa\u010dinn\u00e9 \u0159e\u0161en\u00ed pro \u00falevu od bolesti kloub\u016f, kost\u00ed a sval\u016f, je pro v\u00e1s <strong data-start=\"357\" data-end=\"378\">kr\u00e9m na p\u0161tros\u00ed tuk<\/strong> od Lotus Massage tou spr\u00e1vnou volbou. Tento jedine\u010dn\u00fd kr\u00e9m vyu\u017e\u00edv\u00e1 \u010dasem prov\u011b\u0159enou s\u00edlu p\u0161tros\u00edho tuku sm\u00edchan\u00e9ho s esenci\u00e1ln\u00edmi oleji, aby poskytl hlubokou \u00falevu od bolesti, z\u00e1n\u011btu, ztuhlosti a nepohodl\u00ed. A\u0165 u\u017e se pot\u00fdk\u00e1te s artritidou, ischiasem, bolestmi sval\u016f nebo \u00fanavou po tr\u00e9ninku, tento kr\u00e9m p\u0159in\u00e1\u0161\u00ed rychl\u00fd komfort a trvalou podporu.  <\/p>\n<h3 data-start=\"727\" data-end=\"787\">Pro\u010d si pro \u00falevu od bolesti vybrat kr\u00e9m s p\u0161tros\u00edm tukem?<\/h3>\n<p data-start=\"789\" data-end=\"1101\">P\u0161tros\u00ed tuk je bohat\u00fd na prosp\u011b\u0161n\u00e9 l\u00e1tky, jako jsou omega-3, omega-6, kolagen a vitaminy A a E, kter\u00e9 jsou nezbytn\u00e9 pro pohyblivost kloub\u016f, zm\u00edrn\u011bn\u00ed z\u00e1n\u011btu a hojen\u00ed po\u0161kozen\u00fdch tk\u00e1n\u00ed. V kombinaci s esenci\u00e1ln\u00edmi oleji, jako je kafr, tymi\u00e1n, m\u00e1ta peprn\u00e1 a h\u0159eb\u00ed\u010dek, vznik\u00e1 \u00fa\u010dinn\u00fd mas\u00e1\u017en\u00ed kr\u00e9m, kter\u00fd: <\/p>\n<ul data-start=\"1103\" data-end=\"1331\">\n<li data-start=\"1103\" data-end=\"1150\">\n<p data-start=\"1105\" data-end=\"1150\">zm\u00edr\u0148uje <strong data-start=\"1114\" data-end=\"1150\">z\u00e1n\u011bty kloub\u016f a chrupavek<\/strong><\/p>\n<\/li>\n<li data-start=\"1151\" data-end=\"1183\">\n<p data-start=\"1153\" data-end=\"1183\">Zklid\u0148uje <strong data-start=\"1161\" data-end=\"1183\">bolesti zad a \u0161\u00edje<\/strong><\/p>\n<\/li>\n<li data-start=\"1184\" data-end=\"1232\">\n<p data-start=\"1186\" data-end=\"1232\">p\u016fsob\u00ed proti <strong data-start=\"1194\" data-end=\"1232\">ischiasu, drsnosti kolen a dn\u011b<\/strong>.<\/p>\n<\/li>\n<li data-start=\"1233\" data-end=\"1279\">\n<p data-start=\"1235\" data-end=\"1279\">Podporuje <strong data-start=\"1244\" data-end=\"1279\">regeneraci sval\u016f a krevn\u00ed ob\u011bh<\/strong><\/p>\n<\/li>\n<li data-start=\"1280\" data-end=\"1331\">\n<p data-start=\"1282\" data-end=\"1331\">zm\u00edr\u0148uje <strong data-start=\"1293\" data-end=\"1331\">artritidu a revmatick\u00e9 pot\u00ed\u017ee<\/strong><\/p>\n<\/li>\n<\/ul>\n<p data-start=\"1333\" data-end=\"1477\">Tento produkt je vhodn\u00fd zejm\u00e9na pro sportovce a osoby s chronick\u00fdmi bolestmi kloub\u016f, kter\u00e9 hledaj\u00ed p\u0159\u00edrodn\u00ed l\u00e9\u010dbu bez chemick\u00fdch l\u00e1tek, kter\u00e1 se rychle vst\u0159eb\u00e1v\u00e1.<\/p>\n<h3 data-start=\"1484\" data-end=\"1515\">Jak funguje kr\u00e9m z p\u0161tros\u00edho tuku<\/h3>\n<p data-start=\"1517\" data-end=\"1745\"><strong data-start=\"1517\" data-end=\"1538\">Kr\u00e9m s p\u0161tros\u00edm tukem<\/strong> pronik\u00e1 hluboko do poko\u017eky, zlep\u0161uje jej\u00ed prokrven\u00ed, zm\u011bk\u010duje ztuhl\u00e9 tk\u00e1n\u011b a zlep\u0161uje proces hojen\u00ed. Je ide\u00e1ln\u00ed pro no\u010dn\u00ed pou\u017eit\u00ed, kdy je t\u011blo v klidu, co\u017e maximalizuje vst\u0159eb\u00e1v\u00e1n\u00ed a regeneraci. <\/p>\n<h3 data-start=\"1752\" data-end=\"1779\">Kl\u00ed\u010dov\u00e9 p\u0159\u00edrodn\u00ed slo\u017eky<\/h3>\n<ul data-start=\"1781\" data-end=\"2154\">\n<li data-start=\"1781\" data-end=\"1873\">\n<p data-start=\"1783\" data-end=\"1873\"><strong data-start=\"1783\" data-end=\"1799\">P\u0161tros\u00ed tuk:<\/strong> bohat\u00fd na kolagen, kyseliny linolenovou a olejovou, omega 3-6-9, vitaminy A a E.<\/p>\n<\/li>\n<li data-start=\"1874\" data-end=\"1928\">\n<p data-start=\"1876\" data-end=\"1928\"><strong data-start=\"1876\" data-end=\"1892\">Kafrov\u00fd olej:<\/strong> Ulevuje od z\u00e1n\u011btu a bolesti sval\u016f.<\/p>\n<\/li>\n<li data-start=\"1929\" data-end=\"2004\">\n<p data-start=\"1931\" data-end=\"2004\"><strong data-start=\"1931\" data-end=\"1950\">M\u00e1tov\u00fd olej:<\/strong> Olej z m\u00e1ty peprn\u00e9: m\u00e1 chladiv\u00fd \u00fa\u010dinek a zklid\u0148uje nap\u011bt\u00ed ve svalech.<\/p>\n<\/li>\n<li data-start=\"2005\" data-end=\"2081\">\n<p data-start=\"2007\" data-end=\"2081\"><strong data-start=\"2007\" data-end=\"2030\">Tymi\u00e1nov\u00fd a h\u0159eb\u00ed\u010dkov\u00fd olej:<\/strong> Stimuluj\u00ed krevn\u00ed ob\u011bh a zm\u00edr\u0148uj\u00ed ztuhlost.<\/p>\n<\/li>\n<li data-start=\"2082\" data-end=\"2154\">\n<p data-start=\"2084\" data-end=\"2154\"><strong data-start=\"2084\" data-end=\"2109\">Sezamov\u00fd a celerov\u00fd olej:<\/strong> Vy\u017eivuj\u00ed poko\u017eku a pom\u00e1haj\u00ed sni\u017eovat bolest.<\/p>\n<\/li>\n<\/ul>\n<h3 data-start=\"2161\" data-end=\"2175\">Jak pou\u017e\u00edvat<\/h3>\n<ol data-start=\"2177\" data-end=\"2392\">\n<li data-start=\"2177\" data-end=\"2225\">\n<p data-start=\"2180\" data-end=\"2225\">Na posti\u017een\u00e9 m\u00edsto naneste dostate\u010dn\u00e9 mno\u017estv\u00ed p\u0159\u00edpravku.<\/p>\n<\/li>\n<li data-start=\"2226\" data-end=\"2279\">\n<p data-start=\"2229\" data-end=\"2279\">Jemn\u011b mas\u00edrujte krou\u017eiv\u00fdmi pohyby po dobu 10 minut.<\/p>\n<\/li>\n<li data-start=\"2280\" data-end=\"2338\">\n<p data-start=\"2283\" data-end=\"2338\">Pro dosa\u017een\u00ed nejlep\u0161\u00edch v\u00fdsledk\u016f pou\u017e\u00edvejte dvakr\u00e1t denn\u011b, zejm\u00e9na na noc.<\/p>\n<\/li>\n<li data-start=\"2339\" data-end=\"2392\">\n<p data-start=\"2342\" data-end=\"2392\">P\u0159ikryjte nebo udr\u017eujte m\u00edsto v teple, aby se l\u00e9pe vst\u0159eb\u00e1valo.<\/p>\n<\/li>\n<\/ol>\n<h3 data-start=\"2399\" data-end=\"2411\">Varov\u00e1n\u00ed<\/h3>\n<ul data-start=\"2413\" data-end=\"2614\">\n<li data-start=\"2413\" data-end=\"2437\">\n<p data-start=\"2415\" data-end=\"2437\">Pouze pro extern\u00ed pou\u017eit\u00ed.<\/p>\n<\/li>\n<li data-start=\"2438\" data-end=\"2480\">\n<p data-start=\"2440\" data-end=\"2480\">Zabra\u0148te kontaktu s o\u010dima a poru\u0161enou k\u016f\u017e\u00ed.<\/p>\n<\/li>\n<li data-start=\"2481\" data-end=\"2569\">\n<p data-start=\"2483\" data-end=\"2569\">Nevhodn\u00e9 pro pou\u017eit\u00ed v t\u011bhotenstv\u00ed nebo p\u0159i kojen\u00ed bez porady s l\u00e9ka\u0159em.<\/p>\n<\/li>\n<li data-start=\"2570\" data-end=\"2614\">\n<p data-start=\"2572\" data-end=\"2614\">Pokud dojde k podr\u00e1\u017ed\u011bn\u00ed poko\u017eky, p\u0159esta\u0148te p\u0159\u00edpravek pou\u017e\u00edvat.<\/p>\n<\/li>\n<\/ul>\n<h3 data-start=\"2930\" data-end=\"2948\">Z\u00e1v\u011bre\u010dn\u00e9 my\u0161lenky<\/h3>\n<p data-start=\"2950\" data-end=\"3299\"><strong data-start=\"2950\" data-end=\"2971\">Kr\u00e9m s p\u0161tros\u00edmi tuky<\/strong> je v\u00edc ne\u017e jen mas\u00e1\u017en\u00ed kr\u00e9m &#8211; je to d\u016fv\u011bryhodn\u00fd spole\u010dn\u00edk pro p\u0159\u00edrodn\u00ed hojen\u00ed. Pokud jste unaveni syntetick\u00fdmi prost\u0159edky proti bolesti a hled\u00e1te n\u011bco jemn\u00e9ho, \u00fa\u010dinn\u00e9ho a p\u0159\u00edrodn\u00edho, je tento kr\u00e9m ide\u00e1ln\u00ed volbou. Za\u0159a\u010fte jej do sv\u00e9 wellness rutiny je\u0161t\u011b dnes a u\u017e\u00edvejte si lep\u0161\u00ed pohyblivost, pohodl\u00ed a lep\u0161\u00ed kvalitu \u017eivota.  <\/p>\n<p style=\"text-align: center;\">D\u011bkujeme za n\u00e1kupy na <em data-start=\"415\" data-end=\"431\"><a href=\"https:\/\/bazaar.express\/\">Bazaar Express<\/a><\/em> &#8211; Jsme r\u00e1di, \u017ee jste u n\u00e1s!<\/p>\n<p style=\"text-align: center;\">Va\u0161e cesta k lep\u0161\u00ed p\u00e9\u010di o sebe sama za\u010d\u00edn\u00e1 zde &#8211; s <a href=\"https:\/\/bazaar.express\/product-category\/beauty-care\/\">Beauty &amp; Care<\/a>, kter\u00e9 m\u016f\u017eete d\u016fv\u011b\u0159ovat.<\/p>\n","protected":false},"excerpt":{"rendered":"<h3 data-start=\"416\" data-end=\"697\">Lotus Massage Ostrich Fat Cream je p\u0159\u00edrodn\u00ed, rychle se vst\u0159eb\u00e1vaj\u00edc\u00ed prost\u0159edek proti bolesti kloub\u016f, sval\u016f a kost\u00ed. Je obohacen o p\u0161tros\u00ed tuk, esenci\u00e1ln\u00ed oleje a vitam\u00edny, zklid\u0148uje z\u00e1n\u011bty, zlep\u0161uje krevn\u00ed ob\u011bh a obnovuje pohyblivost. Ide\u00e1ln\u00ed p\u0159i artritid\u011b, ischiasu a regeneraci sval\u016f.  <\/h3>\n","protected":false},"featured_media":35210,"comment_status":"open","ping_status":"closed","template":"","meta":[],"product_brand":[],"product_cat":[786,787],"product_tag":[813,792,781],"class_list":{"0":"post-35205","1":"product","2":"type-product","3":"status-publish","4":"has-post-thumbnail","6":"product_cat-pece-o-krasu","7":"product_cat-terapeuticke-oleje","8":"product_tag-cream","9":"product_tag-masaz","10":"product_tag-olej","11":"pa_l-xl-150-g","13":"first","14":"instock","15":"sale","16":"shipping-taxable","17":"purchasable","18":"product-type-simple"},"_links":{"self":[{"href":"https:\/\/bazaar.express\/cs\/wp-json\/wp\/v2\/product\/35205","targetHints":{"allow":["GET"]}}],"collection":[{"href":"https:\/\/bazaar.express\/cs\/wp-json\/wp\/v2\/product"}],"about":[{"href":"https:\/\/bazaar.express\/cs\/wp-json\/wp\/v2\/types\/product"}],"replies":[{"embeddable":true,"href":"https:\/\/bazaar.express\/cs\/wp-json\/wp\/v2\/comments?post=35205"}],"wp:featuredmedia":[{"embeddable":true,"href":"https:\/\/bazaar.express\/cs\/wp-json\/wp\/v2\/media\/35210"}],"wp:attachment":[{"href":"https:\/\/bazaar.express\/cs\/wp-json\/wp\/v2\/media?parent=35205"}],"wp:term":[{"taxonomy":"product_brand","embeddable":true,"href":"https:\/\/bazaar.express\/cs\/wp-json\/wp\/v2\/product_brand?post=35205"},{"taxonomy":"product_cat","embeddable":true,"href":"https:\/\/bazaar.express\/cs\/wp-json\/wp\/v2\/product_cat?post=35205"},{"taxonomy":"product_tag","embeddable":true,"href":"https:\/\/bazaar.express\/cs\/wp-json\/wp\/v2\/product_tag?post=35205"}],"curies":[{"name":"wp","href":"https:\/\/api.w.org\/{rel}","templated":true}]}}