{"id":35206,"date":"2024-12-17T12:59:29","date_gmt":"2024-12-17T12:59:29","guid":{"rendered":"https:\/\/bazaar.express\/product\/ruzovy-olej\/"},"modified":"2026-03-01T20:40:29","modified_gmt":"2026-03-01T20:40:29","slug":"ruzovy-olej","status":"publish","type":"product","link":"https:\/\/bazaar.express\/cs\/produkt\/ruzovy-olej\/","title":{"rendered":"R\u016f\u017eov\u00fd olej"},"content":{"rendered":"<h2 data-start=\"228\" data-end=\"294\">Olej z lotosov\u00e9 r\u016f\u017ee: Z\u00e1\u0159iv\u00e1 ple\u0165 s p\u0159\u00edrodn\u00ed silou r\u016f\u017eov\u00e9ho oleje<\/h2>\n<h3 data-start=\"296\" data-end=\"348\">  Poznejte kr\u00e1su p\u0159\u00edrody s r\u016f\u017eov\u00fdm olejem<\/h3>\n<p data-start=\"350\" data-end=\"797\">R\u016f\u017eov\u00fd olej Lotus je v\u00e1\u0161 obl\u00edben\u00fd pomocn\u00edk v p\u00e9\u010di o ple\u0165, kter\u00fd v sob\u011b spojuje jemnou esenci okv\u011btn\u00edch l\u00edstk\u016f r\u016f\u017e\u00ed s \u00fa\u010dinn\u00fdmi p\u0159\u00edrodn\u00edmi slo\u017ekami. Tento luxusn\u00ed olej, zn\u00e1m\u00fd svou uklid\u0148uj\u00edc\u00ed v\u016fn\u00ed a bohatstv\u00edm antioxidant\u016f, poskytuje hloubkovou hydrataci, zlep\u0161uje pru\u017enost pleti a o\u017eivuje mdlou a unavenou ple\u0165. A\u0165 u\u017e chcete vyhladit jemn\u00e9 vr\u00e1sky, redukovat pigmentov\u00e9 skvrny nebo jednodu\u0161e dop\u0159\u00e1t sv\u00e9 pleti z\u00e1\u0159iv\u00fd lesk, r\u016f\u017eov\u00fd olej p\u0159in\u00e1\u0161\u00ed skute\u010dn\u00e9 v\u00fdsledky &#8211; p\u0159irozenou cestou.  <\/p>\n<h3 data-start=\"799\" data-end=\"836\">  Kl\u00ed\u010dov\u00e9 v\u00fdhody oleje Lotus Rose<\/h3>\n<h4 data-start=\"838\" data-end=\"877\">Podpora kolagenu a zpevn\u011bn\u00ed poko\u017eky<\/h4>\n<p data-start=\"878\" data-end=\"1067\">R\u016f\u017eov\u00fd olej zvy\u0161uje produkci kolagenu, tak\u017ee va\u0161e poko\u017eka je pevn\u011bj\u0161\u00ed a pru\u017en\u011bj\u0161\u00ed. P\u0159i trval\u00e9m pou\u017e\u00edv\u00e1n\u00ed minimalizuje v\u00fdskyt jemn\u00fdch vr\u00e1sek a udr\u017euje va\u0161i ple\u0165 mladistvou a energickou. <\/p>\n<h4 data-start=\"1069\" data-end=\"1112\">Vyrovn\u00e1v\u00e1 t\u00f3n pleti a bojuje proti p\u0159ed\u010dasn\u00e9mu st\u00e1rnut\u00ed<\/h4>\n<p data-start=\"1113\" data-end=\"1298\">Tento olej pom\u00e1h\u00e1 sjednotit nerovnom\u011brn\u00fd t\u00f3n pleti, zm\u00edrnit tmav\u00e9 skvrny a redukovat zn\u00e1mky p\u0159ed\u010dasn\u00e9ho st\u00e1rnut\u00ed. Je p\u0159irozenou obranou proti vr\u00e1sk\u00e1m a jemn\u00fdm link\u00e1m a z\u00e1rove\u0148 zvy\u0161uje v\u00e1\u0161 p\u0159irozen\u00fd lesk. <\/p>\n<h4 data-start=\"1300\" data-end=\"1343\">Hloubkov\u00e1 hydratace bez mastnoty<\/h4>\n<p data-start=\"1344\" data-end=\"1468\">Na rozd\u00edl od t\u011b\u017ek\u00fdch kr\u00e9m\u016f olej z lotosov\u00e9 r\u016f\u017ee hloubkov\u011b hydratuje, ani\u017e by ucp\u00e1val p\u00f3ry. Zanech\u00e1v\u00e1 poko\u017eku jemnou, hedv\u00e1bnou a prody\u0161nou. <\/p>\n<h4 data-start=\"1470\" data-end=\"1511\">P\u0159\u00edrodn\u00ed peeling a obnova pleti<\/h4>\n<p data-start=\"1512\" data-end=\"1643\">Olej jemn\u011b odstra\u0148uje odum\u0159el\u00e9 ko\u017en\u00ed bu\u0148ky a z\u00e1rove\u0148 podporuje zdravou bun\u011b\u010dnou v\u00fdm\u011bnu &#8211; ide\u00e1ln\u00ed pro dosa\u017een\u00ed sv\u011b\u017e\u00ed a z\u00e1\u0159iv\u00e9 pleti.<\/p>\n<h4 data-start=\"1645\" data-end=\"1690\">Parf\u00e9m na \u010di\u0161t\u011bn\u00ed p\u00f3r\u016f a vo\u0148avou ple\u0165<\/h4>\n<p data-start=\"1691\" data-end=\"1819\">Jeho p\u0159irozen\u00e9 antiseptick\u00e9 vlastnosti pom\u00e1haj\u00ed \u010distit p\u00f3ry a jemn\u00e1 v\u016fn\u011b r\u016f\u017ee zanech\u00e1 va\u0161i poko\u017eku jemn\u011b provon\u011bnou a osv\u011b\u017eenou.<\/p>\n<h3 data-start=\"1826\" data-end=\"1869\">  Slo\u017een\u00ed a v\u00fd\u017eivov\u00e9 hodnoty<\/h3>\n<p data-start=\"1871\" data-end=\"1901\">Olej z lotosov\u00e9 r\u016f\u017ee obsahuje:<\/p>\n<ul data-start=\"1903\" data-end=\"2169\">\n<li data-start=\"1903\" data-end=\"1977\">\n<p data-start=\"1905\" data-end=\"1977\"><strong data-start=\"1905\" data-end=\"1930\">esenci\u00e1ln\u00ed mastn\u00e9 kyseliny<\/strong> &#8211; pro udr\u017een\u00ed vlhkosti a podporu bari\u00e9r<\/p>\n<\/li>\n<li data-start=\"1978\" data-end=\"2037\">\n<p data-start=\"1980\" data-end=\"2037\"><strong data-start=\"1980\" data-end=\"2006\">Vitam\u00edny A, K, B, D, E<\/strong> &#8211; Vy\u017eivuj\u00ed a obnovuj\u00ed poko\u017eku.<\/p>\n<\/li>\n<li data-start=\"2038\" data-end=\"2106\">\n<p data-start=\"2040\" data-end=\"2106\"><strong data-start=\"2040\" data-end=\"2064\">Kyseliny citronov\u00e1 a jable\u010dn\u00e1<\/strong> &#8211; jemn\u00e9 exfoli\u00e1tory, kter\u00e9 rozjas\u0148uj\u00ed ple\u0165.<\/p>\n<\/li>\n<li data-start=\"2107\" data-end=\"2169\">\n<p data-start=\"2109\" data-end=\"2169\"><strong data-start=\"2109\" data-end=\"2124\">Zinek a \u017eelezo<\/strong> &#8211; podporuj\u00ed hojen\u00ed k\u016f\u017ee a regeneraci bun\u011bk<\/p>\n<\/li>\n<\/ul>\n<h3 data-start=\"2176\" data-end=\"2208\">  Jak pou\u017e\u00edvat olej Lotus Rose<\/h3>\n<h4 data-start=\"2210\" data-end=\"2231\">Denn\u00ed p\u00e9\u010de o ple\u0165<\/h4>\n<p data-start=\"2232\" data-end=\"2341\">Jednou a\u017e dvakr\u00e1t denn\u011b naneste n\u011bkolik kapek na \u010distou ple\u0165. Jemn\u011b mas\u00edrujte krou\u017eiv\u00fdmi pohyby, dokud se zcela nevst\u0159eb\u00e1. <\/p>\n<h4 data-start=\"2343\" data-end=\"2387\">Pro rozjasn\u011bn\u00ed a redukci tmav\u00fdch skvrn<\/h4>\n<p data-start=\"2388\" data-end=\"2394\">Sm\u011bs:<\/p>\n<ul data-start=\"2395\" data-end=\"2582\">\n<li data-start=\"2395\" data-end=\"2412\">\n<p data-start=\"2397\" data-end=\"2412\">1 pol\u00e9vkov\u00e1 l\u017e\u00edce fenyklu<\/p>\n<\/li>\n<li data-start=\"2413\" data-end=\"2428\">\n<p data-start=\"2415\" data-end=\"2428\">1 pol\u00e9vkov\u00e1 l\u017e\u00edce ovsa<\/p>\n<\/li>\n<li data-start=\"2429\" data-end=\"2454\">\n<p data-start=\"2431\" data-end=\"2454\">\u00bd l\u017e\u00edce lotosov\u00e9ho r\u016f\u017eov\u00e9ho oleje<\/p>\n<\/li>\n<li data-start=\"2455\" data-end=\"2582\">\n<p data-start=\"2457\" data-end=\"2582\">\u00bd l\u017e\u00edce medu<br data-start=\"2469\" data-end=\"2472\">Naneste na obli\u010dej na 30 minut a pot\u00e9 opl\u00e1chn\u011bte teplou vodou. Pro viditeln\u00e9 zlep\u0161en\u00ed pou\u017e\u00edvejte 2-3kr\u00e1t t\u00fddn\u011b. <\/p>\n<\/li>\n<\/ul>\n<h3 data-start=\"2589\" data-end=\"2609\">  Bezpe\u010dnostn\u00ed opat\u0159en\u00ed<\/h3>\n<ul data-start=\"2610\" data-end=\"2764\">\n<li data-start=\"2610\" data-end=\"2663\">\n<p data-start=\"2612\" data-end=\"2663\">Bezpe\u010dn\u00e9 pro v\u0161echny typy pleti, v\u010detn\u011b citliv\u00e9<\/p>\n<\/li>\n<li data-start=\"2664\" data-end=\"2714\">\n<p data-start=\"2666\" data-end=\"2714\">Lze pou\u017e\u00edvat b\u011bhem t\u011bhotenstv\u00ed a kojen\u00ed<\/p>\n<\/li>\n<li data-start=\"2715\" data-end=\"2764\">\n<p data-start=\"2717\" data-end=\"2764\">Pouze pro vn\u011bj\u0161\u00ed pou\u017eit\u00ed &#8211; vyhn\u011bte se kontaktu s o\u010dima<\/p>\n<\/li>\n<\/ul>\n<h3 data-start=\"3059\" data-end=\"3080\">  Z\u00e1v\u011bre\u010dn\u00e9 my\u0161lenky<\/h3>\n<p data-start=\"3082\" data-end=\"3283\">R\u016f\u017eov\u00fd olej Lotus je v\u00edc ne\u017e jen p\u00e9\u010de o ple\u0165 &#8211; je to p\u0159\u00edrodn\u00ed ritu\u00e1l, kter\u00fd obnovuje, osv\u011b\u017euje a vyza\u0159uje kr\u00e1su zevnit\u0159. Nechte nejcenn\u011bj\u0161\u00ed kv\u011btinu p\u0159\u00edrody omladit va\u0161i ple\u0165 s ka\u017edou kapkou. <\/p>\n<p style=\"text-align: center;\">D\u011bkujeme za n\u00e1kupy na <em data-start=\"415\" data-end=\"431\"><a href=\"https:\/\/bazaar.express\/\">Bazaar Express<\/a><\/em> &#8211; Jsme r\u00e1di, \u017ee jste u n\u00e1s!<\/p>\n<p style=\"text-align: center;\">Poci\u0165te s\u00edlu p\u0159\u00edrody &#8211; \u010dist\u00e9 <a href=\"\/?p=34484\">terapeutick\u00e9 oleje<\/a> pro ka\u017edodenn\u00ed wellness.<\/p>\n","protected":false},"excerpt":{"rendered":"<h3 data-start=\"428\" data-end=\"687\">Olej z lotosov\u00e9 r\u016f\u017ee je luxusn\u00ed p\u0159\u00edrodn\u00ed olej pro p\u00e9\u010di o ple\u0165 bohat\u00fd na vitam\u00edny a antioxidanty. Podporuje mladistv\u00fd vzhled pleti t\u00edm, \u017ee posiluje kolagen, redukuje tmav\u00e9 skvrny a hloubkov\u011b hydratuje bez ucp\u00e1v\u00e1n\u00ed p\u00f3r\u016f. Je vhodn\u00fd pro v\u0161echny typy pleti a ide\u00e1ln\u00ed pro ka\u017edodenn\u00ed pou\u017eit\u00ed.  <\/h3>\n","protected":false},"featured_media":35209,"comment_status":"open","ping_status":"closed","template":"","meta":[],"product_brand":[],"product_cat":[787,786],"product_tag":[781,793],"class_list":{"0":"post-35206","1":"product","2":"type-product","3":"status-publish","4":"has-post-thumbnail","6":"product_cat-terapeuticke-oleje","7":"product_cat-pece-o-krasu","8":"product_tag-olej","9":"product_tag-prirodni-olej","10":"pa_l-xl-125ml","11":"pa_l-xl-250ml","12":"pa_l-xl-60ml","14":"first","15":"instock","16":"sale","17":"shipping-taxable","18":"purchasable","19":"product-type-variable"},"_links":{"self":[{"href":"https:\/\/bazaar.express\/cs\/wp-json\/wp\/v2\/product\/35206","targetHints":{"allow":["GET"]}}],"collection":[{"href":"https:\/\/bazaar.express\/cs\/wp-json\/wp\/v2\/product"}],"about":[{"href":"https:\/\/bazaar.express\/cs\/wp-json\/wp\/v2\/types\/product"}],"replies":[{"embeddable":true,"href":"https:\/\/bazaar.express\/cs\/wp-json\/wp\/v2\/comments?post=35206"}],"wp:featuredmedia":[{"embeddable":true,"href":"https:\/\/bazaar.express\/cs\/wp-json\/wp\/v2\/media\/35209"}],"wp:attachment":[{"href":"https:\/\/bazaar.express\/cs\/wp-json\/wp\/v2\/media?parent=35206"}],"wp:term":[{"taxonomy":"product_brand","embeddable":true,"href":"https:\/\/bazaar.express\/cs\/wp-json\/wp\/v2\/product_brand?post=35206"},{"taxonomy":"product_cat","embeddable":true,"href":"https:\/\/bazaar.express\/cs\/wp-json\/wp\/v2\/product_cat?post=35206"},{"taxonomy":"product_tag","embeddable":true,"href":"https:\/\/bazaar.express\/cs\/wp-json\/wp\/v2\/product_tag?post=35206"}],"curies":[{"name":"wp","href":"https:\/\/api.w.org\/{rel}","templated":true}]}}