{"id":35224,"date":"2024-12-17T11:43:02","date_gmt":"2024-12-17T11:43:02","guid":{"rendered":"https:\/\/bazaar.express\/product\/mandlovy-olej\/"},"modified":"2024-12-17T11:43:02","modified_gmt":"2024-12-17T11:43:02","slug":"mandlovy-olej","status":"publish","type":"product","link":"https:\/\/bazaar.express\/cs\/produkt\/mandlovy-olej\/","title":{"rendered":"Mandlov\u00fd olej"},"content":{"rendered":"<h2 data-start=\"204\" data-end=\"280\"><strong data-start=\"207\" data-end=\"280\">Lotosov\u00fd mandlov\u00fd olej: Vy\u017eivte a o\u017eivte svou poko\u017eku a vlasy p\u0159irozenou cestou.<\/strong><\/h2>\n<p data-start=\"282\" data-end=\"622\">Vyzkou\u0161ejte l\u00e9\u010divou s\u00edlu p\u0159\u00edrody s <strong data-start=\"326\" data-end=\"346\">olejem z lotosov\u00fdch mandl\u00ed &#8211;<\/strong>bohat\u00fdm, v\u00edce\u00fa\u010delov\u00fdm olejem, kter\u00fd hloubkov\u011b hydratuje, zklid\u0148uje podr\u00e1\u017ed\u011bn\u00ed, vyrovn\u00e1v\u00e1 t\u00f3n pleti a podporuje zdrav\u00e9 vlasy. Tento olej je ide\u00e1ln\u00ed pro suchou, citlivou poko\u017eku a l\u00e1mav\u00e9 vlasy, kter\u00fdm dod\u00e1v\u00e1 dlouhotrvaj\u00edc\u00ed hydrataci a z\u00e1kladn\u00ed \u017eiviny, kter\u00e9 o\u017eiv\u00ed va\u0161i poko\u017eku a vlasy od ko\u0159\u00ednk\u016f a\u017e po kone\u010dky. <\/p>\n<h3 data-start=\"629\" data-end=\"679\"><strong data-start=\"633\" data-end=\"679\">  Hloubkov\u00e1 hydratace pro suchou a citlivou ple\u0165<\/strong><\/h3>\n<p data-start=\"680\" data-end=\"958\">Olej z lotosov\u00fdch mandl\u00ed poskytuje intenzivn\u00ed hydrataci, tak\u017ee je ide\u00e1ln\u00edm \u0159e\u0161en\u00edm p\u0159i suchosti, \u0161upinat\u011bn\u00ed nebo podr\u00e1\u017ed\u011bn\u00ed zp\u016fsoben\u00e9m ekz\u00e9mem, lup\u00e9nkou nebo nep\u0159\u00edzniv\u00fdmi vlivy prost\u0159ed\u00ed. Lehk\u00e9, nemastn\u00e9 slo\u017een\u00ed pronik\u00e1 hluboko do poko\u017eky, kterou zjem\u0148uje a vy\u017eivuje a z\u00e1rove\u0148 v n\u00ed udr\u017euje vlhkost. <\/p>\n<h3 data-start=\"965\" data-end=\"1013\"><strong data-start=\"969\" data-end=\"1013\">  Vyrovn\u00e1v\u00e1 t\u00f3n pleti a zesv\u011btluje tmav\u00e9 oblasti<\/strong><\/h3>\n<p data-start=\"1014\" data-end=\"1226\">Pravideln\u00e1 aplikace pom\u00e1h\u00e1 sni\u017eovat v\u00fdskyt pigmentov\u00fdch a tmav\u00fdch skvrn. A\u0165 u\u017e se zam\u011b\u0159ujete na podpa\u017e\u00ed, kolena, lokty nebo jizvy, mandlov\u00fd olej p\u0159i d\u016fsledn\u00e9m pou\u017e\u00edv\u00e1n\u00ed podporuje rovnom\u011brn\u011bj\u0161\u00ed a z\u00e1\u0159iv\u011bj\u0161\u00ed t\u00f3n pleti. <\/p>\n<h3 data-start=\"1233\" data-end=\"1281\"><strong data-start=\"1237\" data-end=\"1281\">  Zklid\u0148uje z\u00e1n\u011bty a podr\u00e1\u017ed\u011bnou poko\u017eku<\/strong><\/h3>\n<p data-start=\"1282\" data-end=\"1431\">D\u00edky sv\u00fdm zklid\u0148uj\u00edc\u00edm vlastnostem tento olej okam\u017eit\u011b zklid\u0148uje zarudl\u00e1, sv\u011bdiv\u00e1 nebo citliv\u00e1 m\u00edsta, tak\u017ee je skv\u011blou p\u0159\u00edrodn\u00ed alternativou pro citlivou poko\u017eku.<\/p>\n<h3 data-start=\"1438\" data-end=\"1489\"><strong data-start=\"1442\" data-end=\"1489\">  Vlasov\u00e1 terapie pro siln\u011bj\u0161\u00ed a lesklej\u0161\u00ed vlasy<\/strong><\/h3>\n<p data-start=\"1490\" data-end=\"1711\">Olej z lotosov\u00fdch mandl\u00ed vy\u017eivuje poko\u017eku hlavy a posiluje vlasov\u00fd stonek. V kombinaci s kaktusov\u00fdm olejem z\u00edsk\u00e1te \u00fa\u010dinnou p\u0159\u00edrodn\u00ed masku na vlasy, kter\u00e1 stimuluje r\u016fst, zabra\u0148uje rozt\u0159epen\u00ed kone\u010dk\u016f a navrac\u00ed lesk matn\u00fdm vlas\u016fm bez \u017eivota. <\/p>\n<h3 data-start=\"1718\" data-end=\"1761\"><strong data-start=\"1722\" data-end=\"1761\">  Slo\u017een\u00ed a v\u00fd\u017eivov\u00e1 hodnota<\/strong><\/h3>\n<ul data-start=\"1762\" data-end=\"2020\">\n<li data-start=\"1762\" data-end=\"1838\">\n<p data-start=\"1764\" data-end=\"1838\"><strong data-start=\"1764\" data-end=\"1785\">Bohat\u00e9 na vitamin E<\/strong>: Podporuje obnovu poko\u017eky a zabra\u0148uje oxida\u010dn\u00edmu stresu.<\/p>\n<\/li>\n<li data-start=\"1839\" data-end=\"1933\">\n<p data-start=\"1841\" data-end=\"1933\"><strong data-start=\"1841\" data-end=\"1881\">Kyselina olejov\u00e1 + omega 6 a 9 mastn\u00e9 kyseliny<\/strong>: Posiluje ko\u017en\u00ed bari\u00e9ru a zlep\u0161uje strukturu poko\u017eky.<\/p>\n<\/li>\n<li data-start=\"1934\" data-end=\"2020\">\n<p data-start=\"1936\" data-end=\"2020\"><strong data-start=\"1936\" data-end=\"1961\">Glykosidy a miner\u00e1ly<\/strong>: Zlep\u0161uj\u00ed celkov\u00e9 zdrav\u00ed pleti a pom\u00e1haj\u00ed redukovat zn\u00e1mky st\u00e1rnut\u00ed.<\/p>\n<\/li>\n<\/ul>\n<h3 data-start=\"2027\" data-end=\"2048\"><strong data-start=\"2031\" data-end=\"2048\">  Jak pou\u017e\u00edvat<\/strong><\/h3>\n<p data-start=\"2050\" data-end=\"2063\"><strong data-start=\"2050\" data-end=\"2063\">Pro ple\u0165:<\/strong><\/p>\n<ul data-start=\"2064\" data-end=\"2180\">\n<li data-start=\"2064\" data-end=\"2098\">\n<p data-start=\"2066\" data-end=\"2098\">Naneste n\u011bkolik kapek na \u010distou poko\u017eku.<\/p>\n<\/li>\n<li data-start=\"2099\" data-end=\"2144\">\n<p data-start=\"2101\" data-end=\"2144\">Krou\u017eiv\u00fdmi pohyby mas\u00edrujte, dokud se nevst\u0159eb\u00e1.<\/p>\n<\/li>\n<li data-start=\"2145\" data-end=\"2180\">\n<p data-start=\"2147\" data-end=\"2180\">Pro dosa\u017een\u00ed nejlep\u0161\u00edch v\u00fdsledk\u016f pou\u017e\u00edvejte dvakr\u00e1t denn\u011b.<\/p>\n<\/li>\n<\/ul>\n<p data-start=\"2182\" data-end=\"2195\"><strong data-start=\"2182\" data-end=\"2195\">Pro vlasy:<\/strong><\/p>\n<ul data-start=\"2196\" data-end=\"2339\">\n<li data-start=\"2196\" data-end=\"2247\">\n<p data-start=\"2198\" data-end=\"2247\">Sm\u00edchejte 1 l\u017ei\u010dku mandlov\u00e9ho oleje s 1 l\u017ei\u010dkou kaktusov\u00e9ho oleje.<\/p>\n<\/li>\n<li data-start=\"2248\" data-end=\"2287\">\n<p data-start=\"2250\" data-end=\"2287\">Mas\u00edrujte poko\u017eku hlavy po dobu 3 minut.<\/p>\n<\/li>\n<li data-start=\"2288\" data-end=\"2339\">\n<p data-start=\"2290\" data-end=\"2339\">Nechte p\u016fsobit 1 hodinu a pot\u00e9 opl\u00e1chn\u011bte vla\u017enou vodou.<\/p>\n<\/li>\n<\/ul>\n<h3 data-start=\"2658\" data-end=\"2724\"><strong data-start=\"2662\" data-end=\"2724\">Z\u00e1v\u011br: Objevte p\u0159\u00edrodn\u00ed s\u00edlu oleje z lotosov\u00fdch mandl\u00ed<\/strong><\/h3>\n<p data-start=\"2725\" data-end=\"2986\">A\u0165 u\u017e chcete obnovit suchou poko\u017eku, vyrovnat t\u00f3n pleti nebo p\u0159irozen\u011b pos\u00edlit vlasy, <strong data-start=\"2819\" data-end=\"2839\">mandlov\u00fd olej Lotus<\/strong> nab\u00edz\u00ed jemn\u00e9, ale \u00fa\u010dinn\u00e9 \u0159e\u0161en\u00ed. Za\u0159a\u010fte ho do sv\u00e9ho ka\u017edodenn\u00edho ritu\u00e1lu p\u00e9\u010de o sebe a u\u017e\u00edvejte si z\u00e1\u0159ivou ple\u0165 a zdrav\u00e9, vy\u017eiven\u00e9 vlasy &#8211; p\u0159irozen\u011b. <\/p>\n<p style=\"text-align: center;\">D\u011bkujeme za n\u00e1kupy na <em data-start=\"415\" data-end=\"431\"><a href=\"https:\/\/bazaar.express\/\">Bazaar Express<\/a><\/em> &#8211; Jsme r\u00e1di, \u017ee jste u n\u00e1s!<\/p>\n<p style=\"text-align: center;\">Poci\u0165te s\u00edlu p\u0159\u00edrody &#8211; \u010dist\u00e9 <a href=\"\/?p=34484\">terapeutick\u00e9 oleje<\/a> pro ka\u017edodenn\u00ed wellness.<\/p>\n","protected":false},"excerpt":{"rendered":"<h3>Mandlov\u00fd olej Lotus je p\u0159\u00edrodn\u00ed hydrata\u010dn\u00ed p\u0159\u00edpravek obohacen\u00fd o vitamin E a esenci\u00e1ln\u00ed mastn\u00e9 kyseliny. Hloubkov\u011b hydratuje suchou poko\u017eku, vyrovn\u00e1v\u00e1 t\u00f3n, zklid\u0148uje podr\u00e1\u017ed\u011bn\u00ed a podporuje pevnost a lesk vlas\u016f. <\/h3>\n","protected":false},"featured_media":35226,"comment_status":"open","ping_status":"closed","template":"","meta":[],"product_brand":[],"product_cat":[786],"product_tag":[781,793],"class_list":{"0":"post-35224","1":"product","2":"type-product","3":"status-publish","4":"has-post-thumbnail","6":"product_cat-pece-o-krasu","7":"product_tag-olej","8":"product_tag-prirodni-olej","9":"pa_l-xl-125ml","10":"pa_l-xl-250ml","11":"pa_l-xl-60ml","13":"first","14":"instock","15":"sale","16":"shipping-taxable","17":"purchasable","18":"product-type-variable"},"_links":{"self":[{"href":"https:\/\/bazaar.express\/cs\/wp-json\/wp\/v2\/product\/35224","targetHints":{"allow":["GET"]}}],"collection":[{"href":"https:\/\/bazaar.express\/cs\/wp-json\/wp\/v2\/product"}],"about":[{"href":"https:\/\/bazaar.express\/cs\/wp-json\/wp\/v2\/types\/product"}],"replies":[{"embeddable":true,"href":"https:\/\/bazaar.express\/cs\/wp-json\/wp\/v2\/comments?post=35224"}],"wp:featuredmedia":[{"embeddable":true,"href":"https:\/\/bazaar.express\/cs\/wp-json\/wp\/v2\/media\/35226"}],"wp:attachment":[{"href":"https:\/\/bazaar.express\/cs\/wp-json\/wp\/v2\/media?parent=35224"}],"wp:term":[{"taxonomy":"product_brand","embeddable":true,"href":"https:\/\/bazaar.express\/cs\/wp-json\/wp\/v2\/product_brand?post=35224"},{"taxonomy":"product_cat","embeddable":true,"href":"https:\/\/bazaar.express\/cs\/wp-json\/wp\/v2\/product_cat?post=35224"},{"taxonomy":"product_tag","embeddable":true,"href":"https:\/\/bazaar.express\/cs\/wp-json\/wp\/v2\/product_tag?post=35224"}],"curies":[{"name":"wp","href":"https:\/\/api.w.org\/{rel}","templated":true}]}}