{"id":35235,"date":"2024-12-14T00:50:47","date_gmt":"2024-12-14T00:50:47","guid":{"rendered":"https:\/\/bazaar.express\/product\/majorankovy-olej\/"},"modified":"2024-12-14T00:50:47","modified_gmt":"2024-12-14T00:50:47","slug":"majorankovy-olej","status":"publish","type":"product","link":"https:\/\/bazaar.express\/cs\/produkt\/majorankovy-olej\/","title":{"rendered":"Major\u00e1nkov\u00fd olej"},"content":{"rendered":"<h2 data-start=\"188\" data-end=\"277\">Lotosov\u00fd major\u00e1nkov\u00fd olej: P\u0159\u00edrodn\u00ed elix\u00edr pro z\u00e1\u0159ivou ple\u0165, zdrav\u00e9 vlasy a vnit\u0159n\u00ed klid.<\/h2>\n<h3 data-start=\"279\" data-end=\"355\">  Odhalte s\u00edlu major\u00e1nky pro ple\u0165, vlasy a celkov\u00e9 zdrav\u00ed<\/h3>\n<p data-start=\"357\" data-end=\"676\">Lotosov\u00fd major\u00e1nkov\u00fd olej je v\u00edc ne\u017e jen esenci\u00e1ln\u00ed olej &#8211; je to osv\u011bd\u010den\u00fd bylinn\u00fd l\u00e9k, kter\u00fd m\u00e1 sv\u00e9 ko\u0159eny v d\u00e1vn\u00fdch tradic\u00edch. Tento v\u0161estrann\u00fd olej je zn\u00e1m\u00fd sv\u00fdmi siln\u00fdmi antioxida\u010dn\u00edmi, protiz\u00e1n\u011btliv\u00fdmi a uklid\u0148uj\u00edc\u00edmi \u00fa\u010dinky a je ide\u00e1ln\u00ed pro ka\u017ed\u00e9ho, kdo chce vy\u017eivit svou poko\u017eku, obnovit po\u0161kozen\u00e9 vlasy a p\u0159irozen\u011b sn\u00ed\u017eit stres. <\/p>\n<p data-start=\"678\" data-end=\"934\">Major\u00e1nkov\u00fd olej se pou\u017e\u00edval ji\u017e ve starov\u011bk\u00e9m Egypt\u011b a \u0158ecku a byl oce\u0148ov\u00e1n pro svou schopnost uklid\u0148ovat t\u011blo a povzn\u00e1\u0161et du\u0161i. Dnes je Lotus Marjoram Oil pokra\u010dovatelem tohoto d\u011bdictv\u00ed s \u010dist\u00fdm, siln\u00fdm slo\u017een\u00edm, kter\u00e9 je navr\u017eeno tak, aby p\u0159in\u00e1\u0161elo viditeln\u00e9 v\u00fdsledky. <\/p>\n<h3 data-start=\"941\" data-end=\"999\">  P\u0159\u00ednosy pro poko\u017eku: Z\u00e1\u0159ivost, hladkost a hojen\u00ed<\/h3>\n<p data-start=\"1001\" data-end=\"1174\">Olej z major\u00e1nky lotosov\u00e9 je bohat\u00fd na omlazuj\u00edc\u00ed l\u00e1tky, jako je saphenin, kyselina rozmar\u00fdnov\u00e1, triglyceridy a E-beta-karyofylen. Tyto bioaktivn\u00ed prvky spole\u010dn\u011b p\u016fsob\u00ed na: <\/p>\n<ul data-start=\"1176\" data-end=\"1426\">\n<li data-start=\"1176\" data-end=\"1239\">\n<p data-start=\"1178\" data-end=\"1239\"><strong data-start=\"1178\" data-end=\"1205\">Bojuje proti z\u00e1n\u011btu k\u016f\u017ee<\/strong> a sni\u017euje zarudnut\u00ed nebo podr\u00e1\u017ed\u011bn\u00ed.<\/p>\n<\/li>\n<li data-start=\"1240\" data-end=\"1308\">\n<p data-start=\"1242\" data-end=\"1308\"><strong data-start=\"1242\" data-end=\"1273\">Podporuje tvorbu kolagenu<\/strong> pro pevn\u011bj\u0161\u00ed a mladistv\u011bj\u0161\u00ed ple\u0165.<\/p>\n<\/li>\n<li data-start=\"1309\" data-end=\"1362\">\n<p data-start=\"1311\" data-end=\"1362\"><strong data-start=\"1311\" data-end=\"1333\">Zesv\u011btluje tmav\u00e9 skvrny<\/strong> a vyhlazuje nerovnom\u011brn\u00fd t\u00f3n pleti.<\/p>\n<\/li>\n<li data-start=\"1363\" data-end=\"1426\">\n<p data-start=\"1365\" data-end=\"1426\"><strong data-start=\"1365\" data-end=\"1383\">Hloubkov\u011b hydratuje<\/strong> a zanech\u00e1v\u00e1 ple\u0165 pru\u017enou, hladkou a z\u00e1\u0159ivou.<\/p>\n<\/li>\n<\/ul>\n<p data-start=\"1428\" data-end=\"1563\">A\u0165 u\u017e se pot\u00fdk\u00e1te s akn\u00e9, mdlost\u00ed nebo such\u00fdmi m\u00edsty, tento olej v\u00e1m pom\u016f\u017ee obnovit rovnov\u00e1hu a p\u0159irozen\u00fd lesk va\u0161\u00ed pleti.<\/p>\n<h3 data-start=\"1570\" data-end=\"1627\">  Hrdina v p\u00e9\u010di o vlasy: Pos\u00edlen\u00ed, lesk a ochrana<\/h3>\n<p data-start=\"1629\" data-end=\"1680\">Kudrnat\u00e9? Such\u00e9? Po\u0161kozen\u00e9 tepeln\u00fdm stylingem nebo barven\u00edm?  <\/p>\n<p data-start=\"1682\" data-end=\"1730\">Olej z lotosov\u00e9 major\u00e1nky pronik\u00e1 do vlasov\u00e9ho stvolu a:<\/p>\n<ul data-start=\"1732\" data-end=\"1998\">\n<li data-start=\"1732\" data-end=\"1778\">\n<p data-start=\"1734\" data-end=\"1778\"><strong data-start=\"1734\" data-end=\"1760\">Hydratuje a vy\u017eivuje<\/strong> vlasy od ko\u0159\u00ednk\u016f a\u017e po kone\u010dky.<\/p>\n<\/li>\n<li data-start=\"1779\" data-end=\"1848\">\n<p data-start=\"1781\" data-end=\"1848\"><strong data-start=\"1781\" data-end=\"1811\">Posiluje k\u0159ehk\u00e1 vl\u00e1kna,<\/strong> zabra\u0148uje jejich l\u00e1m\u00e1n\u00ed a rozt\u0159epen\u00fdm kone\u010dk\u016fm.<\/p>\n<\/li>\n<li data-start=\"1849\" data-end=\"1922\">\n<p data-start=\"1851\" data-end=\"1922\"><strong data-start=\"1851\" data-end=\"1877\">Dod\u00e1<\/strong> vlas\u016fm <strong data-start=\"1851\" data-end=\"1877\">lesk a hebkost<\/strong> a dod\u00e1 jim p\u0159irozen\u011b hedv\u00e1bnou strukturu.<\/p>\n<\/li>\n<li data-start=\"1923\" data-end=\"1998\">\n<p data-start=\"1925\" data-end=\"1998\"><strong data-start=\"1925\" data-end=\"1965\">Chra\u0148te je p\u0159ed stresov\u00fdmi vlivy prost\u0159ed\u00ed,<\/strong> jako je prach, teplo a zne\u010di\u0161t\u011bn\u00ed.<\/p>\n<\/li>\n<\/ul>\n<p data-start=\"2000\" data-end=\"2122\">Vmas\u00edrujte n\u011bkolik kapek do poko\u017eky hlavy nebo je sm\u00edchejte s kondicion\u00e9rem, abyste podpo\u0159ili zdrav\u00ed vlas\u016f a dos\u00e1hli leskl\u00fdch a zdrav\u00fdch vlas\u016f.<\/p>\n<h3 data-start=\"2129\" data-end=\"2203\">  Vnit\u0159n\u00ed klid: P\u0159\u00edrodn\u00ed \u00faleva od stresu, bolesti a pot\u00ed\u017e\u00ed se sp\u00e1nkem.<\/h3>\n<p data-start=\"2205\" data-end=\"2263\">Major\u00e1nka nen\u00ed jen pro kr\u00e1su &#8211; je to zdrav\u00ed prosp\u011b\u0161n\u00e1 rostlina.<\/p>\n<ul data-start=\"2265\" data-end=\"2580\">\n<li data-start=\"2265\" data-end=\"2356\">\n<p data-start=\"2267\" data-end=\"2356\"><strong data-start=\"2267\" data-end=\"2294\">P\u0159\u00edrodn\u00ed prost\u0159edek proti stresu<\/strong>: jeho uklid\u0148uj\u00edc\u00ed v\u016fn\u011b pom\u00e1h\u00e1 sni\u017eovat \u00fazkost a nervov\u00e9 nap\u011bt\u00ed.<\/p>\n<\/li>\n<li data-start=\"2357\" data-end=\"2424\">\n<p data-start=\"2359\" data-end=\"2424\"><strong data-start=\"2359\" data-end=\"2377\">Zlep\u0161uje sp\u00e1nek<\/strong>: L\u017ei\u010dka p\u0159ed span\u00edm podporuje klidn\u00fd sp\u00e1nek.<\/p>\n<\/li>\n<li data-start=\"2425\" data-end=\"2489\">\n<p data-start=\"2427\" data-end=\"2489\"><strong data-start=\"2427\" data-end=\"2449\">\u00daleva pro d\u00fdchac\u00ed cesty<\/strong>: Pom\u00e1h\u00e1 zm\u00edrnit ka\u0161el a p\u0159\u00edznaky astmatu.<\/p>\n<\/li>\n<li data-start=\"2490\" data-end=\"2580\">\n<p data-start=\"2492\" data-end=\"2580\"><strong data-start=\"2492\" data-end=\"2517\">Bolest sval\u016f a nerv\u016f<\/strong>: Ulevuje od bolest\u00ed, k\u0159e\u010d\u00ed a ztuhlosti kloub\u016f p\u0159i lok\u00e1ln\u00edm pou\u017eit\u00ed.<\/p>\n<\/li>\n<\/ul>\n<p data-start=\"2582\" data-end=\"2640\">Proto je nezbytnou sou\u010d\u00e1st\u00ed va\u0161\u00ed dom\u00e1c\u00ed p\u00e9\u010de o sebe.<\/p>\n<h3 data-start=\"2647\" data-end=\"2685\">  Opat\u0159en\u00ed, kter\u00e1 byste m\u011bli zn\u00e1t<\/h3>\n<ul data-start=\"2687\" data-end=\"2927\">\n<li data-start=\"2687\" data-end=\"2763\">\n<p data-start=\"2689\" data-end=\"2763\">Nen\u00ed bezpe\u010dn\u00fd b\u011bhem <strong data-start=\"2705\" data-end=\"2735\">t\u011bhotenstv\u00ed nebo kojen\u00ed &#8211; m\u016f\u017ee<\/strong>stimulovat menstruaci.<\/p>\n<\/li>\n<li data-start=\"2764\" data-end=\"2812\">\n<p data-start=\"2766\" data-end=\"2812\">Uchov\u00e1vejte mimo dosah <strong data-start=\"2787\" data-end=\"2811\">d\u011bt\u00ed a kojenc\u016f<\/strong>.<\/p>\n<\/li>\n<li data-start=\"2813\" data-end=\"2876\">\n<p data-start=\"2815\" data-end=\"2876\">P\u0159ed aplikac\u00ed na cel\u00e9 t\u011blo v\u017edy prove\u010fte <strong data-start=\"2822\" data-end=\"2846\">n\u00e1plas\u0165ov\u00fd test<\/strong>.<\/p>\n<\/li>\n<li data-start=\"2877\" data-end=\"2927\">\n<p data-start=\"2879\" data-end=\"2927\">Nekonzumujte v\u011bt\u0161\u00ed ne\u017e doporu\u010den\u00e9 mno\u017estv\u00ed.<\/p>\n<\/li>\n<\/ul>\n<h3 data-start=\"2934\" data-end=\"2974\">  Jak pou\u017e\u00edvat lotosov\u00fd major\u00e1nkov\u00fd olej<\/h3>\n<p data-start=\"2976\" data-end=\"3068\"><strong data-start=\"2976\" data-end=\"2988\">Pro ple\u0165<\/strong>:<br data-start=\"2989\" data-end=\"2992\">Naneste p\u0159\u00edmo na \u010distou ple\u0165 a jemn\u011b vmas\u00edrujte. Pro dosa\u017een\u00ed nejlep\u0161\u00edch v\u00fdsledk\u016f pou\u017e\u00edvejte denn\u011b. <\/p>\n<p data-start=\"3070\" data-end=\"3187\"><strong>Pro vlasy:<\/strong><br data-start=\"3083\" data-end=\"3086\">Vmas\u00edrujte do poko\u017eky hlavy nebo p\u0159idejte do \u0161amponu\/kondicion\u00e9ru. P\u0159ed umyt\u00edm nechte p\u016fsobit 20-30 minut. <\/p>\n<p data-start=\"3189\" data-end=\"3278\"><strong data-start=\"3189\" data-end=\"3207\">Pro uvoln\u011bn\u00ed<\/strong>:<br data-start=\"3208\" data-end=\"3211\">Rozptylujte n\u011bkolik kapek nebo hluboce vdechujte, abyste sn\u00ed\u017eili \u00fazkost a nap\u011bt\u00ed.<\/p>\n<p data-start=\"3280\" data-end=\"3379\"><strong data-start=\"3280\" data-end=\"3293\">Na span\u00ed<\/strong>:<br data-start=\"3294\" data-end=\"3297\">U\u017e\u00edvejte \u00bd \u010dajov\u00e9 l\u017ei\u010dky peror\u00e1ln\u011b (nejprve se pora\u010fte s l\u00e9ka\u0159em) p\u0159ed span\u00edm nebo si ji naneste na hrudn\u00edk.<\/p>\n<p data-start=\"3381\" data-end=\"3472\"><strong data-start=\"3381\" data-end=\"3400\">Na bolest sval\u016f<\/strong>:<br data-start=\"3401\" data-end=\"3404\">Dvakr\u00e1t denn\u011b krou\u017eiv\u00fdmi pohyby vt\u00edrejte na bolestiv\u00e1 m\u00edsta, \u010d\u00edm\u017e dos\u00e1hnete rychl\u00e9 \u00falevy.<\/p>\n<h3 data-start=\"3791\" data-end=\"3848\">  Z\u00e1v\u011bre\u010dn\u00e9 my\u0161lenky: Pro\u010d si vybrat lotosov\u00fd major\u00e1nkov\u00fd olej?<\/h3>\n<p data-start=\"3850\" data-end=\"4131\">Pokud hled\u00e1te zcela p\u0159\u00edrodn\u00ed esenci\u00e1ln\u00ed olej s mnoha v\u00fdhodami, kter\u00fd uspokoj\u00ed va\u0161e kosmetick\u00e9 i wellness pot\u0159eby, je <strong data-start=\"3968\" data-end=\"3990\">Lotus Marjoram Oil<\/strong> skv\u011blou volbou. Hydratuje poko\u017eku, obnovuje vlasy, ulevuje od bolesti, zlep\u0161uje n\u00e1ladu a podporuje lep\u0161\u00ed sp\u00e1nek &#8211; to v\u0161e z jedn\u00e9 siln\u00e9 lahvi\u010dky. <\/p>\n<p data-start=\"4133\" data-end=\"4246\"><strong data-start=\"4133\" data-end=\"4246\">Zvolte si Lotus Marjoram Oil je\u0161t\u011b dnes &#8211; a za\u017eijte dokonalou harmonii kr\u00e1sy, rovnov\u00e1hy a rostlinn\u00e9 l\u00e9\u010dby.<\/strong><\/p>\n<p style=\"text-align: center;\">D\u011bkujeme za n\u00e1kupy na <em data-start=\"415\" data-end=\"431\"><a href=\"https:\/\/bazaar.express\/\">Bazaar Express<\/a><\/em> &#8211; Jsme r\u00e1di, \u017ee jste u n\u00e1s!<\/p>\n<p style=\"text-align: center;\">Poci\u0165te s\u00edlu p\u0159\u00edrody &#8211; \u010dist\u00e9 <a href=\"\/?p=34484\">terapeutick\u00e9 oleje<\/a> pro ka\u017edodenn\u00ed wellness.<\/p>\n","protected":false},"excerpt":{"rendered":"<h3 data-start=\"387\" data-end=\"639\">Lotosov\u00fd major\u00e1nkov\u00fd olej je v\u00edce\u00fa\u010delov\u00fd esenci\u00e1ln\u00ed olej bohat\u00fd na antioxidanty a uklid\u0148uj\u00edc\u00ed l\u00e1tky. Je ide\u00e1ln\u00ed pro zklidn\u011bn\u00ed podr\u00e1\u017ed\u011bn\u00e9 poko\u017eky, hydrataci such\u00fdch vlas\u016f, zm\u00edrn\u011bn\u00ed stresu a podporu celkov\u00e9 pohody. Ide\u00e1ln\u00ed pro ka\u017edodenn\u00ed p\u00e9\u010di o sebe a kr\u00e1su.  <\/h3>\n","protected":false},"featured_media":35238,"comment_status":"open","ping_status":"closed","template":"","meta":[],"product_brand":[],"product_cat":[787,786],"product_tag":[781,793],"class_list":{"0":"post-35235","1":"product","2":"type-product","3":"status-publish","4":"has-post-thumbnail","6":"product_cat-terapeuticke-oleje","7":"product_cat-pece-o-krasu","8":"product_tag-olej","9":"product_tag-prirodni-olej","10":"pa_l-xl-125ml","11":"pa_l-xl-250ml","12":"pa_l-xl-60ml","14":"first","15":"instock","16":"sale","17":"shipping-taxable","18":"purchasable","19":"product-type-variable"},"_links":{"self":[{"href":"https:\/\/bazaar.express\/cs\/wp-json\/wp\/v2\/product\/35235","targetHints":{"allow":["GET"]}}],"collection":[{"href":"https:\/\/bazaar.express\/cs\/wp-json\/wp\/v2\/product"}],"about":[{"href":"https:\/\/bazaar.express\/cs\/wp-json\/wp\/v2\/types\/product"}],"replies":[{"embeddable":true,"href":"https:\/\/bazaar.express\/cs\/wp-json\/wp\/v2\/comments?post=35235"}],"wp:featuredmedia":[{"embeddable":true,"href":"https:\/\/bazaar.express\/cs\/wp-json\/wp\/v2\/media\/35238"}],"wp:attachment":[{"href":"https:\/\/bazaar.express\/cs\/wp-json\/wp\/v2\/media?parent=35235"}],"wp:term":[{"taxonomy":"product_brand","embeddable":true,"href":"https:\/\/bazaar.express\/cs\/wp-json\/wp\/v2\/product_brand?post=35235"},{"taxonomy":"product_cat","embeddable":true,"href":"https:\/\/bazaar.express\/cs\/wp-json\/wp\/v2\/product_cat?post=35235"},{"taxonomy":"product_tag","embeddable":true,"href":"https:\/\/bazaar.express\/cs\/wp-json\/wp\/v2\/product_tag?post=35235"}],"curies":[{"name":"wp","href":"https:\/\/api.w.org\/{rel}","templated":true}]}}