{"id":35247,"date":"2024-12-13T23:54:31","date_gmt":"2024-12-13T23:54:31","guid":{"rendered":"https:\/\/bazaar.express\/product\/vodotesny-batoh\/"},"modified":"2024-12-13T23:54:31","modified_gmt":"2024-12-13T23:54:31","slug":"vodotesny-batoh","status":"publish","type":"product","link":"https:\/\/bazaar.express\/cs\/produkt\/vodotesny-batoh\/","title":{"rendered":"Vodot\u011bsn\u00fd batoh"},"content":{"rendered":"<h2 data-start=\"301\" data-end=\"364\">Objevte dokonal\u00fd vodot\u011bsn\u00fd batoh pro ka\u017ed\u00e9 dobrodru\u017estv\u00ed<\/h2>\n<p data-start=\"366\" data-end=\"668\">Kdy\u017e \u017eivot vy\u017eaduje pohyb, flexibilitu a ochranu va\u0161ich nezbytnost\u00ed, stane se vysoce kvalitn\u00ed <strong data-start=\"458\" data-end=\"470\">batoh<\/strong> va\u0161\u00edm nejspolehliv\u011bj\u0161\u00edm spole\u010dn\u00edkem. A\u0165 u\u017e doj\u00ed\u017ed\u00edte do pr\u00e1ce, studujete, chod\u00edte na t\u00fary nebo cestujete nap\u0159\u00ed\u010d kontinenty, odoln\u00fd <strong data-start=\"595\" data-end=\"618\">nepromokav\u00fd batoh<\/strong> zajist\u00ed, \u017ee va\u0161e vybaven\u00ed z\u016fstane v bezpe\u010d\u00ed, suchu a uspo\u0159\u00e1dan\u00e9. <\/p>\n<p data-start=\"670\" data-end=\"946\">V <strong data-start=\"673\" data-end=\"691\">Bazaar Express<\/strong> v\u011b\u0159\u00edme, \u017ee se funk\u010dn\u00ed design snoub\u00ed s ka\u017edodenn\u00ed prakti\u010dnost\u00ed. Proto je n\u00e1\u0161 <strong data-start=\"777\" data-end=\"800\">vod\u011bodoln\u00fd batoh<\/strong> navr\u017een tak, aby vyhovoval pot\u0159eb\u00e1m student\u016f, profesion\u00e1l\u016f, digit\u00e1ln\u00edch nom\u00e1d\u016f i outdoorov\u00fdch pr\u016fzkumn\u00edk\u016f &#8211; bez kompromis\u016f ve stylu a pohodl\u00ed. <\/p>\n<h3 data-start=\"953\" data-end=\"1008\">  Vytvo\u0159eno pro ka\u017edodenn\u00ed pou\u017eit\u00ed, navr\u017eeno pro neo\u010dek\u00e1van\u00e9 situace<\/h3>\n<p data-start=\"1010\" data-end=\"1154\">Modern\u00ed \u017eivot vy\u017eaduje v\u0161estrann\u00fd <strong data-start=\"1043\" data-end=\"1055\">batoh<\/strong>, kter\u00fd zvl\u00e1dne v\u0161e od n\u00e1hl\u00e9ho de\u0161t\u011b a\u017e po spont\u00e1nn\u00ed v\u00edkendov\u00e9 v\u00fdlety. Tento batoh nab\u00edz\u00ed: <\/p>\n<ul data-start=\"1156\" data-end=\"1508\">\n<li data-start=\"1156\" data-end=\"1283\">\n<p data-start=\"1158\" data-end=\"1283\"><strong data-start=\"1158\" data-end=\"1189\">100% vod\u011bodoln\u00e1 ochrana:<\/strong> Chra\u0148te svou elektroniku, dokumenty, knihy a oble\u010den\u00ed p\u0159ed de\u0161t\u011bm, rozlit\u00edm nebo po\u0161kozen\u00edm vlhkost\u00ed.<\/p>\n<\/li>\n<li data-start=\"1284\" data-end=\"1399\">\n<p data-start=\"1286\" data-end=\"1399\"><strong data-start=\"1286\" data-end=\"1310\">Materi\u00e1l pro vysok\u00e9 zat\u00ed\u017een\u00ed:<\/strong> Vyrobeno z vysoce kvalitn\u00edho polyesteru, kter\u00fd je zn\u00e1m\u00fd svou vod\u011bodolnost\u00ed a odolnost\u00ed.<\/p>\n<\/li>\n<li data-start=\"1400\" data-end=\"1508\">\n<p data-start=\"1402\" data-end=\"1508\"><strong data-start=\"1402\" data-end=\"1427\">Zes\u00edlen\u00e9 pro\u0161\u00edv\u00e1n\u00ed:<\/strong> Je vyrobeno tak, aby odolalo ka\u017edodenn\u00edmu opot\u0159eben\u00ed bez ohledu na to, jak \u010dasto bal\u00edte a vybalujete.<\/p>\n<\/li>\n<\/ul>\n<h3 data-start=\"1515\" data-end=\"1565\">  Prostorn\u00e9, organizovan\u00e9 a lehk\u00e9 pro va\u0161e z\u00e1da<\/h3>\n<p data-start=\"1567\" data-end=\"1647\">Nosit sv\u016fj sv\u011bt by nem\u011blo b\u00fdt b\u0159emenem. N\u00e1\u0161 <strong data-start=\"1614\" data-end=\"1637\">nepromokav\u00fd batoh<\/strong> m\u00e1: <\/p>\n<ul data-start=\"1649\" data-end=\"2004\">\n<li data-start=\"1649\" data-end=\"1752\">\n<p data-start=\"1651\" data-end=\"1752\"><strong data-start=\"1651\" data-end=\"1681\">Velkorys\u00fd hlavn\u00ed prostor:<\/strong> Snadno se do n\u011bj vejde notebook, knihy, technick\u00e9 p\u0159\u00edslu\u0161enstv\u00ed, vybaven\u00ed do posilovny a dal\u0161\u00ed v\u011bci.<\/p>\n<\/li>\n<li data-start=\"1753\" data-end=\"1828\">\n<p data-start=\"1755\" data-end=\"1828\"><strong data-start=\"1755\" data-end=\"1787\">Kompatibilita pouzdra na notebook:<\/strong> Vhodn\u00e1 pro za\u0159\u00edzen\u00ed s \u00fahlop\u0159\u00ed\u010dkou a\u017e 15,6 palce.<\/p>\n<\/li>\n<li data-start=\"1829\" data-end=\"1919\">\n<p data-start=\"1831\" data-end=\"1919\"><strong data-start=\"1831\" data-end=\"1852\">V\u00edce kapes:<\/strong> Uspo\u0159\u00e1dejte si powerbanku, pozn\u00e1mkov\u00fd blok, pera a kl\u00ed\u010de bez nepo\u0159\u00e1dku.<\/p>\n<\/li>\n<li data-start=\"1920\" data-end=\"2004\">\n<p data-start=\"1922\" data-end=\"2004\"><strong data-start=\"1922\" data-end=\"1939\">\u0160t\u00edhl\u00fd profil:<\/strong> Navzdory prostorn\u00e9mu vnit\u0159n\u00edmu prostoru z\u016fst\u00e1v\u00e1 lehk\u00fd a elegantn\u00ed.<\/p>\n<\/li>\n<\/ul>\n<p data-start=\"2006\" data-end=\"2119\">Je to ide\u00e1ln\u00ed <strong data-start=\"2030\" data-end=\"2042\">batoh<\/strong> pro vysoko\u0161kolsk\u00e9 studenty, kancel\u00e1\u0159sk\u00e9 pracovn\u00edky, cestovatele a kreativce na cest\u00e1ch.<\/p>\n<h3 data-start=\"2126\" data-end=\"2163\">  Ergonomick\u00e9 pohodl\u00ed po cel\u00fd den<\/h3>\n<p data-start=\"2165\" data-end=\"2251\">Na pohodl\u00ed z\u00e1le\u017e\u00ed &#8211; zejm\u00e9na kdy\u017e nos\u00edte <strong data-start=\"2211\" data-end=\"2223\">batoh<\/strong> cel\u00fd den. Up\u0159ednostnili jsme: <\/p>\n<ul data-start=\"2253\" data-end=\"2514\">\n<li data-start=\"2253\" data-end=\"2351\">\n<p data-start=\"2255\" data-end=\"2351\"><strong data-start=\"2255\" data-end=\"2286\">Nastaviteln\u00e9 ramenn\u00ed popruhy:<\/strong> M\u011bkk\u00e9 a prody\u0161n\u00e9 ramenn\u00ed popruhy s p\u011bnov\u00fdm polstrov\u00e1n\u00edm, kter\u00e9 sni\u017euje nam\u00e1h\u00e1n\u00ed ramen.<\/p>\n<\/li>\n<li data-start=\"2352\" data-end=\"2446\">\n<p data-start=\"2354\" data-end=\"2446\"><strong data-start=\"2354\" data-end=\"2380\">Podp\u016frn\u00fd zadn\u00ed panel:<\/strong> Tvarovan\u00fd pro ergonomickou podporu a proud\u011bn\u00ed vzduchu i v hork\u00e9m po\u010das\u00ed.<\/p>\n<\/li>\n<li data-start=\"2447\" data-end=\"2514\">\n<p data-start=\"2449\" data-end=\"2514\"><strong data-start=\"2449\" data-end=\"2470\">Horn\u00ed rukoje\u0165 pro p\u0159en\u00e1\u0161en\u00ed:<\/strong> Umo\u017e\u0148uje rychl\u00e9 uchopen\u00ed a p\u0159en\u00e1\u0161en\u00ed v p\u0159\u00edpad\u011b pot\u0159eby.<\/p>\n<\/li>\n<\/ul>\n<p data-start=\"2516\" data-end=\"2628\">A\u0165 u\u017e m\u00ed\u0159\u00edte do t\u0159\u00eddy, nastupujete do letadla nebo doj\u00ed\u017ed\u00edte p\u0159es cel\u00e9 m\u011bsto, tento batoh v\u00e1s nezat\u00ed\u017e\u00ed.<\/p>\n<h3 data-start=\"2635\" data-end=\"2670\">  Barvy, kter\u00e9 odpov\u00eddaj\u00ed va\u0161emu stylu<\/h3>\n<p data-start=\"2672\" data-end=\"2873\">Kdo \u0159\u00edk\u00e1, \u017ee <strong data-start=\"2683\" data-end=\"2695\">batoh<\/strong> nem\u016f\u017ee b\u00fdt stylov\u00fd? Vyberte si ze z\u00e1\u0159iv\u00fdch v\u00fdrazn\u00fdch odst\u00edn\u016f nebo decentn\u00edch neutr\u00e1ln\u00edch barev. Od odv\u00e1\u017en\u00e9 \u010derven\u00e9 po \u0161edou jako uhel &#8211; ka\u017ed\u00e1 verze tohoto batohu odpov\u00edd\u00e1 va\u0161\u00ed estetice a energii.  <\/p>\n<h3 data-start=\"2880\" data-end=\"2926\">  Vodot\u011bsn\u00e9 sebev\u011bdom\u00ed, kamkoli jdete<\/h3>\n<p data-start=\"2928\" data-end=\"3024\">De\u0161tiv\u00e9 r\u00e1no? Rozlit\u00e1 k\u00e1va? Dobrodru\u017estv\u00ed na pl\u00e1\u017ei? \u017d\u00e1dn\u00e9 obavy. Tento <strong data-start=\"2998\" data-end=\"3010\">batoh<\/strong> je stvo\u0159en pro:    <\/p>\n<ul data-start=\"3026\" data-end=\"3297\">\n<li data-start=\"3026\" data-end=\"3109\">\n<p data-start=\"3028\" data-end=\"3109\"><strong data-start=\"3028\" data-end=\"3051\">Cestov\u00e1n\u00ed za ka\u017ed\u00e9ho po\u010das\u00ed:<\/strong> Udr\u017e\u00ed v\u00e1\u0161 obsah v suchu i b\u011bhem ne\u010dekan\u00fdch lij\u00e1k\u016f.<\/p>\n<\/li>\n<li data-start=\"3110\" data-end=\"3194\">\n<p data-start=\"3112\" data-end=\"3194\"><strong data-start=\"3112\" data-end=\"3139\">Ekologick\u00e1 turistika a p\u011b\u0161\u00ed turistika:<\/strong> Lehk\u00e9, ale dostate\u010dn\u011b odoln\u00e9 pro pozn\u00e1v\u00e1n\u00ed p\u0159\u00edrody.<\/p>\n<\/li>\n<li data-start=\"3195\" data-end=\"3297\">\n<p data-start=\"3197\" data-end=\"3297\"><strong data-start=\"3197\" data-end=\"3219\">Ka\u017edodenn\u00ed doj\u00ed\u017ed\u011bn\u00ed:<\/strong> Bra\u0161na sn\u016f pro m\u011bstsk\u00e9 doj\u00ed\u017ed\u011bn\u00ed &#8211; ochr\u00e1n\u00ed va\u0161i techniku a doklady bez zbyte\u010dn\u00fdch rozm\u011br\u016f.<\/p>\n<\/li>\n<\/ul>\n<h3 data-start=\"3304\" data-end=\"3330\">  Shrnut\u00ed kl\u00ed\u010dov\u00fdch funkc\u00ed<\/h3>\n<ul data-start=\"3332\" data-end=\"3613\">\n<li data-start=\"3332\" data-end=\"3377\">\n<p data-start=\"3334\" data-end=\"3377\"><strong data-start=\"3334\" data-end=\"3347\">Materi\u00e1l:<\/strong> Materi\u00e1l: nepromokav\u00e1 polyesterov\u00e1 tkanina<\/p>\n<\/li>\n<li data-start=\"3378\" data-end=\"3422\">\n<p data-start=\"3380\" data-end=\"3422\"><strong data-start=\"3380\" data-end=\"3391\">Hmotnost:<\/strong> Lehk\u00e9 a vhodn\u00e9 na cesty<\/p>\n<\/li>\n<li data-start=\"3423\" data-end=\"3490\">\n<p data-start=\"3425\" data-end=\"3490\"><strong data-start=\"3425\" data-end=\"3438\">Kapacita:<\/strong> Dostate\u010dn\u011b velk\u00fd, aby se do n\u011bj ve\u0161ly slo\u017eky form\u00e1tu A4, notebooky a dal\u0161\u00ed v\u011bci.<\/p>\n<\/li>\n<li data-start=\"3491\" data-end=\"3557\">\n<p data-start=\"3493\" data-end=\"3557\"><strong data-start=\"3493\" data-end=\"3506\">P\u0159\u00edpad pou\u017eit\u00ed:<\/strong> Pr\u00e1ce, univerzita, cestov\u00e1n\u00ed, posilovna, jednodenn\u00ed v\u00fdlety, turistika<\/p>\n<\/li>\n<li data-start=\"3558\" data-end=\"3613\">\n<p data-start=\"3560\" data-end=\"3613\"><strong data-start=\"3560\" data-end=\"3570\">Styl:<\/strong> Unisex design s r\u016fzn\u00fdmi barevn\u00fdmi variantami<\/p>\n<\/li>\n<\/ul>\n<h2 data-start=\"3934\" data-end=\"3981\">Z\u00e1v\u011br: Va\u0161e ka\u017edodenn\u00ed no\u0161en\u00ed se pr\u00e1v\u011b zlep\u0161ilo<\/h2>\n<p data-start=\"3983\" data-end=\"4203\">Pokud hled\u00e1te <strong data-start=\"4007\" data-end=\"4019\">batoh<\/strong>, kter\u00fd se p\u0159izp\u016fsob\u00ed va\u0161emu \u017eivotu, a ne naopak, je n\u00e1\u0161 <strong data-start=\"4074\" data-end=\"4097\">vod\u011bodoln\u00fd batoh<\/strong> ide\u00e1ln\u00ed volbou. Je lehk\u00fd, odoln\u00fd, odoln\u00fd v\u016f\u010di pov\u011btrnostn\u00edm vliv\u016fm a stylov\u00fd &#8211; v\u0161e, co pot\u0159ebujete, v jednom batohu. <\/p>\n<p data-start=\"4205\" data-end=\"4449\">Tento batoh je navr\u017een tak, aby dr\u017eel krok s va\u0161\u00edm tempem, a\u0165 u\u017e se v\u011bnujete knih\u00e1m, cestov\u00e1n\u00ed po sv\u011bt\u011b nebo n\u00e1ro\u010dn\u00e9mu pracovn\u00edmu dni. Za\u0159a\u010fte ho do sv\u00e9ho b\u011b\u017en\u00e9ho \u017eivota a u\u017e\u00edvejte si klid s v\u011bdom\u00edm, \u017ee va\u0161e vybaven\u00ed je v\u017edy chr\u00e1n\u011bn\u00e9, such\u00e9 a dostupn\u00e9. <\/p>\n<p data-start=\"4451\" data-end=\"4516\">Nakupujte nyn\u00ed v <strong data-start=\"4463\" data-end=\"4481\">Bazaar Express<\/strong> a vylep\u0161ete svou hru na no\u0161en\u00ed je\u0161t\u011b dnes!<\/p>\n<p style=\"text-align: center;\">D\u011bkujeme za n\u00e1kupy na <em data-start=\"415\" data-end=\"431\"><a href=\"https:\/\/bazaar.express\/\">Bazaar Express<\/a><\/em> &#8211; Jsme r\u00e1di, \u017ee jste u n\u00e1s!<\/p>\n<p style=\"text-align: center;\">S na\u0161imi jedine\u010dn\u011b zpracovan\u00fdmi <a href=\"https:\/\/bazaar.express\/product-category\/bazaar-bags\/\">ta\u0161kami Bazaar Bags<\/a> m\u016f\u017eete nosit styl i funkci.<\/p>\n","protected":false},"excerpt":{"rendered":"<h3>Z\u016fsta\u0148te chr\u00e1n\u011bni a organizov\u00e1ni s na\u0161\u00edm <strong data-start=\"4861\" data-end=\"4884\">vodot\u011bsn\u00fdm batohem<\/strong>. Tento lehk\u00fd, vod\u011bodoln\u00fd batoh je ur\u010den pro ka\u017edodenn\u00ed pou\u017eit\u00ed, m\u00e1 prostorn\u00e9 p\u0159ihr\u00e1dky, nastaviteln\u00e9 popruhy a odolnou tkaninu, kter\u00e1 se hod\u00ed do pr\u00e1ce, do \u0161koly i na cesty. <\/h3>\n","protected":false},"featured_media":9731,"comment_status":"open","ping_status":"closed","template":"","meta":[],"product_brand":[],"product_cat":[820,788],"product_tag":[821],"class_list":{"0":"post-35247","1":"product","2":"type-product","3":"status-publish","4":"has-post-thumbnail","6":"product_cat-bazarove-tasky","7":"product_cat-to-nejlepsi-z-egypta","8":"product_tag-taska","10":"first","11":"instock","12":"sale","13":"shipping-taxable","14":"purchasable","15":"product-type-simple"},"_links":{"self":[{"href":"https:\/\/bazaar.express\/cs\/wp-json\/wp\/v2\/product\/35247","targetHints":{"allow":["GET"]}}],"collection":[{"href":"https:\/\/bazaar.express\/cs\/wp-json\/wp\/v2\/product"}],"about":[{"href":"https:\/\/bazaar.express\/cs\/wp-json\/wp\/v2\/types\/product"}],"replies":[{"embeddable":true,"href":"https:\/\/bazaar.express\/cs\/wp-json\/wp\/v2\/comments?post=35247"}],"wp:featuredmedia":[{"embeddable":true,"href":"https:\/\/bazaar.express\/cs\/wp-json\/wp\/v2\/media\/9731"}],"wp:attachment":[{"href":"https:\/\/bazaar.express\/cs\/wp-json\/wp\/v2\/media?parent=35247"}],"wp:term":[{"taxonomy":"product_brand","embeddable":true,"href":"https:\/\/bazaar.express\/cs\/wp-json\/wp\/v2\/product_brand?post=35247"},{"taxonomy":"product_cat","embeddable":true,"href":"https:\/\/bazaar.express\/cs\/wp-json\/wp\/v2\/product_cat?post=35247"},{"taxonomy":"product_tag","embeddable":true,"href":"https:\/\/bazaar.express\/cs\/wp-json\/wp\/v2\/product_tag?post=35247"}],"curies":[{"name":"wp","href":"https:\/\/api.w.org\/{rel}","templated":true}]}}