{"id":35248,"date":"2024-12-17T01:08:29","date_gmt":"2024-12-17T01:08:29","guid":{"rendered":"https:\/\/bazaar.express\/product\/levandulovy-olej\/"},"modified":"2024-12-17T01:08:29","modified_gmt":"2024-12-17T01:08:29","slug":"levandulovy-olej","status":"publish","type":"product","link":"https:\/\/bazaar.express\/cs\/produkt\/levandulovy-olej\/","title":{"rendered":"Levandulov\u00fd olej"},"content":{"rendered":"<h2 data-start=\"168\" data-end=\"243\">Lotosov\u00fd levandulov\u00fd olej: P\u0159\u00edrodn\u00ed uklid\u0148uj\u00edc\u00ed elix\u00edr pro mysl, poko\u017eku i du\u0161i<\/h2>\n<h3 data-start=\"245\" data-end=\"274\">Co je levandulov\u00fd olej?<\/h3>\n<p data-start=\"275\" data-end=\"666\">Lotosov\u00fd levandulov\u00fd olej je prvot\u0159\u00eddn\u00ed esenci\u00e1ln\u00ed olej destilovan\u00fd z jemn\u00fdch fialov\u00fdch kv\u011bt\u016f levandule. Levandulov\u00fd olej je proslul\u00fd svou kv\u011btinovou, sladkou v\u016fn\u00ed a jemn\u00fdmi terapeutick\u00fdmi vlastnostmi a je nad\u010dasov\u00fdm z\u00e1kladem p\u00e9\u010de o ple\u0165, \u00falevy od stresu a wellness ritu\u00e1l\u016f. Jeho jedine\u010dn\u00e1 schopnost uklid\u0148ovat mysl a z\u00e1rove\u0148 l\u00e9\u010dit poko\u017eku z n\u011bj \u010din\u00ed jeden z nejuniverz\u00e1ln\u011bj\u0161\u00edch p\u0159\u00edrodn\u00edch olej\u016f, kter\u00e9 jsou dnes k dispozici.  <\/p>\n<h3 data-start=\"673\" data-end=\"709\">Hlavn\u00ed v\u00fdhody levandulov\u00e9ho oleje<\/h3>\n<h4 data-start=\"711\" data-end=\"756\">  Odbour\u00e1v\u00e1n\u00ed stresu a sni\u017eov\u00e1n\u00ed \u00fazkosti<\/h4>\n<p data-start=\"757\" data-end=\"966\">Levandulov\u00fd olej je osv\u011bd\u010den\u00fd p\u0159\u00edrodn\u00ed prost\u0159edek proti \u00fazkosti, stresu a nervov\u00e9mu nap\u011bt\u00ed. N\u011bkolik kapek v difuz\u00e9ru nebo tepl\u00e9 koupeli v\u00e1m pom\u016f\u017ee uvolnit se po dlouh\u00e9m dni, sn\u00ed\u017eit hladinu kortizolu a podpo\u0159it klidn\u00fd sp\u00e1nek. <\/p>\n<h4 data-start=\"968\" data-end=\"1009\">Podporuje jasnost mozku a n\u00e1ladu<\/h4>\n<p data-start=\"1010\" data-end=\"1222\">Uklid\u0148uj\u00edc\u00ed v\u016fn\u011b levandule zlep\u0161uje kognitivn\u00ed funkce a pom\u00e1h\u00e1 odstra\u0148ovat ment\u00e1ln\u00ed mlhu. \u010casto se pou\u017e\u00edv\u00e1 v aromaterapii pro zlep\u0161en\u00ed soust\u0159ed\u011bn\u00ed a podporu du\u0161evn\u00ed jasnosti, tak\u017ee je ide\u00e1ln\u00ed pro studijn\u00ed sezen\u00ed nebo meditaci. <\/p>\n<h4 data-start=\"1224\" data-end=\"1263\">Hoj\u00ed pop\u00e1leniny od slunce a drobn\u00e9 \u0159ezn\u00e9 r\u00e1ny<\/h4>\n<p data-start=\"1264\" data-end=\"1481\">D\u00edky sv\u00e9mu antimikrobi\u00e1ln\u00edmu a na antioxidanty bohat\u00e9mu profilu levandulov\u00fd olej urychluje hojen\u00ed drobn\u00fdch poran\u011bn\u00ed, \u0161t\u00edpnut\u00ed hmyzem a sp\u00e1len\u00ed od slunce. Jeho protiz\u00e1n\u011btliv\u00e9 vlastnosti pom\u00e1haj\u00ed zklidnit podr\u00e1\u017ed\u011bn\u00ed poko\u017eky a sn\u00ed\u017eit jej\u00ed zarudnut\u00ed. <\/p>\n<h4 data-start=\"1483\" data-end=\"1519\">  Vy\u017eivuje a zklid\u0148uje poko\u017eku<\/h4>\n<p data-start=\"1520\" data-end=\"1713\">Levandulov\u00fd olej je jemn\u00fdm \u0159e\u0161en\u00edm pro sv\u011bdivou, podr\u00e1\u017ed\u011bnou nebo zan\u00edcenou poko\u017eku. Pom\u00e1h\u00e1 zm\u00edr\u0148ovat p\u0159\u00edznaky ekz\u00e9m\u016f, vyr\u00e1\u017eek a akn\u00e9, zat\u00edmco jeho antibakteri\u00e1ln\u00ed povaha udr\u017euje p\u00f3ry \u010dist\u00e9 a ple\u0165 \u010distou. <\/p>\n<h3 data-start=\"1720\" data-end=\"1761\">P\u0159\u00edrodn\u00ed slo\u017eky a slo\u017een\u00ed<\/h3>\n<ul data-start=\"1762\" data-end=\"2039\">\n<li data-start=\"1762\" data-end=\"1813\">\n<p data-start=\"1764\" data-end=\"1813\"><strong data-start=\"1764\" data-end=\"1776\">Linalool<\/strong> &#8211; uklid\u0148uj\u00edc\u00ed a proti\u00fazkostn\u00e9 \u00fa\u010dinky<\/p>\n<\/li>\n<li data-start=\"1814\" data-end=\"1887\">\n<p data-start=\"1816\" data-end=\"1887\"><strong data-start=\"1816\" data-end=\"1835\">Linalyl-acet\u00e1t<\/strong> &#8211; p\u0159isp\u00edv\u00e1 k sladk\u00e9, uklid\u0148uj\u00edc\u00ed v\u016fni levandule.<\/p>\n<\/li>\n<li data-start=\"1888\" data-end=\"1957\">\n<p data-start=\"1890\" data-end=\"1957\"><strong data-start=\"1890\" data-end=\"1901\">kafr<\/strong> &#8211; pom\u00e1h\u00e1 zm\u00edr\u0148ovat bolest a uvol\u0148ovat ucpan\u00e9 d\u00fdchac\u00ed cesty<\/p>\n<\/li>\n<li data-start=\"1958\" data-end=\"2039\">\n<p data-start=\"1960\" data-end=\"2039\"><strong data-start=\"1960\" data-end=\"1979\">Alfa-terpineol<\/strong> &#8211; zn\u00e1m\u00fd pro sv\u00e9 siln\u00e9 antioxida\u010dn\u00ed a antimikrobi\u00e1ln\u00ed \u00fa\u010dinky.<\/p>\n<\/li>\n<\/ul>\n<h3 data-start=\"2046\" data-end=\"2083\">Jak pou\u017e\u00edvat lotosov\u00fd levandulov\u00fd olej<\/h3>\n<ul data-start=\"2085\" data-end=\"2467\">\n<li data-start=\"2085\" data-end=\"2180\">\n<p data-start=\"2087\" data-end=\"2180\"><strong data-start=\"2087\" data-end=\"2106\">Pro relaxaci:<\/strong> P\u0159idejte 4-6 kapek do tepl\u00e9 vody ve van\u011b nebo rozptylujte v lo\u017enici p\u0159ed span\u00edm.<\/p>\n<\/li>\n<li data-start=\"2181\" data-end=\"2321\">\n<p data-start=\"2183\" data-end=\"2321\"><strong data-start=\"2183\" data-end=\"2204\">Pro hojen\u00ed k\u016f\u017ee:<\/strong> Sm\u00edchejte 2 kapky levandulov\u00e9ho oleje s \u010dajovou l\u017ei\u010dkou kokosov\u00e9ho nebo jojobov\u00e9ho oleje a naneste na sp\u00e1leniny, vyr\u00e1\u017eky nebo drobn\u00e9 ranky.<\/p>\n<\/li>\n<li data-start=\"2322\" data-end=\"2467\">\n<p data-start=\"2324\" data-end=\"2467\"><strong data-start=\"2324\" data-end=\"2354\">Pro soust\u0159ed\u011bn\u00ed a ment\u00e1ln\u00ed energii:<\/strong> P\u0159idejte n\u011bkolik kapek do aromaterapeutick\u00e9ho difuz\u00e9ru, abyste zv\u00fd\u0161ili koncentraci a podpo\u0159ili klidn\u00e9 a produktivn\u00ed prost\u0159ed\u00ed.<\/p>\n<\/li>\n<\/ul>\n<h3 data-start=\"2805\" data-end=\"2831\">Bezpe\u010dnostn\u00ed opat\u0159en\u00ed<\/h3>\n<ul data-start=\"2832\" data-end=\"3102\">\n<li data-start=\"2832\" data-end=\"2875\">\n<p data-start=\"2834\" data-end=\"2875\">Pouze k vn\u011bj\u0161\u00edmu pou\u017eit\u00ed &#8211; nesm\u00ed se po\u017e\u00edt.<\/p>\n<\/li>\n<li data-start=\"2876\" data-end=\"2934\">\n<p data-start=\"2878\" data-end=\"2934\">P\u0159ed nanesen\u00edm p\u0159\u00edmo na poko\u017eku prove\u010fte n\u00e1plas\u0165ov\u00fd test.<\/p>\n<\/li>\n<li data-start=\"2935\" data-end=\"3001\">\n<p data-start=\"2937\" data-end=\"3001\">P\u0159i vn\u011bj\u0161\u00edm pou\u017eit\u00ed je bezpe\u010dn\u00fd pro t\u011bhotn\u00e9 a koj\u00edc\u00ed \u017eeny.<\/p>\n<\/li>\n<li data-start=\"3002\" data-end=\"3047\">\n<p data-start=\"3004\" data-end=\"3047\">Uchov\u00e1vejte mimo dosah o\u010d\u00ed a sliznic.<\/p>\n<\/li>\n<li data-start=\"3048\" data-end=\"3102\">\n<p data-start=\"3050\" data-end=\"3102\">Skladujte na chladn\u00e9m a such\u00e9m m\u00edst\u011b mimo dosah d\u011bt\u00ed.<\/p>\n<\/li>\n<\/ul>\n<h3 data-start=\"3109\" data-end=\"3127\">Z\u00e1v\u011br<\/h3>\n<p data-start=\"3128\" data-end=\"3450\">Levandulov\u00fd olej Lotus je v\u00edc ne\u017e jen vo\u0148av\u00fd esenci\u00e1ln\u00ed olej &#8211; je to \u00fa\u010dinn\u00fd, mnohostrann\u011b pou\u017eiteln\u00fd p\u0159\u00edrodn\u00ed prost\u0159edek pro relaxaci, p\u00e9\u010di o ple\u0165 a du\u0161evn\u00ed \u010distotu. A\u0165 u\u017e si chcete usnadnit klidn\u00fd sp\u00e1nek, o\u0161et\u0159it podr\u00e1\u017ed\u011bnou poko\u017eku nebo jen p\u0159idat kv\u011btinov\u00fd n\u00e1dech do sv\u00e9 wellness rutiny, tento olej je va\u0161\u00edm \u0159e\u0161en\u00edm. <\/p>\n<p data-start=\"3452\" data-end=\"3565\">  Vyzkou\u0161ejte <strong data-start=\"3458\" data-end=\"3480\">levandulov\u00fd olej Lotus<\/strong> je\u0161t\u011b dnes a za\u017eijte p\u0159irozenou harmonii klidu, \u010distoty a kr\u00e1sy v ka\u017ed\u00e9 kapce.<\/p>\n<p style=\"text-align: center;\">D\u011bkujeme za n\u00e1kupy na <em data-start=\"415\" data-end=\"431\"><a href=\"https:\/\/bazaar.express\/\">Bazaar Express<\/a><\/em> &#8211; Jsme r\u00e1di, \u017ee jste u n\u00e1s!<\/p>\n<p style=\"text-align: center;\">Poci\u0165te s\u00edlu p\u0159\u00edrody &#8211; \u010dist\u00e9 <a href=\"\/?p=34484\">terapeutick\u00e9 oleje<\/a> pro ka\u017edodenn\u00ed wellness.<\/p>\n","protected":false},"excerpt":{"rendered":"<h3>Lotosov\u00fd levandulov\u00fd olej je prvot\u0159\u00eddn\u00ed esenci\u00e1ln\u00ed olej, kter\u00fd uklid\u0148uje mysl, zklid\u0148uje poko\u017eku a zvy\u0161uje soust\u0159ed\u011bn\u00ed. Je ide\u00e1ln\u00ed pro zm\u00edrn\u011bn\u00ed stresu, hojen\u00ed pop\u00e1lenin od slunce a podporu relaxace a je nezbytnou sou\u010d\u00e1st\u00ed p\u0159\u00edrodn\u00edch wellness procedur. <\/h3>\n","protected":false},"featured_media":35252,"comment_status":"open","ping_status":"closed","template":"","meta":[],"product_brand":[],"product_cat":[786],"product_tag":[781,793],"class_list":{"0":"post-35248","1":"product","2":"type-product","3":"status-publish","4":"has-post-thumbnail","6":"product_cat-pece-o-krasu","7":"product_tag-olej","8":"product_tag-prirodni-olej","10":"first","11":"instock","12":"sale","13":"shipping-taxable","14":"purchasable","15":"product-type-simple"},"_links":{"self":[{"href":"https:\/\/bazaar.express\/cs\/wp-json\/wp\/v2\/product\/35248","targetHints":{"allow":["GET"]}}],"collection":[{"href":"https:\/\/bazaar.express\/cs\/wp-json\/wp\/v2\/product"}],"about":[{"href":"https:\/\/bazaar.express\/cs\/wp-json\/wp\/v2\/types\/product"}],"replies":[{"embeddable":true,"href":"https:\/\/bazaar.express\/cs\/wp-json\/wp\/v2\/comments?post=35248"}],"wp:featuredmedia":[{"embeddable":true,"href":"https:\/\/bazaar.express\/cs\/wp-json\/wp\/v2\/media\/35252"}],"wp:attachment":[{"href":"https:\/\/bazaar.express\/cs\/wp-json\/wp\/v2\/media?parent=35248"}],"wp:term":[{"taxonomy":"product_brand","embeddable":true,"href":"https:\/\/bazaar.express\/cs\/wp-json\/wp\/v2\/product_brand?post=35248"},{"taxonomy":"product_cat","embeddable":true,"href":"https:\/\/bazaar.express\/cs\/wp-json\/wp\/v2\/product_cat?post=35248"},{"taxonomy":"product_tag","embeddable":true,"href":"https:\/\/bazaar.express\/cs\/wp-json\/wp\/v2\/product_tag?post=35248"}],"curies":[{"name":"wp","href":"https:\/\/api.w.org\/{rel}","templated":true}]}}