{"id":35259,"date":"2024-12-14T02:04:40","date_gmt":"2024-12-14T02:04:40","guid":{"rendered":"https:\/\/bazaar.express\/product\/jasminovy-olej\/"},"modified":"2024-12-14T02:04:40","modified_gmt":"2024-12-14T02:04:40","slug":"jasminovy-olej","status":"publish","type":"product","link":"https:\/\/bazaar.express\/cs\/produkt\/jasminovy-olej\/","title":{"rendered":"Jasm\u00ednov\u00fd olej"},"content":{"rendered":"<h2 data-start=\"130\" data-end=\"220\">Olej z lotosov\u00e9ho jasm\u00ednu &#8211; luxusn\u00ed esenci\u00e1ln\u00ed olej pro p\u00e9\u010di o ple\u0165, zlep\u0161en\u00ed n\u00e1lady a relaxaci<\/h2>\n<h3 data-start=\"222\" data-end=\"273\">  Objevte p\u0159\u00edrodn\u00ed eleganci jasm\u00ednov\u00e9ho oleje<\/h3>\n<p data-start=\"275\" data-end=\"573\">Jasm\u00ednov\u00fd olej Lotus je v\u00edc ne\u017e jen n\u00e1dhern\u00e1 v\u016fn\u011b &#8211; je to p\u0159\u00edrodn\u00ed prost\u0159edek, kter\u00fd zlep\u0161\u00ed va\u0161i p\u00e9\u010di o ple\u0165 a zlep\u0161\u00ed va\u0161i emocion\u00e1ln\u00ed pohodu. Tento esenci\u00e1ln\u00ed olej, z\u00edsk\u00e1van\u00fd z \u010derstv\u00fdch kv\u011bt\u016f jasm\u00ednu, je proslul\u00fd sv\u00fdmi uklid\u0148uj\u00edc\u00edmi \u00fa\u010dinky, smyslnou v\u016fn\u00ed a vy\u017eivuj\u00edc\u00edmi vlastnostmi pro poko\u017eku. <\/p>\n<p data-start=\"575\" data-end=\"767\">A\u0165 u\u017e se chcete zbavit stresu po dlouh\u00e9m dni, zlep\u0161it si n\u00e1ladu nebo osv\u011b\u017eit ple\u0165, <strong data-start=\"675\" data-end=\"690\">jasm\u00ednov\u00fd olej<\/strong> nab\u00edz\u00ed komplexn\u00ed \u0159e\u0161en\u00ed, kter\u00e9 zklid\u0148uje smysly a omlazuje t\u011blo.<\/p>\n<h3 data-start=\"774\" data-end=\"810\">  P\u00e9\u010de o ple\u0165 a kr\u00e1sa<\/h3>\n<p data-start=\"812\" data-end=\"1050\"><strong data-start=\"812\" data-end=\"841\">Hydratuje a zjem\u0148uje poko\u017eku<\/strong><br data-start=\"841\" data-end=\"844\">Jasm\u00ednov\u00fd olej Lotus je lehk\u00fd, nemastn\u00fd a snadno se vst\u0159eb\u00e1v\u00e1, tak\u017ee je ide\u00e1ln\u00ed pro hydrataci such\u00e9 a citliv\u00e9 poko\u017eky. Jeho zvl\u00e1\u010d\u0148uj\u00edc\u00ed vlastnosti pom\u00e1haj\u00ed udr\u017eovat pru\u017enost poko\u017eky a podporuj\u00ed jej\u00ed z\u00e1\u0159iv\u00fd vzhled. <\/p>\n<p data-start=\"1052\" data-end=\"1298\"><strong data-start=\"1052\" data-end=\"1097\">Redukuje skvrny a zlep\u0161uje ple\u0165<\/strong><br data-start=\"1097\" data-end=\"1100\">D\u00edky sv\u00fdm protiz\u00e1n\u011btliv\u00fdm a antiseptick\u00fdm vlastnostem pom\u00e1h\u00e1 jasm\u00ednov\u00fd olej redukovat v\u00fdskyt skvrn, jizev a nerovnom\u011brn\u00e9ho t\u00f3nu pleti. Pravideln\u00e9 pou\u017e\u00edv\u00e1n\u00ed odhal\u00ed hlad\u0161\u00ed, \u010dist\u0161\u00ed a jasn\u011bj\u0161\u00ed ple\u0165. <\/p>\n<p data-start=\"1300\" data-end=\"1474\"><strong data-start=\"1300\" data-end=\"1325\">Vlastnosti proti st\u00e1rnut\u00ed<\/strong><br data-start=\"1325\" data-end=\"1328\">D\u00edky sv\u00e9mu slo\u017een\u00ed bohat\u00e9mu na antioxidanty bojuje <strong data-start=\"1367\" data-end=\"1382\">jasm\u00ednov\u00fd olej<\/strong> proti voln\u00fdm radik\u00e1l\u016fm a pom\u00e1h\u00e1 sni\u017eovat zn\u00e1mky st\u00e1rnut\u00ed, jako jsou jemn\u00e9 vr\u00e1sky a mdlost.<\/p>\n<h3 data-start=\"1481\" data-end=\"1520\">  Relaxa\u010dn\u00ed a aromaterapeutick\u00e9 vyu\u017eit\u00ed<\/h3>\n<p data-start=\"1522\" data-end=\"1759\"><strong data-start=\"1522\" data-end=\"1558\">Zlep\u0161en\u00ed n\u00e1lady a uvoln\u011bn\u00ed stresu<\/strong><br data-start=\"1558\" data-end=\"1561\">V\u016fn\u011b jasm\u00ednu prokazateln\u011b zlep\u0161uje n\u00e1ladu, zm\u00edr\u0148uje \u00fazkost a podporuje emocion\u00e1ln\u00ed rovnov\u00e1hu. Vdechov\u00e1n\u00ed jeho v\u016fn\u011b m\u016f\u017ee stimulovat produkci serotoninu v mozku, tak\u017ee se budete c\u00edtit \u0161\u0165astn\u00ed a klidn\u00ed. <\/p>\n<p data-start=\"1761\" data-end=\"1927\"><strong data-start=\"1761\" data-end=\"1787\">Zlep\u0161uje kvalitu sp\u00e1nku<\/strong><br data-start=\"1787\" data-end=\"1790\">Difuz\u00ed jasm\u00ednov\u00e9ho oleje v lo\u017enici nebo kapkou na pol\u0161t\u00e1\u0159 navod\u00edte klidnou no\u010dn\u00ed atmosf\u00e9ru, kter\u00e1 podpo\u0159\u00ed klidn\u00fd sp\u00e1nek.<\/p>\n<p data-start=\"1929\" data-end=\"2123\"><strong data-start=\"1929\" data-end=\"1959\">Smysln\u00fd mas\u00e1\u017en\u00ed z\u00e1\u017eitek<\/strong><br data-start=\"1959\" data-end=\"1962\">Sm\u00edchejte jasm\u00ednov\u00fd olej s nosn\u00fdm olejem, nap\u0159\u00edklad kokosov\u00fdm nebo mandlov\u00fdm, a z\u00edskejte uklid\u0148uj\u00edc\u00ed a romantickou mas\u00e1\u017e, kter\u00e1 pom\u00e1h\u00e1 uvolnit svalov\u00e9 nap\u011bt\u00ed a z\u00e1rove\u0148 stimuluje smysly.<\/p>\n<h3 data-start=\"2130\" data-end=\"2165\">  Jak pou\u017e\u00edvat lotosov\u00fd jasm\u00ednov\u00fd olej<\/h3>\n<ul data-start=\"2167\" data-end=\"2609\">\n<li data-start=\"2167\" data-end=\"2234\">\n<p data-start=\"2169\" data-end=\"2234\"><strong data-start=\"2169\" data-end=\"2182\">P\u00e9\u010de o ple\u0165<\/strong>: P\u0159idejte 2-3 kapky do denn\u00edho hydrata\u010dn\u00edho kr\u00e9mu nebo ple\u0165ov\u00e9 vody.<\/p>\n<\/li>\n<li data-start=\"2235\" data-end=\"2338\">\n<p data-start=\"2237\" data-end=\"2338\"><strong data-start=\"2237\" data-end=\"2250\">P\u00e9\u010de o vlasy<\/strong>: Sm\u00edchejte s \u0161amponem nebo kondicion\u00e9rem a z\u00edskejte p\u0159\u00edrodn\u00ed kv\u011btinovou v\u016fni a v\u00fd\u017eivu poko\u017eky hlavy.<\/p>\n<\/li>\n<li data-start=\"2339\" data-end=\"2412\">\n<p data-start=\"2341\" data-end=\"2412\"><strong data-start=\"2341\" data-end=\"2352\">Mas\u00e1\u017e<\/strong>: Sm\u00edchejte s kokosov\u00fdm olejem a jemn\u011b vmas\u00edrujte do t\u011bla.<\/p>\n<\/li>\n<li data-start=\"2413\" data-end=\"2499\">\n<p data-start=\"2415\" data-end=\"2499\"><strong data-start=\"2415\" data-end=\"2431\">Aromaterapie<\/strong>: P\u0159idejte n\u011bkolik kapek do difuz\u00e9ru nebo odpa\u0159ova\u010de a osv\u011b\u017ete ka\u017edou m\u00edstnost.<\/p>\n<\/li>\n<li data-start=\"2500\" data-end=\"2609\">\n<p data-start=\"2502\" data-end=\"2609\"><strong data-start=\"2502\" data-end=\"2524\">P\u0159\u00edm\u00e1 aplikace<\/strong>: Pou\u017eijte mal\u00e9 mno\u017estv\u00ed na z\u00e1p\u011bst\u00ed, krk nebo sp\u00e1nky jako p\u0159\u00edrodn\u00ed parf\u00e9m nebo prost\u0159edek pro zlep\u0161en\u00ed n\u00e1lady.<\/p>\n<\/li>\n<\/ul>\n<h3 data-start=\"2616\" data-end=\"2647\">  Slo\u017een\u00ed a vlastnosti<\/h3>\n<p data-start=\"2649\" data-end=\"2727\">Lotus Jasmine Oil obsahuje synergickou sm\u011bs p\u0159\u00edrodn\u00edch l\u00e1tek, v\u010detn\u011b:<\/p>\n<ul data-start=\"2729\" data-end=\"2988\">\n<li data-start=\"2729\" data-end=\"2773\">\n<p data-start=\"2731\" data-end=\"2773\"><strong data-start=\"2731\" data-end=\"2749\">Benzyl acet\u00e1t<\/strong> &#8211; zesilova\u010d kv\u011btinov\u00e9 v\u016fn\u011b<\/p>\n<\/li>\n<li data-start=\"2774\" data-end=\"2822\">\n<p data-start=\"2776\" data-end=\"2822\"><strong data-start=\"2776\" data-end=\"2788\">Linalool<\/strong> &#8211; uklid\u0148uj\u00edc\u00ed a antibakteri\u00e1ln\u00ed l\u00e1tka<\/p>\n<\/li>\n<li data-start=\"2823\" data-end=\"2864\">\n<p data-start=\"2825\" data-end=\"2864\"><strong data-start=\"2825\" data-end=\"2844\">Benzylbenzo\u00e1t<\/strong> &#8211; protiz\u00e1n\u011btliv\u00fd prost\u0159edek<\/p>\n<\/li>\n<li data-start=\"2865\" data-end=\"2917\">\n<p data-start=\"2867\" data-end=\"2917\"><strong data-start=\"2867\" data-end=\"2879\">Geraniol<\/strong> &#8211; regeneruje poko\u017eku a je bohat\u00fd na antioxidanty<\/p>\n<\/li>\n<li data-start=\"2918\" data-end=\"2988\">\n<p data-start=\"2920\" data-end=\"2988\"><strong data-start=\"2920\" data-end=\"2935\">Cis-jazm\u00edn<\/strong> &#8211; slou\u010denina zlep\u0161uj\u00edc\u00ed n\u00e1ladu a zintenziv\u0148uj\u00edc\u00ed v\u016fni<\/p>\n<\/li>\n<\/ul>\n<h3 data-start=\"2995\" data-end=\"3013\">  Bezpe\u010dnostn\u00ed opat\u0159en\u00ed<\/h3>\n<ul data-start=\"3015\" data-end=\"3223\">\n<li data-start=\"3015\" data-end=\"3076\">\n<p data-start=\"3017\" data-end=\"3076\">Pokud m\u00e1te citlivou poko\u017eku, prove\u010fte p\u0159ed pou\u017eit\u00edm n\u00e1plas\u0165ov\u00fd test.<\/p>\n<\/li>\n<li data-start=\"3077\" data-end=\"3101\">\n<p data-start=\"3079\" data-end=\"3101\">Pouze pro extern\u00ed pou\u017eit\u00ed.<\/p>\n<\/li>\n<li data-start=\"3102\" data-end=\"3176\">\n<p data-start=\"3104\" data-end=\"3176\">T\u011bhotn\u00e9 nebo koj\u00edc\u00ed \u017eeny by se m\u011bly p\u0159ed pou\u017eit\u00edm p\u0159\u00edpravku poradit s l\u00e9ka\u0159em.<\/p>\n<\/li>\n<li data-start=\"3177\" data-end=\"3223\">\n<p data-start=\"3179\" data-end=\"3223\">Zabra\u0148te kontaktu s o\u010dima nebo sliznicemi.<\/p>\n<\/li>\n<\/ul>\n<h3 data-start=\"3538\" data-end=\"3574\">  Pro\u010d si vybrat Lotus Jasmine Oil?<\/h3>\n<ul data-start=\"3576\" data-end=\"3759\">\n<li data-start=\"3576\" data-end=\"3611\">\n<p data-start=\"3578\" data-end=\"3611\">\u2714 \u010cist\u00e1, p\u0159\u00edrodn\u00ed a vysoce kvalitn\u00ed kvalita<\/p>\n<\/li>\n<li data-start=\"3612\" data-end=\"3677\">\n<p data-start=\"3614\" data-end=\"3677\">\u2714 V\u00edce\u00fa\u010delov\u00e9 vyu\u017eit\u00ed: p\u00e9\u010de o ple\u0165, aromaterapie, mas\u00e1\u017ee a p\u00e9\u010de o vlasy<\/p>\n<\/li>\n<li data-start=\"3678\" data-end=\"3706\">\n<p data-start=\"3680\" data-end=\"3706\">\u2714 \u0160etrn\u00fd k citliv\u00e9 poko\u017ece<\/p>\n<\/li>\n<li data-start=\"3707\" data-end=\"3759\">\n<p data-start=\"3709\" data-end=\"3759\">\u2714 Ide\u00e1ln\u00ed pro ka\u017edodenn\u00ed relaxaci a omlazen\u00ed<\/p>\n<\/li>\n<\/ul>\n<h2 data-start=\"3766\" data-end=\"3781\">  Z\u00e1v\u011br<\/h2>\n<p data-start=\"3783\" data-end=\"4058\">Lotus Jasmine Oil je esenci\u00e1ln\u00ed olej pro luxusn\u00ed p\u00e9\u010di o ple\u0165 a emocion\u00e1ln\u00ed rovnov\u00e1hu. Tento p\u0159\u00edrodn\u00ed prost\u0159edek poskytuje kompletn\u00ed wellness z\u00e1\u017eitek, od v\u00fd\u017eivy poko\u017eky a\u017e po povzbuzen\u00ed n\u00e1lady. P\u0159idejte jej do sv\u00e9 ka\u017edodenn\u00ed rutiny a zm\u011b\u0148te to, jak se c\u00edt\u00edte &#8211; uvnit\u0159 i navenek.  <\/p>\n<p data-start=\"4060\" data-end=\"4150\"><strong data-start=\"4060\" data-end=\"4150\">Vyzkou\u0161ejte jasm\u00ednov\u00fd olej Lotus je\u0161t\u011b dnes a dop\u0159ejte si s\u00edlu nejklidn\u011bj\u0161\u00edho kv\u011btu p\u0159\u00edrody.<\/strong><\/p>\n<p style=\"text-align: center;\">D\u011bkujeme za n\u00e1kupy na <em data-start=\"415\" data-end=\"431\"><a href=\"https:\/\/bazaar.express\/\">Bazaar Express<\/a><\/em> &#8211; Jsme r\u00e1di, \u017ee jste u n\u00e1s!<\/p>\n<p style=\"text-align: center;\">Poci\u0165te s\u00edlu p\u0159\u00edrody &#8211; \u010dist\u00e9 <a href=\"\/?p=34484\">terapeutick\u00e9 oleje<\/a> pro ka\u017edodenn\u00ed wellness.<\/p>\n","protected":false},"excerpt":{"rendered":"<h3 data-start=\"386\" data-end=\"594\">Jasm\u00ednov\u00fd olej Lotus je luxusn\u00ed esenci\u00e1ln\u00ed olej ide\u00e1ln\u00ed pro p\u00e9\u010di o ple\u0165, emocion\u00e1ln\u00ed pohodu a aromaterapii. Jeho uklid\u0148uj\u00edc\u00ed kv\u011btinov\u00e1 v\u016fn\u011b hydratuje, zklid\u0148uje a povzn\u00e1\u0161\u00ed a z\u00e1rove\u0148 vy\u017eivuje poko\u017eku a zm\u00edr\u0148uje stres. <\/h3>\n","protected":false},"featured_media":35262,"comment_status":"open","ping_status":"closed","template":"","meta":[],"product_brand":[],"product_cat":[787,786],"product_tag":[781,793],"class_list":{"0":"post-35259","1":"product","2":"type-product","3":"status-publish","4":"has-post-thumbnail","6":"product_cat-terapeuticke-oleje","7":"product_cat-pece-o-krasu","8":"product_tag-olej","9":"product_tag-prirodni-olej","10":"pa_l-xl-125ml","11":"pa_l-xl-250ml","12":"pa_l-xl-60ml","14":"first","15":"instock","16":"sale","17":"shipping-taxable","18":"purchasable","19":"product-type-variable"},"_links":{"self":[{"href":"https:\/\/bazaar.express\/cs\/wp-json\/wp\/v2\/product\/35259","targetHints":{"allow":["GET"]}}],"collection":[{"href":"https:\/\/bazaar.express\/cs\/wp-json\/wp\/v2\/product"}],"about":[{"href":"https:\/\/bazaar.express\/cs\/wp-json\/wp\/v2\/types\/product"}],"replies":[{"embeddable":true,"href":"https:\/\/bazaar.express\/cs\/wp-json\/wp\/v2\/comments?post=35259"}],"wp:featuredmedia":[{"embeddable":true,"href":"https:\/\/bazaar.express\/cs\/wp-json\/wp\/v2\/media\/35262"}],"wp:attachment":[{"href":"https:\/\/bazaar.express\/cs\/wp-json\/wp\/v2\/media?parent=35259"}],"wp:term":[{"taxonomy":"product_brand","embeddable":true,"href":"https:\/\/bazaar.express\/cs\/wp-json\/wp\/v2\/product_brand?post=35259"},{"taxonomy":"product_cat","embeddable":true,"href":"https:\/\/bazaar.express\/cs\/wp-json\/wp\/v2\/product_cat?post=35259"},{"taxonomy":"product_tag","embeddable":true,"href":"https:\/\/bazaar.express\/cs\/wp-json\/wp\/v2\/product_tag?post=35259"}],"curies":[{"name":"wp","href":"https:\/\/api.w.org\/{rel}","templated":true}]}}