{"id":35260,"date":"2024-12-12T02:03:52","date_gmt":"2024-12-12T02:03:52","guid":{"rendered":"https:\/\/bazaar.express\/product\/olej-z-cernych-semen\/"},"modified":"2024-12-12T02:03:52","modified_gmt":"2024-12-12T02:03:52","slug":"olej-z-cernych-semen","status":"publish","type":"product","link":"https:\/\/bazaar.express\/cs\/produkt\/olej-z-cernych-semen\/","title":{"rendered":"Olej z \u010dern\u00fdch semen"},"content":{"rendered":"<h2 data-start=\"190\" data-end=\"272\"><strong data-start=\"193\" data-end=\"272\">Olej z \u010dern\u00fdch semen lotosu &#8211; nad\u010dasov\u00fd elix\u00edr pro vitalitu, wellness a kr\u00e1su<\/strong><\/h2>\n<h3 data-start=\"274\" data-end=\"310\">  Co je olej z \u010dern\u00fdch semen lotosu?<\/h3>\n<p data-start=\"312\" data-end=\"817\"><strong data-start=\"370\" data-end=\"394\">Olej ze<\/strong>semen rostliny <strong data-start=\"344\" data-end=\"362\">Nigella sativa<\/strong> <strong data-start=\"370\" data-end=\"394\">Lotus Black Seed Oil &#8211;<\/strong>zn\u00e1m\u00fd <strong data-start=\"370\" data-end=\"394\">tak\u00e9<\/strong>jako olej ze semen \u010dern\u00e9ho km\u00ednu &#8211; je zlat\u00fdm darem p\u0159\u00edrody, kter\u00fd je po stalet\u00ed cen\u011bn v tradi\u010dn\u00edch l\u00e9\u010debn\u00fdch postupech. Tento olej je pln\u00fd \u00fa\u010dinn\u00fdch \u017eivin a antioxidant\u016f a nab\u00edz\u00ed \u0161irok\u00e9 spektrum l\u00e9\u010debn\u00fdch a kosmetick\u00fdch \u00fa\u010dink\u016f. A\u0165 u\u017e chcete pos\u00edlit svou imunitu, zlep\u0161it stav poko\u017eky nebo podpo\u0159it sv\u016fj tr\u00e1vic\u00ed syst\u00e9m, tento siln\u00fd p\u0159\u00edrodn\u00ed prost\u0159edek p\u0159in\u00e1\u0161\u00ed v\u00fdsledky, kter\u00e9 m\u016f\u017eete poc\u00edtit a vid\u011bt.  <\/p>\n<h3 data-start=\"824\" data-end=\"864\">  Zdravotn\u00ed p\u0159\u00ednosy oleje z \u010dern\u00fdch semen<\/h3>\n<h4 data-start=\"866\" data-end=\"897\">  Podpora imunitn\u00edho syst\u00e9mu<\/h4>\n<p data-start=\"898\" data-end=\"1042\">Olej z \u010dern\u00fdch semen, bohat\u00fd na thymochinon a dal\u0161\u00ed \u00fa\u010dinn\u00e9 l\u00e1tky, posiluje imunitn\u00ed obranyschopnost a pom\u00e1h\u00e1 t\u011blu bojovat s infekcemi a \u00fanavou.<\/p>\n<h4 data-start=\"1044\" data-end=\"1077\">  Protiz\u00e1n\u011btliv\u00e1 s\u00edla<\/h4>\n<p data-start=\"1078\" data-end=\"1216\">Jeho p\u0159irozen\u00e9 protiz\u00e1n\u011btliv\u00e9 vlastnosti pom\u00e1haj\u00ed zm\u00edrnit bolesti kloub\u016f, sval\u016f a vnit\u0159n\u00ed z\u00e1n\u011bty spojen\u00e9 s chronick\u00fdmi onemocn\u011bn\u00edmi.<\/p>\n<h4 data-start=\"1218\" data-end=\"1246\">  \u00daleva pro d\u00fdchac\u00ed cesty<\/h4>\n<p data-start=\"1247\" data-end=\"1386\">Olej z \u010dern\u00fdch semen lotosu m\u016f\u017ee zm\u00edrnit astma, chronick\u00fd ka\u0161el a p\u0159\u00edznaky souvisej\u00edc\u00ed s alergiemi t\u00edm, \u017ee otev\u00edr\u00e1 d\u00fdchac\u00ed cesty a zklid\u0148uje z\u00e1n\u011bty d\u00fdchac\u00edch cest.<\/p>\n<h4 data-start=\"1388\" data-end=\"1415\">  Tr\u00e1vic\u00ed harmonie<\/h4>\n<p data-start=\"1416\" data-end=\"1538\">Tento olej podporuje tr\u00e1ven\u00ed t\u00edm, \u017ee zklid\u0148uje nad\u00fdm\u00e1n\u00ed, napom\u00e1h\u00e1 tr\u00e1ven\u00ed a zm\u00edr\u0148uje \u017ealude\u010dn\u00ed nevolnost, pr\u016fjem nebo plynatost.<\/p>\n<h4 data-start=\"1540\" data-end=\"1570\">  Zdrav\u00ed o\u010d\u00ed a mozku<\/h4>\n<p data-start=\"1571\" data-end=\"1696\">D\u00edky obsahu antioxidant\u016f pom\u00e1h\u00e1 zost\u0159it zrak, bojuje proti o\u010dn\u00edm infekc\u00edm a zlep\u0161uje kognitivn\u00ed schopnosti a pam\u011b\u0165.<\/p>\n<h4 data-start=\"1698\" data-end=\"1733\">  Posilova\u010d energie a vitality<\/h4>\n<p data-start=\"1734\" data-end=\"1874\">C\u00edt\u00edte se p\u0159irozen\u011b nabit\u00ed energi\u00ed po cel\u00fd den &#8211; bez kofeinu! Tento olej pom\u00e1h\u00e1 odstra\u0148ovat toxiny a zvy\u0161uje celkov\u00fd pocit pohody. <\/p>\n<h4 data-start=\"1876\" data-end=\"1917\">  M\u016f\u017ee podporovat protirakovinnou obranu<\/h4>\n<p data-start=\"1918\" data-end=\"2046\">N\u011bkter\u00e9 studie nazna\u010duj\u00ed, \u017ee thymochinon m\u016f\u017ee pom\u00e1hat t\u011blu br\u00e1nit se proti \u0161kodliv\u00e9 bun\u011b\u010dn\u00e9 aktivit\u011b t\u00edm, \u017ee chr\u00e1n\u00ed zdrav\u00e9 bu\u0148ky.<\/p>\n<h3 data-start=\"2053\" data-end=\"2097\">  V\u00fdhody pro kr\u00e1su: Pro vlasy a ple\u0165<\/h3>\n<h4 data-start=\"2099\" data-end=\"2131\">  R\u016fst a s\u00edla vlas\u016f<\/h4>\n<p data-start=\"2132\" data-end=\"2304\">Vmas\u00edrujte olej z \u010dern\u00fdch semen lotosu do poko\u017eky hlavy, abyste omezili pad\u00e1n\u00ed vlas\u016f, podpo\u0159ili jejich r\u016fst a vy\u017eivili folikuly. Je vynikaj\u00edc\u00ed na \u0159\u00eddnouc\u00ed vlasy, lupy a podr\u00e1\u017ed\u011bn\u00ed vlasov\u00e9 poko\u017eky. <\/p>\n<h4 data-start=\"2306\" data-end=\"2339\">  \u010cist\u0161\u00ed a zdrav\u011bj\u0161\u00ed ple\u0165<\/h4>\n<p data-start=\"2340\" data-end=\"2513\">Jeho antibakteri\u00e1ln\u00ed a protiz\u00e1n\u011btliv\u00e9 vlastnosti zklid\u0148uj\u00ed akn\u00e9, zm\u00edr\u0148uj\u00ed tmav\u00e9 skvrny a podporuj\u00ed z\u00e1\u0159ivou a sjednocenou ple\u0165. Pom\u00e1h\u00e1 tak\u00e9 zm\u00edr\u0148ovat ekz\u00e9my, lup\u00e9nku a ko\u017en\u00ed vyr\u00e1\u017eky. <\/p>\n<h4 data-start=\"2515\" data-end=\"2545\">  Hydratace proti st\u00e1rnut\u00ed<\/h4>\n<p data-start=\"2546\" data-end=\"2648\">Hloubkov\u011b hydratuje a d\u00edky obsahu vitaminu E a omega mastn\u00fdch kyselin bojuje proti zn\u00e1mk\u00e1m p\u0159ed\u010dasn\u00e9ho st\u00e1rnut\u00ed.<\/p>\n<h3 data-start=\"2655\" data-end=\"2693\">  Jak pou\u017e\u00edvat olej z \u010dern\u00fdch semen Lotus<\/h3>\n<h4 data-start=\"2695\" data-end=\"2719\"><strong data-start=\"2703\" data-end=\"2719\">Intern\u00ed pou\u017eit\u00ed<\/strong><\/h4>\n<ul data-start=\"2720\" data-end=\"2926\">\n<li data-start=\"2720\" data-end=\"2775\">\n<p data-start=\"2722\" data-end=\"2775\"><strong data-start=\"2722\" data-end=\"2733\">Dosp\u011bl\u00ed:<\/strong> U\u017e\u00edvejte 1 \u010dajovou l\u017ei\u010dku dvakr\u00e1t denn\u011b p\u0159ed j\u00eddlem.<\/p>\n<\/li>\n<li data-start=\"2776\" data-end=\"2825\">\n<p data-start=\"2778\" data-end=\"2825\"><strong data-start=\"2778\" data-end=\"2796\">D\u011bti (6+):<\/strong> Dvakr\u00e1t denn\u011b u\u017e\u00edvejte \u00bd \u010dajov\u00e9 l\u017ei\u010dky.<\/p>\n<\/li>\n<li data-start=\"2826\" data-end=\"2926\">\n<p data-start=\"2828\" data-end=\"2926\"><strong data-start=\"2828\" data-end=\"2849\">Voliteln\u00e9 dopl\u0148ky:<\/strong> Sm\u00edchejte s teplou vodou, bylinkov\u00fdm \u010dajem nebo medem pro lep\u0161\u00ed chu\u0165 a vst\u0159eb\u00e1v\u00e1n\u00ed.<\/p>\n<\/li>\n<\/ul>\n<h4 data-start=\"2928\" data-end=\"2951\"><strong data-start=\"2936\" data-end=\"2951\">Lok\u00e1ln\u00ed pou\u017eit\u00ed<\/strong><\/h4>\n<ul data-start=\"2952\" data-end=\"3154\">\n<li data-start=\"2952\" data-end=\"3044\">\n<p data-start=\"2954\" data-end=\"3044\"><strong data-start=\"2954\" data-end=\"2967\">Pro vlasy:<\/strong> Vmas\u00edrujte do poko\u017eky hlavy 3-4kr\u00e1t t\u00fddn\u011b a nechte p\u016fsobit p\u0159es noc p\u0159ed umyt\u00edm \u0161amponem.<\/p>\n<\/li>\n<li data-start=\"3045\" data-end=\"3154\">\n<p data-start=\"3047\" data-end=\"3154\"><strong data-start=\"3047\" data-end=\"3060\">Pro ple\u0165:<\/strong> Aplikujte n\u011bkolik kapek p\u0159\u00edmo na \u010distou poko\u017eku nebo sm\u00edchejte s nosn\u00fdm olejem (nap\u0159. kokosov\u00fdm nebo jojobov\u00fdm).<\/p>\n<\/li>\n<\/ul>\n<h3 data-start=\"3161\" data-end=\"3190\">  Bezpe\u010dnostn\u00ed opat\u0159en\u00ed p\u0159ed pou\u017eit\u00edm<\/h3>\n<ul data-start=\"3192\" data-end=\"3487\">\n<li data-start=\"3192\" data-end=\"3291\">\n<p data-start=\"3194\" data-end=\"3291\"><strong data-start=\"3197\" data-end=\"3204\">Neu\u017e\u00edvejte,<\/strong> pokud jste <strong data-start=\"3220\" data-end=\"3249\">t\u011bhotn\u00e1 nebo koj\u00edte<\/strong>, pokud to neschv\u00e1l\u00ed l\u00e9ka\u0159.<\/p>\n<\/li>\n<li data-start=\"3292\" data-end=\"3409\">\n<p data-start=\"3294\" data-end=\"3409\">Vyhn\u011bte se u\u017e\u00edv\u00e1n\u00ed po ned\u00e1vn\u00e9 operaci nebo p\u0159i <strong data-start=\"3342\" data-end=\"3364\">n\u00edzk\u00e9m krevn\u00edm tlaku<\/strong> \u010di <strong data-start=\"3368\" data-end=\"3380\">cukrovce<\/strong> bez l\u00e9ka\u0159sk\u00e9ho dohledu.<\/p>\n<\/li>\n<li data-start=\"3410\" data-end=\"3487\">\n<p data-start=\"3412\" data-end=\"3487\">P\u0159ed lok\u00e1ln\u00edm pou\u017eit\u00edm v\u017edy prove\u010fte n\u00e1plas\u0165ov\u00fd test, abyste p\u0159ede\u0161li alergick\u00fdm reakc\u00edm.<\/p>\n<\/li>\n<\/ul>\n<h3 data-start=\"3806\" data-end=\"3877\">  Z\u00e1v\u011br: Odemkn\u011bte s\u00edlu p\u0159\u00edrody s olejem z \u010dern\u00fdch semen lotosu<\/h3>\n<p data-start=\"3879\" data-end=\"4148\">A\u0165 u\u017e chcete pos\u00edlit sv\u00e9 zdrav\u00ed, omladit ple\u0165 nebo pos\u00edlit vlasy, <strong data-start=\"3963\" data-end=\"3987\">olej z \u010dern\u00fdch sem\u00ednek Lotus<\/strong> je nezbytn\u00fdm dopl\u0148kem va\u0161\u00ed ka\u017edodenn\u00ed wellness rutiny. \u010cist\u00fd, \u00fa\u010dinn\u00fd a multifunk\u010dn\u00ed &#8211; tento starobyl\u00fd prost\u0159edek spl\u0148uje modern\u00ed pot\u0159eby s pozoruhodnou \u00fa\u010dinnost\u00ed. <\/p>\n<p data-start=\"4150\" data-end=\"4225\"><strong data-start=\"4150\" data-end=\"4225\">Poznejte moudrost bylinn\u00e9 l\u00e9\u010dby. Vyberte si Lotus. Vyberte si vitalitu.  <\/strong><\/p>\n<p style=\"text-align: center;\">D\u011bkujeme za n\u00e1kupy na <em data-start=\"415\" data-end=\"431\"><a href=\"https:\/\/bazaar.express\/\">Bazaar Express<\/a><\/em> &#8211; Jsme r\u00e1di, \u017ee jste u n\u00e1s!<\/p>\n<p style=\"text-align: center;\">Poci\u0165te s\u00edlu p\u0159\u00edrody &#8211; \u010dist\u00e9 <a href=\"\/?p=34484\">terapeutick\u00e9 oleje<\/a> pro ka\u017edodenn\u00ed wellness.<\/p>\n","protected":false},"excerpt":{"rendered":"<h3 data-start=\"418\" data-end=\"656\">Lotus Black Seed Oil je prvot\u0159\u00eddn\u00ed p\u0159\u00edrodn\u00ed extrakt ze semen <em data-start=\"473\" data-end=\"489\">Nigella sativa<\/em>, kter\u00fd je zn\u00e1m\u00fd pro pos\u00edlen\u00ed imunity, podporu zdrav\u00ed d\u00fdchac\u00edch cest a tr\u00e1vic\u00edho traktu a zlep\u0161en\u00ed vitality vlas\u016f a poko\u017eky. Ide\u00e1ln\u00ed pro ka\u017edodenn\u00ed p\u00e9\u010di o zdrav\u00ed a kr\u00e1su. <\/h3>\n","protected":false},"featured_media":35267,"comment_status":"open","ping_status":"closed","template":"","meta":[],"product_brand":[],"product_cat":[787,786],"product_tag":[781,793],"class_list":{"0":"post-35260","1":"product","2":"type-product","3":"status-publish","4":"has-post-thumbnail","6":"product_cat-terapeuticke-oleje","7":"product_cat-pece-o-krasu","8":"product_tag-olej","9":"product_tag-prirodni-olej","10":"pa_l-xl-125ml","11":"pa_l-xl-250ml","12":"pa_l-xl-60ml","14":"first","15":"instock","16":"sale","17":"shipping-taxable","18":"purchasable","19":"product-type-variable"},"_links":{"self":[{"href":"https:\/\/bazaar.express\/cs\/wp-json\/wp\/v2\/product\/35260","targetHints":{"allow":["GET"]}}],"collection":[{"href":"https:\/\/bazaar.express\/cs\/wp-json\/wp\/v2\/product"}],"about":[{"href":"https:\/\/bazaar.express\/cs\/wp-json\/wp\/v2\/types\/product"}],"replies":[{"embeddable":true,"href":"https:\/\/bazaar.express\/cs\/wp-json\/wp\/v2\/comments?post=35260"}],"wp:featuredmedia":[{"embeddable":true,"href":"https:\/\/bazaar.express\/cs\/wp-json\/wp\/v2\/media\/35267"}],"wp:attachment":[{"href":"https:\/\/bazaar.express\/cs\/wp-json\/wp\/v2\/media?parent=35260"}],"wp:term":[{"taxonomy":"product_brand","embeddable":true,"href":"https:\/\/bazaar.express\/cs\/wp-json\/wp\/v2\/product_brand?post=35260"},{"taxonomy":"product_cat","embeddable":true,"href":"https:\/\/bazaar.express\/cs\/wp-json\/wp\/v2\/product_cat?post=35260"},{"taxonomy":"product_tag","embeddable":true,"href":"https:\/\/bazaar.express\/cs\/wp-json\/wp\/v2\/product_tag?post=35260"}],"curies":[{"name":"wp","href":"https:\/\/api.w.org\/{rel}","templated":true}]}}