{"id":35271,"date":"2024-12-12T02:31:36","date_gmt":"2024-12-12T02:31:36","guid":{"rendered":"https:\/\/bazaar.express\/product\/sezamovy-olej\/"},"modified":"2024-12-12T02:31:36","modified_gmt":"2024-12-12T02:31:36","slug":"sezamovy-olej","status":"publish","type":"product","link":"https:\/\/bazaar.express\/cs\/produkt\/sezamovy-olej\/","title":{"rendered":"Sezamov\u00fd olej"},"content":{"rendered":"<h2 data-start=\"344\" data-end=\"431\">Sezamov\u00fd olej Lotus: P\u0159\u00edrodn\u00ed s\u00edla pro z\u00e1\u0159ivou ple\u0165 a siln\u00e9 a zdrav\u00e9 vlasy.<\/h2>\n<h3 data-start=\"433\" data-end=\"482\">Objevte prastar\u00e9 tajemstv\u00ed sezamov\u00e9ho oleje<\/h3>\n<p data-start=\"484\" data-end=\"841\">Sezamov\u00fd olej je v \u00e1jurv\u00e9dsk\u00fdch a holistick\u00fdch wellness tradic\u00edch cen\u011bn ji\u017e v\u00edce ne\u017e 2500 let. <strong data-start=\"626\" data-end=\"646\">Sezamov\u00fd olej Lotus,<\/strong> z\u00edsk\u00e1van\u00fd ze sezamov\u00fdch sem\u00ednek bohat\u00fdch na \u017eiviny, je pln\u00fd p\u0159\u00edrodn\u00edch antioxidant\u016f, esenci\u00e1ln\u00edch mastn\u00fdch kyselin a vitam\u00edn\u016f, jako je <strong data-start=\"741\" data-end=\"754\">vitamin E,<\/strong> spolu s d\u016fle\u017eit\u00fdmi miner\u00e1ly, jako je <strong data-start=\"790\" data-end=\"801\">v\u00e1pn\u00edk<\/strong>, <strong data-start=\"803\" data-end=\"816\">ho\u0159\u010d\u00edk<\/strong>, <strong data-start=\"818\" data-end=\"826\">zinek<\/strong> a <strong data-start=\"832\" data-end=\"840\">\u017eelezo<\/strong>. <\/p>\n<p data-start=\"843\" data-end=\"990\">Tento zlat\u00fd olej je va\u0161\u00edm dokonal\u00fdm spole\u010dn\u00edkem p\u0159i ka\u017edodenn\u00edch ritu\u00e1lech kr\u00e1sy a wellness &#8211; p\u0159in\u00e1\u0161\u00ed hydrataci, ochranu a omlazen\u00ed od hlavy a\u017e k pat\u011b.<\/p>\n<h3 data-start=\"997\" data-end=\"1035\">  V\u00fdhody sezamov\u00e9ho oleje pro vlasy<\/h3>\n<ul data-start=\"1037\" data-end=\"1615\">\n<li data-start=\"1037\" data-end=\"1186\">\n<p data-start=\"1039\" data-end=\"1186\"><strong data-start=\"1039\" data-end=\"1076\">Posiluje a o\u017eivuje slab\u00e9 vlasy<\/strong><br data-start=\"1076\" data-end=\"1079\">Sezamov\u00fd olej pronik\u00e1 hluboko do poko\u017eky hlavy a vy\u017eivuje vlasov\u00e9 ko\u0159\u00ednky, sni\u017euje l\u00e1mavost a zvy\u0161uje p\u0159irozen\u00fd lesk.<\/p>\n<\/li>\n<li data-start=\"1188\" data-end=\"1338\">\n<p data-start=\"1190\" data-end=\"1338\"><strong data-start=\"1190\" data-end=\"1223\">Pom\u00e1h\u00e1 odd\u00e1lit p\u0159ed\u010dasn\u00e9 \u0161ediv\u011bn\u00ed<\/strong><br data-start=\"1223\" data-end=\"1226\">Jeho profil bohat\u00fd na antioxidanty pom\u00e1h\u00e1 bojovat proti oxida\u010dn\u00edmu stresu vlasov\u00fdch folikul\u016f a podporuje mladistv\u00fd vzhled.<\/p>\n<\/li>\n<li data-start=\"1340\" data-end=\"1490\">\n<p data-start=\"1342\" data-end=\"1490\"><strong data-start=\"1342\" data-end=\"1377\">P\u0159\u00edrodn\u00ed ochrana vlas\u016f p\u0159ed slune\u010dn\u00edm z\u00e1\u0159en\u00edm<\/strong><br data-start=\"1377\" data-end=\"1380\">Sezamov\u00fd olej p\u016fsob\u00ed jako jemn\u00e1 UV bari\u00e9ra a chr\u00e1n\u00ed va\u0161e prameny p\u0159ed po\u0161kozen\u00edm sluncem a zne\u010di\u0161\u0165uj\u00edc\u00edmi l\u00e1tkami.<\/p>\n<\/li>\n<li data-start=\"1492\" data-end=\"1615\">\n<p data-start=\"1494\" data-end=\"1615\"><strong data-start=\"1494\" data-end=\"1518\">Scalp Health Booster<\/strong><br data-start=\"1518\" data-end=\"1521\">Zklid\u0148uje suchost a \u0161upinatost a podporuje \u010distou a vyv\u00e1\u017eenou poko\u017eku hlavy pro lep\u0161\u00ed r\u016fst vlas\u016f.<\/p>\n<\/li>\n<\/ul>\n<h3 data-start=\"1622\" data-end=\"1660\">  V\u00fdhody sezamov\u00e9ho oleje pro poko\u017eku<\/h3>\n<ul data-start=\"1662\" data-end=\"2285\">\n<li data-start=\"1662\" data-end=\"1829\">\n<p data-start=\"1664\" data-end=\"1829\"><strong data-start=\"1664\" data-end=\"1706\">Hloubkov\u00e1 hydratace a zjemn\u011bn\u00ed poko\u017eky<\/strong><br data-start=\"1706\" data-end=\"1709\">Sezamov\u00fd olej bohat\u00fd na vitamin E a zdrav\u00e9 tuky uzamyk\u00e1 vlhkost a vyhlazuje drsn\u00e1 nebo such\u00e1 m\u00edsta pro celodenn\u00ed hydrataci.<\/p>\n<\/li>\n<li data-start=\"1831\" data-end=\"1972\">\n<p data-start=\"1833\" data-end=\"1972\"><strong data-start=\"1833\" data-end=\"1866\">Pom\u00e1h\u00e1 zlep\u0161ovat pru\u017enost poko\u017eky<\/strong><br data-start=\"1866\" data-end=\"1869\">Pravideln\u00e1 mas\u00e1\u017e sezamov\u00fdm olejem m\u016f\u017ee podpo\u0159it pevn\u011bj\u0161\u00ed a pru\u017en\u011bj\u0161\u00ed poko\u017eku t\u00edm, \u017ee podporuje tvorbu kolagenu.<\/p>\n<\/li>\n<li data-start=\"1974\" data-end=\"2139\">\n<p data-start=\"1976\" data-end=\"2139\"><strong data-start=\"1976\" data-end=\"2003\">Podporuje rovnom\u011brn\u00fd t\u00f3n pleti<\/strong><br data-start=\"2003\" data-end=\"2006\">Sezamov\u00fd olej m\u00e1 protiz\u00e1n\u011btliv\u00e9 a antioxida\u010dn\u00ed \u00fa\u010dinky a m\u016f\u017ee pomoci sn\u00ed\u017eit v\u00fdskyt tmav\u00fdch skvrn a drobn\u00fdch nedokonalost\u00ed.<\/p>\n<\/li>\n<li data-start=\"2141\" data-end=\"2285\">\n<p data-start=\"2143\" data-end=\"2285\"><strong data-start=\"2143\" data-end=\"2178\">Jemn\u00e9 \u010di\u0161t\u011bn\u00ed a ochrana<\/strong><br data-start=\"2178\" data-end=\"2181\">D\u00edky sv\u00fdm p\u0159irozen\u00fdm antibakteri\u00e1ln\u00edm vlastnostem je olej vhodn\u00fd pro \u010di\u0161t\u011bn\u00ed oleje nebo hydrataci po sprchov\u00e1n\u00ed.<\/p>\n<\/li>\n<\/ul>\n<h3 data-start=\"2292\" data-end=\"2327\">Jak pou\u017e\u00edvat sezamov\u00fd olej Lotus<\/h3>\n<p data-start=\"2329\" data-end=\"2502\"><strong data-start=\"2329\" data-end=\"2347\">Pro p\u00e9\u010di o vlasy:<\/strong><br data-start=\"2347\" data-end=\"2350\">Zah\u0159ejte mal\u00e9 mno\u017estv\u00ed a vmas\u00edrujte do poko\u017eky hlavy a pod\u00e9l pramen\u016f vlas\u016f. Pro dosa\u017een\u00ed nejlep\u0161\u00edch v\u00fdsledk\u016f nechte p\u016fsobit 30-60 minut p\u0159ed umyt\u00edm. Pou\u017e\u00edvejte 2-3kr\u00e1t t\u00fddn\u011b.  <\/p>\n<p data-start=\"2504\" data-end=\"2672\"><strong data-start=\"2504\" data-end=\"2529\">Pro v\u00fd\u017eivu poko\u017eky:<\/strong><br data-start=\"2529\" data-end=\"2532\">Aplikujte p\u0159\u00edmo na \u010distou poko\u017eku po koupeli. Krou\u017eiv\u00fdmi pohyby mas\u00edrujte, dokud se zcela nevst\u0159eb\u00e1. Ide\u00e1ln\u00ed pro pou\u017eit\u00ed na such\u00e9 lokty, kolena a paty.  <\/p>\n<p data-start=\"2674\" data-end=\"2820\"><strong data-start=\"2674\" data-end=\"2695\">K mas\u00e1\u017ei t\u011bla:<\/strong><br data-start=\"2695\" data-end=\"2698\">Pou\u017eijte jako z\u00e1kladn\u00ed olej pro aromaterapii nebo relaxa\u010dn\u00ed mas\u00e1\u017ee t\u011bla. Jeho h\u0159ejivost pom\u00e1h\u00e1 uvol\u0148ovat nap\u011bt\u00ed a relaxovat svaly. <\/p>\n<h3 data-start=\"3140\" data-end=\"3168\">Bezpe\u010dnost a bezpe\u010dnostn\u00ed opat\u0159en\u00ed<\/h3>\n<ul data-start=\"3170\" data-end=\"3479\">\n<li data-start=\"3170\" data-end=\"3198\">\n<p data-start=\"3172\" data-end=\"3198\"><strong data-start=\"3176\" data-end=\"3197\">Pouze<\/strong> pro <strong data-start=\"3176\" data-end=\"3197\">extern\u00ed pou\u017eit\u00ed<\/strong>.<\/p>\n<\/li>\n<li data-start=\"3199\" data-end=\"3302\">\n<p data-start=\"3201\" data-end=\"3302\">P\u0159ed \u00faplnou aplikac\u00ed prove\u010fte <strong data-start=\"3211\" data-end=\"3225\">n\u00e1plas\u0165ov\u00fd test<\/strong>, zejm\u00e9na pokud m\u00e1te citlivou poko\u017eku nebo jste alergi\u010dt\u00ed.<\/p>\n<\/li>\n<li data-start=\"3303\" data-end=\"3350\">\n<p data-start=\"3305\" data-end=\"3350\">Zabra\u0148te kontaktu s o\u010dima a sliznicemi.<\/p>\n<\/li>\n<li data-start=\"3351\" data-end=\"3410\">\n<p data-start=\"3353\" data-end=\"3410\">Skladujte na <strong data-start=\"3364\" data-end=\"3383\">chladn\u00e9m a such\u00e9m m\u00edst\u011b<\/strong> mimo dosah p\u0159\u00edm\u00e9ho slune\u010dn\u00edho sv\u011btla.<\/p>\n<\/li>\n<li data-start=\"3411\" data-end=\"3479\">\n<p data-start=\"3413\" data-end=\"3479\">Pokud dojde k podr\u00e1\u017ed\u011bn\u00ed, p\u0159esta\u0148te p\u0159\u00edpravek pou\u017e\u00edvat a pora\u010fte se s dermatologem.<\/p>\n<\/li>\n<\/ul>\n<h3 data-start=\"3486\" data-end=\"3522\">Pro\u010d si vybrat sezamov\u00fd olej Lotus?<\/h3>\n<p data-start=\"3524\" data-end=\"3843\">A\u0165 u\u017e hled\u00e1te <strong data-start=\"3550\" data-end=\"3571\">hydrataci pleti<\/strong>, <strong data-start=\"3573\" data-end=\"3597\">revitalizaci vlas\u016f<\/strong> nebo <strong data-start=\"3602\" data-end=\"3635\">relaxaci s p\u0159\u00edrodn\u00edm t\u011blov\u00fdm olejem<\/strong>, <strong data-start=\"3637\" data-end=\"3657\">sezamov\u00fd olej Lotus<\/strong> poskytuje autentickou v\u00fd\u017eivu podpo\u0159enou staletou bylinnou tradic\u00ed. D\u00edky sv\u00e9 \u010distot\u011b a v\u00edce\u00fa\u010delov\u00fdm \u00fa\u010dink\u016fm je z\u00e1kladem pro ka\u017ed\u00e9ho, kdo tou\u017e\u00ed po z\u00e1\u0159iv\u00e9 pleti a \u017eiv\u00fdch vlasech &#8211; p\u0159irozenou cestou. <\/p>\n<p data-start=\"3850\" data-end=\"3977\"><strong data-start=\"3850\" data-end=\"3908\">Za\u017eijte \u010distotu p\u0159\u00edrody se sezamov\u00fdm olejem Lotus.<\/strong><br data-start=\"3908\" data-end=\"3911\">Nechte svou kr\u00e1su z\u00e1\u0159it od ko\u0159\u00ednk\u016f a\u017e ke kone\u010dk\u016fm, p\u0159irozen\u011b a sebev\u011bdom\u011b.<\/p>\n<p style=\"text-align: center;\">D\u011bkujeme za n\u00e1kupy na <em data-start=\"415\" data-end=\"431\"><a href=\"https:\/\/bazaar.express\/\">Bazaar Express<\/a><\/em> &#8211; Jsme r\u00e1di, \u017ee jste u n\u00e1s!<\/p>\n<p style=\"text-align: center;\">Poci\u0165te s\u00edlu p\u0159\u00edrody &#8211; \u010dist\u00e9 <a href=\"\/?p=34484\">terapeutick\u00e9 oleje<\/a> pro ka\u017edodenn\u00ed wellness.<\/p>\n","protected":false},"excerpt":{"rendered":"<h3>Sezamov\u00fd olej Lotus je v\u00edce\u00fa\u010delov\u00fd p\u0159\u00edrodn\u00ed olej z\u00edskan\u00fd ze sezamov\u00fdch sem\u00ednek bohat\u00fdch na \u017eiviny. Je bohat\u00fd na vitamin E a z\u00e1kladn\u00ed miner\u00e1ly, hloubkov\u011b hydratuje poko\u017eku, posiluje vlasov\u00e9 ko\u0159\u00ednky a podporuje z\u00e1\u0159iv\u00fd a zdrav\u00fd vzhled. Ide\u00e1ln\u00ed pro ka\u017edodenn\u00ed mas\u00e1\u017ee t\u011bla, o\u0161et\u0159en\u00ed poko\u017eky hlavy a celkovou wellness p\u00e9\u010di.  <\/h3>\n","protected":false},"featured_media":35274,"comment_status":"open","ping_status":"closed","template":"","meta":[],"product_brand":[],"product_cat":[787,786],"product_tag":[781,793],"class_list":{"0":"post-35271","1":"product","2":"type-product","3":"status-publish","4":"has-post-thumbnail","6":"product_cat-terapeuticke-oleje","7":"product_cat-pece-o-krasu","8":"product_tag-olej","9":"product_tag-prirodni-olej","10":"pa_l-xl-125ml","11":"pa_l-xl-250ml","12":"pa_l-xl-60ml","14":"first","15":"instock","16":"sale","17":"shipping-taxable","18":"purchasable","19":"product-type-variable"},"_links":{"self":[{"href":"https:\/\/bazaar.express\/cs\/wp-json\/wp\/v2\/product\/35271","targetHints":{"allow":["GET"]}}],"collection":[{"href":"https:\/\/bazaar.express\/cs\/wp-json\/wp\/v2\/product"}],"about":[{"href":"https:\/\/bazaar.express\/cs\/wp-json\/wp\/v2\/types\/product"}],"replies":[{"embeddable":true,"href":"https:\/\/bazaar.express\/cs\/wp-json\/wp\/v2\/comments?post=35271"}],"wp:featuredmedia":[{"embeddable":true,"href":"https:\/\/bazaar.express\/cs\/wp-json\/wp\/v2\/media\/35274"}],"wp:attachment":[{"href":"https:\/\/bazaar.express\/cs\/wp-json\/wp\/v2\/media?parent=35271"}],"wp:term":[{"taxonomy":"product_brand","embeddable":true,"href":"https:\/\/bazaar.express\/cs\/wp-json\/wp\/v2\/product_brand?post=35271"},{"taxonomy":"product_cat","embeddable":true,"href":"https:\/\/bazaar.express\/cs\/wp-json\/wp\/v2\/product_cat?post=35271"},{"taxonomy":"product_tag","embeddable":true,"href":"https:\/\/bazaar.express\/cs\/wp-json\/wp\/v2\/product_tag?post=35271"}],"curies":[{"name":"wp","href":"https:\/\/api.w.org\/{rel}","templated":true}]}}