{"id":35272,"date":"2024-12-14T01:28:14","date_gmt":"2024-12-14T01:28:14","guid":{"rendered":"https:\/\/bazaar.express\/product\/olej-z-piskavice-recke-seno\/"},"modified":"2024-12-14T01:28:14","modified_gmt":"2024-12-14T01:28:14","slug":"olej-z-piskavice-recke-seno","status":"publish","type":"product","link":"https:\/\/bazaar.express\/cs\/produkt\/olej-z-piskavice-recke-seno\/","title":{"rendered":"Olej z p\u00edskavice \u0159eck\u00e9 seno"},"content":{"rendered":"<h2 data-start=\"203\" data-end=\"283\">Lotosov\u00fd olej z p\u00edskavice \u0159eck\u00e9 seno: Obnovte p\u0159irozen\u011b z\u00e1\u0159ivost a plnost sv\u00e9 pleti.<\/h2>\n<h3 data-start=\"285\" data-end=\"353\">  \u00da\u010dinn\u00e9 p\u0159\u00edrodn\u00ed \u0159e\u0161en\u00ed pro p\u00e9\u010di o ple\u0165 a plnost obli\u010deje<\/h3>\n<p data-start=\"355\" data-end=\"783\">Olej z p\u00edskavice \u0159eck\u00e9 seno Lotus je v\u0161estrann\u00fd p\u0159\u00edrodn\u00ed olej z\u00edskan\u00fd ze semen p\u00edskavice \u0159eck\u00e9 seno, kter\u00e1 jsou zn\u00e1m\u00e1 sv\u00fdmi omlazuj\u00edc\u00edmi, protiz\u00e1n\u011btliv\u00fdmi a hormon\u00e1ln\u011b vyrovn\u00e1vac\u00edmi vlastnostmi. Tento olej bohat\u00fd na \u017eiviny podporuje sv\u011b\u017e\u00ed a mladistv\u00fd vzhled t\u00edm, \u017ee \u0159e\u0161\u00ed b\u011b\u017en\u00e9 probl\u00e9my pleti a podporuje plnost obli\u010deje. A\u0165 u\u017e chcete omezit tvorbu v\u00fdtok\u016f, zklidnit podr\u00e1\u017ed\u011bn\u00ed nebo p\u0159irozen\u011b vylep\u0161it kontury obli\u010deje, tento olej je va\u0161\u00edm \u0159e\u0161en\u00edm.  <\/p>\n<h3 data-start=\"790\" data-end=\"843\">  V\u00fdhody obli\u010deje: Pln\u011bj\u0161\u00ed tv\u00e1\u0159e a z\u00e1\u0159iv\u00e1 ple\u0165<\/h3>\n<p data-start=\"845\" data-end=\"1168\">Jednou z v\u00fdrazn\u00fdch vlastnost\u00ed <strong data-start=\"877\" data-end=\"894\">oleje z p\u00edskavice \u0159eck\u00e9 seno<\/strong> je jeho schopnost p\u0159irozen\u011b zv\u00fd\u0161it plnost obli\u010deje, zejm\u00e9na v oblasti tv\u00e1\u0159\u00ed. Hydratuje suchou nebo mdlou ple\u0165 a pom\u00e1h\u00e1 j\u00ed navr\u00e1tit zdrav\u00fd lesk a pru\u017enost. Tento olej je ide\u00e1ln\u00ed pro ty, kte\u0159\u00ed se pot\u00fdkaj\u00ed s hubenost\u00ed nebo unaven\u00fdm vzhledem pleti, podporuje objem, z\u00e1\u0159ivost a rovnom\u011brn\u00fd t\u00f3n.  <\/p>\n<h3 data-start=\"1175\" data-end=\"1232\">  Terapeutick\u00e9 vlastnosti a l\u00e9\u010div\u00e9 l\u00e1tky pro poko\u017eku<\/h3>\n<p data-start=\"1234\" data-end=\"1388\">Olej z p\u00edskavice lotosov\u00e9 je bohat\u00fd na antioxidanty a fytoestrogeny, jako je <strong data-start=\"1279\" data-end=\"1292\">diosgenin<\/strong>, a obsahuje vitaminy C, B3, drasl\u00edk a ho\u0159\u010d\u00edk. Tyto slo\u017eky: <\/p>\n<ul data-start=\"1390\" data-end=\"1554\">\n<li data-start=\"1390\" data-end=\"1411\">\n<p data-start=\"1392\" data-end=\"1411\">Sn\u00ed\u017een\u00ed z\u00e1n\u011btu<\/p>\n<\/li>\n<li data-start=\"1412\" data-end=\"1441\">\n<p data-start=\"1414\" data-end=\"1441\">Podpora tvorby kolagenu<\/p>\n<\/li>\n<li data-start=\"1442\" data-end=\"1468\">\n<p data-start=\"1444\" data-end=\"1468\">Urychlen\u00ed hojen\u00ed ran<\/p>\n<\/li>\n<li data-start=\"1469\" data-end=\"1507\">\n<p data-start=\"1471\" data-end=\"1507\">Minimalizace akn\u00e9, v\u0159\u00eddk\u016f a \u010dern\u00fdch te\u010dek<\/p>\n<\/li>\n<li data-start=\"1508\" data-end=\"1554\">\n<p data-start=\"1510\" data-end=\"1554\">Pom\u00e1haj\u00ed l\u00e9\u010dit zar\u016fstaj\u00edc\u00ed chloupky a ko\u017en\u00ed infekce.<\/p>\n<\/li>\n<\/ul>\n<p data-start=\"1556\" data-end=\"1664\">D\u00edky sv\u00fdm zklid\u0148uj\u00edc\u00edm a antibakteri\u00e1ln\u00edm vlastnostem je vhodn\u00fd k o\u0161et\u0159en\u00ed skvrn na obli\u010deji i na t\u011ble.<\/p>\n<h3 data-start=\"1671\" data-end=\"1719\">  Jak pou\u017e\u00edvat p\u00edskavice \u0159eck\u00e9 seno pro dosa\u017een\u00ed nejlep\u0161\u00edch v\u00fdsledk\u016f<\/h3>\n<ul data-start=\"1721\" data-end=\"2173\">\n<li data-start=\"1721\" data-end=\"1799\">\n<p data-start=\"1723\" data-end=\"1799\"><strong data-start=\"1723\" data-end=\"1743\">Pro p\u00e9\u010di o obli\u010dej:<\/strong> Po dobu dvou t\u00fddn\u016f nan\u00e1\u0161ejte denn\u011b mal\u00e9 mno\u017estv\u00ed na \u010distou ple\u0165.<\/p>\n<\/li>\n<li data-start=\"1800\" data-end=\"1897\">\n<p data-start=\"1802\" data-end=\"1897\"><strong data-start=\"1802\" data-end=\"1836\">Pro p\u0159irozen\u00e9 zv\u011bt\u0161en\u00ed tv\u00e1\u0159\u00ed:<\/strong> Vmas\u00edrujte ve\u010der krou\u017eiv\u00fdmi pohyby do tv\u00e1\u0159\u00ed.<\/p>\n<\/li>\n<li data-start=\"1898\" data-end=\"2044\">\n<p data-start=\"1900\" data-end=\"2044\"><strong data-start=\"1900\" data-end=\"1940\">Pro pln\u011bj\u0161\u00ed prsa (p\u0159\u00edrodn\u00ed l\u00e9k):<\/strong> Sm\u00edchejte 1 pol\u00e9vkovou l\u017e\u00edci oleje z p\u00edskavice \u0159eck\u00e9 s 1 pol\u00e9vkovou l\u017e\u00edc\u00ed sezamov\u00e9ho oleje a vmas\u00edrujte do prsou na noc po dobu dvou t\u00fddn\u016f.<\/p>\n<\/li>\n<li data-start=\"2045\" data-end=\"2173\">\n<p data-start=\"2047\" data-end=\"2173\"><strong data-start=\"2047\" data-end=\"2079\">P\u0159i podr\u00e1\u017ed\u011bn\u00ed poko\u017eky nebo akn\u00e9:<\/strong> Pro vyv\u00e1\u017eenou p\u00e9\u010di o poko\u017eku a akn\u00e9: naneste na problematick\u00e1 m\u00edsta nebo sm\u00edchejte s dal\u0161\u00edmi oleji, jako je jojobov\u00fd nebo tea tree.<\/p>\n<\/li>\n<\/ul>\n<h3 data-start=\"2180\" data-end=\"2209\">  Bezpe\u010dnostn\u00ed opat\u0159en\u00ed p\u0159ed pou\u017eit\u00edm<\/h3>\n<ul data-start=\"2211\" data-end=\"2460\">\n<li data-start=\"2211\" data-end=\"2300\">\n<p data-start=\"2213\" data-end=\"2300\">Nedoporu\u010duje se b\u011bhem <strong data-start=\"2236\" data-end=\"2266\">t\u011bhotenstv\u00ed a kojen\u00ed<\/strong> kv\u016fli sv\u00e9mu d\u011blohu \u010dist\u00edc\u00edmu \u00fa\u010dinku.<\/p>\n<\/li>\n<li data-start=\"2301\" data-end=\"2358\">\n<p data-start=\"2303\" data-end=\"2358\">P\u0159i nadm\u011brn\u00e9m u\u017e\u00edv\u00e1n\u00ed m\u016f\u017ee zp\u016fsobit nad\u00fdm\u00e1n\u00ed nebo b\u0159i\u0161n\u00ed pot\u00ed\u017ee.<\/p>\n<\/li>\n<li data-start=\"2359\" data-end=\"2460\">\n<p data-start=\"2361\" data-end=\"2460\">Diabetici by se m\u011bli p\u0159ed u\u017e\u00edv\u00e1n\u00edm poradit s l\u00e9ka\u0159em, proto\u017ee p\u00edskavice \u0159eck\u00e9 seno m\u016f\u017ee ovlivnit hladinu cukru v krvi.<\/p>\n<\/li>\n<\/ul>\n<h3 data-start=\"2779\" data-end=\"2816\">  Pro\u010d si vybrat Lotus Fenugreek Oil?<\/h3>\n<p data-start=\"2818\" data-end=\"3161\">Olej z p\u00edskavice \u0159eck\u00e9 seno Lotus nab\u00edz\u00ed p\u0159\u00edrodn\u00ed, v\u00edce\u00fa\u010delov\u00e9 \u0159e\u0161en\u00ed p\u00e9\u010de o ple\u0165 zalo\u017een\u00e9 na stalet\u00e9 bylinn\u00e9 moudrosti. Tento olej omlazuje ple\u0165 a z\u00e1rove\u0148 podporuje jej\u00ed p\u0159irozenou plnost a hydrataci &#8211; od vypnut\u00ed huben\u00fdch tv\u00e1\u0159\u00ed po odstran\u011bn\u00ed \u00faporn\u00fdch pup\u00ednk\u016f a zklidn\u011bn\u00ed podr\u00e1\u017ed\u011bn\u00ed. Ide\u00e1ln\u00ed pro ka\u017ed\u00e9ho, kdo hled\u00e1 nechemick\u00e9 a \u00fa\u010dinn\u00e9 alternativy p\u00e9\u010de o ple\u0165.  <\/p>\n<h3 data-start=\"3168\" data-end=\"3189\">  Z\u00e1v\u011bre\u010dn\u00e9 my\u0161lenky<\/h3>\n<p data-start=\"3191\" data-end=\"3449\">Posu\u0148te sv\u016fj ritu\u00e1l p\u00e9\u010de o ple\u0165 na vy\u0161\u0161\u00ed \u00farove\u0148 s <strong data-start=\"3240\" data-end=\"3263\">olejem z p\u00edskavice \u0159eck\u00e9 seno Lotus &#8211;<\/strong>p\u0159\u00edrodn\u00edm zkr\u00e1\u0161lovac\u00edm prost\u0159edkem, kter\u00fd podporuje pln\u011bj\u0161\u00ed rysy, hlad\u0161\u00ed ple\u0165 a dlouhotrvaj\u00edc\u00ed hydrataci. P\u0159idejte jej do sv\u00e9 ka\u017edodenn\u00ed rutiny a za\u017eijte viditelnou prom\u011bnu b\u011bhem pouh\u00fdch dvou t\u00fddn\u016f. <\/p>\n<p data-start=\"3451\" data-end=\"3500\">Nechte p\u0159\u00edrodu, aby v\u00e1s rozz\u00e1\u0159ila &#8211; za\u010dn\u011bte pr\u00e1v\u011b te\u010f.<\/p>\n<p style=\"text-align: center;\">D\u011bkujeme za n\u00e1kupy na <em data-start=\"415\" data-end=\"431\"><a href=\"https:\/\/bazaar.express\/\">Bazaar Express<\/a><\/em> &#8211; Jsme r\u00e1di, \u017ee jste u n\u00e1s!<\/p>\n<p style=\"text-align: center;\">Poci\u0165te s\u00edlu p\u0159\u00edrody &#8211; \u010dist\u00e9 <a href=\"\/?p=34484\">terapeutick\u00e9 oleje<\/a> pro ka\u017edodenn\u00ed wellness.<\/p>\n","protected":false},"excerpt":{"rendered":"<h3 data-start=\"378\" data-end=\"639\">Olej z p\u00edskavice \u0159eck\u00e9 seno Lotus je p\u0159\u00edrodn\u00ed v\u00edce\u00fa\u010delov\u00fd olej, kter\u00fd podporuje plnost obli\u010deje, hydratuje ple\u0165 a l\u00e9\u010d\u00ed akn\u00e9, \u010dern\u00e9 te\u010dky a podr\u00e1\u017ed\u011bn\u00ed. Je bohat\u00fd na antioxidanty a rostlinn\u00fd estrogen, pom\u00e1h\u00e1 omlazovat ple\u0165 a vyrovn\u00e1vat jej\u00ed t\u00f3n a z\u00e1rove\u0148 zklid\u0148uje z\u00e1n\u011bty. <\/h3>\n","protected":false},"featured_media":35279,"comment_status":"open","ping_status":"closed","template":"","meta":[],"product_brand":[],"product_cat":[787],"product_tag":[781,793],"class_list":{"0":"post-35272","1":"product","2":"type-product","3":"status-publish","4":"has-post-thumbnail","6":"product_cat-terapeuticke-oleje","7":"product_tag-olej","8":"product_tag-prirodni-olej","9":"pa_l-xl-125ml","10":"pa_l-xl-250ml","11":"pa_l-xl-60ml","13":"first","14":"instock","15":"sale","16":"shipping-taxable","17":"purchasable","18":"product-type-variable"},"_links":{"self":[{"href":"https:\/\/bazaar.express\/cs\/wp-json\/wp\/v2\/product\/35272","targetHints":{"allow":["GET"]}}],"collection":[{"href":"https:\/\/bazaar.express\/cs\/wp-json\/wp\/v2\/product"}],"about":[{"href":"https:\/\/bazaar.express\/cs\/wp-json\/wp\/v2\/types\/product"}],"replies":[{"embeddable":true,"href":"https:\/\/bazaar.express\/cs\/wp-json\/wp\/v2\/comments?post=35272"}],"wp:featuredmedia":[{"embeddable":true,"href":"https:\/\/bazaar.express\/cs\/wp-json\/wp\/v2\/media\/35279"}],"wp:attachment":[{"href":"https:\/\/bazaar.express\/cs\/wp-json\/wp\/v2\/media?parent=35272"}],"wp:term":[{"taxonomy":"product_brand","embeddable":true,"href":"https:\/\/bazaar.express\/cs\/wp-json\/wp\/v2\/product_brand?post=35272"},{"taxonomy":"product_cat","embeddable":true,"href":"https:\/\/bazaar.express\/cs\/wp-json\/wp\/v2\/product_cat?post=35272"},{"taxonomy":"product_tag","embeddable":true,"href":"https:\/\/bazaar.express\/cs\/wp-json\/wp\/v2\/product_tag?post=35272"}],"curies":[{"name":"wp","href":"https:\/\/api.w.org\/{rel}","templated":true}]}}