{"id":35284,"date":"2024-12-10T18:27:02","date_gmt":"2024-12-10T18:27:02","guid":{"rendered":"https:\/\/bazaar.express\/product\/olivovy-olej\/"},"modified":"2024-12-10T18:27:02","modified_gmt":"2024-12-10T18:27:02","slug":"olivovy-olej","status":"publish","type":"product","link":"https:\/\/bazaar.express\/cs\/produkt\/olivovy-olej\/","title":{"rendered":"Olivov\u00fd olej"},"content":{"rendered":"<h2 data-start=\"164\" data-end=\"239\">Olivov\u00fd olej Lotus: Olej z lotosov\u00e9ho oleje: Zvy\u0161ov\u00e1n\u00ed kr\u00e1sy a podpora zdrav\u00e9ho zp\u016fsobu \u017eivota<\/h2>\n<p data-start=\"277\" data-end=\"603\">Olivov\u00fd olej je zlatav\u00e1, na \u017eiviny bohat\u00e1 tekutina z\u00edskan\u00e1 lisov\u00e1n\u00edm \u010derstv\u00fdch oliv za studena. Tato tradi\u010dn\u00ed metoda zachov\u00e1v\u00e1 p\u0159irozen\u00e9 antioxidanty, vitam\u00edny a mastn\u00e9 kyseliny. Olivov\u00fd olej Lotus, po stalet\u00ed uct\u00edvan\u00fd ve st\u0159edomo\u0159sk\u00fdch kosmetick\u00fdch a wellness postupech, je v\u0161estrann\u00fdm elix\u00edrem pro vnit\u0159n\u00ed i vn\u011bj\u0161\u00ed zdrav\u00ed.  <\/p>\n<h3 data-start=\"610\" data-end=\"651\">  Hlavn\u00ed v\u00fdhody olivov\u00e9ho oleje Lotus<\/h3>\n<h4 data-start=\"653\" data-end=\"683\">S\u00edla proti st\u00e1rnut\u00ed<\/h4>\n<p data-start=\"684\" data-end=\"853\">Olivov\u00fd olej je pln\u00fd antioxidant\u016f, jako jsou polyfenoly a vitamin E, kter\u00e9 bojuj\u00ed proti voln\u00fdm radik\u00e1l\u016fm a zpomaluj\u00ed projevy st\u00e1rnut\u00ed. Rozlu\u010dte se s p\u0159ed\u010dasn\u00fdmi vr\u00e1skami a jemn\u00fdmi liniemi. <\/p>\n<h4 data-start=\"855\" data-end=\"885\">Hloubkov\u00e1 v\u00fd\u017eiva poko\u017eky<\/h4>\n<p data-start=\"886\" data-end=\"1058\">Olivov\u00fd olej se sv\u00fdmi siln\u00fdmi hydrata\u010dn\u00edmi schopnostmi pronik\u00e1 hluboko do vrstev poko\u017eky, zjem\u0148uje such\u00e1 m\u00edsta, napravuje po\u0161kozen\u00ed a dod\u00e1v\u00e1 poko\u017ece hladk\u00fd a orosen\u00fd vzhled.<\/p>\n<h4 data-start=\"1060\" data-end=\"1097\">Zachov\u00e1v\u00e1 p\u0159irozenou barvu vlas\u016f<\/h4>\n<p data-start=\"1098\" data-end=\"1263\">Olivov\u00fd olej zvy\u0161uje produkci melaninu, \u010d\u00edm\u017e pom\u00e1h\u00e1 zachovat p\u0159irozenou barvu vlas\u016f a oddaluje n\u00e1stup \u0161ediv\u011bn\u00ed. Obnovuje tak\u00e9 lesk a posiluje l\u00e1mav\u00e9 prameny. <\/p>\n<h4 data-start=\"1265\" data-end=\"1308\">Podpora imunity a zdrav\u00ed srdce<\/h4>\n<p data-start=\"1309\" data-end=\"1499\">Olivov\u00fd olej Lotus je bohat\u00fd na kyselinu olejovou a protiz\u00e1n\u011btliv\u00e9 l\u00e1tky, kter\u00e9 nejen vy\u017eivuj\u00ed t\u011blo zevnit\u0159, ale tak\u00e9 pom\u00e1haj\u00ed sni\u017eovat hladinu \u0161patn\u00e9ho cholesterolu a posiluj\u00ed imunitn\u00ed syst\u00e9m.<\/p>\n<h3 data-start=\"1506\" data-end=\"1531\">  Co je uvnit\u0159?<\/h3>\n<ul data-start=\"1533\" data-end=\"1880\">\n<li data-start=\"1533\" data-end=\"1597\">\n<p data-start=\"1535\" data-end=\"1597\"><strong data-start=\"1535\" data-end=\"1549\">Kyselina olejov\u00e1<\/strong> &#8211; podporuje zdrav\u00ed srdce a obnovu bun\u011bk.<\/p>\n<\/li>\n<li data-start=\"1598\" data-end=\"1681\">\n<p data-start=\"1600\" data-end=\"1681\"><strong data-start=\"1600\" data-end=\"1612\">Skvalen<\/strong> &#8211; poskytuje intenzivn\u00ed hydrataci a p\u016fsob\u00ed jako ochrann\u00e1 bari\u00e9ra poko\u017eky.<\/p>\n<\/li>\n<li data-start=\"1682\" data-end=\"1775\">\n<p data-start=\"1684\" data-end=\"1775\"><strong data-start=\"1684\" data-end=\"1715\">Rostlinn\u00e9 steroly a polyfenoly<\/strong> &#8211; p\u0159\u00edrodn\u00ed protiz\u00e1n\u011btliv\u00e9 l\u00e1tky, kter\u00e9 zklid\u0148uj\u00ed poko\u017eku a vlasovou poko\u017eku.<\/p>\n<\/li>\n<li data-start=\"1776\" data-end=\"1880\">\n<p data-start=\"1778\" data-end=\"1880\"><strong data-start=\"1778\" data-end=\"1805\">Tokoferoly (vitamin E)<\/strong> &#8211; siln\u00fd antioxidant, kter\u00fd chr\u00e1n\u00ed poko\u017eku a vlasy p\u0159ed nep\u0159\u00edzniv\u00fdmi vlivy prost\u0159ed\u00ed.<\/p>\n<\/li>\n<\/ul>\n<h3 data-start=\"1887\" data-end=\"1909\">  Bezpe\u010dnostn\u00ed opat\u0159en\u00ed<\/h3>\n<ul data-start=\"1911\" data-end=\"2099\">\n<li data-start=\"1911\" data-end=\"2006\">\n<p data-start=\"1913\" data-end=\"2006\">T\u011bhotn\u00e9 nebo koj\u00edc\u00ed \u017eeny by se m\u011bly p\u0159ed pou\u017eit\u00edm olivov\u00e9ho oleje ve v\u011bt\u0161\u00edm mno\u017estv\u00ed poradit s l\u00e9ka\u0159em.<\/p>\n<\/li>\n<li data-start=\"2007\" data-end=\"2099\">\n<p data-start=\"2009\" data-end=\"2099\">Diabetici by m\u011bli olivov\u00fd olej u\u017e\u00edvat opatrn\u011b, proto\u017ee m\u016f\u017ee ovlivnit hladinu cukru v krvi.<\/p>\n<\/li>\n<\/ul>\n<h3 data-start=\"2106\" data-end=\"2143\">  Jak pou\u017e\u00edvat olivov\u00fd olej Lotus<\/h3>\n<h4 data-start=\"2145\" data-end=\"2170\">Pro kulin\u00e1\u0159sk\u00e9 pou\u017eit\u00ed<\/h4>\n<ul data-start=\"2171\" data-end=\"2355\">\n<li data-start=\"2171\" data-end=\"2242\">\n<p data-start=\"2173\" data-end=\"2242\">Sal\u00e1ty, zeleninu nebo toasty pokapejte a dodejte jim v\u00fd\u017eivn\u00e9 l\u00e1tky.<\/p>\n<\/li>\n<li data-start=\"2243\" data-end=\"2299\">\n<p data-start=\"2245\" data-end=\"2299\">Pou\u017e\u00edvejte jako zdrav\u011bj\u0161\u00ed alternativu m\u00e1sla nebo margar\u00ednu.<\/p>\n<\/li>\n<li data-start=\"2300\" data-end=\"2355\">\n<p data-start=\"2302\" data-end=\"2355\">Vyhn\u011bte se p\u0159eh\u0159\u00e1t\u00ed, aby si zachovaly sv\u00e9 prosp\u011b\u0161n\u00e9 l\u00e1tky.<\/p>\n<\/li>\n<\/ul>\n<h4 data-start=\"2357\" data-end=\"2379\">Pro p\u00e9\u010di o ple\u0165<\/h4>\n<ul data-start=\"2380\" data-end=\"2541\">\n<li data-start=\"2380\" data-end=\"2467\">\n<p data-start=\"2382\" data-end=\"2467\">Aplikujte p\u0159\u00edmo na suchou nebo citlivou poko\u017eku. Jemn\u011b vmas\u00edrujte krou\u017eiv\u00fdmi pohyby. <\/p>\n<\/li>\n<li data-start=\"2468\" data-end=\"2541\">\n<p data-start=\"2470\" data-end=\"2541\">Skv\u011ble se hod\u00ed pro no\u010dn\u00ed p\u00e9\u010di o unavenou ple\u0165 b\u011bhem sp\u00e1nku.<\/p>\n<\/li>\n<\/ul>\n<h4 data-start=\"2543\" data-end=\"2570\">Pro o\u0161et\u0159en\u00ed vlas\u016f<\/h4>\n<ul data-start=\"2571\" data-end=\"2774\">\n<li data-start=\"2571\" data-end=\"2631\">\n<p data-start=\"2573\" data-end=\"2631\">Sm\u00edchejte stejn\u00e9 d\u00edly <strong data-start=\"2592\" data-end=\"2611\">lotosov\u00e9ho olivov\u00e9ho oleje<\/strong> a <strong data-start=\"2616\" data-end=\"2630\">kaktusov\u00e9ho oleje<\/strong>.<\/p>\n<\/li>\n<li data-start=\"2632\" data-end=\"2678\">\n<p data-start=\"2634\" data-end=\"2678\">Aplikujte na poko\u017eku hlavy a kone\u010dky vlas\u016f, d\u016fkladn\u011b vmas\u00edrujte.<\/p>\n<\/li>\n<li data-start=\"2679\" data-end=\"2733\">\n<p data-start=\"2681\" data-end=\"2733\">Nechte p\u016fsobit 4-5 minut a opl\u00e1chn\u011bte vla\u017enou vodou.<\/p>\n<\/li>\n<li data-start=\"2734\" data-end=\"2774\">\n<p data-start=\"2736\" data-end=\"2774\">Pro dosa\u017een\u00ed nejlep\u0161\u00edch v\u00fdsledk\u016f pou\u017e\u00edvejte 2-3kr\u00e1t t\u00fddn\u011b.<\/p>\n<\/li>\n<\/ul>\n<h3 data-start=\"3094\" data-end=\"3132\">  Pro\u010d si vybrat olivov\u00fd olej Lotus?<\/h3>\n<p data-start=\"3134\" data-end=\"3395\">Olivov\u00fd olej Lotus v sob\u011b spojuje staletou wellness moudrost s modern\u00ed v\u011bdou a poskytuje tak \u00fa\u010dinn\u00e9 v\u00edce\u00fa\u010delov\u00e9 \u0159e\u0161en\u00ed. A\u0165 u\u017e chcete zlep\u0161it p\u00e9\u010di o ple\u0165, vlasy nebo v\u00fd\u017eivu, tento \u010dist\u00fd, prvot\u0159\u00eddn\u00ed olej p\u0159in\u00e1\u0161\u00ed dokonalost v ka\u017ed\u00e9 kapce. <\/p>\n<p data-start=\"3397\" data-end=\"3553\">P\u0159idejte olivov\u00fd olej Lotus do sv\u00e9 kosmetick\u00e9 a wellness v\u00fdbavy je\u0161t\u011b dnes a z\u00edskejte z\u00e1\u0159ivou ple\u0165, zdrav\u011bj\u0161\u00ed vlasy a siln\u011bj\u0161\u00ed t\u011blo &#8211; to v\u0161e z jednoho p\u0159\u00edrodn\u00edho zdroje.<\/p>\n<p style=\"text-align: center;\">D\u011bkujeme za n\u00e1kupy na <em data-start=\"415\" data-end=\"431\"><a href=\"https:\/\/bazaar.express\/\">Bazaar Express<\/a><\/em> &#8211; Jsme r\u00e1di, \u017ee jste u n\u00e1s!<\/p>\n<p style=\"text-align: center;\">Poci\u0165te s\u00edlu p\u0159\u00edrody &#8211; \u010dist\u00e9 <a href=\"\/?p=34484\">terapeutick\u00e9 oleje<\/a> pro ka\u017edodenn\u00ed wellness.<\/p>\n","protected":false},"excerpt":{"rendered":"<h3>Olivov\u00fd olej Lotus je v\u00edce\u00fa\u010delov\u00fd p\u0159\u00edrodn\u00ed olej ide\u00e1ln\u00ed pro hydrataci poko\u017eky, v\u00fd\u017eivu vlas\u016f a podporu celkov\u00e9 pohody. Je bohat\u00fd na antioxidanty, vitamin E a kyselinu olejovou, pom\u00e1h\u00e1 redukovat vr\u00e1sky, zachov\u00e1vat barvu vlas\u016f a podporuje z\u00e1\u0159iv\u00fd vzhled. <\/h3>\n","protected":false},"featured_media":35291,"comment_status":"open","ping_status":"closed","template":"","meta":[],"product_brand":[],"product_cat":[787,786],"product_tag":[781,823,793],"class_list":{"0":"post-35284","1":"product","2":"type-product","3":"status-publish","4":"has-post-thumbnail","6":"product_cat-terapeuticke-oleje","7":"product_cat-pece-o-krasu","8":"product_tag-olej","9":"product_tag-olivovy-olej-lotus","10":"product_tag-prirodni-olej","11":"pa_l-xl-125ml","12":"pa_l-xl-60ml","14":"first","15":"instock","16":"sale","17":"shipping-taxable","18":"purchasable","19":"product-type-variable"},"_links":{"self":[{"href":"https:\/\/bazaar.express\/cs\/wp-json\/wp\/v2\/product\/35284","targetHints":{"allow":["GET"]}}],"collection":[{"href":"https:\/\/bazaar.express\/cs\/wp-json\/wp\/v2\/product"}],"about":[{"href":"https:\/\/bazaar.express\/cs\/wp-json\/wp\/v2\/types\/product"}],"replies":[{"embeddable":true,"href":"https:\/\/bazaar.express\/cs\/wp-json\/wp\/v2\/comments?post=35284"}],"wp:featuredmedia":[{"embeddable":true,"href":"https:\/\/bazaar.express\/cs\/wp-json\/wp\/v2\/media\/35291"}],"wp:attachment":[{"href":"https:\/\/bazaar.express\/cs\/wp-json\/wp\/v2\/media?parent=35284"}],"wp:term":[{"taxonomy":"product_brand","embeddable":true,"href":"https:\/\/bazaar.express\/cs\/wp-json\/wp\/v2\/product_brand?post=35284"},{"taxonomy":"product_cat","embeddable":true,"href":"https:\/\/bazaar.express\/cs\/wp-json\/wp\/v2\/product_cat?post=35284"},{"taxonomy":"product_tag","embeddable":true,"href":"https:\/\/bazaar.express\/cs\/wp-json\/wp\/v2\/product_tag?post=35284"}],"curies":[{"name":"wp","href":"https:\/\/api.w.org\/{rel}","templated":true}]}}