{"id":35294,"date":"2024-12-10T01:28:50","date_gmt":"2024-12-10T01:28:50","guid":{"rendered":"https:\/\/bazaar.express\/product\/tea-tree-oil\/"},"modified":"2024-12-10T01:28:50","modified_gmt":"2024-12-10T01:28:50","slug":"tea-tree-oil","status":"publish","type":"product","link":"https:\/\/bazaar.express\/cs\/produkt\/tea-tree-oil\/","title":{"rendered":"Tea Tree Oil"},"content":{"rendered":"<h2 data-start=\"239\" data-end=\"290\">Objevte p\u0159\u00edrodn\u00ed s\u00edlu oleje z lotosov\u00e9ho \u010dajovn\u00edku<\/h2>\n<h3 data-start=\"292\" data-end=\"344\">Bylinn\u00fd prost\u0159edek pro z\u00e1\u0159ivou ple\u0165 a siln\u00e9 vlasy<\/h3>\n<p data-start=\"346\" data-end=\"700\">Olej z lotosov\u00e9ho \u010dajovn\u00edku je rostlinn\u00fd extrakt zn\u00e1m\u00fd sv\u00fdmi siln\u00fdmi \u010distic\u00edmi vlastnostmi. Tento esenci\u00e1ln\u00ed olej, z\u00edsk\u00e1van\u00fd z list\u016f stromu Melaleuca, je ji\u017e dlouho oce\u0148ov\u00e1n pro svou schopnost podporovat zdrav\u00ed poko\u017eky hlavy a k\u016f\u017ee. A\u0165 u\u017e bojujete se skvrnami nebo chcete zlep\u0161it vitalitu vlas\u016f, toto p\u0159\u00edrodn\u00ed \u0159e\u0161en\u00ed p\u0159in\u00e1\u0161\u00ed \u0161etrn\u00e9, ale \u00fa\u010dinn\u00e9 v\u00fdsledky.  <\/p>\n<h3 data-start=\"702\" data-end=\"733\">P\u0159\u00ednosy pro vlasy a poko\u017eku hlavy<\/h3>\n<p data-start=\"735\" data-end=\"1095\">Pravideln\u00e9 pou\u017e\u00edv\u00e1n\u00ed tohoto oleje podporuje zdrav\u011bj\u0161\u00ed prost\u0159ed\u00ed vlasov\u00e9 poko\u017eky t\u00edm, \u017ee odstra\u0148uje ne\u010distoty a udr\u017euje rovnov\u00e1hu vlhkosti. Pom\u00e1h\u00e1 sni\u017eovat \u0161upinat\u011bn\u00ed, zlep\u0161uje prokrven\u00ed vlasov\u00fdch ko\u0159\u00ednk\u016f a zvy\u0161uje lesk bez pou\u017eit\u00ed drsn\u00fdch chemick\u00fdch l\u00e1tek. Po sm\u00edch\u00e1n\u00ed s nosn\u00fdmi oleji vy\u017eivuje poko\u017eku hlavy a minimalizuje tvorbu n\u00e1nos\u016f, \u010d\u00edm\u017e podporuje pln\u011bj\u0161\u00ed a sv\u011b\u017eej\u0161\u00ed vlasy v pr\u016fb\u011bhu \u010dasu.  <\/p>\n<h3 data-start=\"1097\" data-end=\"1130\">\u010cistota a p\u0159irozen\u00fd lesk pleti<\/h3>\n<p data-start=\"1132\" data-end=\"1400\">Tento v\u0161estrann\u00fd olej je cen\u011bn\u00fd tak\u00e9 v p\u00e9\u010di o ple\u0165. Jeho p\u0159\u00edrodn\u00ed slo\u017eky pom\u00e1haj\u00ed zklidnit podr\u00e1\u017ed\u011bnou ple\u0165, redukuj\u00ed zarudnut\u00ed a podporuj\u00ed \u010distou a vyv\u00e1\u017eenou ple\u0165. P\u0159i um\u00edrn\u011bn\u00e9m pou\u017e\u00edv\u00e1n\u00ed a spr\u00e1vn\u00e9m \u0159ed\u011bn\u00ed je obzvl\u00e1\u0161t\u011b prosp\u011b\u0161n\u00fd pro mastnou ple\u0165 nebo ple\u0165 se sklonem k akn\u00e9.  <\/p>\n<h2 data-start=\"1407\" data-end=\"1438\">Kl\u00ed\u010dov\u00e9 slo\u017eky a vlastnosti<\/h2>\n<h3 data-start=\"1440\" data-end=\"1458\">Co je uvnit\u0159?<\/h3>\n<ul data-start=\"1460\" data-end=\"1638\">\n<li data-start=\"1460\" data-end=\"1544\">\n<p data-start=\"1462\" data-end=\"1544\"><strong data-start=\"1462\" data-end=\"1479\">Terpinen-4-ol<\/strong> &#8211; siln\u00e1 p\u0159\u00edrodn\u00ed slou\u010denina zn\u00e1m\u00e1 sv\u00fdmi \u010distic\u00edmi schopnostmi.<\/p>\n<\/li>\n<li data-start=\"1545\" data-end=\"1638\">\n<p data-start=\"1547\" data-end=\"1638\"><strong data-start=\"1547\" data-end=\"1583\">V\u00edce ne\u017e 98 slo\u017eek rostlinn\u00e9ho p\u016fvodu<\/strong> &#8211; p\u0159isp\u00edvaj\u00ed k jeho \u010distic\u00edm a zklid\u0148uj\u00edc\u00edm vlastnostem.<\/p>\n<\/li>\n<\/ul>\n<h3 data-start=\"1640\" data-end=\"1656\">Pro\u010d to funguje<\/h3>\n<p data-start=\"1658\" data-end=\"1887\">Jeho slo\u017een\u00ed pom\u00e1h\u00e1 obnovit rovnov\u00e1hu poko\u017eky i vlasov\u00e9 poko\u017eky d\u00edky sv\u00fdm vyrovn\u00e1vac\u00edm \u00fa\u010dink\u016fm na p\u0159irozen\u00e9 oleje a schopnosti redukovat povrchov\u00e9 ne\u010distoty. P\u0159i spr\u00e1vn\u00e9m pou\u017e\u00edv\u00e1n\u00ed se stane spolehlivou sou\u010d\u00e1st\u00ed va\u0161\u00ed wellness rutiny. <\/p>\n<h2 data-start=\"1894\" data-end=\"1926\">Jak pou\u017e\u00edvat olej z lotosov\u00e9ho \u010dajovn\u00edku<\/h2>\n<h3 data-start=\"1928\" data-end=\"1940\">Pro vlasy<\/h3>\n<ul data-start=\"1942\" data-end=\"2163\">\n<li data-start=\"1942\" data-end=\"2074\">\n<p data-start=\"1944\" data-end=\"2074\"><strong data-start=\"1944\" data-end=\"1965\">Kontrola lup\u016f:<\/strong> Sm\u00edchejte 5 kapek se 2 l\u017e\u00edcemi olivov\u00e9ho oleje a vmas\u00edrujte do poko\u017eky hlavy. Nechte p\u016fsobit 30-40 minut a pot\u00e9 opl\u00e1chn\u011bte. <\/p>\n<\/li>\n<li data-start=\"2075\" data-end=\"2163\">\n<p data-start=\"2077\" data-end=\"2163\"><strong data-start=\"2077\" data-end=\"2097\">\u0160amponov\u00fd booster:<\/strong> P\u0159idejte 2-3 kapky do \u0161amponu p\u0159ed ka\u017ed\u00fdm myt\u00edm, 2-3kr\u00e1t t\u00fddn\u011b.<\/p>\n<\/li>\n<\/ul>\n<h3 data-start=\"2165\" data-end=\"2177\">Pro k\u016f\u017ei<\/h3>\n<ul data-start=\"2179\" data-end=\"2356\">\n<li data-start=\"2179\" data-end=\"2262\">\n<p data-start=\"2181\" data-end=\"2262\"><strong data-start=\"2181\" data-end=\"2206\">C\u00edlen\u00e9 pou\u017eit\u00ed:<\/strong> Sm\u00edchejte 1 kapku s nosn\u00fdm olejem a naneste na skvrny.<\/p>\n<\/li>\n<li data-start=\"2263\" data-end=\"2356\">\n<p data-start=\"2265\" data-end=\"2356\"><strong data-start=\"2265\" data-end=\"2293\">Vylep\u0161en\u00ed hydrata\u010dn\u00edho kr\u00e9mu:<\/strong> P\u0159idejte n\u011bkolik kapek do denn\u00edho kr\u00e9mu na obli\u010dej a osv\u011b\u017ete ple\u0165.<\/p>\n<\/li>\n<\/ul>\n<blockquote data-start=\"2358\" data-end=\"2456\">\n<p data-start=\"2360\" data-end=\"2456\"><strong data-start=\"2360\" data-end=\"2369\">Pozn\u00e1mka:<\/strong> P\u0159ed lok\u00e1ln\u00edm pou\u017eit\u00edm p\u0159\u00edpravek v\u017edy na\u0159e\u010fte, abyste p\u0159ede\u0161li citlivosti poko\u017eky. Zabra\u0148te kontaktu s o\u010dima. <\/p>\n<\/blockquote>\n<h2 data-start=\"2771\" data-end=\"2791\">Pro\u010d si vybrat Lotus?<\/h2>\n<p data-start=\"2793\" data-end=\"3038\">Olej z \u010dajovn\u00edku Lotus vynik\u00e1 svou \u010distotou, v\u0161estrannost\u00ed a \u00fa\u010dinnost\u00ed. A\u0165 u\u017e se sna\u017e\u00edte zlep\u0161it pevnost sv\u00fdch vlas\u016f nebo hled\u00e1te klidn\u00fd a zdrav\u00fd lesk pro svou ple\u0165, toto rostlinn\u00e9 \u0159e\u0161en\u00ed nab\u00edz\u00ed spolehlivou p\u00e9\u010di, kter\u00e1 m\u00e1 ko\u0159eny v p\u0159\u00edrod\u011b. <\/p>\n<h3 data-start=\"3045\" data-end=\"3079\">Jste p\u0159ipraveni vylep\u0161it svou rutinu?<\/h3>\n<p data-start=\"3081\" data-end=\"3219\">Vyberte si Lotus &#8211; d\u016fv\u011bryhodn\u00e9 jm\u00e9no v oblasti p\u0159\u00edrodn\u00ed p\u00e9\u010de o kr\u00e1su. Vyzkou\u0161ejte v\u00fdhody nej\u00fa\u010dinn\u011bj\u0161\u00edho p\u0159\u00edrodn\u00edho rostlinn\u00e9ho oleje s ka\u017edou kapkou. <\/p>\n<p style=\"text-align: center;\">D\u011bkujeme za n\u00e1kupy na <em data-start=\"415\" data-end=\"431\"><a href=\"https:\/\/bazaar.express\/\">Bazaar Express<\/a><\/em> &#8211; Jsme r\u00e1di, \u017ee jste u n\u00e1s!<\/p>\n<p style=\"text-align: center;\">Poci\u0165te s\u00edlu p\u0159\u00edrody &#8211; \u010dist\u00e9 <a href=\"\/?p=34484\">terapeutick\u00e9 oleje<\/a> pro ka\u017edodenn\u00ed wellness.<\/p>\n","protected":false},"excerpt":{"rendered":"<h3>Lotosov\u00fd \u010dajovn\u00edkov\u00fd olej je v\u00edce\u00fa\u010delov\u00fd esenci\u00e1ln\u00ed olej zn\u00e1m\u00fd sv\u00fdmi antibakteri\u00e1ln\u00edmi a protipl\u00eds\u0148ov\u00fdmi \u00fa\u010dinky. Zklid\u0148uje akn\u00e9, redukuje lupy a podporuje zdrav\u00ed poko\u017eky hlavy a k\u016f\u017ee. Ide\u00e1ln\u00ed pro ka\u017edodenn\u00ed p\u0159\u00edrodn\u00ed p\u00e9\u010di o ple\u0165 a vlasy.  <\/h3>\n","protected":false},"featured_media":35297,"comment_status":"open","ping_status":"closed","template":"","meta":[],"product_brand":[],"product_cat":[787,786],"product_tag":[824,781,793],"class_list":{"0":"post-35294","1":"product","2":"type-product","3":"status-publish","4":"has-post-thumbnail","6":"product_cat-terapeuticke-oleje","7":"product_cat-pece-o-krasu","8":"product_tag-lotus-tea-tree-oil","9":"product_tag-olej","10":"product_tag-prirodni-olej","11":"pa_l-xl-125ml","12":"pa_l-xl-60ml","14":"first","15":"instock","16":"sale","17":"shipping-taxable","18":"purchasable","19":"product-type-variable"},"_links":{"self":[{"href":"https:\/\/bazaar.express\/cs\/wp-json\/wp\/v2\/product\/35294","targetHints":{"allow":["GET"]}}],"collection":[{"href":"https:\/\/bazaar.express\/cs\/wp-json\/wp\/v2\/product"}],"about":[{"href":"https:\/\/bazaar.express\/cs\/wp-json\/wp\/v2\/types\/product"}],"replies":[{"embeddable":true,"href":"https:\/\/bazaar.express\/cs\/wp-json\/wp\/v2\/comments?post=35294"}],"wp:featuredmedia":[{"embeddable":true,"href":"https:\/\/bazaar.express\/cs\/wp-json\/wp\/v2\/media\/35297"}],"wp:attachment":[{"href":"https:\/\/bazaar.express\/cs\/wp-json\/wp\/v2\/media?parent=35294"}],"wp:term":[{"taxonomy":"product_brand","embeddable":true,"href":"https:\/\/bazaar.express\/cs\/wp-json\/wp\/v2\/product_brand?post=35294"},{"taxonomy":"product_cat","embeddable":true,"href":"https:\/\/bazaar.express\/cs\/wp-json\/wp\/v2\/product_cat?post=35294"},{"taxonomy":"product_tag","embeddable":true,"href":"https:\/\/bazaar.express\/cs\/wp-json\/wp\/v2\/product_tag?post=35294"}],"curies":[{"name":"wp","href":"https:\/\/api.w.org\/{rel}","templated":true}]}}