{"id":35304,"date":"2024-12-10T00:43:05","date_gmt":"2024-12-10T00:43:05","guid":{"rendered":"https:\/\/bazaar.express\/product\/rerichovy-olej-tajemstvi-prirody\/"},"modified":"2024-12-10T00:43:05","modified_gmt":"2024-12-10T00:43:05","slug":"rerichovy-olej-tajemstvi-prirody","status":"publish","type":"product","link":"https:\/\/bazaar.express\/cs\/produkt\/rerichovy-olej-tajemstvi-prirody\/","title":{"rendered":"\u0158e\u0159ichov\u00fd olej &#8211; Tajemstv\u00ed p\u0159\u00edrody"},"content":{"rendered":"<h2 data-start=\"246\" data-end=\"328\">Lotus Watercress Oil: P\u0159\u00edrodn\u00ed posilova\u010d pro z\u00e1\u0159ivou ple\u0165 a siln\u00e9 a leskl\u00e9 vlasy<\/h2>\n<h3 data-start=\"330\" data-end=\"369\">Vy\u017eivujte svou kr\u00e1su p\u0159\u00edrodn\u00ed cestou<\/h3>\n<p data-start=\"371\" data-end=\"713\">Hled\u00e1te p\u0159\u00edrodn\u00ed prost\u0159edek na o\u017eiven\u00ed unaven\u00e9 pleti a pos\u00edlen\u00ed vitality vlas\u016f? <strong data-start=\"446\" data-end=\"470\">Olej z \u0159e\u0159ichy lotosov\u00e9<\/strong> je siln\u00fd rostlinn\u00fd extrakt, kter\u00fd dod\u00e1v\u00e1 poko\u017ece hlavy a poko\u017ece z\u00e1kladn\u00ed \u017eiviny. Je pln\u00fd vitam\u00edn\u016f, antioxidant\u016f a stopov\u00fdch miner\u00e1l\u016f a omlazuje poko\u017eku od ko\u0159en\u016f &#8211; je ide\u00e1ln\u00edm dopl\u0148kem ka\u017ed\u00e9 kosmetick\u00e9 nebo wellness p\u00e9\u010de. <\/p>\n<h3 data-start=\"720\" data-end=\"747\">Co je \u0159e\u0159ichov\u00fd olej?<\/h3>\n<p data-start=\"749\" data-end=\"1045\">\u0158e\u0159ichov\u00fd olej se z\u00edsk\u00e1v\u00e1 z v\u00fd\u017eivn\u00fdch list\u016f \u0159e\u0159ichy &#8211; prastar\u00e9 zelen\u00e9 rostliny zn\u00e1m\u00e9 sv\u00fdmi l\u00e9\u010div\u00fdmi a \u010distic\u00edmi \u00fa\u010dinky. Tento olej, jeho\u017e historie m\u00e1 ko\u0159eny v bylinn\u00e9 medic\u00edn\u011b a modern\u00ed v\u011bd\u011b o p\u00e9\u010di o ple\u0165, poskytuje mnohostrannou podporu zdrav\u00ed pleti i vlas\u016f. <\/p>\n<h3 data-start=\"1052\" data-end=\"1091\">P\u0159\u00ednosy pro ple\u0165, kter\u00e1 z\u00e1\u0159\u00ed zevnit\u0159<\/h3>\n<ul data-start=\"1093\" data-end=\"1626\">\n<li data-start=\"1093\" data-end=\"1246\">\n<p data-start=\"1095\" data-end=\"1246\"><strong data-start=\"1095\" data-end=\"1120\">Opravuje po\u0161kozenou poko\u017eku:<\/strong> D\u00edky bohat\u00e9mu obsahu vitaminu A a beta-karotenu podporuje bun\u011b\u010dnou v\u00fdm\u011bnu a pom\u00e1h\u00e1 odstra\u0148ovat jizvy, tmav\u00e9 skvrny a skvrny.<\/p>\n<\/li>\n<li data-start=\"1247\" data-end=\"1362\">\n<p data-start=\"1249\" data-end=\"1362\"><strong data-start=\"1249\" data-end=\"1269\">Hloubkov\u011b hydratuje:<\/strong> Vysok\u00fd obsah vitaminu E a mastn\u00fdch kyselin pom\u00e1h\u00e1 zadr\u017eovat vlhkost a zanech\u00e1v\u00e1 poko\u017eku jemnou a pru\u017enou.<\/p>\n<\/li>\n<li data-start=\"1363\" data-end=\"1501\">\n<p data-start=\"1365\" data-end=\"1501\"><strong data-start=\"1365\" data-end=\"1388\">Antioxida\u010dn\u00ed \u0161t\u00edt:<\/strong> Pom\u00e1h\u00e1 odd\u00e1lit zn\u00e1mky st\u00e1rnut\u00ed a zlep\u0161uje celkov\u00fd vzhled pleti.<\/p>\n<\/li>\n<li data-start=\"1502\" data-end=\"1626\">\n<p data-start=\"1504\" data-end=\"1626\"><strong data-start=\"1504\" data-end=\"1529\">Zklid\u0148uje z\u00e1n\u011bty:<\/strong> \u0160etrn\u00fd k citliv\u00e9 poko\u017ece a \u00fa\u010dinn\u00fd proti stav\u016fm, jako je sp\u00e1len\u00ed od slunce, zarudnut\u00ed a podr\u00e1\u017ed\u011bn\u00ed.<\/p>\n<\/li>\n<\/ul>\n<h3 data-start=\"1633\" data-end=\"1668\">V\u00fdhody pro vlasy, kter\u00e9 mluv\u00ed o objemu<\/h3>\n<ul data-start=\"1670\" data-end=\"2201\">\n<li data-start=\"1670\" data-end=\"1826\">\n<p data-start=\"1672\" data-end=\"1826\"><strong data-start=\"1672\" data-end=\"1699\">Posiluje ko\u0159\u00ednky vlas\u016f:<\/strong> Olej z \u0159e\u0159ichy bohat\u00fd na \u017eelezo, ho\u0159\u010d\u00edk a zinek vy\u017eivuje vlasov\u00e9 folikuly, omezuje pad\u00e1n\u00ed vlas\u016f a podporuje jejich r\u016fst.<\/p>\n<\/li>\n<li data-start=\"1827\" data-end=\"1940\">\n<p data-start=\"1829\" data-end=\"1940\"><strong data-start=\"1829\" data-end=\"1857\">Dod\u00e1v\u00e1 lesk a hebkost:<\/strong> Zvy\u0161uje p\u0159irozen\u00fd lesk vlas\u016f a zanech\u00e1v\u00e1 je hedv\u00e1bn\u00e9 a snadno upraviteln\u00e9.<\/p>\n<\/li>\n<li data-start=\"1941\" data-end=\"2079\">\n<p data-start=\"1943\" data-end=\"2079\"><strong data-start=\"1943\" data-end=\"1962\">\u010cisti\u010d poko\u017eky hlavy:<\/strong> M\u00e1 antimykotick\u00e9 a antibakteri\u00e1ln\u00ed \u00fa\u010dinky, pom\u00e1h\u00e1 zklidnit sv\u011bdivou nebo \u0161upinatou poko\u017eku hlavy, sni\u017euje tvorbu lup\u016f a podr\u00e1\u017ed\u011bn\u00ed.<\/p>\n<\/li>\n<li data-start=\"2080\" data-end=\"2201\">\n<p data-start=\"2082\" data-end=\"2201\"><strong data-start=\"2082\" data-end=\"2110\">O\u017eivuje r\u016fst vlas\u016f:<\/strong> Stimuluje krevn\u00ed ob\u011bh a pom\u00e1h\u00e1 vdechnout nov\u00fd \u017eivot \u0159\u00eddnouc\u00edm nebo matn\u00fdm pramen\u016fm.<\/p>\n<\/li>\n<\/ul>\n<h3 data-start=\"2208\" data-end=\"2227\">Kl\u00ed\u010dov\u00e9 slo\u017eky<\/h3>\n<ul data-start=\"2229\" data-end=\"2511\">\n<li data-start=\"2229\" data-end=\"2295\">\n<p data-start=\"2231\" data-end=\"2295\"><strong data-start=\"2231\" data-end=\"2244\">Vitam\u00edny:<\/strong> A, B-komplex, C a E pro v\u00fd\u017eivu a obnovu.<\/p>\n<\/li>\n<li data-start=\"2296\" data-end=\"2396\">\n<p data-start=\"2298\" data-end=\"2396\"><strong data-start=\"2298\" data-end=\"2311\">Miner\u00e1ly:<\/strong> \u017delezo, v\u00e1pn\u00edk, zinek, drasl\u00edk, fosfor a ho\u0159\u010d\u00edk pro omlazen\u00ed bun\u011bk.<\/p>\n<\/li>\n<li data-start=\"2397\" data-end=\"2511\">\n<p data-start=\"2399\" data-end=\"2511\"><strong data-start=\"2399\" data-end=\"2416\">Antioxidanty:<\/strong> Kyselina listov\u00e1, zeaxantin a beta-karoten podporuj\u00ed mladistvou poko\u017eku a silnou bari\u00e9ru poko\u017eky hlavy.<\/p>\n<\/li>\n<\/ul>\n<h3 data-start=\"2518\" data-end=\"2553\">Jak pou\u017e\u00edvat Lotus Watercress Oil<\/h3>\n<h4 data-start=\"2555\" data-end=\"2569\">Pro ple\u0165:<\/h4>\n<p data-start=\"2570\" data-end=\"2727\">Dvakr\u00e1t denn\u011b naneste n\u011bkolik kapek na \u010distou ple\u0165. Jemn\u00fdmi krou\u017eiv\u00fdmi pohyby mas\u00edrujte, dokud se zcela nevst\u0159eb\u00e1. Nejl\u00e9pe se pou\u017e\u00edv\u00e1 p\u0159i rann\u00ed a ve\u010dern\u00ed p\u00e9\u010di o ple\u0165.  <\/p>\n<h4 data-start=\"2729\" data-end=\"2743\">Pro vlasy:<\/h4>\n<p data-start=\"2744\" data-end=\"2937\">Zah\u0159ejte mal\u00e9 mno\u017estv\u00ed oleje a vmas\u00edrujte jej do poko\u017eky hlavy a ko\u0159\u00ednk\u016f vlas\u016f. P\u0159ikryjte ru\u010dn\u00edkem nebo sprchovou \u010depic\u00ed a nechte p\u016fsobit 45-60 minut. Opl\u00e1chn\u011bte vla\u017enou vodou. Pro dosa\u017een\u00ed nejlep\u0161\u00edch v\u00fdsledk\u016f opakujte 2-3kr\u00e1t t\u00fddn\u011b.   <\/p>\n<h3 data-start=\"3253\" data-end=\"3289\">Pro\u010d si vybrat \u0159e\u0159ichov\u00fd olej Lotus?<\/h3>\n<p data-start=\"3291\" data-end=\"3668\">Tento olej je v\u00edc ne\u017e jen zkr\u00e1\u0161luj\u00edc\u00ed prost\u0159edek &#8211; je to spole\u010dn\u00edk pro wellness cel\u00e9ho t\u011bla. Spojuje starobylou rostlinnou moudrost s modern\u00ed p\u00e9\u010d\u00ed o sebe sama a p\u0159in\u00e1\u0161\u00ed vzorec bohat\u00fd na \u017eiviny, kter\u00fd podporuje z\u00e1\u0159ivou ple\u0165 a revitalizovan\u00e9 vlasy. A\u0165 u\u017e se pot\u00fdk\u00e1te se suchost\u00ed, \u0159\u00eddnut\u00edm vlas\u016f, mdlou plet\u00ed nebo podr\u00e1\u017ed\u011bn\u00edm poko\u017eky hlavy, Lotus Watercress Oil v\u00e1m poskytne p\u0159irozenou a \u00fa\u010dinnou p\u00e9\u010di.  <\/p>\n<h2 data-start=\"3675\" data-end=\"3713\">Za\u017eijte botanickou kr\u00e1su<\/h2>\n<p data-start=\"3715\" data-end=\"3927\">Nechte <strong data-start=\"3719\" data-end=\"3743\">Lotus Watercress Oil,<\/strong> aby se stal va\u0161\u00edm spolehliv\u00fdm spojencem p\u0159i z\u00edsk\u00e1v\u00e1n\u00ed zdrav\u00e9, z\u00e1\u0159iv\u00e9 pleti a hust\u00fdch, \u017eiv\u00fdch vlas\u016f. P\u0159ijm\u011bte tento rostlinn\u00fd prost\u0159edek pln\u00fd \u017eivin a objevte kr\u00e1su, kter\u00e1 z\u00e1\u0159\u00ed zevnit\u0159. <\/p>\n<p style=\"text-align: center;\">D\u011bkujeme za n\u00e1kupy na <em data-start=\"415\" data-end=\"431\"><a href=\"https:\/\/bazaar.express\/\">Bazaar Express<\/a><\/em> &#8211; Jsme r\u00e1di, \u017ee jste u n\u00e1s!<\/p>\n<p style=\"text-align: center;\">Poci\u0165te s\u00edlu p\u0159\u00edrody &#8211; \u010dist\u00e9 <a href=\"\/?p=34484\">terapeutick\u00e9 oleje<\/a> pro ka\u017edodenn\u00ed wellness.<\/p>\n","protected":false},"excerpt":{"rendered":"<h3 data-start=\"427\" data-end=\"673\">Lotus Watercress Oil je p\u0159\u00edrodn\u00ed olej s mnoha prosp\u011b\u0161n\u00fdmi l\u00e1tkami, obohacen\u00fd o vitaminy A, B, C a E, \u017eelezo, zinek a antioxidanty. Je ide\u00e1ln\u00ed pro revitalizaci mdl\u00e9 pleti, pos\u00edlen\u00ed vlasov\u00fdch ko\u0159\u00ednk\u016f a podporu zdrav\u00e9 a z\u00e1\u0159iv\u00e9 kr\u00e1sy zevnit\u0159. <\/h3>\n","protected":false},"featured_media":35312,"comment_status":"open","ping_status":"closed","template":"","meta":[],"product_brand":[],"product_cat":[787,786],"product_tag":[825,781,793],"class_list":{"0":"post-35304","1":"product","2":"type-product","3":"status-publish","4":"has-post-thumbnail","6":"product_cat-terapeuticke-oleje","7":"product_cat-pece-o-krasu","8":"product_tag-lotus-rerichovy-olej","9":"product_tag-olej","10":"product_tag-prirodni-olej","11":"pa_l-xl-125ml","12":"pa_l-xl-60ml","14":"first","15":"instock","16":"sale","17":"shipping-taxable","18":"purchasable","19":"product-type-variable"},"_links":{"self":[{"href":"https:\/\/bazaar.express\/cs\/wp-json\/wp\/v2\/product\/35304","targetHints":{"allow":["GET"]}}],"collection":[{"href":"https:\/\/bazaar.express\/cs\/wp-json\/wp\/v2\/product"}],"about":[{"href":"https:\/\/bazaar.express\/cs\/wp-json\/wp\/v2\/types\/product"}],"replies":[{"embeddable":true,"href":"https:\/\/bazaar.express\/cs\/wp-json\/wp\/v2\/comments?post=35304"}],"wp:featuredmedia":[{"embeddable":true,"href":"https:\/\/bazaar.express\/cs\/wp-json\/wp\/v2\/media\/35312"}],"wp:attachment":[{"href":"https:\/\/bazaar.express\/cs\/wp-json\/wp\/v2\/media?parent=35304"}],"wp:term":[{"taxonomy":"product_brand","embeddable":true,"href":"https:\/\/bazaar.express\/cs\/wp-json\/wp\/v2\/product_brand?post=35304"},{"taxonomy":"product_cat","embeddable":true,"href":"https:\/\/bazaar.express\/cs\/wp-json\/wp\/v2\/product_cat?post=35304"},{"taxonomy":"product_tag","embeddable":true,"href":"https:\/\/bazaar.express\/cs\/wp-json\/wp\/v2\/product_tag?post=35304"}],"curies":[{"name":"wp","href":"https:\/\/api.w.org\/{rel}","templated":true}]}}