{"id":35315,"date":"2024-12-09T17:16:54","date_gmt":"2024-12-09T17:16:54","guid":{"rendered":"https:\/\/bazaar.express\/product\/olej-z-vlasskych-orechu-natures-skin\/"},"modified":"2024-12-09T17:16:54","modified_gmt":"2024-12-09T17:16:54","slug":"olej-z-vlasskych-orechu-natures-skin","status":"publish","type":"product","link":"https:\/\/bazaar.express\/cs\/produkt\/olej-z-vlasskych-orechu-natures-skin\/","title":{"rendered":"Olej z vla\u0161sk\u00fdch o\u0159ech\u016f &#8211; Nature&#8217;s Skin"},"content":{"rendered":"<h2 data-start=\"257\" data-end=\"332\">Lotosov\u00fd olej z vla\u0161sk\u00fdch o\u0159ech\u016f: Vyzkou\u0161ejte si, jak omladit svou kr\u00e1su a p\u0159irozen\u011b podpo\u0159it wellness.<\/h2>\n<h3 data-start=\"334\" data-end=\"373\">  \u00davod do lotosov\u00e9ho oleje z vla\u0161sk\u00fdch o\u0159ech\u016f<\/h3>\n<p data-start=\"375\" data-end=\"701\">Olej z lotosov\u00fdch o\u0159ech\u016f je p\u0159\u00edrodn\u011b z\u00edsk\u00e1van\u00fd olej, kter\u00fd je proslul\u00fd svou silnou kombinac\u00ed antioxidant\u016f, esenci\u00e1ln\u00edch mastn\u00fdch kyselin a v\u00fd\u017eivn\u00fdch l\u00e1tek, kter\u00e9 pe\u010duj\u00ed o poko\u017eku. Tento luxusn\u00ed olej, kter\u00fd je zn\u00e1m\u00fd t\u00edm, \u017ee podporuje pevnost pleti, redukuje tmav\u00e9 kruhy, posiluje vlasy a zlep\u0161uje kvalitu sp\u00e1nku, je mnohostrann\u00fdm klenotem v ka\u017ed\u00e9m kosmetick\u00e9m a wellness re\u017eimu. <\/p>\n<h3 data-start=\"708\" data-end=\"734\">  Co je o\u0159echov\u00fd olej?<\/h3>\n<p data-start=\"736\" data-end=\"1064\">Olej z vla\u0161sk\u00fdch o\u0159ech\u016f se z\u00edsk\u00e1v\u00e1 lisov\u00e1n\u00edm syrov\u00fdch vla\u0161sk\u00fdch o\u0159ech\u016f, kter\u00e9 jsou pln\u00e9 vitam\u00edn\u016f, miner\u00e1l\u016f a zdrav\u00fdch tuk\u016f. D\u00edky zlatav\u00e9mu odst\u00ednu a jemn\u00e9 o\u0159echov\u00e9 v\u016fni je obl\u00edben\u00fd v p\u0159\u00edrodn\u00ed p\u00e9\u010di o ple\u0165 a aromaterapii. Olej z vla\u0161sk\u00fdch o\u0159ech\u016f Lotus si tyto vlastnosti uchov\u00e1v\u00e1 d\u00edky metod\u011b lisov\u00e1n\u00ed za studena, \u010d\u00edm\u017e si zachov\u00e1v\u00e1 l\u00e9\u010div\u00e9 \u00fa\u010dinky.  <\/p>\n<h3 data-start=\"1071\" data-end=\"1110\">  Kl\u00ed\u010dov\u00e9 v\u00fdhody oleje Lotus Walnut Oil<\/h3>\n<h4 data-start=\"1112\" data-end=\"1147\">  Z\u00e1\u0159e pleti a podpora kolagenu<\/h4>\n<p data-start=\"1148\" data-end=\"1286\">Tento olej je pln\u00fd vitaminu E a antioxidant\u016f a pom\u00e1h\u00e1 stimulovat tvorbu kolagenu, tak\u017ee va\u0161e ple\u0165 je pru\u017en\u011bj\u0161\u00ed, z\u00e1\u0159iv\u011bj\u0161\u00ed a mladistv\u011bj\u0161\u00ed.<\/p>\n<h4 data-start=\"1288\" data-end=\"1315\">  P\u0159\u00edrodn\u00ed pomoc p\u0159i sp\u00e1nku<\/h4>\n<p data-start=\"1316\" data-end=\"1473\">Olej z vla\u0161sk\u00fdch o\u0159ech\u016f, bohat\u00fd na melatonin a omega-3, pom\u00e1h\u00e1 regulovat sp\u00e1nkov\u00e9 cykly, zklid\u0148uje nervov\u00fd syst\u00e9m a zm\u00edr\u0148uje stres, tak\u017ee je uklid\u0148uj\u00edc\u00edm spole\u010dn\u00edkem p\u0159ed span\u00edm.<\/p>\n<h4 data-start=\"1475\" data-end=\"1516\">  Redukuje tmav\u00e9 kruhy a otoky<\/h4>\n<p data-start=\"1517\" data-end=\"1634\">P\u0159i aplikaci pod o\u010di olej sv\u00fdmi protiz\u00e1n\u011btliv\u00fdmi \u00fa\u010dinky sni\u017euje otoky a rozjas\u0148uje unaven\u011b vypadaj\u00edc\u00ed ple\u0165.<\/p>\n<h4 data-start=\"1636\" data-end=\"1676\">  Pos\u00edlen\u00ed a v\u00fd\u017eiva vlas\u016f<\/h4>\n<p data-start=\"1677\" data-end=\"1813\">Ve sm\u011bsi s mandlov\u00fdm nebo \u0159e\u0159ichov\u00fdm olejem pronik\u00e1 hluboko do poko\u017eky hlavy, kde hydratuje, sni\u017euje l\u00e1mavost a podporuje siln\u011bj\u0161\u00ed ko\u0159\u00ednky vlas\u016f.<\/p>\n<h3 data-start=\"1820\" data-end=\"1857\">  V\u00fd\u017eivov\u00fd profil (na 100 g)<\/h3>\n<ul data-start=\"1859\" data-end=\"2117\">\n<li data-start=\"1859\" data-end=\"1894\">\n<p data-start=\"1861\" data-end=\"1894\"><strong data-start=\"1861\" data-end=\"1886\">Thiamin (vitamin B1):<\/strong> 48 mg<\/p>\n<\/li>\n<li data-start=\"1895\" data-end=\"1930\">\n<p data-start=\"1897\" data-end=\"1930\"><strong data-start=\"1897\" data-end=\"1921\">Niacin (vitamin B3):<\/strong> 1,2 mg<\/p>\n<\/li>\n<li data-start=\"1931\" data-end=\"1954\">\n<p data-start=\"1933\" data-end=\"1954\"><strong data-start=\"1933\" data-end=\"1947\">Vitamin C:<\/strong> 3 mg<\/p>\n<\/li>\n<li data-start=\"1955\" data-end=\"1977\">\n<p data-start=\"1957\" data-end=\"1977\"><strong data-start=\"1957\" data-end=\"1969\">V\u00e1pn\u00edk:<\/strong> 83 mg<\/p>\n<\/li>\n<li data-start=\"1978\" data-end=\"1998\">\n<p data-start=\"1980\" data-end=\"1998\"><strong data-start=\"1980\" data-end=\"1989\">\u017delezo:<\/strong> 2,1 mg<\/p>\n<\/li>\n<li data-start=\"1999\" data-end=\"2025\">\n<p data-start=\"2001\" data-end=\"2025\"><strong data-start=\"2001\" data-end=\"2016\">Fosfor:<\/strong> 380 mg<\/p>\n<\/li>\n<li data-start=\"2026\" data-end=\"2051\">\n<p data-start=\"2028\" data-end=\"2051\"><strong data-start=\"2028\" data-end=\"2042\">Drasl\u00edk:<\/strong> 225 mg<\/p>\n<\/li>\n<li data-start=\"2052\" data-end=\"2070\">\n<p data-start=\"2054\" data-end=\"2070\"><strong data-start=\"2054\" data-end=\"2062\">Tuk<\/strong>: 64 mg<\/p>\n<\/li>\n<li data-start=\"2071\" data-end=\"2092\">\n<p data-start=\"2073\" data-end=\"2092\"><strong data-start=\"2073\" data-end=\"2085\">B\u00edlkoviny<\/strong>: 15 g<\/p>\n<\/li>\n<li data-start=\"2093\" data-end=\"2117\">\n<p data-start=\"2095\" data-end=\"2117\"><strong data-start=\"2095\" data-end=\"2106\">Energie:<\/strong> 654 kcal<\/p>\n<\/li>\n<\/ul>\n<p data-start=\"2119\" data-end=\"2216\">Tento profil pln\u00fd \u017eivin podporuje regeneraci k\u016f\u017ee, funkci mozku a zdrav\u00ed imunitn\u00edho syst\u00e9mu.<\/p>\n<h3 data-start=\"2223\" data-end=\"2257\">  Jak pou\u017e\u00edvat Lotus Walnut Oil<\/h3>\n<h4 data-start=\"2259\" data-end=\"2273\">Pro ple\u0165:<\/h4>\n<p data-start=\"2274\" data-end=\"2408\">Naneste n\u011bkolik kapek na \u010distou ple\u0165 a zam\u011b\u0159te se na m\u00edsta s jemn\u00fdmi vr\u00e1skami nebo suchou poko\u017ekou. Dvakr\u00e1t denn\u011b jemn\u011b vmas\u00edrujte, abyste dos\u00e1hli hlad\u0161\u00ed a jasn\u011bj\u0161\u00ed pleti. <\/p>\n<h4 data-start=\"2410\" data-end=\"2424\">Pro vlasy:<\/h4>\n<p data-start=\"2425\" data-end=\"2642\">Sm\u00edchejte stejn\u00fd d\u00edl o\u0159echov\u00e9ho oleje s mandlov\u00fdm a \u0159e\u0159ichov\u00fdm olejem. Sm\u011bs m\u00edrn\u011b zah\u0159ejte a vmas\u00edrujte do poko\u017eky hlavy. P\u0159ed umyt\u00edm jemn\u00fdm \u0161amponem nechte p\u016fsobit 30-45 minut. Pro dosa\u017een\u00ed nejlep\u0161\u00edch v\u00fdsledk\u016f pou\u017e\u00edvejte dvakr\u00e1t t\u00fddn\u011b.   <\/p>\n<h3 data-start=\"2649\" data-end=\"2667\">  Bezpe\u010dnostn\u00ed opat\u0159en\u00ed<\/h3>\n<ul data-start=\"2669\" data-end=\"2851\">\n<li data-start=\"2669\" data-end=\"2694\">\n<p data-start=\"2671\" data-end=\"2694\"><strong data-start=\"2671\" data-end=\"2692\">Pouze pro extern\u00ed pou\u017eit\u00ed<\/strong><\/p>\n<\/li>\n<li data-start=\"2695\" data-end=\"2743\">\n<p data-start=\"2697\" data-end=\"2743\">P\u0159ed \u00faplnou aplikac\u00ed prove\u010fte n\u00e1plas\u0165ov\u00fd test<\/p>\n<\/li>\n<li data-start=\"2744\" data-end=\"2791\">\n<p data-start=\"2746\" data-end=\"2791\">P\u0159i spr\u00e1vn\u00e9m pou\u017e\u00edv\u00e1n\u00ed je bezpe\u010dn\u00fd pro v\u0161echny typy pleti<\/p>\n<\/li>\n<li data-start=\"2792\" data-end=\"2851\">\n<p data-start=\"2794\" data-end=\"2851\">Vyhn\u011bte se po\u017eit\u00ed, pokud v\u00e1m to nedoporu\u010d\u00ed l\u00e9ka\u0159.<\/p>\n<\/li>\n<\/ul>\n<h3 data-start=\"3132\" data-end=\"3168\">  Pro\u010d si vybrat o\u0159echov\u00fd olej Lotus?<\/h3>\n<p data-start=\"3170\" data-end=\"3517\">Olej z vla\u0161sk\u00fdch o\u0159ech\u016f Lotus je univerz\u00e1ln\u00ed kosmetick\u00e9 \u0159e\u0161en\u00ed &#8211; ide\u00e1ln\u00ed pro obnovu z\u00e1\u0159ivosti, minimalizaci zn\u00e1mek st\u00e1rnut\u00ed a podporu zdrav\u00e9ho \u017eivotn\u00edho stylu. A\u0165 u\u017e se zam\u011b\u0159ujete na unavenou ple\u0165, \u0159\u00eddnouc\u00ed vlasy nebo bezesn\u00e9 noci, tento olej spojuje to nejlep\u0161\u00ed z p\u0159\u00edrody v jedin\u00e9 lahvi\u010dce. P\u0159idejte ho do sv\u00e9 ka\u017edodenn\u00ed rutiny a poc\u00edt\u00edte prom\u011bnu uvnit\u0159 i navenek.  <\/p>\n<p style=\"text-align: center;\">D\u011bkujeme za n\u00e1kupy na <em data-start=\"415\" data-end=\"431\"><a href=\"https:\/\/bazaar.express\/\">Bazaar Express<\/a><\/em> &#8211; Jsme r\u00e1di, \u017ee jste u n\u00e1s!<\/p>\n<p style=\"text-align: center;\">Poci\u0165te s\u00edlu p\u0159\u00edrody &#8211; \u010dist\u00e9 <a href=\"\/?p=34484\">terapeutick\u00e9 oleje<\/a> pro ka\u017edodenn\u00ed wellness.<\/p>\n","protected":false},"excerpt":{"rendered":"<h3 data-start=\"468\" data-end=\"718\">Olej z lotosov\u00fdch o\u0159ech\u016f je p\u0159\u00edrodn\u00ed olej lisovan\u00fd za studena bohat\u00fd na \u017eiviny, kter\u00fd revitalizuje ple\u0165, redukuje tmav\u00e9 kruhy, posiluje kolagen a posiluje vlasov\u00e9 ko\u0159\u00ednky. Je ide\u00e1ln\u00ed pro ka\u017edodenn\u00ed kosmetick\u00e9 ritu\u00e1ly a p\u0159i ka\u017ed\u00e9m pou\u017eit\u00ed podporuje hlad\u0161\u00ed poko\u017eku a zdrav\u011bj\u0161\u00ed vlasy. <\/h3>\n","protected":false},"featured_media":35318,"comment_status":"open","ping_status":"closed","template":"","meta":[],"product_brand":[],"product_cat":[787,786],"product_tag":[826,781,793],"class_list":{"0":"post-35315","1":"product","2":"type-product","3":"status-publish","4":"has-post-thumbnail","6":"product_cat-terapeuticke-oleje","7":"product_cat-pece-o-krasu","8":"product_tag-lotus-orechovy-olej","9":"product_tag-olej","10":"product_tag-prirodni-olej","11":"pa_l-xl-125ml","12":"pa_l-xl-60ml","14":"first","15":"instock","16":"sale","17":"shipping-taxable","18":"purchasable","19":"product-type-variable"},"_links":{"self":[{"href":"https:\/\/bazaar.express\/cs\/wp-json\/wp\/v2\/product\/35315","targetHints":{"allow":["GET"]}}],"collection":[{"href":"https:\/\/bazaar.express\/cs\/wp-json\/wp\/v2\/product"}],"about":[{"href":"https:\/\/bazaar.express\/cs\/wp-json\/wp\/v2\/types\/product"}],"replies":[{"embeddable":true,"href":"https:\/\/bazaar.express\/cs\/wp-json\/wp\/v2\/comments?post=35315"}],"wp:featuredmedia":[{"embeddable":true,"href":"https:\/\/bazaar.express\/cs\/wp-json\/wp\/v2\/media\/35318"}],"wp:attachment":[{"href":"https:\/\/bazaar.express\/cs\/wp-json\/wp\/v2\/media?parent=35315"}],"wp:term":[{"taxonomy":"product_brand","embeddable":true,"href":"https:\/\/bazaar.express\/cs\/wp-json\/wp\/v2\/product_brand?post=35315"},{"taxonomy":"product_cat","embeddable":true,"href":"https:\/\/bazaar.express\/cs\/wp-json\/wp\/v2\/product_cat?post=35315"},{"taxonomy":"product_tag","embeddable":true,"href":"https:\/\/bazaar.express\/cs\/wp-json\/wp\/v2\/product_tag?post=35315"}],"curies":[{"name":"wp","href":"https:\/\/api.w.org\/{rel}","templated":true}]}}