{"id":35325,"date":"2024-12-09T16:19:46","date_gmt":"2024-12-09T16:19:46","guid":{"rendered":"https:\/\/bazaar.express\/product\/matovy-olej-prirodni-wellness-reseni\/"},"modified":"2024-12-09T16:19:46","modified_gmt":"2024-12-09T16:19:46","slug":"matovy-olej-prirodni-wellness-reseni","status":"publish","type":"product","link":"https:\/\/bazaar.express\/cs\/produkt\/matovy-olej-prirodni-wellness-reseni\/","title":{"rendered":"M\u00e1tov\u00fd olej &#8211; p\u0159\u00edrodn\u00ed wellness \u0159e\u0161en\u00ed"},"content":{"rendered":"<h2 data-start=\"279\" data-end=\"351\">Lotosov\u00fd m\u00e1tov\u00fd olej: P\u0159\u00edrodn\u00ed osv\u011b\u017euj\u00edc\u00ed prost\u0159edek pro ple\u0165, vlasy a zdrav\u00ed<\/h2>\n<h3 data-start=\"353\" data-end=\"387\">\u00davod do Lotus Mint Oil<\/h3>\n<p data-start=\"389\" data-end=\"706\">Lotus Mint Oil je osv\u011b\u017euj\u00edc\u00ed, v\u00edce\u00fa\u010delov\u00fd esenci\u00e1ln\u00ed olej z\u00edskan\u00fd z list\u016f m\u00e1ty peprn\u00e9. Po stalet\u00ed je oslavov\u00e1n pro sv\u00e9 chladiv\u00e9 a terapeutick\u00e9 \u00fa\u010dinky a z\u016fst\u00e1v\u00e1 d\u016fv\u011bryhodn\u00fdm \u0159e\u0161en\u00edm pro modern\u00ed wellness pot\u0159eby. Tento p\u0159\u00edrodn\u00ed olej je z\u00e1kladem holistick\u00e9 p\u00e9\u010de o sebe sama &#8211; od p\u00e9\u010de o ple\u0165 p\u0159es \u00fastn\u00ed hygienu a\u017e po \u00falevu sval\u016fm.  <\/p>\n<h3 data-start=\"708\" data-end=\"746\">  \u010c\u00edm je m\u00e1tov\u00fd olej tak v\u00fdjime\u010dn\u00fd?<\/h3>\n<p data-start=\"748\" data-end=\"1093\"><strong data-start=\"784\" data-end=\"796\">M\u00e1tov\u00fd olej<\/strong> z\u00edskan\u00fd destilac\u00ed s vodn\u00ed parou si zachov\u00e1v\u00e1 v\u0161echny \u00fa\u010dinn\u00e9 vlastnosti rostliny m\u00e1ty peprn\u00e9. Je bohat\u00fd na mentol, omega-3 mastn\u00e9 kyseliny a esenci\u00e1ln\u00ed miner\u00e1ly, jako je \u017eelezo a v\u00e1pn\u00edk, a p\u0159in\u00e1\u0161\u00ed jak osv\u011b\u017euj\u00edc\u00ed v\u016fni, tak siln\u00e9 blahod\u00e1rn\u00e9 \u00fa\u010dinky. Vitam\u00edny A a C d\u00e1le posiluj\u00ed jeho schopnost podporovat regeneraci poko\u017eky a imunitn\u00ed reakce.  <\/p>\n<h2 data-start=\"1100\" data-end=\"1136\">  Kl\u00ed\u010dov\u00e9 v\u00fdhody oleje Lotus Mint Oil<\/h2>\n<h3 data-start=\"1138\" data-end=\"1171\">  \u00dastn\u00ed zdrav\u00ed a sv\u011b\u017e\u00ed dech<\/h3>\n<p data-start=\"1173\" data-end=\"1455\">Jedn\u00edm z nejobl\u00edben\u011bj\u0161\u00edch zp\u016fsob\u016f pou\u017eit\u00ed lotosov\u00e9ho m\u00e1tov\u00e9ho oleje je p\u00e9\u010de o zuby. D\u00edky sv\u00fdm p\u0159irozen\u00fdm antibakteri\u00e1ln\u00edm \u00fa\u010dink\u016fm posiluje d\u00e1sn\u011b, sni\u017euje z\u00e1n\u011bty a bojuje proti z\u00e1pachu z \u00fast. Pouh\u00e1 z\u0159ed\u011bn\u00e1 kapka na linii d\u00e1sn\u00ed nebo ve vod\u011b jako \u00fastn\u00ed v\u00fdplach m\u016f\u017ee zm\u00edrnit bolesti zub\u016f a osv\u011b\u017eit dech.  <\/p>\n<blockquote data-start=\"1457\" data-end=\"1572\">\n<p data-start=\"1459\" data-end=\"1572\"><em data-start=\"1459\" data-end=\"1470\">Bonusov\u00fd tip<\/em>: P\u0159ed pou\u017eit\u00edm z\u0159ed\u011bn\u00e9ho m\u00e1tov\u00e9ho oleje na zklidn\u011bn\u00ed d\u00e1sn\u00ed se u pro\u0159ez\u00e1vaj\u00edc\u00edch se zoubk\u016f v\u017edy pora\u010fte s pediatrem.<\/p>\n<\/blockquote>\n<h3 data-start=\"1579\" data-end=\"1618\">  Zklidn\u011bn\u00ed pleti a \u00faleva od akn\u00e9<\/h3>\n<p data-start=\"1620\" data-end=\"1893\">M\u00e1tov\u00fd olej m\u00e1 p\u0159irozen\u00fd chladiv\u00fd \u00fa\u010dinek, kter\u00fd zklid\u0148uje podr\u00e1\u017ed\u011bnou poko\u017eku. V kombinaci s nosn\u00fdmi oleji, jako je jojobov\u00fd nebo mandlov\u00fd olej, sni\u017euje zarudnut\u00ed, zklid\u0148uje \u0161t\u00edpance od hmyzu a pom\u00e1h\u00e1 odstra\u0148ovat akn\u00e9. Antibakteri\u00e1ln\u00ed vlastnosti \u010dist\u00ed p\u00f3ry a bojuj\u00ed proti vyr\u00e1\u017ek\u00e1m, ani\u017e by poko\u017eku vysu\u0161ovaly.  <\/p>\n<h3 data-start=\"1900\" data-end=\"1936\">  V\u00fd\u017eiva vlas\u016f a poko\u017eky hlavy<\/h3>\n<p data-start=\"1938\" data-end=\"2169\">Bojujete s lupy nebo suchou a sv\u011bdivou poko\u017ekou hlavy? N\u011bkolik kapek oleje z lotosov\u00e9 m\u00e1ty sm\u00edchan\u00fdch s olivov\u00fdm olejem m\u016f\u017ee hydratovat poko\u017eku hlavy, podpo\u0159it jej\u00ed prokrven\u00ed a sn\u00ed\u017eit vypad\u00e1v\u00e1n\u00ed vlas\u016f. D\u00edky jeho revitaliza\u010dn\u00ed v\u016fni jsou vlasy tak\u00e9 sv\u011b\u017eej\u0161\u00ed a \u010dist\u0161\u00ed.  <\/p>\n<h3 data-start=\"2176\" data-end=\"2204\">  \u00daleva pro svaly a klouby<\/h3>\n<p data-start=\"2206\" data-end=\"2402\">Chladiv\u00fd pocit mentolu v m\u00e1tov\u00e9m oleji p\u016fsob\u00ed na bolav\u00e9 svaly z\u00e1zra\u010dn\u011b. Po tr\u00e9ninku nebo dlouh\u00e9m dni jej sm\u00edchejte s nosn\u00fdm olejem a jemn\u011b vmas\u00edrujte na posti\u017een\u00e1 m\u00edsta, abyste si p\u0159irozen\u011b ulevili od bolesti. <\/p>\n<h2 data-start=\"2409\" data-end=\"2446\">  Opat\u0159en\u00ed p\u0159i pou\u017e\u00edv\u00e1n\u00ed m\u00e1tov\u00e9ho oleje<\/h2>\n<ul data-start=\"2448\" data-end=\"2712\">\n<li data-start=\"2448\" data-end=\"2502\">\n<p data-start=\"2450\" data-end=\"2502\">Vyhn\u011bte se p\u0159\u00edm\u00e9mu pou\u017eit\u00ed na citlivou poko\u017eku bez z\u0159ed\u011bn\u00ed.<\/p>\n<\/li>\n<li data-start=\"2503\" data-end=\"2581\">\n<p data-start=\"2505\" data-end=\"2581\">Nevhodn\u00e9 pro t\u011bhotn\u00e9 a koj\u00edc\u00ed \u017eeny, pokud to nedoporu\u010d\u00ed l\u00e9ka\u0159.<\/p>\n<\/li>\n<li data-start=\"2582\" data-end=\"2650\">\n<p data-start=\"2584\" data-end=\"2650\">P\u0159i \u00fastn\u00edm pod\u00e1n\u00ed dbejte na to, aby byl z\u0159ed\u011bn\u00fd a nedo\u0161lo k podr\u00e1\u017ed\u011bn\u00ed nebo vzniku v\u0159ed\u016f.<\/p>\n<\/li>\n<li data-start=\"2651\" data-end=\"2712\">\n<p data-start=\"2653\" data-end=\"2712\">Nedoporu\u010duje se pro kojence, pokud nen\u00ed odborn\u011b schv\u00e1leno.<\/p>\n<\/li>\n<\/ul>\n<h2 data-start=\"3135\" data-end=\"3167\">  Pro\u010d si vybrat Lotus Mint Oil?<\/h2>\n<p data-start=\"3169\" data-end=\"3524\">Lotosov\u00fd m\u00e1tov\u00fd olej je v\u00edc ne\u017e jen esenci\u00e1ln\u00ed olej &#8211; je to komplexn\u00ed prost\u0159edek na podporu zdrav\u00ed. A\u0165 u\u017e chcete osv\u011b\u017eit dech, vy\u010distit ple\u0165, zklidnit bolav\u00e9 svaly nebo podpo\u0159it r\u016fst vlas\u016f, tento p\u0159\u00edrodn\u00ed prost\u0159edek nab\u00edz\u00ed \u010dist\u00e9 \u0159e\u0161en\u00ed bez chemick\u00fdch l\u00e1tek. Je vyroben s pe\u010dlivost\u00ed a \u010distotou a je dokonal\u00fdm spole\u010dn\u00edkem va\u0161\u00ed p\u00e9\u010de o kr\u00e1su a sebe sama.  <\/p>\n<h3 data-start=\"3531\" data-end=\"3565\">  P\u0159ijm\u011bte s\u00edlu p\u0159\u00edrody<\/h3>\n<p data-start=\"3567\" data-end=\"3764\">Lotosov\u00fd m\u00e1tov\u00fd olej v\u00e1m pom\u016f\u017ee vyu\u017e\u00edt nejosv\u011b\u017euj\u00edc\u00ed dar p\u0159\u00edrody. Za\u0159a\u010fte ho do sv\u00e9ho ka\u017edodenn\u00edho wellness ritu\u00e1lu &#8211; a zjist\u011bte, jak tento \u010dist\u00fd olej s mnohostrann\u00fdm vyu\u017eit\u00edm dok\u00e1\u017ee vn\u00e9st do va\u0161eho \u017eivota rovnov\u00e1hu a vitalitu. <\/p>\n<p style=\"text-align: center;\">D\u011bkujeme za n\u00e1kupy na <em data-start=\"415\" data-end=\"431\"><a href=\"https:\/\/bazaar.express\/\">Bazaar Express<\/a><\/em> &#8211; Jsme r\u00e1di, \u017ee jste u n\u00e1s!<\/p>\n<p style=\"text-align: center;\">Poci\u0165te s\u00edlu p\u0159\u00edrody &#8211; \u010dist\u00e9 <a href=\"\/?p=34484\">terapeutick\u00e9 oleje<\/a> pro ka\u017edodenn\u00ed wellness.<\/p>\n","protected":false},"excerpt":{"rendered":"<h3>Lotosov\u00fd m\u00e1tov\u00fd olej je revitaliza\u010dn\u00ed esenci\u00e1ln\u00ed olej zn\u00e1m\u00fd pro sv\u016fj chladiv\u00fd pocit a antibakteri\u00e1ln\u00ed \u00fa\u010dinky. Tento v\u00edce\u00fa\u010delov\u00fd olej je ide\u00e1ln\u00ed pro \u00fastn\u00ed hygienu, p\u00e9\u010di o ple\u0165 a zdrav\u00ed vlas\u016f, pom\u00e1h\u00e1 bojovat proti akn\u00e9, sni\u017euje podr\u00e1\u017ed\u011bn\u00ed poko\u017eky hlavy a zm\u00edr\u0148uje bolest sval\u016f &#8211; a z\u00e1rove\u0148 p\u0159in\u00e1\u0161\u00ed osv\u011b\u017euj\u00edc\u00ed m\u00e1tovou v\u016fni. <\/h3>\n","protected":false},"featured_media":35329,"comment_status":"open","ping_status":"closed","template":"","meta":[],"product_brand":[],"product_cat":[787,786],"product_tag":[827,781,793],"class_list":{"0":"post-35325","1":"product","2":"type-product","3":"status-publish","4":"has-post-thumbnail","6":"product_cat-terapeuticke-oleje","7":"product_cat-pece-o-krasu","8":"product_tag-lotosovy-matovy-olej","9":"product_tag-olej","10":"product_tag-prirodni-olej","11":"pa_l-xl-125ml","12":"pa_l-xl-60ml","14":"first","15":"instock","16":"sale","17":"shipping-taxable","18":"purchasable","19":"product-type-variable"},"_links":{"self":[{"href":"https:\/\/bazaar.express\/cs\/wp-json\/wp\/v2\/product\/35325","targetHints":{"allow":["GET"]}}],"collection":[{"href":"https:\/\/bazaar.express\/cs\/wp-json\/wp\/v2\/product"}],"about":[{"href":"https:\/\/bazaar.express\/cs\/wp-json\/wp\/v2\/types\/product"}],"replies":[{"embeddable":true,"href":"https:\/\/bazaar.express\/cs\/wp-json\/wp\/v2\/comments?post=35325"}],"wp:featuredmedia":[{"embeddable":true,"href":"https:\/\/bazaar.express\/cs\/wp-json\/wp\/v2\/media\/35329"}],"wp:attachment":[{"href":"https:\/\/bazaar.express\/cs\/wp-json\/wp\/v2\/media?parent=35325"}],"wp:term":[{"taxonomy":"product_brand","embeddable":true,"href":"https:\/\/bazaar.express\/cs\/wp-json\/wp\/v2\/product_brand?post=35325"},{"taxonomy":"product_cat","embeddable":true,"href":"https:\/\/bazaar.express\/cs\/wp-json\/wp\/v2\/product_cat?post=35325"},{"taxonomy":"product_tag","embeddable":true,"href":"https:\/\/bazaar.express\/cs\/wp-json\/wp\/v2\/product_tag?post=35325"}],"curies":[{"name":"wp","href":"https:\/\/api.w.org\/{rel}","templated":true}]}}