{"id":35337,"date":"2024-12-09T13:48:36","date_gmt":"2024-12-09T13:48:36","guid":{"rendered":"https:\/\/bazaar.express\/product\/arganovy-olej-tekute-zlato-prirody\/"},"modified":"2024-12-09T13:48:36","modified_gmt":"2024-12-09T13:48:36","slug":"arganovy-olej-tekute-zlato-prirody","status":"publish","type":"product","link":"https:\/\/bazaar.express\/cs\/produkt\/arganovy-olej-tekute-zlato-prirody\/","title":{"rendered":"Arganov\u00fd olej &#8211; tekut\u00e9 zlato p\u0159\u00edrody"},"content":{"rendered":"<h2 data-start=\"227\" data-end=\"279\">Objevte nad\u010dasov\u00e9 kouzlo arganov\u00e9ho oleje Lotus<\/h2>\n<h3 data-start=\"281\" data-end=\"312\">  Co je arganov\u00fd olej Lotus?<\/h3>\n<p data-start=\"314\" data-end=\"668\">Arganov\u00fd olej Lotus je \u010dasto ozna\u010dov\u00e1n za <strong data-start=\"353\" data-end=\"370\">&#8220;tekut\u00e9 zlato&#8221;<\/strong>&#8211; a to z dobr\u00e9ho d\u016fvodu. Tento luxusn\u00ed olej se z\u00edsk\u00e1v\u00e1 z jader vz\u00e1cn\u00e9ho marock\u00e9ho arganovn\u00edku a je pln\u00fd vy\u017eivuj\u00edc\u00edch l\u00e1tek, kter\u00e9 z va\u0161\u00ed <g id=\"gid_1\">poko\u017eky a vlas\u016f<\/g> vyt\u011b\u017e\u00ed to nejlep\u0161\u00ed. Tento zlat\u00fd olej s hedv\u00e1bnou texturou a \u00fa\u010dinn\u00fdmi vlastnostmi p\u0159irozen\u011b hydratuje, l\u00e9\u010d\u00ed a chr\u00e1n\u00ed.  <\/p>\n<h3 data-start=\"675\" data-end=\"713\">  Kl\u00ed\u010dov\u00e9 v\u00fdhody arganov\u00e9ho oleje Lotus<\/h3>\n<h4 data-start=\"715\" data-end=\"752\">Hloubkov\u00e1 hydratace a regenerace poko\u017eky<\/h4>\n<p data-start=\"753\" data-end=\"886\">Tento olej je ide\u00e1ln\u00ed pro suchou, popraskanou nebo drsnou poko\u017eku, kterou hloubkov\u011b hydratuje a obnovuje jej\u00ed p\u0159irozenou jemnost a pru\u017enost.<\/p>\n<h4 data-start=\"888\" data-end=\"925\">Ochrana proti st\u00e1rnut\u00ed a vr\u00e1sk\u00e1m<\/h4>\n<p data-start=\"926\" data-end=\"1101\">Arganov\u00fd olej Lotus pom\u00e1h\u00e1 sni\u017eovat v\u00fdskyt jemn\u00fdch linek a vr\u00e1sek t\u00edm, \u017ee podporuje regeneraci poko\u017eky a zlep\u0161uje strukturu kolagenu, co\u017e z n\u011bj \u010din\u00ed p\u0159irozen\u00e9 \u0159e\u0161en\u00ed proti st\u00e1rnut\u00ed.<\/p>\n<h4 data-start=\"1103\" data-end=\"1142\">Rozjas\u0148uje ple\u0165 a redukuje jizvy<\/h4>\n<p data-start=\"1143\" data-end=\"1277\">A\u0165 u\u017e bojujete s jizvami po akn\u00e9, nebo se skvrnami od slunce, olej jemn\u011b zlep\u0161uje t\u00f3n pleti, odstra\u0148uje nedokonalosti a obnovuje z\u00e1\u0159ivost va\u0161\u00ed pleti.<\/p>\n<h4 data-start=\"1279\" data-end=\"1314\">Posiluje ko\u017en\u00ed bari\u00e9ru<\/h4>\n<p data-start=\"1315\" data-end=\"1460\">D\u00edky sv\u00e9mu jedine\u010dn\u00e9mu slo\u017een\u00ed tento olej obnovuje vn\u011bj\u0161\u00ed ochrannou vrstvu poko\u017eky a chr\u00e1n\u00ed ji p\u0159ed vysu\u0161en\u00edm, zne\u010di\u0161\u0165uj\u00edc\u00edmi l\u00e1tkami a dr\u00e1\u017ediv\u00fdmi l\u00e1tkami.<\/p>\n<h4 data-start=\"1462\" data-end=\"1508\">Vy\u017eivuje vlasy a zabra\u0148uje jejich po\u0161kozen\u00ed teplem<\/h4>\n<p data-start=\"1509\" data-end=\"1695\">P\u0159i pou\u017eit\u00ed na vlasy funguje arganov\u00fd olej Lotus jako bezoplachov\u00fd kondicion\u00e9r. Sni\u017euje krepat\u011bn\u00ed, dod\u00e1v\u00e1 vlas\u016fm lesk a chr\u00e1n\u00ed je p\u0159ed \u0161kodliv\u00fdmi \u00fa\u010dinky f\u00e9nov\u00e1n\u00ed, \u017eehlen\u00ed a UV z\u00e1\u0159en\u00ed. <\/p>\n<h3 data-start=\"1702\" data-end=\"1747\">  P\u0159\u00edrodn\u00ed slo\u017een\u00ed arganov\u00e9ho oleje Lotus<\/h3>\n<p data-start=\"1749\" data-end=\"1814\">Arganov\u00fd olej Lotus je pln\u00fd zdrav\u00fdch mastn\u00fdch kyselin a \u017eivin:<\/p>\n<ul data-start=\"1816\" data-end=\"2059\">\n<li data-start=\"1816\" data-end=\"1886\">\n<p data-start=\"1818\" data-end=\"1886\"><strong data-start=\"1818\" data-end=\"1843\">Kyselina olejov\u00e1 (omega 9):<\/strong> (42,8 %) &#8211; podporuje jemnost a vl\u00e1\u010dnost<\/p>\n<\/li>\n<li data-start=\"1887\" data-end=\"1953\">\n<p data-start=\"1889\" data-end=\"1953\"><strong data-start=\"1889\" data-end=\"1917\">Kyselina linolov\u00e1 (omega 6):<\/strong> (6,6 %): 36,8 % &#8211; obnovuje rovnov\u00e1hu vlhkosti<\/p>\n<\/li>\n<li data-start=\"1954\" data-end=\"2006\">\n<p data-start=\"1956\" data-end=\"2006\"><strong data-start=\"1956\" data-end=\"1972\">Kyselina citronov\u00e1:<\/strong> 6 % &#8211; omlazuje a exfoliuje<\/p>\n<\/li>\n<li data-start=\"2007\" data-end=\"2059\">\n<p data-start=\"2009\" data-end=\"2059\"><strong data-start=\"2009\" data-end=\"2027\">Kyselina palmitov\u00e1:<\/strong> 12 % &#8211; vy\u017eivuje a chr\u00e1n\u00ed<\/p>\n<\/li>\n<\/ul>\n<p data-start=\"2061\" data-end=\"2200\">Tato bohat\u00e1 sm\u011bs zajist\u00ed va\u0161\u00ed poko\u017ece a vlas\u016fm pot\u0159ebnou hydrataci a \u017eiviny, ani\u017e by ucp\u00e1vala p\u00f3ry nebo zanech\u00e1vala mastn\u00fd povrch.<\/p>\n<h3 data-start=\"2207\" data-end=\"2240\">  Jak pou\u017e\u00edvat arganov\u00fd olej Lotus<\/h3>\n<ul data-start=\"2242\" data-end=\"2526\">\n<li data-start=\"2242\" data-end=\"2367\">\n<p data-start=\"2244\" data-end=\"2367\"><strong data-start=\"2244\" data-end=\"2257\">Pro ple\u0165:<\/strong> Naneste 2-3 kapky na \u010distou ple\u0165 a krou\u017eiv\u00fdmi pohyby vmas\u00edrujte. Ide\u00e1ln\u00ed na obli\u010dej, krk, ruce a such\u00e1 m\u00edsta. <\/p>\n<\/li>\n<li data-start=\"2368\" data-end=\"2526\">\n<p data-start=\"2370\" data-end=\"2526\"><strong data-start=\"2370\" data-end=\"2383\">Na vlasy:<\/strong> Rozet\u0159ete n\u011bkolik kapek mezi dlan\u011bmi a naneste na vlhk\u00e9 nebo such\u00e9 vlasy od st\u0159edn\u00edch d\u00e9lek ke kone\u010dk\u016fm. M\u016f\u017eete jej tak\u00e9 pou\u017e\u00edt jako no\u010dn\u00ed o\u0161et\u0159en\u00ed poko\u017eky hlavy. <\/p>\n<\/li>\n<\/ul>\n<p data-start=\"2528\" data-end=\"2555\">Pro dosa\u017een\u00ed nejlep\u0161\u00edch v\u00fdsledk\u016f pou\u017e\u00edvejte denn\u011b.<\/p>\n<h3 data-start=\"2562\" data-end=\"2580\">  Bezpe\u010dnostn\u00ed opat\u0159en\u00ed<\/h3>\n<ul data-start=\"2582\" data-end=\"2683\">\n<li data-start=\"2582\" data-end=\"2609\">\n<p data-start=\"2584\" data-end=\"2609\"><strong data-start=\"2588\" data-end=\"2609\">Pouze<\/strong> pro <strong data-start=\"2588\" data-end=\"2609\">extern\u00ed pou\u017eit\u00ed<\/strong><\/p>\n<\/li>\n<li data-start=\"2610\" data-end=\"2635\">\n<p data-start=\"2612\" data-end=\"2635\">Bezpe\u010dn\u00e9 pro v\u0161echny typy pleti<\/p>\n<\/li>\n<li data-start=\"2636\" data-end=\"2683\">\n<p data-start=\"2638\" data-end=\"2683\">V\u017edy prove\u010fte n\u00e1plas\u0165ov\u00fd test na citliv\u00e9 poko\u017ece.<\/p>\n<\/li>\n<\/ul>\n<h2 data-start=\"3002\" data-end=\"3050\">  Z\u00e1v\u011bre\u010dn\u00e9 my\u0161lenky: Pro\u010d si vybrat arganov\u00fd olej Lotus?<\/h2>\n<p data-start=\"3052\" data-end=\"3320\">Pokud hled\u00e1te p\u0159\u00edrodn\u00ed olej s mnoha funkcemi, kter\u00fd zv\u00fd\u0161\u00ed <strong data-start=\"3120\" data-end=\"3135\">z\u00e1\u0159ivost va\u0161\u00ed pleti<\/strong> a <strong data-start=\"3140\" data-end=\"3159\">pevnost vlas\u016f<\/strong>, arganov\u00fd olej Lotus je pro v\u00e1s jako stvo\u0159en\u00fd. D\u00edky vysok\u00e9mu obsahu \u017eivin a prok\u00e1zan\u00fdm \u00fa\u010dink\u016fm nab\u00edz\u00ed luxusn\u00ed a z\u00e1rove\u0148 praktick\u00e9 \u0159e\u0161en\u00ed pro va\u0161i ka\u017edodenn\u00ed kosmetickou rutinu. <\/p>\n<p data-start=\"3322\" data-end=\"3459\">Nechte svou kr\u00e1su zaz\u00e1\u0159it d\u00edky s\u00edle <strong data-start=\"3362\" data-end=\"3389\">\u010dist\u00e9ho p\u0159\u00edrodn\u00edho arganov\u00e9ho oleje<\/strong>. Vyzkou\u0161ejte arganov\u00fd olej Lotus je\u0161t\u011b dnes a poznejte zlat\u00fd dotek p\u0159\u00edrody. <\/p>\n<p style=\"text-align: center;\">D\u011bkujeme za n\u00e1kupy na <em data-start=\"415\" data-end=\"431\"><a href=\"https:\/\/bazaar.express\/\">Bazaar Express<\/a><\/em> &#8211; Jsme r\u00e1di, \u017ee jste u n\u00e1s!<\/p>\n<p style=\"text-align: center;\">Poci\u0165te s\u00edlu p\u0159\u00edrody &#8211; \u010dist\u00e9 <a href=\"\/?p=34484\">terapeutick\u00e9 oleje<\/a> pro ka\u017edodenn\u00ed wellness.<\/p>\n","protected":false},"excerpt":{"rendered":"<h3 data-start=\"388\" data-end=\"650\">Arganov\u00fd olej Lotus je luxusn\u00ed p\u0159\u00edrodn\u00ed olej bohat\u00fd na esenci\u00e1ln\u00ed mastn\u00e9 kyseliny a vitam\u00edny. Hloubkov\u011b hydratuje suchou poko\u017eku, sni\u017euje zn\u00e1mky st\u00e1rnut\u00ed, obnovuje lesk vlas\u016f a chr\u00e1n\u00ed p\u0159ed po\u0161kozen\u00edm vlivem \u017eivotn\u00edho prost\u0159ed\u00ed. Nezbytn\u00e1 v\u00fdbava pro z\u00e1\u0159ivou poko\u017eku a zdrav\u00e9 vlasy bez krepat\u011bn\u00ed.  <\/h3>\n","protected":false},"featured_media":38508,"comment_status":"open","ping_status":"closed","template":"","meta":[],"product_brand":[],"product_cat":[787,786],"product_tag":[829,781,793],"class_list":{"0":"post-35337","1":"product","2":"type-product","3":"status-publish","4":"has-post-thumbnail","6":"product_cat-terapeuticke-oleje","7":"product_cat-pece-o-krasu","8":"product_tag-arganovy-olej-lotus","9":"product_tag-olej","10":"product_tag-prirodni-olej","11":"pa_l-xl-125ml","12":"pa_l-xl-60ml","14":"first","15":"instock","16":"sale","17":"shipping-taxable","18":"purchasable","19":"product-type-variable"},"_links":{"self":[{"href":"https:\/\/bazaar.express\/cs\/wp-json\/wp\/v2\/product\/35337","targetHints":{"allow":["GET"]}}],"collection":[{"href":"https:\/\/bazaar.express\/cs\/wp-json\/wp\/v2\/product"}],"about":[{"href":"https:\/\/bazaar.express\/cs\/wp-json\/wp\/v2\/types\/product"}],"replies":[{"embeddable":true,"href":"https:\/\/bazaar.express\/cs\/wp-json\/wp\/v2\/comments?post=35337"}],"wp:featuredmedia":[{"embeddable":true,"href":"https:\/\/bazaar.express\/cs\/wp-json\/wp\/v2\/media\/38508"}],"wp:attachment":[{"href":"https:\/\/bazaar.express\/cs\/wp-json\/wp\/v2\/media?parent=35337"}],"wp:term":[{"taxonomy":"product_brand","embeddable":true,"href":"https:\/\/bazaar.express\/cs\/wp-json\/wp\/v2\/product_brand?post=35337"},{"taxonomy":"product_cat","embeddable":true,"href":"https:\/\/bazaar.express\/cs\/wp-json\/wp\/v2\/product_cat?post=35337"},{"taxonomy":"product_tag","embeddable":true,"href":"https:\/\/bazaar.express\/cs\/wp-json\/wp\/v2\/product_tag?post=35337"}],"curies":[{"name":"wp","href":"https:\/\/api.w.org\/{rel}","templated":true}]}}