{"id":35345,"date":"2024-12-09T00:11:23","date_gmt":"2024-12-09T00:11:23","guid":{"rendered":"https:\/\/bazaar.express\/product\/palestine-unity-cerne-tricko\/"},"modified":"2024-12-09T00:11:23","modified_gmt":"2024-12-09T00:11:23","slug":"palestine-unity-cerne-tricko","status":"publish","type":"product","link":"https:\/\/bazaar.express\/cs\/produkt\/palestine-unity-cerne-tricko\/","title":{"rendered":"Palestine Unity \u010cern\u00e9 tri\u010dko"},"content":{"rendered":"<h2 data-start=\"233\" data-end=\"302\">\u010cern\u00e9 tri\u010dko na oslavu Palestiny &#8211; odv\u00e1\u017en\u00fd styl s c\u00edlem<\/h2>\n<h3 data-start=\"304\" data-end=\"350\">  Vyrobeno pro pohodl\u00ed, navr\u017eeno pro jednotu<\/h3>\n<p data-start=\"352\" data-end=\"675\"><strong data-start=\"356\" data-end=\"395\">\u010cern\u00e9 tri\u010dko na oslavu Palestiny<\/strong> je v\u00edc ne\u017e jen m\u00f3dn\u00ed prohl\u00e1\u0161en\u00ed &#8211; je to nositeln\u00e9 poselstv\u00ed solidarity, odolnosti a kulturn\u00ed hrdosti. Toto tri\u010dko, vyroben\u00e9 v Egypt\u011b v prvot\u0159\u00eddn\u00ed kvalit\u011b, v sob\u011b spojuje silnou symboliku a modern\u00ed pohodl\u00ed a umo\u017en\u00ed v\u00e1m projevit podporu Palestin\u011b v nad\u010dasov\u00e9m stylu. <\/p>\n<h3 data-start=\"682\" data-end=\"709\">  Funkce, na kter\u00fdch z\u00e1le\u017e\u00ed<\/h3>\n<h4 data-start=\"711\" data-end=\"763\">100% polyesterov\u00e1 tkanina Premium &#8211; vyrobeno v Egypt\u011b<\/h4>\n<p data-start=\"764\" data-end=\"935\">Toto tri\u010dko je vyrobeno z odoln\u00e9ho a lehk\u00e9ho polyesteru s m\u011bkk\u00fdm omakem, kter\u00fd zaji\u0161\u0165uje celodenn\u00ed pohodl\u00ed. Je hrd\u011b vyrobena v Egypt\u011b a jej\u00ed kvalita se odr\u00e1\u017e\u00ed v ka\u017ed\u00e9m \u0161vu a stehu. <\/p>\n<h4 data-start=\"937\" data-end=\"988\">Prody\u0161n\u00e1 s\u00ed\u0165ovina Dri-Fit &#8211; z\u016fsta\u0148te sv\u011b\u017e\u00ed po cel\u00fd den<\/h4>\n<p data-start=\"989\" data-end=\"1173\">Toto tri\u010dko s uzav\u0159enou s\u00ed\u0165ovinou Dri-Fit je nejen prody\u0161n\u00e9 a odoln\u00e9 v\u016f\u010di potu, ale tak\u00e9 navr\u017een\u00e9 tak, aby nezap\u00e1chalo, tak\u017ee je ide\u00e1ln\u00ed pro hork\u00e9 dny nebo aktivn\u00ed chv\u00edle.<\/p>\n<h4 data-start=\"1175\" data-end=\"1226\">Elegantn\u00ed modern\u00ed st\u0159ih &#8211; p\u0159izp\u016fsoben\u00fd tomu, aby se s v\u00e1mi pohyboval<\/h4>\n<p data-start=\"1227\" data-end=\"1417\">Tri\u010dko m\u00e1 \u010dist\u011b st\u0159i\u017eenou modern\u00ed siluetu, kter\u00e1 sed\u00ed p\u0159esn\u011b tak, jak m\u00e1 &#8211; nen\u00ed p\u0159\u00edli\u0161 t\u011bsn\u00e9 ani p\u0159\u00edli\u0161 voln\u00e9. Je ide\u00e1ln\u00ed pro b\u011b\u017en\u00e9 no\u0161en\u00ed, sport nebo ud\u00e1losti, pozvedne v\u00e1\u0161 vzhled a z\u00e1rove\u0148 v\u00e1s udr\u017e\u00ed v pohod\u011b. <\/p>\n<h4 data-start=\"1419\" data-end=\"1472\">\u017div\u00fd digit\u00e1ln\u00ed tisk &#8211; \u017e\u00e1dn\u00e9 blednut\u00ed, \u017e\u00e1dn\u00e9 kompromisy<\/h4>\n<p data-start=\"1473\" data-end=\"1651\">D\u00edky pokro\u010dil\u00e9mu digit\u00e1ln\u00edmu tisku z\u016fst\u00e1v\u00e1 design \u017eiv\u00fd a ostr\u00fd pran\u00ed za pran\u00edm. Je to odv\u00e1\u017en\u00e9 a jasn\u00e9 prohl\u00e1\u0161en\u00ed &#8211; va\u0161e podpora nevybledne a nevybledne ani va\u0161e tri\u010dko. <\/p>\n<h4 data-start=\"1653\" data-end=\"1690\">Univerz\u00e1ln\u00ed z\u00e1klad \u0161atn\u00edku<\/h4>\n<p data-start=\"1691\" data-end=\"1908\">A\u0165 u\u017e se chyst\u00e1te na poklidn\u00e9 setk\u00e1n\u00ed, cvi\u010den\u00ed nebo neform\u00e1ln\u00ed sch\u016fzku, toto tri\u010dko se hod\u00ed pro ka\u017edou p\u0159\u00edle\u017eitost. Snadno se kombinuje s d\u017e\u00ednami, b\u011b\u017eeck\u00fdmi kalhotami nebo \u0161ortkami &#8211; nab\u00edz\u00ed pohodl\u00ed i siln\u00fd v\u00fdraz. <\/p>\n<h3 data-start=\"2228\" data-end=\"2253\">  Pro\u010d se v\u00e1m bude l\u00edbit<\/h3>\n<ul data-start=\"2255\" data-end=\"2476\">\n<li data-start=\"2255\" data-end=\"2300\">\n<p data-start=\"2257\" data-end=\"2300\">V\u00fdrazn\u00e1 podpora Palestiny \ud83c\uddf5\ud83c\uddf8<\/p>\n<\/li>\n<li data-start=\"2301\" data-end=\"2342\">\n<p data-start=\"2303\" data-end=\"2342\">Modern\u00ed st\u0159ih s maxim\u00e1ln\u00ed prody\u0161nost\u00ed<\/p>\n<\/li>\n<li data-start=\"2343\" data-end=\"2392\">\n<p data-start=\"2345\" data-end=\"2392\">Odoln\u00e9, odoln\u00e9 proti vyblednut\u00ed a prateln\u00e9 v pra\u010dce.<\/p>\n<\/li>\n<li data-start=\"2393\" data-end=\"2429\">\n<p data-start=\"2395\" data-end=\"2429\">Vyrobeno v Egypt\u011b s l\u00e1skou a p\u00e9\u010d\u00ed<\/p>\n<\/li>\n<li data-start=\"2430\" data-end=\"2476\">\n<p data-start=\"2432\" data-end=\"2476\">Skv\u011bl\u00e9 pro d\u00e1rky, ka\u017edodenn\u00ed no\u0161en\u00ed nebo aktivismus<\/p>\n<\/li>\n<\/ul>\n<h3 data-start=\"2483\" data-end=\"2528\">  P\u0159ipojte se k hnut\u00ed &#8211; noste ho s hrdost\u00ed<\/h3>\n<p data-start=\"2530\" data-end=\"2752\">Nen\u00ed to jen tri\u010dko &#8211; je to v\u00e1\u0161 hlas, va\u0161e hrdost a v\u00e1\u0161 zp\u016fsob, jak se postavit k solidarit\u011b. V ka\u017ed\u00e9 nitce se oz\u00fdv\u00e1 s\u00edla. Ka\u017ed\u00e1 barva hovo\u0159\u00ed o jednot\u011b. Po\u0159i\u010fte si <strong data-start=\"2690\" data-end=\"2717\">\u010dern\u00e9 tri\u010dko Palestina<\/strong> hned te\u010f a hrd\u011b noste sv\u00e9 poselstv\u00ed.   <\/p>\n<p data-start=\"2754\" data-end=\"2806\">\ud83d\uded2 <strong data-start=\"2757\" data-end=\"2806\">Objednejte si ji je\u0161t\u011b dnes a vynikn\u011bte.<\/strong><\/p>\n<p style=\"text-align: center;\">D\u011bkujeme za n\u00e1kupy na <em data-start=\"415\" data-end=\"431\"><a href=\"https:\/\/bazaar.express\/\">Bazaar Express<\/a><\/em> &#8211; Jsme r\u00e1di, \u017ee jste u n\u00e1s!<\/p>\n<p style=\"text-align: center;\">Od m\u011bkkosti a\u017e po pevnost &#8211; nic se nevyrovn\u00e1 <a href=\"https:\/\/bazaar.express\/product-category\/cotton\/\">bavln\u011b Premium<\/a>.<\/p>\n","protected":false},"excerpt":{"rendered":"<h3 data-start=\"416\" data-end=\"633\">Vyj\u00e1d\u0159ete svou podporu s \u010dern\u00fdm tri\u010dkem Palestine, kter\u00e9 bylo vyrobeno v Egypt\u011b z prody\u0161n\u00e9ho polyesteru odoln\u00e9ho proti vyblednut\u00ed. D\u00edky s\u00ed\u0165ovin\u011b Dri-Fit, modern\u00edmu st\u0159ihu a v\u00fdrazn\u00e9 symbolice je dokonalou kombinac\u00ed pohodl\u00ed a c\u00edle. <\/h3>\n","protected":false},"featured_media":34456,"comment_status":"open","ping_status":"closed","template":"","meta":[],"product_brand":[],"product_cat":[831],"product_tag":[],"class_list":{"0":"post-35345","1":"product","2":"type-product","3":"status-publish","4":"has-post-thumbnail","6":"product_cat-bavlna-premium","7":"pa_l-xl-l","8":"pa_l-xl-m","9":"pa_l-xl-s","10":"pa_l-xl-xl","12":"first","13":"instock","14":"sale","15":"shipping-taxable","16":"purchasable","17":"product-type-variable"},"_links":{"self":[{"href":"https:\/\/bazaar.express\/cs\/wp-json\/wp\/v2\/product\/35345","targetHints":{"allow":["GET"]}}],"collection":[{"href":"https:\/\/bazaar.express\/cs\/wp-json\/wp\/v2\/product"}],"about":[{"href":"https:\/\/bazaar.express\/cs\/wp-json\/wp\/v2\/types\/product"}],"replies":[{"embeddable":true,"href":"https:\/\/bazaar.express\/cs\/wp-json\/wp\/v2\/comments?post=35345"}],"wp:featuredmedia":[{"embeddable":true,"href":"https:\/\/bazaar.express\/cs\/wp-json\/wp\/v2\/media\/34456"}],"wp:attachment":[{"href":"https:\/\/bazaar.express\/cs\/wp-json\/wp\/v2\/media?parent=35345"}],"wp:term":[{"taxonomy":"product_brand","embeddable":true,"href":"https:\/\/bazaar.express\/cs\/wp-json\/wp\/v2\/product_brand?post=35345"},{"taxonomy":"product_cat","embeddable":true,"href":"https:\/\/bazaar.express\/cs\/wp-json\/wp\/v2\/product_cat?post=35345"},{"taxonomy":"product_tag","embeddable":true,"href":"https:\/\/bazaar.express\/cs\/wp-json\/wp\/v2\/product_tag?post=35345"}],"curies":[{"name":"wp","href":"https:\/\/api.w.org\/{rel}","templated":true}]}}