{"id":35417,"date":"2024-11-29T15:37:09","date_gmt":"2024-11-29T15:37:09","guid":{"rendered":"https:\/\/bazaar.express\/product\/prirodni-kloubni-krem-1kg\/"},"modified":"2026-03-02T11:20:24","modified_gmt":"2026-03-02T11:20:24","slug":"prirodni-kloubni-krem-1kg","status":"publish","type":"product","link":"https:\/\/bazaar.express\/cs\/produkt\/prirodni-kloubni-krem-1kg\/","title":{"rendered":"P\u0159\u00edrodn\u00ed kloubn\u00ed kr\u00e9m &#8211; 1kg"},"content":{"rendered":"<h2 data-start=\"305\" data-end=\"385\">P\u0159\u00edrodn\u00ed kr\u00e9m na klouby &#8211; siln\u00e1 \u00faleva od p\u0159\u00edrody pro pohodln\u00fd pohyb &#8211; 1 kg<\/h2>\n<h3 data-start=\"387\" data-end=\"426\">  Zklid\u0148uj\u00edc\u00ed dotek pro va\u0161e klouby<\/h3>\n<p data-start=\"428\" data-end=\"765\">M\u00e1te dost ztuhlosti, nepohodl\u00ed nebo omezen\u00e9ho pohybu? Objevte <strong data-start=\"497\" data-end=\"520\">p\u0159\u00edrodn\u00ed kloubn\u00ed kr\u00e9m<\/strong> od spole\u010dnosti <em data-start=\"526\" data-end=\"533\">Tnerh<\/em>, va\u0161eho nov\u00e9ho spole\u010dn\u00edka pro zdrav\u00ed kloub\u016f. Tento \u00fa\u010dinn\u00fd a luxusn\u00ed kr\u00e9m, kter\u00fd byl vyvinut v Egypt\u011b ze 100% <strong data-start=\"602\" data-end=\"625\">p\u0159\u00edrodn\u00edch slo\u017eek<\/strong>, je ur\u010den k obnoven\u00ed pru\u017enosti, zm\u00edrn\u011bn\u00ed z\u00e1n\u011btu a zlep\u0161en\u00ed celkov\u00e9ho komfortu kloub\u016f &#8211; p\u0159irozen\u011b.  <\/p>\n<h3 data-start=\"767\" data-end=\"811\">  \u010cist\u011b p\u0159\u00edrodn\u00ed slo\u017eky, kter\u00fdm m\u016f\u017eete d\u016fv\u011b\u0159ovat<\/h3>\n<p data-start=\"813\" data-end=\"1058\">Tento <strong data-start=\"837\" data-end=\"860\">p\u0159\u00edrodn\u00ed kr\u00e9m na klouby<\/strong> je pe\u010dliv\u011b vyroben a kombinuje \u00fa\u010dinn\u00e9 l\u00e1tky <strong data-start=\"893\" data-end=\"903\">arniky<\/strong>, <strong data-start=\"905\" data-end=\"912\">MSM<\/strong>, <strong data-start=\"914\" data-end=\"929\">glukosaminu<\/strong> a <strong data-start=\"935\" data-end=\"947\">kurkumy<\/strong> s <strong data-start=\"953\" data-end=\"966\">aloe vera<\/strong>, <strong data-start=\"968\" data-end=\"983\">bambuck\u00fdm m\u00e1slem<\/strong> a terapeutick\u00fdmi <strong data-start=\"1001\" data-end=\"1019\">esenci\u00e1ln\u00edmi oleji<\/strong>. Tyto slo\u017eky p\u016fsob\u00ed v harmonii, aby: <\/p>\n<ul data-start=\"1060\" data-end=\"1208\">\n<li data-start=\"1060\" data-end=\"1101\">\n<p data-start=\"1062\" data-end=\"1101\"><strong data-start=\"1062\" data-end=\"1101\">Zklidn\u011bn\u00ed bolesti a zm\u00edrn\u011bn\u00ed z\u00e1n\u011btu<\/strong><\/p>\n<\/li>\n<li data-start=\"1102\" data-end=\"1151\">\n<p data-start=\"1104\" data-end=\"1151\"><strong data-start=\"1104\" data-end=\"1151\">Podporuje obnovu chrupavky a pevnost kloub\u016f<\/strong><\/p>\n<\/li>\n<li data-start=\"1152\" data-end=\"1208\">\n<p data-start=\"1154\" data-end=\"1208\"><strong data-start=\"1154\" data-end=\"1208\">Podpora dlouhodob\u00e9 flexibility a snadn\u00e9ho pohybu<\/strong><\/p>\n<\/li>\n<\/ul>\n<p data-start=\"1210\" data-end=\"1324\">A\u0165 u\u017e jste aktivn\u00ed, st\u00e1rnete nebo se zotavujete ze zran\u011bn\u00ed, tento kr\u00e9m podporuje <strong data-start=\"1290\" data-end=\"1308\">zdrav\u00ed kloub\u016f<\/strong> p\u0159i ka\u017ed\u00e9m pou\u017eit\u00ed.<\/p>\n<h3 data-start=\"1326\" data-end=\"1368\">  Rychle se vst\u0159eb\u00e1vaj\u00edc\u00ed a nemastn\u00e1 textura<\/h3>\n<p data-start=\"1370\" data-end=\"1647\">Na rozd\u00edl od syntetick\u00fdch alternativ se na\u0161e lehk\u00e9 slo\u017een\u00ed rychle vst\u0159eb\u00e1v\u00e1 a nezanech\u00e1v\u00e1 lepkav\u00e9 ani mastn\u00e9 stopy. Je ide\u00e1ln\u00ed pro denn\u00ed pou\u017eit\u00ed p\u0159ed fyzickou aktivitou nebo pro no\u010dn\u00ed aplikaci k uvoln\u011bn\u00ed kloub\u016f b\u011bhem sp\u00e1nku. Vychutnejte si <strong data-start=\"1601\" data-end=\"1629\">hloubkov\u011b pronikaj\u00edc\u00ed komfort<\/strong> bez nepo\u0159\u00e1dku.  <\/p>\n<h3 data-start=\"1649\" data-end=\"1674\">  Kdo by ji m\u011bl pou\u017e\u00edvat?<\/h3>\n<ul data-start=\"1676\" data-end=\"1914\">\n<li data-start=\"1676\" data-end=\"1739\">\n<p data-start=\"1678\" data-end=\"1739\"><strong data-start=\"1678\" data-end=\"1709\">Sportovci a milovn\u00edci fitness, kte\u0159\u00ed<\/strong> pot\u0159ebuj\u00ed regeneraci po tr\u00e9ninku<\/p>\n<\/li>\n<li data-start=\"1740\" data-end=\"1787\">\n<p data-start=\"1742\" data-end=\"1787\"><strong data-start=\"1742\" data-end=\"1753\">Senio\u0159i<\/strong> s kloubn\u00edmi probl\u00e9my souvisej\u00edc\u00edmi s v\u011bkem<\/p>\n<\/li>\n<li data-start=\"1788\" data-end=\"1839\">\n<p data-start=\"1790\" data-end=\"1839\"><strong data-start=\"1790\" data-end=\"1808\">Kancel\u00e1\u0159\u0161t\u00ed pracovn\u00edci, kte\u0159\u00ed<\/strong> se pot\u00fdkaj\u00ed s opakovan\u00fdm stresem<\/p>\n<\/li>\n<li data-start=\"1840\" data-end=\"1914\">\n<p data-start=\"1842\" data-end=\"1914\"><strong data-start=\"1842\" data-end=\"1852\">Ka\u017ed\u00fd, kdo<\/strong> hled\u00e1 \u010distou bylinnou alternativu k syntetick\u00fdm kr\u00e9m\u016fm na klouby.<\/p>\n<\/li>\n<\/ul>\n<h3 data-start=\"1916\" data-end=\"1960\">  Pro\u010d si vybrat p\u0159\u00edrodn\u00ed kloubn\u00ed kr\u00e9m Tnerh?<\/h3>\n<ul data-start=\"1962\" data-end=\"2181\">\n<li data-start=\"1962\" data-end=\"1998\">\n<p data-start=\"1964\" data-end=\"1998\"><strong data-start=\"1966\" data-end=\"1998\">100% p\u0159\u00edrodn\u00ed a bez chemick\u00fdch l\u00e1tek<\/strong><\/p>\n<\/li>\n<li data-start=\"1999\" data-end=\"2025\">\n<p data-start=\"2001\" data-end=\"2025\"><strong data-start=\"2003\" data-end=\"2025\">Bezpe\u010dn\u00e9 pro ka\u017edodenn\u00ed pou\u017eit\u00ed<\/strong><\/p>\n<\/li>\n<li data-start=\"2026\" data-end=\"2072\">\n<p data-start=\"2028\" data-end=\"2072\"><strong data-start=\"2030\" data-end=\"2047\">Vyrobeno v Egypt\u011b<\/strong> z prvot\u0159\u00eddn\u00edch m\u00edstn\u00edch bylin<\/p>\n<\/li>\n<li data-start=\"2073\" data-end=\"2114\">\n<p data-start=\"2075\" data-end=\"2114\"><strong data-start=\"2077\" data-end=\"2114\">D\u016fv\u011bra z\u00e1kazn\u00edk\u016f v cel\u00e9m Egypt\u011b<\/strong><\/p>\n<\/li>\n<li data-start=\"2115\" data-end=\"2181\">\n<p data-start=\"2117\" data-end=\"2181\"><strong data-start=\"2119\" data-end=\"2136\">Velk\u00e1 1kg n\u00e1doba<\/strong> &#8211; skv\u011bl\u00e1 hodnota pro rodiny a dlouhodob\u00e9 pou\u017e\u00edv\u00e1n\u00ed<\/p>\n<\/li>\n<\/ul>\n<h3 data-start=\"2496\" data-end=\"2513\">  Jak pou\u017e\u00edvat<\/h3>\n<p data-start=\"2515\" data-end=\"2701\">Na \u010distou a suchou poko\u017eku posti\u017een\u00e9ho m\u00edsta naneste dostate\u010dn\u00e9 mno\u017estv\u00ed <strong data-start=\"2542\" data-end=\"2565\">p\u0159\u00edrodn\u00edho kr\u00e9mu na klouby<\/strong>. Jemn\u011b mas\u00edrujte, dokud se pln\u011b nevst\u0159eb\u00e1. Pro dosa\u017een\u00ed nejlep\u0161\u00edch v\u00fdsledk\u016f pou\u017e\u00edvejte <strong data-start=\"2650\" data-end=\"2665\">dvakr\u00e1t denn\u011b &#8211; r\u00e1no<\/strong> a ve\u010der.  <\/p>\n<h2 data-start=\"2708\" data-end=\"2760\">\ud83d\uded2 Investujte do p\u0159\u00edrodn\u00ed \u00falevy. Poci\u0165te rozd\u00edl. <\/h2>\n<p data-start=\"2762\" data-end=\"3028\">V <strong data-start=\"2765\" data-end=\"2783\">Bazaar Express<\/strong> jsme hrd\u00ed na to, \u017ee v\u00e1m m\u016f\u017eeme nab\u00eddnout <strong data-start=\"2810\" data-end=\"2851\">p\u0159\u00edrodn\u00ed kloubn\u00ed kr\u00e9m Tnerh<\/strong> &#8211; pr\u00e9miov\u00fd egyptsk\u00fd produkt, kter\u00fd spojuje starov\u011bk\u00e9 rostlinn\u00e9 znalosti s modern\u00edm wellness. Dop\u0159ejte sv\u00fdm kloub\u016fm p\u00e9\u010di, kterou si zaslou\u017e\u00ed. Za\u0159a\u010fte jej do sv\u00e9 ka\u017edodenn\u00ed p\u00e9\u010de o sebe.  <\/p>\n<p data-start=\"3030\" data-end=\"3077\"><strong data-start=\"3030\" data-end=\"3077\">Zkuste to je\u0161t\u011b dnes &#8211; a pohybujte se op\u011bt svobodn\u011b.<\/strong><\/p>\n<p style=\"text-align: center;\">D\u011bkujeme za n\u00e1kupy na <em data-start=\"415\" data-end=\"431\"><a href=\"https:\/\/bazaar.express\/\">Bazaar Express<\/a><\/em> &#8211; Jsme r\u00e1di, \u017ee jste u n\u00e1s!<\/p>\n<p style=\"text-align: center;\">Va\u0161e cesta k lep\u0161\u00ed p\u00e9\u010di o sebe sama za\u010d\u00edn\u00e1 zde &#8211; s <a href=\"https:\/\/bazaar.express\/product-category\/beauty-care\/\">Beauty &amp; Care<\/a>, kter\u00e9 m\u016f\u017eete d\u016fv\u011b\u0159ovat.<\/p>\n","protected":false},"excerpt":{"rendered":"<h3 data-start=\"444\" data-end=\"700\">P\u0159\u00edrodn\u00ed kr\u00e9m na klouby Tnerh p\u0159in\u00e1\u0161\u00ed rychlou a zklid\u0148uj\u00edc\u00ed \u00falevu pomoc\u00ed zcela p\u0159\u00edrodn\u00edch egyptsk\u00fdch ingredienc\u00ed. Ide\u00e1ln\u00ed pro sn\u00ed\u017een\u00ed kloubn\u00edch pot\u00ed\u017e\u00ed, zlep\u0161en\u00ed pohyblivosti a podporu dlouhodob\u00e9 flexibility. Ide\u00e1ln\u00ed pro ka\u017edodenn\u00ed pou\u017eit\u00ed a bezpe\u010dn\u00fd pro v\u0161echny typy poko\u017eky. Velk\u00e1 1kg n\u00e1doba.   <\/h3>\n","protected":false},"featured_media":35428,"comment_status":"open","ping_status":"closed","template":"","meta":[],"product_brand":[],"product_cat":[786,787],"product_tag":[812],"class_list":{"0":"post-35417","1":"product","2":"type-product","3":"status-publish","4":"has-post-thumbnail","6":"product_cat-pece-o-krasu","7":"product_cat-terapeuticke-oleje","8":"product_tag-kloubni-krem","10":"first","11":"instock","12":"sale","13":"shipping-taxable","14":"purchasable","15":"product-type-simple"},"_links":{"self":[{"href":"https:\/\/bazaar.express\/cs\/wp-json\/wp\/v2\/product\/35417","targetHints":{"allow":["GET"]}}],"collection":[{"href":"https:\/\/bazaar.express\/cs\/wp-json\/wp\/v2\/product"}],"about":[{"href":"https:\/\/bazaar.express\/cs\/wp-json\/wp\/v2\/types\/product"}],"replies":[{"embeddable":true,"href":"https:\/\/bazaar.express\/cs\/wp-json\/wp\/v2\/comments?post=35417"}],"wp:featuredmedia":[{"embeddable":true,"href":"https:\/\/bazaar.express\/cs\/wp-json\/wp\/v2\/media\/35428"}],"wp:attachment":[{"href":"https:\/\/bazaar.express\/cs\/wp-json\/wp\/v2\/media?parent=35417"}],"wp:term":[{"taxonomy":"product_brand","embeddable":true,"href":"https:\/\/bazaar.express\/cs\/wp-json\/wp\/v2\/product_brand?post=35417"},{"taxonomy":"product_cat","embeddable":true,"href":"https:\/\/bazaar.express\/cs\/wp-json\/wp\/v2\/product_cat?post=35417"},{"taxonomy":"product_tag","embeddable":true,"href":"https:\/\/bazaar.express\/cs\/wp-json\/wp\/v2\/product_tag?post=35417"}],"curies":[{"name":"wp","href":"https:\/\/api.w.org\/{rel}","templated":true}]}}