{"id":35430,"date":"2024-11-29T14:57:20","date_gmt":"2024-11-29T14:57:20","guid":{"rendered":"https:\/\/bazaar.express\/product\/jahodovy-krem-s-bambuckym-maslem\/"},"modified":"2024-11-29T14:57:20","modified_gmt":"2024-11-29T14:57:20","slug":"jahodovy-krem-s-bambuckym-maslem","status":"publish","type":"product","link":"https:\/\/bazaar.express\/cs\/produkt\/jahodovy-krem-s-bambuckym-maslem\/","title":{"rendered":"Jahodov\u00fd kr\u00e9m s bambuck\u00fdm m\u00e1slem"},"content":{"rendered":"<h2 data-start=\"218\" data-end=\"299\"><strong data-start=\"221\" data-end=\"299\">Kr\u00e9m s jahodov\u00fdm bambuck\u00fdm m\u00e1slem od Tnerh &#8211; hloubkov\u011b hydratuje a p\u016fsob\u00ed p\u0159irozen\u011b<\/strong><\/h2>\n<h3 data-start=\"301\" data-end=\"351\"><strong data-start=\"305\" data-end=\"351\">Intenzivn\u011b vy\u017eivuj\u00edc\u00ed p\u00e9\u010de pro z\u00e1\u0159ivou ple\u0165<\/strong><\/h3>\n<p data-start=\"353\" data-end=\"712\">Dop\u0159ejte sv\u00e9 poko\u017ece luxusn\u00ed p\u00e9\u010di, kterou si zaslou\u017e\u00ed, s <strong data-start=\"404\" data-end=\"436\">kr\u00e9mem s jahodov\u00fdm bambuck\u00fdm m\u00e1slem<\/strong> od spole\u010dnosti <strong data-start=\"442\" data-end=\"451\">Tnerh<\/strong>, 100% p\u0159\u00edrodn\u00edm egyptsk\u00fdm p\u0159\u00edpravkem pro p\u00e9\u010di o ple\u0165, kter\u00fd je zn\u00e1m\u00fd sv\u00fdm prvot\u0159\u00eddn\u00edm slo\u017een\u00edm a sladkou, dlouhotrvaj\u00edc\u00ed v\u016fn\u00ed. Tento kr\u00e9m s bambuck\u00fdm m\u00e1slem, ur\u010den\u00fd pro v\u0161echny typy pleti, nab\u00edz\u00ed hloubkovou hydrataci a viditeln\u00e9 omlazen\u00ed &#8211; ide\u00e1ln\u00ed pro suchou, citlivou nebo sluncem nam\u00e1hanou ple\u0165. <\/p>\n<h3 data-start=\"719\" data-end=\"761\"><strong data-start=\"723\" data-end=\"761\">\u010c\u00edm je bambuck\u00e9 m\u00e1slo tak v\u00fdjime\u010dn\u00e9?<\/strong><\/h3>\n<p data-start=\"763\" data-end=\"934\"><strong data-start=\"763\" data-end=\"778\">Bambuck\u00e9 m\u00e1slo<\/strong> je jednou z nej\u00fa\u010dinn\u011bj\u0161\u00edch p\u0159\u00edrodn\u00edch slo\u017eek p\u00e9\u010de o ple\u0165, bohatou na vitaminy A a E, mastn\u00e9 kyseliny a p\u0159\u00edrodn\u00ed antioxidanty. Je proslul\u00e9 svou schopnost\u00ed: <\/p>\n<ul data-start=\"936\" data-end=\"1415\">\n<li data-start=\"936\" data-end=\"1004\">\n<p data-start=\"938\" data-end=\"1004\"><strong data-start=\"941\" data-end=\"960\">Hloubkov\u00e1 hydratace:<\/strong> Uzav\u00edr\u00e1 vlhkost pro hladkou a pru\u017enou poko\u017eku.<\/p>\n<\/li>\n<li data-start=\"1005\" data-end=\"1083\">\n<p data-start=\"1007\" data-end=\"1083\"><strong data-start=\"1010\" data-end=\"1028\">L\u00e9\u010dba a zklidn\u011bn\u00ed:<\/strong> P\u0159\u00edrodn\u00ed l\u00e9\u010dba ekz\u00e9m\u016f, lup\u00e9nky a z\u00e1n\u011bt\u016f.<\/p>\n<\/li>\n<li data-start=\"1084\" data-end=\"1173\">\n<p data-start=\"1086\" data-end=\"1173\"><strong data-start=\"1088\" data-end=\"1114\">Sni\u017ete zn\u00e1mky st\u00e1rnut\u00ed:<\/strong> Zmen\u0161uje strie, jemn\u00e9 vr\u00e1sky a drsnost poko\u017eky.<\/p>\n<\/li>\n<li data-start=\"1174\" data-end=\"1258\">\n<p data-start=\"1176\" data-end=\"1258\"><strong data-start=\"1179\" data-end=\"1196\">Klidn\u00e9 sp\u00e1len\u00ed od slunce:<\/strong> Poskytuje rychlou \u00falevu a podporuje zotaven\u00ed po vystaven\u00ed UV z\u00e1\u0159en\u00ed.<\/p>\n<\/li>\n<li data-start=\"1259\" data-end=\"1339\">\n<p data-start=\"1261\" data-end=\"1339\"><strong data-start=\"1264\" data-end=\"1286\">Zlep\u0161en\u00ed t\u00f3nu pleti:<\/strong> Rozjas\u0148uje matn\u00e1 m\u00edsta a vyrovn\u00e1v\u00e1 barvu pleti.<\/p>\n<\/li>\n<li data-start=\"1340\" data-end=\"1415\">\n<p data-start=\"1342\" data-end=\"1415\"><strong data-start=\"1345\" data-end=\"1367\">P\u0159\u00edrodn\u00ed v\u016fn\u011b:<\/strong> Lehk\u00e1 jahodov\u00e1 v\u016fn\u011b osv\u011b\u017euje smysly.<\/p>\n<\/li>\n<\/ul>\n<h3 data-start=\"1422\" data-end=\"1461\"><strong data-start=\"1426\" data-end=\"1461\">Hv\u011bzdn\u00e9 ingredience v na\u0161em p\u0159\u00edpravku<\/strong><\/h3>\n<ul data-start=\"1463\" data-end=\"1725\">\n<li data-start=\"1463\" data-end=\"1552\">\n<p data-start=\"1465\" data-end=\"1552\"><strong data-start=\"1465\" data-end=\"1493\">100% p\u0159\u00edrodn\u00ed bambuck\u00e9 m\u00e1slo<\/strong> &#8211; \u010dist\u00e9, surov\u00e9 a z etick\u00fdch zdroj\u016f pro maxim\u00e1ln\u00ed hydrataci<\/p>\n<\/li>\n<li data-start=\"1553\" data-end=\"1639\">\n<p data-start=\"1555\" data-end=\"1639\"><strong data-start=\"1555\" data-end=\"1573\">jahodov\u00fd olej<\/strong> &#8211; bohat\u00fd na antioxidanty, podporuje mladistvou strukturu a z\u00e1\u0159ivost pleti.<\/p>\n<\/li>\n<li data-start=\"1640\" data-end=\"1725\">\n<p data-start=\"1642\" data-end=\"1725\"><strong data-start=\"1642\" data-end=\"1659\">Vitamin E a A<\/strong> &#8211; nezbytn\u00fd pro pru\u017enost, obnovu a dlouhodobou ochranu poko\u017eky.<\/p>\n<\/li>\n<\/ul>\n<h3 data-start=\"1732\" data-end=\"1777\"><strong data-start=\"1736\" data-end=\"1777\">Pro\u010d si vybrat kr\u00e9m s bambuck\u00fdm m\u00e1slem Tnerh&#8217;s?<\/strong><\/h3>\n<ul data-start=\"1779\" data-end=\"2102\">\n<li data-start=\"1779\" data-end=\"1839\">\n<p data-start=\"1781\" data-end=\"1839\"><strong data-start=\"1786\" data-end=\"1803\">Vyrobeno v Egypt\u011b<\/strong> z m\u00edstn\u00edch surovin<\/p>\n<\/li>\n<li data-start=\"1840\" data-end=\"1901\">\n<p data-start=\"1842\" data-end=\"1901\"><strong data-start=\"1844\" data-end=\"1899\">Licence vydan\u00e1 Egyptsk\u00fdm \u00fa\u0159adem pro l\u00e9\u010diva a kosmetiku<\/strong><\/p>\n<\/li>\n<li data-start=\"1902\" data-end=\"1971\">\n<p data-start=\"1904\" data-end=\"1971\"><strong data-start=\"1907\" data-end=\"1923\">100% p\u0159\u00edrodn\u00ed<\/strong> bez um\u011bl\u00fdch p\u0159\u00edsad a konzerva\u010dn\u00edch l\u00e1tek<\/p>\n<\/li>\n<li data-start=\"1972\" data-end=\"2040\">\n<p data-start=\"1974\" data-end=\"2040\"><strong data-start=\"1977\" data-end=\"1994\">Lehk\u00e1 textura<\/strong>, kter\u00e1 se rychle vst\u0159eb\u00e1v\u00e1 a neucp\u00e1v\u00e1 p\u00f3ry<\/p>\n<\/li>\n<li data-start=\"2041\" data-end=\"2102\">\n<p data-start=\"2043\" data-end=\"2102\"><strong data-start=\"2046\" data-end=\"2073\">Bezpe\u010dn\u00e9 pro v\u0161echny typy pleti<\/strong> &#8211; vhodn\u00e9 i pro d\u011bti<\/p>\n<\/li>\n<\/ul>\n<h3 data-start=\"2109\" data-end=\"2132\"><strong data-start=\"2113\" data-end=\"2132\">Podrobnosti o produktu<\/strong><\/h3>\n<ul data-start=\"2134\" data-end=\"2352\">\n<li data-start=\"2134\" data-end=\"2158\">\n<p data-start=\"2136\" data-end=\"2158\"><strong data-start=\"2136\" data-end=\"2147\">Hmotnost:<\/strong> 80 gram\u016f<\/p>\n<\/li>\n<li data-start=\"2159\" data-end=\"2250\">\n<p data-start=\"2161\" data-end=\"2250\"><strong data-start=\"2161\" data-end=\"2171\">V\u016fn\u011b:<\/strong> P\u0159irozen\u011b von\u00ed h\u0159ejivou v\u016fn\u00ed bambuck\u00e9ho m\u00e1sla a sladk\u00fdch jahod.<\/p>\n<\/li>\n<li data-start=\"2251\" data-end=\"2352\">\n<p data-start=\"2253\" data-end=\"2352\"><strong data-start=\"2253\" data-end=\"2263\">Pou\u017eit\u00ed:<\/strong> Aplikujte na \u010distou a suchou poko\u017eku a vmas\u00edrujte, dokud se zcela nevst\u0159eb\u00e1.<\/p>\n<\/li>\n<\/ul>\n<h2 data-start=\"2669\" data-end=\"2731\"><strong data-start=\"2672\" data-end=\"2731\">Shrnut\u00ed: P\u0159idejte do sv\u00e9 p\u00e9\u010de o ple\u0165 dotek p\u0159\u00edrody<\/strong><\/h2>\n<p data-start=\"2733\" data-end=\"3096\"><strong data-start=\"2733\" data-end=\"2765\">Jahodov\u00fd kr\u00e9m s bambuck\u00fdm m\u00e1slem<\/strong> od <strong data-start=\"2769\" data-end=\"2778\">Tnerh<\/strong> je v\u00edc ne\u017e jen hydrata\u010dn\u00ed kr\u00e9m &#8211; je to kompletn\u00ed p\u00e9\u010de o ple\u0165. Jeho \u00fa\u010dinn\u00e9 slo\u017een\u00ed p\u0159in\u00e1\u0161\u00ed viditeln\u00e9 v\u00fdsledky p\u0159i ka\u017ed\u00e9m pou\u017eit\u00ed, od zklidn\u011bn\u00ed sp\u00e1lenin po redukci vr\u00e1sek. H\u00fd\u010dkejte svou poko\u017eku bohatstv\u00edm <strong data-start=\"2993\" data-end=\"3008\">bambuck\u00e9ho m\u00e1sla<\/strong>, antioxida\u010dn\u00edm puncem jahod a l\u00e1skou k p\u0159\u00edrodn\u00edmu egyptsk\u00e9mu \u0159emeslu.  <\/p>\n<p data-start=\"3098\" data-end=\"3207\">  P\u0159idejte si ho do ko\u0161\u00edku <strong data-start=\"3116\" data-end=\"3134\">Bazaar Express<\/strong> je\u0161t\u011b dnes a za\u017eijte hlad\u0161\u00ed, jasn\u011bj\u0161\u00ed a hloubkov\u011b vy\u017eivenou ple\u0165!<\/p>\n<p style=\"text-align: center;\">D\u011bkujeme za n\u00e1kupy na <em data-start=\"415\" data-end=\"431\"><a href=\"https:\/\/bazaar.express\/\">Bazaar Express<\/a><\/em> &#8211; Jsme r\u00e1di, \u017ee jste u n\u00e1s!<\/p>\n<p style=\"text-align: center;\">Va\u0161e cesta k lep\u0161\u00ed p\u00e9\u010di o sebe sama za\u010d\u00edn\u00e1 zde &#8211; s <a href=\"https:\/\/bazaar.express\/product-category\/beauty-care\/\">Beauty &amp; Care<\/a>, kter\u00e9 m\u016f\u017eete d\u016fv\u011b\u0159ovat.<\/p>\n","protected":false},"excerpt":{"rendered":"<h3 data-start=\"489\" data-end=\"744\">Kr\u00e9m Tnerh&#8217;s Strawberry Shea Butter dod\u00e1v\u00e1 hloubkovou hydrataci, zklid\u0148uje podr\u00e1\u017ed\u011bn\u00ed a zvy\u0161uje lesk pleti d\u00edky s\u00edle p\u0159\u00edrodn\u00edho bambuck\u00e9ho m\u00e1sla a jahodov\u00e9ho oleje. Kr\u00e9m je bohat\u00fd na vitaminy A a E a je ide\u00e1ln\u00ed pro zjemn\u011bn\u00ed, hojen\u00ed a revitalizaci v\u0161ech typ\u016f pleti. <\/h3>\n","protected":false},"featured_media":35433,"comment_status":"open","ping_status":"closed","template":"","meta":[],"product_brand":[],"product_cat":[786,787],"product_tag":[864],"class_list":{"0":"post-35430","1":"product","2":"type-product","3":"status-publish","4":"has-post-thumbnail","6":"product_cat-pece-o-krasu","7":"product_cat-terapeuticke-oleje","8":"product_tag-bambucke-maslo","10":"first","11":"instock","12":"sale","13":"shipping-taxable","14":"purchasable","15":"product-type-simple"},"_links":{"self":[{"href":"https:\/\/bazaar.express\/cs\/wp-json\/wp\/v2\/product\/35430","targetHints":{"allow":["GET"]}}],"collection":[{"href":"https:\/\/bazaar.express\/cs\/wp-json\/wp\/v2\/product"}],"about":[{"href":"https:\/\/bazaar.express\/cs\/wp-json\/wp\/v2\/types\/product"}],"replies":[{"embeddable":true,"href":"https:\/\/bazaar.express\/cs\/wp-json\/wp\/v2\/comments?post=35430"}],"wp:featuredmedia":[{"embeddable":true,"href":"https:\/\/bazaar.express\/cs\/wp-json\/wp\/v2\/media\/35433"}],"wp:attachment":[{"href":"https:\/\/bazaar.express\/cs\/wp-json\/wp\/v2\/media?parent=35430"}],"wp:term":[{"taxonomy":"product_brand","embeddable":true,"href":"https:\/\/bazaar.express\/cs\/wp-json\/wp\/v2\/product_brand?post=35430"},{"taxonomy":"product_cat","embeddable":true,"href":"https:\/\/bazaar.express\/cs\/wp-json\/wp\/v2\/product_cat?post=35430"},{"taxonomy":"product_tag","embeddable":true,"href":"https:\/\/bazaar.express\/cs\/wp-json\/wp\/v2\/product_tag?post=35430"}],"curies":[{"name":"wp","href":"https:\/\/api.w.org\/{rel}","templated":true}]}}