{"id":35592,"date":"2025-01-17T22:47:58","date_gmt":"2025-01-17T22:47:58","guid":{"rendered":"https:\/\/bazaar.express\/?post_type=product&#038;p=35592"},"modified":"2026-04-06T02:00:23","modified_gmt":"2026-04-06T02:00:23","slug":"kondicioner-s-marocky-arganovym-olejem-kleopatra-vyzivte-a-posilte-vlasy","status":"publish","type":"product","link":"https:\/\/bazaar.express\/cs\/produkt\/kondicioner-s-marocky-arganovym-olejem-kleopatra-vyzivte-a-posilte-vlasy\/","title":{"rendered":"Kondicion\u00e9r s marock\u00fd arganov\u00fdm olejem \u2013 Kleopatra | Vy\u017eivte a pos\u00edlte vlasy"},"content":{"rendered":"<h2 data-pm-slice=\"1 3 []\"><strong>Kondicion\u00e9r Kleopatra s marock\u00fd arganov\u00fdm olejem: Pos\u00edlen\u00ed a v\u00fd\u017eiva va\u0161ich vlas\u016f<\/strong><\/h2>\n<p><strong>Popis:<\/strong> Kondicion\u00e9r Kleopatra s marock\u00fd arganov\u00fdm olejem je ur\u010den k transformaci va\u0161ich vlas\u016f. Jedn\u00e1 se o pr\u00e9miov\u00fd produkt pro v\u00fd\u017eivu vlas\u016f. Tento kondicion\u00e9r obsahuje <strong>marock\u00fd arganov\u00fd olej<\/strong>. P\u016fsob\u00ed na va\u0161e vlasy od ko\u0159\u00ednk\u016f a\u017e po kone\u010dky. Poskytuje hlubokou hydrataci, posiluje vlasy a vrac\u00ed jim \u017eivot. <strong>Arganov\u00fd olej<\/strong> je zn\u00e1m\u00fd sv\u00fdmi vynikaj\u00edc\u00edmi hydrata\u010dn\u00edmi vlastnostmi. Pom\u00e1h\u00e1 such\u00fdm a oslabel\u00fdm vlas\u016fm obnovit jejich vlhkost. D\u00edky tomu jsou vlasy m\u011bk\u010d\u00ed, leskl\u00e9 a l\u00e9pe se styluj\u00ed. Kondicion\u00e9r tak\u00e9 posiluje ko\u0159\u00ednky vlas\u016f. To vede k siln\u011bj\u0161\u00edmu a zdrav\u011bj\u0161\u00edmu r\u016fstu vlas\u016f. Z\u00e1rove\u0148 zabra\u0148uje vysu\u0161ov\u00e1n\u00ed vlas\u016f a poko\u017eky hlavy.<\/p>\n<p>P\u0159\u00edrodn\u00ed bohatstv\u00ed <strong>marock\u00fd arganov\u00e9ho oleje<\/strong> je vhodn\u00e9 pro v\u0161echny typy vlas\u016f, zejm\u00e9na pro such\u00e9, po\u0161kozen\u00e9 nebo oslaben\u00e9 vlasy. M\u00e1 ochrann\u00fd \u00fa\u010dinek proti po\u0161kozen\u00ed z prost\u0159ed\u00ed, sni\u017euje krepatost a dod\u00e1v\u00e1 vlas\u016fm hladkou hedv\u00e1bnou texturu. Kondicion\u00e9r Kleopatra s marock\u00fd arganov\u00fdm olejem pom\u00e1h\u00e1 udr\u017eovat p\u0159irozenou vlhkost vlas\u016f v rovnov\u00e1ze, \u010d\u00edm\u017e je udr\u017euje zdrav\u00e9, vit\u00e1ln\u00ed a pln\u00e9 \u017eivota.<\/p>\n<h2><strong>Kl\u00ed\u010dov\u00e9 vlastnosti a v\u00fdhody:<\/strong><\/h2>\n<ul>\n<li><strong>Hlubok\u00e1 v\u00fd\u017eiva<\/strong>: <strong>Marock\u00fd arganov\u00fd olej<\/strong> m\u00e1 hlubok\u00fd vliv na hydrataci a v\u00fd\u017eivu vlas\u016f, \u010d\u00edm\u017e jim dod\u00e1v\u00e1 m\u011bkk\u00fd hedv\u00e1bn\u00fd pocit.<\/li>\n<li><strong>Posiluje vlasy<\/strong>: Obsahuje mnoho antioxidant\u016f a kl\u00ed\u010dov\u00fdch mastn\u00fdch kyselin, kter\u00e9 posiluj\u00ed vlasov\u00e9 folikuly a sni\u017euj\u00ed l\u00e1mavost a \u0161t\u00edp\u00e1n\u00ed kone\u010dk\u016f.<\/li>\n<li><strong>Obnovuje lesk<\/strong>: Pom\u00e1h\u00e1 vr\u00e1tit p\u0159irozen\u00fd lesk matn\u00fdm a ploch\u00fdm vlas\u016fm, \u010d\u00edm\u017e je \u010din\u00ed leskl\u00fdmi a pln\u00fdmi \u017eivota.<\/li>\n<li><strong>Hydratuje poko\u017eku hlavy<\/strong>: Zabra\u0148uje vysu\u0161ov\u00e1n\u00ed poko\u017eky hlavy a udr\u017euje vlasy i poko\u017eku vlhk\u00e9 a zdrav\u00e9.<\/li>\n<li><strong>Vhodn\u00e9 pro v\u0161echny typy vlas\u016f<\/strong>: Funguje dob\u0159e pro v\u0161echny druhy vlas\u016f, v\u010detn\u011b such\u00fdch, po\u0161kozen\u00fdch nebo hrub\u00fdch vlas\u016f.<\/li>\n<li><strong>Bez v\u016fn\u011b<\/strong>: Kondicion\u00e9r Kleopatra s marock\u00fd arganov\u00fdm olejem neobsahuje um\u011bl\u00e9 v\u016fn\u011b, co\u017e jej \u010din\u00ed vhodnou volbou pro lidi s citlivou poko\u017ekou hlavy.<\/li>\n<\/ul>\n<h2><strong>Jak pou\u017e\u00edvat:<\/strong><\/h2>\n<p>Pro dosa\u017een\u00ed nejlep\u0161\u00edch v\u00fdsledk\u016f aplikujte velk\u00e9 mno\u017estv\u00ed kondicion\u00e9ru Kleopatra s marock\u00fd arganov\u00fdm olejem na vlhk\u00e9 vlasy po pou\u017eit\u00ed <strong>\u0161amp\u00f3nu Kleopatra s marock\u00fd arganov\u00fdm olejem<\/strong>. D\u016fkladn\u011b jej zapracujte do vlas\u016f se zvl\u00e1\u0161tn\u00ed pozornost\u00ed na kone\u010dky. Nechte p\u016fsobit n\u011bkolik minut a pot\u00e9 d\u016fkladn\u011b opl\u00e1chn\u011bte vodou. Chcete-li dos\u00e1hnout nejlep\u0161\u00edch \u00fa\u010dink\u016f, u\u010di\u0148te to pravidelnou sou\u010d\u00e1st\u00ed va\u0161\u00ed p\u00e9\u010de o vlasy.<\/p>\n<h3><strong>Pro\u010d si vybrat kondicion\u00e9r Kleopatra s marock\u00fd arganov\u00fdm olejem?<\/strong><\/h3>\n<p>Kondicion\u00e9r Kleopatra s marock\u00fd arganov\u00fdm olejem pom\u00e1h\u00e1 hydratovat a vy\u017eivovat va\u0161e vlasy, zat\u00edmco je posiluje a chr\u00e1n\u00ed p\u0159ed po\u0161kozen\u00edm. Bohat\u00fd na <strong>marock\u00fd arganov\u00fd olej<\/strong>, m\u00e1 hlubok\u00fd hydrata\u010dn\u00ed \u00fa\u010dinek, vrac\u00ed lesk a udr\u017euje va\u0161e vlasy hladk\u00e9 a leskl\u00e9. P\u0159i pou\u017eit\u00ed spolu se <strong>\u0161amp\u00f3nem Kleopatra s marock\u00fd arganov\u00fdm olejem<\/strong> poskytuje tento kondicion\u00e9r komplexn\u00ed p\u00e9\u010di o vlasy, kter\u00e1 je udr\u017euje zdrav\u00e9 a z\u00e1\u0159iv\u00e9.<\/p>\n<h3><strong>Obecn\u00e9 informace o produktu:<\/strong><\/h3>\n<ul>\n<li><strong>Zna\u010dka<\/strong>: Kleopatra<\/li>\n<li><strong>Typ produktu<\/strong>: Kondicion\u00e9r<\/li>\n<li><strong>Objem<\/strong>: 500 ml<\/li>\n<li><strong>C\u00edlov\u00e1 skupina<\/strong>: Unisex<\/li>\n<li><strong>Vhodn\u00e9 pro<\/strong>: V\u0161echny typy vlas\u016f<\/li>\n<li><strong>Kl\u00ed\u010dov\u00e9 slo\u017eky<\/strong>: <strong>Marock\u00fd arganov\u00fd olej<\/strong><\/li>\n<\/ul>\n<p style=\"text-align: left;\"><strong>Vyrobeno v<\/strong>: Egypt\u011b<\/p>\n<h5>U\u017eijte si hedv\u00e1bn\u00fd a vy\u017eiven\u00fd vzhled p\u0159i ka\u017ed\u00e9m pou\u017eit\u00ed.<\/h5>\n<p style=\"text-align: center;\">D\u011bkujeme v\u00e1m za n\u00e1kup v <em data-start=\"415\" data-end=\"431\"><a href=\"https:\/\/bazaar.express\/cs\/\">Bazaar Express<\/a><\/em> \u2013 jsme r\u00e1di, \u017ee jste u n\u00e1s!<\/p>\n<p style=\"text-align: center;\">Va\u0161e cesta k lep\u0161\u00ed p\u00e9\u010di o sebe za\u010d\u00edn\u00e1 zde \u2013 s <a href=\"https:\/\/bazaar.express\/cs\/kategorie-produktu\/pece-o-krasu\/\">p\u00e9\u010d\u00ed o kr\u00e1su a zdrav\u00ed<\/a>, kter\u00e9 si m\u016f\u017eete d\u016fv\u011b\u0159ovat.<\/p>\n","protected":false},"excerpt":{"rendered":"<h3>Kondicion\u00e9r Kleopatra s marock\u00fd arganov\u00fdm olejem je luxusn\u00ed, hydrata\u010dn\u00ed kondicion\u00e9r obohacen\u00fd marock\u00fd arganov\u00fdm olejem. Zn\u00e1m\u00fd sv\u00fdmi hlubok\u00fdmi hydrata\u010dn\u00edmi a vy\u017eivuj\u00edc\u00edmi vlastnostmi, pom\u00e1h\u00e1 obnovit vlhkost such\u00fdm vlas\u016fm, posiluje vlasov\u00e9 folikuly a podporuje m\u011bkk\u00e9, leskl\u00e9 a snadno ovladateln\u00e9 vlasy. Ide\u00e1ln\u00ed pro v\u0161echny typy vlas\u016f, sni\u017euje krepatost a udr\u017euje va\u0161e vlasy zdrav\u00e9 a vit\u00e1ln\u00ed.<\/h3>\n<h3><\/h3>\n","protected":false},"featured_media":35593,"comment_status":"open","ping_status":"closed","template":"","meta":[],"product_brand":[],"product_cat":[786,788],"product_tag":[790,783],"class_list":{"0":"post-35592","1":"product","2":"type-product","3":"status-publish","4":"has-post-thumbnail","6":"product_cat-pece-o-krasu","7":"product_cat-to-nejlepsi-z-egypta","8":"product_tag-pece-o-krasu","9":"product_tag-pece-o-plet","10":"pa_l-xl-500ml","12":"first","13":"outofstock","14":"shipping-taxable","15":"product-type-simple"},"_links":{"self":[{"href":"https:\/\/bazaar.express\/cs\/wp-json\/wp\/v2\/product\/35592","targetHints":{"allow":["GET"]}}],"collection":[{"href":"https:\/\/bazaar.express\/cs\/wp-json\/wp\/v2\/product"}],"about":[{"href":"https:\/\/bazaar.express\/cs\/wp-json\/wp\/v2\/types\/product"}],"replies":[{"embeddable":true,"href":"https:\/\/bazaar.express\/cs\/wp-json\/wp\/v2\/comments?post=35592"}],"wp:featuredmedia":[{"embeddable":true,"href":"https:\/\/bazaar.express\/cs\/wp-json\/wp\/v2\/media\/35593"}],"wp:attachment":[{"href":"https:\/\/bazaar.express\/cs\/wp-json\/wp\/v2\/media?parent=35592"}],"wp:term":[{"taxonomy":"product_brand","embeddable":true,"href":"https:\/\/bazaar.express\/cs\/wp-json\/wp\/v2\/product_brand?post=35592"},{"taxonomy":"product_cat","embeddable":true,"href":"https:\/\/bazaar.express\/cs\/wp-json\/wp\/v2\/product_cat?post=35592"},{"taxonomy":"product_tag","embeddable":true,"href":"https:\/\/bazaar.express\/cs\/wp-json\/wp\/v2\/product_tag?post=35592"}],"curies":[{"name":"wp","href":"https:\/\/api.w.org\/{rel}","templated":true}]}}