{"id":35604,"date":"2025-01-17T22:27:10","date_gmt":"2025-01-17T22:27:10","guid":{"rendered":"https:\/\/bazaar.express\/?post_type=product&#038;p=35604"},"modified":"2026-04-06T02:01:10","modified_gmt":"2026-04-06T02:01:10","slug":"marocky-sampon-s-arganovym-olejem-kleopatra-vyzivte-a-posilte-vlasy","status":"publish","type":"product","link":"https:\/\/bazaar.express\/cs\/produkt\/marocky-sampon-s-arganovym-olejem-kleopatra-vyzivte-a-posilte-vlasy\/","title":{"rendered":"Marock\u00fd \u0161ampon s arganov\u00fdm olejem \u2013 Kleopatra | Vy\u017eivte a pos\u00edlte vlasy"},"content":{"rendered":"<h2 data-pm-slice=\"1 1 []\"><strong>\u0160ampon Kleopatra s marock\u00fd arganov\u00fdm olejem: Dejte va\u0161im vlas\u016fm s\u00edlu a v\u00fd\u017eivu<\/strong><\/h2>\n<p>\u0160ampon Kleopatra s marock\u00fd arganov\u00fdm olejem si klade za c\u00edl transformovat va\u0161e vlasy. Tento pr\u00e9miov\u00fd vlasov\u00fd p\u0159\u00edpravek obsahuje <strong>marock\u00fd arganov\u00fd olej<\/strong>. P\u016fsob\u00ed na va\u0161e vlasy od ko\u0159\u00ednk\u016f a\u017e po kone\u010dky t\u00edm, \u017ee je vy\u017eivuje, posiluje a vrac\u00ed jim \u017eivot. <strong>Arganov\u00fd olej<\/strong> vynik\u00e1 svou schopnost\u00ed hydratovat. Pom\u00e1h\u00e1 vr\u00e1tit vlhkost such\u00fdm a k\u0159ehk\u00fdm vlas\u016fm, \u010d\u00edm\u017e je \u010din\u00ed m\u011bk\u010d\u00edmi, leskl\u00fdmi a l\u00e9pe ovladateln\u00fdmi. Tento \u0161ampon tak\u00e9 posiluje vlasov\u00e9 folikuly. To vede k zdrav\u011bj\u0161\u00edmu r\u016fstu vlas\u016f a chr\u00e1n\u00ed vlasy i poko\u017eku hlavy p\u0159ed vysu\u0161en\u00edm.<\/p>\n<p>P\u0159\u00edrodn\u00ed bohatstv\u00ed marock\u00e9 arganov\u00e9ho oleje se hod\u00ed pro v\u0161echny typy vlas\u016f. Je vhodn\u00fd pro such\u00e9, po\u0161kozen\u00e9 nebo slab\u00e9 vlasy. Tento olej pom\u00e1h\u00e1 chr\u00e1nit vlasy p\u0159ed po\u0161kozen\u00edm zp\u016fsoben\u00fdm prost\u0159ed\u00edm. Tak\u00e9 sni\u017euje krepatost a zanech\u00e1v\u00e1 va\u0161e vlasy hladk\u00e9 a hedv\u00e1bit\u00e9. \u0160ampon Kleopatra s marock\u00fd arganov\u00fdm olejem \u010dist\u00ed vlasy. Z\u00e1rove\u0148 si zachov\u00e1v\u00e1 p\u0159irozenou rovnov\u00e1hu vlhkosti vlas\u016f. To \u010din\u00ed va\u0161e vlasy zdrav\u011bji vypadaj\u00edc\u00edmi a \u017eiv\u011bj\u0161\u00edmi.<\/p>\n<h2><strong>Kl\u00ed\u010dov\u00e9 vlastnosti a v\u00fdhody:<\/strong><\/h2>\n<ul>\n<li><strong>Hlubok\u00e1 v\u00fd\u017eiva<\/strong>: Marock\u00fd arganov\u00fd olej se vs\u00e1kne do vlas\u016f a dod\u00e1 jim p\u0159irozenou m\u011bkkost a hedv\u00e1bn\u00fd pocit.<\/li>\n<li><strong>Posiluje vlasy<\/strong>: Obsahuje spoustu antioxidant\u016f a esenci\u00e1ln\u00edch mastn\u00fdch kyselin. Ty posiluj\u00ed vlasov\u00e9 folikuly, co\u017e znamen\u00e1 m\u00e9n\u011b l\u00e1m\u00e1n\u00ed a m\u00e9n\u011b \u0161t\u011bpen\u00ed kone\u010dk\u016f.<\/li>\n<li><strong>Vrac\u00ed lesk<\/strong>: Pracuje na obnoven\u00ed p\u0159irozen\u00e9ho lesku matn\u00fdm vlas\u016fm, \u010d\u00edm\u017e je \u010din\u00ed \u017eiv\u011bj\u0161\u00edmi a leskl\u00fdmi.<\/li>\n<li><strong>Hydratuje poko\u017eku hlavy<\/strong>: Zabra\u0148uje vysu\u0161ov\u00e1n\u00ed poko\u017eky hlavy a udr\u017euje vlasy i poko\u017eku zdrav\u00e9 a dob\u0159e hydratovan\u00e9.<\/li>\n<li><strong>Vhodn\u00fd pro v\u0161echny typy vlas\u016f<\/strong>: Skv\u011bl\u00fd pro ka\u017ed\u00fd typ vlas\u016f, i kdy\u017e jsou such\u00e9, po\u0161kozen\u00e9 nebo hrub\u00e9.<\/li>\n<li><strong>Bez p\u0159idan\u00fdch v\u016fn\u00ed<\/strong>: \u0160ampon Kleopatra s marock\u00fd arganov\u00fdm olejem neobsahuje \u017e\u00e1dn\u00e9 um\u011bl\u00e9 v\u016fn\u011b, tak\u017ee je vhodn\u00fd pro lidi s citlivou poko\u017ekou hlavy.<\/li>\n<\/ul>\n<h2><strong>Jak pou\u017e\u00edvat:<\/strong><\/h2>\n<p>Chcete-li z\u00edskat maximum z tohoto produktu, aplikujte hojn\u00e9 mno\u017estv\u00ed \u0161amponu Kleopatra s marock\u00fd arganov\u00fdm olejem na vlhk\u00e9 vlasy. Vmas\u00edrujte jej do poko\u017eky hlavy a vlas\u016f, dokud se neobjev\u00ed p\u011bna. Nechte jej p\u016fsobit n\u011bkolik minut, aby se aktivn\u00ed slo\u017eky mohly vs\u00e1knout. D\u016fkladn\u011b opl\u00e1chn\u011bte vodou. Pro nejlep\u0161\u00ed v\u00fdsledky pou\u017eijte n\u00e1sledn\u011b <strong>kondicion\u00e9r Kleopatra s arganov\u00fdm olejem<\/strong>.<\/p>\n<h3><strong>Pro\u010d si vybrat \u0161ampon Kleopatra s marock\u00fd arganov\u00fdm olejem?<\/strong><\/h3>\n<p>\u0160ampon Kleopatra s marock\u00fd arganov\u00fdm olejem kombinuje <strong>p\u0159\u00edrodn\u00ed ingredience<\/strong> pro hlubokou v\u00fd\u017eivu a hydrataci vlas\u016f, p\u0159i\u010dem\u017e je chr\u00e1n\u00ed p\u0159ed po\u0161kozen\u00edm. Jeho vynikaj\u00edc\u00ed formule podporuje zdrav\u00fd r\u016fst vlas\u016f, zkrot\u00ed krepatost a vrac\u00ed lesk. Pou\u017eit\u00ed s <strong>kondicion\u00e9rem Kleopatra s arganov\u00fdm olejem<\/strong> v\u00e1m poskytuje komplexn\u00ed p\u00e9\u010di o vlasy, kter\u00e1 zanech\u00e1v\u00e1 va\u0161e vlasy m\u011bkk\u00e9, leskl\u00e9 a snadno ovladateln\u00e9.<\/p>\n<h3><strong>Obecn\u00e9 informace o produktu:<\/strong><\/h3>\n<ul>\n<li><strong>Zna\u010dka<\/strong>: Cleopatra<\/li>\n<li><strong>Typ produktu<\/strong>: \u0160ampon<\/li>\n<li><strong>Objem<\/strong>: 500 ml<\/li>\n<li><strong>C\u00edlov\u00e1 skupina<\/strong>: Unisex<\/li>\n<li><strong>Vhodn\u00fd pro<\/strong>: V\u0161echny typy vlas\u016f<\/li>\n<li><strong>Kl\u00ed\u010dov\u00e9 ingredience<\/strong>: Marock\u00fd arganov\u00fd olej<\/li>\n<li>\n<p style=\"text-align: left;\"><strong>Vyrobeno v<\/strong>: Egypt\u011b<\/p>\n<\/li>\n<\/ul>\n<h5>\u0160ampon Kleopatra s arganov\u00fdm olejem poskytuje va\u0161im vlas\u016fm p\u00e9\u010di, kterou pot\u0159ebuj\u00ed.<\/h5>\n<p style=\"text-align: center;\">D\u011bkujeme v\u00e1m za n\u00e1kup v <em data-start=\"415\" data-end=\"431\"><a href=\"https:\/\/bazaar.express\/cs\/\">Bazaar Express<\/a><\/em> \u2013 jsme r\u00e1di, \u017ee jste u n\u00e1s!<\/p>\n<p style=\"text-align: center;\">Va\u0161e cesta k lep\u0161\u00ed p\u00e9\u010di o sebe za\u010d\u00edn\u00e1 zde \u2013 s <a href=\"https:\/\/bazaar.express\/cs\/kategorie-produktu\/pece-o-krasu\/\">p\u00e9\u010d\u00ed o kr\u00e1su<\/a>, kter\u00e9 m\u016f\u017eete d\u016fv\u011b\u0159ovat.<\/p>\n","protected":false},"excerpt":{"rendered":"<h3>\u0160ampon Kleopatra s marock\u00fd arganov\u00fdm olejem je luxusn\u00ed, hydrata\u010dn\u00ed \u0161ampon obohacen\u00fd marock\u00fd arganov\u00fdm olejem. Zn\u00e1m\u00fd sv\u00fdmi hlubok\u00fdmi hydrata\u010dn\u00edmi a vy\u017eivuj\u00edc\u00edmi vlastnostmi, pom\u00e1h\u00e1 obnovit vlhkost such\u00fdm vlas\u016fm, posiluje vlasov\u00e9 folikuly a podporuje m\u011bkk\u00e9, leskl\u00e9 a snadno ovladateln\u00e9 vlasy. Ide\u00e1ln\u00ed pro v\u0161echny typy vlas\u016f, sni\u017euje krepatost a udr\u017euje va\u0161e vlasy zdrav\u011b vypadaj\u00edc\u00edmi a z\u00e1\u0159iv\u00fdmi.<\/h3>\n<h3><\/h3>\n","protected":false},"featured_media":35605,"comment_status":"open","ping_status":"closed","template":"","meta":[],"product_brand":[],"product_cat":[786,788],"product_tag":[],"class_list":{"0":"post-35604","1":"product","2":"type-product","3":"status-publish","4":"has-post-thumbnail","6":"product_cat-pece-o-krasu","7":"product_cat-to-nejlepsi-z-egypta","9":"first","10":"outofstock","11":"shipping-taxable","12":"product-type-simple"},"_links":{"self":[{"href":"https:\/\/bazaar.express\/cs\/wp-json\/wp\/v2\/product\/35604","targetHints":{"allow":["GET"]}}],"collection":[{"href":"https:\/\/bazaar.express\/cs\/wp-json\/wp\/v2\/product"}],"about":[{"href":"https:\/\/bazaar.express\/cs\/wp-json\/wp\/v2\/types\/product"}],"replies":[{"embeddable":true,"href":"https:\/\/bazaar.express\/cs\/wp-json\/wp\/v2\/comments?post=35604"}],"wp:featuredmedia":[{"embeddable":true,"href":"https:\/\/bazaar.express\/cs\/wp-json\/wp\/v2\/media\/35605"}],"wp:attachment":[{"href":"https:\/\/bazaar.express\/cs\/wp-json\/wp\/v2\/media?parent=35604"}],"wp:term":[{"taxonomy":"product_brand","embeddable":true,"href":"https:\/\/bazaar.express\/cs\/wp-json\/wp\/v2\/product_brand?post=35604"},{"taxonomy":"product_cat","embeddable":true,"href":"https:\/\/bazaar.express\/cs\/wp-json\/wp\/v2\/product_cat?post=35604"},{"taxonomy":"product_tag","embeddable":true,"href":"https:\/\/bazaar.express\/cs\/wp-json\/wp\/v2\/product_tag?post=35604"}],"curies":[{"name":"wp","href":"https:\/\/api.w.org\/{rel}","templated":true}]}}