{"id":35612,"date":"2025-01-17T16:18:46","date_gmt":"2025-01-17T16:18:46","guid":{"rendered":"https:\/\/bazaar.express\/?post_type=product&#038;p=35612"},"modified":"2026-04-06T02:02:28","modified_gmt":"2026-04-06T02:02:28","slug":"shea-butter-sampon-cleopatra-pro-zdrave-silne-vlasy","status":"publish","type":"product","link":"https:\/\/bazaar.express\/cs\/produkt\/shea-butter-sampon-cleopatra-pro-zdrave-silne-vlasy\/","title":{"rendered":"Shea Butter \u0160ampon \u2013 Cleopatra | pro zdrav\u00e9, siln\u00e9 vlasy"},"content":{"rendered":"<div data-type=\"horizontalRule\">\n<hr \/>\n<\/div>\n<div data-type=\"horizontalRule\">\n<hr \/>\n<\/div>\n<h2><strong>Cleopatra \u0160ampon se Shea Butter: Nejlep\u0161\u00ed produkt na p\u00e9\u010di o vlasy<\/strong><\/h2>\n<p>Cleopatra \u0160ampon se Shea Butter je nejlep\u0161\u00ed volbou pro zdrav\u00e9, leskl\u00e9 a siln\u00e9 vlasy. Tento bohat\u00fd \u0161ampon obsahuje p\u0159\u00edrodn\u00ed shea butter, kter\u00fd poskytuje va\u0161im vlas\u016fm hlubokou hydrataci, podporuje jejich r\u016fst a vrac\u00ed jim p\u0159irozenou kr\u00e1su. Pokud m\u00e1te such\u00e9, po\u0161kozen\u00e9 nebo slab\u00e9 vlasy, Cleopatra \u0160ampon se Shea Butter v\u00e1m poskytne p\u00e9\u010di a v\u00fd\u017eivu, kterou va\u0161e vlasy pot\u0159ebuj\u00ed.<\/p>\n<h2><strong>Kl\u00ed\u010dov\u00e9 slo\u017eky Cleopatra \u0160amponu se Shea Butter<\/strong><\/h2>\n<p>Shea Butter je hlavn\u00ed slo\u017ekou Cleopatra \u0160amponu. Tento p\u0159\u00edrodn\u00ed produkt p\u016fsob\u00ed na vlasy sv\u00fdmi hydrata\u010dn\u00edmi a l\u00e9\u010div\u00fdmi vlastnostmi. Shea Butter pom\u00e1h\u00e1 obnovit such\u00e9 vlasy, sni\u017euje jejich l\u00e1mavost a zabra\u0148uje \u0161t\u011bpen\u00ed konc\u016f, co\u017e vede k siln\u011bj\u0161\u00edm a zdrav\u011bj\u0161\u00edm vlas\u016fm.<\/p>\n<p>Formule tak\u00e9 obsahuje <strong>Vitamin E<\/strong>, antioxidant, kter\u00fd chr\u00e1n\u00ed bu\u0148ky vlas\u016f p\u0159ed po\u0161kozen\u00edm z prost\u0159ed\u00ed a podporuje zdrav\u00fd r\u016fst vlas\u016f. <strong>Vitamin A<\/strong> je dal\u0161\u00ed kl\u00ed\u010dov\u00e1 slo\u017eka, kter\u00e1 zaji\u0161\u0165uje hlubokou hydrataci, hebk\u00fd pocit a lep\u0161\u00ed lesk.<\/p>\n<h2><strong>V\u00fdhody Cleopatra \u0160amponu se Shea Butter<\/strong><\/h2>\n<ul>\n<li><strong>Hydratace &amp; Zvlh\u010den\u00ed<\/strong>: Shea Butter m\u00e1 hlubok\u00fd hydrata\u010dn\u00ed \u00fa\u010dinek na such\u00e9 vlasy, \u010din\u00ed je m\u011bkk\u00fdmi, hladk\u00fdmi a bez krepatosti.<\/li>\n<li><strong>Podporuje zdrav\u00fd r\u016fst vlas\u016f<\/strong>: \u0160ampon obsahuje spoustu vitamin\u016f a mastn\u00fdch kyselin, kter\u00e9 vy\u017eivuj\u00ed poko\u017eku hlavy a podporuj\u00ed lep\u0161\u00ed r\u016fst vlas\u016f.<\/li>\n<li><strong>Sni\u017euje l\u00e1mavost vlas\u016f &amp; \u0160t\u011bpen\u00ed konc\u016f<\/strong>: Pom\u00e1h\u00e1 sn\u00ed\u017eit l\u00e1mavost vlas\u016f, \u0161t\u011bpen\u00ed konc\u016f a po\u0161kozen\u00ed, co\u017e udr\u017euje va\u0161e vlasy siln\u00e9 a pru\u017en\u00e9.<\/li>\n<li><strong>Posiluje vlasy &amp; Zlep\u0161uje strukturu<\/strong>: Pravideln\u00e9 pou\u017e\u00edv\u00e1n\u00ed pom\u00e1h\u00e1 zes\u00edlit vlasy, posiluje jejich ko\u0159eny a zlep\u0161uje jejich celkov\u00fd pocit.<\/li>\n<li><strong>Obnovuje lesk &amp; Z\u00e1\u0159ivost<\/strong>: Speci\u00e1ln\u00ed sm\u011bs vitamin\u016f a \u017eivin dod\u00e1v\u00e1 vlas\u016fm zdrav\u00fd a z\u00e1\u0159iv\u00fd lesk.<\/li>\n<\/ul>\n<h2><strong>Jak pou\u017e\u00edvat Cleopatra \u0160ampon se Shea Butter<\/strong><\/h2>\n<ol>\n<li>Namo\u010dte si vlasy od ko\u0159en\u016f a\u017e po konce.<\/li>\n<li>Aplikujte dostatek Cleopatra \u0160amponu na vlasy a rozprost\u0159ete jej po cel\u00e9 d\u00e9lce.<\/li>\n<li>Mas\u00edrujte \u0161ampon do poko\u017eky hlavy pomoc\u00ed mal\u00fdch kruhov\u00fdch pohyb\u016f po dobu nejm\u00e9n\u011b p\u011bti minut. To podporuje krevn\u00ed ob\u011bh a umo\u017e\u0148uje \u00fa\u010dinn\u00fdm l\u00e1tk\u00e1m proniknout hluboko.<\/li>\n<li>D\u016fkladn\u011b opl\u00e1chn\u011bte teplou vodou. Ujist\u011bte se, \u017ee jste odstranili v\u0161echny zbytky \u0161amponu.<\/li>\n<\/ol>\n<h2><strong>Pro\u010d si vybrat Cleopatra produkty se Shea Butter?<\/strong><\/h2>\n<p>Cleopatra produkty m\u011bn\u00ed sv\u011bt p\u00e9\u010de o vlasy. Tyto produkty obsahuj\u00ed Shea Butter, kter\u00fd poskytuje hlubokou hydrataci, v\u00fd\u017eivu a ochranu pro v\u0161echny typy vlas\u016f. Jejich bohat\u00e1 sm\u011bs mastn\u00fdch kyselin a kl\u00ed\u010dov\u00fdch \u017eivin pom\u00e1h\u00e1:<\/p>\n<ul>\n<li>U\u010dinit vlasy zdrav\u011bj\u0161\u00edmi a siln\u011bj\u0161\u00edmi.<\/li>\n<li>Opravit po\u0161kozen\u00e9 ko\u0159eny vlas\u016f a podpo\u0159it nov\u00fd r\u016fst.<\/li>\n<li>Sn\u00ed\u017eit krepatost, \u0161t\u011bpen\u00ed konc\u016f a l\u00e1mavost vlas\u016f.<\/li>\n<\/ul>\n<p>Cleopatra produkty funguj\u00ed tak dob\u0159e, proto\u017ee Shea Butter m\u00e1 schopnost opravovat a vy\u017eivovat vlasy, zanech\u00e1vaj\u00edc je m\u011bkk\u00fdmi, leskl\u00fdmi a snadno upraviteln\u00fdmi.<\/p>\n<h3><strong>Obecn\u00e9 informace o produktu:<\/strong><\/h3>\n<ul>\n<li><strong>Zna\u010dka<\/strong>: Cleopatra<\/li>\n<li><strong>Produkt<\/strong>: \u0160ampon<\/li>\n<li><strong>Objem<\/strong>: 500 ml<\/li>\n<li><strong>C\u00edlov\u00e1 skupina<\/strong>: Unisex<\/li>\n<li><strong>Vyrobeno v<\/strong>: Egypt\u011b<\/li>\n<\/ul>\n<h5>Cleopatra \u0160ampon se Shea Butter poskytuje va\u0161im vlas\u016fm p\u00e9\u010di, kterou pot\u0159ebuj\u00ed.<\/h5>\n<p style=\"text-align: center;\">D\u011bkujeme v\u00e1m za n\u00e1kup v <em data-start=\"415\" data-end=\"431\"><a href=\"https:\/\/bazaar.express\/cs\/\">Bazaar Express<\/a><\/em> \u2013 jsme r\u00e1di, \u017ee jste u n\u00e1s!<\/p>\n<p style=\"text-align: center;\">Va\u0161e cesta k lep\u0161\u00ed p\u00e9\u010di o sebe za\u010d\u00edn\u00e1 zde \u2014 s <a href=\"https:\/\/bazaar.express\/cs\/kategorie-produktu\/pece-o-krasu\/\">Beauty &amp; Care<\/a>, kter\u00e9mu m\u016f\u017eete v\u011b\u0159it.<\/p>\n","protected":false},"excerpt":{"rendered":"<h3>Cleopatra \u0160ampon se Shea Butter poskytuje va\u0161im vlas\u016fm p\u00e9\u010di, kterou pot\u0159ebuj\u00ed. Tento vy\u017eivuj\u00edc\u00ed \u0161ampon pom\u00e1h\u00e1 se such\u00fdmi, po\u0161kozen\u00fdmi nebo tenk\u00fdmi vlasy. C\u00edlem je u\u010dinit va\u0161e vlasy siln\u011bj\u0161\u00edmi, leskl\u011bj\u0161\u00edmi a zdrav\u011bj\u0161\u00edmi. Pou\u017e\u00edvejte Cleopatra \u0160ampon ka\u017ed\u00fd den a z\u00edskejte kr\u00e1sn\u00e9, z\u00e1\u0159iv\u00e9 vlasy. Odemkne tajemstv\u00ed n\u00e1dhern\u011b vypadaj\u00edc\u00edch vlas\u016f!<\/h3>\n","protected":false},"featured_media":35613,"comment_status":"open","ping_status":"closed","template":"","meta":[],"product_brand":[],"product_cat":[786,788],"product_tag":[836,790],"class_list":{"0":"post-35612","1":"product","2":"type-product","3":"status-publish","4":"has-post-thumbnail","6":"product_cat-pece-o-krasu","7":"product_cat-to-nejlepsi-z-egypta","8":"product_tag-kuze","9":"product_tag-pece-o-krasu","10":"pa_l-xl-500ml","12":"first","13":"outofstock","14":"shipping-taxable","15":"product-type-simple"},"_links":{"self":[{"href":"https:\/\/bazaar.express\/cs\/wp-json\/wp\/v2\/product\/35612","targetHints":{"allow":["GET"]}}],"collection":[{"href":"https:\/\/bazaar.express\/cs\/wp-json\/wp\/v2\/product"}],"about":[{"href":"https:\/\/bazaar.express\/cs\/wp-json\/wp\/v2\/types\/product"}],"replies":[{"embeddable":true,"href":"https:\/\/bazaar.express\/cs\/wp-json\/wp\/v2\/comments?post=35612"}],"wp:featuredmedia":[{"embeddable":true,"href":"https:\/\/bazaar.express\/cs\/wp-json\/wp\/v2\/media\/35613"}],"wp:attachment":[{"href":"https:\/\/bazaar.express\/cs\/wp-json\/wp\/v2\/media?parent=35612"}],"wp:term":[{"taxonomy":"product_brand","embeddable":true,"href":"https:\/\/bazaar.express\/cs\/wp-json\/wp\/v2\/product_brand?post=35612"},{"taxonomy":"product_cat","embeddable":true,"href":"https:\/\/bazaar.express\/cs\/wp-json\/wp\/v2\/product_cat?post=35612"},{"taxonomy":"product_tag","embeddable":true,"href":"https:\/\/bazaar.express\/cs\/wp-json\/wp\/v2\/product_tag?post=35612"}],"curies":[{"name":"wp","href":"https:\/\/api.w.org\/{rel}","templated":true}]}}