{"id":35625,"date":"2025-08-20T15:32:14","date_gmt":"2025-08-20T15:32:14","guid":{"rendered":"https:\/\/bazaar.express\/product\/nejlepsi-egyptsky-balicek-na-peci-o-plet\/"},"modified":"2025-11-01T11:30:29","modified_gmt":"2025-11-01T11:30:29","slug":"nejlepsi-egyptsky-balicek-na-peci-o-plet","status":"publish","type":"product","link":"https:\/\/bazaar.express\/cs\/produkt\/nejlepsi-egyptsky-balicek-na-peci-o-plet\/","title":{"rendered":"Nejlep\u0161\u00ed egyptsk\u00fd bal\u00ed\u010dek na p\u00e9\u010di o ple\u0165"},"content":{"rendered":"<h2 data-start=\"159\" data-end=\"234\">Nejlep\u0161\u00ed egyptsk\u00fd bal\u00ed\u010dek na p\u00e9\u010di o ple\u0165 \u2013 Kr\u00e9my s kolagenem, zlatem a kyselinou hyaluronovou<\/h2>\n<p data-start=\"236\" data-end=\"646\">Stalet\u00edmi jsou <strong data-start=\"251\" data-end=\"278\">egyptsk\u00e9 ritu\u00e1ly kr\u00e1sy<\/strong> obdivov\u00e1ny po cel\u00e9m sv\u011bt\u011b. Sama Kleopatra se spol\u00e9hala na p\u0159\u00edrodn\u00ed oleje, zlato a o\u0161et\u0159en\u00ed bohat\u00e9 na kolagen, aby udr\u017eela sv\u016fj legend\u00e1rn\u00ed lesk. Dnes <strong data-start=\"424\" data-end=\"442\">Bazaar Express<\/strong> o\u017eivuje tyto starov\u011bk\u00e9 tajemstv\u00ed s <strong data-start=\"494\" data-end=\"569\">nejlep\u0161\u00edm egyptsk\u00fdm bal\u00ed\u010dkem na p\u00e9\u010di o ple\u0165 \u2013 Kr\u00e9my s kolagenem, zlatem a kyselinou hyaluronovou<\/strong> \u2013 nyn\u00ed dostupn\u00fdm jako <strong data-start=\"591\" data-end=\"643\">speci\u00e1ln\u00ed nab\u00eddka na omezenou dobu se slevou<\/strong>.<\/p>\n<p data-start=\"648\" data-end=\"979\">Tento luxusn\u00ed set obsahuje <strong data-start=\"673\" data-end=\"710\">\u010dty\u0159i pr\u00e9miov\u00e9 kr\u00e9my R&#038;B Cleopatra<\/strong>, pe\u010dliv\u011b vyvinut\u00e9 s <strong data-start=\"738\" data-end=\"788\">mo\u0159sk\u00fdm kolagenem, kyselinou hyaluronovou a 24kar\u00e1tov\u00fdm zlatem<\/strong>, kter\u00e9 c\u00edl\u00ed na vr\u00e1sky, obnovuj\u00ed pru\u017enost a hluboce hydratuj\u00ed va\u0161i ple\u0165. Je to v\u00edce ne\u017e jen p\u00e9\u010de o ple\u0165 \u2013 je to <strong data-start=\"892\" data-end=\"941\">kr\u00e1lovsk\u00e1 l\u00e9\u010dba z Egypta s dod\u00e1n\u00edm po cel\u00e9m sv\u011bt\u011b<\/strong> a nyn\u00ed dostupn\u011bj\u0161\u00ed ne\u017e kdy d\u0159\u00edv.<\/p>\n<h3 data-start=\"986\" data-end=\"1035\">\u00a0Pro\u010d si vybrat tento egyptsk\u00fd bal\u00ed\u010dek na p\u00e9\u010di o ple\u0165?<\/h3>\n<p data-start=\"1037\" data-end=\"1200\">Na rozd\u00edl od oby\u010dejn\u00fdch kr\u00e9m\u016f jsou tyto vyrobeny v Egypt\u011b s dermatologicky testovan\u00fdmi vzorci, kter\u00e9 spojuj\u00ed <strong data-start=\"1134\" data-end=\"1176\">starov\u011bk\u00e9 tradice s modern\u00ed v\u011bdou<\/strong>. Bal\u00ed\u010dek nab\u00edz\u00ed:<\/p>\n<p data-start=\"1202\" data-end=\"1428\">\u2714 Viditelnou redukci jemn\u00fdch vr\u00e1sek a vr\u00e1sek<br data-start=\"1248\" data-end=\"1251\" \/>\u2714 Pevn\u011bj\u0161\u00ed, zpevn\u011bnou ple\u0165<br data-start=\"1277\" data-end=\"1280\" \/>\u2714 Intenzivn\u00ed hydrataci a dlouhotrvaj\u00edc\u00ed vlhkost<br data-start=\"1325\" data-end=\"1328\" \/>\u2714 Z\u00e1\u0159iv\u00fd, mladistv\u00fd lesk s rovnom\u011brn\u00fdm t\u00f3nem pleti<br data-start=\"1375\" data-end=\"1378\" \/>\u2714 Ochrana p\u0159ed voln\u00fdmi radik\u00e1ly a ka\u017edodenn\u00edm stresem<\/p>\n<p data-start=\"1430\" data-end=\"1565\">\ud83d\udc8e <strong data-start=\"1433\" data-end=\"1451\">Speci\u00e1ln\u00ed nab\u00eddka:<\/strong> Z\u00edskejte cel\u00fd tento bal\u00ed\u010dek nyn\u00ed za <strong data-start=\"1484\" data-end=\"1501\">sn\u00ed\u017eenou cenu<\/strong> \u2013 pouze na omezenou dobu, exkluzivn\u011b na <strong data-start=\"1544\" data-end=\"1562\">Bazaar Express<\/strong>.<\/p>\n<h3 data-start=\"1572\" data-end=\"1605\">\u00a0Co je uvnit\u0159 bal\u00ed\u010dku?<\/h3>\n<h4 data-start=\"1607\" data-end=\"1647\">1\ufe0f\u20e3 <strong data-start=\"1615\" data-end=\"1645\">Mo\u0159sk\u00fd kolagenov\u00fd kr\u00e9m na obli\u010dej<\/strong><\/h4>\n<p data-start=\"1648\" data-end=\"1750\">Obnovuje ple\u0165 mo\u0159sk\u00fdm kolagenem a kyselinou hyaluronovou, vrac\u00ed pru\u017enost a sni\u017euje vr\u00e1sky.<\/p>\n<h4 data-start=\"1752\" data-end=\"1787\">2\ufe0f\u20e3 <strong data-start=\"1760\" data-end=\"1785\">Kr\u00e9m s kyselinou hyaluronovou<\/strong><\/h4>\n<p data-start=\"1788\" data-end=\"1862\">\u201eMagnet na vlhkost\u201c <strong data-start=\"1792\" data-end=\"1813\"><\/strong>, kter\u00fd nap\u00edn\u00e1, hydratuje a o\u017eivuje unavenou ple\u0165.<\/p>\n<h4 data-start=\"1864\" data-end=\"1905\">3\ufe0f\u20e3 <strong data-start=\"1872\" data-end=\"1903\">Kr\u00e9m proti vr\u00e1sk\u00e1m s 24kar\u00e1tov\u00fdm zlatem<\/strong><\/h4>\n<p data-start=\"1906\" data-end=\"2027\">Obohacen\u00fd o <strong data-start=\"1919\" data-end=\"1946\">skute\u010dn\u00e9 \u010d\u00e1stice 24kar\u00e1tov\u00e9ho zlata<\/strong>, kolagen a kyselinu hyaluronovou pro luxusn\u00ed rozjas\u0148uj\u00edc\u00ed a spev\u0148uj\u00edc\u00ed efekt.<\/p>\n<h4 data-start=\"2029\" data-end=\"2077\">4\ufe0f\u20e3 <strong data-start=\"2037\" data-end=\"2075\">Kr\u00e9m proti vr\u00e1sk\u00e1m s mo\u0159sk\u00fdm kolagenem<\/strong><\/h4>\n<p data-start=\"2078\" data-end=\"2148\">V\u00fd\u017eivuje a chr\u00e1n\u00ed, sni\u017euje viditeln\u00e9 zn\u00e1mky st\u00e1rnut\u00ed p\u0159i denn\u00ed aplikaci.<\/p>\n<h3 data-start=\"2155\" data-end=\"2195\">\u00a0Luxusn\u00ed bal\u00ed\u010dek nyn\u00ed se slevou<\/h3>\n<p data-start=\"2197\" data-end=\"2469\">Toto nen\u00ed jen p\u00e9\u010de o ple\u0165 \u2013 je to <strong data-start=\"2231\" data-end=\"2275\">luxusn\u00ed bal\u00ed\u010dek kr\u00e1sy za speci\u00e1ln\u00ed cenu<\/strong>. Odm\u011b\u0148te se nebo obdarujte n\u011bkoho, koho milujete. S touto slevou na omezenou dobu je <strong data-start=\"2355\" data-end=\"2388\">nejlep\u0161\u00ed egyptsk\u00fd bal\u00ed\u010dek na p\u00e9\u010di o ple\u0165<\/strong> ide\u00e1ln\u00edm zp\u016fsobem, jak si u\u017e\u00edt <strong data-start=\"2417\" data-end=\"2466\">kr\u00e1lovskou egyptskou p\u00e9\u010di o kr\u00e1su bez p\u0159eplatku<\/strong>.<\/p>\n<h3 data-start=\"2476\" data-end=\"2512\">\u00a0Pro\u010d nakupovat v Bazaar Express?<\/h3>\n<ul data-start=\"2514\" data-end=\"2831\">\n<li data-start=\"2514\" data-end=\"2581\">\n<p data-start=\"2516\" data-end=\"2581\">\u2705 <strong data-start=\"2518\" data-end=\"2549\">Autentick\u00e9 egyptsk\u00e9 produkty<\/strong> \u2013 p\u0159\u00edmo z Egypta<\/p>\n<\/li>\n<li data-start=\"2582\" data-end=\"2645\">\n<p data-start=\"2584\" data-end=\"2645\">\u2705 <strong data-start=\"2586\" data-end=\"2614\">Exkluzivn\u00ed slevov\u00e1 nab\u00eddka<\/strong> \u2013 sn\u00ed\u017een\u00e1 cena na omezenou dobu<\/p>\n<\/li>\n<li data-start=\"2646\" data-end=\"2692\">\n<p data-start=\"2648\" data-end=\"2692\">\u2705 <strong data-start=\"2650\" data-end=\"2672\">Doprava po cel\u00e9m sv\u011bt\u011b<\/strong> \u2013 rychl\u00e1 a spolehliv\u00e1<\/p>\n<\/li>\n<li data-start=\"2693\" data-end=\"2736\">\n<p data-start=\"2695\" data-end=\"2736\">\u2705 <strong data-start=\"2697\" data-end=\"2734\">Doprava zdarma p\u0159i objedn\u00e1vk\u00e1ch nad 120 USD<\/strong><\/p>\n<\/li>\n<li data-start=\"2737\" data-end=\"2831\">\n<p data-start=\"2739\" data-end=\"2831\">\u2705 <strong data-start=\"2741\" data-end=\"2771\">D\u016fv\u011bryhodn\u00fd glob\u00e1ln\u00ed tr\u017ei\u0161t\u011b<\/strong> pro egyptskou kr\u00e1su, bavlnu, oleje a ru\u010dn\u011b vyr\u00e1b\u011bn\u00e9 poklady<\/p>\n<\/li>\n<\/ul>\n<p data-start=\"2858\" data-end=\"3130\">Vstupte do sv\u011bta <strong data-start=\"2881\" data-end=\"2916\">starov\u011bk\u00fdch egyptsk\u00fdch ritu\u00e1l\u016f kr\u00e1sy<\/strong> s modern\u00edm n\u00e1dechem. <strong data-start=\"2942\" data-end=\"3017\">Nejlep\u0161\u00ed egyptsk\u00fd bal\u00ed\u010dek na p\u00e9\u010di o ple\u0165 \u2013 Kr\u00e9my s kolagenem, zlatem a kyselinou hyaluronovou<\/strong> od <strong data-start=\"3023\" data-end=\"3041\">Bazaar Express<\/strong> v\u00e1m nab\u00edz\u00ed kompletn\u00ed \u0159e\u0161en\u00ed proti st\u00e1rnut\u00ed \u2013 a nyn\u00ed za <strong data-start=\"3099\" data-end=\"3127\">speci\u00e1ln\u00ed slevovou cenu<\/strong>.<\/p>\n<p data-start=\"3132\" data-end=\"3259\"><strong data-start=\"3135\" data-end=\"3165\">Nakupte nyn\u00ed v Bazaar Express<\/strong>, ne\u017e nab\u00eddka skon\u010d\u00ed, a p\u0159ive\u010fte si dom\u016f Kleopatrina nad\u010dasov\u00e1 tajemstv\u00ed kr\u00e1sy za nejlep\u0161\u00ed hodnotu.<\/p>\n<p style=\"text-align: center;\">D\u011bkujeme za n\u00e1kup v <a href=\"https:\/\/bazaar.express\/\">Bazaar Express<\/a> \u2013 jsme nad\u0161en\u00ed, \u017ee jste u n\u00e1s!<\/p>\n<p style=\"text-align: center;\">Va\u0161e cesta k lep\u0161\u00ed p\u00e9\u010di o sebe za\u010d\u00edn\u00e1 zde \u2013 s <a href=\"https:\/\/bazaar.express\/product-category\/beauty-care\/\">Beauty &#038; Care<\/a>, kter\u00e9 si m\u016f\u017eete v\u011b\u0159it.<\/p>\n<p data-start=\"3242\" data-end=\"3330\">\n","protected":false},"excerpt":{"rendered":"<h3 data-start=\"375\" data-end=\"616\">Objevte <strong data-start=\"423\" data-end=\"456\">nejlep\u0161\u00ed egyptsk\u00fd bal\u00ed\u010dek na p\u00e9\u010di o ple\u0165<\/strong> od Bazaar Express \u2013 4 pr\u00e9miov\u00e9 kr\u00e9my R&#038;B Cleopatra s kolagenem, zlatem a kyselinou hyaluronovou. Nyn\u00ed za <strong data-start=\"561\" data-end=\"589\">speci\u00e1ln\u00ed slevovou cenu<\/strong> s dod\u00e1n\u00edm po cel\u00e9m sv\u011bt\u011b.<\/h3>\n","protected":false},"featured_media":35626,"comment_status":"open","ping_status":"closed","template":"","meta":[],"product_brand":[],"product_cat":[789,786,787,788],"product_tag":[792,781,790,783,791],"class_list":{"0":"post-35625","1":"product","2":"type-product","3":"status-publish","4":"has-post-thumbnail","6":"product_cat-horke-nabidky","7":"product_cat-pece-o-krasu","8":"product_cat-terapeuticke-oleje","9":"product_cat-to-nejlepsi-z-egypta","10":"product_tag-masaz","11":"product_tag-olej","12":"product_tag-pece-o-krasu","13":"product_tag-pece-o-plet","14":"product_tag-velbloudi-mleko","16":"first","17":"instock","18":"sale","19":"shipping-taxable","20":"purchasable","21":"product-type-simple"},"_links":{"self":[{"href":"https:\/\/bazaar.express\/cs\/wp-json\/wp\/v2\/product\/35625","targetHints":{"allow":["GET"]}}],"collection":[{"href":"https:\/\/bazaar.express\/cs\/wp-json\/wp\/v2\/product"}],"about":[{"href":"https:\/\/bazaar.express\/cs\/wp-json\/wp\/v2\/types\/product"}],"replies":[{"embeddable":true,"href":"https:\/\/bazaar.express\/cs\/wp-json\/wp\/v2\/comments?post=35625"}],"wp:featuredmedia":[{"embeddable":true,"href":"https:\/\/bazaar.express\/cs\/wp-json\/wp\/v2\/media\/35626"}],"wp:attachment":[{"href":"https:\/\/bazaar.express\/cs\/wp-json\/wp\/v2\/media?parent=35625"}],"wp:term":[{"taxonomy":"product_brand","embeddable":true,"href":"https:\/\/bazaar.express\/cs\/wp-json\/wp\/v2\/product_brand?post=35625"},{"taxonomy":"product_cat","embeddable":true,"href":"https:\/\/bazaar.express\/cs\/wp-json\/wp\/v2\/product_cat?post=35625"},{"taxonomy":"product_tag","embeddable":true,"href":"https:\/\/bazaar.express\/cs\/wp-json\/wp\/v2\/product_tag?post=35625"}],"curies":[{"name":"wp","href":"https:\/\/api.w.org\/{rel}","templated":true}]}}