{"id":35642,"date":"2025-09-20T15:01:13","date_gmt":"2025-09-20T15:01:13","guid":{"rendered":"https:\/\/bazaar.express\/product\/khumra-parfemovy-olej\/"},"modified":"2025-11-01T11:30:34","modified_gmt":"2025-11-01T11:30:34","slug":"khumra-parfemovy-olej","status":"publish","type":"product","link":"https:\/\/bazaar.express\/cs\/produkt\/khumra-parfemovy-olej\/","title":{"rendered":"Khumra parf\u00e9mov\u00fd olej"},"content":{"rendered":"<h2 data-start=\"200\" data-end=\"258\">Khumra parf\u00e9mov\u00fd olej \u2013 esence egyptsk\u00e9 elegance<\/h2>\n<h3 data-start=\"260\" data-end=\"306\">Objevte kouzlo Khumra parf\u00e9mov\u00e9ho oleje<\/h3>\n<p data-start=\"307\" data-end=\"822\">Pono\u0159te se do okouzluj\u00edc\u00edho sv\u011bta <strong data-start=\"351\" data-end=\"373\">Khumra parf\u00e9mov\u00e9ho oleje<\/strong>, pr\u00e9miov\u00e9 egyptsk\u00e9 v\u016fn\u011b, kter\u00e1 p\u0159edstavuje nad\u010dasov\u00e9 um\u011bn\u00ed tradi\u010dn\u00ed parfumerie. Pe\u010dliv\u011b vyrobeno z nejlep\u0161\u00edch p\u0159\u00edrodn\u00edch ingredienc\u00ed z bohat\u00fdch egyptsk\u00fdch krajin, tento luxusn\u00ed parf\u00e9mov\u00fd olej nab\u00edz\u00ed dlouhotrvaj\u00edc\u00ed v\u016fni, kter\u00e1 okouzluje smysly a vylep\u0161uje v\u00e1\u0161 osobn\u00ed styl. Na rozd\u00edl od standardn\u00edch sprej\u016f nab\u00edz\u00ed Khumra koncentrovan\u00fd vzorec, kter\u00fd se harmonicky spojuje s va\u0161\u00ed k\u016f\u017e\u00ed a uvol\u0148uje sofistikovanou ar\u00f3mu s ka\u017ed\u00fdm pohybem.<\/p>\n<h3 data-start=\"824\" data-end=\"859\">Unik\u00e1tn\u00ed v\u016f\u0148ov\u00fd z\u00e1\u017eitek<\/h3>\n<p data-start=\"860\" data-end=\"1229\">Kompozice Khumry je harmonickou rovnov\u00e1hou jemn\u00fdch kv\u011btinov\u00fdch t\u00f3n\u016f s tepl\u00fdmi d\u0159evit\u00fdmi podt\u00f3ny, vytv\u00e1\u0159ej\u00edc\u00ed elegantn\u00ed a v\u0161estrannou v\u016fni. Jej\u00ed rafinovan\u00e1 ar\u00f3ma nen\u00ed p\u0159\u00edli\u0161 intenzivn\u00ed ani pom\u00edjiv\u00e1, co\u017e ji \u010din\u00ed vhodnou pro ka\u017edodenn\u00ed no\u0161en\u00ed i speci\u00e1ln\u00ed p\u0159\u00edle\u017eitosti. S ka\u017edou kapkou za\u017eijete vyv\u00edjej\u00edc\u00ed se v\u016f\u0148ovou cestu \u2013 sv\u011b\u017e\u00ed, okouzluj\u00edc\u00ed a hluboce sv\u016fdnou.<\/p>\n<h3 data-start=\"1231\" data-end=\"1271\">Lehk\u00fd a dlouhotrvaj\u00edc\u00ed vzorec<\/h3>\n<p data-start=\"1272\" data-end=\"1627\">Jedn\u00edm z kl\u00ed\u010dov\u00fdch v\u00fdhod Khumra parf\u00e9mov\u00e9ho oleje je jeho koncentrovan\u00fd a bezalkoholov\u00fd vzorec. Na rozd\u00edl od sprej\u016f, kter\u00e9 rychle vyblednou, tento olejov\u00fd parf\u00e9m nab\u00edz\u00ed v\u00fdjime\u010dnou trvanlivost, umo\u017e\u0148uj\u00edc\u00ed v\u016fni setrv\u00e1vat na va\u0161\u00ed k\u016f\u017ei hodiny. Lehk\u00e1, ne tu\u010dn\u00e1 textura se hladce vst\u0159eb\u00e1v\u00e1, zanech\u00e1vaj\u00edc\u00ed va\u0161i k\u016f\u017ei m\u011bkkou a jemn\u011b von\u00edc\u00ed bez jak\u00fdchkoli zbytk\u016f.<\/p>\n<h3 data-start=\"1629\" data-end=\"1662\">Zakoren\u011bno v egyptsk\u00e9m d\u011bdictv\u00ed<\/h3>\n<p data-start=\"1663\" data-end=\"1956\">Khumra parf\u00e9mov\u00fd olej odr\u00e1\u017e\u00ed starov\u011bk\u00e9 egyptsk\u00e9 d\u011bdictv\u00ed v\u016f\u0148ov\u00e9ho \u0159emesla. Po stalet\u00ed jsou Egyp\u0165an\u00e9 zn\u00e1m\u00ed tvorbou olej\u016f a parf\u00e9m\u016f, kter\u00e9 zt\u011bles\u0148uj\u00ed luxus, spiritualitu a kr\u00e1su. S Khumrou nenos\u00edte jen v\u016fni \u2013 nos\u00edte kousek egyptsk\u00e9 historie a tradice.<\/p>\n<h3 data-start=\"1958\" data-end=\"1990\">Ide\u00e1ln\u00ed pro ka\u017edou p\u0159\u00edle\u017eitost<\/h3>\n<p data-start=\"1991\" data-end=\"2263\">A\u0165 u\u017e se \u00fa\u010dastn\u00edte form\u00e1ln\u00ed ud\u00e1losti, u\u017e\u00edv\u00e1te si neform\u00e1ln\u00ed den venku nebo hled\u00e1te perfektn\u00ed d\u00e1rek, Khumra parf\u00e9mov\u00fd olej je v\u0161estrann\u00e1 volba. Jeho rafinovan\u00e1 v\u016fn\u011b se kr\u00e1sn\u011b p\u0159izp\u016fsobuje r\u016fzn\u00fdm n\u00e1lad\u00e1m a p\u0159\u00edle\u017eitostem, \u010din\u00edc\u00ed z n\u00ed podpisovou v\u016fni, na kterou se m\u016f\u017eete v\u017edy spolehnout.<\/p>\n<h3 data-start=\"2265\" data-end=\"2296\">Elegantn\u00ed balen\u00ed a velikosti<\/h3>\n<p data-start=\"2297\" data-end=\"2468\">Pe\u010dliv\u011b balen\u00fd, Khumra parf\u00e9mov\u00fd olej p\u0159ich\u00e1z\u00ed v elegantn\u00ed a cestovn\u011b p\u0159\u00e1telsk\u00e9 lahvi\u010dce, perfektn\u00ed pro pou\u017eit\u00ed na cest\u00e1ch nebo jako promy\u0161len\u00fd d\u00e1rek. Dostupn\u00fd ve dvou pohodln\u00fdch velikostech:<\/p>\n<ul data-start=\"2469\" data-end=\"2518\">\n<li data-start=\"2469\" data-end=\"2493\">\n<p data-start=\"2471\" data-end=\"2493\"><strong data-start=\"2471\" data-end=\"2491\">Polovina toly (6 ml)<\/strong><\/p>\n<\/li>\n<li data-start=\"2494\" data-end=\"2518\">\n<p data-start=\"2496\" data-end=\"2518\"><strong data-start=\"2496\" data-end=\"2516\">Jedna tola (12 ml)<\/strong><\/p>\n<\/li>\n<\/ul>\n<h3 data-start=\"2520\" data-end=\"2555\">Jak pou\u017e\u00edvat Khumra parf\u00e9mov\u00fd olej<\/h3>\n<ul data-start=\"2556\" data-end=\"2791\">\n<li data-start=\"2556\" data-end=\"2644\">\n<p data-start=\"2558\" data-end=\"2644\">Aplikujte mal\u00e9 mno\u017estv\u00ed na tepnov\u00e9 body \u2013 jako z\u00e1p\u011bst\u00ed, krk a za u\u0161i.<\/p>\n<\/li>\n<li data-start=\"2645\" data-end=\"2731\">\n<p data-start=\"2647\" data-end=\"2731\">Nechte p\u0159irozen\u00e9 teplo va\u0161\u00ed k\u016f\u017ee rozptylovat v\u016fni b\u011bhem dne.<\/p>\n<\/li>\n<li data-start=\"2732\" data-end=\"2791\">\n<p data-start=\"2734\" data-end=\"2791\">Pro del\u0161\u00ed trvanliv\u00fd efekt aplikujte na navlh\u010denou k\u016f\u017ei.<\/p>\n<\/li>\n<\/ul>\n<h3 data-start=\"2793\" data-end=\"2829\">Pro\u010d si vybrat Khumra parf\u00e9mov\u00fd olej?<\/h3>\n<ul data-start=\"2830\" data-end=\"3084\">\n<li data-start=\"2830\" data-end=\"2880\">\n<p data-start=\"2832\" data-end=\"2880\">\u2705 Luxusn\u00ed a autentick\u00fd egyptsk\u00fd parf\u00e9mov\u00fd olej<\/p>\n<\/li>\n<li data-start=\"2881\" data-end=\"2932\">\n<p data-start=\"2883\" data-end=\"2932\">\u2705 Bez alkoholu, p\u0159\u00e1telsk\u00fd k\u016f\u017ei a dlouhotrvaj\u00edc\u00ed<\/p>\n<\/li>\n<li data-start=\"2933\" data-end=\"2981\">\n<p data-start=\"2935\" data-end=\"2981\">\u2705 Vyv\u00e1\u017een\u00e9 t\u00f3ny kv\u011btinov\u00fdch a d\u0159evit\u00fdch akord\u016f<\/p>\n<\/li>\n<li data-start=\"2982\" data-end=\"3029\">\n<p data-start=\"2984\" data-end=\"3029\">\u2705 Ide\u00e1ln\u00ed pro denn\u00ed no\u0161en\u00ed nebo speci\u00e1ln\u00ed p\u0159\u00edle\u017eitosti<\/p>\n<\/li>\n<li data-start=\"3030\" data-end=\"3084\">\n<p data-start=\"3032\" data-end=\"3084\">\u2705 Kr\u00e1sn\u011b balen\u00fd pro osobn\u00ed pou\u017eit\u00ed nebo d\u00e1rkov\u00e1n\u00ed<\/p>\n<\/li>\n<\/ul>\n<p data-start=\"3103\" data-end=\"3373\">Zv\u00fd\u0161te svou sb\u00edrku v\u016fn\u00ed s <strong data-start=\"3142\" data-end=\"3164\">Khumra parf\u00e9mov\u00fdm olejem<\/strong> \u2013 nad\u010dasov\u00fdm egyptsk\u00fdm pokladem, kter\u00fd spojuje tradici, luxus a eleganci. S jeho unik\u00e1tn\u00ed ar\u00f3mou a dlouhotrvaj\u00edc\u00edm vzorcem je to v\u00edce ne\u017e jen v\u016fn\u011b \u2013 je to z\u00e1\u017eitek kr\u00e1sy a d\u011bdictv\u00ed v ka\u017ed\u00e9 kapce.<\/p>\n<p style=\"text-align: center;\">D\u011bkujeme za n\u00e1kup v <a href=\"https:\/\/bazaar.express\/\">Bazaar Express<\/a> \u2013 jsme nad\u0161en\u00ed, \u017ee jste u n\u00e1s!<\/p>\n<p style=\"text-align: center;\">Prozkoumejte na\u0161i <a href=\"\/?p=35088\">Kolekci v\u016fn\u00ed<\/a> luxusn\u00edch aroma.<\/p>\n<p style=\"text-align: center;\">\n","protected":false},"excerpt":{"rendered":"<h3 data-start=\"384\" data-end=\"573\">Khumra parf\u00e9mov\u00fd olej je koncentrovan\u00e1 egyptsk\u00e1 v\u016fn\u011b vyroben\u00e1 z p\u0159\u00edrodn\u00edch ingredienc\u00ed. Dod\u00e1v\u00e1 hlubokou, elegantn\u00ed v\u016fni, kter\u00e1 vydr\u017e\u00ed cel\u00fd den \u2013 ide\u00e1ln\u00ed pro ka\u017edodenn\u00ed pou\u017eit\u00ed nebo speci\u00e1ln\u00ed p\u0159\u00edle\u017eitosti.<\/h3>\n","protected":false},"featured_media":35643,"comment_status":"open","ping_status":"closed","template":"","meta":[],"product_brand":[],"product_cat":[780,786,788],"product_tag":[781,782,790],"class_list":{"0":"post-35642","1":"product","2":"type-product","3":"status-publish","4":"has-post-thumbnail","6":"product_cat-kolekce-vuni","7":"product_cat-pece-o-krasu","8":"product_cat-to-nejlepsi-z-egypta","9":"product_tag-olej","10":"product_tag-parfemy","11":"product_tag-pece-o-krasu","13":"first","14":"instock","15":"sale","16":"shipping-taxable","17":"purchasable","18":"product-type-variable"},"_links":{"self":[{"href":"https:\/\/bazaar.express\/cs\/wp-json\/wp\/v2\/product\/35642","targetHints":{"allow":["GET"]}}],"collection":[{"href":"https:\/\/bazaar.express\/cs\/wp-json\/wp\/v2\/product"}],"about":[{"href":"https:\/\/bazaar.express\/cs\/wp-json\/wp\/v2\/types\/product"}],"replies":[{"embeddable":true,"href":"https:\/\/bazaar.express\/cs\/wp-json\/wp\/v2\/comments?post=35642"}],"wp:featuredmedia":[{"embeddable":true,"href":"https:\/\/bazaar.express\/cs\/wp-json\/wp\/v2\/media\/35643"}],"wp:attachment":[{"href":"https:\/\/bazaar.express\/cs\/wp-json\/wp\/v2\/media?parent=35642"}],"wp:term":[{"taxonomy":"product_brand","embeddable":true,"href":"https:\/\/bazaar.express\/cs\/wp-json\/wp\/v2\/product_brand?post=35642"},{"taxonomy":"product_cat","embeddable":true,"href":"https:\/\/bazaar.express\/cs\/wp-json\/wp\/v2\/product_cat?post=35642"},{"taxonomy":"product_tag","embeddable":true,"href":"https:\/\/bazaar.express\/cs\/wp-json\/wp\/v2\/product_tag?post=35642"}],"curies":[{"name":"wp","href":"https:\/\/api.w.org\/{rel}","templated":true}]}}