{"id":35652,"date":"2025-08-25T12:59:55","date_gmt":"2025-08-25T12:59:55","guid":{"rendered":"https:\/\/bazaar.express\/product\/kolagenovy-krem-nejlepsi-anti-ageing-pece-s-vitaminy-c-a-e\/"},"modified":"2025-08-25T12:59:55","modified_gmt":"2025-08-25T12:59:55","slug":"kolagenovy-krem-nejlepsi-anti-ageing-pece-s-vitaminy-c-a-e","status":"publish","type":"product","link":"https:\/\/bazaar.express\/cs\/produkt\/kolagenovy-krem-nejlepsi-anti-ageing-pece-s-vitaminy-c-a-e\/","title":{"rendered":"Kolagenov\u00fd kr\u00e9m \u2013 Nejlep\u0161\u00ed anti-ageing p\u00e9\u010de s vitam\u00edny C a E"},"content":{"rendered":"<h2 data-start=\"266\" data-end=\"362\">Map Queen Collagen Cream \u2013 Nejlep\u0161\u00ed anti-ageing a anti-vr\u00e1skov\u00e9 \u0159e\u0161en\u00ed s vitam\u00edny C a E<\/h2>\n<p data-start=\"364\" data-end=\"837\">Pokud tou\u017e\u00edte po mladistv\u00e9, z\u00e1\u0159iv\u00e9 a bez vr\u00e1sek pleti, <strong data-start=\"433\" data-end=\"451\">kolagenov\u00fd kr\u00e9m<\/strong> pat\u0159\u00ed k nejsiln\u011bj\u0161\u00edm \u0159e\u0161en\u00edm v p\u00e9\u010di o ple\u0165, kter\u00e9 dnes najdete. Kolagen je protein zodpov\u011bdn\u00fd za pru\u017enost a pevnost pleti, ale s v\u011bkem jeho p\u0159irozen\u00e1 produkce kles\u00e1. To vede k vr\u00e1sk\u00e1m, ochablosti a ztr\u00e1t\u011b sv\u011b\u017eesti. <strong data-start=\"691\" data-end=\"719\">Map Queen Collagen Cream<\/strong> je pe\u010dliv\u011b vyvinut\u00fd, aby obnovil to, co \u010das vezme, a dal va\u0161\u00ed pleti \u0161anci vypadat a c\u00edtit se op\u011bt mlad\u011b.<\/p>\n<h3 data-start=\"844\" data-end=\"894\">Co d\u011bl\u00e1 Map Queen Collagen Cream v\u00fdjime\u010dn\u00fdm?<\/h3>\n<p data-start=\"896\" data-end=\"1251\">Na rozd\u00edl od b\u011b\u017en\u00fdch hydrata\u010dn\u00edch kr\u00e9m\u016f je tento kr\u00e9m obohacen\u00fd o <strong data-start=\"953\" data-end=\"1051\">kolagen, kyselinu hyaluronovou, extrakt z Camellia sinensis (zelen\u00fd \u010daj), kofein a vitam\u00edny C a E<\/strong>. Tyto aktivn\u00ed slo\u017eky jsou zkombinov\u00e1ny pomoc\u00ed pokro\u010dil\u00e9 <strong data-start=\"1109\" data-end=\"1130\">3D efekt formulace<\/strong>, kter\u00e1 pronik\u00e1 hluboko do pleti, obnovuje pru\u017enost, minimalizuje vr\u00e1sky a chr\u00e1n\u00ed p\u0159ed vn\u011bj\u0161\u00edmi vlivy.<\/p>\n<h3 data-start=\"1258\" data-end=\"1294\">Hlavn\u00ed v\u00fdhody kolagenov\u00e9ho kr\u00e9mu<\/h3>\n<h4 data-start=\"1296\" data-end=\"1320\">Redukce vr\u00e1sek<\/h4>\n<ul data-start=\"1321\" data-end=\"1489\">\n<li data-start=\"1321\" data-end=\"1381\">\n<p data-start=\"1323\" data-end=\"1381\">C\u00edl\u00ed na jemn\u00e9 linky kolem o\u010d\u00ed, \u00fast a \u010dela.<\/p>\n<\/li>\n<li data-start=\"1382\" data-end=\"1442\">\n<p data-start=\"1384\" data-end=\"1442\">Vyhlazuje hus\u00ed no\u017eky, \u00fasm\u011bvov\u00e9 linky a vr\u00e1sky kolem rt\u016f.<\/p>\n<\/li>\n<li data-start=\"1443\" data-end=\"1489\">\n<p data-start=\"1445\" data-end=\"1489\">Obnovuje p\u0159irozen\u011b mladistv\u00fd a sv\u011b\u017e\u00ed vzhled.<\/p>\n<\/li>\n<\/ul>\n<h4 data-start=\"1491\" data-end=\"1525\">Hlubok\u00e1 hydratace a pru\u017enost<\/h4>\n<ul data-start=\"1526\" data-end=\"1675\">\n<li data-start=\"1526\" data-end=\"1612\">\n<p data-start=\"1528\" data-end=\"1612\"><strong data-start=\"1528\" data-end=\"1547\">Kyselina hyaluronov\u00e1<\/strong> uzamyk\u00e1 vlhkost a zabra\u0148uje suchosti zp\u016fsoben\u00e9 sluncem nebo st\u00e1rnut\u00edm.<\/p>\n<\/li>\n<li data-start=\"1613\" data-end=\"1675\">\n<p data-start=\"1615\" data-end=\"1675\">Zlep\u0161uje pru\u017enost pleti pro pevn\u011bj\u0161\u00ed a pln\u011bj\u0161\u00ed vzhled.<\/p>\n<\/li>\n<\/ul>\n<h4 data-start=\"1677\" data-end=\"1706\">Antioxida\u010dn\u00ed ochrana<\/h4>\n<ul data-start=\"1707\" data-end=\"1868\">\n<li data-start=\"1707\" data-end=\"1783\">\n<p data-start=\"1709\" data-end=\"1783\"><strong data-start=\"1709\" data-end=\"1722\">Vitamin C<\/strong> rozjas\u0148uje t\u00f3n pleti a podporuje p\u0159irozenou synt\u00e9zu kolagenu.<\/p>\n<\/li>\n<li data-start=\"1784\" data-end=\"1868\">\n<p data-start=\"1786\" data-end=\"1868\"><strong data-start=\"1786\" data-end=\"1799\">Vitamin E<\/strong> chr\u00e1n\u00ed p\u0159ed voln\u00fdmi radik\u00e1ly, slune\u010dn\u00edm po\u0161kozen\u00edm a environment\u00e1ln\u00edm stresem.<\/p>\n<\/li>\n<\/ul>\n<h4 data-start=\"1870\" data-end=\"1899\">P\u0159\u00edrodn\u00ed rostlinn\u00e9 extrakty<\/h4>\n<ul data-start=\"1900\" data-end=\"2074\">\n<li data-start=\"1900\" data-end=\"1982\">\n<p data-start=\"1902\" data-end=\"1982\"><strong data-start=\"1902\" data-end=\"1936\">Extrakt z list\u016f Camellia sinensis<\/strong> hluboce hydratuje a zpomaluje st\u00e1rnut\u00ed pleti.<\/p>\n<\/li>\n<li data-start=\"1983\" data-end=\"2074\">\n<p data-start=\"1985\" data-end=\"2074\"><strong data-start=\"1985\" data-end=\"1997\">Kofein<\/strong> zlep\u0161uje krevn\u00ed ob\u011bh, bojuje proti otok\u016fm a sni\u017euje po\u0161kozen\u00ed zp\u016fsoben\u00e9 UV z\u00e1\u0159en\u00edm.<\/p>\n<\/li>\n<\/ul>\n<h4 data-start=\"2076\" data-end=\"2115\">Vyva\u017eov\u00e1n\u00ed a kontrola pigmentace<\/h4>\n<ul data-start=\"2116\" data-end=\"2215\">\n<li data-start=\"2116\" data-end=\"2161\">\n<p data-start=\"2118\" data-end=\"2161\">Sni\u017euje tmav\u00e9 skvrny a hyperpigmentaci.<\/p>\n<\/li>\n<li data-start=\"2162\" data-end=\"2215\">\n<p data-start=\"2164\" data-end=\"2215\">Vyrovn\u00e1v\u00e1 t\u00f3n pleti pro p\u0159irozen\u00fd z\u00e1\u0159iv\u00fd lesk.<\/p>\n<\/li>\n<\/ul>\n<h3 data-start=\"2222\" data-end=\"2263\">Jak pou\u017e\u00edvat Map Queen Collagen Cream<\/h3>\n<ol data-start=\"2265\" data-end=\"2490\">\n<li data-start=\"2265\" data-end=\"2299\">\n<p data-start=\"2268\" data-end=\"2299\">D\u016fkladn\u011b vy\u010dist\u011bte ple\u0165.<\/p>\n<\/li>\n<li data-start=\"2300\" data-end=\"2352\">\n<p data-start=\"2303\" data-end=\"2352\">Nan\u00e1\u0161ejte r\u00e1no a ve\u010der na obli\u010dej a krk.<\/p>\n<\/li>\n<li data-start=\"2353\" data-end=\"2416\">\n<p data-start=\"2356\" data-end=\"2416\">Jemne mas\u00edrujte kruhov\u00fdmi pohyby, dokud se pln\u011b nevst\u0159eb\u00e1.<\/p>\n<\/li>\n<li data-start=\"2417\" data-end=\"2490\">\n<p data-start=\"2420\" data-end=\"2490\">Pou\u017e\u00edvejte denn\u011b pro viditeln\u00e9 v\u00fdsledky v hladkosti, pevnosti a z\u00e1\u0159i.<\/p>\n<\/li>\n<\/ol>\n<h3 data-start=\"2497\" data-end=\"2539\">Pro\u010d si vybrat Map Queen Collagen Cream?<\/h3>\n<ul data-start=\"2541\" data-end=\"2828\">\n<li data-start=\"2541\" data-end=\"2603\">\n<p data-start=\"2543\" data-end=\"2603\">Inspirov\u00e1no <strong data-start=\"2555\" data-end=\"2600\">egyptsk\u00fdmi kr\u00e1sov\u00fdmi ritu\u00e1ly starov\u011bk\u00fdch kr\u00e1loven<\/strong>.<\/p>\n<\/li>\n<li data-start=\"2604\" data-end=\"2667\">\n<p data-start=\"2606\" data-end=\"2667\">Kombinuje modern\u00ed v\u011bdu s p\u0159\u00edrodn\u00edmi, siln\u00fdmi slo\u017ekami.<\/p>\n<\/li>\n<li data-start=\"2668\" data-end=\"2760\">\n<p data-start=\"2670\" data-end=\"2760\">V\u00edce ne\u017e jen hydrata\u010dn\u00ed kr\u00e9m \u2013 je to <strong data-start=\"2709\" data-end=\"2757\">komplexn\u00ed anti-ageing a vyva\u017eovac\u00ed l\u00e9\u010dba<\/strong>.<\/p>\n<\/li>\n<li data-start=\"2761\" data-end=\"2828\">\n<p data-start=\"2763\" data-end=\"2828\">Luxusn\u00ed balen\u00ed, kter\u00e9 odr\u00e1\u017e\u00ed nad\u010dasovou kr\u00e1su a eleganci.<\/p>\n<\/li>\n<\/ul>\n<p data-start=\"2830\" data-end=\"2873\"><strong data-start=\"2833\" data-end=\"2850\">Vyrobeno v Egypt\u011b<\/strong><br data-start=\"2850\" data-end=\"2853\" \/><strong data-start=\"2856\" data-end=\"2871\">Velikost: 50 ml<\/strong><\/p>\n<h2 data-start=\"2880\" data-end=\"2899\"><\/h2>\n<p data-start=\"2901\" data-end=\"3203\">St\u00e1rnut\u00ed je p\u0159irozen\u00fd proces, ale s tou spr\u00e1vnou p\u00e9\u010d\u00ed o ple\u0165 m\u016f\u017eete udr\u017eet svou ple\u0165 mladistvou, z\u00e1\u0159ivou a pevnou. <strong data-start=\"3011\" data-end=\"3039\">Map Queen Collagen Cream<\/strong> s <strong data-start=\"3045\" data-end=\"3063\">vitam\u00edny C a E<\/strong> je va\u0161e ultim\u00e1tn\u00ed \u0159e\u0161en\u00ed pro boj proti vr\u00e1sk\u00e1m, zlep\u0161en\u00ed pru\u017enosti, rozjasn\u011bn\u00ed pleti a ochranu p\u0159ed environment\u00e1ln\u00edmi vlivy.<\/p>\n<h5 data-start=\"3205\" data-end=\"3322\">\u00a0Za\u010dle\u0148te ho do sv\u00e9 denn\u00ed rutiny a u\u017eijte si nad\u010dasovou kr\u00e1su \u2013 z\u00e1\u0159ivou, hladkou a sebev\u011bdomou, stejn\u011b jako kr\u00e1lovna.<\/h5>\n<p>&nbsp;<\/p>\n<p style=\"text-align: center;\">D\u011bkujeme za n\u00e1kup v <a href=\"https:\/\/bazaar.express\/\">Bazaar Express<\/a> \u2013 jsme nad\u0161en\u00ed, \u017ee jste s n\u00e1mi!<\/p>\n<p style=\"text-align: center;\">Va\u0161e cesta k lep\u0161\u00ed p\u00e9\u010di o sebe za\u010d\u00edn\u00e1 zde \u2013 s <a href=\"https:\/\/bazaar.express\/product-category\/beauty-care\/\">Beauty &#038; Care<\/a>, kter\u00e9 si m\u016f\u017eete b\u00fdt jisti.<\/p>\n","protected":false},"excerpt":{"rendered":"<h3 data-start=\"372\" data-end=\"565\">Pr\u00e9miov\u00fd kolagenov\u00fd kr\u00e9m obohacen\u00fd o vitam\u00edny C a E. Navr\u017een\u00fd k boji proti vr\u00e1sk\u00e1m, podpo\u0159e pru\u017enosti a hlubok\u00e9 hydrataci pro z\u00e1\u0159ivou, mladistvou ple\u0165. Velikost: 50 ml.<\/h3>\n","protected":false},"featured_media":35653,"comment_status":"open","ping_status":"closed","template":"","meta":[],"product_brand":[],"product_cat":[786,788],"product_tag":[781,790,783,793],"class_list":{"0":"post-35652","1":"product","2":"type-product","3":"status-publish","4":"has-post-thumbnail","6":"product_cat-pece-o-krasu","7":"product_cat-to-nejlepsi-z-egypta","8":"product_tag-olej","9":"product_tag-pece-o-krasu","10":"product_tag-pece-o-plet","11":"product_tag-prirodni-olej","13":"first","14":"instock","15":"shipping-taxable","16":"purchasable","17":"product-type-simple"},"_links":{"self":[{"href":"https:\/\/bazaar.express\/cs\/wp-json\/wp\/v2\/product\/35652","targetHints":{"allow":["GET"]}}],"collection":[{"href":"https:\/\/bazaar.express\/cs\/wp-json\/wp\/v2\/product"}],"about":[{"href":"https:\/\/bazaar.express\/cs\/wp-json\/wp\/v2\/types\/product"}],"replies":[{"embeddable":true,"href":"https:\/\/bazaar.express\/cs\/wp-json\/wp\/v2\/comments?post=35652"}],"wp:featuredmedia":[{"embeddable":true,"href":"https:\/\/bazaar.express\/cs\/wp-json\/wp\/v2\/media\/35653"}],"wp:attachment":[{"href":"https:\/\/bazaar.express\/cs\/wp-json\/wp\/v2\/media?parent=35652"}],"wp:term":[{"taxonomy":"product_brand","embeddable":true,"href":"https:\/\/bazaar.express\/cs\/wp-json\/wp\/v2\/product_brand?post=35652"},{"taxonomy":"product_cat","embeddable":true,"href":"https:\/\/bazaar.express\/cs\/wp-json\/wp\/v2\/product_cat?post=35652"},{"taxonomy":"product_tag","embeddable":true,"href":"https:\/\/bazaar.express\/cs\/wp-json\/wp\/v2\/product_tag?post=35652"}],"curies":[{"name":"wp","href":"https:\/\/api.w.org\/{rel}","templated":true}]}}