{"id":35659,"date":"2025-08-16T14:14:46","date_gmt":"2025-08-16T14:14:46","guid":{"rendered":"https:\/\/bazaar.express\/product\/sea-krem\/"},"modified":"2025-11-01T12:13:27","modified_gmt":"2025-11-01T12:13:27","slug":"sea-krem","status":"publish","type":"product","link":"https:\/\/bazaar.express\/cs\/produkt\/sea-krem\/","title":{"rendered":"\u0160e\u00e1 kr\u00e9m"},"content":{"rendered":"<h2 data-start=\"185\" data-end=\"239\">\u0160e\u00e1 kr\u00e9m \u2013 Hlubok\u00e9 zvlh\u010den\u00ed a v\u00fd\u017eiva poko\u017eky<\/h2>\n<h3 data-start=\"241\" data-end=\"266\">Co je \u0161e\u00e1 m\u00e1slo?<\/h3>\n<p data-start=\"267\" data-end=\"661\">\u0160e\u00e1 kr\u00e9m je luxusn\u00ed produkt pro p\u00e9\u010di o poko\u017eku vyroben\u00fd z <strong data-start=\"321\" data-end=\"363\">\u0161e\u00e1 m\u00e1sla, jojobov\u00e9ho oleje a vitam\u00ednu E<\/strong>, navr\u017een\u00fd tak, aby hluboce zvlh\u010doval a vy\u017eivoval va\u0161i poko\u017eku. Bohat\u00fd na mastn\u00e9 kyseliny a esenci\u00e1ln\u00ed vitam\u00edny pom\u00e1h\u00e1 tento kr\u00e9m zjem\u0148ovat suchou poko\u017eku a zlep\u0161ovat jej\u00ed pru\u017enost a celkov\u00e9 zdrav\u00ed. Zn\u00e1m\u00fd sv\u00fdmi zvlh\u010duj\u00edc\u00edmi a hojiv\u00fdmi vlastnostmi je \u0161e\u00e1 kr\u00e9m nezbytnost\u00ed pro ka\u017ed\u00e9ho, kdo hled\u00e1 p\u0159\u00edrodn\u00ed hydrataci poko\u017eky.<\/p>\n<h3 data-start=\"663\" data-end=\"691\">P\u0159\u00ednosy \u0161e\u00e1 kr\u00e9mu<\/h3>\n<ul data-start=\"692\" data-end=\"1255\">\n<li data-start=\"692\" data-end=\"786\">\n<p data-start=\"694\" data-end=\"786\"><strong data-start=\"694\" data-end=\"720\">Intenzivn\u00ed zvlh\u010den\u00ed<\/strong> \u2013 Uv\u011bz\u0148uje vlhkost a udr\u017euje poko\u017eku m\u011bkkou, hladkou a pru\u017enou.<\/p>\n<\/li>\n<li data-start=\"787\" data-end=\"870\">\n<p data-start=\"789\" data-end=\"870\"><strong data-start=\"789\" data-end=\"817\">Uklid\u0148uje suchou a hrubou poko\u017eku<\/strong> \u2013 Zejm\u00e9na \u00fa\u010dinn\u00fd na lokty, kolena a nohy.<\/p>\n<\/li>\n<li data-start=\"871\" data-end=\"956\">\n<p data-start=\"873\" data-end=\"956\"><strong data-start=\"873\" data-end=\"905\">Protiz\u00e1n\u011btliv\u00e9 vlastnosti<\/strong> \u2013 Pom\u00e1h\u00e1 uklidnit podr\u00e1\u017ed\u011bn\u00ed poko\u017eky a sn\u00ed\u017eit zarudnut\u00ed.<\/p>\n<\/li>\n<li data-start=\"957\" data-end=\"1052\">\n<p data-start=\"959\" data-end=\"1052\"><strong data-start=\"959\" data-end=\"982\">Hojiv\u00fd a regenera\u010dn\u00ed<\/strong> \u2013 Podporuje regeneraci poko\u017eky a pom\u00e1h\u00e1 hojit drobn\u00e9 r\u00e1ny nebo trhliny.<\/p>\n<\/li>\n<li data-start=\"1053\" data-end=\"1156\">\n<p data-start=\"1055\" data-end=\"1156\"><strong data-start=\"1055\" data-end=\"1090\">Bohat\u00fd na vitam\u00edny a antioxidanty<\/strong> \u2013 Vy\u017eivuje poko\u017eku a chr\u00e1n\u00ed ji p\u0159ed environment\u00e1ln\u00edm po\u0161kozen\u00edm.<\/p>\n<\/li>\n<li data-start=\"1157\" data-end=\"1255\">\n<p data-start=\"1159\" data-end=\"1255\"><strong data-start=\"1159\" data-end=\"1180\">Protist\u00e1rnouc\u00ed \u00fa\u010dinek<\/strong> \u2013 Sni\u017euje vzhled jemn\u00fdch vr\u00e1sek a pom\u00e1h\u00e1 udr\u017eet mladistvou poko\u017eku.<\/p>\n<\/li>\n<\/ul>\n<h3 data-start=\"1257\" data-end=\"1293\">P\u0159\u00edrodn\u00ed p\u016fvod \u0161e\u00e1 m\u00e1sla<\/h3>\n<p data-start=\"1294\" data-end=\"1689\">\u0160e\u00e1 m\u00e1slo, hv\u011bzdn\u00e1 slo\u017eka \u0161e\u00e1 kr\u00e9mu, poch\u00e1z\u00ed z o\u0159ech\u016f strom\u016f <strong data-start=\"1379\" data-end=\"1395\">karit\u00e9<\/strong> rostouc\u00edch v z\u00e1padn\u00ed a st\u0159edn\u00ed Africe. Po stalet\u00ed se pou\u017e\u00edv\u00e1 jako p\u0159\u00edrodn\u00ed zvlh\u010dova\u010d, kter\u00fd chr\u00e1n\u00ed poko\u017eku p\u0159ed drsn\u00fdm po\u010das\u00edm a obnovuje jej\u00ed p\u0159irozenou rovnov\u00e1hu. V kombinaci s <strong data-start=\"1579\" data-end=\"1607\">jojobov\u00fdm olejem a vitam\u00ednem E<\/strong> nab\u00edz\u00ed tento vzorec siln\u00e9 zvlh\u010den\u00ed s lehkou, netu\u010dnou texturou.<\/p>\n<h3 data-start=\"1691\" data-end=\"1718\">Jak pou\u017e\u00edvat \u0161e\u00e1 kr\u00e9m<\/h3>\n<ul data-start=\"1719\" data-end=\"1957\">\n<li data-start=\"1719\" data-end=\"1751\">\n<p data-start=\"1721\" data-end=\"1751\">D\u016fkladn\u011b vy\u010dist\u011bte poko\u017eku.<\/p>\n<\/li>\n<li data-start=\"1752\" data-end=\"1809\">\n<p data-start=\"1754\" data-end=\"1809\">Nanesn\u011bte mal\u00e9 mno\u017estv\u00ed \u0161e\u00e1 kr\u00e9mu na kone\u010dky prst\u016f.<\/p>\n<\/li>\n<li data-start=\"1810\" data-end=\"1887\">\n<p data-start=\"1812\" data-end=\"1887\">Jemn\u011b vmas\u00edrujte do poko\u017eky kruhov\u00fdmi pohyby, dokud se pln\u011b nevst\u0159eb\u00e1.<\/p>\n<\/li>\n<li data-start=\"1888\" data-end=\"1957\">\n<p data-start=\"1890\" data-end=\"1957\">Pou\u017e\u00edvejte denn\u011b jako <strong data-start=\"1905\" data-end=\"1933\">denn\u00ed nebo no\u010dn\u00ed zvlh\u010dova\u010d<\/strong> pro nejlep\u0161\u00ed v\u00fdsledky.<\/p>\n<\/li>\n<\/ul>\n<h3 data-start=\"1959\" data-end=\"1988\">Kdo m\u016f\u017ee pou\u017e\u00edvat \u0161e\u00e1 m\u00e1slo?<\/h3>\n<p data-start=\"1989\" data-end=\"2219\">\u0160e\u00e1 kr\u00e9m je vhodn\u00fd pro <strong data-start=\"2016\" data-end=\"2034\">v\u0161echny typy poko\u017eky<\/strong>, zejm\u00e9na pro ty s <strong data-start=\"2058\" data-end=\"2091\">suchou, hrubou nebo citlivou poko\u017ekou<\/strong>. Je ide\u00e1ln\u00ed pro ka\u017edodenn\u00ed pou\u017eit\u00ed a lze ho aplikovat na <strong data-start=\"2147\" data-end=\"2192\">obli\u010dej, ruce, t\u011blo a odoln\u011bj\u0161\u00ed oblasti poko\u017eky<\/strong>, kter\u00e9 pot\u0159ebuj\u00ed extra hydrataci.<\/p>\n<h3 data-start=\"2221\" data-end=\"2242\">Podrobnosti o produktu<\/h3>\n<ul data-start=\"2243\" data-end=\"2414\">\n<li data-start=\"2243\" data-end=\"2273\">\n<p data-start=\"2245\" data-end=\"2273\"><strong data-start=\"2245\" data-end=\"2255\">Zna\u010dka:<\/strong> Halla Cleopatra<\/p>\n<\/li>\n<li data-start=\"2274\" data-end=\"2292\">\n<p data-start=\"2276\" data-end=\"2292\"><strong data-start=\"2276\" data-end=\"2285\">Velikost:<\/strong> 250 g<\/p>\n<\/li>\n<li data-start=\"2293\" data-end=\"2330\">\n<p data-start=\"2295\" data-end=\"2330\"><strong data-start=\"2295\" data-end=\"2306\">P\u016fvod:<\/strong> Hrd\u011b vyrobeno v Egypt\u011b<\/p>\n<\/li>\n<li data-start=\"2331\" data-end=\"2377\">\n<p data-start=\"2333\" data-end=\"2377\"><strong data-start=\"2333\" data-end=\"2346\">Kategorie:<\/strong> P\u0159\u00edrodn\u00ed p\u00e9\u010de o ple\u0165 a kosmetika<\/p>\n<\/li>\n<li data-start=\"2378\" data-end=\"2414\">\n<p data-start=\"2380\" data-end=\"2414\"><strong data-start=\"2380\" data-end=\"2390\">Pou\u017eit\u00ed:<\/strong> Pouze k vn\u011bj\u0161\u00edmu pou\u017eit\u00ed<\/p>\n<\/li>\n<\/ul>\n<h3 data-start=\"2416\" data-end=\"2444\">Pro\u010d si vybrat \u0161e\u00e1 m\u00e1slo?<\/h3>\n<p data-start=\"2445\" data-end=\"2695\">Pokud hled\u00e1te p\u0159\u00edrodn\u00ed \u0159e\u0161en\u00ed pro p\u00e9\u010di o ple\u0165, kter\u00e9 nejen zvlh\u010duje, ale tak\u00e9 <strong data-start=\"2520\" data-end=\"2566\">opravuje, vy\u017eivuje a chr\u00e1n\u00ed va\u0161i poko\u017eku<\/strong>, \u0161e\u00e1 kr\u00e9m je ide\u00e1ln\u00ed volbou. Jeho bohat\u00fd vzorec se rychle vst\u0159eb\u00e1v\u00e1 a zanech\u00e1v\u00e1 poko\u017eku m\u011bkkou, z\u00e1\u0159ivou a n\u00e1dhern\u011b zdravou.<\/p>\n<h3 data-start=\"2697\" data-end=\"2744\">Z\u00e1v\u011bre\u010dn\u00e1 pozn\u00e1mka \u2013 Vra\u0165te sv\u00e9 poko\u017ece \u017eivot<\/h3>\n<p data-start=\"2745\" data-end=\"3006\">Dop\u0159ejte sv\u00e9 poko\u017ece p\u00e9\u010di, kterou si zaslou\u017e\u00ed. <strong data-start=\"2788\" data-end=\"2802\">\u0160e\u00e1 kr\u00e9m<\/strong> je v\u00edce ne\u017e jen zvlh\u010dova\u010d \u2013 je p\u0159\u00edrodn\u00edm l\u00e9kem na suchost, hrubost a prvn\u00ed zn\u00e1mky st\u00e1rnut\u00ed. P\u0159idejte ho do sv\u00e9 denn\u00ed rutiny p\u00e9\u010de o ple\u0165 a za\u017eijte <strong data-start=\"2966\" data-end=\"3003\">luxus vy\u017eiven\u00e9, z\u00e1\u0159iv\u00e9 poko\u017eky<\/strong>.<\/p>\n<p style=\"text-align: center;\">D\u011bkujeme za n\u00e1kup v <a href=\"https:\/\/bazaar.express\/\">Bazaaru Express<\/a> \u2013 jsme nad\u0161en\u00ed, \u017ee jste u n\u00e1s!<\/p>\n<p style=\"text-align: center;\">Va\u0161e cesta k lep\u0161\u00ed p\u00e9\u010di o sebe za\u010d\u00edn\u00e1 zde \u2013 s <a href=\"https:\/\/bazaar.express\/product-category\/beauty-care\/\">Kr\u00e1sa a p\u00e9\u010de<\/a>, kter\u00e9 si m\u016f\u017eete v\u011b\u0159it.<\/p>\n","protected":false},"excerpt":{"rendered":"<h3 data-start=\"335\" data-end=\"551\">Luxusn\u00ed <strong data-start=\"345\" data-end=\"359\">\u0161e\u00e1 kr\u00e9m<\/strong> obohacen\u00fd \u0161e\u00e1 m\u00e1slem, jojobov\u00fdm olejem a vitam\u00ednem E. Poskytuje hlubokou hydrataci, zjem\u0148uje hrub\u00e9 oblasti, uklid\u0148uje podr\u00e1\u017ed\u011bn\u00ed a zlep\u0161uje pru\u017enost poko\u017eky. Vhodn\u00fd pro ka\u017edodenn\u00ed pou\u017eit\u00ed \u2013 250 g, Vyrobeno v Egypt\u011b.<\/h3>\n","protected":false},"featured_media":35660,"comment_status":"open","ping_status":"closed","template":"","meta":[],"product_brand":[],"product_cat":[786,787,788,789],"product_tag":[792,781,790,783,791],"class_list":{"0":"post-35659","1":"product","2":"type-product","3":"status-publish","4":"has-post-thumbnail","6":"product_cat-pece-o-krasu","7":"product_cat-terapeuticke-oleje","8":"product_cat-to-nejlepsi-z-egypta","9":"product_cat-horke-nabidky","10":"product_tag-masaz","11":"product_tag-olej","12":"product_tag-pece-o-krasu","13":"product_tag-pece-o-plet","14":"product_tag-velbloudi-mleko","16":"first","17":"instock","18":"sale","19":"shipping-taxable","20":"purchasable","21":"product-type-simple"},"_links":{"self":[{"href":"https:\/\/bazaar.express\/cs\/wp-json\/wp\/v2\/product\/35659","targetHints":{"allow":["GET"]}}],"collection":[{"href":"https:\/\/bazaar.express\/cs\/wp-json\/wp\/v2\/product"}],"about":[{"href":"https:\/\/bazaar.express\/cs\/wp-json\/wp\/v2\/types\/product"}],"replies":[{"embeddable":true,"href":"https:\/\/bazaar.express\/cs\/wp-json\/wp\/v2\/comments?post=35659"}],"wp:featuredmedia":[{"embeddable":true,"href":"https:\/\/bazaar.express\/cs\/wp-json\/wp\/v2\/media\/35660"}],"wp:attachment":[{"href":"https:\/\/bazaar.express\/cs\/wp-json\/wp\/v2\/media?parent=35659"}],"wp:term":[{"taxonomy":"product_brand","embeddable":true,"href":"https:\/\/bazaar.express\/cs\/wp-json\/wp\/v2\/product_brand?post=35659"},{"taxonomy":"product_cat","embeddable":true,"href":"https:\/\/bazaar.express\/cs\/wp-json\/wp\/v2\/product_cat?post=35659"},{"taxonomy":"product_tag","embeddable":true,"href":"https:\/\/bazaar.express\/cs\/wp-json\/wp\/v2\/product_tag?post=35659"}],"curies":[{"name":"wp","href":"https:\/\/api.w.org\/{rel}","templated":true}]}}