{"id":35664,"date":"2025-08-16T12:21:43","date_gmt":"2025-08-16T12:21:43","guid":{"rendered":"https:\/\/bazaar.express\/product\/hydratacni-krem-s-camelim-mlekem-a-jasminem\/"},"modified":"2025-08-16T12:21:43","modified_gmt":"2025-08-16T12:21:43","slug":"hydratacni-krem-s-camelim-mlekem-a-jasminem","status":"publish","type":"product","link":"https:\/\/bazaar.express\/cs\/produkt\/hydratacni-krem-s-camelim-mlekem-a-jasminem\/","title":{"rendered":"Hydrata\u010dn\u00ed kr\u00e9m s camel\u00edm ml\u00e9kem a jasm\u00ednem"},"content":{"rendered":"<h2 data-start=\"227\" data-end=\"269\">Hydrata\u010dn\u00ed kr\u00e9m s camel\u00edm ml\u00e9kem a jasm\u00ednem \u2013 P\u0159\u00edrodn\u00ed hydratace pro z\u00e1\u0159ivou poko\u017eku<\/h2>\n<h3 data-start=\"271\" data-end=\"317\">Starov\u011bk\u00e9 kr\u00e1sn\u00e9 tajemstv\u00ed v modern\u00edm kr\u00e9mu<\/h3>\n<p data-start=\"318\" data-end=\"624\">Objevte s\u00edlu <strong data-start=\"340\" data-end=\"381\">hydrata\u010dn\u00edho kr\u00e9mu s camel\u00edm ml\u00e9kem a jasm\u00ednem<\/strong>, jedine\u010dn\u00fd poklad p\u00e9\u010de o ple\u0165 inspirovan\u00fd tradi\u010dn\u00edmi egyptsk\u00fdmi kr\u00e1sn\u00fdmi ritu\u00e1ly. Obohacen\u00fd hlubokou hydratac\u00ed camel\u00edho ml\u00e9ka a jemnou v\u016fn\u00ed jasm\u00ednu je tento kr\u00e9m navr\u017een tak, aby va\u0161i poko\u017eku zanechal m\u011bkkou, hladkou a p\u0159irozen\u011b z\u00e1\u0159ivou.<\/p>\n<h3 data-start=\"626\" data-end=\"663\">P\u0159\u00ednosy camel\u00edho ml\u00e9ka pro poko\u017eku<\/h3>\n<p data-start=\"664\" data-end=\"742\">Camel\u00ed ml\u00e9ko je bohat\u00e9 na vitam\u00edny, miner\u00e1ly a p\u0159irozen\u00e9 proteiny. Pom\u00e1h\u00e1:<\/p>\n<ul data-start=\"743\" data-end=\"953\">\n<li data-start=\"743\" data-end=\"787\">\n<p data-start=\"745\" data-end=\"787\">Zajistit hlubokou a dlouhotrvaj\u00edc\u00ed hydrataci.<\/p>\n<\/li>\n<li data-start=\"788\" data-end=\"835\">\n<p data-start=\"790\" data-end=\"835\">Vy\u017eivovat poko\u017eku p\u0159\u00edrodn\u00edmi antioxidanty.<\/p>\n<\/li>\n<li data-start=\"836\" data-end=\"883\">\n<p data-start=\"838\" data-end=\"883\">Zlep\u0161ovat pru\u017enost poko\u017eky a bojovat proti suchosti.<\/p>\n<\/li>\n<li data-start=\"884\" data-end=\"953\">\n<p data-start=\"886\" data-end=\"953\">Uklid\u0148ovat podr\u00e1\u017ed\u011bn\u00ed p\u0159i zachov\u00e1n\u00ed p\u0159irozen\u00e9 ochrann\u00e9 bari\u00e9ry.<\/p>\n<\/li>\n<\/ul>\n<h3 data-start=\"955\" data-end=\"987\">Role jasm\u00ednu v p\u00e9\u010di o ple\u0165<\/h3>\n<p data-start=\"988\" data-end=\"1060\">Infuze jasm\u00ednu dod\u00e1v\u00e1 nejen osv\u011b\u017euj\u00edc\u00ed v\u016fni, ale tak\u00e9:<\/p>\n<ul data-start=\"1061\" data-end=\"1247\">\n<li data-start=\"1061\" data-end=\"1112\">\n<p data-start=\"1063\" data-end=\"1112\">P\u0159\u00edrodn\u00ed uklid\u0148uj\u00edc\u00ed vlastnosti pro citlivou poko\u017eku.<\/p>\n<\/li>\n<li data-start=\"1113\" data-end=\"1180\">\n<p data-start=\"1115\" data-end=\"1180\">Luxusn\u00ed, uklid\u0148uj\u00edc\u00ed v\u016fni, kter\u00e1 povzn\u00e1\u0161\u00ed va\u0161i rutinu p\u00e9\u010de o ple\u0165.<\/p>\n<\/li>\n<li data-start=\"1181\" data-end=\"1247\">\n<p data-start=\"1183\" data-end=\"1247\">Jemn\u00e9 tonizuj\u00edc\u00ed \u00fa\u010dinky pro sv\u011b\u017e\u00ed a revitalizovanou poko\u017eku.<\/p>\n<\/li>\n<\/ul>\n<h3 data-start=\"1249\" data-end=\"1291\">Lehk\u00fd, vy\u017eivuj\u00edc\u00ed a ochrann\u00fd<\/h3>\n<p data-start=\"1292\" data-end=\"1532\">Na rozd\u00edl od t\u011b\u017ek\u00fdch kr\u00e9m\u016f je <strong data-start=\"1313\" data-end=\"1354\">hydrata\u010dn\u00ed kr\u00e9m s camel\u00edm ml\u00e9kem a jasm\u00ednem<\/strong> lehk\u00fd, netuknouc\u00ed a rychle se vst\u0159eb\u00e1v\u00e1. Vytv\u00e1\u0159\u00ed p\u0159irozenou bari\u00e9ru, kter\u00e1 uzamkne vlhkost bez ucp\u00e1v\u00e1n\u00ed p\u00f3r\u016f \u2013 ide\u00e1ln\u00ed pro ka\u017edodenn\u00ed pou\u017eit\u00ed i no\u010dn\u00ed hydrataci.<\/p>\n<h3 data-start=\"1534\" data-end=\"1550\">Jak pou\u017e\u00edvat<\/h3>\n<ol data-start=\"1551\" data-end=\"1775\">\n<li data-start=\"1551\" data-end=\"1608\">\n<p data-start=\"1554\" data-end=\"1608\">Nanesn\u011bte vhodn\u00e9 mno\u017estv\u00ed kr\u00e9mu na \u010distou, suchou poko\u017eku.<\/p>\n<\/li>\n<li data-start=\"1609\" data-end=\"1650\">\n<p data-start=\"1612\" data-end=\"1650\">Jemn\u011b vmas\u00edrujte, dokud se pln\u011b nevst\u0159eb\u00e1.<\/p>\n<\/li>\n<li data-start=\"1651\" data-end=\"1704\">\n<p data-start=\"1654\" data-end=\"1704\">Pou\u017e\u00edvejte denn\u011b pro m\u011bkkou, hydratovanou a von\u00edc\u00ed poko\u017eku.<\/p>\n<\/li>\n<li data-start=\"1705\" data-end=\"1775\">\n<p data-start=\"1708\" data-end=\"1775\">Pro intenzivn\u00ed hydrataci aplikujte p\u0159es noc jako vy\u017eivuj\u00edc\u00ed k\u00faru.<\/p>\n<\/li>\n<\/ol>\n<p data-start=\"1777\" data-end=\"1856\"><strong data-start=\"1780\" data-end=\"1797\"> Vyrobeno v Egypt\u011b<\/strong> \u2013 250 g<br data-start=\"1804\" data-end=\"1807\" \/><strong data-start=\"1810\" data-end=\"1854\"> Kosmetick\u00fd produkt \u2013 Pouze k vn\u011bj\u0161\u00edmu pou\u017eit\u00ed<\/strong><\/p>\n<h3 data-start=\"1858\" data-end=\"1913\">Pro\u010d si vybrat hydrata\u010dn\u00ed kr\u00e9m s camel\u00edm ml\u00e9kem a jasm\u00ednem?<\/h3>\n<p data-start=\"1914\" data-end=\"2199\">Pokud hled\u00e1te kr\u00e9m, kter\u00fd hluboce zvlh\u010duje, vy\u017eivuje a zanech\u00e1v\u00e1 va\u0161i poko\u017eku jemn\u011b von\u00edc\u00ed, toto je va\u0161e ide\u00e1ln\u00ed volba. Spojen\u00edm <strong data-start=\"2060\" data-end=\"2090\">bohatstv\u00ed camel\u00edho ml\u00e9ka<\/strong> s <strong data-start=\"2096\" data-end=\"2123\">eleganc\u00ed jasm\u00ednu<\/strong> nab\u00edz\u00ed jak p\u0159\u00ednosy p\u00e9\u010de o ple\u0165, tak luxusn\u00ed z\u00e1\u017eitek p\u00e9\u010de o sebe.<\/p>\n<p data-start=\"2201\" data-end=\"2319\">\ud83d\udc49 Dop\u0159ejte sv\u00e9 poko\u017ece d\u00e1rek hydratace a p\u0159\u00edrodn\u00ed kr\u00e1sy s na\u0161\u00edm <strong data-start=\"2269\" data-end=\"2310\">hydrata\u010dn\u00edm kr\u00e9mem s camel\u00edm ml\u00e9kem a jasm\u00ednem<\/strong> je\u0161t\u011b dnes!<\/p>\n<p style=\"text-align: center;\">D\u011bkujeme za n\u00e1kup v <a href=\"https:\/\/bazaar.express\/\">Bazaaru Express<\/a> \u2013 jsme nad\u0161en\u00ed, \u017ee jste u n\u00e1s!<\/p>\n<p style=\"text-align: center;\">Va\u0161e cesta k lep\u0161\u00ed p\u00e9\u010di o sebe za\u010d\u00edn\u00e1 zde \u2013 s <a href=\"https:\/\/bazaar.express\/product-category\/beauty-care\/\">Kr\u00e1sa a p\u00e9\u010de<\/a>, kter\u00e9 si m\u016f\u017eete v\u011b\u0159it.<\/p>\n<p data-start=\"2602\" data-end=\"2780\">\n","protected":false},"excerpt":{"rendered":"<h3 data-start=\"2602\" data-end=\"2780\">Za\u017eijte s\u00edlu <strong data-start=\"2626\" data-end=\"2667\">hydrata\u010dn\u00edho kr\u00e9mu s camel\u00edm ml\u00e9kem a jasm\u00ednem<\/strong> \u2013 lehk\u00fd, vy\u017eivuj\u00edc\u00ed vzorec, kter\u00fd hluboce hydratuje a zanech\u00e1v\u00e1 poko\u017eku m\u011bkkou a jemn\u011b von\u00edc\u00ed.<\/h3>\n","protected":false},"featured_media":35665,"comment_status":"open","ping_status":"closed","template":"","meta":[],"product_brand":[],"product_cat":[786,788,789],"product_tag":[792,781,790,783,791],"class_list":{"0":"post-35664","1":"product","2":"type-product","3":"status-publish","4":"has-post-thumbnail","6":"product_cat-pece-o-krasu","7":"product_cat-to-nejlepsi-z-egypta","8":"product_cat-horke-nabidky","9":"product_tag-masaz","10":"product_tag-olej","11":"product_tag-pece-o-krasu","12":"product_tag-pece-o-plet","13":"product_tag-velbloudi-mleko","15":"first","16":"instock","17":"sale","18":"shipping-taxable","19":"purchasable","20":"product-type-simple"},"_links":{"self":[{"href":"https:\/\/bazaar.express\/cs\/wp-json\/wp\/v2\/product\/35664","targetHints":{"allow":["GET"]}}],"collection":[{"href":"https:\/\/bazaar.express\/cs\/wp-json\/wp\/v2\/product"}],"about":[{"href":"https:\/\/bazaar.express\/cs\/wp-json\/wp\/v2\/types\/product"}],"replies":[{"embeddable":true,"href":"https:\/\/bazaar.express\/cs\/wp-json\/wp\/v2\/comments?post=35664"}],"wp:featuredmedia":[{"embeddable":true,"href":"https:\/\/bazaar.express\/cs\/wp-json\/wp\/v2\/media\/35665"}],"wp:attachment":[{"href":"https:\/\/bazaar.express\/cs\/wp-json\/wp\/v2\/media?parent=35664"}],"wp:term":[{"taxonomy":"product_brand","embeddable":true,"href":"https:\/\/bazaar.express\/cs\/wp-json\/wp\/v2\/product_brand?post=35664"},{"taxonomy":"product_cat","embeddable":true,"href":"https:\/\/bazaar.express\/cs\/wp-json\/wp\/v2\/product_cat?post=35664"},{"taxonomy":"product_tag","embeddable":true,"href":"https:\/\/bazaar.express\/cs\/wp-json\/wp\/v2\/product_tag?post=35664"}],"curies":[{"name":"wp","href":"https:\/\/api.w.org\/{rel}","templated":true}]}}