{"id":35671,"date":"2025-08-14T00:34:34","date_gmt":"2025-08-14T00:34:34","guid":{"rendered":"https:\/\/bazaar.express\/product\/masazni-mast-s-cernym-seminkem\/"},"modified":"2025-08-14T00:34:34","modified_gmt":"2025-08-14T00:34:34","slug":"masazni-mast-s-cernym-seminkem","status":"publish","type":"product","link":"https:\/\/bazaar.express\/cs\/produkt\/masazni-mast-s-cernym-seminkem\/","title":{"rendered":"Mas\u00e1\u017en\u00ed mast s \u010dern\u00fdm sem\u00ednkem"},"content":{"rendered":"<h2 data-start=\"171\" data-end=\"271\"><strong data-start=\"174\" data-end=\"269\">Mas\u00e1\u017en\u00ed mast s \u010dern\u00fdm sem\u00ednkem \u2013 Starov\u011bk\u00fd egyptsk\u00fd bedu\u00ednsk\u00fd recept na \u00falevu od bolesti a relaxaci<\/strong><\/h2>\n<p data-start=\"273\" data-end=\"661\">Objevte osv\u011bd\u010den\u00e9 tajemstv\u00ed egyptsk\u00fdch bedu\u00edn\u016f s na\u0161\u00ed <strong data-start=\"336\" data-end=\"367\">mas\u00e1\u017en\u00ed mast\u00ed s \u010dern\u00fdm sem\u00ednkem<\/strong> \u2014 siln\u00fdm p\u0159\u00edrodn\u00edm prost\u0159edkem navr\u017een\u00fdm k uklidn\u011bn\u00ed bolesti, sn\u00ed\u017een\u00ed z\u00e1n\u011btu a uvoln\u011bn\u00ed svalov\u00e9ho nap\u011bt\u00ed. Obohacen\u00e1 o legend\u00e1rn\u00ed p\u0159\u00ednosy <strong data-start=\"510\" data-end=\"549\">extraktu z nigella sativa (\u010dern\u00e9 sem\u00ednko)<\/strong>, tato mast spojuje tradici a v\u011bdu, aby poskytla rychl\u00e9 a efektivn\u00ed v\u00fdsledky pro va\u0161e t\u011blo.<\/p>\n<h3 data-start=\"663\" data-end=\"708\"><strong data-start=\"667\" data-end=\"706\">S\u00edla \u010dern\u00e9ho sem\u00ednka pro hojen\u00ed<\/strong><\/h3>\n<p data-start=\"709\" data-end=\"962\">Po stalet\u00ed je <strong data-start=\"724\" data-end=\"742\">olej z \u010dern\u00e9ho sem\u00ednka<\/strong> uct\u00edv\u00e1n v Bl\u00edzk\u00e9m v\u00fdchod\u011b a Africe jako p\u0159\u00edrodn\u00ed l\u00e9\u010ditel. D\u00edky sv\u00fdm siln\u00fdm protiz\u00e1n\u011btliv\u00fdm a antioxida\u010dn\u00edm vlastnostem zlep\u0161uje krevn\u00ed ob\u011bh, sni\u017euje otoky a uvol\u0148uje tuhost kloub\u016f.<\/p>\n<h3 data-start=\"964\" data-end=\"1006\"><strong data-start=\"968\" data-end=\"1004\">Ide\u00e1ln\u00ed pro c\u00edlenou \u00falevu od bolesti<\/strong><\/h3>\n<p data-start=\"1007\" data-end=\"1058\">Na\u0161e mas\u00e1\u017en\u00ed mast s \u010dern\u00fdm sem\u00ednkem d\u011bl\u00e1 z\u00e1zraky na:<\/p>\n<ul data-start=\"1059\" data-end=\"1273\">\n<li data-start=\"1059\" data-end=\"1140\">\n<p data-start=\"1061\" data-end=\"1140\"><strong data-start=\"1061\" data-end=\"1082\">Ramena a krk:<\/strong> Uvol\u0148uje tuhost a nap\u011bt\u00ed zp\u016fsoben\u00e9 dlouhodobou prac\u00ed.<\/p>\n<\/li>\n<li data-start=\"1141\" data-end=\"1210\">\n<p data-start=\"1143\" data-end=\"1210\"><strong data-start=\"1143\" data-end=\"1152\">Z\u00e1da:<\/strong> Uklid\u0148uje bolest zp\u016fsobenou stresem nebo fyzickou aktivitou.<\/p>\n<\/li>\n<li data-start=\"1211\" data-end=\"1273\">\n<p data-start=\"1213\" data-end=\"1273\"><strong data-start=\"1213\" data-end=\"1232\">Kolena a klouby:<\/strong> Pom\u00e1h\u00e1 zm\u00edrnit bolest a podporuje pohyblivost.<\/p>\n<\/li>\n<\/ul>\n<p data-start=\"1275\" data-end=\"1416\">A\u0165 se zotavujete po cvi\u010den\u00ed, tr\u00e1p\u00ed v\u00e1s chronick\u00fd nepohodl\u00ed nebo jen chcete relaxovat, tato mast je va\u0161e spolehliv\u00e9 \u0159e\u0161en\u00ed.<\/p>\n<h3 data-start=\"1418\" data-end=\"1455\"><strong data-start=\"1422\" data-end=\"1453\">Nejlep\u0161\u00ed p\u0159\u00edrodn\u00ed slo\u017eky<\/strong><\/h3>\n<p data-start=\"1456\" data-end=\"1507\">Starostliv\u011b kombinujeme <strong data-start=\"1477\" data-end=\"1499\">extrakt z \u010dern\u00e9ho sem\u00ednka<\/strong> s:<\/p>\n<ul data-start=\"1508\" data-end=\"1777\">\n<li data-start=\"1508\" data-end=\"1565\">\n<p data-start=\"1510\" data-end=\"1565\"><strong data-start=\"1510\" data-end=\"1521\">Kafol<\/strong> \u2013 pro chladiv\u00fd a analgetick\u00fd efekt<\/p>\n<\/li>\n<li data-start=\"1566\" data-end=\"1630\">\n<p data-start=\"1568\" data-end=\"1630\"><strong data-start=\"1568\" data-end=\"1586\">Eukalyptov\u00fd olej<\/strong> \u2013 pro zlep\u0161en\u00ed krevn\u00edho ob\u011bhu a usnadn\u011bn\u00ed d\u00fdch\u00e1n\u00ed<\/p>\n<\/li>\n<li data-start=\"1631\" data-end=\"1777\">\n<p data-start=\"1633\" data-end=\"1777\"><strong data-start=\"1633\" data-end=\"1657\">Lanolin a parafinum<\/strong> \u2013 pro zvlh\u010den\u00ed a ochranu k\u016f\u017ee<br data-start=\"1690\" data-end=\"1693\" \/>Tato jedine\u010dn\u00e1 formule pronik\u00e1 hluboko a dod\u00e1v\u00e1 pohodl\u00ed p\u0159esn\u011b tam, kde ho pot\u0159ebujete.<\/p>\n<\/li>\n<\/ul>\n<h3 data-start=\"1779\" data-end=\"1819\"><strong data-start=\"1783\" data-end=\"1817\">Snadn\u00e9 pou\u017eit\u00ed pro maxim\u00e1ln\u00ed efekt<\/strong><\/h3>\n<p data-start=\"1820\" data-end=\"1973\">Aplikujte vhodn\u00e9 mno\u017estv\u00ed masti na posti\u017een\u00e9 m\u00edsto a jemn\u011b mas\u00edrujte kruhov\u00fdmi pohyby, dokud se nevst\u0159eb\u00e1. Pou\u017e\u00edvejte 1\u20132kr\u00e1t denn\u011b pro nejlep\u0161\u00ed v\u00fdsledky.<\/p>\n<p data-start=\"1980\" data-end=\"2001\"><strong data-start=\"1980\" data-end=\"1999\">Specifikace:<\/strong><\/p>\n<ul data-start=\"2002\" data-end=\"2162\">\n<li data-start=\"2002\" data-end=\"2033\">\n<p data-start=\"2004\" data-end=\"2033\"><strong data-start=\"2004\" data-end=\"2014\">Zna\u010dka:<\/strong> Hurghada Bedwins<\/p>\n<\/li>\n<li data-start=\"2034\" data-end=\"2052\">\n<p data-start=\"2036\" data-end=\"2052\"><strong data-start=\"2036\" data-end=\"2045\">Velikost:<\/strong> 150g<\/p>\n<\/li>\n<li data-start=\"2053\" data-end=\"2074\">\n<p data-start=\"2055\" data-end=\"2074\"><strong data-start=\"2055\" data-end=\"2072\">Vyrobeno v Egypt\u011b<\/strong><\/p>\n<\/li>\n<li data-start=\"2075\" data-end=\"2132\">\n<p data-start=\"2077\" data-end=\"2132\"><strong data-start=\"2077\" data-end=\"2090\">Kategorie:<\/strong> P\u0159\u00edrodn\u00ed mas\u00e1\u017en\u00ed a kosmetika proti bolesti<\/p>\n<\/li>\n<li data-start=\"2133\" data-end=\"2162\">\n<p data-start=\"2135\" data-end=\"2162\"><strong data-start=\"2135\" data-end=\"2160\">Pouze pro vn\u011bj\u0161\u00ed pou\u017eit\u00ed<\/strong><\/p>\n<\/li>\n<\/ul>\n<h3 data-start=\"2169\" data-end=\"2222\"><strong data-start=\"2173\" data-end=\"2220\">Pro\u010d si vybrat na\u0161i mas\u00e1\u017en\u00ed mast s \u010dern\u00fdm sem\u00ednkem?<\/strong><\/h3>\n<p data-start=\"2223\" data-end=\"2390\">\u2705 Autentick\u00e1 bedouinsk\u00e1 formule<br data-start=\"2259\" data-end=\"2262\" \/>\u2705 P\u0159\u00edrodn\u00ed, efektivn\u00ed \u00faleva od bolesti<br data-start=\"2294\" data-end=\"2297\" \/>\u2705 Rychl\u00e9 vst\u0159eb\u00e1v\u00e1n\u00ed bez mastn\u00e9ho zbytku<br data-start=\"2337\" data-end=\"2340\" \/>\u2705 Hrd\u011b vyrobena v Egypt\u011b s pr\u00e9miov\u00fdmi slo\u017ekami<\/p>\n<h3 data-start=\"2397\" data-end=\"2451\"><strong data-start=\"2401\" data-end=\"2449\">Va\u0161e cesta k \u017eivotu bez bolesti za\u010d\u00edn\u00e1 zde<\/strong><\/h3>\n<p data-start=\"2452\" data-end=\"2693\">Nenechte, aby v\u00e1s svalov\u00e1 bolest, tuhost nebo nap\u011bt\u00ed brzdily. Za\u017eijte p\u0159\u00edrodn\u00ed l\u00e9\u010divou s\u00edlu <strong data-start=\"2552\" data-end=\"2583\">mas\u00e1\u017en\u00ed masti s \u010dern\u00fdm sem\u00ednkem<\/strong> a poc\u00ed\u0165te \u00falevu, kterou si zaslou\u017e\u00edte. P\u0159idejte ji dnes do sv\u00e9 rutiny p\u00e9\u010de o t\u011blo \u2013 va\u0161e t\u011blo v\u00e1m pod\u011bkuje z\u00edtra.<\/p>\n<p style=\"text-align: center;\">D\u011bkujeme za n\u00e1kup v <a href=\"https:\/\/bazaar.express\/\">Bazaar Express<\/a> \u2013 jsme nad\u0161en\u00ed, \u017ee jste u n\u00e1s!<\/p>\n<p style=\"text-align: center;\">Va\u0161e cesta k lep\u0161\u00ed p\u00e9\u010di o sebe za\u010d\u00edn\u00e1 zde \u2013 s <a href=\"https:\/\/bazaar.express\/product-category\/beauty-care\/\">Beauty &#038; Care<\/a>, kter\u00e9 si m\u016f\u017eete v\u011b\u0159it.<\/p>\n","protected":false},"excerpt":{"rendered":"<h3 data-start=\"382\" data-end=\"602\">Objevte starov\u011bk\u00fd bedu\u00ednsk\u00fd recept s na\u0161\u00ed <strong data-start=\"428\" data-end=\"459\">mas\u00e1\u017en\u00ed mast\u00ed s \u010dern\u00fdm sem\u00ednkem<\/strong>. Obohacen\u00e1 o extrakt z nigella sativa, kafol a eukalyptov\u00fd olej, uklid\u0148uje bolest, sni\u017euje otoky a uvol\u0148uje svaly. Vyrobena v Egypt\u011b \u2013 150g.<\/h3>\n","protected":false},"featured_media":35672,"comment_status":"open","ping_status":"closed","template":"","meta":[],"product_brand":[],"product_cat":[786,787,788],"product_tag":[792,790,783,791],"class_list":{"0":"post-35671","1":"product","2":"type-product","3":"status-publish","4":"has-post-thumbnail","6":"product_cat-pece-o-krasu","7":"product_cat-terapeuticke-oleje","8":"product_cat-to-nejlepsi-z-egypta","9":"product_tag-masaz","10":"product_tag-pece-o-krasu","11":"product_tag-pece-o-plet","12":"product_tag-velbloudi-mleko","14":"first","15":"instock","16":"shipping-taxable","17":"purchasable","18":"product-type-simple"},"_links":{"self":[{"href":"https:\/\/bazaar.express\/cs\/wp-json\/wp\/v2\/product\/35671","targetHints":{"allow":["GET"]}}],"collection":[{"href":"https:\/\/bazaar.express\/cs\/wp-json\/wp\/v2\/product"}],"about":[{"href":"https:\/\/bazaar.express\/cs\/wp-json\/wp\/v2\/types\/product"}],"replies":[{"embeddable":true,"href":"https:\/\/bazaar.express\/cs\/wp-json\/wp\/v2\/comments?post=35671"}],"wp:featuredmedia":[{"embeddable":true,"href":"https:\/\/bazaar.express\/cs\/wp-json\/wp\/v2\/media\/35672"}],"wp:attachment":[{"href":"https:\/\/bazaar.express\/cs\/wp-json\/wp\/v2\/media?parent=35671"}],"wp:term":[{"taxonomy":"product_brand","embeddable":true,"href":"https:\/\/bazaar.express\/cs\/wp-json\/wp\/v2\/product_brand?post=35671"},{"taxonomy":"product_cat","embeddable":true,"href":"https:\/\/bazaar.express\/cs\/wp-json\/wp\/v2\/product_cat?post=35671"},{"taxonomy":"product_tag","embeddable":true,"href":"https:\/\/bazaar.express\/cs\/wp-json\/wp\/v2\/product_tag?post=35671"}],"curies":[{"name":"wp","href":"https:\/\/api.w.org\/{rel}","templated":true}]}}