{"id":35676,"date":"2025-08-10T00:24:38","date_gmt":"2025-08-10T00:24:38","guid":{"rendered":"https:\/\/bazaar.express\/product\/masazni-krem-s-olejem-z-pstrosa\/"},"modified":"2025-11-01T12:25:49","modified_gmt":"2025-11-01T12:25:49","slug":"masazni-krem-s-olejem-z-pstrosa","status":"publish","type":"product","link":"https:\/\/bazaar.express\/cs\/produkt\/masazni-krem-s-olejem-z-pstrosa\/","title":{"rendered":"Mas\u00e1\u017en\u00ed kr\u00e9m s olejem z p\u0161trosa"},"content":{"rendered":"<h2 data-start=\"216\" data-end=\"284\"><strong data-start=\"219\" data-end=\"282\">Mas\u00e1\u017en\u00ed kr\u00e9m s olejem z p\u0161trosa \u2013 Hlubok\u00e1 \u00faleva a p\u0159\u00edrodn\u00ed p\u00e9\u010de<\/strong><\/h2>\n<h3 data-start=\"286\" data-end=\"335\"><strong data-start=\"290\" data-end=\"333\">Co je mas\u00e1\u017en\u00ed kr\u00e9m s olejem z p\u0161trosa?<\/strong><\/h3>\n<p data-start=\"336\" data-end=\"631\">Mas\u00e1\u017en\u00ed kr\u00e9m s olejem z p\u0161trosa je pr\u00e9miov\u00e1 p\u0159\u00edrodn\u00ed formule navr\u017een\u00e1 pro hlubokou, uklid\u0148uj\u00edc\u00ed \u00falevu sval\u016f, kloub\u016f a pleti. Obohacen\u00fd \u010dist\u00fdm olejem z p\u0161trosa a sm\u011bs\u00ed mocn\u00fdch p\u0159\u00edrodn\u00edch ingredienc\u00ed, tento kr\u00e9m sni\u017euje z\u00e1n\u011bty, zm\u00edr\u0148uje nepohodl\u00ed a obnovuje vitalitu pleti.<\/p>\n<p data-start=\"633\" data-end=\"971\">Zn\u00e1m\u00fd svou v\u00fdjime\u010dnou vst\u0159ebatelnost\u00ed, olej z p\u0161trosa pronik\u00e1 hluboko do k\u016f\u017ee, umo\u017e\u0148uje sv\u00fdm \u017eivin\u00e1m a esenci\u00e1ln\u00edm mastn\u00fdm kyselin\u00e1m dos\u00e1hnout posti\u017een\u00fdch oblast\u00ed pro rychlou, c\u00edlenou \u00falevu. A\u0165 se sna\u017e\u00edte regenerovat po intenzivn\u00edm tr\u00e9ninku, uklidnit chronickou bolest nebo si prost\u011b u\u017e\u00edt relaxa\u010dn\u00ed mas\u00e1\u017e, tento kr\u00e9m je va\u0161\u00ed spolehlivou volbou.<\/p>\n<h3 data-start=\"978\" data-end=\"1011\"><strong data-start=\"982\" data-end=\"1009\">Kl\u00ed\u010dov\u00e9 p\u0159\u00edrodn\u00ed ingredience<\/strong><\/h3>\n<ul data-start=\"1013\" data-end=\"1515\">\n<li data-start=\"1013\" data-end=\"1125\">\n<p data-start=\"1015\" data-end=\"1125\"><strong data-start=\"1015\" data-end=\"1030\">Olej z p\u0161trosa<\/strong> \u2013 Bohat\u00fd na omega mastn\u00e9 kyseliny, hluboce zvlh\u010duje, sni\u017euje z\u00e1n\u011bty a podporuje hojen\u00ed.<\/p>\n<\/li>\n<li data-start=\"1126\" data-end=\"1224\">\n<p data-start=\"1128\" data-end=\"1224\"><strong data-start=\"1128\" data-end=\"1139\">Kafr<\/strong> \u2013 Stimuluje pr\u016ftok krve, zm\u00edr\u0148uje tuhost a pom\u00e1h\u00e1 ulevit od bolesti sval\u016f a kloub\u016f.<\/p>\n<\/li>\n<li data-start=\"1225\" data-end=\"1319\">\n<p data-start=\"1227\" data-end=\"1319\"><strong data-start=\"1227\" data-end=\"1245\">Eukalyptov\u00fd olej<\/strong> \u2013 Osv\u011b\u017euje smysly, sni\u017euje otoky a podporuje regeneraci sval\u016f.<\/p>\n<\/li>\n<li data-start=\"1320\" data-end=\"1402\">\n<p data-start=\"1322\" data-end=\"1402\"><strong data-start=\"1322\" data-end=\"1333\">Mentol<\/strong> \u2013 Dod\u00e1v\u00e1 chladiv\u00fd efekt, kter\u00fd okam\u017eit\u011b uklid\u0148uje bolest a nap\u011bt\u00ed.<\/p>\n<\/li>\n<li data-start=\"1403\" data-end=\"1515\">\n<p data-start=\"1405\" data-end=\"1515\"><strong data-start=\"1405\" data-end=\"1416\">V\u010del\u00ed vosk<\/strong> \u2013 Chr\u00e1n\u00ed ple\u0165 uzamyk\u00e1n\u00edm vlhkosti a zesiluje p\u0159\u00ednosy aktivn\u00edch ingredienc\u00ed.<\/p>\n<\/li>\n<\/ul>\n<h3 data-start=\"1522\" data-end=\"1547\"><strong data-start=\"1526\" data-end=\"1545\">Podrobnosti o produktu<\/strong><\/h3>\n<ul data-start=\"1548\" data-end=\"1805\">\n<li data-start=\"1548\" data-end=\"1616\">\n<p data-start=\"1550\" data-end=\"1616\"><strong data-start=\"1550\" data-end=\"1560\">Zna\u010dka:<\/strong> Halla Cleopatra \u2013 Slavn\u00e1 egyptsk\u00e1 zna\u010dka p\u0159\u00edrodn\u00ed p\u00e9\u010de.<\/p>\n<\/li>\n<li data-start=\"1617\" data-end=\"1676\">\n<p data-start=\"1619\" data-end=\"1676\"><strong data-start=\"1619\" data-end=\"1630\">Hmotnost:<\/strong> 150g \u2013 Perfektn\u00ed velikost pro pou\u017eit\u00ed doma nebo na cest\u00e1ch.<\/p>\n<\/li>\n<li data-start=\"1677\" data-end=\"1750\">\n<p data-start=\"1679\" data-end=\"1750\"><strong data-start=\"1679\" data-end=\"1690\">P\u016fvod:<\/strong> Hrd\u011b vyrobeno v Egypt\u011b s vyu\u017eit\u00edm tradi\u010dn\u00ed bylinn\u00e9 expertizy.<\/p>\n<\/li>\n<li data-start=\"1751\" data-end=\"1805\">\n<p data-start=\"1753\" data-end=\"1805\"><strong data-start=\"1753\" data-end=\"1766\">Kategorie:<\/strong> P\u0159\u00edrodn\u00ed mas\u00e1\u017en\u00ed a \u00faleva od bolesti kr\u00e9m.<\/p>\n<\/li>\n<\/ul>\n<h3 data-start=\"1812\" data-end=\"1864\"><strong data-start=\"1816\" data-end=\"1862\">P\u0159\u00ednosy mas\u00e1\u017en\u00edho kr\u00e9mu s olejem z p\u0161trosa<\/strong><\/h3>\n<p data-start=\"1865\" data-end=\"1906\">Pravideln\u00e9 pou\u017e\u00edv\u00e1n\u00ed tohoto kr\u00e9mu v\u00e1m m\u016f\u017ee pomoci:<\/p>\n<ul data-start=\"1908\" data-end=\"2121\">\n<li data-start=\"1908\" data-end=\"1948\">\n<p data-start=\"1910\" data-end=\"1948\">Zm\u00edrnit nepohodl\u00ed sval\u016f a kloub\u016f.<\/p>\n<\/li>\n<li data-start=\"1949\" data-end=\"1986\">\n<p data-start=\"1951\" data-end=\"1986\">Sni\u017eovat z\u00e1n\u011bty a otoky.<\/p>\n<\/li>\n<li data-start=\"1987\" data-end=\"2022\">\n<p data-start=\"1989\" data-end=\"2022\">Uvolnit tuh\u00e9 svaly a k\u0159e\u010de.<\/p>\n<\/li>\n<li data-start=\"2023\" data-end=\"2065\">\n<p data-start=\"2025\" data-end=\"2065\">Zlep\u0161it hydrataci a hladkost pleti.<\/p>\n<\/li>\n<li data-start=\"2066\" data-end=\"2121\">\n<p data-start=\"2068\" data-end=\"2121\">Podporovat rychlej\u0161\u00ed regeneraci po tr\u00e9ninku nebo zran\u011bn\u00ed.<\/p>\n<\/li>\n<\/ul>\n<p data-start=\"2123\" data-end=\"2229\">Lehk\u00e1 textura se rychle vst\u0159eb\u00e1v\u00e1 bez mastn\u00e9ho zbytku, co\u017e ji \u010din\u00ed ide\u00e1ln\u00ed pro ka\u017edodenn\u00ed pou\u017eit\u00ed.<\/p>\n<h3 data-start=\"2236\" data-end=\"2256\"><strong data-start=\"2240\" data-end=\"2254\">Jak pou\u017e\u00edvat<\/strong><\/h3>\n<ol data-start=\"2257\" data-end=\"2497\">\n<li data-start=\"2257\" data-end=\"2306\">\n<p data-start=\"2260\" data-end=\"2306\">Naneste \u0161t\u011bdr\u00e9 mno\u017estv\u00ed na po\u017eadovanou oblast.<\/p>\n<\/li>\n<li data-start=\"2307\" data-end=\"2368\">\n<p data-start=\"2310\" data-end=\"2368\">Jemn\u011b mas\u00edrujte kruhov\u00fdmi pohyby, dokud se pln\u011b nevst\u0159eb\u00e1.<\/p>\n<\/li>\n<li data-start=\"2369\" data-end=\"2497\">\n<p data-start=\"2372\" data-end=\"2497\">Pou\u017e\u00edvejte 2\u20133kr\u00e1t denn\u011b nebo podle pot\u0159eby pro nejlep\u0161\u00ed v\u00fdsledky.<br data-start=\"2422\" data-end=\"2425\" \/>\ud83d\udca1 <strong data-start=\"2428\" data-end=\"2436\">Tip:<\/strong> Pro hlub\u0161\u00ed pronik\u00e1n\u00ed nan\u00e1\u0161ejte po tepl\u00e9 van\u011b nebo spr\u0161e.<\/p>\n<\/li>\n<\/ol>\n<h3 data-start=\"2504\" data-end=\"2556\"><strong data-start=\"2508\" data-end=\"2554\">Pro\u010d si vybrat mas\u00e1\u017en\u00ed kr\u00e9m s olejem z p\u0161trosa?<\/strong><\/h3>\n<ul data-start=\"2557\" data-end=\"2769\">\n<li data-start=\"2557\" data-end=\"2615\">\n<p data-start=\"2559\" data-end=\"2615\">Vyrobeno z pr\u00e9miov\u00e9ho oleje z p\u0161trosa a p\u0159\u00edrodn\u00edch ingredienc\u00ed.<\/p>\n<\/li>\n<li data-start=\"2616\" data-end=\"2668\">\n<p data-start=\"2618\" data-end=\"2668\">Autentick\u00fd egyptsk\u00fd produkt od d\u016fv\u011bryhodn\u00e9 zna\u010dky.<\/p>\n<\/li>\n<li data-start=\"2669\" data-end=\"2705\">\n<p data-start=\"2671\" data-end=\"2705\">Vhodn\u00e9 pro mu\u017ee i \u017eeny.<\/p>\n<\/li>\n<li data-start=\"2706\" data-end=\"2769\">\n<p data-start=\"2708\" data-end=\"2769\">100% bez \u0161kodliv\u00fdch chemik\u00e1li\u00ed a um\u011bl\u00fdch v\u016fn\u00ed.<\/p>\n<\/li>\n<\/ul>\n<h3 data-start=\"2776\" data-end=\"2826\"><strong data-start=\"2780\" data-end=\"2824\">Poc\u00edt\u00edte rozd\u00edl u\u017e p\u0159i prvn\u00edm doteku<\/strong><\/h3>\n<p data-start=\"2827\" data-end=\"3059\">Va\u0161e t\u011blo si zaslou\u017e\u00ed nejlep\u0161\u00ed p\u00e9\u010di \u2013 a tento <strong data-start=\"2876\" data-end=\"2910\">mas\u00e1\u017en\u00ed kr\u00e9m s olejem z p\u0161trosa<\/strong> to p\u0159esn\u011b nab\u00edz\u00ed. P\u0159i ka\u017ed\u00e9 mas\u00e1\u017ei poc\u00edt\u00edte spole\u010dnou s\u00edlu nejlep\u0161\u00edch p\u0159\u00edrodn\u00edch ingredienc\u00ed, kter\u00e9 uvol\u0148uj\u00ed, uklid\u0148uj\u00ed a omlazuj\u00ed.<\/p>\n<p data-start=\"3061\" data-end=\"3224\"><span data-start=\"3063\" data-end=\"3082\">\u00a0<\/span><strong data-start=\"3063\" data-end=\"3082\">Objednejte si sv\u016fj te\u010f<\/strong> a za\u017eijte pohodl\u00ed, \u00falevu a luxus autentick\u00e9 egyptsk\u00e9 p\u0159\u00edrodn\u00ed p\u00e9\u010de. Ne\u010dekejte \u2013 dop\u0159ejte sv\u00e9mu t\u011blu l\u00e9\u010div\u00fd dotek, kter\u00fd si zaslou\u017e\u00ed!<\/p>\n<p style=\"text-align: center;\">D\u011bkujeme, \u017ee nakupujete v <a href=\"https:\/\/bazaar.express\/\">Bazaar Express<\/a> \u2013 t\u011b\u0161\u00edme se na v\u00e1s!<\/p>\n<p style=\"text-align: center;\">Va\u0161e cesta k lep\u0161\u00ed p\u00e9\u010di o sebe za\u010d\u00edn\u00e1 zde \u2013 s <a href=\"https:\/\/bazaar.express\/product-category\/beauty-care\/\">Beauty &#038; Care<\/a>, kter\u00e9 si m\u016f\u017eete v\u011b\u0159it.<\/p>\n","protected":false},"excerpt":{"rendered":"<h3>P\u0159\u00edrodn\u00ed egyptsk\u00fd mas\u00e1\u017en\u00ed kr\u00e9m obohacen\u00fd o olej z p\u0161trosa, kafr, eukalyptus, mentol a v\u010del\u00ed vosk. Zm\u00edr\u0148uje bolest, sni\u017euje z\u00e1n\u011bty a hydratuje ple\u0165.<\/h3>\n","protected":false},"featured_media":35677,"comment_status":"open","ping_status":"closed","template":"","meta":[],"product_brand":[],"product_cat":[786,787],"product_tag":[792,790,783,791],"class_list":{"0":"post-35676","1":"product","2":"type-product","3":"status-publish","4":"has-post-thumbnail","6":"product_cat-pece-o-krasu","7":"product_cat-terapeuticke-oleje","8":"product_tag-masaz","9":"product_tag-pece-o-krasu","10":"product_tag-pece-o-plet","11":"product_tag-velbloudi-mleko","13":"first","14":"instock","15":"shipping-taxable","16":"purchasable","17":"product-type-simple"},"_links":{"self":[{"href":"https:\/\/bazaar.express\/cs\/wp-json\/wp\/v2\/product\/35676","targetHints":{"allow":["GET"]}}],"collection":[{"href":"https:\/\/bazaar.express\/cs\/wp-json\/wp\/v2\/product"}],"about":[{"href":"https:\/\/bazaar.express\/cs\/wp-json\/wp\/v2\/types\/product"}],"replies":[{"embeddable":true,"href":"https:\/\/bazaar.express\/cs\/wp-json\/wp\/v2\/comments?post=35676"}],"wp:featuredmedia":[{"embeddable":true,"href":"https:\/\/bazaar.express\/cs\/wp-json\/wp\/v2\/media\/35677"}],"wp:attachment":[{"href":"https:\/\/bazaar.express\/cs\/wp-json\/wp\/v2\/media?parent=35676"}],"wp:term":[{"taxonomy":"product_brand","embeddable":true,"href":"https:\/\/bazaar.express\/cs\/wp-json\/wp\/v2\/product_brand?post=35676"},{"taxonomy":"product_cat","embeddable":true,"href":"https:\/\/bazaar.express\/cs\/wp-json\/wp\/v2\/product_cat?post=35676"},{"taxonomy":"product_tag","embeddable":true,"href":"https:\/\/bazaar.express\/cs\/wp-json\/wp\/v2\/product_tag?post=35676"}],"curies":[{"name":"wp","href":"https:\/\/api.w.org\/{rel}","templated":true}]}}