{"id":35680,"date":"2025-08-11T11:46:15","date_gmt":"2025-08-11T11:46:15","guid":{"rendered":"https:\/\/bazaar.express\/product\/krem-s-olejem-z-pstrosa\/"},"modified":"2025-08-11T11:46:15","modified_gmt":"2025-08-11T11:46:15","slug":"krem-s-olejem-z-pstrosa","status":"publish","type":"product","link":"https:\/\/bazaar.express\/cs\/produkt\/krem-s-olejem-z-pstrosa\/","title":{"rendered":"Kr\u00e9m s olejem z p\u0161trosa"},"content":{"rendered":"<h2 data-start=\"224\" data-end=\"294\"><strong data-start=\"227\" data-end=\"292\">Kr\u00e9m s olejem z p\u0161trosa \u2013 P\u0159\u00edrodn\u00ed mas\u00e1\u017en\u00ed a p\u00e9\u010de o ple\u0165 \u0159e\u0161en\u00ed<\/strong><\/h2>\n<h3 data-start=\"296\" data-end=\"337\"><strong data-start=\"300\" data-end=\"335\">Co je kr\u00e9m s olejem z p\u0161trosa?<\/strong><\/h3>\n<p data-start=\"338\" data-end=\"658\">Kr\u00e9m s olejem z p\u0161trosa od <strong data-start=\"366\" data-end=\"386\">Hurghada Bedwins<\/strong> je pr\u00e9miov\u00fd mas\u00e1\u017en\u00ed a p\u00e9\u010de o ple\u0165 kr\u00e9m navr\u017een\u00fd k \u00falev\u011b od otok\u016f, uklidn\u011bn\u00ed svalov\u00fdch k\u0159e\u010d\u00ed a hlubok\u00e9mu zvlh\u010den\u00ed such\u00e9 k\u016f\u017ee. Vyroben\u00fd z jedine\u010dn\u00e9 sm\u011bsi oleje z p\u0161trosa a p\u0159\u00edrodn\u00edch bylinn\u00fdch extrakt\u016f, tento kr\u00e9m nab\u00edz\u00ed terapeutick\u00e9 p\u0159\u00ednosy i luxusn\u00ed v\u00fd\u017eivu pleti.<\/p>\n<p data-start=\"660\" data-end=\"966\">Olej z p\u0161trosa je zn\u00e1m\u00fd svou v\u00fdjime\u010dnou vst\u0159ebatelnost\u00ed a vysok\u00fdm obsahem omega mastn\u00fdch kyselin, kter\u00e9 pronikaj\u00ed hluboko do k\u016f\u017ee, sni\u017euj\u00ed z\u00e1n\u011bty, obnovuj\u00ed m\u011bkkost a podporuj\u00ed hojen\u00ed. A\u0165 hled\u00e1te \u00falevu od bolesti, relaxaci nebo zlep\u0161en\u00ed textury pleti, tento kr\u00e9m je ide\u00e1ln\u00edm spole\u010dn\u00edkem.<\/p>\n<h3 data-start=\"973\" data-end=\"1006\"><strong data-start=\"977\" data-end=\"1004\">Kl\u00ed\u010dov\u00e9 p\u0159\u00edrodn\u00ed ingredience<\/strong><\/h3>\n<ul data-start=\"1008\" data-end=\"1454\">\n<li data-start=\"1008\" data-end=\"1094\">\n<p data-start=\"1010\" data-end=\"1094\"><strong data-start=\"1010\" data-end=\"1025\">Olej z p\u0161trosa<\/strong> \u2013 Hluboce hydratuje, sni\u017euje z\u00e1n\u011bty a podporuje opravu k\u016f\u017ee.<\/p>\n<\/li>\n<li data-start=\"1095\" data-end=\"1195\">\n<p data-start=\"1097\" data-end=\"1195\"><strong data-start=\"1097\" data-end=\"1108\">Kafr<\/strong> \u2013 Stimuluje krevn\u00ed ob\u011bh, uvol\u0148uje tuhost a pom\u00e1h\u00e1 sni\u017eovat svalov\u00e9 nap\u011bt\u00ed.<\/p>\n<\/li>\n<li data-start=\"1196\" data-end=\"1281\">\n<p data-start=\"1198\" data-end=\"1281\"><strong data-start=\"1198\" data-end=\"1216\">Eukalyptov\u00fd olej<\/strong> \u2013 Osv\u011b\u017euje ple\u0165, sni\u017euje otoky a podporuje regeneraci.<\/p>\n<\/li>\n<li data-start=\"1282\" data-end=\"1357\">\n<p data-start=\"1284\" data-end=\"1357\"><strong data-start=\"1284\" data-end=\"1295\">Mentol<\/strong> \u2013 Dod\u00e1v\u00e1 okam\u017eit\u00fd chladiv\u00fd pocit pro \u00falevu od nepohodl\u00ed.<\/p>\n<\/li>\n<li data-start=\"1358\" data-end=\"1454\">\n<p data-start=\"1360\" data-end=\"1454\"><strong data-start=\"1360\" data-end=\"1371\">V\u010del\u00ed vosk<\/strong> \u2013 Uzamyk\u00e1 vlhkost a vytv\u00e1\u0159\u00ed ochrannou bari\u00e9ru pro m\u011bkkou a hladkou ple\u0165.<\/p>\n<\/li>\n<\/ul>\n<h3 data-start=\"1461\" data-end=\"1486\"><strong data-start=\"1465\" data-end=\"1484\">Podrobnosti o produktu<\/strong><\/h3>\n<ul data-start=\"1487\" data-end=\"1768\">\n<li data-start=\"1487\" data-end=\"1518\">\n<p data-start=\"1489\" data-end=\"1518\"><strong data-start=\"1489\" data-end=\"1499\">Zna\u010dka:<\/strong> Hurghada Bedwins<\/p>\n<\/li>\n<li data-start=\"1519\" data-end=\"1594\">\n<p data-start=\"1521\" data-end=\"1594\"><strong data-start=\"1521\" data-end=\"1532\">Hmotnost:<\/strong> 150g \u2013 Ide\u00e1ln\u00ed velikost pro ka\u017edodenn\u00ed pou\u017eit\u00ed doma nebo na cest\u00e1ch.<\/p>\n<\/li>\n<li data-start=\"1595\" data-end=\"1665\">\n<p data-start=\"1597\" data-end=\"1665\"><strong data-start=\"1597\" data-end=\"1608\">P\u016fvod:<\/strong> Hrd\u011b vyrobeno v Egypt\u011b s autentickou bylinnou expertizou.<\/p>\n<\/li>\n<li data-start=\"1666\" data-end=\"1718\">\n<p data-start=\"1668\" data-end=\"1718\"><strong data-start=\"1668\" data-end=\"1681\">Kategorie:<\/strong> P\u0159\u00edrodn\u00ed mas\u00e1\u017en\u00ed a p\u00e9\u010de o ple\u0165 kr\u00e9m.<\/p>\n<\/li>\n<li data-start=\"1719\" data-end=\"1768\">\n<p data-start=\"1721\" data-end=\"1768\"><strong data-start=\"1721\" data-end=\"1746\">Pouze pro vn\u011bj\u0161\u00ed pou\u017eit\u00ed<\/strong> \u2013 Kosmetick\u00fd produkt.<\/p>\n<\/li>\n<\/ul>\n<h3 data-start=\"1775\" data-end=\"1819\"><strong data-start=\"1779\" data-end=\"1817\">P\u0159\u00ednosy kr\u00e9mu s olejem z p\u0161trosa<\/strong><\/h3>\n<p data-start=\"1820\" data-end=\"1857\">Pravideln\u00e9 pou\u017e\u00edv\u00e1n\u00ed tohoto kr\u00e9mu v\u00e1m m\u016f\u017ee pomoci:<\/p>\n<ul data-start=\"1859\" data-end=\"2151\">\n<li data-start=\"1859\" data-end=\"1908\">\n<p data-start=\"1861\" data-end=\"1908\">Zm\u00edrnit svalov\u00e9 k\u0159e\u010de, k\u0159e\u010de a tuhost.<\/p>\n<\/li>\n<li data-start=\"1909\" data-end=\"1968\">\n<p data-start=\"1911\" data-end=\"1968\">Sni\u017eovat otoky a z\u00e1n\u011bty v kloubech a svalech.<\/p>\n<\/li>\n<li data-start=\"1969\" data-end=\"2032\">\n<p data-start=\"1971\" data-end=\"2032\">Zvlh\u010dovat a zjem\u0148ovat suchou nebo popraskanou k\u016f\u017ei, v\u010detn\u011b pat.<\/p>\n<\/li>\n<li data-start=\"2033\" data-end=\"2095\">\n<p data-start=\"2035\" data-end=\"2095\">Podporovat rychlej\u0161\u00ed regeneraci po fyzick\u00e9 aktivit\u011b nebo nam\u00e1h\u00e1n\u00ed.<\/p>\n<\/li>\n<li data-start=\"2096\" data-end=\"2151\">\n<p data-start=\"2098\" data-end=\"2151\">Poskytovat uklid\u0148uj\u00edc\u00ed relaxaci b\u011bhem mas\u00e1\u017en\u00ed terapie.<\/p>\n<\/li>\n<\/ul>\n<h3 data-start=\"2158\" data-end=\"2178\"><strong data-start=\"2162\" data-end=\"2176\">Jak pou\u017e\u00edvat<\/strong><\/h3>\n<ol data-start=\"2179\" data-end=\"2429\">\n<li data-start=\"2179\" data-end=\"2238\">\n<p data-start=\"2182\" data-end=\"2238\">Naneste vhodn\u00e9 mno\u017estv\u00ed kr\u00e9mu na c\u00edlovou oblast.<\/p>\n<\/li>\n<li data-start=\"2239\" data-end=\"2302\">\n<p data-start=\"2242\" data-end=\"2302\">Jemn\u011b mas\u00edrujte kruhov\u00fdmi pohyby, dokud se pln\u011b nevst\u0159eb\u00e1.<\/p>\n<\/li>\n<li data-start=\"2303\" data-end=\"2429\">\n<p data-start=\"2306\" data-end=\"2429\">Pou\u017e\u00edvejte 2\u20133 kr\u00e1t denn\u011b nebo podle pot\u0159eby.<br data-start=\"2339\" data-end=\"2342\" \/>\ud83d\udca1 <strong data-start=\"2345\" data-end=\"2353\">Tip:<\/strong> Pro hlub\u0161\u00ed vst\u0159eb\u00e1v\u00e1n\u00ed nan\u00e1\u0161ejte po tepl\u00e9 spr\u0161e, kdy\u017e jsou p\u00f3ry otev\u0159en\u00e9.<\/p>\n<\/li>\n<\/ol>\n<h3 data-start=\"2436\" data-end=\"2497\"><strong data-start=\"2440\" data-end=\"2495\">Pro\u010d si vybrat kr\u00e9m s olejem z p\u0161trosa od Hurghada Bedwins?<\/strong><\/h3>\n<ul data-start=\"2498\" data-end=\"2675\">\n<li data-start=\"2498\" data-end=\"2535\">\n<p data-start=\"2500\" data-end=\"2535\">Pr\u00e9miov\u00e1 kvalita egyptsk\u00e9ho produktu.<\/p>\n<\/li>\n<li data-start=\"2536\" data-end=\"2585\">\n<p data-start=\"2538\" data-end=\"2585\">Vyrobeno z p\u0159\u00edrodn\u00edch, k\u016f\u017ei \u0161etrn\u00fdch ingredienc\u00ed.<\/p>\n<\/li>\n<li data-start=\"2586\" data-end=\"2622\">\n<p data-start=\"2588\" data-end=\"2622\">Vhodn\u00e9 pro mu\u017ee i \u017eeny.<\/p>\n<\/li>\n<li data-start=\"2623\" data-end=\"2675\">\n<p data-start=\"2625\" data-end=\"2675\">Kombinuje \u00falevu od bolesti s hlubokou v\u00fd\u017eivou pleti.<\/p>\n<\/li>\n<\/ul>\n<h3 data-start=\"2682\" data-end=\"2741\"><strong data-start=\"2686\" data-end=\"2739\">Za\u017eijte s\u00edlu p\u0159\u00edrody p\u0159i ka\u017ed\u00e9 mas\u00e1\u017ei<\/strong><\/h3>\n<p data-start=\"2742\" data-end=\"2955\">Dop\u0159ejte sv\u00e9mu t\u011blu a pleti luxus a l\u00e9\u010divou s\u00edlu <strong data-start=\"2802\" data-end=\"2828\">kr\u00e9mu s olejem z p\u0161trosa<\/strong>. P\u0159i ka\u017ed\u00e9m nanesen\u00ed poc\u00edt\u00edte uklid\u0148uj\u00edc\u00ed \u00falevu, trvalou hydrataci a revitalizuj\u00edc\u00ed dotek p\u0159\u00edrodn\u00ed egyptsk\u00e9 p\u00e9\u010de.<\/p>\n<p data-start=\"2957\" data-end=\"3083\"><strong data-start=\"2959\" data-end=\"3024\">Objednejte si dnes sv\u016fj 150g kr\u00e9m s olejem z p\u0161trosa od Hurghada Bedwins<\/strong> a dop\u0159ejte sv\u00e9 pleti a sval\u016fm pohodl\u00ed, kter\u00e9 si zaslou\u017e\u00ed!<\/p>\n<p style=\"text-align: center;\">D\u011bkujeme, \u017ee nakupujete v <a href=\"https:\/\/bazaar.express\/\">Bazaar Express<\/a> \u2013 t\u011b\u0161\u00edme se na v\u00e1s!<\/p>\n<p style=\"text-align: center;\">Va\u0161e cesta k lep\u0161\u00ed p\u00e9\u010di o sebe za\u010d\u00edn\u00e1 zde \u2013 s <a href=\"https:\/\/bazaar.express\/product-category\/beauty-care\/\">Beauty &#038; Care<\/a>, kter\u00e9 si m\u016f\u017eete v\u011b\u0159it.<\/p>\n","protected":false},"excerpt":{"rendered":"<h3 data-start=\"335\" data-end=\"532\">Za\u017eijte hlubokou \u00falevu s mas\u00e1\u017en\u00edm kr\u00e9mem s olejem z p\u0161trosa. Ide\u00e1ln\u00ed pro uklidn\u011bn\u00ed bolav\u00fdch sval\u016f, zm\u00edrn\u011bn\u00ed bolesti kloub\u016f a podporu relaxace s p\u0159\u00edrodn\u00edmi ingrediencemi.<\/h3>\n","protected":false},"featured_media":35681,"comment_status":"open","ping_status":"closed","template":"","meta":[],"product_brand":[],"product_cat":[788,786],"product_tag":[790,783,791],"class_list":{"0":"post-35680","1":"product","2":"type-product","3":"status-publish","4":"has-post-thumbnail","6":"product_cat-to-nejlepsi-z-egypta","7":"product_cat-pece-o-krasu","8":"product_tag-pece-o-krasu","9":"product_tag-pece-o-plet","10":"product_tag-velbloudi-mleko","12":"first","13":"instock","14":"shipping-taxable","15":"purchasable","16":"product-type-simple"},"_links":{"self":[{"href":"https:\/\/bazaar.express\/cs\/wp-json\/wp\/v2\/product\/35680","targetHints":{"allow":["GET"]}}],"collection":[{"href":"https:\/\/bazaar.express\/cs\/wp-json\/wp\/v2\/product"}],"about":[{"href":"https:\/\/bazaar.express\/cs\/wp-json\/wp\/v2\/types\/product"}],"replies":[{"embeddable":true,"href":"https:\/\/bazaar.express\/cs\/wp-json\/wp\/v2\/comments?post=35680"}],"wp:featuredmedia":[{"embeddable":true,"href":"https:\/\/bazaar.express\/cs\/wp-json\/wp\/v2\/media\/35681"}],"wp:attachment":[{"href":"https:\/\/bazaar.express\/cs\/wp-json\/wp\/v2\/media?parent=35680"}],"wp:term":[{"taxonomy":"product_brand","embeddable":true,"href":"https:\/\/bazaar.express\/cs\/wp-json\/wp\/v2\/product_brand?post=35680"},{"taxonomy":"product_cat","embeddable":true,"href":"https:\/\/bazaar.express\/cs\/wp-json\/wp\/v2\/product_cat?post=35680"},{"taxonomy":"product_tag","embeddable":true,"href":"https:\/\/bazaar.express\/cs\/wp-json\/wp\/v2\/product_tag?post=35680"}],"curies":[{"name":"wp","href":"https:\/\/api.w.org\/{rel}","templated":true}]}}