{"id":35684,"date":"2025-08-09T14:12:44","date_gmt":"2025-08-09T14:12:44","guid":{"rendered":"https:\/\/bazaar.express\/product\/egyptsky-colocynth\/"},"modified":"2025-08-09T14:12:44","modified_gmt":"2025-08-09T14:12:44","slug":"egyptsky-colocynth","status":"publish","type":"product","link":"https:\/\/bazaar.express\/cs\/produkt\/egyptsky-colocynth\/","title":{"rendered":"Egyptsk\u00fd colocynth"},"content":{"rendered":"<h2 data-start=\"244\" data-end=\"310\">Egyptsk\u00fd colocynth \u2013 P\u0159\u00edrodn\u00ed mas\u00e1\u017en\u00ed mast proti bolesti<\/h2>\n<h3 data-start=\"312\" data-end=\"345\">Co je egyptsk\u00fd colocynth?<\/h3>\n<p data-start=\"346\" data-end=\"759\">Egyptsk\u00fd colocynth je legend\u00e1rn\u00ed bylinn\u00fd l\u00e9k, kter\u00fd je po stalet\u00ed cen\u011bn v Egypt\u011b a na Bl\u00edzk\u00e9m v\u00fdchod\u011b pro sv\u00e9 pozoruhodn\u00e9 l\u00e9\u010div\u00e9 a analgetick\u00e9 vlastnosti. Z\u00edskan\u00fd z plodu colocynthu \u2014 mocn\u00e9 pou\u0161tn\u00ed rostliny zn\u00e1m\u00e9 svou l\u00e9\u010divou silou \u2014 tato mast je sm\u00edchan\u00e1 s p\u0159\u00edrodn\u00edmi oleji a bylinn\u00fdmi extrakty, aby vytvo\u0159ila uklid\u0148uj\u00edc\u00ed formuli pro svaly, klouby a celkovou relaxaci t\u011bla.<\/p>\n<p data-start=\"761\" data-end=\"992\">Pou\u017e\u00edvan\u00fd v tradi\u010dn\u00ed egyptsk\u00e9 medic\u00edn\u011b po generace, je nyn\u00ed p\u0159ij\u00edm\u00e1n po cel\u00e9m sv\u011bt\u011b jako <strong data-start=\"850\" data-end=\"878\">p\u0159\u00edrodn\u00ed mas\u00e1\u017en\u00ed \u0159e\u0161en\u00ed<\/strong> pro ty, kte\u0159\u00ed hledaj\u00ed \u00falevu od tuhosti, bolest\u00ed a ka\u017edodenn\u00edch nepohodl\u00ed bez spol\u00e9h\u00e1n\u00ed na syntetick\u00e9 chemik\u00e1lie.<\/p>\n<h3 data-start=\"999\" data-end=\"1050\">100% p\u0159\u00edrodn\u00ed slo\u017eky pro siln\u00e9 v\u00fdsledky<\/h3>\n<p data-start=\"1051\" data-end=\"1192\">Tato vysoce kvalitn\u00ed mast je vyrobena z pe\u010dliv\u011b vybran\u00fdch bylinn\u00fdch slo\u017eek, aby poskytla dlouhotrvaj\u00edc\u00ed \u00falevu a osv\u011b\u017euj\u00edc\u00ed pocit:<\/p>\n<ul data-start=\"1194\" data-end=\"1624\">\n<li data-start=\"1194\" data-end=\"1336\">\n<p data-start=\"1196\" data-end=\"1336\"><strong data-start=\"1196\" data-end=\"1223\">Extrakt z plodu colocynthu<\/strong> \u2013 Zn\u00e1m\u00fd sv\u00fdmi siln\u00fdmi protiz\u00e1n\u011btliv\u00fdmi a analgetick\u00fdmi \u00fa\u010dinky, pom\u00e1h\u00e1 uvolnit bolav\u00e9 svaly a ztuhl\u00e9 klouby.<\/p>\n<\/li>\n<li data-start=\"1337\" data-end=\"1448\">\n<p data-start=\"1339\" data-end=\"1448\"><strong data-start=\"1339\" data-end=\"1350\">Kafrov\u00fd olej<\/strong> \u2013 Stimuluje pr\u016ftok krve, vytv\u00e1\u0159\u00ed jemn\u00fd zah\u0159\u00edvac\u00ed efekt, kter\u00fd uvol\u0148uje nap\u011bt\u00ed a tuhost.<\/p>\n<\/li>\n<li data-start=\"1449\" data-end=\"1541\">\n<p data-start=\"1451\" data-end=\"1541\"><strong data-start=\"1451\" data-end=\"1469\">Eukalyptov\u00fd olej<\/strong> \u2013 Sni\u017euje otoky, osv\u011b\u017euje poko\u017eku a podporuje regeneraci sval\u016f.<\/p>\n<\/li>\n<li data-start=\"1542\" data-end=\"1624\">\n<p data-start=\"1544\" data-end=\"1624\"><strong data-start=\"1544\" data-end=\"1555\">Mentol<\/strong> \u2013 Nab\u00edz\u00ed okam\u017eit\u00fd chladiv\u00fd efekt, kter\u00fd uklid\u0148uje bolest a nepohodl\u00ed.<\/p>\n<\/li>\n<\/ul>\n<p data-start=\"1626\" data-end=\"1768\">Ka\u017ed\u00e1 slo\u017eka je vybr\u00e1na pro svou schopnost pracovat v harmonii, co\u017e v\u00e1m poskytuje bezpe\u010dn\u00fd, \u00fa\u010dinn\u00fd a p\u0159\u00edrodn\u00ed alternativu k chemick\u00fdm balz\u00e1m\u016fm.<\/p>\n<h3 data-start=\"1775\" data-end=\"1796\">Podrobnosti o produktu<\/h3>\n<ul data-start=\"1797\" data-end=\"2024\">\n<li data-start=\"1797\" data-end=\"1859\">\n<p data-start=\"1799\" data-end=\"1859\"><strong data-start=\"1799\" data-end=\"1810\">Hmotnost:<\/strong> 150 g \u2013 Praktick\u00e1 velikost pro dom\u00e1c\u00ed pou\u017eit\u00ed nebo cestov\u00e1n\u00ed.<\/p>\n<\/li>\n<li data-start=\"1860\" data-end=\"1958\">\n<p data-start=\"1862\" data-end=\"1958\"><strong data-start=\"1862\" data-end=\"1873\">P\u016fvod:<\/strong> Hrd\u011b vyrobeno v Egypt\u011b, kombinuj\u00edc\u00ed starov\u011bkou bylinnou moudrost s modern\u00edmi standardy p\u00e9\u010de.<\/p>\n<\/li>\n<li data-start=\"1959\" data-end=\"2024\">\n<p data-start=\"1961\" data-end=\"2024\"><strong data-start=\"1961\" data-end=\"1974\">Kategorie:<\/strong> P\u0159\u00edrodn\u00ed kosmetika \u2013 \u00daleva od bolesti &#038; mas\u00e1\u017en\u00ed p\u00e9\u010de.<\/p>\n<\/li>\n<\/ul>\n<h3 data-start=\"2031\" data-end=\"2076\">P\u0159\u00ednosy masti z egyptsk\u00e9ho colocynthu<\/h3>\n<p data-start=\"2077\" data-end=\"2138\">Pravideln\u00fdm pou\u017e\u00edv\u00e1n\u00edm m\u016f\u017ee mast z egyptsk\u00e9ho colocynthu pomoci:<\/p>\n<ul data-start=\"2140\" data-end=\"2408\">\n<li data-start=\"2140\" data-end=\"2186\">\n<p data-start=\"2142\" data-end=\"2186\">Ulevit bolesti kloub\u016f, chrupavek a sval\u016f.<\/p>\n<\/li>\n<li data-start=\"2187\" data-end=\"2236\">\n<p data-start=\"2189\" data-end=\"2236\">Uklidnit nepohodl\u00ed v bedrech, krku a kolenou.<\/p>\n<\/li>\n<li data-start=\"2237\" data-end=\"2309\">\n<p data-start=\"2239\" data-end=\"2309\">Sn\u00ed\u017eit z\u00e1n\u011bty zp\u016fsoben\u00e9 v\u00fdrony, sportovn\u00edmi zran\u011bn\u00edmi a ka\u017edodenn\u00edm nam\u00e1h\u00e1n\u00edm.<\/p>\n<\/li>\n<li data-start=\"2310\" data-end=\"2357\">\n<p data-start=\"2312\" data-end=\"2357\">Uvolnit svalov\u00e9 k\u0159e\u010de, k\u0159e\u010de a tuhost.<\/p>\n<\/li>\n<li data-start=\"2358\" data-end=\"2408\">\n<p data-start=\"2360\" data-end=\"2408\">Zm\u00edrnit bolesti hlavy a nepohodl\u00ed spojen\u00e9 s nap\u011bt\u00edm.<\/p>\n<\/li>\n<\/ul>\n<p data-start=\"2410\" data-end=\"2544\">Lehk\u00e1 textura se rychle vst\u0159eb\u00e1v\u00e1 do k\u016f\u017ee bez mastn\u00e9ho zbytku, co\u017e v\u00e1m umo\u017en\u00ed si u\u017e\u00edt rychlou a c\u00edlenou \u00falevu.<\/p>\n<h3 data-start=\"2551\" data-end=\"2595\">Jak pou\u017e\u00edvat mast z egyptsk\u00e9ho colocynthu<\/h3>\n<ol data-start=\"2596\" data-end=\"2849\">\n<li data-start=\"2596\" data-end=\"2652\">\n<p data-start=\"2599\" data-end=\"2652\">Aplikujte mal\u00e9 mno\u017estv\u00ed p\u0159\u00edmo na posti\u017een\u00e9 m\u00edsto.<\/p>\n<\/li>\n<li data-start=\"2653\" data-end=\"2714\">\n<p data-start=\"2656\" data-end=\"2714\">Jemn\u011b mas\u00edrujte kruhov\u00fdmi pohyby, dokud se pln\u011b nevst\u0159eb\u00e1.<\/p>\n<\/li>\n<li data-start=\"2715\" data-end=\"2849\">\n<p data-start=\"2718\" data-end=\"2849\">Pou\u017e\u00edvejte 2\u20133kr\u00e1t denn\u011b nebo podle pot\u0159eby.<br data-start=\"2758\" data-end=\"2761\" \/>\ud83d\udca1 <strong data-start=\"2764\" data-end=\"2772\">Tip:<\/strong> Pro hlub\u0161\u00ed vst\u0159eb\u00e1n\u00ed aplikujte po tepl\u00e9 spr\u0161e, kdy\u017e jsou p\u00f3ry otev\u0159en\u00e9.<\/p>\n<\/li>\n<\/ol>\n<h3 data-start=\"2856\" data-end=\"2892\">Pro\u010d si vybrat egyptsk\u00fd colocynth?<\/h3>\n<ul data-start=\"2893\" data-end=\"3090\">\n<li data-start=\"2893\" data-end=\"2936\">\n<p data-start=\"2895\" data-end=\"2936\">Autentick\u00e1 bylinn\u00e1 formule vyroben\u00e1 v Egypt\u011b.<\/p>\n<\/li>\n<li data-start=\"2937\" data-end=\"3009\">\n<p data-start=\"2939\" data-end=\"3009\">100% p\u0159\u00edrodn\u00ed \u2013 bez \u0161kodliv\u00fdch chemik\u00e1li\u00ed a syntetick\u00fdch v\u016fn\u00ed.<\/p>\n<\/li>\n<li data-start=\"3010\" data-end=\"3046\">\n<p data-start=\"3012\" data-end=\"3046\">Vhodn\u00e9 pro mu\u017ee i \u017eeny.<\/p>\n<\/li>\n<li data-start=\"3047\" data-end=\"3090\">\n<p data-start=\"3049\" data-end=\"3090\">Pouze na vn\u011bj\u0161\u00ed pou\u017eit\u00ed \u2013 \u0161etrn\u00e9 k poko\u017ece.<\/p>\n<\/li>\n<\/ul>\n<h3 data-start=\"3097\" data-end=\"3156\">Za\u017eijte starov\u011bk\u00e9 egyptsk\u00e9 tajemstv\u00ed \u00falevy od bolesti<\/h3>\n<p data-start=\"3157\" data-end=\"3396\">Dejte sv\u00e9mu t\u011blu p\u00e9\u010di, kterou si zaslou\u017e\u00ed, s touto <strong data-start=\"3203\" data-end=\"3234\">vyzkou\u0161enou egyptskou l\u00e9\u010dbou<\/strong>. A\u0165 jste sportovec, trp\u00edte chronick\u00fdm nepohodl\u00edm nebo hled\u00e1te relaxa\u010dn\u00ed mas\u00e1\u017en\u00ed balz\u00e1m, egyptsk\u00fd colocynth nab\u00edz\u00ed dokonal\u00e9 p\u0159\u00edrodn\u00ed \u0159e\u0161en\u00ed.<\/p>\n<p data-start=\"3398\" data-end=\"3489\">\u2705 <strong data-start=\"3400\" data-end=\"3429\">P\u0159idejte do ko\u0161\u00edku je\u0161t\u011b dnes<\/strong> a poc\u00edt\u00edte uklid\u0148uj\u00edc\u00ed rozd\u00edl u\u017e p\u0159i prvn\u00edm pou\u017eit\u00ed!<\/p>\n<p style=\"text-align: center;\">D\u011bkujeme za n\u00e1kup v <a href=\"https:\/\/bazaar.express\/\">Bazaar Express<\/a> \u2013 jsme nad\u0161en\u00ed, \u017ee jste u n\u00e1s!<\/p>\n<p style=\"text-align: center;\">Va\u0161e cesta k lep\u0161\u00ed p\u00e9\u010di o sebe za\u010d\u00edn\u00e1 zde \u2014 s <a href=\"https:\/\/bazaar.express\/product-category\/beauty-care\/\">Beauty &#038; Care<\/a>, kter\u00e9 si m\u016f\u017eete v\u011b\u0159it.<\/p>\n","protected":false},"excerpt":{"rendered":"<h3 data-start=\"376\" data-end=\"596\">Mast z egyptsk\u00e9ho colocynthu je 100% p\u0159\u00edrodn\u00ed bylinn\u00fd mas\u00e1\u017en\u00ed kr\u00e9m, kter\u00fd pom\u00e1h\u00e1 ulevit bolesti sval\u016f, kloub\u016f a zad. Obohacen\u00fd extraktem z colocynthu, kaforem, eukalyptem a mentolem pro uklid\u0148uj\u00edc\u00ed pohodl\u00ed a relaxaci.<\/h3>\n","protected":false},"featured_media":35685,"comment_status":"open","ping_status":"closed","template":"","meta":[],"product_brand":[],"product_cat":[788,786,787],"product_tag":[792,790,783],"class_list":{"0":"post-35684","1":"product","2":"type-product","3":"status-publish","4":"has-post-thumbnail","6":"product_cat-to-nejlepsi-z-egypta","7":"product_cat-pece-o-krasu","8":"product_cat-terapeuticke-oleje","9":"product_tag-masaz","10":"product_tag-pece-o-krasu","11":"product_tag-pece-o-plet","13":"first","14":"instock","15":"shipping-taxable","16":"purchasable","17":"product-type-simple"},"_links":{"self":[{"href":"https:\/\/bazaar.express\/cs\/wp-json\/wp\/v2\/product\/35684","targetHints":{"allow":["GET"]}}],"collection":[{"href":"https:\/\/bazaar.express\/cs\/wp-json\/wp\/v2\/product"}],"about":[{"href":"https:\/\/bazaar.express\/cs\/wp-json\/wp\/v2\/types\/product"}],"replies":[{"embeddable":true,"href":"https:\/\/bazaar.express\/cs\/wp-json\/wp\/v2\/comments?post=35684"}],"wp:featuredmedia":[{"embeddable":true,"href":"https:\/\/bazaar.express\/cs\/wp-json\/wp\/v2\/media\/35685"}],"wp:attachment":[{"href":"https:\/\/bazaar.express\/cs\/wp-json\/wp\/v2\/media?parent=35684"}],"wp:term":[{"taxonomy":"product_brand","embeddable":true,"href":"https:\/\/bazaar.express\/cs\/wp-json\/wp\/v2\/product_brand?post=35684"},{"taxonomy":"product_cat","embeddable":true,"href":"https:\/\/bazaar.express\/cs\/wp-json\/wp\/v2\/product_cat?post=35684"},{"taxonomy":"product_tag","embeddable":true,"href":"https:\/\/bazaar.express\/cs\/wp-json\/wp\/v2\/product_tag?post=35684"}],"curies":[{"name":"wp","href":"https:\/\/api.w.org\/{rel}","templated":true}]}}