{"id":35688,"date":"2025-11-01T00:03:08","date_gmt":"2025-11-01T00:03:08","guid":{"rendered":"https:\/\/bazaar.express\/product\/premiovy-lotion-s-velbloudim-mlekem\/"},"modified":"2025-11-01T00:03:08","modified_gmt":"2025-11-01T00:03:08","slug":"premiovy-lotion-s-velbloudim-mlekem","status":"publish","type":"product","link":"https:\/\/bazaar.express\/cs\/produkt\/premiovy-lotion-s-velbloudim-mlekem\/","title":{"rendered":"Pr\u00e9miov\u00fd lotion s velbloud\u00edm ml\u00e9kem"},"content":{"rendered":"<h2 id=\"premium-tropical-camel-lotion-250ml--unlock-your-s\" class=\"mb-2 mt-4 font-display font-semimedium text-base first:mt-0 md:text-lg [hr+&#038;]:mt-4\">Pr\u00e9miov\u00fd lotion s velbloud\u00edm ml\u00e9kem 250 ml \u2013 Odhalte p\u0159irozen\u00fd lesk va\u0161\u00ed pleti<\/h2>\n<h3 class=\"mb-2 mt-4 font-display font-semimedium text-base first:mt-0\">Za\u017eijte autentickou egyptskou kr\u00e1su s pr\u00e9miov\u00fdm tropick\u00fdm lotionem s velbloud\u00edm ml\u00e9kem 250 ml<\/h3>\n<p class=\"my-2 [&#038;+p]:mt-4 [&#038;_strong:has(+br)]:inline-block [&#038;_strong:has(+br)]:pb-2\">Transformujte svou p\u00e9\u010di o ple\u0165 s\u00a0<strong>Pr\u00e9miov\u00fdm tropick\u00fdm lotionem s velbloud\u00edm ml\u00e9kem 250 ml<\/strong>, luxusn\u00edm hydrata\u010dn\u00edm kr\u00e9mem, kter\u00fd spojuje v\u011b\u010dn\u00e9 egyptsk\u00e9 moudrosti kr\u00e1sy s modern\u00edmi inovacemi v p\u00e9\u010di o ple\u0165. Tato exkluzivn\u00ed formulace vyu\u017e\u00edv\u00e1 pr\u00e9miov\u00e9 velbloud\u00ed ml\u00e9ko obohacen\u00e9 o p\u0159\u00edjemnou tropickou kokosovou v\u016fni, kter\u00e1 zaji\u0161\u0165uje intenzivn\u00ed hydrataci, viditeln\u00e9 protist\u00e1rnut\u00ed a pozoruhodnou obnovu pleti. Hrd\u011b vyrobeno v Egypt\u011b s p\u0159\u00edsn\u00fdmi standardy kvality, tento pr\u00e9miov\u00fd lotion p\u0159in\u00e1\u0161\u00ed autentickou pou\u0161tn\u00ed kr\u00e1su milovn\u00edk\u016fm p\u00e9\u010de o ple\u0165 po cel\u00e9m sv\u011bt\u011b.<\/p>\n<h3 class=\"mb-2 mt-4 font-display font-semimedium text-base first:mt-0\">Starov\u011bk\u00e9 tajemstv\u00ed \u2013 Legendarick\u00e1 s\u00edla velbloud\u00edho ml\u00e9ka<\/h3>\n<p class=\"my-2 [&#038;+p]:mt-4 [&#038;_strong:has(+br)]:inline-block [&#038;_strong:has(+br)]:pb-2\">B\u011bhem historie bylo velbloud\u00ed ml\u00e9ko pova\u017eov\u00e1no za nejv\u00fdjime\u010dn\u011bj\u0161\u00ed p\u0159\u00edrodn\u00ed slo\u017eku pro p\u00e9\u010di o ple\u0165. Starov\u011bk\u00e9 egyptsk\u00e9 kr\u00e1lovny, v\u010detn\u011b ikonick\u00e9 Kleopatry, pravideln\u011b vyu\u017e\u00edvaly luxusn\u00ed kosmetick\u00e9 o\u0161et\u0159en\u00ed velbloud\u00edm ml\u00e9kem k udr\u017een\u00ed sv\u00e9ho nad\u010dasov\u00e9ho, z\u00e1\u0159iv\u00e9ho vzhledu. Sou\u010dasn\u00e1 v\u011bda o p\u00e9\u010di o ple\u0165 potvrzuje tyto starov\u011bk\u00e9 praktiky a ukazuje, \u017ee velbloud\u00ed ml\u00e9ko obsahuje v\u00fdjime\u010dn\u00e9 koncentrace vitam\u00edn\u016f A, B, C a D, esenci\u00e1ln\u00edch mastn\u00fdch kyselin, protein\u016f a miner\u00e1l\u016f.<\/p>\n<p class=\"my-2 [&#038;+p]:mt-4 [&#038;_strong:has(+br)]:inline-block [&#038;_strong:has(+br)]:pb-2\"><strong>Pr\u00e9miov\u00fd tropick\u00fd lotion s velbloud\u00edm ml\u00e9kem 250 ml<\/strong>\u00a0vyu\u017e\u00edv\u00e1 tuto legend\u00e1rn\u00ed slo\u017eku jako siln\u00fd p\u0159\u00edrodn\u00ed humektant, kter\u00fd p\u0159itahuje vlhkost do pleti a z\u00e1rove\u0148 posiluje jej\u00ed ochrannou bari\u00e9ru. Na rozd\u00edl od syntetick\u00fdch hydrata\u010dn\u00edch prost\u0159edk\u016f, kter\u00e9 poskytuj\u00ed pouze do\u010dasnou povrchovou hydrataci, velbloud\u00ed ml\u00e9ko zaji\u0161\u0165uje trval\u00e9 zadr\u017eov\u00e1n\u00ed vlhkosti a skute\u010dn\u00e9 bun\u011b\u010dn\u00e9 v\u00fd\u017eivov\u00e1n\u00ed, co\u017e vede k viditeln\u011b zdrav\u011bj\u0161\u00ed a z\u00e1\u0159iv\u011bj\u0161\u00ed pleti.<\/p>\n<h3 class=\"mb-2 mt-4 font-display font-semimedium text-base first:mt-0\">Transforma\u010dn\u00ed v\u00fdhody pro p\u00e9\u010di o ple\u0165<\/h3>\n<p class=\"my-2 [&#038;+p]:mt-4 [&#038;_strong:has(+br)]:inline-block [&#038;_strong:has(+br)]:pb-2\"><strong>Hlubok\u00e1, intenzivn\u00ed hydratace:<\/strong>\u00a0Bohat\u00e1 formulace vytv\u00e1\u0159\u00ed pokro\u010dilou vlhkostn\u00ed bari\u00e9ru, kter\u00e1 uzamyk\u00e1 hydrataci v pleti na del\u0161\u00ed dobu. Va\u0161e ple\u0165 se stane znateln\u011b m\u011bk\u010d\u00ed, pln\u011bj\u0161\u00ed, mladistv\u011bj\u0161\u00ed a neskute\u010dn\u011b pohodlnou b\u011bhem dne i noci.<\/p>\n<p class=\"my-2 [&#038;+p]:mt-4 [&#038;_strong:has(+br)]:inline-block [&#038;_strong:has(+br)]:pb-2\"><strong>Siln\u00e9 protist\u00e1rnut\u00ed:<\/strong>\u00a0Napl\u043d\u0435\u043d\u00fd siln\u00fdmi antioxidanty a p\u0159irozen\u011b se vyskytuj\u00edc\u00edmi retinoidy tento pr\u00e9miov\u00fd lotion aktivn\u011b bojuje proti viditeln\u00fdm zn\u00e1mk\u00e1m st\u00e1rnut\u00ed. Jemn\u00e9 linky se zm\u00edr\u0148uj\u00ed, vr\u00e1sky se redukuj\u00ed, skvrny od st\u00e1\u0159\u00ed blednou a produkce kolagenu se zvy\u0161uje pro obnovenou pru\u017enost a pevnost.<\/p>\n<p class=\"my-2 [&#038;+p]:mt-4 [&#038;_strong:has(+br)]:inline-block [&#038;_strong:has(+br)]:pb-2\"><strong>Zes\u00edlen\u00ed z\u00e1\u0159e a jasu:<\/strong>\u00a0P\u0159irozen\u00e9 alfa hydroxy kyseliny jemn\u011b odlupuj\u00ed odum\u0159el\u00e9 bu\u0148ky pleti a odhaluj\u00ed sv\u011b\u017e\u00ed, z\u00e1\u0159ivou poko\u017eku. Tmav\u00e9 skvrny blednou, t\u00f3n pleti se vyrovn\u00e1v\u00e1 a va\u0161e ple\u0165 dosahuje z\u00e1\u0159iv\u00e9, zdrav\u00e9 \u017e\u00e1ru, kter\u00fd vyza\u0159uje zevnit\u0159.<\/p>\n<p class=\"my-2 [&#038;+p]:mt-4 [&#038;_strong:has(+br)]:inline-block [&#038;_strong:has(+br)]:pb-2\"><strong>Uklidn\u011bn\u00ed a urychlen\u00e9 hojen\u00ed:<\/strong>\u00a0Protiz\u00e1n\u011btliv\u00e9 a antibakteri\u00e1ln\u00ed vlastnosti uklid\u0148uj\u00ed reaktivn\u00ed ple\u0165, sni\u017euj\u00ed zarudnut\u00ed, zm\u00edr\u0148uj\u00ed podr\u00e1\u017ed\u011bn\u00ed a urychluj\u00ed hojen\u00ed bez drsn\u00fdch chemik\u00e1li\u00ed.<\/p>\n<h3 class=\"mb-2 mt-4 font-display font-semimedium text-base first:mt-0\">Okouzluj\u00edc\u00ed tropick\u00e1 kokosov\u00e1 v\u016fn\u011b<\/h3>\n<p class=\"my-2 [&#038;+p]:mt-4 [&#038;_strong:has(+br)]:inline-block [&#038;_strong:has(+br)]:pb-2\">P\u0159\u00edjemn\u00e1 kokosov\u00e1 v\u016fn\u011b prom\u011bn\u00ed va\u0161i ka\u017edodenn\u00ed p\u00e9\u010di o ple\u0165 v luxusn\u00ed l\u00e1ze\u0148sk\u00fd ritu\u00e1l. Tropick\u00e1 aroma povzn\u00e1\u0161\u00ed smysly, zat\u00edmco esence kokosu poskytuje dal\u0161\u00ed p\u0159\u00edrodn\u00ed hydrata\u010dn\u00ed v\u00fdhody a zanech\u00e1v\u00e1 ple\u0165 vo\u0148av\u011b m\u011bkkou a neodolateln\u011b hebkou na dotek.<\/p>\n<h3 class=\"mb-2 mt-4 font-display font-semimedium text-base first:mt-0\">Univerz\u00e1ln\u00ed v\u00fdhody pro ka\u017ed\u00fd typ pleti<\/h3>\n<p class=\"my-2 [&#038;+p]:mt-4 [&#038;_strong:has(+br)]:inline-block [&#038;_strong:has(+br)]:pb-2\"><strong>Such\u00e1 ple\u0165:<\/strong>\u00a0Intenzivn\u00ed hydratace vrac\u00ed pohodl\u00ed vysu\u0161en\u00e9 pleti a \u010din\u00ed ji viditeln\u011b pln\u011bj\u0161\u00ed a z\u00e1\u0159iv\u011bj\u0161\u00ed.<\/p>\n<p class=\"my-2 [&#038;+p]:mt-4 [&#038;_strong:has(+br)]:inline-block [&#038;_strong:has(+br)]:pb-2\"><strong>Citliv\u00e1 ple\u0165:<\/strong>\u00a0Jemn\u00e1, uklid\u0148uj\u00edc\u00ed formule zm\u00edr\u0148uje z\u00e1n\u011bty a sni\u017euje zarudnut\u00ed bez drsn\u00fdch dr\u00e1\u017ediv\u00fdch l\u00e1tek.<\/p>\n<p class=\"my-2 [&#038;+p]:mt-4 [&#038;_strong:has(+br)]:inline-block [&#038;_strong:has(+br)]:pb-2\"><strong>Mastn\u00e1 ple\u0165:<\/strong>\u00a0Lehk\u00e1, rychle se vst\u0159eb\u00e1vaj\u00edc\u00ed textura poskytuje hydrataci bez mastn\u00e9ho zbytku nebo ucp\u00e1v\u00e1n\u00ed p\u00f3r\u016f.<\/p>\n<p class=\"my-2 [&#038;+p]:mt-4 [&#038;_strong:has(+br)]:inline-block [&#038;_strong:has(+br)]:pb-2\"><strong>Kombinovan\u00e1 ple\u0165:<\/strong>\u00a0Dokonal\u011b vyva\u017euje hydrataci nap\u0159\u00ed\u010d oblastmi obli\u010deje pro harmonickou, zdravou ple\u0165.<\/p>\n<p class=\"my-2 [&#038;+p]:mt-4 [&#038;_strong:has(+br)]:inline-block [&#038;_strong:has(+br)]:pb-2\"><strong>Zral\u00e1 ple\u0165:<\/strong>\u00a0C\u00edl\u00ed na probl\u00e9my st\u00e1rnut\u00ed \u2013 jemn\u00e9 linky, ztr\u00e1ta pru\u017enosti, nudnost \u2013 s siln\u00fdmi p\u0159\u00edrodn\u00edmi protist\u00e1rnut\u00ed slo\u017ekami.<\/p>\n<h3 class=\"mb-2 mt-4 font-display font-semimedium text-base first:mt-0\">Jak pou\u017e\u00edvat<\/h3>\n<p class=\"my-2 [&#038;+p]:mt-4 [&#038;_strong:has(+br)]:inline-block [&#038;_strong:has(+br)]:pb-2\">Aplikujte vhodn\u00e9 mno\u017estv\u00ed na \u010distou, m\u00edrn\u011b vlhkou ple\u0165 a jemn\u011b mas\u00edrujte vzestupn\u00fdmi pohyby. Pou\u017e\u00edvejte r\u00e1no a ve\u010der pro optim\u00e1ln\u00ed hydrataci a viditeln\u00e9 v\u00fdsledky. Pro intenzivn\u00ed no\u010dn\u00ed o\u0161et\u0159en\u00ed aplikujte \u0161t\u011bd\u0159e a nechte hluboce vst\u0159ebat. Skladujte p\u0159i pokojov\u00e9 teplot\u011b nep\u0159ekra\u010duj\u00edc\u00ed 30 \u00b0C pro zachov\u00e1n\u00ed maxim\u00e1ln\u00ed \u00fa\u010dinnosti.<\/p>\n<h3 class=\"mb-2 mt-4 font-display font-semimedium text-base first:mt-0\">Specifikace produktu<\/h3>\n<ul class=\"marker:text-quiet list-disc\">\n<li class=\"py-0 my-0 prose-p:pt-0 prose-p:mb-2 prose-p:my-0 [&#038;>p]:pt-0 [&#038;>p]:mb-2 [&#038;>p]:my-0&#8243;>\n<p class=\"my-2 [&#038;+p]:mt-4 [&#038;_strong:has(+br)]:inline-block [&#038;_strong:has(+br)]:pb-2\"><strong>Form\u00e1t:<\/strong>\u00a0Pr\u00e9miov\u00fd hydrata\u010dn\u00ed lotion<\/p>\n<\/li>\n<li class=\"py-0 my-0 prose-p:pt-0 prose-p:mb-2 prose-p:my-0 [&#038;>p]:pt-0 [&#038;>p]:mb-2 [&#038;>p]:my-0&#8243;>\n<p class=\"my-2 [&#038;+p]:mt-4 [&#038;_strong:has(+br)]:inline-block [&#038;_strong:has(+br)]:pb-2\"><strong>Objem:<\/strong>\u00a0250 ml<\/p>\n<\/li>\n<li class=\"py-0 my-0 prose-p:pt-0 prose-p:mb-2 prose-p:my-0 [&#038;>p]:pt-0 [&#038;>p]:mb-2 [&#038;>p]:my-0&#8243;>\n<p class=\"my-2 [&#038;+p]:mt-4 [&#038;_strong:has(+br)]:inline-block [&#038;_strong:has(+br)]:pb-2\"><strong>V\u016fn\u011b:<\/strong>\u00a0Tropick\u00e1 kokosov\u00e1<\/p>\n<\/li>\n<li class=\"py-0 my-0 prose-p:pt-0 prose-p:mb-2 prose-p:my-0 [&#038;>p]:pt-0 [&#038;>p]:mb-2 [&#038;>p]:my-0&#8243;>\n<p class=\"my-2 [&#038;+p]:mt-4 [&#038;_strong:has(+br)]:inline-block [&#038;_strong:has(+br)]:pb-2\"><strong>P\u016fvod:<\/strong>\u00a0Vyrobeno v Egypt\u011b<\/p>\n<\/li>\n<li class=\"py-0 my-0 prose-p:pt-0 prose-p:mb-2 prose-p:my-0 [&#038;>p]:pt-0 [&#038;>p]:mb-2 [&#038;>p]:my-0&#8243;>\n<p class=\"my-2 [&#038;+p]:mt-4 [&#038;_strong:has(+br)]:inline-block [&#038;_strong:has(+br)]:pb-2\"><strong>Kl\u00ed\u010dov\u00e1 slo\u017eka:<\/strong>\u00a0Extrakt z velbloud\u00edho ml\u00e9ka<\/p>\n<\/li>\n<\/ul>\n<h3 class=\"mb-2 mt-4 font-display font-semimedium text-base first:mt-0\">Egyptsk\u00e1 dokonalost \u2013 Zaru\u010den\u00e1 pr\u00e9miov\u00e1 kvalita<\/h3>\n<p class=\"my-2 [&#038;+p]:mt-4 [&#038;_strong:has(+br)]:inline-block [&#038;_strong:has(+br)]:pb-2\"><strong>Pr\u00e9miov\u00fd tropick\u00fd lotion s velbloud\u00edm ml\u00e9kem 250 ml<\/strong> je hrd\u011b vyr\u00e1b\u011bn v Egypt\u011b z pr\u00e9miov\u00e9ho extraktu velbloud\u00edho ml\u00e9ka a nejlep\u0161\u00edch p\u0159\u00edrodn\u00edch slo\u017eek. Ka\u017ed\u00e1 lahvi\u010dka p\u0159edstavuje autentickou egyptskou expertizu v kr\u00e1se, p\u0159\u00edsn\u011b testovanou na \u010distotu a bezpe\u010dnost podle mezin\u00e1rodn\u00edch kosmetick\u00fdch standard\u016f.<\/p>\n<p class=\"my-2 [&#038;+p]:mt-4 [&#038;_strong:has(+br)]:inline-block [&#038;_strong:has(+br)]:pb-2\"><strong>O\u017eivte svou ple\u0165 pr\u00e9miov\u00fdm tropick\u00fdm lotionem s velbloud\u00edm ml\u00e9kem je\u0161t\u011b dnes. Objednejte si lahvi\u010dku 250 ml nyn\u00ed a za\u017eijte transforma\u010dn\u00ed rozd\u00edl, kter\u00fd vytv\u00e1\u0159\u00ed pr\u00e9miov\u00fd egyptsk\u00fd lotion s velbloud\u00edm ml\u00e9kem.<\/strong><\/p>\n<p>&nbsp;<\/p>\n<h5 style=\"text-align: center;\">D\u011bkujeme za n\u00e1kup v <a href=\"https:\/\/bazaar.express\/\">Bazaar Express<\/a> \u2013 jsme nad\u0161en\u00ed, \u017ee jste u n\u00e1s!<\/h5>\n<h5 style=\"text-align: center;\">Va\u0161e cesta k lep\u0161\u00ed p\u00e9\u010di o sebe za\u010d\u00edn\u00e1 zde \u2013 s <a href=\"\/?product_cat=beauty-care\">Beauty Care<\/a>, kter\u00e9 si m\u016f\u017eete b\u00fdt jisti.<\/h5>\n","protected":false},"excerpt":{"rendered":"<h3>Pr\u00e9miov\u00fd tropick\u00fd lotion s velbloud\u00edm ml\u00e9kem 250 ml \u2013 Luxusn\u00ed egyptsk\u00fd lotion s velbloud\u00edm ml\u00e9kem s kokosovou v\u016fn\u00ed pro hlubokou hydrataci a protist\u00e1rnut\u00ed. Vyrobeno v Egypt\u011b.<\/h3>\n","protected":false},"featured_media":35689,"comment_status":"open","ping_status":"closed","template":"","meta":[],"product_brand":[],"product_cat":[786],"product_tag":[781,790,783,791],"class_list":{"0":"post-35688","1":"product","2":"type-product","3":"status-publish","4":"has-post-thumbnail","6":"product_cat-pece-o-krasu","7":"product_tag-olej","8":"product_tag-pece-o-krasu","9":"product_tag-pece-o-plet","10":"product_tag-velbloudi-mleko","12":"first","13":"instock","14":"sale","15":"shipping-taxable","16":"purchasable","17":"product-type-simple"},"_links":{"self":[{"href":"https:\/\/bazaar.express\/cs\/wp-json\/wp\/v2\/product\/35688","targetHints":{"allow":["GET"]}}],"collection":[{"href":"https:\/\/bazaar.express\/cs\/wp-json\/wp\/v2\/product"}],"about":[{"href":"https:\/\/bazaar.express\/cs\/wp-json\/wp\/v2\/types\/product"}],"replies":[{"embeddable":true,"href":"https:\/\/bazaar.express\/cs\/wp-json\/wp\/v2\/comments?post=35688"}],"wp:featuredmedia":[{"embeddable":true,"href":"https:\/\/bazaar.express\/cs\/wp-json\/wp\/v2\/media\/35689"}],"wp:attachment":[{"href":"https:\/\/bazaar.express\/cs\/wp-json\/wp\/v2\/media?parent=35688"}],"wp:term":[{"taxonomy":"product_brand","embeddable":true,"href":"https:\/\/bazaar.express\/cs\/wp-json\/wp\/v2\/product_brand?post=35688"},{"taxonomy":"product_cat","embeddable":true,"href":"https:\/\/bazaar.express\/cs\/wp-json\/wp\/v2\/product_cat?post=35688"},{"taxonomy":"product_tag","embeddable":true,"href":"https:\/\/bazaar.express\/cs\/wp-json\/wp\/v2\/product_tag?post=35688"}],"curies":[{"name":"wp","href":"https:\/\/api.w.org\/{rel}","templated":true}]}}