{"id":35691,"date":"2025-10-31T13:44:16","date_gmt":"2025-10-31T13:44:16","guid":{"rendered":"https:\/\/bazaar.express\/product\/trichup-premiovy-olej-na-posileni-vlasu\/"},"modified":"2025-10-31T13:44:16","modified_gmt":"2025-10-31T13:44:16","slug":"trichup-premiovy-olej-na-posileni-vlasu","status":"publish","type":"product","link":"https:\/\/bazaar.express\/cs\/produkt\/trichup-premiovy-olej-na-posileni-vlasu\/","title":{"rendered":"Trichup Pr\u00e9miov\u00fd olej na pos\u00edlen\u00ed vlas\u016f"},"content":{"rendered":"<h2 class=\"mb-2 mt-4 font-display font-semimedium text-base first:mt-0\">Odemkn\u011bte pln\u00fd potenci\u00e1l va\u0161ich vlas\u016f s pr\u00e9miov\u00fdm olejem na pos\u00edlen\u00ed vlas\u016f \u2013 200 ml<\/h2>\n<p class=\"my-2 [&#038;+p]:mt-4 [&#038;_strong:has(+br)]:inline-block [&#038;_strong:has(+br)]:pb-2\">Uvoln\u011bte dramatickou transformaci vlas\u016f s\u00a0<strong>Trichup Pr\u00e9miov\u00fd olej na pos\u00edlen\u00ed vlas\u016f 200 ml<\/strong>, revolu\u010dn\u00edm egyptsk\u00fdm bylinn\u00fdm \u0159e\u0161en\u00edm, kter\u00e9 posiluje k\u0159ehk\u00e9 prameny a urychluje pozoruhodn\u00fd r\u016fst vlas\u016f. Tento pokro\u010dil\u00fd vzorec je v\u011bdecky navr\u017een tak, aby revitalizoval neaktivn\u00ed vlasov\u00e9 folikuly, eliminoval l\u00e1mavost a obnovil luxusn\u00ed tlou\u0161\u0165ku a d\u00e9lku. Tis\u00edce spokojen\u00fdch z\u00e1kazn\u00edk\u016f d\u016fv\u011b\u0159uj\u00ed tomuto siln\u00e9mu bylinn\u00e9mu prost\u0159edku pro dosa\u017een\u00ed siln\u011bj\u0161\u00edch, del\u0161\u00edch a \u017eiv\u011bj\u0161\u00edch vlas\u016f.<\/p>\n<h3 class=\"mb-2 mt-4 font-display font-semimedium text-base first:mt-0\">Co odli\u0161uje tento olej na vlasy?<\/h3>\n<p class=\"my-2 [&#038;+p]:mt-4 [&#038;_strong:has(+br)]:inline-block [&#038;_strong:has(+br)]:pb-2\"><strong>Pr\u00e9miov\u00fd olej na pos\u00edlen\u00ed vlas\u016f 200 ml<\/strong>\u00a0p\u0159ekon\u00e1v\u00e1 b\u011b\u017enou p\u00e9\u010di o vlasy svou pokro\u010dilou bylinnou kompozic\u00ed, kter\u00e1 \u00fato\u010d\u00ed na v\u00edce probl\u00e9m\u016f vlas\u016f sou\u010dasn\u011b. Na rozd\u00edl od z\u00e1kladn\u00edch olej\u016f, kter\u00e9 pouze dod\u00e1vaj\u00ed lesk, tento pr\u00e9miov\u00fd vzorec pronik\u00e1 bari\u00e9rou poko\u017eky hlavy a dod\u00e1v\u00e1 soust\u0159ed\u011bn\u00e9 \u017eiviny p\u0159\u00edmo do oslaben\u00fdch folikul\u016f, kde doch\u00e1z\u00ed k opravdov\u00e9 transformaci.<\/p>\n<p class=\"my-2 [&#038;+p]:mt-4 [&#038;_strong:has(+br)]:inline-block [&#038;_strong:has(+br)]:pb-2\">Pe\u010dliv\u011b vypracovan\u00e1 bylinn\u00e1 sm\u011bs kombinuje nejsiln\u011bj\u0161\u00ed p\u0159\u00edrodn\u00ed posilova\u010de vlas\u016f, z nich\u017e ka\u017ed\u00fd byl vybr\u00e1n pro prok\u00e1zanou schopnost obr\u00e1tit po\u0161kozen\u00ed vlas\u016f, zastavit vypad\u00e1v\u00e1n\u00ed vlas\u016f a stimulovat urychlen\u00fd r\u016fst. Ka\u017ed\u00e1 kapka obsahuje intenzivn\u00ed v\u00fd\u017eivu, kter\u00e1 c\u00edl\u00ed na slab\u00e9 ko\u0159eny, opravuje roz\u0161t\u011bpen\u00e9 kone\u010dky a obnovuje struktur\u00e1ln\u00ed integritu pod\u00e9l cel\u00e9ho vlasov\u00e9ho stvolu.<\/p>\n<h3 class=\"mb-2 mt-4 font-display font-semimedium text-base first:mt-0\">Nejsiln\u011bj\u0161\u00ed p\u0159\u00edrodn\u00ed posilova\u010de vlas\u016f<\/h3>\n<p class=\"my-2 [&#038;+p]:mt-4 [&#038;_strong:has(+br)]:inline-block [&#038;_strong:has(+br)]:pb-2\"><strong>\u010cist\u00fd z\u00e1klad sezamov\u00e9ho oleje:<\/strong>\u00a0Tento posilova\u010d bun\u011bk hluboce pronik\u00e1 do poko\u017eky hlavy, revitalizuje neaktivn\u00ed folikuly a vytv\u00e1\u0159\u00ed ide\u00e1ln\u00ed prost\u0159ed\u00ed pro agresivn\u00ed r\u016fst vlas\u016f. Sezamov\u00fd olej prom\u011b\u0148uje slab\u00e9, tenk\u00e9 prameny v siln\u00e9, odoln\u00e9 vlny s pozoruhodnou kondiciona\u010dn\u00ed silou.<\/p>\n<p class=\"my-2 [&#038;+p]:mt-4 [&#038;_strong:has(+br)]:inline-block [&#038;_strong:has(+br)]:pb-2\"><strong>O\u0161et\u0159en\u00ed panensk\u00fdm kokosov\u00fdm olejem:<\/strong>\u00a0Ultim\u00e1tn\u00ed z\u00e1mek vlhkosti, kokosov\u00fd olej uzav\u00edr\u00e1 ka\u017edou vrstvu kutikuly, zabra\u0148uje \u00faniku vlhkosti a eliminuje kade\u0159avost, l\u00e1mavost a roz\u0161t\u011bpen\u00e9 kone\u010dky. Vytv\u00e1\u0159\u00ed neproniknutelnou ochrannou bari\u00e9ru proti environment\u00e1ln\u00edm \u0161kod\u00e1m a tepeln\u00e9mu stresu.<\/p>\n<p class=\"my-2 [&#038;+p]:mt-4 [&#038;_strong:has(+br)]:inline-block [&#038;_strong:has(+br)]:pb-2\"><strong>Soust\u0159ed\u011bn\u00fd extrakt aloe vera:<\/strong>\u00a0Siln\u00fd hojitel poko\u017eky hlavy, kter\u00fd eliminuje lup\u00e9nku, sni\u017euje z\u00e1n\u011bt a podporuje optim\u00e1ln\u00ed podm\u00ednky poko\u017eky pro nep\u0159eru\u0161en\u00fd r\u016fst vlas\u016f. Bioaktivn\u00ed slou\u010deniny aloe vera urychluj\u00ed hojen\u00ed folikul\u016f a posiluj\u00ed strukturu ko\u0159ene vlasu.<\/p>\n<p class=\"my-2 [&#038;+p]:mt-4 [&#038;_strong:has(+br)]:inline-block [&#038;_strong:has(+br)]:pb-2\"><strong>Siln\u00e1 s\u00edla neemov\u00e9ho oleje:<\/strong>\u00a0Tento starov\u011bk\u00fd obrann\u00fd syst\u00e9m vlas\u016f bojuje proti infekc\u00edm poko\u017eky hlavy, zabra\u0148uje p\u0159ed\u010dasn\u00e9mu vypad\u00e1v\u00e1n\u00ed vlas\u016f a posiluje ko\u0159eny vlas\u016f proti environment\u00e1ln\u00edm stres\u016fm. Neem vytv\u00e1\u0159\u00ed ide\u00e1ln\u00ed prost\u0159ed\u00ed poko\u017eky pro udr\u017eiteln\u00fd, zdrav\u00fd r\u016fst vlas\u016f.<\/p>\n<h3 class=\"mb-2 mt-4 font-display font-semimedium text-base first:mt-0\">Dramatick\u00e9 v\u00fdsledky pro ka\u017edou v\u00fdzvu vlas\u016f<\/h3>\n<p class=\"my-2 [&#038;+p]:mt-4 [&#038;_strong:has(+br)]:inline-block [&#038;_strong:has(+br)]:pb-2\"><strong>Pro jemn\u00e9, tenk\u00e9 vlasy:<\/strong>\u00a0Vytv\u00e1\u0159\u00ed p\u016fsobivou tlou\u0161\u0165ku a objem, \u010d\u00edm\u017e vznikaj\u00ed pln\u00e9, objemn\u00e9 vlasy, kter\u00e9 jsou viditeln\u011b siln\u011bj\u0161\u00ed a pevn\u011bj\u0161\u00ed.<\/p>\n<p class=\"my-2 [&#038;+p]:mt-4 [&#038;_strong:has(+br)]:inline-block [&#038;_strong:has(+br)]:pb-2\"><strong>Pro k\u0159ehk\u00e9, slab\u00e9 vlasy:<\/strong>\u00a0Eliminuje l\u00e1mavost a k\u0159ehkost, produkuje odoln\u00e9 vlasy, kter\u00e9 p\u0159e\u017eij\u00ed agresivn\u00ed styling a environment\u00e1ln\u00ed stres.<\/p>\n<p class=\"my-2 [&#038;+p]:mt-4 [&#038;_strong:has(+br)]:inline-block [&#038;_strong:has(+br)]:pb-2\"><strong>Pro siln\u011b po\u0161kozen\u00e9 vlasy:<\/strong>\u00a0Intenzivn\u00ed opravn\u00e1 akce obnovuje zdrav\u00ed chemicky oslaben\u00fdm, teplem po\u0161kozen\u00fdm nebo opakovan\u011b zpracovan\u00fdm vlas\u016fm.<\/p>\n<p class=\"my-2 [&#038;+p]:mt-4 [&#038;_strong:has(+br)]:inline-block [&#038;_strong:has(+br)]:pb-2\"><strong>Pro pomalu rostouc\u00ed vlasy:<\/strong>\u00a0Aktivuje folikuly a urychluje cykly r\u016fstu, pom\u00e1h\u00e1 v\u00e1m dos\u00e1hnout del\u0161\u00edch vlas\u016f rychleji.<\/p>\n<p class=\"my-2 [&#038;+p]:mt-4 [&#038;_strong:has(+br)]:inline-block [&#038;_strong:has(+br)]:pb-2\"><strong>Pro ka\u017ed\u00fd typ vlas\u016f:<\/strong>\u00a0Univerz\u00e1ln\u00ed kompatibilita zaji\u0161\u0165uje optim\u00e1ln\u00ed v\u00fdsledky, a\u0165 u\u017e m\u00e1te rovn\u00e9, kudrnat\u00e9, texturovan\u00e9, mastn\u00e9, such\u00e9 nebo kombinovan\u00e9 vlasy.<\/p>\n<h3 class=\"mb-2 mt-4 font-display font-semimedium text-base first:mt-0\">Protokol pro maxim\u00e1ln\u00ed v\u00fdsledky<\/h3>\n<p class=\"my-2 [&#038;+p]:mt-4 [&#038;_strong:has(+br)]:inline-block [&#038;_strong:has(+br)]:pb-2\">Aplikujte olej p\u0159\u00edmo na poko\u017eku hlavy a d\u016fkladn\u011b mas\u00edrujte siln\u00fdmi kruhov\u00fdmi pohyby. Zajist\u011bte \u00fapln\u00e9 pokryt\u00ed poko\u017eky hlavy a rozprost\u0159ete pod\u00e9l d\u00e9lek vlas\u016f. Nechte p\u016fsobit minim\u00e1ln\u011b 15 minut \u2013 aplikace p\u0159es noc maximalizuje p\u0159\u00ednosy \u2013 pot\u00e9 d\u016fkladn\u011b umyjte \u0161amponem. Pou\u017e\u00edvejte pravideln\u011b 2\u20133kr\u00e1t t\u00fddn\u011b pro urychlenou transformaci.<\/p>\n<h3 class=\"mb-2 mt-4 font-display font-semimedium text-base first:mt-0\">Specifikace produktu<\/h3>\n<ul class=\"marker:text-quiet list-disc\">\n<li class=\"py-0 my-0 prose-p:pt-0 prose-p:mb-2 prose-p:my-0 [&#038;>p]:pt-0 [&#038;>p]:mb-2 [&#038;>p]:my-0&#8243;>\n<p class=\"my-2 [&#038;+p]:mt-4 [&#038;_strong:has(+br)]:inline-block [&#038;_strong:has(+br)]:pb-2\"><strong>Zna\u010dka:<\/strong>\u00a0Trichup Premium Collection<\/p>\n<\/li>\n<li class=\"py-0 my-0 prose-p:pt-0 prose-p:mb-2 prose-p:my-0 [&#038;>p]:pt-0 [&#038;>p]:mb-2 [&#038;>p]:my-0&#8243;>\n<p class=\"my-2 [&#038;+p]:mt-4 [&#038;_strong:has(+br)]:inline-block [&#038;_strong:has(+br)]:pb-2\"><strong>Objem:<\/strong>\u00a0200 ml<\/p>\n<\/li>\n<li class=\"py-0 my-0 prose-p:pt-0 prose-p:mb-2 prose-p:my-0 [&#038;>p]:pt-0 [&#038;>p]:mb-2 [&#038;>p]:my-0&#8243;>\n<p class=\"my-2 [&#038;+p]:mt-4 [&#038;_strong:has(+br)]:inline-block [&#038;_strong:has(+br)]:pb-2\"><strong>P\u016fvod:<\/strong>\u00a0Vyrobeno v Egypt\u011b<\/p>\n<\/li>\n<li class=\"py-0 my-0 prose-p:pt-0 prose-p:mb-2 prose-p:my-0 [&#038;>p]:pt-0 [&#038;>p]:mb-2 [&#038;>p]:my-0&#8243;>\n<p class=\"my-2 [&#038;+p]:mt-4 [&#038;_strong:has(+br)]:inline-block [&#038;_strong:has(+br)]:pb-2\"><strong>Slo\u017een\u00ed:<\/strong>\u00a0100% P\u0159\u00edrodn\u00ed bylinn\u00e1 sm\u011bs<\/p>\n<\/li>\n<\/ul>\n<h3 class=\"mb-2 mt-4 font-display font-semimedium text-base first:mt-0\">Egyptsk\u00e9 bylinn\u00e9 mistrovstv\u00ed<\/h3>\n<p class=\"my-2 [&#038;+p]:mt-4 [&#038;_strong:has(+br)]:inline-block [&#038;_strong:has(+br)]:pb-2\">Pr\u00e9miov\u00fd olej na pos\u00edlen\u00ed vlas\u016f p\u0159edstavuje autentick\u00e9 egyptsk\u00e9 botanick\u00e9 know-how, kter\u00e9 spojuje p\u0159edkovou moudrost p\u00e9\u010de o vlasy s modern\u00edmi standardy kvality. Ka\u017ed\u00e1 l\u00e1hev zt\u011bles\u0148uje generace bylinn\u00fdch znalost\u00ed a dod\u00e1v\u00e1 skute\u010dn\u00e9, siln\u00e9 v\u00fdsledky bez kompromis\u016f.<\/p>\n<p class=\"my-2 [&#038;+p]:mt-4 [&#038;_strong:has(+br)]:inline-block [&#038;_strong:has(+br)]:pb-2\"><strong>Za\u017eijte transformaci vlas\u016f je\u0161t\u011b dnes. Objednejte si svou l\u00e1hev 200 ml nyn\u00ed a objevte s\u00edlu pr\u00e9miov\u00e9 bylinn\u00e9 p\u00e9\u010de o vlasy.<\/strong><\/p>\n<p>&nbsp;<\/p>\n<h5 style=\"text-align: center;\">D\u011bkujeme za n\u00e1kup v <a href=\"https:\/\/bazaar.express\/\">Bazaar Express<\/a> \u2013 jsme nad\u0161en\u00ed, \u017ee jste u n\u00e1s!<\/h5>\n<h5 style=\"text-align: center;\">C\u00edt\u00edte s\u00edlu p\u0159\u00edrody \u2013 \u010dist\u00e9 <a href=\"\/?product_cat=therapeutic-oils\">Terapeutick\u00e9 oleje<\/a> pro ka\u017edodenn\u00ed wellness.<\/h5>\n","protected":false},"excerpt":{"rendered":"<h3 class=\"my-2 [&#038;+p]:mt-4 [&#038;_strong:has(+br)]:inline-block [&#038;_strong:has(+br)]:pb-2\">Olej na pos\u00edlen\u00ed vlas\u016f Trichup 200 ml posiluje vlasy a podporuje jejich r\u016fst. Pr\u00e9miov\u00fd egyptsk\u00fd bylinn\u00fd vzorec. Vyrobeno v Egypt\u011b.<\/h3>\n","protected":false},"featured_media":35692,"comment_status":"open","ping_status":"closed","template":"","meta":[],"product_brand":[],"product_cat":[786,787],"product_tag":[781,790,783,793],"class_list":{"0":"post-35691","1":"product","2":"type-product","3":"status-publish","4":"has-post-thumbnail","6":"product_cat-pece-o-krasu","7":"product_cat-terapeuticke-oleje","8":"product_tag-olej","9":"product_tag-pece-o-krasu","10":"product_tag-pece-o-plet","11":"product_tag-prirodni-olej","13":"first","14":"instock","15":"sale","16":"shipping-taxable","17":"purchasable","18":"product-type-simple"},"_links":{"self":[{"href":"https:\/\/bazaar.express\/cs\/wp-json\/wp\/v2\/product\/35691","targetHints":{"allow":["GET"]}}],"collection":[{"href":"https:\/\/bazaar.express\/cs\/wp-json\/wp\/v2\/product"}],"about":[{"href":"https:\/\/bazaar.express\/cs\/wp-json\/wp\/v2\/types\/product"}],"replies":[{"embeddable":true,"href":"https:\/\/bazaar.express\/cs\/wp-json\/wp\/v2\/comments?post=35691"}],"wp:featuredmedia":[{"embeddable":true,"href":"https:\/\/bazaar.express\/cs\/wp-json\/wp\/v2\/media\/35692"}],"wp:attachment":[{"href":"https:\/\/bazaar.express\/cs\/wp-json\/wp\/v2\/media?parent=35691"}],"wp:term":[{"taxonomy":"product_brand","embeddable":true,"href":"https:\/\/bazaar.express\/cs\/wp-json\/wp\/v2\/product_brand?post=35691"},{"taxonomy":"product_cat","embeddable":true,"href":"https:\/\/bazaar.express\/cs\/wp-json\/wp\/v2\/product_cat?post=35691"},{"taxonomy":"product_tag","embeddable":true,"href":"https:\/\/bazaar.express\/cs\/wp-json\/wp\/v2\/product_tag?post=35691"}],"curies":[{"name":"wp","href":"https:\/\/api.w.org\/{rel}","templated":true}]}}