{"id":35696,"date":"2025-10-30T23:19:26","date_gmt":"2025-10-30T23:19:26","guid":{"rendered":"https:\/\/bazaar.express\/product\/hydratacni-krem-s-levandulovym-velbloudim-mlekem\/"},"modified":"2025-10-30T23:19:26","modified_gmt":"2025-10-30T23:19:26","slug":"hydratacni-krem-s-levandulovym-velbloudim-mlekem","status":"publish","type":"product","link":"https:\/\/bazaar.express\/cs\/produkt\/hydratacni-krem-s-levandulovym-velbloudim-mlekem\/","title":{"rendered":"Hydrata\u010dn\u00ed kr\u00e9m s levandulov\u00fdm velbloud\u00edm ml\u00e9kem"},"content":{"rendered":"<h2 id=\"lavender-camel-milk-moisturizer--250g\" class=\"mb-2 mt-4 font-display font-semimedium text-base first:mt-0 md:text-lg [hr+&#038;]:mt-4\">Hydrata\u010dn\u00ed kr\u00e9m s levandulov\u00fdm velbloud\u00edm ml\u00e9kem \u2013 250 g<\/h2>\n<h3 class=\"mb-2 mt-4 font-display font-semimedium text-base first:mt-0\">Nejlep\u0161\u00ed p\u0159\u00edrodn\u00ed hydrata\u010dn\u00ed kr\u00e9m s levandulov\u00fdm velbloud\u00edm ml\u00e9kem 250 g \u2013 Pr\u00e9miov\u00e1 egyptsk\u00e1 p\u00e9\u010de o ple\u0165<\/h3>\n<p class=\"my-2 [&#038;+p]:mt-4 [&#038;_strong:has(+br)]:inline-block [&#038;_strong:has(+br)]:pb-2\">Objevte omlazuj\u00edc\u00ed s\u00edlu <strong>hydrata\u010dn\u00edho kr\u00e9mu s levandulov\u00fdm velbloud\u00edm ml\u00e9kem 250 g<\/strong> \u2013 pr\u00e9miov\u00e9ho egyptsk\u00e9ho \u0159e\u0161en\u00ed p\u00e9\u010de o ple\u0165, kter\u00e9 spojuje p\u0159\u00edrodn\u00ed velbloud\u00ed ml\u00e9ko s uklid\u0148uj\u00edc\u00edm extraktem levandule. Tento luxusn\u00ed hydrata\u010dn\u00ed kr\u00e9m nab\u00edz\u00ed hlubokou hydrataci, siln\u00e9 protist\u00e1rnouc\u00ed p\u0159\u00ednosy a viditelnou obnovu pleti p\u0159i ka\u017ed\u00e9m nanesen\u00ed. Hrd\u011b vyrobeno v Egypt\u011b, n\u00e1\u0161 hydrata\u010dn\u00ed kr\u00e9m s levandulov\u00fdm velbloud\u00edm ml\u00e9kem p\u0159in\u00e1\u0161\u00ed nejlep\u0161\u00ed p\u0159\u00edrodn\u00ed ingredience p\u0159\u00edmo do va\u0161\u00ed denn\u00ed ritu\u00e1ly p\u00e9\u010de o ple\u0165.<\/p>\n<h3 class=\"mb-2 mt-4 font-display font-semimedium text-base first:mt-0\">Pro\u010d si vybrat hydrata\u010dn\u00ed kr\u00e9m s levandulov\u00fdm velbloud\u00edm ml\u00e9kem z Egypta?<\/h3>\n<p class=\"my-2 [&#038;+p]:mt-4 [&#038;_strong:has(+br)]:inline-block [&#038;_strong:has(+br)]:pb-2\"><strong>Hydrata\u010dn\u00ed kr\u00e9m s levandulov\u00fdm velbloud\u00edm ml\u00e9kem 250 g<\/strong> obsahuje \u017eivinami nabitou formuli plnou esenci\u00e1ln\u00edch vitam\u00edn\u016f A, C, komplexu B a E \u2013 v\u0161e v\u011bdecky prok\u00e1zan\u00fdch, \u017ee podporuj\u00ed tvorbu kolagenu, sni\u017euj\u00ed jemn\u00e9 linky a rozjas\u0148uj\u00ed matnou, unavenou ple\u0165. P\u0159\u00edrodn\u00ed alfa-hydroxy kyseliny (AHA) a kyselina ml\u00e9\u010dn\u00e1 v hydrata\u010dn\u00edm kr\u00e9mu jemn\u011b odstra\u0148uj\u00ed odum\u0159el\u00e9 ko\u017en\u00ed bu\u0148ky a odhaluj\u00ed sv\u011b\u017eej\u0161\u00ed, jasn\u011bj\u0161\u00ed ple\u0165. P\u0159i ka\u017ed\u00e9m pou\u017eit\u00ed va\u0161e ple\u0165 vst\u0159eb\u00e1v\u00e1 esenci\u00e1ln\u00ed mastn\u00e9 kyseliny a siln\u00e9 antioxidanty, kter\u00e9 obnovuj\u00ed pru\u017enost a bojuj\u00ed proti p\u0159ed\u010dasn\u00e9mu st\u00e1rnut\u00ed.<\/p>\n<p class=\"my-2 [&#038;+p]:mt-4 [&#038;_strong:has(+br)]:inline-block [&#038;_strong:has(+br)]:pb-2\">Lehk\u00e1, rychle se vst\u0159eb\u00e1vaj\u00edc\u00ed formule pronik\u00e1 hluboko do vnit\u0159n\u00edch vrstev pleti, aby uzamkla vlhkost a udr\u017eela v\u00e1\u0161 vzhled pln\u00fd, m\u011bkk\u00fd a z\u00e1\u0159iv\u00fd na cel\u00e9 hodiny. Ide\u00e1ln\u00ed pro suchou, dehydratovanou a citlivou ple\u0165, tento hydrata\u010dn\u00ed kr\u00e9m zaji\u0161\u0165uje dlouhotrvaj\u00edc\u00ed hydrataci bez mastn\u00e9ho zbytku nebo usazenin.<\/p>\n<h3 class=\"mb-2 mt-4 font-display font-semimedium text-base first:mt-0\">Kouzel levandule: Uklid\u0148uj\u00edc\u00ed a terapeutick\u00e1 p\u00e9\u010de o ple\u0165<\/h3>\n<p class=\"my-2 [&#038;+p]:mt-4 [&#038;_strong:has(+br)]:inline-block [&#038;_strong:has(+br)]:pb-2\">Zlep\u0161ili jsme z\u00e1\u017eitek s <strong>hydrata\u010dn\u00edm kr\u00e9mem s levandulov\u00fdm velbloud\u00edm ml\u00e9kem<\/strong> p\u0159id\u00e1n\u00edm pr\u00e9miov\u00e9ho extraktu levandule pro zes\u00edlen\u00e9 terapeutick\u00e9 \u00fa\u010dinky. Levandule je celosv\u011btov\u011b zn\u00e1m\u00e1 sv\u00fdmi siln\u00fdmi uklid\u0148uj\u00edc\u00edmi vlastnostmi, kter\u00e9 sni\u017euj\u00ed stres a \u00fazkost, podporuj\u00ed hlubokou relaxaci a lep\u0161\u00ed sp\u00e1nek. V kombinaci s p\u0159\u00edrodn\u00edmi l\u00e9\u010div\u00fdmi vlastnostmi velbloud\u00edho ml\u00e9ka se tento hydrata\u010dn\u00ed kr\u00e9m st\u00e1v\u00e1 kompletn\u00edm smyslov\u00fdm z\u00e1\u017eitkem, kter\u00fd uklid\u0148uje mysl i ple\u0165. Jemn\u00e1 levandulov\u00e1 v\u016fn\u011b vylep\u0161uje va\u0161i p\u00e9\u010di o ple\u0165 a m\u011bn\u00ed rann\u00ed i ve\u010dern\u00ed rutinu v l\u00e1ze\u0148sk\u00fd okam\u017eik pln\u00fd klidu a p\u00e9\u010de o sebe.<\/p>\n<h3 class=\"mb-2 mt-4 font-display font-semimedium text-base first:mt-0\">Siln\u00e9 protist\u00e1rnouc\u00ed a rozjas\u0148uj\u00edc\u00ed p\u0159\u00ednosy<\/h3>\n<p class=\"my-2 [&#038;+p]:mt-4 [&#038;_strong:has(+br)]:inline-block [&#038;_strong:has(+br)]:pb-2\"><strong>Hydrata\u010dn\u00ed kr\u00e9m s levandulov\u00fdm velbloud\u00edm ml\u00e9kem 250 g<\/strong> c\u00edl\u00ed na viditeln\u00e9 zn\u00e1mky st\u00e1rnut\u00ed d\u00edky v\u011bdecky vyvinut\u00e9 \u017eivinami nabit\u00e9 kompozici. Stimuluje p\u0159irozenou tvorbu kolagenu a elastinu v pleti, viditeln\u011b zm\u00edr\u0148uje vr\u00e1sky, jemn\u00e9 linky a pigmentov\u00e9 skvrny pro mladistv\u011bj\u0161\u00ed vzhled. Pravideln\u00e9 pou\u017e\u00edv\u00e1n\u00ed odhaluje pevn\u011bj\u0161\u00ed, tu\u017e\u0161\u00ed ple\u0165 s obnovenou mladistvou z\u00e1\u0159\u00ed a p\u0159irozen\u00fdm leskem.<\/p>\n<p class=\"my-2 [&#038;+p]:mt-4 [&#038;_strong:has(+br)]:inline-block [&#038;_strong:has(+br)]:pb-2\">P\u0159\u00edrodn\u00ed enzymy a karotenoidy \u00fa\u010dinn\u011b vyblednou tmav\u00e9 skvrny, hyperpigmentaci a jizvy po akn\u00e9. U\u017eivatel\u00e9 pravideln\u011b hl\u00e1s\u00ed znateln\u011b jasn\u011bj\u0161\u00ed, rovnom\u011brn\u011bj\u0161\u00ed a sv\u011btlej\u0161\u00ed ple\u0165 b\u011bhem n\u011bkolika t\u00fddn\u016f pou\u017e\u00edv\u00e1n\u00ed. Jemn\u00e1 exfolia\u010dn\u00ed \u00fa\u010dinnost hydrata\u010dn\u00edho kr\u00e9mu odstra\u0148uje odum\u0159el\u00e9 bu\u0148ky, zat\u00edmco dokonale vyva\u017euje p\u0159irozen\u00e9 pH pleti.<\/p>\n<h3 class=\"mb-2 mt-4 font-display font-semimedium text-base first:mt-0\">Ide\u00e1ln\u00ed pro ka\u017ed\u00fd typ pleti<\/h3>\n<ul class=\"marker:text-quiet list-disc\">\n<li class=\"py-0 my-0 prose-p:pt-0 prose-p:mb-2 prose-p:my-0 [&#038;>p]:pt-0 [&#038;>p]:mb-2 [&#038;>p]:my-0&#8243;>\n<p class=\"my-2 [&#038;+p]:mt-4 [&#038;_strong:has(+br)]:inline-block [&#038;_strong:has(+br)]:pb-2\"><strong>Such\u00e1 a dehydratovan\u00e1 ple\u0165:<\/strong> Intenzivn\u00ed, dlouhotrvaj\u00edc\u00ed hydratace na cel\u00fd den<\/p>\n<\/li>\n<li class=\"py-0 my-0 prose-p:pt-0 prose-p:mb-2 prose-p:my-0 [&#038;>p]:pt-0 [&#038;>p]:mb-2 [&#038;>p]:my-0&#8243;>\n<p class=\"my-2 [&#038;+p]:mt-4 [&#038;_strong:has(+br)]:inline-block [&#038;_strong:has(+br)]:pb-2\"><strong>Citliv\u00e1 a reaktivn\u00ed ple\u0165:<\/strong> P\u0159\u00edrodn\u011b uklid\u0148uje z\u00e1n\u011bty a zm\u00edr\u0148uje podr\u00e1\u017ed\u011bn\u00ed<\/p>\n<\/li>\n<li class=\"py-0 my-0 prose-p:pt-0 prose-p:mb-2 prose-p:my-0 [&#038;>p]:pt-0 [&#038;>p]:mb-2 [&#038;>p]:my-0&#8243;>\n<p class=\"my-2 [&#038;+p]:mt-4 [&#038;_strong:has(+br)]:inline-block [&#038;_strong:has(+br)]:pb-2\"><strong>Mastn\u00e1 a akn\u00e9 n\u00e1chyln\u00e1 ple\u0165:<\/strong> Lehk\u00e1, nekomedogenn\u00ed formule kontroluj\u00edc\u00ed v\u00fdr\u016fstky<\/p>\n<\/li>\n<li class=\"py-0 my-0 prose-p:pt-0 prose-p:mb-2 prose-p:my-0 [&#038;>p]:pt-0 [&#038;>p]:mb-2 [&#038;>p]:my-0&#8243;>\n<p class=\"my-2 [&#038;+p]:mt-4 [&#038;_strong:has(+br)]:inline-block [&#038;_strong:has(+br)]:pb-2\"><strong>Kombinovan\u00e1 ple\u0165:<\/strong> Perfektn\u011b vyva\u017euje hydrataci a kontrolu mazu<\/p>\n<\/li>\n<li class=\"py-0 my-0 prose-p:pt-0 prose-p:mb-2 prose-p:my-0 [&#038;>p]:pt-0 [&#038;>p]:mb-2 [&#038;>p]:my-0&#8243;>\n<p class=\"my-2 [&#038;+p]:mt-4 [&#038;_strong:has(+br)]:inline-block [&#038;_strong:has(+br)]:pb-2\"><strong>Zral\u00e1 a st\u00e1rnouc\u00ed ple\u0165:<\/strong> Efektivn\u011b bojuje proti vr\u00e1sk\u00e1m, ztr\u00e1t\u011b pru\u017enosti a matnosti<\/p>\n<\/li>\n<\/ul>\n<h3 class=\"mb-2 mt-4 font-display font-semimedium text-base first:mt-0\">Jak pou\u017e\u00edvat hydrata\u010dn\u00ed kr\u00e9m s levandulov\u00fdm velbloud\u00edm ml\u00e9kem<\/h3>\n<p class=\"my-2 [&#038;+p]:mt-4 [&#038;_strong:has(+br)]:inline-block [&#038;_strong:has(+br)]:pb-2\">Naneste mal\u00e9 mno\u017estv\u00ed na \u010distou, vlhkou ple\u0165 r\u00e1no a ve\u010der pro denn\u00ed v\u00fd\u017eivu a ochranu. Pro intenzivn\u00ed o\u0161et\u0159en\u00ed pou\u017eijte \u0161t\u011bd\u0159e jako t\u00fddenn\u00ed omlazuj\u00edc\u00ed masku, nechte p\u016fsobit 15\u201320 minut a pot\u00e9 jemn\u011b odstra\u0148te p\u0159ebytek. Lze vrstvit s esencemi nebo oleji pro personalizovanou p\u00e9\u010di o ple\u0165.<\/p>\n<h3 class=\"mb-2 mt-4 font-display font-semimedium text-base first:mt-0\">Egyptsk\u00e1 kvalita, glob\u00e1ln\u00ed d\u016fv\u011bra<\/h3>\n<p class=\"my-2 [&#038;+p]:mt-4 [&#038;_strong:has(+br)]:inline-block [&#038;_strong:has(+br)]:pb-2\">N\u00e1\u0161 <strong>hydrata\u010dn\u00ed kr\u00e9m s levandulov\u00fdm velbloud\u00edm ml\u00e9kem 250 g<\/strong> je hrd\u011b vyr\u00e1b\u011bn v Egypt\u011b z pr\u00e9miov\u00e9ho extraktu velbloud\u00edho ml\u00e9ka z nejlep\u0161\u00edch chov\u016f a extraktu levandule od d\u016fv\u011bryhodn\u00fdch p\u0159\u00edrodn\u00edch dodavatel\u016f. Ka\u017ed\u00e1 d\u00f3za p\u0159edstavuje generace egyptsk\u00fdch znalost\u00ed o kr\u00e1se v kombinaci s mezin\u00e1rodn\u00edmi standardy p\u00e9\u010de o ple\u0165 a p\u0159\u00edsnou kontrolou kvality. \u0160t\u011bdr\u00e1 velikost 250 g zaji\u0161\u0165uje m\u011bs\u00edce denn\u00edho pou\u017e\u00edv\u00e1n\u00ed s v\u00fdjime\u010dnou hodnotou a prok\u00e1zan\u00fdmi viditeln\u00fdmi v\u00fdsledky.<\/p>\n<p class=\"my-2 [&#038;+p]:mt-4 [&#038;_strong:has(+br)]:inline-block [&#038;_strong:has(+br)]:pb-2\"><strong>Hydrata\u010dn\u00ed kr\u00e9m s levandulov\u00fdm velbloud\u00edm ml\u00e9kem 250 g<\/strong> \u2013 kde se starov\u011bk\u00e1 egyptsk\u00e1 tajemstv\u00ed kr\u00e1sy setk\u00e1vaj\u00ed s modern\u00edmi inovacemi v p\u00e9\u010di o ple\u0165. Objednejte je\u0161t\u011b dnes a za\u017eijte luxus p\u0159\u00edrodn\u00ed, \u00fa\u010dinn\u00e9 p\u00e9\u010de o ple\u0165, kter\u00e1 prom\u011bn\u00ed va\u0161i ple\u0165 a uklidn\u00ed va\u0161i mysl.<\/p>\n<p>&nbsp;<\/p>\n<p style=\"text-align: center;\">D\u011bkujeme za n\u00e1kup v <a href=\"https:\/\/bazaar.express\/\">Bazaar Express<\/a> \u2013 jsme nad\u0161en\u00ed, \u017ee jste u n\u00e1s!<\/p>\n<p style=\"text-align: center;\">Va\u0161e cesta k lep\u0161\u00ed p\u00e9\u010di o sebe za\u010d\u00edn\u00e1 zde \u2013 s <a href=\"\/?product_cat=beauty-care\">Beauty Care<\/a>, kter\u00e9 si m\u016f\u017eete d\u016fv\u011b\u0159it.<\/p>\n","protected":false},"excerpt":{"rendered":"<h3>Egyptsk\u00fd hydrata\u010dn\u00ed kr\u00e9m s levandulov\u00fdm velbloud\u00edm ml\u00e9kem (250 g) kombinuje pr\u00e9miov\u00e9 velbloud\u00ed ml\u00e9ko s uklid\u0148uj\u00edc\u00ed levandul\u00ed pro intenzivn\u00ed hydrataci a protist\u00e1rnouc\u00ed p\u00e9\u010di. Lehk\u00e1, rychle se vst\u0159eb\u00e1vaj\u00edc\u00ed formule s p\u0159\u00edrodn\u00edmi uklid\u0148uj\u00edc\u00edmi vlastnostmi. Ide\u00e1ln\u00ed pro v\u0161echny typy pleti. Vyrobeno v Egypt\u011b.<\/h3>\n","protected":false},"featured_media":35697,"comment_status":"open","ping_status":"closed","template":"","meta":[],"product_brand":[],"product_cat":[786,789],"product_tag":[781,790,783,791],"class_list":{"0":"post-35696","1":"product","2":"type-product","3":"status-publish","4":"has-post-thumbnail","6":"product_cat-pece-o-krasu","7":"product_cat-horke-nabidky","8":"product_tag-olej","9":"product_tag-pece-o-krasu","10":"product_tag-pece-o-plet","11":"product_tag-velbloudi-mleko","13":"first","14":"instock","15":"sale","16":"shipping-taxable","17":"purchasable","18":"product-type-simple"},"_links":{"self":[{"href":"https:\/\/bazaar.express\/cs\/wp-json\/wp\/v2\/product\/35696","targetHints":{"allow":["GET"]}}],"collection":[{"href":"https:\/\/bazaar.express\/cs\/wp-json\/wp\/v2\/product"}],"about":[{"href":"https:\/\/bazaar.express\/cs\/wp-json\/wp\/v2\/types\/product"}],"replies":[{"embeddable":true,"href":"https:\/\/bazaar.express\/cs\/wp-json\/wp\/v2\/comments?post=35696"}],"wp:featuredmedia":[{"embeddable":true,"href":"https:\/\/bazaar.express\/cs\/wp-json\/wp\/v2\/media\/35697"}],"wp:attachment":[{"href":"https:\/\/bazaar.express\/cs\/wp-json\/wp\/v2\/media?parent=35696"}],"wp:term":[{"taxonomy":"product_brand","embeddable":true,"href":"https:\/\/bazaar.express\/cs\/wp-json\/wp\/v2\/product_brand?post=35696"},{"taxonomy":"product_cat","embeddable":true,"href":"https:\/\/bazaar.express\/cs\/wp-json\/wp\/v2\/product_cat?post=35696"},{"taxonomy":"product_tag","embeddable":true,"href":"https:\/\/bazaar.express\/cs\/wp-json\/wp\/v2\/product_tag?post=35696"}],"curies":[{"name":"wp","href":"https:\/\/api.w.org\/{rel}","templated":true}]}}