{"id":35711,"date":"2025-07-30T23:49:14","date_gmt":"2025-07-30T23:49:14","guid":{"rendered":"https:\/\/bazaar.express\/product\/kolagenovy-krem\/"},"modified":"2025-07-30T23:49:14","modified_gmt":"2025-07-30T23:49:14","slug":"kolagenovy-krem","status":"publish","type":"product","link":"https:\/\/bazaar.express\/cs\/produkt\/kolagenovy-krem\/","title":{"rendered":"Kolagenov\u00fd kr\u00e9m"},"content":{"rendered":"<h2 data-section-id=\"a8azvp\" data-start=\"1441\" data-end=\"1477\">Kolagenov\u00fd kr\u00e9m \u2013 Tajemstv\u00ed v\u011b\u010dn\u00e9, mladistv\u00e9 pleti<\/h2>\n<p data-start=\"351\" data-end=\"565\">Hled\u00e1te siln\u00fd zp\u016fsob, jak obnovit z\u00e1\u0159i a pevnost va\u0161\u00ed pleti? Objevte transforma\u010dn\u00ed v\u00fdhody <strong data-start=\"460\" data-end=\"478\">kolagenov\u00e9ho kr\u00e9mu<\/strong> \u2013 ultim\u00e1tn\u00edho \u0159e\u0161en\u00ed proti st\u00e1rnut\u00ed, kter\u00e9mu d\u016fv\u011b\u0159uj\u00ed milovn\u00edci kr\u00e1sy po cel\u00e9m sv\u011bt\u011b.<\/p>\n<p data-start=\"567\" data-end=\"908\">Jak st\u00e1rneme, p\u0159irozen\u00e1 produkce <strong data-start=\"618\" data-end=\"630\">kolagenu<\/strong> a vlhkosti v pleti kles\u00e1. To vede k suchosti, jemn\u00fdm vr\u00e1sek a viditeln\u00e9 ztr\u00e1t\u011b pevnosti. Ale nemus\u00edte tyto zm\u011bny p\u0159ij\u00edmat jako trval\u00e9. S pravidelnou p\u00e9\u010d\u00ed a spr\u00e1vn\u00fdmi slo\u017ekami se va\u0161e ple\u0165 m\u016f\u017ee zotavit \u2013 z\u00e1\u0159iv\u011bj\u0161\u00ed, hydratovan\u011bj\u0161\u00ed a mladistv\u011bj\u0161\u00ed ne\u017e kdy d\u0159\u00edv.<\/p>\n<h3 data-section-id=\"5gyqu9\" data-start=\"910\" data-end=\"962\">Co je kolagen a pro\u010d ho va\u0161e ple\u0165 pot\u0159ebuje?<\/h3>\n<p data-start=\"964\" data-end=\"1217\"><strong data-start=\"964\" data-end=\"976\">Kolagen<\/strong> je p\u0159irozen\u00fd protein, kter\u00fd dod\u00e1v\u00e1 pleti strukturu, pru\u017enost a s\u00edlu. Pr\u00e1v\u011b on udr\u017euje va\u0161i tv\u00e1\u0159 pevnou a hladkou. Bohu\u017eel st\u00e1rnut\u00ed, slune\u010dn\u00ed expozice a environment\u00e1ln\u00ed stresory tento drahocenn\u00fd protein postupn\u011b vy\u010derp\u00e1vaj\u00ed.<\/p>\n<p data-start=\"1219\" data-end=\"1439\">N\u00e1\u0161 kr\u00e9m bohat\u00fd na kolagen je speci\u00e1ln\u011b navr\u017een tak, aby obnovil ztracen\u00fd kolagen, zredukoval viditeln\u00e9 vr\u00e1sky a hluboce vy\u017eivil ple\u0165 zevnit\u0159. Je vhodn\u00fd pro <strong data-start=\"1375\" data-end=\"1393\">v\u0161echny typy pleti<\/strong> a ide\u00e1ln\u00ed pro <strong data-start=\"1411\" data-end=\"1438\">denn\u00ed i no\u010dn\u00ed pou\u017eit\u00ed<\/strong>.<\/p>\n<h3 data-section-id=\"a8azvp\" data-start=\"1441\" data-end=\"1477\">Pokro\u010dil\u00e9 v\u00fdhody kolagenov\u00e9ho kr\u00e9mu<\/h3>\n<p data-start=\"1479\" data-end=\"1618\">Tento luxusn\u00ed kr\u00e9m spojuje v\u011bdu a p\u0159\u00edrodu, aby p\u0159inesl viditeln\u00e9 zlep\u0161en\u00ed textury a t\u00f3nu va\u0161\u00ed pleti. Zde je to, co m\u016f\u017eete o\u010dek\u00e1vat:<\/p>\n<ul data-start=\"1620\" data-end=\"1986\">\n<li data-start=\"1620\" data-end=\"1686\">\n<p data-start=\"1622\" data-end=\"1686\">\u2705 <strong data-start=\"1624\" data-end=\"1649\">Viditeln\u011b hlad\u0161\u00ed ple\u0165<\/strong> s m\u00e9n\u011b jemn\u00fdmi vr\u00e1sek a vr\u00e1skami<\/p>\n<\/li>\n<li data-start=\"1687\" data-end=\"1732\">\n<p data-start=\"1689\" data-end=\"1732\">\u2705 <strong data-start=\"1691\" data-end=\"1709\">Hlubok\u00e1 hydratace<\/strong>, kter\u00e1 vydr\u017e\u00ed hodiny<\/p>\n<\/li>\n<li data-start=\"1733\" data-end=\"1779\">\n<p data-start=\"1735\" data-end=\"1779\">\u2705 <strong data-start=\"1737\" data-end=\"1777\">Zv\u00fd\u0161en\u00e1 pru\u017enost a pevnost pleti<\/strong><\/p>\n<\/li>\n<li data-start=\"1780\" data-end=\"1847\">\n<p data-start=\"1782\" data-end=\"1847\">\u2705 <strong data-start=\"1784\" data-end=\"1808\">Jemn\u00e9 p\u0159\u00edrodn\u00ed aroma<\/strong> pro osv\u011b\u017euj\u00edc\u00ed z\u00e1\u017eitek z p\u00e9\u010de o ple\u0165<\/p>\n<\/li>\n<li data-start=\"1848\" data-end=\"1892\">\n<p data-start=\"1850\" data-end=\"1892\">\u2705 <strong data-start=\"1852\" data-end=\"1890\">Netukov\u00e1, rychle se vst\u0159eb\u00e1vaj\u00edc\u00ed textura<\/strong><\/p>\n<\/li>\n<li data-start=\"1893\" data-end=\"1938\">\n<p data-start=\"1895\" data-end=\"1938\">\u2705 Ide\u00e1ln\u00ed pro <strong data-start=\"1907\" data-end=\"1936\">suchou, unavenou nebo st\u00e1rnouc\u00ed ple\u0165<\/strong><\/p>\n<\/li>\n<li data-start=\"1939\" data-end=\"1986\">\n<p data-start=\"1941\" data-end=\"1986\">\u2705 250g sklen\u011bn\u00e1 n\u00e1doba navr\u017een\u00e1 pro dlouhodob\u00e9 pou\u017eit\u00ed<\/p>\n<\/li>\n<\/ul>\n<h3 data-section-id=\"1635pxr\" data-start=\"1988\" data-end=\"2019\">Jak pou\u017e\u00edt pro nejlep\u0161\u00ed v\u00fdsledky<\/h3>\n<p data-start=\"2021\" data-end=\"2245\">Aplikujte \u0161t\u011bdr\u00e9 mno\u017estv\u00ed na \u010distou, suchou ple\u0165 \u2013 zejm\u00e9na p\u0159ed span\u00edm \u2013 pro hlubok\u00e9 proniknut\u00ed p\u0159es noc. Pou\u017e\u00edvejte denn\u011b pro maxim\u00e1ln\u00ed hydrataci a podporu regenerace kolagenu. Vhodn\u00e9 pro obli\u010dej a krk. Vyhn\u011bte se kontaktu s o\u010dima.<\/p>\n<blockquote data-start=\"2247\" data-end=\"2326\">\n<p data-start=\"2249\" data-end=\"2326\">Tip: Pou\u017e\u00edvejte s jemn\u00fdm \u010distic\u00edm prost\u0159edkem a t\u00f3nikem pro maxim\u00e1ln\u00ed vst\u0159ebatelnost a v\u00fdsledky.<\/p>\n<\/blockquote>\n<h3 data-section-id=\"1hfcx8z\" data-start=\"2328\" data-end=\"2362\">Pro\u010d si vybrat n\u00e1\u0161 kolagenov\u00fd kr\u00e9m?<\/h3>\n<p data-start=\"2364\" data-end=\"2684\">Vyrobeno s p\u00e9\u010d\u00ed spole\u010dnost\u00ed <strong data-start=\"2385\" data-end=\"2403\">Royal &#038; Beauty<\/strong>, n\u00e1\u0161 kolagenov\u00fd kr\u00e9m je vyroben z bezpe\u010dn\u00fdch slo\u017eek pro ple\u0165 a testov\u00e1n pro dlouhotrvaj\u00edc\u00ed hydrataci a viditeln\u00e9 protist\u00e1rnouc\u00ed v\u00fdsledky. A\u0165 u\u017e za\u010d\u00edn\u00e1te s p\u00e9\u010d\u00ed o ple\u0165 nebo upgradujete sv\u00e9 produkty, tento kr\u00e9m dod\u00e1 p\u0159esn\u011b to, co va\u0161e ple\u0165 pot\u0159ebuje k p\u0159irozen\u00e9mu z\u00e1\u0159en\u00ed.<\/p>\n<p data-start=\"2686\" data-end=\"2800\">Na\u0161e formule neobsahuje drsn\u00e9 chemik\u00e1lie, parabeny ani um\u011bl\u00e9 barviva, d\u00edky \u010demu\u017e je bezpe\u010dn\u00e1 i pro citlivou ple\u0165.<\/p>\n<p data-start=\"2807\" data-end=\"2925\"><strong data-start=\"2807\" data-end=\"2881\">Vyrobeno spole\u010dnost\u00ed Royal &#038; Beauty \u2013 Experti na p\u0159\u00edrodn\u00ed \u0159e\u0161en\u00ed p\u00e9\u010de o ple\u0165<\/strong><br data-start=\"2881\" data-end=\"2884\" \/><strong data-start=\"2884\" data-end=\"2925\">Vyrobeno v Egypt\u011b \u2013 Pouze pro vn\u011bj\u0161\u00ed pou\u017eit\u00ed<\/strong><\/p>\n<p data-start=\"2927\" data-end=\"3057\">Za\u017eijte kr\u00e1su mladistv\u00e9, z\u00e1\u0159iv\u00e9 pleti \u2013 p\u0159irozen\u011b.<br data-start=\"2987\" data-end=\"2990\" \/><strong data-start=\"2990\" data-end=\"3008\">Kolagenov\u00fd kr\u00e9m<\/strong> nen\u00ed jen p\u00e9\u010de o ple\u0165. Je to sebe p\u00e9\u010de v dokonalosti.<\/p>\n<p style=\"text-align: center;\">D\u011bkujeme za n\u00e1kup v <a href=\"https:\/\/bazaar.express\/\">Bazaar Express<\/a> \u2013 jsme nad\u0161en\u00ed, \u017ee jste u n\u00e1s!<\/p>\n<p style=\"text-align: center;\">Va\u0161e cesta k lep\u0161\u00ed sebe p\u00e9\u010di za\u010d\u00edn\u00e1 zde \u2013 s <a href=\"https:\/\/bazaar.express\/product-category\/beauty-care\/\">Beauty &#038; Care<\/a>, kter\u00e9 si m\u016f\u017eete d\u016fv\u011b\u0159it.<\/p>\n","protected":false},"excerpt":{"rendered":"<h3 data-start=\"470\" data-end=\"619\">Hluboce hydratuj\u00edc\u00ed kolagenov\u00fd kr\u00e9m, kter\u00fd redukuje vr\u00e1sky, zpev\u0148uje ple\u0165 a obnovuje va\u0161i p\u0159irozenou z\u00e1\u0159i. 250g sklen\u011bn\u00e1 n\u00e1doba od Royal &#038; Beauty. Vyrobeno v Egypt\u011b.<\/h3>\n","protected":false},"featured_media":35714,"comment_status":"open","ping_status":"closed","template":"","meta":[],"product_brand":[],"product_cat":[786],"product_tag":[790,783],"class_list":{"0":"post-35711","1":"product","2":"type-product","3":"status-publish","4":"has-post-thumbnail","6":"product_cat-pece-o-krasu","7":"product_tag-pece-o-krasu","8":"product_tag-pece-o-plet","10":"first","11":"instock","12":"sale","13":"shipping-taxable","14":"purchasable","15":"product-type-simple"},"_links":{"self":[{"href":"https:\/\/bazaar.express\/cs\/wp-json\/wp\/v2\/product\/35711","targetHints":{"allow":["GET"]}}],"collection":[{"href":"https:\/\/bazaar.express\/cs\/wp-json\/wp\/v2\/product"}],"about":[{"href":"https:\/\/bazaar.express\/cs\/wp-json\/wp\/v2\/types\/product"}],"replies":[{"embeddable":true,"href":"https:\/\/bazaar.express\/cs\/wp-json\/wp\/v2\/comments?post=35711"}],"wp:featuredmedia":[{"embeddable":true,"href":"https:\/\/bazaar.express\/cs\/wp-json\/wp\/v2\/media\/35714"}],"wp:attachment":[{"href":"https:\/\/bazaar.express\/cs\/wp-json\/wp\/v2\/media?parent=35711"}],"wp:term":[{"taxonomy":"product_brand","embeddable":true,"href":"https:\/\/bazaar.express\/cs\/wp-json\/wp\/v2\/product_brand?post=35711"},{"taxonomy":"product_cat","embeddable":true,"href":"https:\/\/bazaar.express\/cs\/wp-json\/wp\/v2\/product_cat?post=35711"},{"taxonomy":"product_tag","embeddable":true,"href":"https:\/\/bazaar.express\/cs\/wp-json\/wp\/v2\/product_tag?post=35711"}],"curies":[{"name":"wp","href":"https:\/\/api.w.org\/{rel}","templated":true}]}}