{"id":35715,"date":"2025-08-04T14:27:05","date_gmt":"2025-08-04T14:27:05","guid":{"rendered":"https:\/\/bazaar.express\/product\/kalaminovy-losion\/"},"modified":"2025-08-04T14:27:05","modified_gmt":"2025-08-04T14:27:05","slug":"kalaminovy-losion","status":"publish","type":"product","link":"https:\/\/bazaar.express\/cs\/produkt\/kalaminovy-losion\/","title":{"rendered":"Kalaminov\u00fd losion"},"content":{"rendered":"<h2 data-start=\"181\" data-end=\"236\"><strong data-start=\"184\" data-end=\"234\">Kalaminov\u00fd losion \u2013 Uklid\u0148uj\u00edc\u00ed a zvlh\u010duj\u00edc\u00ed pro poko\u017eku<\/strong><\/h2>\n<p data-start=\"237\" data-end=\"275\"><strong data-start=\"237\" data-end=\"275\">Od TNERH | 1000 ml | Vyrobeno v Egypt\u011b<\/strong><\/p>\n<p data-start=\"277\" data-end=\"548\">Za\u017eijte uklid\u0148uj\u00edc\u00ed s\u00edlu <em data-start=\"310\" data-end=\"327\">kalaminov\u00e9ho losionu<\/em>, r\u016f\u017eov\u00e9, poko\u017eku miluj\u00edc\u00ed formule navr\u017een\u00e9 k uklidn\u011bn\u00ed podr\u00e1\u017ed\u011bn\u00ed, sn\u00ed\u017een\u00ed zarudnut\u00ed a rychl\u00e9 \u00falev\u011b od sv\u011bd\u011bn\u00ed. A\u0165 u\u017e jde o bodnut\u00ed hmyzem, tepelnou vyr\u00e1\u017eku nebo alergick\u00e9 ko\u017en\u00ed reakce \u2013 tento mnohostrann\u00fd losion je va\u0161\u00ed prvn\u00ed lini\u00ed obrany.<\/p>\n<p data-start=\"550\" data-end=\"662\">Ide\u00e1ln\u00ed pro ka\u017edodenn\u00ed pou\u017eit\u00ed dosp\u011bl\u00fdmi i d\u011btmi, kalaminov\u00fd losion je nezbytnost\u00ed pro ka\u017edou sk\u0159\u00ed\u0148 s kosmetikou na p\u00e9\u010di o poko\u017eku.<\/p>\n<h3 data-start=\"669\" data-end=\"689\"><strong data-start=\"673\" data-end=\"689\">Kl\u00ed\u010dov\u00e9 p\u0159\u00ednosy<\/strong><\/h3>\n<ul data-start=\"690\" data-end=\"929\">\n<li data-start=\"690\" data-end=\"729\">\n<p data-start=\"692\" data-end=\"729\">\tUklid\u0148uje sv\u011bd\u011bn\u00ed a z\u00e1n\u011bt<\/p>\n<\/li>\n<li data-start=\"730\" data-end=\"778\">\n<p data-start=\"732\" data-end=\"778\">\tVytv\u00e1\u0159\u00ed ochrannou bari\u00e9ru na k\u016f\u017ei<\/p>\n<\/li>\n<li data-start=\"779\" data-end=\"813\">\n<p data-start=\"781\" data-end=\"813\">\tChlad\u00ed tepelnou vyr\u00e1\u017eku a slune\u010dn\u00ed pop\u00e1leniny<\/p>\n<\/li>\n<li data-start=\"814\" data-end=\"860\">\n<p data-start=\"816\" data-end=\"860\">\tUzamyk\u00e1 vlhkost s p\u0159\u00edrodn\u00edm glycerinem<\/p>\n<\/li>\n<li data-start=\"861\" data-end=\"929\">\n<p data-start=\"863\" data-end=\"929\">\tVyrobeno v Egypt\u011b s pr\u00e9miov\u00fdmi ingrediencemi farmaceutick\u00e9 kvality<\/p>\n<\/li>\n<\/ul>\n<h3 data-start=\"936\" data-end=\"972\"><strong data-start=\"940\" data-end=\"972\">V\u00fdkonn\u00e9 p\u0159\u00edrodn\u00ed ingredience<\/strong><\/h3>\n<p data-start=\"973\" data-end=\"1366\"><strong data-start=\"973\" data-end=\"987\">Oxid zine\u010dnat\u00fd<\/strong> \u2013 P\u016fsob\u00ed jako adstringens, absorbuje p\u0159ebyte\u010dnou tekutinu a sni\u017euje z\u00e1n\u011bt.<br data-start=\"1063\" data-end=\"1066\" \/><strong data-start=\"1066\" data-end=\"1082\">\u017deleznat\u00fd oxid<\/strong> \u2013 Poskytuje uklid\u0148uj\u00edc\u00ed \u00falevu a dod\u00e1v\u00e1 losionu jeho charakteristickou r\u016f\u017eovou barvu.<br data-start=\"1153\" data-end=\"1156\" \/><strong data-start=\"1156\" data-end=\"1174\">Bentonitov\u00e1 hl\u00edna<\/strong> \u2013 P\u0159\u00edrodn\u00ed detoxika\u010dn\u00ed \u010dinidlo, kter\u00e9 absorbuje toxiny a uklid\u0148uje poko\u017eku.<br data-start=\"1246\" data-end=\"1249\" \/><strong data-start=\"1249\" data-end=\"1261\">Glycerin<\/strong> \u2013 Hluboce zvlh\u010duje a zabra\u0148uje suchosti poko\u017eky.<br data-start=\"1309\" data-end=\"1312\" \/><strong data-start=\"1312\" data-end=\"1330\">\u010cist\u00e1 voda<\/strong> \u2013 Zaji\u0161\u0165uje hladkou, snadnou aplikaci.<\/p>\n<p data-start=\"973\" data-end=\"1366\">\ud83d\udd04 <strong data-start=\"1373\" data-end=\"1398\">Prot\u0159epejte p\u0159ed pou\u017eit\u00edm<\/strong> pro rovnom\u011brn\u00e9 sm\u00edch\u00e1n\u00ed p\u0159\u00edrodn\u00edch sediment\u016f.<\/p>\n<h3 data-start=\"1438\" data-end=\"1482\"><strong data-start=\"1442\" data-end=\"1482\">Kdy byste m\u011bli pou\u017e\u00edt kalaminov\u00fd losion?<\/strong><\/h3>\n<p data-start=\"1483\" data-end=\"1531\">Pou\u017e\u00edvejte tento losion pro rychlou, efektivn\u00ed \u00falevu od:<\/p>\n<ul data-start=\"1533\" data-end=\"1838\">\n<li data-start=\"1533\" data-end=\"1580\">\n<p data-start=\"1535\" data-end=\"1580\">\tBodnut\u00ed hmyzem (kom\u00e1\u0159i, mravenci, \u0161t\u011bnice)<\/p>\n<\/li>\n<li data-start=\"1581\" data-end=\"1610\">\n<p data-start=\"1583\" data-end=\"1610\">\tVyr\u00e1\u017eka z jedovat\u00e9ho b\u0159\u00edz\u00ed nebo dubu<\/p>\n<\/li>\n<li data-start=\"1611\" data-end=\"1644\">\n<p data-start=\"1613\" data-end=\"1644\">\tTepeln\u00e1 vyr\u00e1\u017eka a \u017e\u00edrav\u00e9 teplo<\/p>\n<\/li>\n<li data-start=\"1645\" data-end=\"1684\">\n<p data-start=\"1647\" data-end=\"1684\">\tAlergick\u00e9 ko\u017en\u00ed reakce nebo kop\u0159ivka<\/p>\n<\/li>\n<li data-start=\"1685\" data-end=\"1734\">\n<p data-start=\"1687\" data-end=\"1734\">\tVetry nebo p\u00e1sov\u00fd opar (pro uklidn\u011bn\u00ed sv\u011bd\u011bn\u00ed)<\/p>\n<\/li>\n<li data-start=\"1735\" data-end=\"1784\">\n<p data-start=\"1737\" data-end=\"1784\">\tBodov\u00e1 l\u00e9\u010dba akn\u00e9 (su\u0161\u00ed b\u00edl\u00e9 hlavi\u010dky)<\/p>\n<\/li>\n<li data-start=\"1785\" data-end=\"1816\">\n<p data-start=\"1787\" data-end=\"1816\">\tMen\u0161\u00ed uzav\u0159en\u00e1 ko\u017en\u00ed zran\u011bn\u00ed<\/p>\n<\/li>\n<li data-start=\"1817\" data-end=\"1838\">\n<p data-start=\"1819\" data-end=\"1838\">\tSv\u011bd\u011bn\u00ed plavc\u016f<\/p>\n<\/li>\n<\/ul>\n<blockquote data-start=\"1840\" data-end=\"1924\">\n<p data-start=\"1842\" data-end=\"1924\">\u26a0\ufe0f <strong data-start=\"1845\" data-end=\"1893\">Nen\u00ed ur\u010den pro svrab nebo l\u00e9\u010dbu hmyzu<\/strong> \u2013 pouze pro symptomatickou \u00falevu.<\/p>\n<\/blockquote>\n<h3 data-start=\"1931\" data-end=\"1952\"><strong data-start=\"1935\" data-end=\"1952\">Jak ho pou\u017e\u00edt<\/strong><\/h3>\n<ol data-start=\"1953\" data-end=\"2193\">\n<li data-start=\"1953\" data-end=\"1982\">\n<p data-start=\"1956\" data-end=\"1982\">D\u016fkladn\u011b prot\u0159epejte lahvi\u010dku.<\/p>\n<\/li>\n<li data-start=\"1983\" data-end=\"2027\">\n<p data-start=\"1986\" data-end=\"2027\">Vy\u010dist\u011bte a jemn\u011b osu\u0161te posti\u017een\u00e9 m\u00edsto.<\/p>\n<\/li>\n<li data-start=\"2028\" data-end=\"2099\">\n<p data-start=\"2031\" data-end=\"2099\">Naneste tenkou vrstvu pomoc\u00ed vatov\u00e9 nebo m\u011bkk\u00e9ho tamp\u00f3nu \u2013 nepot\u0159ebujete t\u0159\u00edt.<\/p>\n<\/li>\n<li data-start=\"2100\" data-end=\"2148\">\n<p data-start=\"2103\" data-end=\"2148\">Nechte vyschnout a vytvo\u0159it ochrann\u00fd film.<\/p>\n<\/li>\n<li data-start=\"2149\" data-end=\"2193\">\n<p data-start=\"2152\" data-end=\"2193\">Nan\u00e1\u0161ejte znovu <strong data-start=\"2160\" data-end=\"2179\">3\u20134kr\u00e1t denn\u011b<\/strong> nebo podle pot\u0159eby.<\/p>\n<\/li>\n<\/ol>\n<h3 data-start=\"2200\" data-end=\"2223\"><strong data-start=\"2204\" data-end=\"2223\">Kdo ho m\u016f\u017ee pou\u017e\u00edt?<\/strong><\/h3>\n<ul data-start=\"2224\" data-end=\"2453\">\n<li data-start=\"2224\" data-end=\"2269\">\n<p data-start=\"2226\" data-end=\"2269\"><strong data-start=\"2228\" data-end=\"2249\">Bezpe\u010dn\u00e9 pro d\u011bti<\/strong> od 2 let<\/p>\n<\/li>\n<li data-start=\"2270\" data-end=\"2326\">\n<p data-start=\"2272\" data-end=\"2326\"><strong data-start=\"2275\" data-end=\"2303\">T\u011bhotenstv\u00ed\/Doj\u010den\u00ed:<\/strong> Bezpe\u010dn\u00e9 pro lok\u00e1ln\u00ed pou\u017eit\u00ed<\/p>\n<\/li>\n<li data-start=\"2327\" data-end=\"2374\">\n<p data-start=\"2329\" data-end=\"2374\">\tPro kojence pod 2 roky se pora\u010fte s l\u00e9ka\u0159em<\/p>\n<\/li>\n<li data-start=\"2375\" data-end=\"2453\">\n<p data-start=\"2377\" data-end=\"2453\">\tProve\u010fte test na mal\u00e9 plo\u0161e p\u0159ed pln\u00fdm nanesen\u00edm, pokud m\u00e1te citlivou poko\u017eku<\/p>\n<\/li>\n<\/ul>\n<h3 data-start=\"2460\" data-end=\"2493\"><strong data-start=\"2464\" data-end=\"2493\">Kdy se vyhnout nebo p\u0159estat pou\u017e\u00edvat<\/strong><\/h3>\n<ul data-start=\"2494\" data-end=\"2693\">\n<li data-start=\"2494\" data-end=\"2524\">\n<p data-start=\"2496\" data-end=\"2524\">Otev\u0159en\u00e1 zran\u011bn\u00ed nebo po\u0161kozen\u00e1 k\u016f\u017ee<\/p>\n<\/li>\n<li data-start=\"2525\" data-end=\"2559\">\n<p data-start=\"2527\" data-end=\"2559\">O\u010di, \u00fasta nebo intimn\u00ed oblasti<\/p>\n<\/li>\n<li data-start=\"2560\" data-end=\"2635\">\n<p data-start=\"2562\" data-end=\"2635\">Pokud omylem polknuto nebo vdechnuto \u2013 vypl\u00e1chn\u011bte a vyhledejte l\u00e9ka\u0159skou pomoc<\/p>\n<\/li>\n<li data-start=\"2636\" data-end=\"2693\">\n<p data-start=\"2638\" data-end=\"2693\">P\u0159esta\u0148te pou\u017e\u00edvat, pokud se vyr\u00e1\u017eka zhor\u0161\u00ed nebo se objev\u00ed zn\u00e1mky infekce<\/p>\n<\/li>\n<\/ul>\n<h3 data-start=\"2700\" data-end=\"2728\"><strong data-start=\"2704\" data-end=\"2728\">Skladov\u00e1n\u00ed a trvanlivost<\/strong><\/h3>\n<ul data-start=\"2729\" data-end=\"2888\">\n<li data-start=\"2729\" data-end=\"2793\">\n<p data-start=\"2731\" data-end=\"2793\">Skladujte na <strong data-start=\"2742\" data-end=\"2761\">chladn\u00e9m, such\u00e9m m\u00edst\u011b<\/strong> (20\u201325 \u00b0C), mimo slune\u010dn\u00ed svit<\/p>\n<\/li>\n<li data-start=\"2794\" data-end=\"2835\">\n<p data-start=\"2796\" data-end=\"2835\">Pou\u017e\u00edvejte pouze z <strong data-start=\"2814\" data-end=\"2833\">origin\u00e1ln\u00ed lahvi\u010dky<\/strong><\/p>\n<\/li>\n<li data-start=\"2836\" data-end=\"2888\">\n<p data-start=\"2838\" data-end=\"2888\">Trvanlivost: <strong data-start=\"2850\" data-end=\"2861\">3 roky<\/strong> od data v\u00fdroby<\/p>\n<\/li>\n<\/ul>\n<h3 data-start=\"2895\" data-end=\"2922\"><strong data-start=\"2899\" data-end=\"2922\">Rychl\u00fd p\u0159ehled tabulky<\/strong><\/h3>\n<div class=\"_tableContainer_16hzy_1\">\n<div class=\"_tableWrapper_16hzy_14 group flex w-fit flex-col-reverse\" tabindex=\"-1\">\n<table class=\"w-fit min-w-(--thread-content-width)\" data-start=\"2924\" data-end=\"3171\">\n<thead data-start=\"2924\" data-end=\"2943\">\n<tr data-start=\"2924\" data-end=\"2943\">\n<th data-start=\"2924\" data-end=\"2932\" data-col-size=\"sm\">Pou\u017eit\u00ed<\/th>\n<th data-start=\"2932\" data-end=\"2943\" data-col-size=\"sm\">P\u0159\u00ednos<\/th>\n<\/tr>\n<\/thead>\n<tbody data-start=\"2965\" data-end=\"3171\">\n<tr data-start=\"2965\" data-end=\"3023\">\n<td data-start=\"2965\" data-end=\"2988\" data-col-size=\"sm\">Bodnut\u00ed hmyzem, tepeln\u00e1 vyr\u00e1\u017eka<\/td>\n<td data-col-size=\"sm\" data-start=\"2988\" data-end=\"3023\">Ulevuje od sv\u011bd\u011bn\u00ed &#038; z\u00e1n\u011btu<\/td>\n<\/tr>\n<tr data-start=\"3024\" data-end=\"3075\">\n<td data-start=\"3024\" data-end=\"3045\" data-col-size=\"sm\">Alergick\u00e9 reakce<\/td>\n<td data-col-size=\"sm\" data-start=\"3045\" data-end=\"3075\">Uklid\u0148uje zarudnut\u00ed &#038; podr\u00e1\u017ed\u011bn\u00ed<\/td>\n<\/tr>\n<tr data-start=\"3076\" data-end=\"3120\">\n<td data-start=\"3076\" data-end=\"3092\" data-col-size=\"sm\">Akn\u00e9 nebo skvrny<\/td>\n<td data-col-size=\"sm\" data-start=\"3092\" data-end=\"3120\">Jemn\u011b su\u0161\u00ed a uklid\u0148uje<\/td>\n<\/tr>\n<tr data-start=\"3121\" data-end=\"3171\">\n<td data-start=\"3121\" data-end=\"3136\" data-col-size=\"sm\">Men\u0161\u00ed zran\u011bn\u00ed<\/td>\n<td data-col-size=\"sm\" data-start=\"3136\" data-end=\"3171\">P\u0159id\u00e1v\u00e1 ochranu po \u010di\u0161t\u011bn\u00ed<\/td>\n<\/tr>\n<\/tbody>\n<\/table>\n<div class=\"sticky end-(--thread-content-margin) h-0 self-end select-none\">\n<div class=\"absolute end-0 flex items-end\"><\/div>\n<\/div>\n<\/div>\n<\/div>\n<h3 data-start=\"3178\" data-end=\"3219\"><strong data-start=\"3182\" data-end=\"3219\">Pro\u010d si vybrat TNERH kalaminov\u00fd losion?<\/strong><\/h3>\n<ul data-start=\"3220\" data-end=\"3445\">\n<li data-start=\"3220\" data-end=\"3278\">\n<p data-start=\"3222\" data-end=\"3278\">\tVelk\u00e1 <strong data-start=\"3231\" data-end=\"3242\">1000 ml<\/strong> velikost \u2013 ide\u00e1ln\u00ed pro dom\u00e1cnost nebo kliniku<\/p>\n<\/li>\n<li data-start=\"3279\" data-end=\"3313\">\n<p data-start=\"3281\" data-end=\"3313\">\tHrd\u011b <strong data-start=\"3294\" data-end=\"3311\">vyrobeno v Egypt\u011b<\/strong><\/p>\n<\/li>\n<li data-start=\"3314\" data-end=\"3363\">\n<p data-start=\"3316\" data-end=\"3363\">\tIkonick\u00fd r\u016f\u017eov\u00fd losion pro okam\u017eitou \u00falevu k\u016f\u017ee<\/p>\n<\/li>\n<li data-start=\"3364\" data-end=\"3399\">\n<p data-start=\"3366\" data-end=\"3399\">\tIde\u00e1ln\u00ed pro <strong data-start=\"3379\" data-end=\"3397\">v\u0161echny typy pleti<\/strong><\/p>\n<\/li>\n<li data-start=\"3400\" data-end=\"3445\">\n<p data-start=\"3402\" data-end=\"3445\">\tObohacen\u00fd o <strong data-start=\"3419\" data-end=\"3443\">bentonit &#038; glycerin<\/strong><\/p>\n<\/li>\n<li data-start=\"3472\" data-end=\"3520\">\n<p data-start=\"3474\" data-end=\"3520\"><strong data-start=\"3474\" data-end=\"3494\">Kosmetick\u00fd produkt<\/strong> | <strong data-start=\"3497\" data-end=\"3518\">Pouze pro vn\u011bj\u0161\u00ed pou\u017eit\u00ed<\/strong><\/p>\n<\/li>\n<\/ul>\n<h2 data-start=\"3575\" data-end=\"3606\"><strong data-start=\"3578\" data-end=\"3606\">Klid. Uklidn\u011bte. Chra\u0148te.<\/strong><\/h2>\n<p data-start=\"3607\" data-end=\"3765\">P\u0159ineste dom\u016f <strong data-start=\"3618\" data-end=\"3643\">TNERH kalaminov\u00fd losion<\/strong> a o\u0161et\u0159ete svou poko\u017eku jemnou, trvalou p\u00e9\u010d\u00ed. \u0158ekn\u011bte sbohem sv\u011bd\u011bn\u00ed a podr\u00e1\u017ed\u011bn\u00ed \u2013 a ahoj pohodl\u00ed, p\u0159irozen\u011b.<\/p>\n<p style=\"text-align: center;\">D\u011bkujeme za n\u00e1kup v <a href=\"https:\/\/bazaar.express\/\">Bazaar Express<\/a> \u2013 jsme nad\u0161en\u00ed, \u017ee jste u n\u00e1s!<\/p>\n<p style=\"text-align: center;\">Va\u0161e cesta k lep\u0161\u00ed p\u00e9\u010di o sebe za\u010d\u00edn\u00e1 zde \u2013 s <a href=\"https:\/\/bazaar.express\/product-category\/beauty-care\/\">Beauty &#038; Care<\/a>, kter\u00e9 si m\u016f\u017eete v\u011b\u0159it.<\/p>\n","protected":false},"excerpt":{"rendered":"<h3 data-start=\"352\" data-end=\"594\">Za\u017eijte rychlou \u00falevu s TNERH kalaminov\u00fdm losionem. Obohacen\u00fd oxidem zine\u010dnat\u00fdm, bentonitem a glycerinem pro uklidn\u011bn\u00ed podr\u00e1\u017ed\u011bn\u00ed, zm\u00edrn\u011bn\u00ed sv\u011bd\u011bn\u00ed a hydrataci such\u00e9 poko\u017eky. Bezpe\u010dn\u00fd pro d\u011bti i dosp\u011bl\u00e9. Lahvi\u010dka 1000 ml \u2013 ide\u00e1ln\u00ed pro dom\u00e1c\u00ed nebo klinick\u00e9 pou\u017eit\u00ed.<\/h3>\n","protected":false},"featured_media":35716,"comment_status":"open","ping_status":"closed","template":"","meta":[],"product_brand":[],"product_cat":[786,787,788,798],"product_tag":[781,790,783,793],"class_list":{"0":"post-35715","1":"product","2":"type-product","3":"status-publish","4":"has-post-thumbnail","6":"product_cat-pece-o-krasu","7":"product_cat-terapeuticke-oleje","8":"product_cat-to-nejlepsi-z-egypta","9":"product_cat-zakladni-vybaveni-na-plaz","10":"product_tag-olej","11":"product_tag-pece-o-krasu","12":"product_tag-pece-o-plet","13":"product_tag-prirodni-olej","15":"first","16":"instock","17":"shipping-taxable","18":"purchasable","19":"product-type-simple"},"_links":{"self":[{"href":"https:\/\/bazaar.express\/cs\/wp-json\/wp\/v2\/product\/35715","targetHints":{"allow":["GET"]}}],"collection":[{"href":"https:\/\/bazaar.express\/cs\/wp-json\/wp\/v2\/product"}],"about":[{"href":"https:\/\/bazaar.express\/cs\/wp-json\/wp\/v2\/types\/product"}],"replies":[{"embeddable":true,"href":"https:\/\/bazaar.express\/cs\/wp-json\/wp\/v2\/comments?post=35715"}],"wp:featuredmedia":[{"embeddable":true,"href":"https:\/\/bazaar.express\/cs\/wp-json\/wp\/v2\/media\/35716"}],"wp:attachment":[{"href":"https:\/\/bazaar.express\/cs\/wp-json\/wp\/v2\/media?parent=35715"}],"wp:term":[{"taxonomy":"product_brand","embeddable":true,"href":"https:\/\/bazaar.express\/cs\/wp-json\/wp\/v2\/product_brand?post=35715"},{"taxonomy":"product_cat","embeddable":true,"href":"https:\/\/bazaar.express\/cs\/wp-json\/wp\/v2\/product_cat?post=35715"},{"taxonomy":"product_tag","embeddable":true,"href":"https:\/\/bazaar.express\/cs\/wp-json\/wp\/v2\/product_tag?post=35715"}],"curies":[{"name":"wp","href":"https:\/\/api.w.org\/{rel}","templated":true}]}}