{"id":35723,"date":"2025-05-12T15:56:52","date_gmt":"2025-05-12T15:56:52","guid":{"rendered":"https:\/\/bazaar.express\/product\/bylinky-na-hubnuti\/"},"modified":"2025-05-12T15:56:52","modified_gmt":"2025-05-12T15:56:52","slug":"bylinky-na-hubnuti","status":"publish","type":"product","link":"https:\/\/bazaar.express\/cs\/produkt\/bylinky-na-hubnuti\/","title":{"rendered":"Bylinky na hubnut\u00ed"},"content":{"rendered":"<h2 class=\"\" data-start=\"98\" data-end=\"182\"><strong data-start=\"101\" data-end=\"182\">Bylinky na hubnut\u00ed \u2013 100% p\u0159\u00edrodn\u00ed egyptsk\u00e1 bylinn\u00e1 sm\u011bs pro efektivn\u00ed hubnut\u00ed<\/strong><\/h2>\n<p class=\"\" data-start=\"184\" data-end=\"541\">Objevte s\u00edlu <strong data-start=\"206\" data-end=\"224\">Bylinky na hubnut\u00ed<\/strong>, 100% p\u0159\u00edrodn\u00ed bylinn\u00e9 sm\u011bsi pe\u010dliv\u011b vybran\u00e9 z egyptsk\u00fdch ingredienc\u00ed a exkluzivn\u011b dostupn\u00e9 u <strong data-start=\"328\" data-end=\"346\">Bazaar Express<\/strong>. Tento bylinn\u00fd \u010daj je va\u0161e bezpe\u010dn\u00e9, bezchemick\u00e9 \u0159e\u0161en\u00ed pro zdrav\u00e9 hubnut\u00ed. P\u0159i pravideln\u00e9m u\u017e\u00edv\u00e1n\u00ed <strong data-start=\"449\" data-end=\"494\">garantujeme viditeln\u00e9 v\u00fdsledky b\u011bhem jednoho t\u00fddne<\/strong>, zejm\u00e9na v kombinaci se zdrav\u00fdmi n\u00e1vyky.<\/p>\n<p class=\"\" data-start=\"543\" data-end=\"664\">Ka\u017ed\u00e9 balen\u00ed v\u00e1\u017e\u00ed <strong data-start=\"559\" data-end=\"572\">250 gram\u016f<\/strong>, co\u017e sta\u010d\u00ed na p\u0159\u00edpravu p\u0159ibli\u017en\u011b <strong data-start=\"606\" data-end=\"620\">40\u201350 \u0161\u00e1lk\u016f<\/strong>, v z\u00e1vislosti na mno\u017estv\u00ed pou\u017eit\u00e9 na porci.<\/p>\n<h3 class=\"\" data-start=\"671\" data-end=\"724\"><strong data-start=\"678\" data-end=\"724\">Exkluzivn\u00ed formule \u2013 Pouze u Bazaar Express<\/strong><\/h3>\n<p class=\"\" data-start=\"726\" data-end=\"991\">Tato sm\u011bs je <strong data-start=\"740\" data-end=\"761\">n\u00e1\u0161 tajn\u00fd recept<\/strong>, pe\u010dliv\u011b vyvinut\u00fd tak, aby kombinoval bylinky zn\u00e1m\u00e9 sv\u00fdmi metabolismus-zvy\u0161uj\u00edc\u00edmi a tuk-spaluj\u00edc\u00edmi vlastnostmi. I kdy\u017e nesd\u00edl\u00edme p\u0159esn\u00e1 mno\u017estv\u00ed, hrd\u011b uv\u00e1d\u00edme na\u0161e <strong data-start=\"929\" data-end=\"960\">pr\u00e9miov\u00e9 p\u0159\u00edrodn\u00ed ingredience<\/strong> a jejich individu\u00e1ln\u00ed p\u0159\u00ednosy:<\/p>\n<h3 class=\"\" data-start=\"998\" data-end=\"1041\"><strong data-start=\"1005\" data-end=\"1041\">Kl\u00ed\u010dov\u00e9 ingredience a jejich p\u0159\u00ednosy<\/strong><\/h3>\n<ul data-start=\"1043\" data-end=\"1612\">\n<li class=\"\" data-start=\"1043\" data-end=\"1174\">\n<p class=\"\" data-start=\"1045\" data-end=\"1174\"><strong data-start=\"1045\" data-end=\"1054\">Km\u00edn<\/strong><br data-start=\"1054\" data-end=\"1057\" \/>Zvy\u0161uje metabolismus, zlep\u0161uje tr\u00e1ven\u00ed a sni\u017euje nad\u00fdm\u00e1n\u00ed. Pom\u00e1h\u00e1 rozkl\u00e1dat tuky a regulovat hladinu cukru v krvi.<\/p>\n<\/li>\n<li class=\"\" data-start=\"1176\" data-end=\"1295\">\n<p class=\"\" data-start=\"1178\" data-end=\"1295\"><strong data-start=\"1178\" data-end=\"1188\">Fenykel<\/strong><br data-start=\"1188\" data-end=\"1191\" \/>P\u0159irozen\u00fd potla\u010dova\u010d chuti k j\u00eddlu a detoxik\u00e1tor. Pom\u00e1h\u00e1 sni\u017eovat zadr\u017eov\u00e1n\u00ed vody a podporuje hubnut\u00ed.<\/p>\n<\/li>\n<li class=\"\" data-start=\"1297\" data-end=\"1400\">\n<p class=\"\" data-start=\"1299\" data-end=\"1400\"><strong data-start=\"1299\" data-end=\"1307\">M\u00e1ta<\/strong><br data-start=\"1307\" data-end=\"1310\" \/>Obnovuje, uklid\u0148uje tr\u00e1ven\u00ed a pom\u00e1h\u00e1 zvl\u00e1dat chute. P\u0159irozen\u011b podporuje zdrav\u00e9 st\u0159evn\u00ed prost\u0159ed\u00ed.<\/p>\n<\/li>\n<li class=\"\" data-start=\"1402\" data-end=\"1516\">\n<p class=\"\" data-start=\"1404\" data-end=\"1516\"><strong data-start=\"1404\" data-end=\"1414\">Z\u00e1zvor<\/strong><br data-start=\"1414\" data-end=\"1417\" \/>Zrychluje spalov\u00e1n\u00ed tuk\u016f, sni\u017euje chu\u0165 k j\u00eddlu a podporuje lep\u0161\u00ed inzul\u00ednovou odpov\u011b\u010f pro metabolismus tuk\u016f.<\/p>\n<\/li>\n<li class=\"\" data-start=\"1518\" data-end=\"1612\">\n<p class=\"\" data-start=\"1520\" data-end=\"1612\"><strong data-start=\"1520\" data-end=\"1532\">Sko\u0159ice<\/strong><br data-start=\"1532\" data-end=\"1535\" \/>Reguluje hladinu cukru v krvi, sni\u017euje chute a udr\u017euje pocit sytosti d\u00e9le.<\/p>\n<\/li>\n<\/ul>\n<h3 class=\"\" data-start=\"1619\" data-end=\"1664\">\u2705 <strong data-start=\"1625\" data-end=\"1664\">Pro\u010d si vybrat n\u00e1\u0161 bylinn\u00fd \u010daj na hubnut\u00ed?<\/strong><\/h3>\n<p class=\"\" data-start=\"1666\" data-end=\"1917\">\u2714 100% p\u0159\u00edrodn\u00ed, bezpe\u010dn\u00fd a bez kofeinu<br data-start=\"1707\" data-end=\"1710\" \/>\u2714 Bez chemik\u00e1li\u00ed, aditiv nebo konzervant\u016f<br data-start=\"1753\" data-end=\"1756\" \/>\u2714 Bezpe\u010dn\u00fd pro diabetiky<br data-start=\"1776\" data-end=\"1779\" \/>\u2714 Bez vedlej\u0161\u00edch \u00fa\u010dink\u016f<br data-start=\"1796\" data-end=\"1799\" \/>\u2714 Podporuje tr\u00e1ven\u00ed a detoxikaci<br data-start=\"1832\" data-end=\"1835\" \/>\u2714 Zvy\u0161uje energii a metabolismus<br data-start=\"1863\" data-end=\"1866\" \/>\u2714 Exkluzivn\u011b u <strong data-start=\"1881\" data-end=\"1899\">Bazaar Express<\/strong><br data-start=\"1899\" data-end=\"1902\" \/>\u2714 Vyrobeno v Egypt\u011b<\/p>\n<h3 class=\"\" data-start=\"1924\" data-end=\"1944\"><strong data-start=\"1930\" data-end=\"1944\">Jak pou\u017e\u00edvat<\/strong><\/h3>\n<p class=\"\" data-start=\"1946\" data-end=\"1952\">Pijte:<\/p>\n<ul data-start=\"1953\" data-end=\"2065\">\n<li class=\"\" data-start=\"1953\" data-end=\"1985\">\n<p class=\"\" data-start=\"1955\" data-end=\"1985\">Jeden \u0161\u00e1lek <strong data-start=\"1963\" data-end=\"1983\">p\u0159ed sn\u00eddan\u00ed<\/strong><\/p>\n<\/li>\n<li class=\"\" data-start=\"1986\" data-end=\"2015\">\n<p class=\"\" data-start=\"1988\" data-end=\"2015\">Jeden \u0161\u00e1lek <strong data-start=\"1996\" data-end=\"2013\">p\u0159ed ve\u010de\u0159\u00ed<\/strong><\/p>\n<\/li>\n<li class=\"\" data-start=\"2016\" data-end=\"2065\">\n<p class=\"\" data-start=\"2018\" data-end=\"2065\">(Voliteln\u011b) Jeden \u0161\u00e1lek <strong data-start=\"2037\" data-end=\"2047\">uprost\u0159ed dne<\/strong> pro extra podporu<\/p>\n<\/li>\n<\/ul>\n<p class=\"\" data-start=\"2067\" data-end=\"2122\">Pou\u017e\u00edvejte pravideln\u011b po dobu <strong data-start=\"2088\" data-end=\"2098\">7 dn\u016f<\/strong>, abyste vid\u011bli viditeln\u00e9 v\u00fdsledky.<\/p>\n<blockquote data-start=\"2124\" data-end=\"2182\">\n<p class=\"\" data-start=\"2126\" data-end=\"2182\"><em data-start=\"2126\" data-end=\"2182\">Pozn\u00e1mka: Nen\u00ed pot\u0159eba bylinky oplachovat. P\u0159ipravujte \u010derstv\u011b poka\u017ed\u00e9.<\/em><\/p>\n<\/blockquote>\n<h3 class=\"\" data-start=\"2189\" data-end=\"2215\"><strong data-start=\"2196\" data-end=\"2215\">Podrobnosti o produktu<\/strong><\/h3>\n<ul data-start=\"2217\" data-end=\"2340\">\n<li class=\"\" data-start=\"2217\" data-end=\"2237\">\n<p class=\"\" data-start=\"2219\" data-end=\"2237\"><strong data-start=\"2219\" data-end=\"2229\">Hmotnost<\/strong>: 250g<\/p>\n<\/li>\n<li class=\"\" data-start=\"2238\" data-end=\"2268\">\n<p class=\"\" data-start=\"2240\" data-end=\"2268\"><strong data-start=\"2240\" data-end=\"2248\">Forma<\/strong>: Su\u0161en\u00e1 bylinn\u00e1 sm\u011bs<\/p>\n<\/li>\n<li class=\"\" data-start=\"2269\" data-end=\"2298\">\n<p class=\"\" data-start=\"2271\" data-end=\"2298\"><strong data-start=\"2271\" data-end=\"2281\">P\u016fvod<\/strong>: Vyrobeno v Egypt\u011b<\/p>\n<\/li>\n<li class=\"\" data-start=\"2299\" data-end=\"2340\">\n<p class=\"\" data-start=\"2301\" data-end=\"2340\"><strong data-start=\"2301\" data-end=\"2324\">Prod\u00e1v\u00e1no exkluzivn\u011b<\/strong>: Bazaar Express<\/p>\n<\/li>\n<\/ul>\n<h3 class=\"\" data-start=\"2514\" data-end=\"2548\"><strong data-start=\"2521\" data-end=\"2548\">Tipy pro lep\u0161\u00ed v\u00fdsledky<\/strong><\/h3>\n<ul data-start=\"2550\" data-end=\"2652\">\n<li class=\"\" data-start=\"2550\" data-end=\"2582\">\n<p class=\"\" data-start=\"2552\" data-end=\"2582\">Omezte sma\u017een\u00e9 a sladk\u00e9 potraviny<\/p>\n<\/li>\n<li class=\"\" data-start=\"2583\" data-end=\"2600\">\n<p class=\"\" data-start=\"2585\" data-end=\"2600\">Z\u016fsta\u0148te hydratovan\u00ed<\/p>\n<\/li>\n<li class=\"\" data-start=\"2601\" data-end=\"2652\">\n<p class=\"\" data-start=\"2603\" data-end=\"2652\">Kombinujte s lehkou aktivitou pro zes\u00edlen\u00e9 p\u0159\u00ednosy<\/p>\n<\/li>\n<\/ul>\n<h3 class=\"\" data-start=\"2659\" data-end=\"2680\"> Bezpe\u010dn\u00e9 a d\u016fv\u011bryhodn\u00e9<\/h3>\n<p class=\"\" data-start=\"2682\" data-end=\"2795\">Tato sm\u011bs \u010daje je <strong data-start=\"2700\" data-end=\"2725\">bezpe\u010dn\u00e1 pro ka\u017edodenn\u00ed pou\u017eit\u00ed<\/strong>, <strong data-start=\"2727\" data-end=\"2744\">nevyvol\u00e1v\u00e1 z\u00e1vislost<\/strong> a <strong data-start=\"2750\" data-end=\"2771\">vhodn\u00e1 pro diabetiky<\/strong>. \u017d\u00e1dn\u00e9 zn\u00e1m\u00e9 vedlej\u0161\u00ed \u00fa\u010dinky.<\/p>\n<p class=\"\" data-start=\"2802\" data-end=\"2909\">Za\u010dn\u011bte svou cestu s <strong data-start=\"2826\" data-end=\"2844\">Bylinky na hubnut\u00ed<\/strong> od <strong data-start=\"2850\" data-end=\"2868\">Bazaar Express<\/strong> \u2013 p\u0159\u00edrodn\u00ed, \u00fa\u010dinn\u00e9 a 100% egyptsk\u00e9.<\/p>\n<p class=\"\" data-start=\"2911\" data-end=\"2953\">\ud83d\udc49 Objednejte nyn\u00ed a u\u017eijte si prom\u011bnu!<\/p>\n<p style=\"text-align: center;\">D\u011bkujeme za n\u00e1kup u <em data-start=\"415\" data-end=\"431\"><a href=\"https:\/\/bazaar.express\/\">Bazaar Express<\/a><\/em> \u2013 jsme nad\u0161en\u00ed, \u017ee jste u n\u00e1s!<\/p>\n<p style=\"text-align: center;\">Ochutnejte tradici s na\u0161\u00ed ru\u010dn\u011b vybranou selekc\u00ed <a href=\"https:\/\/bazaar.express\/product-category\/egyptian-flavors\/\">Egyptsk\u00fdch chut\u00ed<\/a> a ko\u0159en\u00ed.<\/p>\n","protected":false},"excerpt":{"rendered":"<h3 data-start=\"861\" data-end=\"1149\">Bylinky na hubnut\u00ed jsou 100% p\u0159\u00edrodn\u00ed egyptsk\u00e1 sm\u011bs \u010daje nab\u00edzen\u00e1 exkluzivn\u011b Bazaar Express. Formulov\u00e1na s km\u00ednem, fenyklem, m\u00e1tou, sko\u0159ic\u00ed a z\u00e1zvorem, podporuje zdrav\u00e9 tr\u00e1ven\u00ed, zvy\u0161uje metabolismus a podporuje spalov\u00e1n\u00ed tuk\u016f. Bezpe\u010dn\u00e1 pro denn\u00ed pou\u017eit\u00ed a vhodn\u00e1 pro diabetiky.<\/h3>\n<h3 data-start=\"1151\" data-end=\"1421\"><\/h3>\n","protected":false},"featured_media":35727,"comment_status":"open","ping_status":"closed","template":"","meta":[],"product_brand":[],"product_cat":[878,788,789],"product_tag":[781,884],"class_list":{"0":"post-35723","1":"product","2":"type-product","3":"status-publish","4":"has-post-thumbnail","6":"product_cat-egyptske-prichute","7":"product_cat-to-nejlepsi-z-egypta","8":"product_cat-horke-nabidky","9":"product_tag-olej","10":"product_tag-zdrave","11":"pa_l-xl-250gm","13":"first","14":"instock","15":"sale","16":"shipping-taxable","17":"purchasable","18":"product-type-simple"},"_links":{"self":[{"href":"https:\/\/bazaar.express\/cs\/wp-json\/wp\/v2\/product\/35723","targetHints":{"allow":["GET"]}}],"collection":[{"href":"https:\/\/bazaar.express\/cs\/wp-json\/wp\/v2\/product"}],"about":[{"href":"https:\/\/bazaar.express\/cs\/wp-json\/wp\/v2\/types\/product"}],"replies":[{"embeddable":true,"href":"https:\/\/bazaar.express\/cs\/wp-json\/wp\/v2\/comments?post=35723"}],"wp:featuredmedia":[{"embeddable":true,"href":"https:\/\/bazaar.express\/cs\/wp-json\/wp\/v2\/media\/35727"}],"wp:attachment":[{"href":"https:\/\/bazaar.express\/cs\/wp-json\/wp\/v2\/media?parent=35723"}],"wp:term":[{"taxonomy":"product_brand","embeddable":true,"href":"https:\/\/bazaar.express\/cs\/wp-json\/wp\/v2\/product_brand?post=35723"},{"taxonomy":"product_cat","embeddable":true,"href":"https:\/\/bazaar.express\/cs\/wp-json\/wp\/v2\/product_cat?post=35723"},{"taxonomy":"product_tag","embeddable":true,"href":"https:\/\/bazaar.express\/cs\/wp-json\/wp\/v2\/product_tag?post=35723"}],"curies":[{"name":"wp","href":"https:\/\/api.w.org\/{rel}","templated":true}]}}