{"id":35733,"date":"2025-07-15T23:26:17","date_gmt":"2025-07-15T23:26:17","guid":{"rendered":"https:\/\/bazaar.express\/product\/kolagenovy-krem-2\/"},"modified":"2025-07-15T23:26:17","modified_gmt":"2025-07-15T23:26:17","slug":"kolagenovy-krem-2","status":"publish","type":"product","link":"https:\/\/bazaar.express\/cs\/produkt\/kolagenovy-krem-2\/","title":{"rendered":"Kolagenov\u00fd kr\u00e9m"},"content":{"rendered":"<h2 data-start=\"319\" data-end=\"400\">Kolagenov\u00fd kr\u00e9m Orgakera \u2013 Pokro\u010dil\u00e1 p\u00e9\u010de o ple\u0165 pro mladistv\u00fd, z\u00e1\u0159iv\u00fd vzhled<\/h2>\n<h3 data-start=\"402\" data-end=\"457\">Va\u0161e ka\u017edodenn\u00ed ritu\u00e1l protist\u00e1rnouc\u00ed p\u00e9\u010de o ple\u0165 za\u010d\u00edn\u00e1 zde<\/h3>\n<p data-start=\"459\" data-end=\"837\">Objevte luxusn\u00ed z\u00e1\u017eitek s <strong data-start=\"496\" data-end=\"523\">kolagenov\u00fdm kr\u00e9mem Orgakera<\/strong>, bohatou a hluboce vy\u017eivuj\u00edc\u00ed protist\u00e1rnouc\u00ed l\u00e9\u010dbou navr\u017eenou k transformaci va\u0161\u00ed pleti. Napu\u0161t\u011bnou silnou sm\u011bs\u00ed <strong data-start=\"639\" data-end=\"651\">kolagenu<\/strong>, <strong data-start=\"653\" data-end=\"668\">niacinamidu<\/strong> a <strong data-start=\"674\" data-end=\"696\">p\u0159\u00edrodn\u00edch botanik\u00e1li\u00ed<\/strong> tento intenzivn\u00ed kr\u00e9m poskytuje dlouhotrvaj\u00edc\u00ed hydrataci, zlep\u0161uje elasticitu a pom\u00e1h\u00e1 dos\u00e1hnout viditeln\u011b hlad\u0161\u00ed, jasn\u011bj\u0161\u00ed ple\u0165.<\/p>\n<p data-start=\"839\" data-end=\"989\">Vytvo\u0159en\u00fd pro v\u0161echny typy pleti \u2013 zejm\u00e9na pro ty, kte\u0159\u00ed se zab\u00fdvaj\u00ed zn\u00e1mkami st\u00e1rnut\u00ed \u2013 tento esenci\u00e1ln\u00ed produkt p\u00e9\u010de o ple\u0165 p\u0159in\u00e1\u0161\u00ed salonn\u00ed kvalitu z\u00e1\u0159e do va\u0161\u00ed ka\u017edodenn\u00ed rutiny.<\/p>\n<h3 data-start=\"996\" data-end=\"1045\">Pro\u010d si tento kolagenov\u00fd kr\u00e9m zamilujete<\/h3>\n<h4 data-start=\"1047\" data-end=\"1089\">\u00a0Hlad\u00ed vr\u00e1sky a zpev\u0148uje ple\u0165<\/h4>\n<p data-start=\"1090\" data-end=\"1277\">Hydrolyzovan\u00fd kolagen pronik\u00e1 hluboko, aby zlep\u0161il texturu a elasticitu pleti. Jemn\u00e9 linky a vr\u00e1sky se s pravideln\u00fdm pou\u017e\u00edv\u00e1n\u00edm st\u00e1vaj\u00ed m\u00e9n\u011b n\u00e1padn\u00fdmi a odhaluj\u00ed pevn\u011bj\u0161\u00ed, pln\u011bj\u0161\u00ed vzhled.<\/p>\n<h4 data-start=\"1279\" data-end=\"1321\">\u00a0Rozjas\u0148uje a obnovuje rovnom\u011brnou ple\u0165<\/h4>\n<p data-start=\"1322\" data-end=\"1482\">Niacinamid pom\u00e1h\u00e1 vyblednout tmav\u00e9 skvrny a zbarven\u00ed, zat\u00edmco zu\u017euje p\u00f3ry a dod\u00e1v\u00e1 sv\u00edtiv\u00fd, rovnom\u011brn\u011b t\u00f3novan\u00fd fini\u0161. \u0158ekn\u011bte sbohem nudnosti a nerovnom\u011brn\u00e9 pleti!<\/p>\n<h4 data-start=\"1484\" data-end=\"1530\">\u00a0Intenzivn\u00ed hydratace bez mastnoty<\/h4>\n<p data-start=\"1531\" data-end=\"1728\">Formulovan\u00fd s <strong data-start=\"1547\" data-end=\"1561\">jojobov\u00fdm olejem<\/strong>, <strong data-start=\"1563\" data-end=\"1576\">arganov\u00fdm olejem<\/strong>, <strong data-start=\"1578\" data-end=\"1593\">m\u00e1slem shea<\/strong> a <strong data-start=\"1599\" data-end=\"1612\">aloe vera<\/strong> tento kr\u00e9m obnovuje vlhkostn\u00ed bari\u00e9ru pleti bez ucp\u00e1v\u00e1n\u00ed p\u00f3r\u016f \u2013 ide\u00e1ln\u00ed pro suchou, sm\u00ed\u0161enou nebo mastnou ple\u0165.<\/p>\n<h4 data-start=\"1730\" data-end=\"1777\">\u00a0Antioxidantn\u00ed obrana pro zdravou ple\u0165<\/h4>\n<p data-start=\"1778\" data-end=\"1967\"><strong data-start=\"1778\" data-end=\"1791\">Vitamin E<\/strong>, <strong data-start=\"1793\" data-end=\"1806\">Vitamin A<\/strong> a <strong data-start=\"1812\" data-end=\"1824\">kofein<\/strong> p\u016fsob\u00ed jako ochrann\u00e9 l\u00e1tky, kter\u00e9 chr\u00e1n\u00ed va\u0161i ple\u0165 p\u0159ed zne\u010di\u0161t\u011bn\u00edm, stresem a \u010dasn\u00fdmi zn\u00e1mkami st\u00e1rnut\u00ed, zat\u00edmco podporuj\u00ed obnovu bun\u011bk a opravu pleti.<\/p>\n<h4 data-start=\"1969\" data-end=\"2010\">\u00a0Bez lesku rovnov\u00e1ha pro mastnou ple\u0165<\/h4>\n<p data-start=\"2011\" data-end=\"2167\">Lehk\u00fd, ale hluboce vy\u017eivuj\u00edc\u00ed, tento kr\u00e9m absorbuje p\u0159ebyte\u010dn\u00fd olej, zat\u00edmco udr\u017euje optim\u00e1ln\u00ed vlhkost, d\u00edky \u010demu\u017e m\u00e1 va\u0161e ple\u0165 hladk\u00fd, matn\u00fd fini\u0161 cel\u00fd den.<\/p>\n<h3 data-start=\"2174\" data-end=\"2196\">Hlavn\u00ed slo\u017eky<\/h3>\n<ul data-start=\"2198\" data-end=\"2686\">\n<li data-start=\"2198\" data-end=\"2266\">\n<p data-start=\"2200\" data-end=\"2266\"><strong data-start=\"2200\" data-end=\"2223\">Hydrolyzovan\u00fd kolagen<\/strong> \u2013 Podporuje elasticitu, zlep\u0161uje pevnost<\/p>\n<\/li>\n<li data-start=\"2267\" data-end=\"2333\">\n<p data-start=\"2269\" data-end=\"2333\"><strong data-start=\"2269\" data-end=\"2297\">Niacinamid (Vitamin B3)<\/strong> \u2013 Rozjas\u0148uje ple\u0165, zdokonaluje texturu<\/p>\n<\/li>\n<li data-start=\"2334\" data-end=\"2398\">\n<p data-start=\"2336\" data-end=\"2398\"><strong data-start=\"2336\" data-end=\"2359\">Jojobov\u00fd a arganov\u00fd olej<\/strong> \u2013 Hluboce hydratuje a obnovuje rovnov\u00e1hu<\/p>\n<\/li>\n<li data-start=\"2399\" data-end=\"2460\">\n<p data-start=\"2401\" data-end=\"2460\"><strong data-start=\"2401\" data-end=\"2428\">M\u00e1slo shea a aloe vera<\/strong> \u2013 Uklid\u0148uje, zjem\u0148uje a vy\u017eivuje<\/p>\n<\/li>\n<li data-start=\"2461\" data-end=\"2528\">\n<p data-start=\"2463\" data-end=\"2528\"><strong data-start=\"2463\" data-end=\"2481\">Vitam\u00edny A a E<\/strong> \u2013 Siln\u00e9 antioxidanty k ochran\u011b a obnov\u011b<\/p>\n<\/li>\n<li data-start=\"2529\" data-end=\"2601\">\n<p data-start=\"2531\" data-end=\"2601\"><strong data-start=\"2531\" data-end=\"2553\">Kofein a v\u010del\u00ed vosk<\/strong> \u2013 Tonizuje a chr\u00e1n\u00ed, zat\u00edmco uzav\u00edr\u00e1 hydrataci<\/p>\n<\/li>\n<li data-start=\"2602\" data-end=\"2686\">\n<p data-start=\"2604\" data-end=\"2686\"><strong data-start=\"2604\" data-end=\"2656\">Glycerin, Propylenglykol, Polyvinylpyrrolidon<\/strong> \u2013 Udr\u017euje trvalou vlhkost<\/p>\n<\/li>\n<\/ul>\n<h3 data-start=\"2693\" data-end=\"2711\">Jak aplikovat<\/h3>\n<ol data-start=\"2713\" data-end=\"3007\">\n<li data-start=\"2713\" data-end=\"2747\">\n<p data-start=\"2716\" data-end=\"2747\">Za\u010dn\u011bte s \u010distou, suchou tv\u00e1\u0159\u00ed.<\/p>\n<\/li>\n<li data-start=\"2748\" data-end=\"2810\">\n<p data-start=\"2751\" data-end=\"2810\">Aplikujte st\u0159edn\u00ed mno\u017estv\u00ed rovnom\u011brn\u011b na tv\u00e1\u0159 a krk.<\/p>\n<\/li>\n<li data-start=\"2811\" data-end=\"2876\">\n<p data-start=\"2814\" data-end=\"2876\">Nechte p\u016fsobit <strong data-start=\"2830\" data-end=\"2847\">15\u201320 minut<\/strong>, aby umo\u017enilo hlubokou penetraci.<\/p>\n<\/li>\n<li data-start=\"2877\" data-end=\"2943\">\n<p data-start=\"2880\" data-end=\"2943\">Jemn\u011b odstra\u0148te nebo vmas\u00edrujte zb\u00fdvaj\u00edc\u00ed produkt do pleti.<\/p>\n<\/li>\n<li data-start=\"2944\" data-end=\"3007\">\n<p data-start=\"2947\" data-end=\"3007\">Pro nejlep\u0161\u00ed v\u00fdsledky pou\u017e\u00edvejte <strong data-start=\"2969\" data-end=\"2984\">dvakr\u00e1t denn\u011b<\/strong> \u2013 r\u00e1no a ve\u010der.<\/p>\n<\/li>\n<\/ol>\n<h3 data-start=\"3014\" data-end=\"3040\">D\u016fle\u017eit\u00e9 tipy pro pou\u017eit\u00ed<\/h3>\n<ul data-start=\"3042\" data-end=\"3305\">\n<li data-start=\"3042\" data-end=\"3071\">\n<p data-start=\"3044\" data-end=\"3071\">Pouze <strong data-start=\"3048\" data-end=\"3069\">pro vn\u011bj\u0161\u00ed pou\u017eit\u00ed<\/strong><\/p>\n<\/li>\n<li data-start=\"3072\" data-end=\"3099\">\n<p data-start=\"3074\" data-end=\"3099\">Vyhn\u011bte se kontaktu s o\u010dima<\/p>\n<\/li>\n<li data-start=\"3100\" data-end=\"3140\">\n<p data-start=\"3102\" data-end=\"3140\">P\u0159esta\u0148te pou\u017e\u00edvat, pokud dojde k podr\u00e1\u017ed\u011bn\u00ed<\/p>\n<\/li>\n<li data-start=\"3141\" data-end=\"3201\">\n<p data-start=\"3143\" data-end=\"3201\">Skladujte na <strong data-start=\"3154\" data-end=\"3173\">chladn\u00e9m, such\u00e9m m\u00edst\u011b<\/strong> mimo p\u0159\u00edm\u00e9 slune\u010dn\u00ed svitlo<\/p>\n<\/li>\n<li data-start=\"3202\" data-end=\"3235\">\n<p data-start=\"3204\" data-end=\"3235\">Mimo dosah d\u011bt\u00ed<\/p>\n<\/li>\n<li data-start=\"3236\" data-end=\"3305\">\n<p data-start=\"3238\" data-end=\"3305\">P\u0159ed pou\u017eit\u00edm prove\u010fte test na citliv\u00e9 nebo alergicky n\u00e1chyln\u00e9 k\u016f\u017ei<\/p>\n<\/li>\n<\/ul>\n<p data-start=\"3657\" data-end=\"3887\">Nechte <strong data-start=\"3661\" data-end=\"3688\">kolagenov\u00fd kr\u00e9m Orgakera<\/strong> b\u00fdt va\u0161\u00edm kl\u00ed\u010dov\u00fdm krokem k dosa\u017een\u00ed mladistv\u00e9, hydratovan\u00e9 a z\u00e1\u0159iv\u00e9 pleti. Tato pokro\u010dil\u00e1 formula je v\u00edce ne\u017e l\u00e9\u010dba \u2013 je to kompletn\u00ed ritu\u00e1l p\u00e9\u010de o ple\u0165, kter\u00fd se snadno vejde do va\u0161\u00ed ka\u017edodenn\u00ed rutiny.<\/p>\n<p data-start=\"3889\" data-end=\"3964\">\u0158ekn\u011bte sbohem unaven\u00e9, nudn\u00e9 pleti a ahoj sv\u011b\u017e\u0161\u00edmu, sebev\u011bdom\u011bj\u0161\u00edmu v\u00e1m.<\/p>\n<p style=\"text-align: center;\">D\u011bkujeme za n\u00e1kup v <em data-start=\"415\" data-end=\"431\"><a href=\"https:\/\/bazaar.express\/\">Bazaar Express<\/a><\/em> \u2013 jsme nad\u0161en\u00ed, \u017ee jste tu!<\/p>\n<p style=\"text-align: center;\">Va\u0161e cesta k lep\u0161\u00ed p\u00e9\u010di o sebe za\u010d\u00edn\u00e1 zde \u2013 s <a href=\"https:\/\/bazaar.express\/product-category\/beauty-care\/\">Beauty &#038; Care<\/a>, kter\u00e9 si m\u016f\u017eete v\u011b\u0159it.<\/p>\n","protected":false},"excerpt":{"rendered":"<h3 data-start=\"4282\" data-end=\"4465\">Kolagenov\u00fd kr\u00e9m Orgakera je luxusn\u00ed protist\u00e1rnouc\u00ed l\u00e9\u010dba kombinuj\u00edc\u00ed kolagen, niacinamid a vy\u017eivuj\u00edc\u00ed oleje k hydrataci, zpevn\u011bn\u00ed a rozjasn\u011bn\u00ed pleti pro viditeln\u011b mladistv\u00fd lesk.<\/h3>\n","protected":false},"featured_media":35734,"comment_status":"open","ping_status":"closed","template":"","meta":[],"product_brand":[],"product_cat":[786,788],"product_tag":[790,783,793],"class_list":{"0":"post-35733","1":"product","2":"type-product","3":"status-publish","4":"has-post-thumbnail","6":"product_cat-pece-o-krasu","7":"product_cat-to-nejlepsi-z-egypta","8":"product_tag-pece-o-krasu","9":"product_tag-pece-o-plet","10":"product_tag-prirodni-olej","12":"first","13":"instock","14":"sale","15":"shipping-taxable","16":"purchasable","17":"product-type-simple"},"_links":{"self":[{"href":"https:\/\/bazaar.express\/cs\/wp-json\/wp\/v2\/product\/35733","targetHints":{"allow":["GET"]}}],"collection":[{"href":"https:\/\/bazaar.express\/cs\/wp-json\/wp\/v2\/product"}],"about":[{"href":"https:\/\/bazaar.express\/cs\/wp-json\/wp\/v2\/types\/product"}],"replies":[{"embeddable":true,"href":"https:\/\/bazaar.express\/cs\/wp-json\/wp\/v2\/comments?post=35733"}],"wp:featuredmedia":[{"embeddable":true,"href":"https:\/\/bazaar.express\/cs\/wp-json\/wp\/v2\/media\/35734"}],"wp:attachment":[{"href":"https:\/\/bazaar.express\/cs\/wp-json\/wp\/v2\/media?parent=35733"}],"wp:term":[{"taxonomy":"product_brand","embeddable":true,"href":"https:\/\/bazaar.express\/cs\/wp-json\/wp\/v2\/product_brand?post=35733"},{"taxonomy":"product_cat","embeddable":true,"href":"https:\/\/bazaar.express\/cs\/wp-json\/wp\/v2\/product_cat?post=35733"},{"taxonomy":"product_tag","embeddable":true,"href":"https:\/\/bazaar.express\/cs\/wp-json\/wp\/v2\/product_tag?post=35733"}],"curies":[{"name":"wp","href":"https:\/\/api.w.org\/{rel}","templated":true}]}}