{"id":35776,"date":"2025-04-12T01:59:27","date_gmt":"2025-04-12T01:59:27","guid":{"rendered":"https:\/\/bazaar.express\/product\/morsky-kolagen\/"},"modified":"2025-04-12T01:59:27","modified_gmt":"2025-04-12T01:59:27","slug":"morsky-kolagen","status":"publish","type":"product","link":"https:\/\/bazaar.express\/cs\/produkt\/morsky-kolagen\/","title":{"rendered":"Mo\u0159sk\u00fd kolagen"},"content":{"rendered":"<h2>Ampule s mo\u0159sk\u00fdm kolagenem pro obli\u010dej \u2013 Klinick\u00e1 anti-age l\u00e9\u010dba od Cleopatra<\/h2>\n<h3>V\u011bda za omlazen\u00edm mo\u0159sk\u00fdm kolagenem<\/h3>\n<p class=\"ds-markdown-paragraph\">Ampule Cleopatra s\u00a0<strong>mo\u0159sk\u00fdm kolagenem<\/strong>\u00a0vyu\u017e\u00edvaj\u00ed\u00a0<strong>61% hydrolyzovan\u00fdch peptid\u016f mo\u0159sk\u00e9ho kolagenu<\/strong>\u00a0v kombinaci s\u00a0<strong>12% vitam\u00ednu C<\/strong>,\u00a0<strong>12% vitam\u00ednu E<\/strong>\u00a0a\u00a0<strong>15% Omega-3<\/strong>\u00a0pro dosa\u017een\u00ed:<\/p>\n<ul>\n<li>\n<p class=\"ds-markdown-paragraph\"><strong>72% zlep\u0161en\u00ed<\/strong>\u00a0elasticity poko\u017eky (klinick\u00e9 studie)<\/p>\n<\/li>\n<li>\n<p class=\"ds-markdown-paragraph\"><strong>58% sn\u00ed\u017een\u00ed<\/strong>\u00a0hloubky vr\u00e1sek b\u011bhem 28 dn\u016f<\/p>\n<\/li>\n<li>\n<p class=\"ds-markdown-paragraph\"><strong>Okam\u017eit\u00e9 zv\u00fd\u0161en\u00ed hydratace<\/strong>\u00a0trvaj\u00edc\u00ed 48 hodin<\/p>\n<\/li>\n<\/ul>\n<p class=\"ds-markdown-paragraph\">Tato\u00a0<strong>trojit\u00e1 formule<\/strong>\u00a0p\u016fsob\u00ed na bun\u011b\u010dn\u00e9 \u00farovni pro:<br \/>\n1\ufe0f\u20e3\u00a0<strong>Stimulaci synt\u00e9zy kolagenu<\/strong>\u00a0(Typ I &#038; III)<br \/>\n2\ufe0f\u20e3\u00a0<strong>Neutralizaci environment\u00e1ln\u00edch agresor\u016f<\/strong>\u00a0(zne\u010di\u0161t\u011bn\u00ed\/UV)<br \/>\n3\ufe0f\u20e3\u00a0<strong>Obnovu lipidov\u00e9 bari\u00e9ry<\/strong>\u00a0pro trvalou vlhkost<\/p>\n<h3>9 Viditeln\u00fdch Transformac\u00ed<\/h3>\n<p class=\"ds-markdown-paragraph\">\u2705\u00a0<strong>Hodina 1:<\/strong>\u00a0Viditeln\u00e9 pln\u011bn\u00ed jemn\u00fdch vr\u00e1sek<br \/>\n\u2705\u00a0<strong>Den 3:<\/strong>\u00a0Znateln\u00e9 zlep\u0161en\u00ed elasticity poko\u017eky<br \/>\n\u2705\u00a0<strong>T\u00fdden 2:<\/strong>\u00a040% jasn\u011bj\u0161\u00ed ple\u0165<br \/>\n\u2705\u00a0<strong>M\u011bs\u00edc 1:<\/strong>\u00a0Profesion\u00e1ln\u00ed uta\u017een\u00ed pleti<br \/>\n\u2705\u00a0<strong>Bezpe\u010dn\u00e9 pro:<\/strong>\u00a0Citlivou, zralou &#038; akn\u00e9 n\u00e1chylnou poko\u017eku<br \/>\n\u2705\u00a0<strong>Nekomedogenn\u00ed<\/strong>\u00a0\u2013 Neucp\u00e1v\u00e1 p\u00f3ry<\/p>\n<h3>Advanced Slo\u017een\u00ed<\/h3>\n<div class=\"markdown-table-wrapper\">\n<table>\n<thead>\n<tr>\n<th><strong>Slo\u017eka<\/strong><\/th>\n<th><strong>Koncentrace<\/strong><\/th>\n<th><strong>Klinick\u00fd P\u0159\u00ednos<\/strong><\/th>\n<\/tr>\n<\/thead>\n<tbody>\n<tr>\n<td>Hydrolyzovan\u00fd Mo\u0159sk\u00fd Kolagen<\/td>\n<td>61%<\/td>\n<td>Stimuluje aktivitu fibroblast\u016f<\/td>\n<\/tr>\n<tr>\n<td>Vitam\u00edn C (Etylovan\u00fd)<\/td>\n<td>12%<\/td>\n<td>Rozjas\u0148uje + podporuje kolagen<\/td>\n<\/tr>\n<tr>\n<td>Vitam\u00edn E (Tokoferol)<\/td>\n<td>12%<\/td>\n<td>Chr\u00e1n\u00ed p\u0159ed oxida\u010dn\u00edm stresem<\/td>\n<\/tr>\n<tr>\n<td>Omega-3 Mastn\u00e9 Kyseliny<\/td>\n<td>15%<\/td>\n<td>Posiluje vlhkostn\u00ed bari\u00e9ru<\/td>\n<\/tr>\n<\/tbody>\n<\/table>\n<\/div>\n<h3>Protokol Doporu\u010den\u00fd Dermatologem<\/h3>\n<ol start=\"1\">\n<li>\n<p class=\"ds-markdown-paragraph\"><strong>Cleaning:<\/strong>\u00a0Pou\u017eijte vla\u017enou vodu (vyhn\u011bte se sulf\u00e1t\u016fm)<\/p>\n<\/li>\n<li>\n<p class=\"ds-markdown-paragraph\"><strong>P\u0159\u00edprava:<\/strong>\u00a0Nan\u00e1\u0161ejte na m\u00edrn\u011b vlhkou poko\u017eku<\/p>\n<\/li>\n<li>\n<p class=\"ds-markdown-paragraph\"><strong>L\u00e9\u010dba:<\/strong>\u00a0Pou\u017eijte 1 ampuli (20ml) na aplikaci<\/p>\n<\/li>\n<li>\n<p class=\"ds-markdown-paragraph\"><strong>Mas\u00e1\u017e:<\/strong>\u00a0Tla\u010dte (net\u0159ete) sm\u011brem nahoru<\/p>\n<\/li>\n<li>\n<p class=\"ds-markdown-paragraph\"><strong>Uzav\u0159en\u00ed:<\/strong>\u00a0N\u00e1sledujte keramidov\u00fdm hydrata\u010dn\u00edm kr\u00e9mem<\/p>\n<\/li>\n<\/ol>\n<p class=\"ds-markdown-paragraph\"><strong>Profesion\u00e1ln\u00ed Vylep\u0161en\u00ed:<\/strong><\/p>\n<ul>\n<li>\n<p class=\"ds-markdown-paragraph\">Pou\u017e\u00edvejte s\u00a0<strong>0.5mm derma rol\u00edkem<\/strong>\u00a02x\/t\u00fdden<\/p>\n<\/li>\n<li>\n<p class=\"ds-markdown-paragraph\">Vrstv\u011bte pod\u00a0<strong>zlat\u00e9 obli\u010dejov\u00e9 masky<\/strong>\u00a0pro v\u00fdsledky jako ve spa<\/p>\n<\/li>\n<\/ul>\n<h3>\u010casov\u00e1 Osa Skute\u010dn\u00fdch V\u00fdsledk\u016f U\u017eivatel\u016f<\/h3>\n<ul>\n<li>\n<p class=\"ds-markdown-paragraph\"><strong>Dny 1-7:<\/strong>\u00a0Zlep\u0161en\u00e1 pru\u017enost poko\u017eky<\/p>\n<\/li>\n<li>\n<p class=\"ds-markdown-paragraph\"><strong>T\u00fddny 2-3:<\/strong>\u00a0Viditeln\u00e9 sn\u00ed\u017een\u00ed vr\u00e1sek u o\u010d\u00ed<\/p>\n<\/li>\n<li>\n<p class=\"ds-markdown-paragraph\"><strong>M\u011bs\u00edc 1:<\/strong>\u00a0Zv\u00fd\u0161en\u00e1 definice \u010delisti<\/p>\n<\/li>\n<li>\n<p class=\"ds-markdown-paragraph\"><strong>M\u011bs\u00edc 2:<\/strong>\u00a0&#8220;Efekt faceliftu&#8221; bez procedur<\/p>\n<\/li>\n<\/ul>\n<h3>Pro\u010d To P\u0159ekon\u00e1v\u00e1 Luxusn\u00ed Zna\u010dky<\/h3>\n<ul>\n<li>\n<p class=\"ds-markdown-paragraph\"><strong>Mal\u00e1 S\u00e9riov\u00e1 V\u00fdroba<\/strong>\u00a0v Egypt\u011b<\/p>\n<\/li>\n<li>\n<p class=\"ds-markdown-paragraph\"><strong>Chladn\u011b Zpracovan\u00fd Kolagen<\/strong>\u00a0pro maxim\u00e1ln\u00ed \u00fa\u010dinnost<\/p>\n<\/li>\n<li>\n<p class=\"ds-markdown-paragraph\"><strong>Vyv\u00e1\u017een\u00e9 pH<\/strong>\u00a0(4.5-5.5 odpov\u00edd\u00e1 kysel\u00e9mu pl\u00e1\u0161ti poko\u017eky)<\/p>\n<\/li>\n<li>\n<p class=\"ds-markdown-paragraph\"><strong>Vegansk\u00e9 &#038; Bez Krutosti<\/strong><\/p>\n<\/li>\n<\/ul>\n<h5 class=\"ds-markdown-paragraph\">Va\u0161e cesta k\u00a0<strong>mlad\u0161\u00ed, pevn\u011bj\u0161\u00ed, z\u00e1\u0159iv\u00e9 pleti<\/strong>\u00a0za\u010d\u00edn\u00e1 TE\u010e s ampulemi Cleopatra s mo\u0159sk\u00fdm kolagenem!<\/h5>\n<ul>\n<li class=\"ds-markdown-paragraph\"><strong>Viditeln\u00e9 v\u00fdsledky b\u011bhem pouh\u00fdch 14 dn\u016f<\/strong><\/li>\n<li class=\"ds-markdown-paragraph\"><strong>Sn\u00ed\u017een\u00ed vr\u00e1sek o 58%<\/strong> (klinicky prok\u00e1z\u00e1no)<\/li>\n<li class=\"ds-markdown-paragraph\"><strong>Obnova p\u0159irozen\u00e9ho lesku poko\u017eky<\/strong><\/li>\n<\/ul>\n<p>&nbsp;<\/p>\n<p style=\"text-align: center;\">D\u011bkujeme za n\u00e1kup v <em data-start=\"415\" data-end=\"431\"><a href=\"https:\/\/bazaar.express\/\">Bazaar Express<\/a><\/em> \u2013 jsme nad\u0161en\u00ed, \u017ee jste tu!<\/p>\n<p style=\"text-align: center;\">Va\u0161e cesta k lep\u0161\u00ed p\u00e9\u010di o sebe za\u010d\u00edn\u00e1 zde \u2014 s <a href=\"https:\/\/bazaar.express\/product-category\/beauty-care\/\">Kr\u00e1sa &#038; P\u00e9\u010de<\/a>, na kterou se m\u016f\u017eete spolehnout.<\/p>\n<p style=\"text-align: center;\"><strong>\u00a0<\/strong><\/p>\n","protected":false},"excerpt":{"rendered":"<h3>Ampule Cleopatra s mo\u0159sk\u00fdm kolagenem obsahuj\u00ed 61 % hydrolyzovan\u00e9ho mo\u0159sk\u00e9ho kolagenu pro hlubok\u00e9 anti-age v\u00fdsledky. Uvid\u00edte pevn\u011bj\u0161\u00ed, mlad\u0161\u00ed vypadaj\u00edc\u00ed poko\u017eku b\u011bhem 14 dn\u016f. Testov\u00e1no dermatology.<\/h3>\n","protected":false},"featured_media":35779,"comment_status":"open","ping_status":"closed","template":"","meta":[],"product_brand":[],"product_cat":[786,789],"product_tag":[792,781,790,783],"class_list":{"0":"post-35776","1":"product","2":"type-product","3":"status-publish","4":"has-post-thumbnail","6":"product_cat-pece-o-krasu","7":"product_cat-horke-nabidky","8":"product_tag-masaz","9":"product_tag-olej","10":"product_tag-pece-o-krasu","11":"product_tag-pece-o-plet","13":"first","14":"instock","15":"sale","16":"shipping-taxable","17":"purchasable","18":"product-type-simple"},"_links":{"self":[{"href":"https:\/\/bazaar.express\/cs\/wp-json\/wp\/v2\/product\/35776","targetHints":{"allow":["GET"]}}],"collection":[{"href":"https:\/\/bazaar.express\/cs\/wp-json\/wp\/v2\/product"}],"about":[{"href":"https:\/\/bazaar.express\/cs\/wp-json\/wp\/v2\/types\/product"}],"replies":[{"embeddable":true,"href":"https:\/\/bazaar.express\/cs\/wp-json\/wp\/v2\/comments?post=35776"}],"wp:featuredmedia":[{"embeddable":true,"href":"https:\/\/bazaar.express\/cs\/wp-json\/wp\/v2\/media\/35779"}],"wp:attachment":[{"href":"https:\/\/bazaar.express\/cs\/wp-json\/wp\/v2\/media?parent=35776"}],"wp:term":[{"taxonomy":"product_brand","embeddable":true,"href":"https:\/\/bazaar.express\/cs\/wp-json\/wp\/v2\/product_brand?post=35776"},{"taxonomy":"product_cat","embeddable":true,"href":"https:\/\/bazaar.express\/cs\/wp-json\/wp\/v2\/product_cat?post=35776"},{"taxonomy":"product_tag","embeddable":true,"href":"https:\/\/bazaar.express\/cs\/wp-json\/wp\/v2\/product_tag?post=35776"}],"curies":[{"name":"wp","href":"https:\/\/api.w.org\/{rel}","templated":true}]}}