{"id":35808,"date":"2025-02-25T16:22:14","date_gmt":"2025-02-25T16:22:14","guid":{"rendered":"https:\/\/bazaar.express\/product\/vlasovy-olej\/"},"modified":"2026-05-03T00:45:02","modified_gmt":"2026-05-03T00:45:02","slug":"vlasovy-olej","status":"publish","type":"product","link":"https:\/\/bazaar.express\/cs\/produkt\/vlasovy-olej\/","title":{"rendered":"Vlasov\u00fd olej"},"content":{"rendered":"<h2 data-start=\"315\" data-end=\"385\">Vlasov\u00fd olej \u2013 Dokonal\u00e1 v\u00fd\u017eiva pro siln\u00e9, leskl\u00e9 a zdrav\u00e9 vlasy<\/h2>\n<p data-start=\"387\" data-end=\"759\">Hled\u00e1te siln\u00e9, p\u0159irozen\u00e9 \u0159e\u0161en\u00ed pro zlep\u0161en\u00ed zdrav\u00ed va\u0161ich vlas\u016f? <strong data-start=\"463\" data-end=\"481\">Vlasov\u00fd olej Tnerh<\/strong> je va\u0161\u00ed ide\u00e1ln\u00ed sm\u011bs\u00ed, pe\u010dliv\u011b nam\u00edchanou ze <strong data-start=\"526\" data-end=\"555\">studen\u011b lisovan\u00fdch p\u0159\u00edrodn\u00edch olej\u016f<\/strong> pro maxim\u00e1ln\u00ed p\u0159\u00ednos pro poko\u017eku hlavy a vlasy. A\u0165 u\u017e bojujete s suchost\u00ed, kade\u0159avost\u00ed, l\u00e1mavost\u00ed nebo vypad\u00e1v\u00e1n\u00edm vlas\u016f, tato bohat\u00e1 sm\u011bs hluboce vy\u017eivuje, posiluje a o\u017eivuje va\u0161e vlasy \u2013 p\u0159irozen\u011b.<\/p>\n<h3 data-start=\"761\" data-end=\"791\">Pro\u010d si vybrat vlasov\u00fd olej Tnerh?<\/h3>\n<p data-start=\"793\" data-end=\"947\">\u2714 <strong data-start=\"795\" data-end=\"832\">Posiluje vlasy od ko\u0159\u00ednk\u016f po kone\u010dky<\/strong><br data-start=\"832\" data-end=\"835\" \/>Nam\u00edchan\u00fd z oleje bohat\u00fdch na \u017eiviny, tato sm\u011bs zlep\u0161uje elasticitu vlas\u016f, sni\u017euje vypad\u00e1v\u00e1n\u00ed a podporuje r\u016fst.<\/p>\n<p data-start=\"949\" data-end=\"1065\">\u2714 <strong data-start=\"951\" data-end=\"982\">Obnovuje lesk a hebkost<\/strong><br data-start=\"982\" data-end=\"985\" \/>Uzamkne nezbytnou vlhkost, zanech\u00e1v\u00e1 vlasy hedv\u00e1bn\u00e9, leskl\u00e9 a snadno ovladateln\u00e9.<\/p>\n<p data-start=\"1067\" data-end=\"1199\">\u2714 <strong data-start=\"1069\" data-end=\"1104\">Sni\u017euje l\u00e1mavost a roz\u0161t\u011bpen\u00e9 kone\u010dky<\/strong><br data-start=\"1104\" data-end=\"1107\" \/>Opravuje po\u0161kozen\u00e9 vlasy a chr\u00e1n\u00ed je p\u0159ed teplem, chemik\u00e1liemi a environment\u00e1ln\u00edm stresem.<\/p>\n<p data-start=\"1201\" data-end=\"1334\">\u2714 <strong data-start=\"1203\" data-end=\"1239\">100% p\u0159\u00edrodn\u00ed a studen\u011b lisovan\u00e9 oleje<\/strong><br data-start=\"1239\" data-end=\"1242\" \/>Bez tepla nebo p\u0159\u00edsad \u2013 jen \u010dist\u00e9, nelisovan\u00e9 oleje pro zachov\u00e1n\u00ed pln\u00fdch l\u00e9\u010div\u00fdch vlastnost\u00ed.<\/p>\n<p data-start=\"1336\" data-end=\"1454\">\u2714 <strong data-start=\"1338\" data-end=\"1369\">Vhodn\u00fd pro v\u0161echny typy vlas\u016f<\/strong><br data-start=\"1369\" data-end=\"1372\" \/>Ide\u00e1ln\u00ed pro kudrnat\u00e9, rovn\u00e9, such\u00e9, mastn\u00e9, farben\u00e9 nebo chemicky upraven\u00e9 vlasy.<\/p>\n<h3 data-start=\"1461\" data-end=\"1505\">Kl\u00ed\u010dov\u00e9 p\u0159\u00edrodn\u00ed slo\u017eky a jejich p\u0159\u00ednosy<\/h3>\n<p data-start=\"1507\" data-end=\"1636\"><strong data-start=\"1507\" data-end=\"1521\">Olej z jojoby<\/strong><br data-start=\"1521\" data-end=\"1524\" \/>Vyva\u017euje p\u0159irozen\u00e9 oleje poko\u017eky hlavy, posiluje vlasov\u00fd stvol a zlep\u0161uje r\u016fst vlas\u016f \u010di\u0161t\u011bn\u00edm ucpan\u00fdch folikul\u016f.<\/p>\n<p data-start=\"1638\" data-end=\"1748\"><strong data-start=\"1638\" data-end=\"1653\">Kokosov\u00fd olej<\/strong><br data-start=\"1653\" data-end=\"1656\" \/>Hluboce hydratuje a chr\u00e1n\u00ed p\u0159ed ztr\u00e1tou protein\u016f, dod\u00e1v\u00e1 vlas\u016fm p\u0159irozen\u00fd lesk a hebkost.<\/p>\n<p data-start=\"1750\" data-end=\"1883\"><strong data-start=\"1750\" data-end=\"1774\">Olej z rukoly (rocket)<\/strong><br data-start=\"1774\" data-end=\"1777\" \/>Zn\u00e1m\u00fd v bylinn\u00fdch tradic\u00edch pro podporu r\u016fstu vlas\u016f, prevenci p\u0159ed\u010dasn\u00e9ho vypad\u00e1v\u00e1n\u00ed a stimulaci zdrav\u00ed poko\u017eky hlavy.<\/p>\n<p data-start=\"1885\" data-end=\"2010\"><strong data-start=\"1885\" data-end=\"1899\">Sezamov\u00fd olej<\/strong><br data-start=\"1899\" data-end=\"1902\" \/>Bohat\u00fd na vitamin E a antioxidanty, kter\u00e9 vy\u017eivuj\u00ed poko\u017eku hlavy, pom\u00e1haj\u00ed bojovat s lup\u00e9nkou a sni\u017euj\u00ed podr\u00e1\u017ed\u011bn\u00ed poko\u017eky hlavy.<\/p>\n<p data-start=\"2012\" data-end=\"2126\"><strong data-start=\"2012\" data-end=\"2026\">Ricinov\u00fd olej<\/strong><br data-start=\"2026\" data-end=\"2029\" \/>P\u0159irozen\u011b zahu\u0161\u0165uje vlasy, podporuje r\u016fst a uzamyk\u00e1 vlhkost pro pln\u011bj\u0161\u00ed, objemn\u011bj\u0161\u00ed vzhled.<\/p>\n<p data-start=\"2128\" data-end=\"2249\"><strong data-start=\"2128\" data-end=\"2143\">Ho\u0159\u010di\u010dn\u00fd olej<\/strong><br data-start=\"2143\" data-end=\"2146\" \/>Zlep\u0161uje cirkulaci poko\u017eky hlavy, posiluje ko\u0159\u00ednky a sni\u017euje vypad\u00e1v\u00e1n\u00ed vlas\u016f zp\u016fsoben\u00e9 \u0161patn\u00fdm pr\u016ftokem krve nebo stresem.<\/p>\n<h3 data-start=\"2256\" data-end=\"2285\">Jak pou\u017e\u00edvat vlasov\u00fd olej Tnerh<\/h3>\n<p data-start=\"2287\" data-end=\"2441\"><strong data-start=\"2287\" data-end=\"2310\">\u2714 Denn\u00ed v\u00fd\u017eiva<\/strong><br data-start=\"2310\" data-end=\"2313\" \/>Naneste mal\u00e9 mno\u017estv\u00ed oleje na kone\u010dky prst\u016f a jemn\u011b vmas\u00edrujte do poko\u017eky hlavy nebo naneste na such\u00e9 kone\u010dky vlas\u016f. U\u010de\u0161te podle libosti.<\/p>\n<p data-start=\"2443\" data-end=\"2593\"><strong data-start=\"2443\" data-end=\"2476\">\u2714 Hlubok\u00e1 kondiciona\u010dn\u00ed l\u00e9\u010dba<\/strong><br data-start=\"2476\" data-end=\"2479\" \/>Naneste hojn\u011b a nechte p\u016fsobit 1\u20132 hodiny (nebo p\u0159es noc pro intenzivn\u00ed v\u00fdsledky), pot\u00e9 opl\u00e1chn\u011bte nebo umyjte \u0161amponem jako obvykle.<\/p>\n<h3 data-start=\"2600\" data-end=\"2635\">Pr\u00e9miov\u00e1 kvalita \u2013 Vyrobeno v Egypt\u011b<\/h3>\n<p data-start=\"2637\" data-end=\"2836\">Vlasov\u00fd olej Tnerh je v lahvi\u010dce <strong data-start=\"2663\" data-end=\"2679\">120 ml<\/strong>, vyroben\u00fd pouze z <strong data-start=\"2701\" data-end=\"2743\">nejlep\u0161\u00edch egyptsk\u00fdch studen\u011b lisovan\u00fdch olej\u016f<\/strong>. Bez chemik\u00e1li\u00ed, paraben\u016f, silikon\u016f nebo miner\u00e1ln\u00edch olej\u016f \u2013 100% bezpe\u010dn\u00fd pro pravideln\u00e9 pou\u017eit\u00ed.<\/p>\n<p data-start=\"3044\" data-end=\"3188\"><strong data-start=\"3044\" data-end=\"3091\">Dejte sv\u00fdm vlas\u016fm p\u0159irozenou p\u00e9\u010di, kterou si zaslou\u017e\u00ed<\/strong><br data-start=\"3091\" data-end=\"3094\" \/>Objednejte si <strong data-start=\"3100\" data-end=\"3118\">vlasov\u00fd olej Tnerh<\/strong> nyn\u00ed a u\u017eijte si zdrav\u00e9, leskl\u00e9 a o\u017eiven\u00e9 vlasy \u2013 p\u0159irozenou cestou!<\/p>\n<p style=\"text-align: center;\">D\u011bkujeme za n\u00e1kup v <em data-start=\"415\" data-end=\"431\"><a href=\"https:\/\/bazaar.express\/\">Bazaar Express<\/a><\/em> \u2013 jsme nad\u0161en\u00ed, \u017ee jste u n\u00e1s!<\/p>\n<p style=\"text-align: center;\">Va\u0161e cesta k lep\u0161\u00ed p\u00e9\u010di o sebe za\u010d\u00edn\u00e1 zde \u2014 s <a href=\"https:\/\/bazaar.express\/product-category\/beauty-care\/\">Beauty &#038; Care<\/a>, kter\u00e9 si m\u016f\u017eete v\u011b\u0159it.<\/p>\n","protected":false},"excerpt":{"rendered":"<h3 data-start=\"508\" data-end=\"773\">Vlasov\u00fd olej je pr\u00e9miov\u00e1 egyptsk\u00e1 sm\u011bs studen\u011b lisovan\u00fdch jojobov\u00e9ho, kokosov\u00e9ho, rukolov\u00e9ho, sezamov\u00e9ho, ricinov\u00e9ho a ho\u0159\u010di\u010dn\u00e9ho oleje. Posiluje slab\u00e9 vlasy, zvy\u0161uje lesk, sni\u017euje l\u00e1mavost a hluboce vy\u017eivuje poko\u017eku hlavy. 100% p\u0159\u00edrodn\u00ed, bez chemik\u00e1li\u00ed a bezpe\u010dn\u00fd pro v\u0161echny typy vlas\u016f.<\/h3>\n","protected":false},"featured_media":35810,"comment_status":"open","ping_status":"closed","template":"","meta":[],"product_brand":[],"product_cat":[787,786,788],"product_tag":[781,790,783,793],"class_list":{"0":"post-35808","1":"product","2":"type-product","3":"status-publish","4":"has-post-thumbnail","6":"product_cat-terapeuticke-oleje","7":"product_cat-pece-o-krasu","8":"product_cat-to-nejlepsi-z-egypta","9":"product_tag-olej","10":"product_tag-pece-o-krasu","11":"product_tag-pece-o-plet","12":"product_tag-prirodni-olej","13":"pa_l-xl-120ml","15":"first","16":"instock","17":"sale","18":"shipping-taxable","19":"purchasable","20":"product-type-simple"},"_links":{"self":[{"href":"https:\/\/bazaar.express\/cs\/wp-json\/wp\/v2\/product\/35808","targetHints":{"allow":["GET"]}}],"collection":[{"href":"https:\/\/bazaar.express\/cs\/wp-json\/wp\/v2\/product"}],"about":[{"href":"https:\/\/bazaar.express\/cs\/wp-json\/wp\/v2\/types\/product"}],"replies":[{"embeddable":true,"href":"https:\/\/bazaar.express\/cs\/wp-json\/wp\/v2\/comments?post=35808"}],"wp:featuredmedia":[{"embeddable":true,"href":"https:\/\/bazaar.express\/cs\/wp-json\/wp\/v2\/media\/35810"}],"wp:attachment":[{"href":"https:\/\/bazaar.express\/cs\/wp-json\/wp\/v2\/media?parent=35808"}],"wp:term":[{"taxonomy":"product_brand","embeddable":true,"href":"https:\/\/bazaar.express\/cs\/wp-json\/wp\/v2\/product_brand?post=35808"},{"taxonomy":"product_cat","embeddable":true,"href":"https:\/\/bazaar.express\/cs\/wp-json\/wp\/v2\/product_cat?post=35808"},{"taxonomy":"product_tag","embeddable":true,"href":"https:\/\/bazaar.express\/cs\/wp-json\/wp\/v2\/product_tag?post=35808"}],"curies":[{"name":"wp","href":"https:\/\/api.w.org\/{rel}","templated":true}]}}